{"id":1000,"date":"2026-04-23T11:49:37","date_gmt":"2026-04-23T04:49:37","guid":{"rendered":"https:\/\/thamtraisanvanphong.com.vn\/?post_type=product&#038;p=1000"},"modified":"2026-04-23T11:51:00","modified_gmt":"2026-04-23T04:51:00","slug":"thamcaosutitan01","status":"publish","type":"product","link":"https:\/\/thamtraisanvanphong.com.vn\/?product=thamcaosutitan01","title":{"rendered":"Th\u1ea3m t\u1ea5m cao su Titan 01"},"content":{"rendered":"<h2 class=\"\" data-start=\"277\" data-end=\"400\"><strong data-start=\"280\" data-end=\"400\">Th\u1ea3m Tr\u1ea3i S\u00e0n D\u1ea1ng T\u1ea5m TITAN 01 | Thi\u1ebft K\u1ebf Ghi S\u1ecdc Hi\u1ec7n \u0110\u1ea1i \u2013 Gi\u1ea3i Ph\u00e1p T\u1ed1i \u01afu Cho Kh\u00f4ng Gian V\u0103n Ph\u00f2ng &amp; Th\u01b0\u01a1ng M\u1ea1i<\/strong><\/h2>\n<p class=\"\" data-start=\"402\" data-end=\"649\"><strong data-start=\"402\" data-end=\"414\">TITAN 01<\/strong>\u00a0l\u00e0 d\u00f2ng\u00a0<strong data-start=\"423\" data-end=\"443\">th\u1ea3m t\u1ea5m cao c\u1ea5p<\/strong>\u00a0thu\u1ed9c b\u1ed9 s\u01b0u t\u1eadp TITAN, s\u1edf h\u1eefu thi\u1ebft k\u1ebf\u00a0<strong data-start=\"484\" data-end=\"530\">v\u00e2n ghi \u0111\u1eadm \u2013 nh\u1ea1t \u0111an xen theo ph\u01b0\u01a1ng d\u1ecdc<\/strong>\u00a0hi\u1ec7n \u0111\u1ea1i, ph\u00f9 h\u1ee3p cho kh\u00f4ng gian l\u00e0m vi\u1ec7c chuy\u00ean nghi\u1ec7p, trung t\u00e2m th\u01b0\u01a1ng m\u1ea1i, showroom hay v\u0103n ph\u00f2ng d\u1ecbch v\u1ee5 cao c\u1ea5p.<\/p>\n<p class=\"\" data-start=\"651\" data-end=\"933\">S\u1ea3n ph\u1ea9m \u0111\u01b0\u1ee3c s\u1ea3n xu\u1ea5t tr\u00ean n\u1ec1n ch\u1ea5t li\u1ec7u\u00a0<strong data-start=\"693\" data-end=\"710\">s\u1ee3i PP b\u1ec1n b\u1ec9<\/strong>, v\u1edbi\u00a0<strong data-start=\"716\" data-end=\"733\">\u0111\u1ebf cao su PVC<\/strong>\u00a0ch\u1ed1ng \u1ea9m, ch\u1ed1ng tr\u01a1n, \u0111\u1ed9 \u1ed5n \u0111\u1ecbnh cao, thi c\u00f4ng linh ho\u1ea1t v\u1edbi k\u00edch th\u01b0\u1edbc\u00a0<strong data-start=\"806\" data-end=\"817\">50x50cm<\/strong>. TITAN 01 l\u00e0 l\u1ef1a ch\u1ecdn l\u00fd t\u01b0\u1edfng cho c\u00e1c d\u1ef1 \u00e1n c\u1ea7n \u0111\u1ea3m b\u1ea3o\u00a0<strong data-start=\"875\" data-end=\"932\">\u0111\u1ed9 b\u1ec1n, kh\u1ea3 n\u0103ng ch\u1ecbu t\u1ea3i cao v\u00e0 t\u00ednh th\u1ea9m m\u1ef9 l\u00e2u d\u00e0i<\/strong>.<\/p>\n<h3 data-start=\"940\" data-end=\"983\"><\/h3>\n<h3 class=\"\" data-start=\"940\" data-end=\"983\">\u00a0<strong data-start=\"946\" data-end=\"983\">\u01afu \u0111i\u1ec3m n\u1ed5i b\u1eadt c\u1ee7a th\u1ea3m TITAN 01<\/strong><\/h3>\n<ul data-start=\"985\" data-end=\"1619\">\n<li class=\"\" data-start=\"985\" data-end=\"1114\">\n<p class=\"\" data-start=\"987\" data-end=\"1114\"><strong data-start=\"987\" data-end=\"1044\">T\u00f4ng m\u00e0u ghi hi\u1ec7n \u0111\u1ea1i \u2013 ph\u1ed1i v\u00e2n \u0111an s\u00e1ng t\u1ed1i h\u00e0i h\u00f2a<\/strong>, t\u1ea1o c\u1ea3m gi\u00e1c m\u1edf r\u1ed9ng kh\u00f4ng gian v\u00e0 tinh t\u1ebf trong thi\u1ebft k\u1ebf n\u1ed9i th\u1ea5t<\/p>\n<\/li>\n<li class=\"\" data-start=\"1115\" data-end=\"1193\">\n<p class=\"\" data-start=\"1117\" data-end=\"1193\"><strong data-start=\"1117\" data-end=\"1145\">Ch\u1ea5t li\u1ec7u s\u1ee3i PP cao c\u1ea5p<\/strong>, b\u1ec1n m\u00e0u, ch\u1ed1ng x\u00f9, d\u1ec5 v\u1ec7 sinh v\u00e0 kh\u00e1ng khu\u1ea9n<\/p>\n<\/li>\n<li class=\"\" data-start=\"1194\" data-end=\"1306\">\n<p class=\"\" data-start=\"1196\" data-end=\"1306\"><strong data-start=\"1196\" data-end=\"1220\">M\u1eadt \u0111\u1ed9 s\u1ee3i 650 gr\/m\u00b2<\/strong>\u00a0\u2013 \u0111\u1ea3m b\u1ea3o \u0111\u1ed9 \u0111\u00e0n h\u1ed3i v\u00e0 kh\u1ea3 n\u0103ng ch\u1ecbu l\u1ef1c t\u1ed1t trong m\u00f4i tr\u01b0\u1eddng s\u1eed d\u1ee5ng th\u01b0\u1eddng xuy\u00ean<\/p>\n<\/li>\n<li class=\"\" data-start=\"1307\" data-end=\"1416\">\n<p class=\"\" data-start=\"1309\" data-end=\"1416\"><strong data-start=\"1309\" data-end=\"1334\">\u0110\u1ebf cao su PVC cao c\u1ea5p<\/strong>\u00a0\u2013 ch\u1ed1ng tr\u01a1n tr\u01b0\u1ee3t, h\u1ea1n ch\u1ebf \u1ea9m m\u1ed1c, gi\u1eef form b\u1ec1 m\u1eb7t \u1ed5n \u0111\u1ecbnh trong th\u1eddi gian d\u00e0i<\/p>\n<\/li>\n<li class=\"\" data-start=\"1417\" data-end=\"1520\">\n<p class=\"\" data-start=\"1419\" data-end=\"1520\"><strong data-start=\"1419\" data-end=\"1452\">C\u1ea5u tr\u00fac s\u1ee3i v\u00f2ng (loop pile)<\/strong>\u00a0\u2013 mang l\u1ea1i c\u1ea3m gi\u00e1c \u00eam \u00e1i khi di chuy\u1ec3n v\u00e0 gi\u1ea3m ti\u1ebfng \u1ed3n hi\u1ec7u qu\u1ea3<\/p>\n<\/li>\n<li class=\"\" data-start=\"1521\" data-end=\"1619\">\n<p class=\"\" data-start=\"1523\" data-end=\"1619\"><strong data-start=\"1523\" data-end=\"1543\">D\u1ea1ng t\u1ea5m 50x50cm<\/strong>\u00a0\u2013 thu\u1eadn ti\u1ec7n thi c\u00f4ng, d\u1ec5 d\u00e0ng thay th\u1ebf t\u1eebng \u00f4 khi c\u1ea7n b\u1ea3o tr\u00ec ho\u1eb7c \u0111\u1ed5i m\u1edbi<\/p>\n<\/li>\n<li class=\"\" data-start=\"1521\" data-end=\"1619\">\n<p class=\"\" data-start=\"1523\" data-end=\"1619\"><span style=\"font-size: 20.16px; color: #333333;\">\u00a0<\/span><strong style=\"font-size: 20.16px; color: #333333;\" data-start=\"1942\" data-end=\"1963\">\u1ee8ng d\u1ee5ng l\u00fd t\u01b0\u1edfng<\/strong><\/p>\n<\/li>\n<\/ul>\n<p>&nbsp;<\/p>\n<p>&nbsp;<\/p>\n<p>&nbsp;<\/p>\n<ul data-start=\"1965\" data-end=\"2191\">\n<li class=\"\" data-start=\"1965\" data-end=\"2020\">\n<p class=\"\" data-start=\"1967\" data-end=\"2020\">V\u0103n ph\u00f2ng l\u00e0m vi\u1ec7c chuy\u00ean nghi\u1ec7p, t\u00f2a nh\u00e0 \u0111i\u1ec1u h\u00e0nh<\/p>\n<\/li>\n<li class=\"\" data-start=\"2021\" data-end=\"2080\">\n<p class=\"\" data-start=\"2023\" data-end=\"2080\">Trung t\u00e2m th\u01b0\u01a1ng m\u1ea1i, s\u1ea3nh \u0111\u00f3n kh\u00e1ch, h\u00e0nh lang k\u1ebft n\u1ed1i<\/p>\n<\/li>\n<li class=\"\" data-start=\"2081\" data-end=\"2139\">\n<p class=\"\" data-start=\"2083\" data-end=\"2139\">Showroom tr\u01b0ng b\u00e0y, ph\u00f2ng h\u1ecdp, ph\u00f2ng t\u01b0 v\u1ea5n kh\u00e1ch h\u00e0ng<\/p>\n<\/li>\n<li class=\"\" data-start=\"2140\" data-end=\"2191\">\n<p class=\"\" data-start=\"2142\" data-end=\"2191\">Khu c\u0103n h\u1ed9 d\u1ecbch v\u1ee5, khu v\u1ef1c ti\u1ebfp kh\u00e1ch, ph\u00f2ng ch\u1edd<\/p>\n<\/li>\n<\/ul>\n","protected":false},"excerpt":{"rendered":"<h3 class=\"\" data-start=\"1626\" data-end=\"1663\">\u00a0<strong data-start=\"1633\" data-end=\"1663\">Th\u00f4ng s\u1ed1 k\u1ef9 thu\u1eadt s\u1ea3n ph\u1ea9m<\/strong><\/h3>\n<ul data-start=\"1665\" data-end=\"1928\">\n<li class=\"\" data-start=\"1665\" data-end=\"1694\">\n<p class=\"\" data-start=\"1667\" data-end=\"1694\"><strong data-start=\"1667\" data-end=\"1682\">M\u00e3 s\u1ea3n ph\u1ea9m<\/strong>: TITAN 01<\/p>\n<\/li>\n<li class=\"\" data-start=\"1695\" data-end=\"1730\">\n<p class=\"\" data-start=\"1697\" data-end=\"1730\"><strong data-start=\"1697\" data-end=\"1715\">K\u00edch th\u01b0\u1edbc t\u1ea5m<\/strong>: 50cm x 50cm<\/p>\n<\/li>\n<li class=\"\" data-start=\"1731\" data-end=\"1772\">\n<p class=\"\" data-start=\"1733\" data-end=\"1772\"><strong data-start=\"1733\" data-end=\"1750\">Ch\u1ea5t li\u1ec7u s\u1ee3i<\/strong>: Polypropylene (PP)<\/p>\n<\/li>\n<li class=\"\" data-start=\"1773\" data-end=\"1802\">\n<p class=\"\" data-start=\"1775\" data-end=\"1802\"><strong data-start=\"1775\" data-end=\"1789\">M\u1eadt \u0111\u1ed9 s\u1ee3i<\/strong>: 650 gr\/m\u00b2<\/p>\n<\/li>\n<li class=\"\" data-start=\"1803\" data-end=\"1842\">\n<p class=\"\" data-start=\"1805\" data-end=\"1842\"><strong data-start=\"1805\" data-end=\"1828\">T\u1ed5ng chi\u1ec1u cao th\u1ea3m<\/strong>: 6 \u00b1 0.5 mm<\/p>\n<\/li>\n<li class=\"\" data-start=\"1843\" data-end=\"1881\">\n<p class=\"\" data-start=\"1845\" data-end=\"1881\"><strong data-start=\"1845\" data-end=\"1857\">Ki\u1ec3u s\u1ee3i<\/strong>: S\u1ee3i v\u00f2ng (loop pile)<\/p>\n<\/li>\n<li class=\"\" data-start=\"1882\" data-end=\"1928\">\n<p class=\"\" data-start=\"1884\" data-end=\"1928\"><strong data-start=\"1884\" data-end=\"1895\">\u0110\u1ebf th\u1ea3m<\/strong>: Cao su PVC ch\u1ed1ng tr\u01a1n, kh\u00e1ng \u1ea9m<\/p>\n<\/li>\n<\/ul>\n","protected":false},"featured_media":1008,"comment_status":"open","ping_status":"closed","template":"","meta":[],"product_cat":[59,247],"product_tag":[242,243,244,245],"class_list":{"0":"post-1000","1":"product","2":"type-product","3":"status-publish","4":"has-post-thumbnail","6":"product_cat-chua-phan-loai","7":"product_cat-tham-tam-titan","8":"product_tag-tham-de-pvc-cao-cap","9":"product_tag-tham-soi-vong-polypropylene","10":"product_tag-tham-tam-van-phong-50x50","11":"product_tag-tham-trai-san-titan-01","13":"first","14":"instock","15":"sale","16":"shipping-taxable","17":"purchasable","18":"product-type-simple"},"yoast_head":"<!-- This site is optimized with the Yoast SEO Premium plugin v20.12 (Yoast SEO v20.12) - https:\/\/yoast.com\/wordpress\/plugins\/seo\/ -->\n<title>Th\u1ea3m t\u1ea5m cao su Titan 01 gi\u00e1 r\u1ebb h\u00e0ng \u0111\u1ea7u mi\u1ec1n B\u1eafc<\/title>\n<meta name=\"description\" content=\"Th\u1ea3m \u0111\u1ebf cao su titan 01 l\u00e0 s\u1ea3n ph\u1ea9m cao c\u1ea5p \u0111em l\u1ea1i tr\u1ea3i nghi\u1ec7m ho\u00e0n to\u00e0n m\u1edbi cho v\u0103n ph\u00f2ng, c\u00f4ng s\u1edf b\u1edfi ch\u1ea5t li\u1ec7u si\u00eau b\u1ec1n, d\u1ec5 d\u00e0ng l\u1eafp \u0111\u1eb7t v\u00e0 thay th\u1ebf\" \/>\n<meta name=\"robots\" content=\"index, follow, max-snippet:-1, max-image-preview:large, max-video-preview:-1\" \/>\n<link rel=\"canonical\" href=\"https:\/\/thamtraisanvanphong.com.vn\/?product=thamcaosutitan01\" \/>\n<meta property=\"og:locale\" content=\"vi_VN\" \/>\n<meta property=\"og:type\" content=\"article\" \/>\n<meta property=\"og:title\" content=\"Th\u1ea3m t\u1ea5m cao su Titan 01\" \/>\n<meta property=\"og:description\" content=\"Th\u1ea3m \u0111\u1ebf cao su titan 01 l\u00e0 s\u1ea3n ph\u1ea9m cao c\u1ea5p \u0111em l\u1ea1i tr\u1ea3i nghi\u1ec7m ho\u00e0n to\u00e0n m\u1edbi cho v\u0103n ph\u00f2ng, c\u00f4ng s\u1edf b\u1edfi ch\u1ea5t li\u1ec7u si\u00eau b\u1ec1n, d\u1ec5 d\u00e0ng l\u1eafp \u0111\u1eb7t v\u00e0 thay th\u1ebf\" \/>\n<meta property=\"og:url\" content=\"https:\/\/thamtraisanvanphong.com.vn\/?product=thamcaosutitan01\" \/>\n<meta property=\"og:site_name\" content=\"Thamtraisan\" \/>\n<meta property=\"article:modified_time\" content=\"2026-04-23T04:51:00+00:00\" \/>\n<meta property=\"og:image\" content=\"https:\/\/thamtraisanvanphong.com.vn\/wp-content\/uploads\/2026\/04\/Tham-tam-titan01.png\" \/>\n\t<meta property=\"og:image:width\" content=\"687\" \/>\n\t<meta property=\"og:image:height\" content=\"651\" \/>\n\t<meta property=\"og:image:type\" content=\"image\/png\" \/>\n<meta name=\"twitter:card\" content=\"summary_large_image\" \/>\n<meta name=\"twitter:label1\" content=\"\u01af\u1edbc t\u00ednh th\u1eddi gian \u0111\u1ecdc\" \/>\n\t<meta name=\"twitter:data1\" content=\"2 ph\u00fat\" \/>\n<script type=\"application\/ld+json\" class=\"yoast-schema-graph\">{\"@context\":\"https:\/\/schema.org\",\"@graph\":[{\"@type\":\"WebPage\",\"@id\":\"https:\/\/thamtraisanvanphong.com.vn\/?product=thamcaosutitan01\",\"url\":\"https:\/\/thamtraisanvanphong.com.vn\/?product=thamcaosutitan01\",\"name\":\"Th\u1ea3m t\u1ea5m cao su Titan 01 gi\u00e1 r\u1ebb h\u00e0ng \u0111\u1ea7u mi\u1ec1n B\u1eafc\",\"isPartOf\":{\"@id\":\"https:\/\/thamtraisanvanphong.com.vn\/#website\"},\"datePublished\":\"2026-04-23T04:49:37+00:00\",\"dateModified\":\"2026-04-23T04:51:00+00:00\",\"description\":\"Th\u1ea3m \u0111\u1ebf cao su titan 01 l\u00e0 s\u1ea3n ph\u1ea9m cao c\u1ea5p \u0111em l\u1ea1i tr\u1ea3i nghi\u1ec7m ho\u00e0n to\u00e0n m\u1edbi cho v\u0103n ph\u00f2ng, c\u00f4ng s\u1edf b\u1edfi ch\u1ea5t li\u1ec7u si\u00eau b\u1ec1n, d\u1ec5 d\u00e0ng l\u1eafp \u0111\u1eb7t v\u00e0 thay th\u1ebf\",\"breadcrumb\":{\"@id\":\"https:\/\/thamtraisanvanphong.com.vn\/?product=thamcaosutitan01#breadcrumb\"},\"inLanguage\":\"vi\",\"potentialAction\":[{\"@type\":\"ReadAction\",\"target\":[\"https:\/\/thamtraisanvanphong.com.vn\/?product=thamcaosutitan01\"]}]},{\"@type\":\"BreadcrumbList\",\"@id\":\"https:\/\/thamtraisanvanphong.com.vn\/?product=thamcaosutitan01#breadcrumb\",\"itemListElement\":[{\"@type\":\"ListItem\",\"position\":1,\"name\":\"Home\",\"item\":\"https:\/\/thamtraisanvanphong.com.vn\/\"},{\"@type\":\"ListItem\",\"position\":2,\"name\":\"C\u1eeda h\u00e0ng\",\"item\":\"https:\/\/thamtraisanvanphong.com.vn\/?page_id=10\"},{\"@type\":\"ListItem\",\"position\":3,\"name\":\"Th\u1ea3m t\u1ea5m cao su Titan 01\"}]},{\"@type\":\"WebSite\",\"@id\":\"https:\/\/thamtraisanvanphong.com.vn\/#website\",\"url\":\"https:\/\/thamtraisanvanphong.com.vn\/\",\"name\":\"Thamtraisan\",\"description\":\"Thamtraisangiare\",\"potentialAction\":[{\"@type\":\"SearchAction\",\"target\":{\"@type\":\"EntryPoint\",\"urlTemplate\":\"https:\/\/thamtraisanvanphong.com.vn\/?s={search_term_string}\"},\"query-input\":\"required name=search_term_string\"}],\"inLanguage\":\"vi\"}]}<\/script>\n<!-- \/ Yoast SEO Premium plugin. -->","yoast_head_json":{"title":"Th\u1ea3m t\u1ea5m cao su Titan 01 gi\u00e1 r\u1ebb h\u00e0ng \u0111\u1ea7u mi\u1ec1n B\u1eafc","description":"Th\u1ea3m \u0111\u1ebf cao su titan 01 l\u00e0 s\u1ea3n ph\u1ea9m cao c\u1ea5p \u0111em l\u1ea1i tr\u1ea3i nghi\u1ec7m ho\u00e0n to\u00e0n m\u1edbi cho v\u0103n ph\u00f2ng, c\u00f4ng s\u1edf b\u1edfi ch\u1ea5t li\u1ec7u si\u00eau b\u1ec1n, d\u1ec5 d\u00e0ng l\u1eafp \u0111\u1eb7t v\u00e0 thay th\u1ebf","robots":{"index":"index","follow":"follow","max-snippet":"max-snippet:-1","max-image-preview":"max-image-preview:large","max-video-preview":"max-video-preview:-1"},"canonical":"https:\/\/thamtraisanvanphong.com.vn\/?product=thamcaosutitan01","og_locale":"vi_VN","og_type":"article","og_title":"Th\u1ea3m t\u1ea5m cao su Titan 01","og_description":"Th\u1ea3m \u0111\u1ebf cao su titan 01 l\u00e0 s\u1ea3n ph\u1ea9m cao c\u1ea5p \u0111em l\u1ea1i tr\u1ea3i nghi\u1ec7m ho\u00e0n to\u00e0n m\u1edbi cho v\u0103n ph\u00f2ng, c\u00f4ng s\u1edf b\u1edfi ch\u1ea5t li\u1ec7u si\u00eau b\u1ec1n, d\u1ec5 d\u00e0ng l\u1eafp \u0111\u1eb7t v\u00e0 thay th\u1ebf","og_url":"https:\/\/thamtraisanvanphong.com.vn\/?product=thamcaosutitan01","og_site_name":"Thamtraisan","article_modified_time":"2026-04-23T04:51:00+00:00","og_image":[{"url":"https:\/\/thamtraisanvanphong.com.vn\/wp-content\/uploads\/2026\/04\/Tham-tam-titan01.png","width":687,"height":651,"type":"image\/png"}],"twitter_card":"summary_large_image","twitter_misc":{"\u01af\u1edbc t\u00ednh th\u1eddi gian \u0111\u1ecdc":"2 ph\u00fat"},"schema":{"@context":"https:\/\/schema.org","@graph":[{"@type":"WebPage","@id":"https:\/\/thamtraisanvanphong.com.vn\/?product=thamcaosutitan01","url":"https:\/\/thamtraisanvanphong.com.vn\/?product=thamcaosutitan01","name":"Th\u1ea3m t\u1ea5m cao su Titan 01 gi\u00e1 r\u1ebb h\u00e0ng \u0111\u1ea7u mi\u1ec1n B\u1eafc","isPartOf":{"@id":"https:\/\/thamtraisanvanphong.com.vn\/#website"},"datePublished":"2026-04-23T04:49:37+00:00","dateModified":"2026-04-23T04:51:00+00:00","description":"Th\u1ea3m \u0111\u1ebf cao su titan 01 l\u00e0 s\u1ea3n ph\u1ea9m cao c\u1ea5p \u0111em l\u1ea1i tr\u1ea3i nghi\u1ec7m ho\u00e0n to\u00e0n m\u1edbi cho v\u0103n ph\u00f2ng, c\u00f4ng s\u1edf b\u1edfi ch\u1ea5t li\u1ec7u si\u00eau b\u1ec1n, d\u1ec5 d\u00e0ng l\u1eafp \u0111\u1eb7t v\u00e0 thay th\u1ebf","breadcrumb":{"@id":"https:\/\/thamtraisanvanphong.com.vn\/?product=thamcaosutitan01#breadcrumb"},"inLanguage":"vi","potentialAction":[{"@type":"ReadAction","target":["https:\/\/thamtraisanvanphong.com.vn\/?product=thamcaosutitan01"]}]},{"@type":"BreadcrumbList","@id":"https:\/\/thamtraisanvanphong.com.vn\/?product=thamcaosutitan01#breadcrumb","itemListElement":[{"@type":"ListItem","position":1,"name":"Home","item":"https:\/\/thamtraisanvanphong.com.vn\/"},{"@type":"ListItem","position":2,"name":"C\u1eeda h\u00e0ng","item":"https:\/\/thamtraisanvanphong.com.vn\/?page_id=10"},{"@type":"ListItem","position":3,"name":"Th\u1ea3m t\u1ea5m cao su Titan 01"}]},{"@type":"WebSite","@id":"https:\/\/thamtraisanvanphong.com.vn\/#website","url":"https:\/\/thamtraisanvanphong.com.vn\/","name":"Thamtraisan","description":"Thamtraisangiare","potentialAction":[{"@type":"SearchAction","target":{"@type":"EntryPoint","urlTemplate":"https:\/\/thamtraisanvanphong.com.vn\/?s={search_term_string}"},"query-input":"required name=search_term_string"}],"inLanguage":"vi"}]}},"_links":{"self":[{"href":"https:\/\/thamtraisanvanphong.com.vn\/index.php?rest_route=\/wp\/v2\/product\/1000","targetHints":{"allow":["GET"]}}],"collection":[{"href":"https:\/\/thamtraisanvanphong.com.vn\/index.php?rest_route=\/wp\/v2\/product"}],"about":[{"href":"https:\/\/thamtraisanvanphong.com.vn\/index.php?rest_route=\/wp\/v2\/types\/product"}],"replies":[{"embeddable":true,"href":"https:\/\/thamtraisanvanphong.com.vn\/index.php?rest_route=%2Fwp%2Fv2%2Fcomments&post=1000"}],"wp:featuredmedia":[{"embeddable":true,"href":"https:\/\/thamtraisanvanphong.com.vn\/index.php?rest_route=\/wp\/v2\/media\/1008"}],"wp:attachment":[{"href":"https:\/\/thamtraisanvanphong.com.vn\/index.php?rest_route=%2Fwp%2Fv2%2Fmedia&parent=1000"}],"wp:term":[{"taxonomy":"product_cat","embeddable":true,"href":"https:\/\/thamtraisanvanphong.com.vn\/index.php?rest_route=%2Fwp%2Fv2%2Fproduct_cat&post=1000"},{"taxonomy":"product_tag","embeddable":true,"href":"https:\/\/thamtraisanvanphong.com.vn\/index.php?rest_route=%2Fwp%2Fv2%2Fproduct_tag&post=1000"}],"curies":[{"name":"wp","href":"https:\/\/api.w.org\/{rel}","templated":true}]}}