{"id":770,"date":"2026-04-10T11:03:53","date_gmt":"2026-04-10T04:03:53","guid":{"rendered":"https:\/\/thamtraisanvanphong.com.vn\/?product=tham-trai-san-onelop-1151"},"modified":"2026-04-10T11:03:53","modified_gmt":"2026-04-10T04:03:53","slug":"tham-trai-san-onelop-1151","status":"publish","type":"product","link":"https:\/\/thamtraisanvanphong.com.vn\/?product=tham-trai-san-onelop-1151","title":{"rendered":"Th\u1ea3m tr\u1ea3i s\u00e0n onelop 1151"},"content":{"rendered":"<p>Th\u1ea3m Tr\u1ea3i S\u00e0n ONE LOOP l\u00e0 d\u00f2ng th\u1ea3m cu\u1ed9n nh\u1eadp kh\u1ea9u tr\u1ef1c ti\u1ebfp t\u1eeb Malaysia m\u1ed9t m\u00e0u c\u01a1 b\u1ea3n v\u1edbi c\u1ea5u tr\u00fac s\u1ee3i loop, \u0111\u01b0\u1ee3c s\u1eed d\u1ee5ng r\u1ed9ng r\u00e3i cho kh\u1ed1i v\u0103n ph\u00f2ng. S\u1ea3n ph\u1ea9m \u0111\u00e3 \u0111\u01b0\u1ee3c t\u0103ng m\u1eadt \u0111\u1ed9 s\u1ee3i, c\u0169ng nh\u01b0 \u0111\u00e3 \u0111\u01b0\u1ee3c s\u1eed d\u1ee5ng \u0111\u1ebf Action Back [\u2026] \u0111\u1ea3m b\u1ea3o cho c\u00e1c v\u1ebft n\u1ed1i th\u1ea3m lu\u00f4n li\u1ec1n m\u1ea1ch, kh\u00f4ng s\u1ed5 s\u1ee3i. Ch\u1ea5t l\u01b0\u1ee3ng s\u1ea3n ph\u1ea9m \u0111\u00e3 \u0111\u01b0\u1ee3c \u0111\u1eb7t \u1edf m\u1ee9c cao h\u01a1n, kh\u00f4ng g\u1eb7p t\u00ecnh tr\u1ea1ng r\u1ee5ng \u0111\u1ebf hay h\u1edf s\u1ee3i nh\u01b0 c\u00e1c d\u00f2ng th\u1ea3m ch\u1ea5t l\u01b0\u1ee3ng k\u00e9m kh\u00e1c tr\u00f4i n\u1ed5i tr\u00ean th\u1ecb tr\u01b0\u1eddng. Th\u1ea3m onelop \u0111\u01b0\u1ee3c ph\u00e2n ph\u1ed1i b\u1edfi thamtraisanvanphong.com.vn HL0934483472<\/p>\n","protected":false},"excerpt":{"rendered":"<p>Lo\u1ea1i s\u1ee3i Polypropylene.<\/p>\n<p>Gauge 1\/10.<\/p>\n<p>C\u1ea5u tr\u00fac s\u1ee3i Loop Pile.<\/p>\n<p>Chi\u1ec1u cao s\u1ee3i 3.50 mm.<\/p>\n<p>T\u1ed5ng \u0111\u1ed9 d\u00e0y 6.50 mm.<\/p>\n<p>Tr\u1ecdng l\u01b0\u1ee3ng s\u1ee3i 390 gram\/M2.<\/p>\n<p>T\u1ed5ng tr\u1ecdng l\u01b0\u1ee3ng 1600 gram\/M2.<\/p>\n<p>Chu\u1ea9n ch\u1ed1ng ch\u00e1y Kh\u00f4ng.<\/p>\n<p>Kh\u1eed t\u0129nh \u0111i\u1ec7n v\u0129nh vi\u1ec5n Kh\u00f4ng.<\/p>\n<p>Size 3.66M \/ 4M.<\/p>\n<p>Chu\u1ea9n an to\u00e0n kh\u00f4ng kh\u00ed\u0301 Kh\u00f4ng.<\/p>\n","protected":false},"featured_media":703,"comment_status":"open","ping_status":"closed","template":"","meta":[],"product_cat":[65,64],"product_tag":[70,71,84,69,68,67],"class_list":{"0":"post-770","1":"product","2":"type-product","3":"status-publish","4":"has-post-thumbnail","6":"product_cat-tham-cuon","7":"product_cat-tham-van-phong","8":"product_tag-tham-indo","9":"product_tag-tham-thai-lan","10":"product_tag-tham-trai-san-onelop-1151","11":"product_tag-tham1-mau","12":"product_tag-thamcuon","13":"product_tag-thamvanphong","15":"first","16":"instock","17":"sale","18":"shipping-taxable","19":"purchasable","20":"product-type-simple"},"yoast_head":"<!-- This site is optimized with the Yoast SEO Premium plugin v20.12 (Yoast SEO v20.12) - https:\/\/yoast.com\/wordpress\/plugins\/seo\/ -->\n<title>Th\u1ea3m tr\u1ea3i s\u00e0n onelop 1151 - Thamtraisan<\/title>\n<meta name=\"robots\" content=\"index, follow, max-snippet:-1, max-image-preview:large, max-video-preview:-1\" \/>\n<link rel=\"canonical\" href=\"https:\/\/thamtraisanvanphong.com.vn\/?product=tham-trai-san-onelop-1151\" \/>\n<meta property=\"og:locale\" content=\"vi_VN\" \/>\n<meta property=\"og:type\" content=\"article\" \/>\n<meta property=\"og:title\" content=\"Th\u1ea3m tr\u1ea3i s\u00e0n onelop 1151\" \/>\n<meta property=\"og:description\" content=\"Lo\u1ea1i s\u1ee3i Polypropylene. Gauge 1\/10. C\u1ea5u tr\u00fac s\u1ee3i Loop Pile. Chi\u1ec1u cao s\u1ee3i 3.50 mm. T\u1ed5ng \u0111\u1ed9 d\u00e0y 6.50 mm. Tr\u1ecdng l\u01b0\u1ee3ng s\u1ee3i 390 gram\/M2. T\u1ed5ng tr\u1ecdng l\u01b0\u1ee3ng 1600 gram\/M2. Chu\u1ea9n ch\u1ed1ng ch\u00e1y Kh\u00f4ng. Kh\u1eed t\u0129nh \u0111i\u1ec7n v\u0129nh vi\u1ec5n Kh\u00f4ng. Size 3.66M \/ 4M. Chu\u1ea9n an to\u00e0n kh\u00f4ng kh\u00ed\u0301 Kh\u00f4ng.\" \/>\n<meta property=\"og:url\" content=\"https:\/\/thamtraisanvanphong.com.vn\/?product=tham-trai-san-onelop-1151\" \/>\n<meta property=\"og:site_name\" content=\"Thamtraisan\" \/>\n<meta property=\"og:image\" content=\"https:\/\/thamtraisanvanphong.com.vn\/wp-content\/uploads\/2026\/04\/tham-trai-san-one-loop-1151.jpg\" \/>\n\t<meta property=\"og:image:width\" content=\"600\" \/>\n\t<meta property=\"og:image:height\" content=\"337\" \/>\n\t<meta property=\"og:image:type\" content=\"image\/jpeg\" \/>\n<meta name=\"twitter:card\" content=\"summary_large_image\" \/>\n<meta name=\"twitter:label1\" content=\"\u01af\u1edbc t\u00ednh th\u1eddi gian \u0111\u1ecdc\" \/>\n\t<meta name=\"twitter:data1\" content=\"1 ph\u00fat\" \/>\n<script type=\"application\/ld+json\" class=\"yoast-schema-graph\">{\"@context\":\"https:\/\/schema.org\",\"@graph\":[{\"@type\":\"WebPage\",\"@id\":\"https:\/\/thamtraisanvanphong.com.vn\/?product=tham-trai-san-onelop-1151\",\"url\":\"https:\/\/thamtraisanvanphong.com.vn\/?product=tham-trai-san-onelop-1151\",\"name\":\"Th\u1ea3m tr\u1ea3i s\u00e0n onelop 1151 - Thamtraisan\",\"isPartOf\":{\"@id\":\"https:\/\/thamtraisanvanphong.com.vn\/#website\"},\"datePublished\":\"2026-04-10T04:03:53+00:00\",\"dateModified\":\"2026-04-10T04:03:53+00:00\",\"breadcrumb\":{\"@id\":\"https:\/\/thamtraisanvanphong.com.vn\/?product=tham-trai-san-onelop-1151#breadcrumb\"},\"inLanguage\":\"vi\",\"potentialAction\":[{\"@type\":\"ReadAction\",\"target\":[\"https:\/\/thamtraisanvanphong.com.vn\/?product=tham-trai-san-onelop-1151\"]}]},{\"@type\":\"BreadcrumbList\",\"@id\":\"https:\/\/thamtraisanvanphong.com.vn\/?product=tham-trai-san-onelop-1151#breadcrumb\",\"itemListElement\":[{\"@type\":\"ListItem\",\"position\":1,\"name\":\"Home\",\"item\":\"https:\/\/thamtraisanvanphong.com.vn\/\"},{\"@type\":\"ListItem\",\"position\":2,\"name\":\"C\u1eeda h\u00e0ng\",\"item\":\"https:\/\/thamtraisanvanphong.com.vn\/?page_id=10\"},{\"@type\":\"ListItem\",\"position\":3,\"name\":\"Th\u1ea3m tr\u1ea3i s\u00e0n onelop 1151\"}]},{\"@type\":\"WebSite\",\"@id\":\"https:\/\/thamtraisanvanphong.com.vn\/#website\",\"url\":\"https:\/\/thamtraisanvanphong.com.vn\/\",\"name\":\"Thamtraisan\",\"description\":\"Thamtraisangiare\",\"potentialAction\":[{\"@type\":\"SearchAction\",\"target\":{\"@type\":\"EntryPoint\",\"urlTemplate\":\"https:\/\/thamtraisanvanphong.com.vn\/?s={search_term_string}\"},\"query-input\":\"required name=search_term_string\"}],\"inLanguage\":\"vi\"}]}<\/script>\n<!-- \/ Yoast SEO Premium plugin. -->","yoast_head_json":{"title":"Th\u1ea3m tr\u1ea3i s\u00e0n onelop 1151 - Thamtraisan","robots":{"index":"index","follow":"follow","max-snippet":"max-snippet:-1","max-image-preview":"max-image-preview:large","max-video-preview":"max-video-preview:-1"},"canonical":"https:\/\/thamtraisanvanphong.com.vn\/?product=tham-trai-san-onelop-1151","og_locale":"vi_VN","og_type":"article","og_title":"Th\u1ea3m tr\u1ea3i s\u00e0n onelop 1151","og_description":"Lo\u1ea1i s\u1ee3i Polypropylene. Gauge 1\/10. C\u1ea5u tr\u00fac s\u1ee3i Loop Pile. Chi\u1ec1u cao s\u1ee3i 3.50 mm. T\u1ed5ng \u0111\u1ed9 d\u00e0y 6.50 mm. Tr\u1ecdng l\u01b0\u1ee3ng s\u1ee3i 390 gram\/M2. T\u1ed5ng tr\u1ecdng l\u01b0\u1ee3ng 1600 gram\/M2. Chu\u1ea9n ch\u1ed1ng ch\u00e1y Kh\u00f4ng. Kh\u1eed t\u0129nh \u0111i\u1ec7n v\u0129nh vi\u1ec5n Kh\u00f4ng. Size 3.66M \/ 4M. Chu\u1ea9n an to\u00e0n kh\u00f4ng kh\u00ed\u0301 Kh\u00f4ng.","og_url":"https:\/\/thamtraisanvanphong.com.vn\/?product=tham-trai-san-onelop-1151","og_site_name":"Thamtraisan","og_image":[{"width":600,"height":337,"url":"https:\/\/thamtraisanvanphong.com.vn\/wp-content\/uploads\/2026\/04\/tham-trai-san-one-loop-1151.jpg","type":"image\/jpeg"}],"twitter_card":"summary_large_image","twitter_misc":{"\u01af\u1edbc t\u00ednh th\u1eddi gian \u0111\u1ecdc":"1 ph\u00fat"},"schema":{"@context":"https:\/\/schema.org","@graph":[{"@type":"WebPage","@id":"https:\/\/thamtraisanvanphong.com.vn\/?product=tham-trai-san-onelop-1151","url":"https:\/\/thamtraisanvanphong.com.vn\/?product=tham-trai-san-onelop-1151","name":"Th\u1ea3m tr\u1ea3i s\u00e0n onelop 1151 - Thamtraisan","isPartOf":{"@id":"https:\/\/thamtraisanvanphong.com.vn\/#website"},"datePublished":"2026-04-10T04:03:53+00:00","dateModified":"2026-04-10T04:03:53+00:00","breadcrumb":{"@id":"https:\/\/thamtraisanvanphong.com.vn\/?product=tham-trai-san-onelop-1151#breadcrumb"},"inLanguage":"vi","potentialAction":[{"@type":"ReadAction","target":["https:\/\/thamtraisanvanphong.com.vn\/?product=tham-trai-san-onelop-1151"]}]},{"@type":"BreadcrumbList","@id":"https:\/\/thamtraisanvanphong.com.vn\/?product=tham-trai-san-onelop-1151#breadcrumb","itemListElement":[{"@type":"ListItem","position":1,"name":"Home","item":"https:\/\/thamtraisanvanphong.com.vn\/"},{"@type":"ListItem","position":2,"name":"C\u1eeda h\u00e0ng","item":"https:\/\/thamtraisanvanphong.com.vn\/?page_id=10"},{"@type":"ListItem","position":3,"name":"Th\u1ea3m tr\u1ea3i s\u00e0n onelop 1151"}]},{"@type":"WebSite","@id":"https:\/\/thamtraisanvanphong.com.vn\/#website","url":"https:\/\/thamtraisanvanphong.com.vn\/","name":"Thamtraisan","description":"Thamtraisangiare","potentialAction":[{"@type":"SearchAction","target":{"@type":"EntryPoint","urlTemplate":"https:\/\/thamtraisanvanphong.com.vn\/?s={search_term_string}"},"query-input":"required name=search_term_string"}],"inLanguage":"vi"}]}},"_links":{"self":[{"href":"https:\/\/thamtraisanvanphong.com.vn\/index.php?rest_route=\/wp\/v2\/product\/770","targetHints":{"allow":["GET"]}}],"collection":[{"href":"https:\/\/thamtraisanvanphong.com.vn\/index.php?rest_route=\/wp\/v2\/product"}],"about":[{"href":"https:\/\/thamtraisanvanphong.com.vn\/index.php?rest_route=\/wp\/v2\/types\/product"}],"replies":[{"embeddable":true,"href":"https:\/\/thamtraisanvanphong.com.vn\/index.php?rest_route=%2Fwp%2Fv2%2Fcomments&post=770"}],"wp:featuredmedia":[{"embeddable":true,"href":"https:\/\/thamtraisanvanphong.com.vn\/index.php?rest_route=\/wp\/v2\/media\/703"}],"wp:attachment":[{"href":"https:\/\/thamtraisanvanphong.com.vn\/index.php?rest_route=%2Fwp%2Fv2%2Fmedia&parent=770"}],"wp:term":[{"taxonomy":"product_cat","embeddable":true,"href":"https:\/\/thamtraisanvanphong.com.vn\/index.php?rest_route=%2Fwp%2Fv2%2Fproduct_cat&post=770"},{"taxonomy":"product_tag","embeddable":true,"href":"https:\/\/thamtraisanvanphong.com.vn\/index.php?rest_route=%2Fwp%2Fv2%2Fproduct_tag&post=770"}],"curies":[{"name":"wp","href":"https:\/\/api.w.org\/{rel}","templated":true}]}}