{"id":792,"date":"2026-04-10T15:00:18","date_gmt":"2026-04-10T08:00:18","guid":{"rendered":"https:\/\/thamtraisanvanphong.com.vn\/?post_type=product&#038;p=792"},"modified":"2026-04-10T15:00:18","modified_gmt":"2026-04-10T08:00:18","slug":"tham-cuon-tla","status":"publish","type":"product","link":"https:\/\/thamtraisanvanphong.com.vn\/?product=tham-cuon-tla","title":{"rendered":"Th\u1ea3m cu\u1ed9n TLA"},"content":{"rendered":"<h1>\u00a0Th\u1ea3m cu\u1ed9n TL-A series<\/h1>\n<h4>\u00a0Th\u1ea3m cu\u1ed9n TL-A l\u00e0 series\u00a0<a href=\"http:\/\/thamtraisan.vn\/\">th\u1ea3m tr\u1ea3i s\u00e0n<\/a>\u00a0d\u1ea1ng cu\u1ed9n m\u1ed9t m\u00e0u, nh\u1eadp kh\u1ea9u t\u1eeb Indonesia.\u0110\u00e2y l\u00e0 d\u00f2ng th\u1ea3m cu\u1ed9n \u0111\u1ebf l\u01b0\u1edbi m\u1ed9t m\u00e0u ch\u1ea5t l\u01b0\u1ee3ng t\u1ed1t \u0111\u01b0\u1ee3c nhi\u1ec1u kh\u00e1ch h\u00e0ng l\u1ef1a ch\u1ecdn v\u00e0 y\u00eau th\u00edch. Th\u1ea3m cu\u1ed9n TL-A c\u00f3 k\u00edch th\u01b0\u1edbc kh\u1ed5 ngang 4m. \u0110\u00e2y l\u00e0 d\u00f2ng th\u1ea3m v\u0103n ph\u00f2ng \u0111\u01b0\u1ee3c\u00a0<a href=\"http:\/\/thamtraisanvanphong.com.vn\" target=\"_blank\" rel=\"noopener\">kho th\u1ea3m<\/a>\u00a0nh\u1eadp kh\u1ea9u v\u00e0 ph\u00e2n ph\u1ed1i.<\/h4>\n<h4>Th\u1ea3m cu\u1ed9n TL-A series hi\u1ec7n t\u1ea1i c\u00f3 s\u1eb5n 7 m\u00e0u (xem catalogue) t\u1ea1i Kho H\u00e0 N\u1ed9i. Li\u00ean h\u1ec7 Hotline c\u1ee7a Kho th\u1ea3m \u0111\u1ec3 nh\u1eadn gi\u00e1 \u0111\u1ea1i l\u00fd v\u00e0 c\u00e1c ch\u00ednh s\u00e1ch h\u1ea5p d\u1eabn<\/h4>\n<h1>Th\u00f4ng s\u1ed1 k\u1ef9 thu\u1eadt th\u1ea3m cu\u1ed9n TL-A<\/h1>\n<h4>T\u00ean g\u1ecdi: Th\u1ea3m cu\u1ed9n TL-A; Th\u1ea3m cu\u1ed9n Indo<br \/>\nCh\u1ea5t li\u1ec7u s\u1ee3i: Polypropylene<br \/>\nKi\u1ec3u d\u1ec7t: Level loop<br \/>\n\u0110\u1ecbnh l\u01b0\u1ee3ng s\u1ee3i: 320g\/m2<br \/>\nT\u1ed5ng chi\u1ec1u cao: 5.5 \u00b1 0.5mm<br \/>\nKi\u1ec3u \u0111\u1ebf: \u0110\u1ebf l\u01b0\u1edbi<br \/>\nK\u00edch th\u01b0\u1edbc cu\u1ed9n: 4m*40m<br \/>\nChi\u1ec1u d\u00e0i c\u00f3 th\u1ec3 c\u1eaft theo y\u00eau c\u1ea7u c\u1ee7a kh\u00e1ch h\u00e0ng<br \/>\nM\u00e0u s\u1eafc: Xem catalogue<\/h4>\n<h1>\u1ee8ng d\u1ee5ng c\u1ee7a th\u1ea3m cu\u1ed9n TL-A<\/h1>\n<h4>Th\u1ea3m cu\u1ed9n TL-A; Th\u1ea3m cu\u1ed9n Indo\u00a0th\u01b0\u1eddng \u0111\u01b0\u1ee3c d\u00f9ng l\u00e0m th\u1ea3m tr\u1ea3i v\u0103n ph\u00f2ng, tr\u1ea3i ph\u00f2ng kh\u00e1ch, ph\u00f2ng ng\u1ee7, tr\u1ea3i kh\u00e1ch s\u1ea1n, tr\u1ea3i qu\u00e1n c\u00e0 ph\u00ea, bida, club, tr\u1ea3i shop qu\u1ea7n \u00e1o, spa, v.v.<\/h4>\n<h4>\u01afu \u0111i\u1ec3m<\/h4>\n<h4>\u00a0S\u1ea3n ph\u1ea9m gi\u00e1 r\u1ebb, \u00eam \u00e1i, d\u1ec5 l\u1eafp \u0111\u1eb7t, \u0111\u1ed9 b\u1ec1n cao, sang tr\u1ecdng.<\/h4>\n<h4>M\u00e0u s\u1eafc \u0111\u01a1n s\u1eafc<\/h4>\n<div>\n<h4>Ph\u00f9 h\u1ee3p v\u1edbi nhi\u1ec1u lo\u1ea1i c\u00f4ng tr\u00ecnh kh\u00e1c nhau<\/h4>\n<h4>L\u01b0u \u00fd<\/h4>\n<div>\n<h4>S\u1ea3n ph\u1ea9m y\u00eau c\u1ea7u thi c\u00f4ng l\u1eafp \u0111\u1eb7t<\/h4>\n<\/div>\n<\/div>\n","protected":false},"excerpt":{"rendered":"<p>\u00a0Th\u1ea3m cu\u1ed9n TL-A series \u00a0Th\u1ea3m cu\u1ed9n TL-A l\u00e0 series\u00a0th\u1ea3m tr\u1ea3i s\u00e0n\u00a0d\u1ea1ng cu\u1ed9n m\u1ed9t m\u00e0u, nh\u1eadp kh\u1ea9u t\u1eeb Indonesia.\u0110\u00e2y l\u00e0 d\u00f2ng th\u1ea3m cu\u1ed9n \u0111\u1ebf l\u01b0\u1edbi m\u1ed9t m\u00e0u ch\u1ea5t l\u01b0\u1ee3ng t\u1ed1t \u0111\u01b0\u1ee3c nhi\u1ec1u kh\u00e1ch h\u00e0ng l\u1ef1a ch\u1ecdn v\u00e0 y\u00eau th\u00edch. Th\u1ea3m cu\u1ed9n TL-A c\u00f3 k\u00edch th\u01b0\u1edbc kh\u1ed5 ngang 4m. \u0110\u00e2y l\u00e0 d\u00f2ng th\u1ea3m v\u0103n ph\u00f2ng \u0111\u01b0\u1ee3c\u00a0kho th\u1ea3m\u00a0nh\u1eadp&#8230;<\/p>\n","protected":false},"featured_media":791,"comment_status":"open","ping_status":"closed","template":"","meta":[],"product_cat":[65,64],"product_tag":[88,89,68],"class_list":{"0":"post-792","1":"product","2":"type-product","3":"status-publish","4":"has-post-thumbnail","6":"product_cat-tham-cuon","7":"product_cat-tham-van-phong","8":"product_tag-tham-tla","9":"product_tag-tham-van-phong","10":"product_tag-thamcuon","12":"first","13":"instock","14":"sale","15":"shipping-taxable","16":"purchasable","17":"product-type-simple"},"yoast_head":"<!-- This site is optimized with the Yoast SEO Premium plugin v20.12 (Yoast SEO v20.12) - https:\/\/yoast.com\/wordpress\/plugins\/seo\/ -->\n<title>Th\u1ea3m cu\u1ed9n TLA - Thamtraisan<\/title>\n<meta name=\"robots\" content=\"index, follow, max-snippet:-1, max-image-preview:large, max-video-preview:-1\" \/>\n<link rel=\"canonical\" href=\"https:\/\/thamtraisanvanphong.com.vn\/?product=tham-cuon-tla\" \/>\n<meta property=\"og:locale\" content=\"vi_VN\" \/>\n<meta property=\"og:type\" content=\"article\" \/>\n<meta property=\"og:title\" content=\"Th\u1ea3m cu\u1ed9n TLA\" \/>\n<meta property=\"og:description\" content=\"\u00a0Th\u1ea3m cu\u1ed9n TL-A series \u00a0Th\u1ea3m cu\u1ed9n TL-A l\u00e0 series\u00a0th\u1ea3m tr\u1ea3i s\u00e0n\u00a0d\u1ea1ng cu\u1ed9n m\u1ed9t m\u00e0u, nh\u1eadp kh\u1ea9u t\u1eeb Indonesia.\u0110\u00e2y l\u00e0 d\u00f2ng th\u1ea3m cu\u1ed9n \u0111\u1ebf l\u01b0\u1edbi m\u1ed9t m\u00e0u ch\u1ea5t l\u01b0\u1ee3ng t\u1ed1t \u0111\u01b0\u1ee3c nhi\u1ec1u kh\u00e1ch h\u00e0ng l\u1ef1a ch\u1ecdn v\u00e0 y\u00eau th\u00edch. Th\u1ea3m cu\u1ed9n TL-A c\u00f3 k\u00edch th\u01b0\u1edbc kh\u1ed5 ngang 4m. \u0110\u00e2y l\u00e0 d\u00f2ng th\u1ea3m v\u0103n ph\u00f2ng \u0111\u01b0\u1ee3c\u00a0kho th\u1ea3m\u00a0nh\u1eadp...\" \/>\n<meta property=\"og:url\" content=\"https:\/\/thamtraisanvanphong.com.vn\/?product=tham-cuon-tla\" \/>\n<meta property=\"og:site_name\" content=\"Thamtraisan\" \/>\n<meta property=\"og:image\" content=\"https:\/\/thamtraisanvanphong.com.vn\/wp-content\/uploads\/2026\/04\/Tham-cuon-TLA.webp\" \/>\n\t<meta property=\"og:image:width\" content=\"377\" \/>\n\t<meta property=\"og:image:height\" content=\"812\" \/>\n\t<meta property=\"og:image:type\" content=\"image\/webp\" \/>\n<meta name=\"twitter:card\" content=\"summary_large_image\" \/>\n<meta name=\"twitter:label1\" content=\"\u01af\u1edbc t\u00ednh th\u1eddi gian \u0111\u1ecdc\" \/>\n\t<meta name=\"twitter:data1\" content=\"2 ph\u00fat\" \/>\n<script type=\"application\/ld+json\" class=\"yoast-schema-graph\">{\"@context\":\"https:\/\/schema.org\",\"@graph\":[{\"@type\":\"WebPage\",\"@id\":\"https:\/\/thamtraisanvanphong.com.vn\/?product=tham-cuon-tla\",\"url\":\"https:\/\/thamtraisanvanphong.com.vn\/?product=tham-cuon-tla\",\"name\":\"Th\u1ea3m cu\u1ed9n TLA - Thamtraisan\",\"isPartOf\":{\"@id\":\"https:\/\/thamtraisanvanphong.com.vn\/#website\"},\"datePublished\":\"2026-04-10T08:00:18+00:00\",\"dateModified\":\"2026-04-10T08:00:18+00:00\",\"breadcrumb\":{\"@id\":\"https:\/\/thamtraisanvanphong.com.vn\/?product=tham-cuon-tla#breadcrumb\"},\"inLanguage\":\"vi\",\"potentialAction\":[{\"@type\":\"ReadAction\",\"target\":[\"https:\/\/thamtraisanvanphong.com.vn\/?product=tham-cuon-tla\"]}]},{\"@type\":\"BreadcrumbList\",\"@id\":\"https:\/\/thamtraisanvanphong.com.vn\/?product=tham-cuon-tla#breadcrumb\",\"itemListElement\":[{\"@type\":\"ListItem\",\"position\":1,\"name\":\"Home\",\"item\":\"https:\/\/thamtraisanvanphong.com.vn\/\"},{\"@type\":\"ListItem\",\"position\":2,\"name\":\"C\u1eeda h\u00e0ng\",\"item\":\"https:\/\/thamtraisanvanphong.com.vn\/?page_id=10\"},{\"@type\":\"ListItem\",\"position\":3,\"name\":\"Th\u1ea3m cu\u1ed9n TLA\"}]},{\"@type\":\"WebSite\",\"@id\":\"https:\/\/thamtraisanvanphong.com.vn\/#website\",\"url\":\"https:\/\/thamtraisanvanphong.com.vn\/\",\"name\":\"Thamtraisan\",\"description\":\"Thamtraisangiare\",\"potentialAction\":[{\"@type\":\"SearchAction\",\"target\":{\"@type\":\"EntryPoint\",\"urlTemplate\":\"https:\/\/thamtraisanvanphong.com.vn\/?s={search_term_string}\"},\"query-input\":\"required name=search_term_string\"}],\"inLanguage\":\"vi\"}]}<\/script>\n<!-- \/ Yoast SEO Premium plugin. -->","yoast_head_json":{"title":"Th\u1ea3m cu\u1ed9n TLA - Thamtraisan","robots":{"index":"index","follow":"follow","max-snippet":"max-snippet:-1","max-image-preview":"max-image-preview:large","max-video-preview":"max-video-preview:-1"},"canonical":"https:\/\/thamtraisanvanphong.com.vn\/?product=tham-cuon-tla","og_locale":"vi_VN","og_type":"article","og_title":"Th\u1ea3m cu\u1ed9n TLA","og_description":"\u00a0Th\u1ea3m cu\u1ed9n TL-A series \u00a0Th\u1ea3m cu\u1ed9n TL-A l\u00e0 series\u00a0th\u1ea3m tr\u1ea3i s\u00e0n\u00a0d\u1ea1ng cu\u1ed9n m\u1ed9t m\u00e0u, nh\u1eadp kh\u1ea9u t\u1eeb Indonesia.\u0110\u00e2y l\u00e0 d\u00f2ng th\u1ea3m cu\u1ed9n \u0111\u1ebf l\u01b0\u1edbi m\u1ed9t m\u00e0u ch\u1ea5t l\u01b0\u1ee3ng t\u1ed1t \u0111\u01b0\u1ee3c nhi\u1ec1u kh\u00e1ch h\u00e0ng l\u1ef1a ch\u1ecdn v\u00e0 y\u00eau th\u00edch. Th\u1ea3m cu\u1ed9n TL-A c\u00f3 k\u00edch th\u01b0\u1edbc kh\u1ed5 ngang 4m. \u0110\u00e2y l\u00e0 d\u00f2ng th\u1ea3m v\u0103n ph\u00f2ng \u0111\u01b0\u1ee3c\u00a0kho th\u1ea3m\u00a0nh\u1eadp...","og_url":"https:\/\/thamtraisanvanphong.com.vn\/?product=tham-cuon-tla","og_site_name":"Thamtraisan","og_image":[{"width":377,"height":812,"url":"https:\/\/thamtraisanvanphong.com.vn\/wp-content\/uploads\/2026\/04\/Tham-cuon-TLA.webp","type":"image\/webp"}],"twitter_card":"summary_large_image","twitter_misc":{"\u01af\u1edbc t\u00ednh th\u1eddi gian \u0111\u1ecdc":"2 ph\u00fat"},"schema":{"@context":"https:\/\/schema.org","@graph":[{"@type":"WebPage","@id":"https:\/\/thamtraisanvanphong.com.vn\/?product=tham-cuon-tla","url":"https:\/\/thamtraisanvanphong.com.vn\/?product=tham-cuon-tla","name":"Th\u1ea3m cu\u1ed9n TLA - Thamtraisan","isPartOf":{"@id":"https:\/\/thamtraisanvanphong.com.vn\/#website"},"datePublished":"2026-04-10T08:00:18+00:00","dateModified":"2026-04-10T08:00:18+00:00","breadcrumb":{"@id":"https:\/\/thamtraisanvanphong.com.vn\/?product=tham-cuon-tla#breadcrumb"},"inLanguage":"vi","potentialAction":[{"@type":"ReadAction","target":["https:\/\/thamtraisanvanphong.com.vn\/?product=tham-cuon-tla"]}]},{"@type":"BreadcrumbList","@id":"https:\/\/thamtraisanvanphong.com.vn\/?product=tham-cuon-tla#breadcrumb","itemListElement":[{"@type":"ListItem","position":1,"name":"Home","item":"https:\/\/thamtraisanvanphong.com.vn\/"},{"@type":"ListItem","position":2,"name":"C\u1eeda h\u00e0ng","item":"https:\/\/thamtraisanvanphong.com.vn\/?page_id=10"},{"@type":"ListItem","position":3,"name":"Th\u1ea3m cu\u1ed9n TLA"}]},{"@type":"WebSite","@id":"https:\/\/thamtraisanvanphong.com.vn\/#website","url":"https:\/\/thamtraisanvanphong.com.vn\/","name":"Thamtraisan","description":"Thamtraisangiare","potentialAction":[{"@type":"SearchAction","target":{"@type":"EntryPoint","urlTemplate":"https:\/\/thamtraisanvanphong.com.vn\/?s={search_term_string}"},"query-input":"required name=search_term_string"}],"inLanguage":"vi"}]}},"_links":{"self":[{"href":"https:\/\/thamtraisanvanphong.com.vn\/index.php?rest_route=\/wp\/v2\/product\/792","targetHints":{"allow":["GET"]}}],"collection":[{"href":"https:\/\/thamtraisanvanphong.com.vn\/index.php?rest_route=\/wp\/v2\/product"}],"about":[{"href":"https:\/\/thamtraisanvanphong.com.vn\/index.php?rest_route=\/wp\/v2\/types\/product"}],"replies":[{"embeddable":true,"href":"https:\/\/thamtraisanvanphong.com.vn\/index.php?rest_route=%2Fwp%2Fv2%2Fcomments&post=792"}],"wp:featuredmedia":[{"embeddable":true,"href":"https:\/\/thamtraisanvanphong.com.vn\/index.php?rest_route=\/wp\/v2\/media\/791"}],"wp:attachment":[{"href":"https:\/\/thamtraisanvanphong.com.vn\/index.php?rest_route=%2Fwp%2Fv2%2Fmedia&parent=792"}],"wp:term":[{"taxonomy":"product_cat","embeddable":true,"href":"https:\/\/thamtraisanvanphong.com.vn\/index.php?rest_route=%2Fwp%2Fv2%2Fproduct_cat&post=792"},{"taxonomy":"product_tag","embeddable":true,"href":"https:\/\/thamtraisanvanphong.com.vn\/index.php?rest_route=%2Fwp%2Fv2%2Fproduct_tag&post=792"}],"curies":[{"name":"wp","href":"https:\/\/api.w.org\/{rel}","templated":true}]}}