{"id":793,"date":"2026-04-10T15:12:58","date_gmt":"2026-04-10T08:12:58","guid":{"rendered":"https:\/\/thamtraisanvanphong.com.vn\/?post_type=product&#038;p=793"},"modified":"2026-04-10T15:12:58","modified_gmt":"2026-04-10T08:12:58","slug":"tham-cuon-tld-gia-re","status":"publish","type":"product","link":"https:\/\/thamtraisanvanphong.com.vn\/?product=tham-cuon-tld-gia-re","title":{"rendered":"Th\u1ea3m cu\u1ed9n TLD gi\u00e1 r\u1ebb"},"content":{"rendered":"<h2>Th\u1ea3m cu\u1ed9n gi\u00e1 r\u1ebb TL-D (Th\u1ea3m cu\u1ed9n TL-D)<\/h2>\n<div>Th\u1ea3m cu\u1ed9n TLD l\u00e0 d\u00f2ng s\u1ea3n ph\u1ea9m\u00a0<a href=\"http:\/\/thamtraisanvanphong.com.vn\" target=\"_blank\" rel=\"noopener\">th\u1ea3m tr\u1ea3i s\u00e0n\u00a0v\u0103n ph\u00f2ng<\/a>\u00a0gi\u00e1 r\u1ebb, th\u1ea3m \u1edf d\u1ea1ng cu\u1ed9n \u0111\u1ebf l\u01b0\u1edbi \u0111\u01b0\u1ee3c s\u1eed d\u1ee5ng d\u1ee5ng ph\u1ed5 bi\u1ebfn trong nhi\u1ec1u c\u00f4ng tr\u00ecnh nh\u01b0 v\u0103n ph\u00f2ng, h\u1ed9i tr\u01b0\u1eddng, s\u00e2n kh\u1ea5u,&#8230;. \u0110\u00e2y \u0111ang l\u00e0 d\u00f2ng th\u1ea3m b\u00e1n ch\u1ea1y nh\u1ea5t<\/div>\n<div>\n<div class=\"separator\"><\/div>\n<blockquote><p>Ch\u1ea5t li\u1ec7u s\u1ee3i: Polypropylene<br \/>\nKi\u1ec3u \u0111\u1ebf: \u0110\u1ebf c\u01b0\u1edbc<br \/>\nT\u1ed5ng chi\u1ec1u cao 5mm<br \/>\nKh\u1ed5 ngang: 3.66m<br \/>\nChi\u1ec1u d\u00e0i: T\u1ed1i \u0111a 40m<\/p><\/blockquote>\n<h4>Hi\u1ec7n t\u1ea1i\u00a0TLD c\u00f3 s\u1eb5n 6 m\u00e0u:<\/h4>\n<div>\n<ul>\n<li>TLD-201: M\u00e0u \u0111\u1ecf tr\u1ea7u<\/li>\n<li>TLD-203: M\u00e0u ghi x\u00e1m, ghi nh\u1ea1t, l\u00f4ng chu\u1ed9t<\/li>\n<li>TLD-204: M\u00e0u v\u00e0ng, v\u00e0ng be,..<\/li>\n<li>TLD-207: M\u00e0u xanh d\u01b0\u01a1ng<\/li>\n<li>TLD-208: M\u00e0u n\u00e2u, n\u00e2u \u0111\u1ea5t,..<\/li>\n<li>TLD-209: M\u00e0u ghi \u0111\u1eadm, x\u00e1m \u0111\u1eadm, ghi \u0111en,..<\/li>\n<\/ul>\n<\/div>\n<\/div>\n","protected":false},"excerpt":{"rendered":"<p>Th\u1ea3m cu\u1ed9n gi\u00e1 r\u1ebb TL-D (Th\u1ea3m cu\u1ed9n TL-D) Th\u1ea3m cu\u1ed9n TLD l\u00e0 d\u00f2ng s\u1ea3n ph\u1ea9m\u00a0th\u1ea3m tr\u1ea3i s\u00e0n\u00a0v\u0103n ph\u00f2ng\u00a0gi\u00e1 r\u1ebb, th\u1ea3m \u1edf d\u1ea1ng cu\u1ed9n \u0111\u1ebf l\u01b0\u1edbi \u0111\u01b0\u1ee3c s\u1eed d\u1ee5ng d\u1ee5ng ph\u1ed5 bi\u1ebfn trong nhi\u1ec1u c\u00f4ng tr\u00ecnh nh\u01b0 v\u0103n ph\u00f2ng, h\u1ed9i tr\u01b0\u1eddng, s\u00e2n kh\u1ea5u,&#8230;. \u0110\u00e2y \u0111ang l\u00e0 d\u00f2ng th\u1ea3m b\u00e1n ch\u1ea1y nh\u1ea5t Ch\u1ea5t li\u1ec7u s\u1ee3i: Polypropylene Ki\u1ec3u&#8230;<\/p>\n","protected":false},"featured_media":790,"comment_status":"open","ping_status":"closed","template":"","meta":[],"product_cat":[65],"product_tag":[91,92,90,67],"class_list":{"0":"post-793","1":"product","2":"type-product","3":"status-publish","4":"has-post-thumbnail","6":"product_cat-tham-cuon","7":"product_tag-tham-mot-mau","8":"product_tag-tham-tld","9":"product_tag-thamgiare","10":"product_tag-thamvanphong","12":"first","13":"instock","14":"sale","15":"shipping-taxable","16":"purchasable","17":"product-type-simple"},"yoast_head":"<!-- This site is optimized with the Yoast SEO Premium plugin v20.12 (Yoast SEO v20.12) - https:\/\/yoast.com\/wordpress\/plugins\/seo\/ -->\n<title>Th\u1ea3m cu\u1ed9n TLD gi\u00e1 r\u1ebb - Thamtraisan<\/title>\n<meta name=\"robots\" content=\"index, follow, max-snippet:-1, max-image-preview:large, max-video-preview:-1\" \/>\n<link rel=\"canonical\" href=\"https:\/\/thamtraisanvanphong.com.vn\/?product=tham-cuon-tld-gia-re\" \/>\n<meta property=\"og:locale\" content=\"vi_VN\" \/>\n<meta property=\"og:type\" content=\"article\" \/>\n<meta property=\"og:title\" content=\"Th\u1ea3m cu\u1ed9n TLD gi\u00e1 r\u1ebb\" \/>\n<meta property=\"og:description\" content=\"Th\u1ea3m cu\u1ed9n gi\u00e1 r\u1ebb TL-D (Th\u1ea3m cu\u1ed9n TL-D) Th\u1ea3m cu\u1ed9n TLD l\u00e0 d\u00f2ng s\u1ea3n ph\u1ea9m\u00a0th\u1ea3m tr\u1ea3i s\u00e0n\u00a0v\u0103n ph\u00f2ng\u00a0gi\u00e1 r\u1ebb, th\u1ea3m \u1edf d\u1ea1ng cu\u1ed9n \u0111\u1ebf l\u01b0\u1edbi \u0111\u01b0\u1ee3c s\u1eed d\u1ee5ng d\u1ee5ng ph\u1ed5 bi\u1ebfn trong nhi\u1ec1u c\u00f4ng tr\u00ecnh nh\u01b0 v\u0103n ph\u00f2ng, h\u1ed9i tr\u01b0\u1eddng, s\u00e2n kh\u1ea5u,&#8230;. \u0110\u00e2y \u0111ang l\u00e0 d\u00f2ng th\u1ea3m b\u00e1n ch\u1ea1y nh\u1ea5t Ch\u1ea5t li\u1ec7u s\u1ee3i: Polypropylene Ki\u1ec3u...\" \/>\n<meta property=\"og:url\" content=\"https:\/\/thamtraisanvanphong.com.vn\/?product=tham-cuon-tld-gia-re\" \/>\n<meta property=\"og:site_name\" content=\"Thamtraisan\" \/>\n<meta property=\"og:image\" content=\"https:\/\/thamtraisanvanphong.com.vn\/wp-content\/uploads\/2026\/04\/Tham-cuon-TLD.webp\" \/>\n\t<meta property=\"og:image:width\" content=\"379\" \/>\n\t<meta property=\"og:image:height\" content=\"686\" \/>\n\t<meta property=\"og:image:type\" content=\"image\/webp\" \/>\n<meta name=\"twitter:card\" content=\"summary_large_image\" \/>\n<meta name=\"twitter:label1\" content=\"\u01af\u1edbc t\u00ednh th\u1eddi gian \u0111\u1ecdc\" \/>\n\t<meta name=\"twitter:data1\" content=\"1 ph\u00fat\" \/>\n<script type=\"application\/ld+json\" class=\"yoast-schema-graph\">{\"@context\":\"https:\/\/schema.org\",\"@graph\":[{\"@type\":\"WebPage\",\"@id\":\"https:\/\/thamtraisanvanphong.com.vn\/?product=tham-cuon-tld-gia-re\",\"url\":\"https:\/\/thamtraisanvanphong.com.vn\/?product=tham-cuon-tld-gia-re\",\"name\":\"Th\u1ea3m cu\u1ed9n TLD gi\u00e1 r\u1ebb - Thamtraisan\",\"isPartOf\":{\"@id\":\"https:\/\/thamtraisanvanphong.com.vn\/#website\"},\"datePublished\":\"2026-04-10T08:12:58+00:00\",\"dateModified\":\"2026-04-10T08:12:58+00:00\",\"breadcrumb\":{\"@id\":\"https:\/\/thamtraisanvanphong.com.vn\/?product=tham-cuon-tld-gia-re#breadcrumb\"},\"inLanguage\":\"vi\",\"potentialAction\":[{\"@type\":\"ReadAction\",\"target\":[\"https:\/\/thamtraisanvanphong.com.vn\/?product=tham-cuon-tld-gia-re\"]}]},{\"@type\":\"BreadcrumbList\",\"@id\":\"https:\/\/thamtraisanvanphong.com.vn\/?product=tham-cuon-tld-gia-re#breadcrumb\",\"itemListElement\":[{\"@type\":\"ListItem\",\"position\":1,\"name\":\"Home\",\"item\":\"https:\/\/thamtraisanvanphong.com.vn\/\"},{\"@type\":\"ListItem\",\"position\":2,\"name\":\"C\u1eeda h\u00e0ng\",\"item\":\"https:\/\/thamtraisanvanphong.com.vn\/?page_id=10\"},{\"@type\":\"ListItem\",\"position\":3,\"name\":\"Th\u1ea3m cu\u1ed9n TLD gi\u00e1 r\u1ebb\"}]},{\"@type\":\"WebSite\",\"@id\":\"https:\/\/thamtraisanvanphong.com.vn\/#website\",\"url\":\"https:\/\/thamtraisanvanphong.com.vn\/\",\"name\":\"Thamtraisan\",\"description\":\"Thamtraisangiare\",\"potentialAction\":[{\"@type\":\"SearchAction\",\"target\":{\"@type\":\"EntryPoint\",\"urlTemplate\":\"https:\/\/thamtraisanvanphong.com.vn\/?s={search_term_string}\"},\"query-input\":\"required name=search_term_string\"}],\"inLanguage\":\"vi\"}]}<\/script>\n<!-- \/ Yoast SEO Premium plugin. -->","yoast_head_json":{"title":"Th\u1ea3m cu\u1ed9n TLD gi\u00e1 r\u1ebb - Thamtraisan","robots":{"index":"index","follow":"follow","max-snippet":"max-snippet:-1","max-image-preview":"max-image-preview:large","max-video-preview":"max-video-preview:-1"},"canonical":"https:\/\/thamtraisanvanphong.com.vn\/?product=tham-cuon-tld-gia-re","og_locale":"vi_VN","og_type":"article","og_title":"Th\u1ea3m cu\u1ed9n TLD gi\u00e1 r\u1ebb","og_description":"Th\u1ea3m cu\u1ed9n gi\u00e1 r\u1ebb TL-D (Th\u1ea3m cu\u1ed9n TL-D) Th\u1ea3m cu\u1ed9n TLD l\u00e0 d\u00f2ng s\u1ea3n ph\u1ea9m\u00a0th\u1ea3m tr\u1ea3i s\u00e0n\u00a0v\u0103n ph\u00f2ng\u00a0gi\u00e1 r\u1ebb, th\u1ea3m \u1edf d\u1ea1ng cu\u1ed9n \u0111\u1ebf l\u01b0\u1edbi \u0111\u01b0\u1ee3c s\u1eed d\u1ee5ng d\u1ee5ng ph\u1ed5 bi\u1ebfn trong nhi\u1ec1u c\u00f4ng tr\u00ecnh nh\u01b0 v\u0103n ph\u00f2ng, h\u1ed9i tr\u01b0\u1eddng, s\u00e2n kh\u1ea5u,&#8230;. \u0110\u00e2y \u0111ang l\u00e0 d\u00f2ng th\u1ea3m b\u00e1n ch\u1ea1y nh\u1ea5t Ch\u1ea5t li\u1ec7u s\u1ee3i: Polypropylene Ki\u1ec3u...","og_url":"https:\/\/thamtraisanvanphong.com.vn\/?product=tham-cuon-tld-gia-re","og_site_name":"Thamtraisan","og_image":[{"width":379,"height":686,"url":"https:\/\/thamtraisanvanphong.com.vn\/wp-content\/uploads\/2026\/04\/Tham-cuon-TLD.webp","type":"image\/webp"}],"twitter_card":"summary_large_image","twitter_misc":{"\u01af\u1edbc t\u00ednh th\u1eddi gian \u0111\u1ecdc":"1 ph\u00fat"},"schema":{"@context":"https:\/\/schema.org","@graph":[{"@type":"WebPage","@id":"https:\/\/thamtraisanvanphong.com.vn\/?product=tham-cuon-tld-gia-re","url":"https:\/\/thamtraisanvanphong.com.vn\/?product=tham-cuon-tld-gia-re","name":"Th\u1ea3m cu\u1ed9n TLD gi\u00e1 r\u1ebb - Thamtraisan","isPartOf":{"@id":"https:\/\/thamtraisanvanphong.com.vn\/#website"},"datePublished":"2026-04-10T08:12:58+00:00","dateModified":"2026-04-10T08:12:58+00:00","breadcrumb":{"@id":"https:\/\/thamtraisanvanphong.com.vn\/?product=tham-cuon-tld-gia-re#breadcrumb"},"inLanguage":"vi","potentialAction":[{"@type":"ReadAction","target":["https:\/\/thamtraisanvanphong.com.vn\/?product=tham-cuon-tld-gia-re"]}]},{"@type":"BreadcrumbList","@id":"https:\/\/thamtraisanvanphong.com.vn\/?product=tham-cuon-tld-gia-re#breadcrumb","itemListElement":[{"@type":"ListItem","position":1,"name":"Home","item":"https:\/\/thamtraisanvanphong.com.vn\/"},{"@type":"ListItem","position":2,"name":"C\u1eeda h\u00e0ng","item":"https:\/\/thamtraisanvanphong.com.vn\/?page_id=10"},{"@type":"ListItem","position":3,"name":"Th\u1ea3m cu\u1ed9n TLD gi\u00e1 r\u1ebb"}]},{"@type":"WebSite","@id":"https:\/\/thamtraisanvanphong.com.vn\/#website","url":"https:\/\/thamtraisanvanphong.com.vn\/","name":"Thamtraisan","description":"Thamtraisangiare","potentialAction":[{"@type":"SearchAction","target":{"@type":"EntryPoint","urlTemplate":"https:\/\/thamtraisanvanphong.com.vn\/?s={search_term_string}"},"query-input":"required name=search_term_string"}],"inLanguage":"vi"}]}},"_links":{"self":[{"href":"https:\/\/thamtraisanvanphong.com.vn\/index.php?rest_route=\/wp\/v2\/product\/793","targetHints":{"allow":["GET"]}}],"collection":[{"href":"https:\/\/thamtraisanvanphong.com.vn\/index.php?rest_route=\/wp\/v2\/product"}],"about":[{"href":"https:\/\/thamtraisanvanphong.com.vn\/index.php?rest_route=\/wp\/v2\/types\/product"}],"replies":[{"embeddable":true,"href":"https:\/\/thamtraisanvanphong.com.vn\/index.php?rest_route=%2Fwp%2Fv2%2Fcomments&post=793"}],"wp:featuredmedia":[{"embeddable":true,"href":"https:\/\/thamtraisanvanphong.com.vn\/index.php?rest_route=\/wp\/v2\/media\/790"}],"wp:attachment":[{"href":"https:\/\/thamtraisanvanphong.com.vn\/index.php?rest_route=%2Fwp%2Fv2%2Fmedia&parent=793"}],"wp:term":[{"taxonomy":"product_cat","embeddable":true,"href":"https:\/\/thamtraisanvanphong.com.vn\/index.php?rest_route=%2Fwp%2Fv2%2Fproduct_cat&post=793"},{"taxonomy":"product_tag","embeddable":true,"href":"https:\/\/thamtraisanvanphong.com.vn\/index.php?rest_route=%2Fwp%2Fv2%2Fproduct_tag&post=793"}],"curies":[{"name":"wp","href":"https:\/\/api.w.org\/{rel}","templated":true}]}}