{"id":797,"date":"2026-04-10T15:37:57","date_gmt":"2026-04-10T08:37:57","guid":{"rendered":"https:\/\/thamtraisanvanphong.com.vn\/?post_type=product&#038;p=797"},"modified":"2026-04-10T15:38:52","modified_gmt":"2026-04-10T08:38:52","slug":"797","status":"publish","type":"product","link":"https:\/\/thamtraisanvanphong.com.vn\/?product=797","title":{"rendered":"Th\u1ea3m cu\u1ed9n Beta"},"content":{"rendered":"<p>Th\u1ea3m cu\u1ed9n BETA l\u00e0 d\u00f2ng th\u1ea3m c\u00f3 h\u1ecda ti\u1ebft \u0111\u1ed9c \u0111\u00e1o h\u01a1n, chi\u1ec1u cao s\u1ee3i cao \u0111em l\u1ea1i c\u1ea3m gi\u00e1c \u00eam \u00e1i khi s\u1eed d\u1ee5ng. Hi\u1ec7n t\u1ea1i th\u1ea3m Beta c\u00f3 6 m\u00e0u s\u1eafc kh\u00e1c nhau cho l\u1ef1a ch\u1ecdn<\/p>\n<p><img loading=\"lazy\" decoding=\"async\" class=\"size-medium wp-image-789 aligncenter\" src=\"https:\/\/thamtraisanvanphong.com.vn\/wp-content\/uploads\/2026\/04\/Tham-cuon-BETA-292x400.webp\" alt=\"\" width=\"292\" height=\"400\" srcset=\"https:\/\/thamtraisanvanphong.com.vn\/wp-content\/uploads\/2026\/04\/Tham-cuon-BETA-292x400.webp 292w, https:\/\/thamtraisanvanphong.com.vn\/wp-content\/uploads\/2026\/04\/Tham-cuon-BETA-146x200.webp 146w, https:\/\/thamtraisanvanphong.com.vn\/wp-content\/uploads\/2026\/04\/Tham-cuon-BETA-510x699.webp 510w, https:\/\/thamtraisanvanphong.com.vn\/wp-content\/uploads\/2026\/04\/Tham-cuon-BETA.webp 572w\" sizes=\"auto, (max-width: 292px) 100vw, 292px\" \/><\/p>\n<table class=\"tr-caption-container\" cellspacing=\"0\" cellpadding=\"0\" align=\"center\">\n<tbody>\n<tr>\n<td><\/td>\n<\/tr>\n<tr>\n<td class=\"tr-caption\">Th\u00f4ng s\u1ed1 k\u1ef9 thu\u1eadt th\u1ea3m cu\u1ed9n hoa v\u0103n BETA &#8211; D\u00f2ng th\u1ea3m cu\u1ed9n hoa v\u0103n m\u1edbi nh\u1ea5t<\/td>\n<\/tr>\n<\/tbody>\n<\/table>\n<p>&nbsp;<\/p>\n<p>&nbsp;<\/p>\n<p>&nbsp;<\/p>\n<p>&nbsp;<\/p>\n<p>&nbsp;<\/p>\n","protected":false},"excerpt":{"rendered":"<blockquote><p>T\u00ean g\u1ecdi: Th\u1ea3m cu\u1ed9n BETA series<br \/>\nCh\u1ea5t li\u1ec7u s\u1ee3i: Polypropylene<br \/>\nKi\u1ec3u d\u1ec7t: Multi level loop<br \/>\n\u0110\u1ecbnh l\u01b0\u1ee3ng s\u1ee3i: 600 \u00b1 10g\/m2<br \/>\nT\u1ed5ng chi\u1ec1u cao: 6 \u00b1 0.5mm<br \/>\nKi\u1ec3u \u0111\u1ebf: \u0110\u1ebf l\u01b0\u1edbi, \u0111\u1ebf c\u01b0\u1edbc<br \/>\nKh\u1ed5 th\u1ea3m: 4m*35m (chi\u1ec1u d\u00e0i c\u00f3 th\u1ec3 c\u1eaft theo y\u00eau c\u1ea7u)<br \/>\nM\u00e0u s\u1eafc: Xem catalogue<\/p><\/blockquote>\n<p>&nbsp;<\/p>\n","protected":false},"featured_media":789,"comment_status":"open","ping_status":"closed","template":"","meta":[],"product_cat":[65],"product_tag":[95,94,68],"class_list":{"0":"post-797","1":"product","2":"type-product","3":"status-publish","4":"has-post-thumbnail","6":"product_cat-tham-cuon","7":"product_tag-tham-beta","8":"product_tag-tham-cuon","9":"product_tag-thamcuon","11":"first","12":"instock","13":"sale","14":"shipping-taxable","15":"purchasable","16":"product-type-simple"},"yoast_head":"<!-- This site is optimized with the Yoast SEO Premium plugin v20.12 (Yoast SEO v20.12) - https:\/\/yoast.com\/wordpress\/plugins\/seo\/ -->\n<title>Th\u1ea3m cu\u1ed9n Beta - Thamtraisan<\/title>\n<meta name=\"robots\" content=\"index, follow, max-snippet:-1, max-image-preview:large, max-video-preview:-1\" \/>\n<link rel=\"canonical\" href=\"https:\/\/thamtraisanvanphong.com.vn\/?product=797\" \/>\n<meta property=\"og:locale\" content=\"vi_VN\" \/>\n<meta property=\"og:type\" content=\"article\" \/>\n<meta property=\"og:title\" content=\"Th\u1ea3m cu\u1ed9n Beta\" \/>\n<meta property=\"og:description\" content=\"T\u00ean g\u1ecdi: Th\u1ea3m cu\u1ed9n BETA series Ch\u1ea5t li\u1ec7u s\u1ee3i: Polypropylene Ki\u1ec3u d\u1ec7t: Multi level loop \u0110\u1ecbnh l\u01b0\u1ee3ng s\u1ee3i: 600 \u00b1 10g\/m2 T\u1ed5ng chi\u1ec1u cao: 6 \u00b1 0.5mm Ki\u1ec3u \u0111\u1ebf: \u0110\u1ebf l\u01b0\u1edbi, \u0111\u1ebf c\u01b0\u1edbc Kh\u1ed5 th\u1ea3m: 4m*35m (chi\u1ec1u d\u00e0i c\u00f3 th\u1ec3 c\u1eaft theo y\u00eau c\u1ea7u) M\u00e0u s\u1eafc: Xem catalogue &nbsp;\" \/>\n<meta property=\"og:url\" content=\"https:\/\/thamtraisanvanphong.com.vn\/?product=797\" \/>\n<meta property=\"og:site_name\" content=\"Thamtraisan\" \/>\n<meta property=\"article:modified_time\" content=\"2026-04-10T08:38:52+00:00\" \/>\n<meta property=\"og:image\" content=\"https:\/\/thamtraisanvanphong.com.vn\/wp-content\/uploads\/2026\/04\/Tham-cuon-BETA.webp\" \/>\n\t<meta property=\"og:image:width\" content=\"572\" \/>\n\t<meta property=\"og:image:height\" content=\"784\" \/>\n\t<meta property=\"og:image:type\" content=\"image\/webp\" \/>\n<meta name=\"twitter:card\" content=\"summary_large_image\" \/>\n<script type=\"application\/ld+json\" class=\"yoast-schema-graph\">{\"@context\":\"https:\/\/schema.org\",\"@graph\":[{\"@type\":\"WebPage\",\"@id\":\"https:\/\/thamtraisanvanphong.com.vn\/?product=797\",\"url\":\"https:\/\/thamtraisanvanphong.com.vn\/?product=797\",\"name\":\"Th\u1ea3m cu\u1ed9n Beta - Thamtraisan\",\"isPartOf\":{\"@id\":\"https:\/\/thamtraisanvanphong.com.vn\/#website\"},\"datePublished\":\"2026-04-10T08:37:57+00:00\",\"dateModified\":\"2026-04-10T08:38:52+00:00\",\"breadcrumb\":{\"@id\":\"https:\/\/thamtraisanvanphong.com.vn\/?product=797#breadcrumb\"},\"inLanguage\":\"vi\",\"potentialAction\":[{\"@type\":\"ReadAction\",\"target\":[\"https:\/\/thamtraisanvanphong.com.vn\/?product=797\"]}]},{\"@type\":\"BreadcrumbList\",\"@id\":\"https:\/\/thamtraisanvanphong.com.vn\/?product=797#breadcrumb\",\"itemListElement\":[{\"@type\":\"ListItem\",\"position\":1,\"name\":\"Home\",\"item\":\"https:\/\/thamtraisanvanphong.com.vn\/\"},{\"@type\":\"ListItem\",\"position\":2,\"name\":\"C\u1eeda h\u00e0ng\",\"item\":\"https:\/\/thamtraisanvanphong.com.vn\/?page_id=10\"},{\"@type\":\"ListItem\",\"position\":3,\"name\":\"Th\u1ea3m cu\u1ed9n Beta\"}]},{\"@type\":\"WebSite\",\"@id\":\"https:\/\/thamtraisanvanphong.com.vn\/#website\",\"url\":\"https:\/\/thamtraisanvanphong.com.vn\/\",\"name\":\"Thamtraisan\",\"description\":\"Thamtraisangiare\",\"potentialAction\":[{\"@type\":\"SearchAction\",\"target\":{\"@type\":\"EntryPoint\",\"urlTemplate\":\"https:\/\/thamtraisanvanphong.com.vn\/?s={search_term_string}\"},\"query-input\":\"required name=search_term_string\"}],\"inLanguage\":\"vi\"}]}<\/script>\n<!-- \/ Yoast SEO Premium plugin. -->","yoast_head_json":{"title":"Th\u1ea3m cu\u1ed9n Beta - Thamtraisan","robots":{"index":"index","follow":"follow","max-snippet":"max-snippet:-1","max-image-preview":"max-image-preview:large","max-video-preview":"max-video-preview:-1"},"canonical":"https:\/\/thamtraisanvanphong.com.vn\/?product=797","og_locale":"vi_VN","og_type":"article","og_title":"Th\u1ea3m cu\u1ed9n Beta","og_description":"T\u00ean g\u1ecdi: Th\u1ea3m cu\u1ed9n BETA series Ch\u1ea5t li\u1ec7u s\u1ee3i: Polypropylene Ki\u1ec3u d\u1ec7t: Multi level loop \u0110\u1ecbnh l\u01b0\u1ee3ng s\u1ee3i: 600 \u00b1 10g\/m2 T\u1ed5ng chi\u1ec1u cao: 6 \u00b1 0.5mm Ki\u1ec3u \u0111\u1ebf: \u0110\u1ebf l\u01b0\u1edbi, \u0111\u1ebf c\u01b0\u1edbc Kh\u1ed5 th\u1ea3m: 4m*35m (chi\u1ec1u d\u00e0i c\u00f3 th\u1ec3 c\u1eaft theo y\u00eau c\u1ea7u) M\u00e0u s\u1eafc: Xem catalogue &nbsp;","og_url":"https:\/\/thamtraisanvanphong.com.vn\/?product=797","og_site_name":"Thamtraisan","article_modified_time":"2026-04-10T08:38:52+00:00","og_image":[{"width":572,"height":784,"url":"https:\/\/thamtraisanvanphong.com.vn\/wp-content\/uploads\/2026\/04\/Tham-cuon-BETA.webp","type":"image\/webp"}],"twitter_card":"summary_large_image","schema":{"@context":"https:\/\/schema.org","@graph":[{"@type":"WebPage","@id":"https:\/\/thamtraisanvanphong.com.vn\/?product=797","url":"https:\/\/thamtraisanvanphong.com.vn\/?product=797","name":"Th\u1ea3m cu\u1ed9n Beta - Thamtraisan","isPartOf":{"@id":"https:\/\/thamtraisanvanphong.com.vn\/#website"},"datePublished":"2026-04-10T08:37:57+00:00","dateModified":"2026-04-10T08:38:52+00:00","breadcrumb":{"@id":"https:\/\/thamtraisanvanphong.com.vn\/?product=797#breadcrumb"},"inLanguage":"vi","potentialAction":[{"@type":"ReadAction","target":["https:\/\/thamtraisanvanphong.com.vn\/?product=797"]}]},{"@type":"BreadcrumbList","@id":"https:\/\/thamtraisanvanphong.com.vn\/?product=797#breadcrumb","itemListElement":[{"@type":"ListItem","position":1,"name":"Home","item":"https:\/\/thamtraisanvanphong.com.vn\/"},{"@type":"ListItem","position":2,"name":"C\u1eeda h\u00e0ng","item":"https:\/\/thamtraisanvanphong.com.vn\/?page_id=10"},{"@type":"ListItem","position":3,"name":"Th\u1ea3m cu\u1ed9n Beta"}]},{"@type":"WebSite","@id":"https:\/\/thamtraisanvanphong.com.vn\/#website","url":"https:\/\/thamtraisanvanphong.com.vn\/","name":"Thamtraisan","description":"Thamtraisangiare","potentialAction":[{"@type":"SearchAction","target":{"@type":"EntryPoint","urlTemplate":"https:\/\/thamtraisanvanphong.com.vn\/?s={search_term_string}"},"query-input":"required name=search_term_string"}],"inLanguage":"vi"}]}},"_links":{"self":[{"href":"https:\/\/thamtraisanvanphong.com.vn\/index.php?rest_route=\/wp\/v2\/product\/797","targetHints":{"allow":["GET"]}}],"collection":[{"href":"https:\/\/thamtraisanvanphong.com.vn\/index.php?rest_route=\/wp\/v2\/product"}],"about":[{"href":"https:\/\/thamtraisanvanphong.com.vn\/index.php?rest_route=\/wp\/v2\/types\/product"}],"replies":[{"embeddable":true,"href":"https:\/\/thamtraisanvanphong.com.vn\/index.php?rest_route=%2Fwp%2Fv2%2Fcomments&post=797"}],"wp:featuredmedia":[{"embeddable":true,"href":"https:\/\/thamtraisanvanphong.com.vn\/index.php?rest_route=\/wp\/v2\/media\/789"}],"wp:attachment":[{"href":"https:\/\/thamtraisanvanphong.com.vn\/index.php?rest_route=%2Fwp%2Fv2%2Fmedia&parent=797"}],"wp:term":[{"taxonomy":"product_cat","embeddable":true,"href":"https:\/\/thamtraisanvanphong.com.vn\/index.php?rest_route=%2Fwp%2Fv2%2Fproduct_cat&post=797"},{"taxonomy":"product_tag","embeddable":true,"href":"https:\/\/thamtraisanvanphong.com.vn\/index.php?rest_route=%2Fwp%2Fv2%2Fproduct_tag&post=797"}],"curies":[{"name":"wp","href":"https:\/\/api.w.org\/{rel}","templated":true}]}}