{"id":802,"date":"2026-04-11T00:28:40","date_gmt":"2026-04-10T17:28:40","guid":{"rendered":"https:\/\/thamtraisanvanphong.com.vn\/?post_type=product&#038;p=802"},"modified":"2026-04-11T09:41:06","modified_gmt":"2026-04-11T02:41:06","slug":"tham-tam-rio-t03","status":"publish","type":"product","link":"https:\/\/thamtraisanvanphong.com.vn\/?product=tham-tam-rio-t03","title":{"rendered":"Th\u1ea3m t\u1ea5m Rio T03"},"content":{"rendered":"<p><strong data-start=\"448\" data-end=\"461\">RIO \u2013 T03<\/strong>\u00a0l\u00e0 d\u00f2ng\u00a0<strong data-start=\"470\" data-end=\"490\">th\u1ea3m t\u1ea5m 50x50cm<\/strong>\u00a0cao c\u1ea5p, \u0111\u01b0\u1ee3c thi\u1ebft k\u1ebf v\u1edbi\u00a0<strong data-start=\"518\" data-end=\"553\">v\u00e2n s\u1ecdc d\u1ecdc r\u00f5 n\u00e9t, \u0111\u1ec1u t\u0103m t\u1eafp<\/strong>\u00a0tr\u00ean n\u1ec1n m\u00e0u\u00a0<strong data-start=\"567\" data-end=\"583\">ghi than s\u00e2u<\/strong>, t\u1ea1o hi\u1ec7u \u1ee9ng th\u1ecb gi\u00e1c m\u1ea1nh v\u00e0 chi\u1ec1u s\u00e2u kh\u00f4ng gian. \u0110\u00e2y l\u00e0 l\u1ef1a ch\u1ecdn l\u00fd t\u01b0\u1edfng cho c\u00e1c c\u00f4ng tr\u00ecnh c\u1ea7n\u00a0<strong data-start=\"685\" data-end=\"705\">t\u00ednh \u0111\u1ed3ng b\u1ed9 cao<\/strong>,\u00a0<strong data-start=\"707\" data-end=\"726\">b\u1ec1 m\u1eb7t b\u1ec1n v\u1eefng<\/strong>\u00a0v\u00e0\u00a0<strong data-start=\"730\" data-end=\"769\">kh\u1ea3 n\u0103ng ch\u1ed1ng tr\u01a1n tr\u01b0\u1ee3t v\u01b0\u1ee3t tr\u1ed9i<\/strong>, nh\u01b0\u00a0<strong data-start=\"775\" data-end=\"818\">\u00a0ph\u00f2ng h\u1ed9i ngh\u1ecb, khu h\u1ed9i th\u1ea3o<\/strong>, s\u1ea3nh s\u1ef1 ki\u1ec7n ho\u1eb7c khu v\u1ef1c th\u01b0\u01a1ng m\u1ea1i cao t\u1ea7ng.<\/p>\n<p data-start=\"274\" data-end=\"415\"><strong data-start=\"277\" data-end=\"415\">Th\u1ea3m Tr\u1ea3i S\u00e0n D\u1ea1ng T\u1ea5m BITUMEN RIO \u2013 T03 | V\u00e2n S\u1ecdc Ngang Hi\u1ec7n \u0110\u1ea1i \u2013 L\u1ef1a Ch\u1ecdn \u0110\u00e1ng Tin C\u1eady Cho Trung T\u00e2m Th\u01b0\u01a1ng M\u1ea1i v\u00e0 D\u1ef1 \u00c1n Quy M\u00f4 L\u1edbn<\/strong><\/p>\n<p data-start=\"417\" data-end=\"529\"><strong data-start=\"421\" data-end=\"529\">T\u00ednh \u1ed5n \u0111\u1ecbnh cao \u2013 Th\u1ea9m m\u1ef9 hi\u1ec7n \u0111\u1ea1i \u2013 Gi\u1ea3i ph\u00e1p th\u1ea3m s\u00e0n \u0111\u1ed3ng b\u1ed9 cho kh\u00f4ng gian th\u01b0\u01a1ng m\u1ea1i chuy\u00ean nghi\u1ec7p<\/strong><\/p>\n<p class=\"\" data-start=\"531\" data-end=\"826\"><strong data-start=\"531\" data-end=\"544\">RIO \u2013 T03<\/strong>\u00a0l\u00e0 m\u1eabu\u00a0<strong data-start=\"552\" data-end=\"583\">th\u1ea3m t\u1ea5m k\u00edch th\u01b0\u1edbc 50x50cm<\/strong>\u00a0thu\u1ed9c d\u00f2ng s\u1ea3n ph\u1ea9m cao c\u1ea5p s\u1eed d\u1ee5ng\u00a0<strong data-start=\"620\" data-end=\"639\">\u0111\u1ebf nh\u1ef1a bitumen<\/strong>, \u0111\u01b0\u1ee3c ph\u00e1t tri\u1ec3n \u0111\u1ec3 \u0111\u00e1p \u1ee9ng ti\u00eau chu\u1ea9n k\u1ef9 thu\u1eadt v\u00e0 th\u1ea9m m\u1ef9 kh\u1eaft khe trong c\u00e1c d\u1ef1 \u00e1n\u00a0<strong data-start=\"724\" data-end=\"748\">trung t\u00e2m th\u01b0\u01a1ng m\u1ea1i<\/strong>,\u00a0<strong data-start=\"750\" data-end=\"770\">v\u0103n ph\u00f2ng h\u1ea1ng A<\/strong>,\u00a0<strong data-start=\"772\" data-end=\"796\">t\u00f2a nh\u00e0 \u0111a ch\u1ee9c n\u0103ng<\/strong>,\u00a0<strong data-start=\"798\" data-end=\"825\">chu\u1ed7i b\u00e1n l\u1ebb quy m\u00f4 l\u1edbn<\/strong>.<\/p>\n<p class=\"\" data-start=\"828\" data-end=\"1082\">S\u1ea3n ph\u1ea9m n\u1ed5i b\u1eadt v\u1edbi\u00a0<strong data-start=\"849\" data-end=\"882\">h\u1ecda ti\u1ebft v\u00e2n s\u1ecdc ngang \u0111a l\u1edbp<\/strong>\u00a0tr\u00ean t\u00f4ng m\u00e0u\u00a0<strong data-start=\"897\" data-end=\"920\">n\u00e2u \u2013 be \u2013 x\u00e1m l\u1ea1nh<\/strong>, mang \u0111\u1ebfn s\u1ef1 h\u00e0i h\u00f2a th\u1ecb gi\u00e1c, c\u1ea3m gi\u00e1c li\u1ec1n m\u1ea1ch v\u00e0 hi\u1ec7n \u0111\u1ea1i \u2013 \u0111\u1ed3ng th\u1eddi gi\u00fap che ph\u1ee7 t\u1ed1t v\u1ebft b\u1ea9n ho\u1eb7c d\u1ea5u v\u1ebft di chuy\u1ec3n trong m\u00f4i tr\u01b0\u1eddng c\u00f3 m\u1eadt \u0111\u1ed9 s\u1eed d\u1ee5ng cao.<\/p>\n<p data-start=\"828\" data-end=\"1082\"><img loading=\"lazy\" decoding=\"async\" class=\"alignnone size-medium wp-image-823\" src=\"https:\/\/thamtraisanvanphong.com.vn\/wp-content\/uploads\/2026\/04\/Tham-tam-Rio_T03-pc2-425x400.png\" alt=\"\" width=\"425\" height=\"400\" srcset=\"https:\/\/thamtraisanvanphong.com.vn\/wp-content\/uploads\/2026\/04\/Tham-tam-Rio_T03-pc2-425x400.png 425w, https:\/\/thamtraisanvanphong.com.vn\/wp-content\/uploads\/2026\/04\/Tham-tam-Rio_T03-pc2-200x188.png 200w, https:\/\/thamtraisanvanphong.com.vn\/wp-content\/uploads\/2026\/04\/Tham-tam-Rio_T03-pc2-510x480.png 510w, https:\/\/thamtraisanvanphong.com.vn\/wp-content\/uploads\/2026\/04\/Tham-tam-Rio_T03-pc2.png 688w\" sizes=\"auto, (max-width: 425px) 100vw, 425px\" \/><img loading=\"lazy\" decoding=\"async\" class=\"alignnone size-medium wp-image-824\" src=\"https:\/\/thamtraisanvanphong.com.vn\/wp-content\/uploads\/2026\/04\/Tham-tam-Rio_T03-pc1-424x400.png\" alt=\"\" width=\"424\" height=\"400\" srcset=\"https:\/\/thamtraisanvanphong.com.vn\/wp-content\/uploads\/2026\/04\/Tham-tam-Rio_T03-pc1-424x400.png 424w, https:\/\/thamtraisanvanphong.com.vn\/wp-content\/uploads\/2026\/04\/Tham-tam-Rio_T03-pc1-200x189.png 200w, https:\/\/thamtraisanvanphong.com.vn\/wp-content\/uploads\/2026\/04\/Tham-tam-Rio_T03-pc1-510x481.png 510w, https:\/\/thamtraisanvanphong.com.vn\/wp-content\/uploads\/2026\/04\/Tham-tam-Rio_T03-pc1.png 703w\" sizes=\"auto, (max-width: 424px) 100vw, 424px\" \/><\/p>\n<h3 class=\"\" data-start=\"1089\" data-end=\"1161\">\u00a0<strong data-start=\"1097\" data-end=\"1161\">L\u00fd do RIO \u2013 T03 ph\u00f9 h\u1ee3p v\u1edbi c\u00f4ng tr\u00ecnh th\u01b0\u01a1ng m\u1ea1i quy m\u00f4 l\u1edbn<\/strong><\/h3>\n<ul data-start=\"1163\" data-end=\"1846\">\n<li class=\"\" data-start=\"1163\" data-end=\"1318\">\n<p class=\"\" data-start=\"1165\" data-end=\"1318\"><strong data-start=\"1165\" data-end=\"1228\">T\u00f4ng m\u00e0u trung t\u00ednh \u2013 ph\u1ed1i m\u00e0u chuy\u1ec3n t\u1ea7ng (n\u00e2u \u2013 be \u2013 x\u00e1m)<\/strong>: D\u1ec5 k\u1ebft h\u1ee3p v\u1edbi nhi\u1ec1u phong c\u00e1ch thi\u1ebft k\u1ebf n\u1ed9i th\u1ea5t, t\u1ea1o c\u1ea3m gi\u00e1c th\u1ed1ng nh\u1ea5t kh\u00f4ng gian.<\/p>\n<\/li>\n<li class=\"\" data-start=\"1319\" data-end=\"1434\">\n<p class=\"\" data-start=\"1321\" data-end=\"1434\"><strong data-start=\"1321\" data-end=\"1432\">V\u00e2n s\u1ecdc ngang \u0111\u1ec1u \u0111\u1eb7n \u2013 t\u0103ng hi\u1ec7u \u1ee9ng chi\u1ec1u r\u1ed9ng, gi\u00fap kh\u00f4ng gian th\u00f4ng tho\u00e1ng v\u00e0 \u0111\u1ecbnh h\u01b0\u1edbng l\u1ed1i \u0111i r\u00f5 r\u00e0ng<\/strong><\/p>\n<\/li>\n<li class=\"\" data-start=\"1435\" data-end=\"1535\">\n<p class=\"\" data-start=\"1437\" data-end=\"1535\"><strong data-start=\"1437\" data-end=\"1533\">\u0110\u1ebf Bitumen nh\u1eadp kh\u1ea9u \u2013 ch\u1ed1ng \u1ea9m tuy\u1ec7t \u0111\u1ed1i, kh\u00f4ng cong v\u00eanh, ph\u00f9 h\u1ee3p kh\u00ed h\u1eadu n\u00f3ng \u1ea9m Vi\u1ec7t Nam<\/strong><\/p>\n<\/li>\n<li class=\"\" data-start=\"1536\" data-end=\"1641\">\n<p class=\"\" data-start=\"1538\" data-end=\"1641\"><strong data-start=\"1538\" data-end=\"1639\">K\u1ebft c\u1ea5u d\u1ea1ng t\u1ea5m \u2013 thu\u1eadn ti\u1ec7n cho vi\u1ec7c thi c\u00f4ng nhanh, b\u1ea3o tr\u00ec \u0111\u1ecbnh k\u1ef3 v\u00e0 thay th\u1ebf khu v\u1ef1c c\u1ee5c b\u1ed9<\/strong><\/p>\n<\/li>\n<li class=\"\" data-start=\"1642\" data-end=\"1739\">\n<p class=\"\" data-start=\"1644\" data-end=\"1739\"><strong data-start=\"1644\" data-end=\"1737\">Ch\u1ea5t li\u1ec7u s\u1ee3i PP cao c\u1ea5p \u2013 kh\u00e1ng b\u1ee5i, kh\u00e1ng x\u00f9, d\u1ec5 l\u00e0m s\u1ea1ch, ph\u00f9 h\u1ee3p m\u00f4i tr\u01b0\u1eddng c\u00f4ng c\u1ed9ng<\/strong><\/p>\n<\/li>\n<li class=\"\" data-start=\"1740\" data-end=\"1846\">\n<p class=\"\" data-start=\"1742\" data-end=\"1846\"><strong data-start=\"1742\" data-end=\"1782\">C\u00e1ch \u00e2m \u2013 ch\u1ed1ng rung \u2013 gi\u1eef nhi\u1ec7t t\u1ed1t<\/strong>, n\u00e2ng cao tr\u1ea3i nghi\u1ec7m c\u1ee7a kh\u00e1ch h\u00e0ng trong trung t\u00e2m th\u01b0\u01a1ng m\u1ea1i<\/p>\n<\/li>\n<\/ul>\n","protected":false},"excerpt":{"rendered":"<h3 class=\"\" data-start=\"1853\" data-end=\"1888\">\u00a0<strong data-start=\"1860\" data-end=\"1888\">Th\u00f4ng s\u1ed1 k\u1ef9 thu\u1eadt c\u01a1 b\u1ea3n<\/strong><\/h3>\n<ul data-start=\"1890\" data-end=\"2175\">\n<li class=\"\" data-start=\"1890\" data-end=\"1920\">\n<p class=\"\" data-start=\"1892\" data-end=\"1920\"><strong data-start=\"1892\" data-end=\"1907\">M\u00e3 s\u1ea3n ph\u1ea9m<\/strong>: RIO \u2013 T03<\/p>\n<\/li>\n<li class=\"\" data-start=\"1921\" data-end=\"1952\">\n<p class=\"\" data-start=\"1923\" data-end=\"1952\"><strong data-start=\"1923\" data-end=\"1937\">K\u00edch th\u01b0\u1edbc<\/strong>: 50cm x 50cm<\/p>\n<\/li>\n<li class=\"\" data-start=\"1953\" data-end=\"1994\">\n<p class=\"\" data-start=\"1955\" data-end=\"1994\"><strong data-start=\"1955\" data-end=\"1972\">Ch\u1ea5t li\u1ec7u s\u1ee3i<\/strong>: Polypropylene (PP)<\/p>\n<\/li>\n<li class=\"\" data-start=\"1995\" data-end=\"2045\">\n<p class=\"\" data-start=\"1997\" data-end=\"2045\"><strong data-start=\"1997\" data-end=\"2008\">\u0110\u1ebf th\u1ea3m<\/strong>: Nh\u1ef1a Bitumen \u2013 ti\u00eau chu\u1ea9n qu\u1ed1c t\u1ebf<\/p>\n<\/li>\n<li class=\"\" data-start=\"2046\" data-end=\"2077\">\n<p class=\"\" data-start=\"2048\" data-end=\"2077\"><strong data-start=\"2048\" data-end=\"2067\">\u0110\u1ed9 d\u00e0y t\u1ed5ng th\u1ec3<\/strong>: ~6\u20137mm<\/p>\n<\/li>\n<li class=\"\" data-start=\"2078\" data-end=\"2129\">\n<p class=\"\" data-start=\"2080\" data-end=\"2129\"><strong data-start=\"2080\" data-end=\"2090\">B\u1ec1 m\u1eb7t<\/strong>: V\u00e2n s\u1ecdc ngang, d\u1ec7t v\u00f2ng (loop pile)<\/p>\n<\/li>\n<li class=\"\" data-start=\"2130\" data-end=\"2175\">\n<p class=\"\" data-start=\"2132\" data-end=\"2175\"><strong data-start=\"2132\" data-end=\"2151\">M\u00e0u s\u1eafc th\u1ef1c t\u1ebf<\/strong>: N\u00e2u \u2013 be \u2013 ghi \u00e1nh x\u00e1m<\/p>\n<\/li>\n<\/ul>\n","protected":false},"featured_media":825,"comment_status":"open","ping_status":"closed","template":"","meta":[],"product_cat":[96,112],"product_tag":[104,103,102,105],"class_list":{"0":"post-802","1":"product","2":"type-product","3":"status-publish","4":"has-post-thumbnail","6":"product_cat-tham-tam","7":"product_cat-tham-tam-rio","8":"product_tag-tham-de-bitumen-cao-cap","9":"product_tag-tham-tam-trung-tam-thuong-mai","10":"product_tag-tham-trai-san-rio-t03","11":"product_tag-tham-trai-san-van-phong-toa-nha","13":"first","14":"instock","15":"sale","16":"shipping-taxable","17":"purchasable","18":"product-type-simple"},"yoast_head":"<!-- This site is optimized with the Yoast SEO Premium plugin v20.12 (Yoast SEO v20.12) - https:\/\/yoast.com\/wordpress\/plugins\/seo\/ -->\n<title>Th\u1ea3m t\u1ea5m Rio T03 - Thamtraisan<\/title>\n<meta name=\"robots\" content=\"index, follow, max-snippet:-1, max-image-preview:large, max-video-preview:-1\" \/>\n<link rel=\"canonical\" href=\"https:\/\/thamtraisanvanphong.com.vn\/?product=tham-tam-rio-t03\" \/>\n<meta property=\"og:locale\" content=\"vi_VN\" \/>\n<meta property=\"og:type\" content=\"article\" \/>\n<meta property=\"og:title\" content=\"Th\u1ea3m t\u1ea5m Rio T03\" \/>\n<meta property=\"og:description\" content=\"\u00a0Th\u00f4ng s\u1ed1 k\u1ef9 thu\u1eadt c\u01a1 b\u1ea3n    M\u00e3 s\u1ea3n ph\u1ea9m: RIO \u2013 T03    K\u00edch th\u01b0\u1edbc: 50cm x 50cm    Ch\u1ea5t li\u1ec7u s\u1ee3i: Polypropylene (PP)    \u0110\u1ebf th\u1ea3m: Nh\u1ef1a Bitumen \u2013 ti\u00eau chu\u1ea9n qu\u1ed1c t\u1ebf    \u0110\u1ed9 d\u00e0y t\u1ed5ng th\u1ec3: ~6\u20137mm    B\u1ec1 m\u1eb7t: V\u00e2n s\u1ecdc ngang, d\u1ec7t v\u00f2ng (loop pile)    M\u00e0u s\u1eafc th\u1ef1c t\u1ebf: N\u00e2u \u2013 be \u2013 ghi \u00e1nh x\u00e1m\" \/>\n<meta property=\"og:url\" content=\"https:\/\/thamtraisanvanphong.com.vn\/?product=tham-tam-rio-t03\" \/>\n<meta property=\"og:site_name\" content=\"Thamtraisan\" \/>\n<meta property=\"article:modified_time\" content=\"2026-04-11T02:41:06+00:00\" \/>\n<meta property=\"og:image\" content=\"https:\/\/thamtraisanvanphong.com.vn\/wp-content\/uploads\/2026\/04\/Tham-tam-Rio_T03.png\" \/>\n\t<meta property=\"og:image:width\" content=\"667\" \/>\n\t<meta property=\"og:image:height\" content=\"656\" \/>\n\t<meta property=\"og:image:type\" content=\"image\/png\" \/>\n<meta name=\"twitter:card\" content=\"summary_large_image\" \/>\n<meta name=\"twitter:label1\" content=\"\u01af\u1edbc t\u00ednh th\u1eddi gian \u0111\u1ecdc\" \/>\n\t<meta name=\"twitter:data1\" content=\"3 ph\u00fat\" \/>\n<script type=\"application\/ld+json\" class=\"yoast-schema-graph\">{\"@context\":\"https:\/\/schema.org\",\"@graph\":[{\"@type\":\"WebPage\",\"@id\":\"https:\/\/thamtraisanvanphong.com.vn\/?product=tham-tam-rio-t03\",\"url\":\"https:\/\/thamtraisanvanphong.com.vn\/?product=tham-tam-rio-t03\",\"name\":\"Th\u1ea3m t\u1ea5m Rio T03 - Thamtraisan\",\"isPartOf\":{\"@id\":\"https:\/\/thamtraisanvanphong.com.vn\/#website\"},\"datePublished\":\"2026-04-10T17:28:40+00:00\",\"dateModified\":\"2026-04-11T02:41:06+00:00\",\"breadcrumb\":{\"@id\":\"https:\/\/thamtraisanvanphong.com.vn\/?product=tham-tam-rio-t03#breadcrumb\"},\"inLanguage\":\"vi\",\"potentialAction\":[{\"@type\":\"ReadAction\",\"target\":[\"https:\/\/thamtraisanvanphong.com.vn\/?product=tham-tam-rio-t03\"]}]},{\"@type\":\"BreadcrumbList\",\"@id\":\"https:\/\/thamtraisanvanphong.com.vn\/?product=tham-tam-rio-t03#breadcrumb\",\"itemListElement\":[{\"@type\":\"ListItem\",\"position\":1,\"name\":\"Home\",\"item\":\"https:\/\/thamtraisanvanphong.com.vn\/\"},{\"@type\":\"ListItem\",\"position\":2,\"name\":\"C\u1eeda h\u00e0ng\",\"item\":\"https:\/\/thamtraisanvanphong.com.vn\/?page_id=10\"},{\"@type\":\"ListItem\",\"position\":3,\"name\":\"Th\u1ea3m t\u1ea5m Rio T03\"}]},{\"@type\":\"WebSite\",\"@id\":\"https:\/\/thamtraisanvanphong.com.vn\/#website\",\"url\":\"https:\/\/thamtraisanvanphong.com.vn\/\",\"name\":\"Thamtraisan\",\"description\":\"Thamtraisangiare\",\"potentialAction\":[{\"@type\":\"SearchAction\",\"target\":{\"@type\":\"EntryPoint\",\"urlTemplate\":\"https:\/\/thamtraisanvanphong.com.vn\/?s={search_term_string}\"},\"query-input\":\"required name=search_term_string\"}],\"inLanguage\":\"vi\"}]}<\/script>\n<!-- \/ Yoast SEO Premium plugin. -->","yoast_head_json":{"title":"Th\u1ea3m t\u1ea5m Rio T03 - Thamtraisan","robots":{"index":"index","follow":"follow","max-snippet":"max-snippet:-1","max-image-preview":"max-image-preview:large","max-video-preview":"max-video-preview:-1"},"canonical":"https:\/\/thamtraisanvanphong.com.vn\/?product=tham-tam-rio-t03","og_locale":"vi_VN","og_type":"article","og_title":"Th\u1ea3m t\u1ea5m Rio T03","og_description":"\u00a0Th\u00f4ng s\u1ed1 k\u1ef9 thu\u1eadt c\u01a1 b\u1ea3n    M\u00e3 s\u1ea3n ph\u1ea9m: RIO \u2013 T03    K\u00edch th\u01b0\u1edbc: 50cm x 50cm    Ch\u1ea5t li\u1ec7u s\u1ee3i: Polypropylene (PP)    \u0110\u1ebf th\u1ea3m: Nh\u1ef1a Bitumen \u2013 ti\u00eau chu\u1ea9n qu\u1ed1c t\u1ebf    \u0110\u1ed9 d\u00e0y t\u1ed5ng th\u1ec3: ~6\u20137mm    B\u1ec1 m\u1eb7t: V\u00e2n s\u1ecdc ngang, d\u1ec7t v\u00f2ng (loop pile)    M\u00e0u s\u1eafc th\u1ef1c t\u1ebf: N\u00e2u \u2013 be \u2013 ghi \u00e1nh x\u00e1m","og_url":"https:\/\/thamtraisanvanphong.com.vn\/?product=tham-tam-rio-t03","og_site_name":"Thamtraisan","article_modified_time":"2026-04-11T02:41:06+00:00","og_image":[{"url":"https:\/\/thamtraisanvanphong.com.vn\/wp-content\/uploads\/2026\/04\/Tham-tam-Rio_T03.png","width":667,"height":656,"type":"image\/png"}],"twitter_card":"summary_large_image","twitter_misc":{"\u01af\u1edbc t\u00ednh th\u1eddi gian \u0111\u1ecdc":"3 ph\u00fat"},"schema":{"@context":"https:\/\/schema.org","@graph":[{"@type":"WebPage","@id":"https:\/\/thamtraisanvanphong.com.vn\/?product=tham-tam-rio-t03","url":"https:\/\/thamtraisanvanphong.com.vn\/?product=tham-tam-rio-t03","name":"Th\u1ea3m t\u1ea5m Rio T03 - Thamtraisan","isPartOf":{"@id":"https:\/\/thamtraisanvanphong.com.vn\/#website"},"datePublished":"2026-04-10T17:28:40+00:00","dateModified":"2026-04-11T02:41:06+00:00","breadcrumb":{"@id":"https:\/\/thamtraisanvanphong.com.vn\/?product=tham-tam-rio-t03#breadcrumb"},"inLanguage":"vi","potentialAction":[{"@type":"ReadAction","target":["https:\/\/thamtraisanvanphong.com.vn\/?product=tham-tam-rio-t03"]}]},{"@type":"BreadcrumbList","@id":"https:\/\/thamtraisanvanphong.com.vn\/?product=tham-tam-rio-t03#breadcrumb","itemListElement":[{"@type":"ListItem","position":1,"name":"Home","item":"https:\/\/thamtraisanvanphong.com.vn\/"},{"@type":"ListItem","position":2,"name":"C\u1eeda h\u00e0ng","item":"https:\/\/thamtraisanvanphong.com.vn\/?page_id=10"},{"@type":"ListItem","position":3,"name":"Th\u1ea3m t\u1ea5m Rio T03"}]},{"@type":"WebSite","@id":"https:\/\/thamtraisanvanphong.com.vn\/#website","url":"https:\/\/thamtraisanvanphong.com.vn\/","name":"Thamtraisan","description":"Thamtraisangiare","potentialAction":[{"@type":"SearchAction","target":{"@type":"EntryPoint","urlTemplate":"https:\/\/thamtraisanvanphong.com.vn\/?s={search_term_string}"},"query-input":"required name=search_term_string"}],"inLanguage":"vi"}]}},"_links":{"self":[{"href":"https:\/\/thamtraisanvanphong.com.vn\/index.php?rest_route=\/wp\/v2\/product\/802","targetHints":{"allow":["GET"]}}],"collection":[{"href":"https:\/\/thamtraisanvanphong.com.vn\/index.php?rest_route=\/wp\/v2\/product"}],"about":[{"href":"https:\/\/thamtraisanvanphong.com.vn\/index.php?rest_route=\/wp\/v2\/types\/product"}],"replies":[{"embeddable":true,"href":"https:\/\/thamtraisanvanphong.com.vn\/index.php?rest_route=%2Fwp%2Fv2%2Fcomments&post=802"}],"wp:featuredmedia":[{"embeddable":true,"href":"https:\/\/thamtraisanvanphong.com.vn\/index.php?rest_route=\/wp\/v2\/media\/825"}],"wp:attachment":[{"href":"https:\/\/thamtraisanvanphong.com.vn\/index.php?rest_route=%2Fwp%2Fv2%2Fmedia&parent=802"}],"wp:term":[{"taxonomy":"product_cat","embeddable":true,"href":"https:\/\/thamtraisanvanphong.com.vn\/index.php?rest_route=%2Fwp%2Fv2%2Fproduct_cat&post=802"},{"taxonomy":"product_tag","embeddable":true,"href":"https:\/\/thamtraisanvanphong.com.vn\/index.php?rest_route=%2Fwp%2Fv2%2Fproduct_tag&post=802"}],"curies":[{"name":"wp","href":"https:\/\/api.w.org\/{rel}","templated":true}]}}