{"id":826,"date":"2026-04-11T00:30:22","date_gmt":"2026-04-10T17:30:22","guid":{"rendered":"https:\/\/thamtraisanvanphong.com.vn\/?post_type=product&#038;p=826"},"modified":"2026-04-11T09:41:06","modified_gmt":"2026-04-11T02:41:06","slug":"tham-tam-rio-t05","status":"publish","type":"product","link":"https:\/\/thamtraisanvanphong.com.vn\/?product=tham-tam-rio-t05","title":{"rendered":"Th\u1ea3m t\u1ea5m Rio T05"},"content":{"rendered":"<h4 data-start=\"347\" data-end=\"498\"><strong data-start=\"350\" data-end=\"498\">Th\u1ea3m Tr\u1ea3i S\u00e0n D\u1ea1ng T\u1ea5m BITUMEN RIO \u2013 T05 | S\u1ecdc Ngang Ghi Nh\u1ea1t T\u1ed1i Gi\u1ea3n \u2013 Gi\u1ea3i Ph\u00e1p T\u1ed1i \u01afu Cho V\u0103n Ph\u00f2ng, Trung T\u00e2m Th\u01b0\u01a1ng M\u1ea1i, Kh\u00f4ng Gian H\u1ea1ng A<\/strong><\/h4>\n<h4 data-start=\"500\" data-end=\"552\"><strong data-start=\"504\" data-end=\"552\">\u0110\u1ed3ng b\u1ed9 \u2013 \u1ed4n \u0111\u1ecbnh \u2013 T\u1ed1i gi\u1ea3n nh\u01b0ng kh\u00e1c bi\u1ec7t<\/strong><\/h4>\n<p class=\"\" data-start=\"554\" data-end=\"988\"><strong data-start=\"554\" data-end=\"567\">RIO \u2013 T05<\/strong>\u00a0l\u00e0 m\u1eabu\u00a0<strong data-start=\"575\" data-end=\"606\">th\u1ea3m t\u1ea5m k\u00edch th\u01b0\u1edbc 50x50cm<\/strong>, s\u1edf h\u1eefu thi\u1ebft k\u1ebf\u00a0<strong data-start=\"624\" data-end=\"663\">v\u00e2n s\u1ecdc ngang ph\u1ed1i ghi s\u00e1ng tinh t\u1ebf<\/strong>, \u0111\u01b0\u1ee3c \u1ee9ng d\u1ee5ng r\u1ed9ng r\u00e3i trong c\u00e1c d\u1ef1 \u00e1n\u00a0<strong data-start=\"704\" data-end=\"726\">v\u0103n ph\u00f2ng hi\u1ec7n \u0111\u1ea1i<\/strong>,\u00a0<strong data-start=\"728\" data-end=\"752\">trung t\u00e2m th\u01b0\u01a1ng m\u1ea1i<\/strong>,\u00a0<strong data-start=\"754\" data-end=\"778\">t\u00f2a nh\u00e0 \u0111a ch\u1ee9c n\u0103ng<\/strong>\u00a0ho\u1eb7c\u00a0<strong data-start=\"784\" data-end=\"824\">khu v\u1ef1c d\u1ecbch v\u1ee5 \u2013 ti\u1ec7n \u00edch c\u00f4ng c\u1ed9ng<\/strong>. V\u1edbi c\u1ea5u tr\u00fac v\u00e2n d\u1ec7t \u0111\u1ec1u, ph\u1ed1i m\u00e0u trung t\u00ednh theo c\u00e1c l\u1edbp \u00e1nh s\u00e1ng, s\u1ea3n ph\u1ea9m gi\u00fap m\u1edf r\u1ed9ng c\u1ea3m gi\u00e1c kh\u00f4ng gian v\u00e0 n\u00e2ng cao t\u00ednh nh\u1ea5t qu\u00e1n trong thi\u1ebft k\u1ebf n\u1ed9i th\u1ea5t.<\/p>\n<h3 class=\"\" data-start=\"995\" data-end=\"1077\"><strong data-start=\"1003\" data-end=\"1077\">L\u00fd t\u01b0\u1edfng cho c\u00f4ng tr\u00ecnh c\u00f3 y\u00eau c\u1ea7u cao v\u1ec1 m\u1ef9 quan \u2013 k\u1ef9 thu\u1eadt \u2013 b\u1ea3o tr\u00ec<\/strong><\/h3>\n<ul data-start=\"1079\" data-end=\"1615\">\n<li class=\"\" data-start=\"1079\" data-end=\"1201\">\n<p class=\"\" data-start=\"1081\" data-end=\"1201\"><strong data-start=\"1081\" data-end=\"1122\">T\u00f4ng ghi nh\u1ea1t ph\u1ed1i s\u1ecdc ngang t\u1ea7ng l\u1edbp<\/strong>\u00a0\u2013 hi\u1ec7n \u0111\u1ea1i, l\u1ecbch thi\u1ec7p, gi\u00fap che ph\u1ee7 v\u1ebft b\u1ee5i v\u00e0 gi\u1eef kh\u00f4ng gian lu\u00f4n g\u1ecdn g\u00e0ng<\/p>\n<\/li>\n<li class=\"\" data-start=\"1202\" data-end=\"1286\">\n<p class=\"\" data-start=\"1204\" data-end=\"1286\"><strong data-start=\"1204\" data-end=\"1284\">K\u1ebft c\u1ea5u s\u1ee3i \u0111\u1ec1u \u2013 \u0111\u1ecbnh h\u01b0\u1edbng r\u00f5, t\u1ea1o hi\u1ec7u \u1ee9ng chi\u1ec1u ngang m\u1edf r\u1ed9ng kh\u00f4ng gian<\/strong><\/p>\n<\/li>\n<li class=\"\" data-start=\"1287\" data-end=\"1373\">\n<p class=\"\" data-start=\"1289\" data-end=\"1373\"><strong data-start=\"1289\" data-end=\"1371\">\u0110\u1ebf bitumen cao c\u1ea5p \u2013 ch\u1ed1ng \u1ea9m, \u1ed5n \u0111\u1ecbnh m\u1eb7t s\u00e0n, kh\u00f4ng cong v\u00eanh theo th\u1eddi gian<\/strong><\/p>\n<\/li>\n<li class=\"\" data-start=\"1374\" data-end=\"1452\">\n<p class=\"\" data-start=\"1376\" data-end=\"1452\"><strong data-start=\"1376\" data-end=\"1450\">Thi\u1ebft k\u1ebf t\u1ea5m 50x50cm \u2013 h\u1ed7 tr\u1ee3 thi c\u00f4ng nhanh ch\u00f3ng, d\u1ec5 thay th\u1ebf c\u1ee5c b\u1ed9<\/strong><\/p>\n<\/li>\n<li class=\"\" data-start=\"1453\" data-end=\"1526\">\n<p class=\"\" data-start=\"1455\" data-end=\"1526\"><strong data-start=\"1455\" data-end=\"1524\">S\u1ee3i PP ch\u1ea5t l\u01b0\u1ee3ng cao \u2013 kh\u00e1ng x\u00f9 l\u00f4ng, kh\u00f4ng phai m\u00e0u, d\u1ec5 v\u1ec7 sinh<\/strong><\/p>\n<\/li>\n<li class=\"\" data-start=\"1527\" data-end=\"1615\">\n<p class=\"\" data-start=\"1529\" data-end=\"1615\"><strong data-start=\"1529\" data-end=\"1615\">C\u00e1ch \u00e2m v\u00e0 gi\u1ea3m ch\u1ea5n t\u1ed1t \u2013 t\u0103ng ch\u1ea5t l\u01b0\u1ee3ng tr\u1ea3i nghi\u1ec7m trong kh\u00f4ng gian \u0111\u00f4ng ng\u01b0\u1eddi<\/strong><\/p>\n<\/li>\n<\/ul>\n","protected":false},"excerpt":{"rendered":"<h3 class=\"\" data-start=\"1853\" data-end=\"1888\">\u00a0<strong data-start=\"1860\" data-end=\"1888\">Th\u00f4ng s\u1ed1 k\u1ef9 thu\u1eadt c\u01a1 b\u1ea3n<\/strong><\/h3>\n<ul data-start=\"1890\" data-end=\"2175\">\n<li class=\"\" data-start=\"1890\" data-end=\"1920\">\n<p class=\"\" data-start=\"1892\" data-end=\"1920\"><strong data-start=\"1892\" data-end=\"1907\">M\u00e3 s\u1ea3n ph\u1ea9m<\/strong>: RIO \u2013 T05<\/p>\n<\/li>\n<li class=\"\" data-start=\"1921\" data-end=\"1952\">\n<p class=\"\" data-start=\"1923\" data-end=\"1952\"><strong data-start=\"1923\" data-end=\"1937\">K\u00edch th\u01b0\u1edbc<\/strong>: 50cm x 50cm<\/p>\n<\/li>\n<li class=\"\" data-start=\"1953\" data-end=\"1994\">\n<p class=\"\" data-start=\"1955\" data-end=\"1994\"><strong data-start=\"1955\" data-end=\"1972\">Ch\u1ea5t li\u1ec7u s\u1ee3i<\/strong>: Polypropylene (PP)<\/p>\n<\/li>\n<li class=\"\" data-start=\"1995\" data-end=\"2045\">\n<p class=\"\" data-start=\"1997\" data-end=\"2045\"><strong data-start=\"1997\" data-end=\"2008\">\u0110\u1ebf th\u1ea3m<\/strong>: Nh\u1ef1a Bitumen \u2013 ti\u00eau chu\u1ea9n qu\u1ed1c t\u1ebf<\/p>\n<\/li>\n<li class=\"\" data-start=\"2046\" data-end=\"2077\">\n<p class=\"\" data-start=\"2048\" data-end=\"2077\"><strong data-start=\"2048\" data-end=\"2067\">\u0110\u1ed9 d\u00e0y t\u1ed5ng th\u1ec3<\/strong>: ~6\u20137mm<\/p>\n<\/li>\n<li class=\"\" data-start=\"2078\" data-end=\"2129\">\n<p class=\"\" data-start=\"2080\" data-end=\"2129\"><strong data-start=\"2080\" data-end=\"2090\">B\u1ec1 m\u1eb7t<\/strong>: V\u00e2n s\u1ecdc ngang, d\u1ec7t v\u00f2ng (loop pile)<\/p>\n<\/li>\n<li class=\"\" data-start=\"2130\" data-end=\"2175\">\n<p class=\"\" data-start=\"2132\" data-end=\"2175\"><strong data-start=\"2132\" data-end=\"2151\">M\u00e0u s\u1eafc th\u1ef1c t\u1ebf<\/strong>: N\u00e2u \u2013 be \u2013 ghi \u00e1nh x\u00e1m<\/p>\n<\/li>\n<\/ul>\n","protected":false},"featured_media":822,"comment_status":"open","ping_status":"closed","template":"","meta":[],"product_cat":[96,112],"product_tag":[104,106,103,105],"class_list":{"0":"post-826","1":"product","2":"type-product","3":"status-publish","4":"has-post-thumbnail","6":"product_cat-tham-tam","7":"product_cat-tham-tam-rio","8":"product_tag-tham-de-bitumen-cao-cap","9":"product_tag-tham-rio-t05","10":"product_tag-tham-tam-trung-tam-thuong-mai","11":"product_tag-tham-trai-san-van-phong-toa-nha","13":"first","14":"instock","15":"sale","16":"shipping-taxable","17":"purchasable","18":"product-type-simple"},"yoast_head":"<!-- This site is optimized with the Yoast SEO Premium plugin v20.12 (Yoast SEO v20.12) - https:\/\/yoast.com\/wordpress\/plugins\/seo\/ -->\n<title>Th\u1ea3m t\u1ea5m Rio T05 - Thamtraisan<\/title>\n<meta name=\"robots\" content=\"index, follow, max-snippet:-1, max-image-preview:large, max-video-preview:-1\" \/>\n<link rel=\"canonical\" href=\"https:\/\/thamtraisanvanphong.com.vn\/?product=tham-tam-rio-t05\" \/>\n<meta property=\"og:locale\" content=\"vi_VN\" \/>\n<meta property=\"og:type\" content=\"article\" \/>\n<meta property=\"og:title\" content=\"Th\u1ea3m t\u1ea5m Rio T05\" \/>\n<meta property=\"og:description\" content=\"\u00a0Th\u00f4ng s\u1ed1 k\u1ef9 thu\u1eadt c\u01a1 b\u1ea3n    M\u00e3 s\u1ea3n ph\u1ea9m: RIO \u2013 T05    K\u00edch th\u01b0\u1edbc: 50cm x 50cm    Ch\u1ea5t li\u1ec7u s\u1ee3i: Polypropylene (PP)    \u0110\u1ebf th\u1ea3m: Nh\u1ef1a Bitumen \u2013 ti\u00eau chu\u1ea9n qu\u1ed1c t\u1ebf    \u0110\u1ed9 d\u00e0y t\u1ed5ng th\u1ec3: ~6\u20137mm    B\u1ec1 m\u1eb7t: V\u00e2n s\u1ecdc ngang, d\u1ec7t v\u00f2ng (loop pile)    M\u00e0u s\u1eafc th\u1ef1c t\u1ebf: N\u00e2u \u2013 be \u2013 ghi \u00e1nh x\u00e1m\" \/>\n<meta property=\"og:url\" content=\"https:\/\/thamtraisanvanphong.com.vn\/?product=tham-tam-rio-t05\" \/>\n<meta property=\"og:site_name\" content=\"Thamtraisan\" \/>\n<meta property=\"article:modified_time\" content=\"2026-04-11T02:41:06+00:00\" \/>\n<meta property=\"og:image\" content=\"https:\/\/thamtraisanvanphong.com.vn\/wp-content\/uploads\/2026\/04\/Tham-tam-Rio_T05.png\" \/>\n\t<meta property=\"og:image:width\" content=\"664\" \/>\n\t<meta property=\"og:image:height\" content=\"654\" \/>\n\t<meta property=\"og:image:type\" content=\"image\/png\" \/>\n<meta name=\"twitter:card\" content=\"summary_large_image\" \/>\n<meta name=\"twitter:label1\" content=\"\u01af\u1edbc t\u00ednh th\u1eddi gian \u0111\u1ecdc\" \/>\n\t<meta name=\"twitter:data1\" content=\"2 ph\u00fat\" \/>\n<script type=\"application\/ld+json\" class=\"yoast-schema-graph\">{\"@context\":\"https:\/\/schema.org\",\"@graph\":[{\"@type\":\"WebPage\",\"@id\":\"https:\/\/thamtraisanvanphong.com.vn\/?product=tham-tam-rio-t05\",\"url\":\"https:\/\/thamtraisanvanphong.com.vn\/?product=tham-tam-rio-t05\",\"name\":\"Th\u1ea3m t\u1ea5m Rio T05 - Thamtraisan\",\"isPartOf\":{\"@id\":\"https:\/\/thamtraisanvanphong.com.vn\/#website\"},\"datePublished\":\"2026-04-10T17:30:22+00:00\",\"dateModified\":\"2026-04-11T02:41:06+00:00\",\"breadcrumb\":{\"@id\":\"https:\/\/thamtraisanvanphong.com.vn\/?product=tham-tam-rio-t05#breadcrumb\"},\"inLanguage\":\"vi\",\"potentialAction\":[{\"@type\":\"ReadAction\",\"target\":[\"https:\/\/thamtraisanvanphong.com.vn\/?product=tham-tam-rio-t05\"]}]},{\"@type\":\"BreadcrumbList\",\"@id\":\"https:\/\/thamtraisanvanphong.com.vn\/?product=tham-tam-rio-t05#breadcrumb\",\"itemListElement\":[{\"@type\":\"ListItem\",\"position\":1,\"name\":\"Home\",\"item\":\"https:\/\/thamtraisanvanphong.com.vn\/\"},{\"@type\":\"ListItem\",\"position\":2,\"name\":\"C\u1eeda h\u00e0ng\",\"item\":\"https:\/\/thamtraisanvanphong.com.vn\/?page_id=10\"},{\"@type\":\"ListItem\",\"position\":3,\"name\":\"Th\u1ea3m t\u1ea5m Rio T05\"}]},{\"@type\":\"WebSite\",\"@id\":\"https:\/\/thamtraisanvanphong.com.vn\/#website\",\"url\":\"https:\/\/thamtraisanvanphong.com.vn\/\",\"name\":\"Thamtraisan\",\"description\":\"Thamtraisangiare\",\"potentialAction\":[{\"@type\":\"SearchAction\",\"target\":{\"@type\":\"EntryPoint\",\"urlTemplate\":\"https:\/\/thamtraisanvanphong.com.vn\/?s={search_term_string}\"},\"query-input\":\"required name=search_term_string\"}],\"inLanguage\":\"vi\"}]}<\/script>\n<!-- \/ Yoast SEO Premium plugin. -->","yoast_head_json":{"title":"Th\u1ea3m t\u1ea5m Rio T05 - Thamtraisan","robots":{"index":"index","follow":"follow","max-snippet":"max-snippet:-1","max-image-preview":"max-image-preview:large","max-video-preview":"max-video-preview:-1"},"canonical":"https:\/\/thamtraisanvanphong.com.vn\/?product=tham-tam-rio-t05","og_locale":"vi_VN","og_type":"article","og_title":"Th\u1ea3m t\u1ea5m Rio T05","og_description":"\u00a0Th\u00f4ng s\u1ed1 k\u1ef9 thu\u1eadt c\u01a1 b\u1ea3n    M\u00e3 s\u1ea3n ph\u1ea9m: RIO \u2013 T05    K\u00edch th\u01b0\u1edbc: 50cm x 50cm    Ch\u1ea5t li\u1ec7u s\u1ee3i: Polypropylene (PP)    \u0110\u1ebf th\u1ea3m: Nh\u1ef1a Bitumen \u2013 ti\u00eau chu\u1ea9n qu\u1ed1c t\u1ebf    \u0110\u1ed9 d\u00e0y t\u1ed5ng th\u1ec3: ~6\u20137mm    B\u1ec1 m\u1eb7t: V\u00e2n s\u1ecdc ngang, d\u1ec7t v\u00f2ng (loop pile)    M\u00e0u s\u1eafc th\u1ef1c t\u1ebf: N\u00e2u \u2013 be \u2013 ghi \u00e1nh x\u00e1m","og_url":"https:\/\/thamtraisanvanphong.com.vn\/?product=tham-tam-rio-t05","og_site_name":"Thamtraisan","article_modified_time":"2026-04-11T02:41:06+00:00","og_image":[{"url":"https:\/\/thamtraisanvanphong.com.vn\/wp-content\/uploads\/2026\/04\/Tham-tam-Rio_T05.png","width":664,"height":654,"type":"image\/png"}],"twitter_card":"summary_large_image","twitter_misc":{"\u01af\u1edbc t\u00ednh th\u1eddi gian \u0111\u1ecdc":"2 ph\u00fat"},"schema":{"@context":"https:\/\/schema.org","@graph":[{"@type":"WebPage","@id":"https:\/\/thamtraisanvanphong.com.vn\/?product=tham-tam-rio-t05","url":"https:\/\/thamtraisanvanphong.com.vn\/?product=tham-tam-rio-t05","name":"Th\u1ea3m t\u1ea5m Rio T05 - Thamtraisan","isPartOf":{"@id":"https:\/\/thamtraisanvanphong.com.vn\/#website"},"datePublished":"2026-04-10T17:30:22+00:00","dateModified":"2026-04-11T02:41:06+00:00","breadcrumb":{"@id":"https:\/\/thamtraisanvanphong.com.vn\/?product=tham-tam-rio-t05#breadcrumb"},"inLanguage":"vi","potentialAction":[{"@type":"ReadAction","target":["https:\/\/thamtraisanvanphong.com.vn\/?product=tham-tam-rio-t05"]}]},{"@type":"BreadcrumbList","@id":"https:\/\/thamtraisanvanphong.com.vn\/?product=tham-tam-rio-t05#breadcrumb","itemListElement":[{"@type":"ListItem","position":1,"name":"Home","item":"https:\/\/thamtraisanvanphong.com.vn\/"},{"@type":"ListItem","position":2,"name":"C\u1eeda h\u00e0ng","item":"https:\/\/thamtraisanvanphong.com.vn\/?page_id=10"},{"@type":"ListItem","position":3,"name":"Th\u1ea3m t\u1ea5m Rio T05"}]},{"@type":"WebSite","@id":"https:\/\/thamtraisanvanphong.com.vn\/#website","url":"https:\/\/thamtraisanvanphong.com.vn\/","name":"Thamtraisan","description":"Thamtraisangiare","potentialAction":[{"@type":"SearchAction","target":{"@type":"EntryPoint","urlTemplate":"https:\/\/thamtraisanvanphong.com.vn\/?s={search_term_string}"},"query-input":"required name=search_term_string"}],"inLanguage":"vi"}]}},"_links":{"self":[{"href":"https:\/\/thamtraisanvanphong.com.vn\/index.php?rest_route=\/wp\/v2\/product\/826","targetHints":{"allow":["GET"]}}],"collection":[{"href":"https:\/\/thamtraisanvanphong.com.vn\/index.php?rest_route=\/wp\/v2\/product"}],"about":[{"href":"https:\/\/thamtraisanvanphong.com.vn\/index.php?rest_route=\/wp\/v2\/types\/product"}],"replies":[{"embeddable":true,"href":"https:\/\/thamtraisanvanphong.com.vn\/index.php?rest_route=%2Fwp%2Fv2%2Fcomments&post=826"}],"wp:featuredmedia":[{"embeddable":true,"href":"https:\/\/thamtraisanvanphong.com.vn\/index.php?rest_route=\/wp\/v2\/media\/822"}],"wp:attachment":[{"href":"https:\/\/thamtraisanvanphong.com.vn\/index.php?rest_route=%2Fwp%2Fv2%2Fmedia&parent=826"}],"wp:term":[{"taxonomy":"product_cat","embeddable":true,"href":"https:\/\/thamtraisanvanphong.com.vn\/index.php?rest_route=%2Fwp%2Fv2%2Fproduct_cat&post=826"},{"taxonomy":"product_tag","embeddable":true,"href":"https:\/\/thamtraisanvanphong.com.vn\/index.php?rest_route=%2Fwp%2Fv2%2Fproduct_tag&post=826"}],"curies":[{"name":"wp","href":"https:\/\/api.w.org\/{rel}","templated":true}]}}