{"id":827,"date":"2026-04-11T00:34:41","date_gmt":"2026-04-10T17:34:41","guid":{"rendered":"https:\/\/thamtraisanvanphong.com.vn\/?post_type=product&#038;p=827"},"modified":"2026-04-11T09:41:06","modified_gmt":"2026-04-11T02:41:06","slug":"tham-tam-rio-t06","status":"publish","type":"product","link":"https:\/\/thamtraisanvanphong.com.vn\/?product=tham-tam-rio-t06","title":{"rendered":"Th\u1ea3m t\u1ea5m Rio T06"},"content":{"rendered":"<p data-start=\"360\" data-end=\"498\"><strong data-start=\"363\" data-end=\"498\">Th\u1ea3m Tr\u1ea3i S\u00e0n D\u1ea1ng T\u1ea5m BITUMEN RIO \u2013 T06 | Ghi Th\u00e9p V\u00e2n S\u1ecdc Ngang \u2013 Gi\u1ea3i Ph\u00e1p T\u1ed1i \u01afu Cho V\u0103n Ph\u00f2ng v\u00e0 Trung T\u00e2m Th\u01b0\u01a1ng M\u1ea1i Hi\u1ec7n \u0110\u1ea1i<\/strong><\/p>\n<p data-start=\"500\" data-end=\"598\"><strong data-start=\"504\" data-end=\"598\">Thi\u1ebft k\u1ebf \u1ed5n \u0111\u1ecbnh \u2013 Th\u1ea9m m\u1ef9 r\u00f5 r\u00e0ng \u2013 D\u00e0nh ri\u00eang cho nh\u1eefng c\u00f4ng tr\u00ecnh \u0111\u00f2i h\u1ecfi chu\u1ea9n m\u1ef1c cao<\/strong><\/p>\n<p class=\"\" data-start=\"600\" data-end=\"1008\"><strong data-start=\"600\" data-end=\"613\">RIO \u2013 T06<\/strong>\u00a0l\u00e0 d\u00f2ng\u00a0<strong data-start=\"622\" data-end=\"642\">th\u1ea3m t\u1ea5m 50x50cm<\/strong>\u00a0\u1ee9ng d\u1ee5ng \u0111\u1ebf nh\u1ef1a bitumen cao c\u1ea5p, chuy\u00ean d\u00f9ng cho c\u00e1c kh\u00f4ng gian\u00a0<strong data-start=\"708\" data-end=\"774\">trung t\u00e2m th\u01b0\u01a1ng m\u1ea1i, s\u1ea3nh v\u0103n ph\u00f2ng, ph\u00f2ng h\u1ed9i ngh\u1ecb, showroom<\/strong>\u00a0c\u00f3 y\u00eau c\u1ea7u kh\u1eaft khe v\u1ec1 t\u00ednh th\u1ea9m m\u1ef9, hi\u1ec7u n\u0103ng s\u1eed d\u1ee5ng v\u00e0 \u0111\u1ed9 \u1ed5n \u0111\u1ecbnh k\u1ef9 thu\u1eadt l\u00e2u d\u00e0i. Thi\u1ebft k\u1ebf v\u00e2n\u00a0<strong data-start=\"875\" data-end=\"907\">s\u1ecdc ngang ghi \u0111\u1eadm \u2013 \u00e1nh th\u00e9p<\/strong>, v\u1eeba mang l\u1ea1i v\u1ebb \u0111\u1eb9p c\u1ee9ng c\u00e1p, v\u1eeba gi\u00fap \u0111\u1ecbnh h\u01b0\u1edbng l\u1ed1i \u0111i, gi\u1eef kh\u00f4ng gian g\u1ecdn g\u00e0ng v\u00e0 chuy\u00ean nghi\u1ec7p.<\/p>\n<p data-start=\"1015\" data-end=\"1078\">\u00a0<strong data-start=\"1023\" data-end=\"1078\">\u01afu \u0111i\u1ec3m v\u01b0\u1ee3t tr\u1ed9i trong thi\u1ebft k\u1ebf th\u01b0\u01a1ng m\u1ea1i cao c\u1ea5p<\/strong><\/p>\n<ul data-start=\"1080\" data-end=\"1724\">\n<li class=\"\" data-start=\"1080\" data-end=\"1235\">\n<p class=\"\" data-start=\"1082\" data-end=\"1235\"><strong data-start=\"1082\" data-end=\"1130\">H\u1ecda ti\u1ebft v\u00e2n s\u1ecdc ngang t\u00f4ng ghi th\u00e9p m\u1ea1nh m\u1ebd<\/strong>\u00a0\u2013 ph\u00f9 h\u1ee3p cho kh\u00f4ng gian nghi\u00eam t\u00fac, chuy\u00ean nghi\u1ec7p nh\u01b0 ng\u00e2n h\u00e0ng, chu\u1ed7i t\u00e0i ch\u00ednh, v\u0103n ph\u00f2ng \u0111i\u1ec1u h\u00e0nh<\/p>\n<\/li>\n<li class=\"\" data-start=\"1236\" data-end=\"1350\">\n<p class=\"\" data-start=\"1238\" data-end=\"1350\"><strong data-start=\"1238\" data-end=\"1299\">M\u00e0u s\u1eafc trung t\u00ednh \u2013 che ph\u1ee7 t\u1ed1t b\u1ee5i b\u1ea9n v\u00e0 v\u1ebft di chuy\u1ec3n<\/strong>, gi\u1eef th\u1ea9m m\u1ef9 l\u00e2u d\u00e0i trong m\u00f4i tr\u01b0\u1eddng \u0111\u00f4ng ng\u01b0\u1eddi<\/p>\n<\/li>\n<li class=\"\" data-start=\"1351\" data-end=\"1449\">\n<p class=\"\" data-start=\"1353\" data-end=\"1449\"><strong data-start=\"1353\" data-end=\"1447\">\u0110\u1ebf nh\u1ef1a bitumen \u2013 kh\u00e1ng \u1ea9m tuy\u1ec7t \u0111\u1ed1i, gi\u1eef b\u1ec1 m\u1eb7t \u1ed5n \u0111\u1ecbnh v\u00e0 kh\u00f4ng cong v\u00eanh theo th\u1eddi gian<\/strong><\/p>\n<\/li>\n<li class=\"\" data-start=\"1450\" data-end=\"1531\">\n<p class=\"\" data-start=\"1452\" data-end=\"1531\"><strong data-start=\"1452\" data-end=\"1529\">Thi\u1ebft k\u1ebf t\u1ea5m 50x50cm \u2013 d\u1ec5 thi c\u00f4ng, ti\u1ec7n thay th\u1ebf t\u1eebng khu v\u1ef1c ri\u00eang bi\u1ec7t<\/strong><\/p>\n<\/li>\n<li class=\"\" data-start=\"1532\" data-end=\"1621\">\n<p class=\"\" data-start=\"1534\" data-end=\"1621\"><strong data-start=\"1534\" data-end=\"1619\">S\u1ee3i PP cao c\u1ea5p \u2013 kh\u00e1ng x\u00f9, ch\u1ed1ng m\u00e0i m\u00f2n, th\u00e2n thi\u1ec7n v\u1edbi m\u00f4i tr\u01b0\u1eddng v\u00e0 d\u1ec5 b\u1ea3o tr\u00ec<\/strong><\/p>\n<\/li>\n<li class=\"\" data-start=\"1622\" data-end=\"1724\">\n<p class=\"\" data-start=\"1624\" data-end=\"1724\"><strong data-start=\"1624\" data-end=\"1665\">Kh\u1ea3 n\u0103ng c\u00e1ch \u00e2m \u2013 gi\u1ea3m rung hi\u1ec7u qu\u1ea3<\/strong>, n\u00e2ng cao tr\u1ea3i nghi\u1ec7m t\u1ed5ng th\u1ec3 trong kh\u00f4ng gian th\u01b0\u01a1ng m\u1ea1<\/p>\n<\/li>\n<\/ul>\n","protected":false},"excerpt":{"rendered":"<h3 class=\"\" data-start=\"1853\" data-end=\"1888\">\u00a0<strong data-start=\"1860\" data-end=\"1888\">Th\u00f4ng s\u1ed1 k\u1ef9 thu\u1eadt c\u01a1 b\u1ea3n<\/strong><\/h3>\n<ul data-start=\"1890\" data-end=\"2175\">\n<li class=\"\" data-start=\"1890\" data-end=\"1920\">\n<p class=\"\" data-start=\"1892\" data-end=\"1920\"><strong data-start=\"1892\" data-end=\"1907\">M\u00e3 s\u1ea3n ph\u1ea9m<\/strong>: RIO \u2013 T06<\/p>\n<\/li>\n<li class=\"\" data-start=\"1921\" data-end=\"1952\">\n<p class=\"\" data-start=\"1923\" data-end=\"1952\"><strong data-start=\"1923\" data-end=\"1937\">K\u00edch th\u01b0\u1edbc<\/strong>: 50cm x 50cm<\/p>\n<\/li>\n<li class=\"\" data-start=\"1953\" data-end=\"1994\">\n<p class=\"\" data-start=\"1955\" data-end=\"1994\"><strong data-start=\"1955\" data-end=\"1972\">Ch\u1ea5t li\u1ec7u s\u1ee3i<\/strong>: Polypropylene (PP)<\/p>\n<\/li>\n<li class=\"\" data-start=\"1995\" data-end=\"2045\">\n<p class=\"\" data-start=\"1997\" data-end=\"2045\"><strong data-start=\"1997\" data-end=\"2008\">\u0110\u1ebf th\u1ea3m<\/strong>: Nh\u1ef1a Bitumen \u2013 ti\u00eau chu\u1ea9n qu\u1ed1c t\u1ebf<\/p>\n<\/li>\n<li class=\"\" data-start=\"2046\" data-end=\"2077\">\n<p class=\"\" data-start=\"2048\" data-end=\"2077\"><strong data-start=\"2048\" data-end=\"2067\">\u0110\u1ed9 d\u00e0y t\u1ed5ng th\u1ec3<\/strong>: ~6\u20137mm<\/p>\n<\/li>\n<li class=\"\" data-start=\"2078\" data-end=\"2129\">\n<p class=\"\" data-start=\"2080\" data-end=\"2129\"><strong data-start=\"2080\" data-end=\"2090\">B\u1ec1 m\u1eb7t<\/strong>: V\u00e2n s\u1ecdc ngang, d\u1ec7t v\u00f2ng (loop pile)<\/p>\n<\/li>\n<li class=\"\" data-start=\"2130\" data-end=\"2175\">\n<p class=\"\" data-start=\"2132\" data-end=\"2175\"><strong data-start=\"2132\" data-end=\"2151\">M\u00e0u s\u1eafc th\u1ef1c t\u1ebf<\/strong>: N\u00e2u \u2013 be \u2013 ghi \u00e1nh x\u00e1m<\/p>\n<\/li>\n<\/ul>\n","protected":false},"featured_media":819,"comment_status":"open","ping_status":"closed","template":"","meta":[],"product_cat":[96,112],"product_tag":[104,107,103,105],"class_list":{"0":"post-827","1":"product","2":"type-product","3":"status-publish","4":"has-post-thumbnail","6":"product_cat-tham-tam","7":"product_cat-tham-tam-rio","8":"product_tag-tham-de-bitumen-cao-cap","9":"product_tag-tham-rio-t06","10":"product_tag-tham-tam-trung-tam-thuong-mai","11":"product_tag-tham-trai-san-van-phong-toa-nha","13":"first","14":"instock","15":"sale","16":"shipping-taxable","17":"purchasable","18":"product-type-simple"},"yoast_head":"<!-- This site is optimized with the Yoast SEO Premium plugin v20.12 (Yoast SEO v20.12) - https:\/\/yoast.com\/wordpress\/plugins\/seo\/ -->\n<title>Th\u1ea3m t\u1ea5m Rio T06 - Thamtraisan<\/title>\n<meta name=\"robots\" content=\"index, follow, max-snippet:-1, max-image-preview:large, max-video-preview:-1\" \/>\n<link rel=\"canonical\" href=\"https:\/\/thamtraisanvanphong.com.vn\/?product=tham-tam-rio-t06\" \/>\n<meta property=\"og:locale\" content=\"vi_VN\" \/>\n<meta property=\"og:type\" content=\"article\" \/>\n<meta property=\"og:title\" content=\"Th\u1ea3m t\u1ea5m Rio T06\" \/>\n<meta property=\"og:description\" content=\"\u00a0Th\u00f4ng s\u1ed1 k\u1ef9 thu\u1eadt c\u01a1 b\u1ea3n    M\u00e3 s\u1ea3n ph\u1ea9m: RIO \u2013 T06    K\u00edch th\u01b0\u1edbc: 50cm x 50cm    Ch\u1ea5t li\u1ec7u s\u1ee3i: Polypropylene (PP)    \u0110\u1ebf th\u1ea3m: Nh\u1ef1a Bitumen \u2013 ti\u00eau chu\u1ea9n qu\u1ed1c t\u1ebf    \u0110\u1ed9 d\u00e0y t\u1ed5ng th\u1ec3: ~6\u20137mm    B\u1ec1 m\u1eb7t: V\u00e2n s\u1ecdc ngang, d\u1ec7t v\u00f2ng (loop pile)    M\u00e0u s\u1eafc th\u1ef1c t\u1ebf: N\u00e2u \u2013 be \u2013 ghi \u00e1nh x\u00e1m\" \/>\n<meta property=\"og:url\" content=\"https:\/\/thamtraisanvanphong.com.vn\/?product=tham-tam-rio-t06\" \/>\n<meta property=\"og:site_name\" content=\"Thamtraisan\" \/>\n<meta property=\"article:modified_time\" content=\"2026-04-11T02:41:06+00:00\" \/>\n<meta property=\"og:image\" content=\"https:\/\/thamtraisanvanphong.com.vn\/wp-content\/uploads\/2026\/04\/Tham-tam-Rio_T06.png\" \/>\n\t<meta property=\"og:image:width\" content=\"660\" \/>\n\t<meta property=\"og:image:height\" content=\"662\" \/>\n\t<meta property=\"og:image:type\" content=\"image\/png\" \/>\n<meta name=\"twitter:card\" content=\"summary_large_image\" \/>\n<meta name=\"twitter:label1\" content=\"\u01af\u1edbc t\u00ednh th\u1eddi gian \u0111\u1ecdc\" \/>\n\t<meta name=\"twitter:data1\" content=\"2 ph\u00fat\" \/>\n<script type=\"application\/ld+json\" class=\"yoast-schema-graph\">{\"@context\":\"https:\/\/schema.org\",\"@graph\":[{\"@type\":\"WebPage\",\"@id\":\"https:\/\/thamtraisanvanphong.com.vn\/?product=tham-tam-rio-t06\",\"url\":\"https:\/\/thamtraisanvanphong.com.vn\/?product=tham-tam-rio-t06\",\"name\":\"Th\u1ea3m t\u1ea5m Rio T06 - Thamtraisan\",\"isPartOf\":{\"@id\":\"https:\/\/thamtraisanvanphong.com.vn\/#website\"},\"datePublished\":\"2026-04-10T17:34:41+00:00\",\"dateModified\":\"2026-04-11T02:41:06+00:00\",\"breadcrumb\":{\"@id\":\"https:\/\/thamtraisanvanphong.com.vn\/?product=tham-tam-rio-t06#breadcrumb\"},\"inLanguage\":\"vi\",\"potentialAction\":[{\"@type\":\"ReadAction\",\"target\":[\"https:\/\/thamtraisanvanphong.com.vn\/?product=tham-tam-rio-t06\"]}]},{\"@type\":\"BreadcrumbList\",\"@id\":\"https:\/\/thamtraisanvanphong.com.vn\/?product=tham-tam-rio-t06#breadcrumb\",\"itemListElement\":[{\"@type\":\"ListItem\",\"position\":1,\"name\":\"Home\",\"item\":\"https:\/\/thamtraisanvanphong.com.vn\/\"},{\"@type\":\"ListItem\",\"position\":2,\"name\":\"C\u1eeda h\u00e0ng\",\"item\":\"https:\/\/thamtraisanvanphong.com.vn\/?page_id=10\"},{\"@type\":\"ListItem\",\"position\":3,\"name\":\"Th\u1ea3m t\u1ea5m Rio T06\"}]},{\"@type\":\"WebSite\",\"@id\":\"https:\/\/thamtraisanvanphong.com.vn\/#website\",\"url\":\"https:\/\/thamtraisanvanphong.com.vn\/\",\"name\":\"Thamtraisan\",\"description\":\"Thamtraisangiare\",\"potentialAction\":[{\"@type\":\"SearchAction\",\"target\":{\"@type\":\"EntryPoint\",\"urlTemplate\":\"https:\/\/thamtraisanvanphong.com.vn\/?s={search_term_string}\"},\"query-input\":\"required name=search_term_string\"}],\"inLanguage\":\"vi\"}]}<\/script>\n<!-- \/ Yoast SEO Premium plugin. -->","yoast_head_json":{"title":"Th\u1ea3m t\u1ea5m Rio T06 - Thamtraisan","robots":{"index":"index","follow":"follow","max-snippet":"max-snippet:-1","max-image-preview":"max-image-preview:large","max-video-preview":"max-video-preview:-1"},"canonical":"https:\/\/thamtraisanvanphong.com.vn\/?product=tham-tam-rio-t06","og_locale":"vi_VN","og_type":"article","og_title":"Th\u1ea3m t\u1ea5m Rio T06","og_description":"\u00a0Th\u00f4ng s\u1ed1 k\u1ef9 thu\u1eadt c\u01a1 b\u1ea3n    M\u00e3 s\u1ea3n ph\u1ea9m: RIO \u2013 T06    K\u00edch th\u01b0\u1edbc: 50cm x 50cm    Ch\u1ea5t li\u1ec7u s\u1ee3i: Polypropylene (PP)    \u0110\u1ebf th\u1ea3m: Nh\u1ef1a Bitumen \u2013 ti\u00eau chu\u1ea9n qu\u1ed1c t\u1ebf    \u0110\u1ed9 d\u00e0y t\u1ed5ng th\u1ec3: ~6\u20137mm    B\u1ec1 m\u1eb7t: V\u00e2n s\u1ecdc ngang, d\u1ec7t v\u00f2ng (loop pile)    M\u00e0u s\u1eafc th\u1ef1c t\u1ebf: N\u00e2u \u2013 be \u2013 ghi \u00e1nh x\u00e1m","og_url":"https:\/\/thamtraisanvanphong.com.vn\/?product=tham-tam-rio-t06","og_site_name":"Thamtraisan","article_modified_time":"2026-04-11T02:41:06+00:00","og_image":[{"url":"https:\/\/thamtraisanvanphong.com.vn\/wp-content\/uploads\/2026\/04\/Tham-tam-Rio_T06.png","width":660,"height":662,"type":"image\/png"}],"twitter_card":"summary_large_image","twitter_misc":{"\u01af\u1edbc t\u00ednh th\u1eddi gian \u0111\u1ecdc":"2 ph\u00fat"},"schema":{"@context":"https:\/\/schema.org","@graph":[{"@type":"WebPage","@id":"https:\/\/thamtraisanvanphong.com.vn\/?product=tham-tam-rio-t06","url":"https:\/\/thamtraisanvanphong.com.vn\/?product=tham-tam-rio-t06","name":"Th\u1ea3m t\u1ea5m Rio T06 - Thamtraisan","isPartOf":{"@id":"https:\/\/thamtraisanvanphong.com.vn\/#website"},"datePublished":"2026-04-10T17:34:41+00:00","dateModified":"2026-04-11T02:41:06+00:00","breadcrumb":{"@id":"https:\/\/thamtraisanvanphong.com.vn\/?product=tham-tam-rio-t06#breadcrumb"},"inLanguage":"vi","potentialAction":[{"@type":"ReadAction","target":["https:\/\/thamtraisanvanphong.com.vn\/?product=tham-tam-rio-t06"]}]},{"@type":"BreadcrumbList","@id":"https:\/\/thamtraisanvanphong.com.vn\/?product=tham-tam-rio-t06#breadcrumb","itemListElement":[{"@type":"ListItem","position":1,"name":"Home","item":"https:\/\/thamtraisanvanphong.com.vn\/"},{"@type":"ListItem","position":2,"name":"C\u1eeda h\u00e0ng","item":"https:\/\/thamtraisanvanphong.com.vn\/?page_id=10"},{"@type":"ListItem","position":3,"name":"Th\u1ea3m t\u1ea5m Rio T06"}]},{"@type":"WebSite","@id":"https:\/\/thamtraisanvanphong.com.vn\/#website","url":"https:\/\/thamtraisanvanphong.com.vn\/","name":"Thamtraisan","description":"Thamtraisangiare","potentialAction":[{"@type":"SearchAction","target":{"@type":"EntryPoint","urlTemplate":"https:\/\/thamtraisanvanphong.com.vn\/?s={search_term_string}"},"query-input":"required name=search_term_string"}],"inLanguage":"vi"}]}},"_links":{"self":[{"href":"https:\/\/thamtraisanvanphong.com.vn\/index.php?rest_route=\/wp\/v2\/product\/827","targetHints":{"allow":["GET"]}}],"collection":[{"href":"https:\/\/thamtraisanvanphong.com.vn\/index.php?rest_route=\/wp\/v2\/product"}],"about":[{"href":"https:\/\/thamtraisanvanphong.com.vn\/index.php?rest_route=\/wp\/v2\/types\/product"}],"replies":[{"embeddable":true,"href":"https:\/\/thamtraisanvanphong.com.vn\/index.php?rest_route=%2Fwp%2Fv2%2Fcomments&post=827"}],"wp:featuredmedia":[{"embeddable":true,"href":"https:\/\/thamtraisanvanphong.com.vn\/index.php?rest_route=\/wp\/v2\/media\/819"}],"wp:attachment":[{"href":"https:\/\/thamtraisanvanphong.com.vn\/index.php?rest_route=%2Fwp%2Fv2%2Fmedia&parent=827"}],"wp:term":[{"taxonomy":"product_cat","embeddable":true,"href":"https:\/\/thamtraisanvanphong.com.vn\/index.php?rest_route=%2Fwp%2Fv2%2Fproduct_cat&post=827"},{"taxonomy":"product_tag","embeddable":true,"href":"https:\/\/thamtraisanvanphong.com.vn\/index.php?rest_route=%2Fwp%2Fv2%2Fproduct_tag&post=827"}],"curies":[{"name":"wp","href":"https:\/\/api.w.org\/{rel}","templated":true}]}}