{"id":828,"date":"2026-04-11T00:36:46","date_gmt":"2026-04-10T17:36:46","guid":{"rendered":"https:\/\/thamtraisanvanphong.com.vn\/?post_type=product&#038;p=828"},"modified":"2026-04-11T09:41:06","modified_gmt":"2026-04-11T02:41:06","slug":"tham-tam-rio-t07","status":"publish","type":"product","link":"https:\/\/thamtraisanvanphong.com.vn\/?product=tham-tam-rio-t07","title":{"rendered":"Th\u1ea3m t\u1ea5m Rio T07"},"content":{"rendered":"<p data-start=\"359\" data-end=\"509\"><strong data-start=\"362\" data-end=\"509\">Th\u1ea3m Tr\u1ea3i S\u00e0n D\u1ea1ng T\u1ea5m BITUMEN RIO \u2013 T07 | V\u00e2n S\u1ecdc D\u1ecdc T\u00f4ng N\u00e2u \u2013 \u0110\u1ecbnh H\u00ecnh Kh\u00f4ng Gian Cao C\u1ea5p Trong Trung T\u00e2m Th\u01b0\u01a1ng M\u1ea1i &amp; V\u0103n Ph\u00f2ng \u0110i\u1ec1u H\u00e0nh<\/strong><\/p>\n<p data-start=\"511\" data-end=\"593\"><strong data-start=\"515\" data-end=\"593\">\u1ea4n t\u01b0\u1ee3ng th\u1ecb gi\u00e1c m\u1ea1nh \u2013 V\u1eadt li\u1ec7u b\u1ec1n v\u1eefng \u2013 T\u00ednh th\u1ea9m m\u1ef9 d\u1eabn \u0111\u1ea7u xu h\u01b0\u1edbng<\/strong><\/p>\n<p class=\"\" data-start=\"595\" data-end=\"870\"><strong data-start=\"595\" data-end=\"608\">RIO \u2013 T07<\/strong>\u00a0l\u00e0 m\u1eabu\u00a0<strong data-start=\"616\" data-end=\"636\">th\u1ea3m t\u1ea5m 50x50cm<\/strong>\u00a0cao c\u1ea5p thu\u1ed9c b\u1ed9 s\u01b0u t\u1eadp RIO, thi\u1ebft k\u1ebf d\u00e0nh ri\u00eang cho c\u00e1c c\u00f4ng tr\u00ecnh c\u1ea7n\u00a0<strong data-start=\"710\" data-end=\"779\">t\u00ednh \u0111\u1ed3ng b\u1ed9 thi\u1ebft k\u1ebf \u2013 kh\u1ea3 n\u0103ng ch\u1ecbu t\u1ea3i l\u1edbn \u2013 \u0111\u1ed9 b\u1ec1n b\u1ec1 m\u1eb7t cao<\/strong>\u00a0nh\u01b0\u00a0<strong data-start=\"784\" data-end=\"869\">trung t\u00e2m th\u01b0\u01a1ng m\u1ea1i, v\u0103n ph\u00f2ng cao c\u1ea5p, ph\u00f2ng h\u1ed9i ngh\u1ecb, khu v\u1ef1c \u0111\u00f3n ti\u1ebfp \u0111\u1ed1i t\u00e1c<\/strong>.<\/p>\n<p class=\"\" data-start=\"872\" data-end=\"1077\">T\u00f4ng m\u00e0u\u00a0<strong data-start=\"881\" data-end=\"912\">n\u00e2u c\u00e0 ph\u00ea ph\u1ed1i be \u00e1nh v\u00e0ng<\/strong>, k\u1ebft h\u1ee3p v\u1edbi\u00a0<strong data-start=\"926\" data-end=\"959\">v\u00e2n s\u1ecdc d\u1ecdc \u0111\u1eadm \u2013 nh\u1ea1t xen k\u1ebd<\/strong>, t\u1ea1o n\u00ean s\u1ef1 chuy\u1ec3n s\u1eafc chi\u1ec1u s\u00e2u \u0111\u1ea7y tinh t\u1ebf, ph\u00f9 h\u1ee3p v\u1edbi phong c\u00e1ch ki\u1ebfn tr\u00fac\u00a0<strong data-start=\"1039\" data-end=\"1076\">sang tr\u1ecdng, v\u1eefng ch\u00e3i v\u00e0 hi\u1ec7n \u0111\u1ea1i<\/strong>.<\/p>\n<p data-start=\"1084\" data-end=\"1150\"><strong data-start=\"1092\" data-end=\"1150\">\u01afu \u0111i\u1ec3m d\u00e0nh cho c\u00f4ng tr\u00ecnh quy m\u00f4 l\u1edbn &amp; chuy\u00ean nghi\u1ec7p<\/strong><\/p>\n<ul data-start=\"1152\" data-end=\"1761\">\n<li class=\"\" data-start=\"1152\" data-end=\"1326\">\n<p class=\"\" data-start=\"1154\" data-end=\"1326\"><strong data-start=\"1154\" data-end=\"1211\">V\u00e2n s\u1ecdc d\u1ecdc \u0111a s\u1eafc \u2013 t\u00f4ng n\u00e2u c\u00e0 ph\u00ea k\u1ebft h\u1ee3p \u00e1nh v\u00e0ng<\/strong>: T\u1ea1o chi\u1ec1u s\u00e2u, mang \u0111\u1ebfn c\u1ea3m gi\u00e1c \u1ea5m \u00e1p nh\u01b0ng v\u1eabn m\u1ea1nh m\u1ebd, ph\u00f9 h\u1ee3p cho s\u1ea3nh, l\u1ed1i \u0111i chung ho\u1eb7c ph\u00f2ng h\u1ecdp cao c\u1ea5p<\/p>\n<\/li>\n<li class=\"\" data-start=\"1327\" data-end=\"1404\">\n<p class=\"\" data-start=\"1329\" data-end=\"1404\"><strong data-start=\"1329\" data-end=\"1402\">K\u1ebft c\u1ea5u s\u1ee3i \u0111\u1ec1u \u2013 \u1ed5n \u0111\u1ecbnh b\u1ec1 m\u1eb7t, kh\u00f4ng bi\u1ebfn d\u1ea1ng d\u01b0\u1edbi l\u1ef1c ma s\u00e1t cao<\/strong><\/p>\n<\/li>\n<li class=\"\" data-start=\"1405\" data-end=\"1486\">\n<p class=\"\" data-start=\"1407\" data-end=\"1486\"><strong data-start=\"1407\" data-end=\"1484\">\u0110\u1ebf bitumen cao c\u1ea5p \u2013 ch\u1ed1ng \u1ea9m, h\u1ea1n ch\u1ebf cong v\u00eanh, t\u0103ng \u0111\u1ed9 b\u00e1m s\u00e0n l\u00e2u d\u00e0i<\/strong><\/p>\n<\/li>\n<li class=\"\" data-start=\"1487\" data-end=\"1570\">\n<p class=\"\" data-start=\"1489\" data-end=\"1570\"><strong data-start=\"1489\" data-end=\"1568\">Thi\u1ebft k\u1ebf t\u1ea5m 50x50cm \u2013 t\u1ed1i \u01b0u thi c\u00f4ng v\u00e0 b\u1ea3o tr\u00ec \u0111\u1ecbnh k\u1ef3 theo t\u1eebng khu v\u1ef1c<\/strong><\/p>\n<\/li>\n<li class=\"\" data-start=\"1571\" data-end=\"1672\">\n<p class=\"\" data-start=\"1573\" data-end=\"1672\"><strong data-start=\"1573\" data-end=\"1670\">Ch\u1ea5t li\u1ec7u s\u1ee3i PP ch\u1ea5t l\u01b0\u1ee3ng cao \u2013 kh\u00e1ng x\u00f9 l\u00f4ng, b\u1ec1n m\u00e0u, d\u1ec5 v\u1ec7 sinh v\u00e0 th\u00e2n thi\u1ec7n m\u00f4i tr\u01b0\u1eddng<\/strong><\/p>\n<\/li>\n<li class=\"\" data-start=\"1673\" data-end=\"1761\">\n<p class=\"\" data-start=\"1675\" data-end=\"1761\"><strong data-start=\"1675\" data-end=\"1761\">H\u1ea1n ch\u1ebf ti\u1ebfng \u1ed3n v\u00e0 rung ch\u1ea5n \u2013 c\u1ea3i thi\u1ec7n kh\u00f4ng gian giao ti\u1ebfp, t\u0103ng t\u00ednh ri\u00eang t\u01b0<\/strong><\/p>\n<\/li>\n<\/ul>\n<h3 data-start=\"1768\" data-end=\"1796\"><\/h3>\n","protected":false},"excerpt":{"rendered":"<h3 class=\"\" data-start=\"1853\" data-end=\"1888\">\u00a0<strong data-start=\"1860\" data-end=\"1888\">Th\u00f4ng s\u1ed1 k\u1ef9 thu\u1eadt c\u01a1 b\u1ea3n<\/strong><\/h3>\n<ul data-start=\"1890\" data-end=\"2175\">\n<li class=\"\" data-start=\"1890\" data-end=\"1920\">\n<p class=\"\" data-start=\"1892\" data-end=\"1920\"><strong data-start=\"1892\" data-end=\"1907\">M\u00e3 s\u1ea3n ph\u1ea9m<\/strong>: RIO \u2013 T07<\/p>\n<\/li>\n<li class=\"\" data-start=\"1921\" data-end=\"1952\">\n<p class=\"\" data-start=\"1923\" data-end=\"1952\"><strong data-start=\"1923\" data-end=\"1937\">K\u00edch th\u01b0\u1edbc<\/strong>: 50cm x 50cm<\/p>\n<\/li>\n<li class=\"\" data-start=\"1953\" data-end=\"1994\">\n<p class=\"\" data-start=\"1955\" data-end=\"1994\"><strong data-start=\"1955\" data-end=\"1972\">Ch\u1ea5t li\u1ec7u s\u1ee3i<\/strong>: Polypropylene (PP)<\/p>\n<\/li>\n<li class=\"\" data-start=\"1995\" data-end=\"2045\">\n<p class=\"\" data-start=\"1997\" data-end=\"2045\"><strong data-start=\"1997\" data-end=\"2008\">\u0110\u1ebf th\u1ea3m<\/strong>: Nh\u1ef1a Bitumen \u2013 ti\u00eau chu\u1ea9n qu\u1ed1c t\u1ebf<\/p>\n<\/li>\n<li class=\"\" data-start=\"2046\" data-end=\"2077\">\n<p class=\"\" data-start=\"2048\" data-end=\"2077\"><strong data-start=\"2048\" data-end=\"2067\">\u0110\u1ed9 d\u00e0y t\u1ed5ng th\u1ec3<\/strong>: ~6\u20137mm<\/p>\n<\/li>\n<li class=\"\" data-start=\"2078\" data-end=\"2129\">\n<p class=\"\" data-start=\"2080\" data-end=\"2129\"><strong data-start=\"2080\" data-end=\"2090\">B\u1ec1 m\u1eb7t<\/strong>: V\u00e2n s\u1ecdc ngang, d\u1ec7t v\u00f2ng (loop pile)<\/p>\n<\/li>\n<li class=\"\" data-start=\"2130\" data-end=\"2175\">\n<p class=\"\" data-start=\"2132\" data-end=\"2175\"><strong data-start=\"2132\" data-end=\"2151\">M\u00e0u s\u1eafc th\u1ef1c t\u1ebf<\/strong>: N\u00e2u \u2013 be \u2013 ghi \u00e1nh x\u00e1m<\/p>\n<\/li>\n<\/ul>\n","protected":false},"featured_media":816,"comment_status":"open","ping_status":"closed","template":"","meta":[],"product_cat":[96,112],"product_tag":[104,108,103,105],"class_list":{"0":"post-828","1":"product","2":"type-product","3":"status-publish","4":"has-post-thumbnail","6":"product_cat-tham-tam","7":"product_cat-tham-tam-rio","8":"product_tag-tham-de-bitumen-cao-cap","9":"product_tag-tham-rio-t07","10":"product_tag-tham-tam-trung-tam-thuong-mai","11":"product_tag-tham-trai-san-van-phong-toa-nha","13":"first","14":"instock","15":"sale","16":"shipping-taxable","17":"purchasable","18":"product-type-simple"},"yoast_head":"<!-- This site is optimized with the Yoast SEO Premium plugin v20.12 (Yoast SEO v20.12) - https:\/\/yoast.com\/wordpress\/plugins\/seo\/ -->\n<title>Th\u1ea3m t\u1ea5m Rio T07 - Thamtraisan<\/title>\n<meta name=\"robots\" content=\"index, follow, max-snippet:-1, max-image-preview:large, max-video-preview:-1\" \/>\n<link rel=\"canonical\" href=\"https:\/\/thamtraisanvanphong.com.vn\/?product=tham-tam-rio-t07\" \/>\n<meta property=\"og:locale\" content=\"vi_VN\" \/>\n<meta property=\"og:type\" content=\"article\" \/>\n<meta property=\"og:title\" content=\"Th\u1ea3m t\u1ea5m Rio T07\" \/>\n<meta property=\"og:description\" content=\"\u00a0Th\u00f4ng s\u1ed1 k\u1ef9 thu\u1eadt c\u01a1 b\u1ea3n    M\u00e3 s\u1ea3n ph\u1ea9m: RIO \u2013 T07    K\u00edch th\u01b0\u1edbc: 50cm x 50cm    Ch\u1ea5t li\u1ec7u s\u1ee3i: Polypropylene (PP)    \u0110\u1ebf th\u1ea3m: Nh\u1ef1a Bitumen \u2013 ti\u00eau chu\u1ea9n qu\u1ed1c t\u1ebf    \u0110\u1ed9 d\u00e0y t\u1ed5ng th\u1ec3: ~6\u20137mm    B\u1ec1 m\u1eb7t: V\u00e2n s\u1ecdc ngang, d\u1ec7t v\u00f2ng (loop pile)    M\u00e0u s\u1eafc th\u1ef1c t\u1ebf: N\u00e2u \u2013 be \u2013 ghi \u00e1nh x\u00e1m\" \/>\n<meta property=\"og:url\" content=\"https:\/\/thamtraisanvanphong.com.vn\/?product=tham-tam-rio-t07\" \/>\n<meta property=\"og:site_name\" content=\"Thamtraisan\" \/>\n<meta property=\"article:modified_time\" content=\"2026-04-11T02:41:06+00:00\" \/>\n<meta property=\"og:image\" content=\"https:\/\/thamtraisanvanphong.com.vn\/wp-content\/uploads\/2026\/04\/Tham-tam-Rio_T07.png\" \/>\n\t<meta property=\"og:image:width\" content=\"658\" \/>\n\t<meta property=\"og:image:height\" content=\"659\" \/>\n\t<meta property=\"og:image:type\" content=\"image\/png\" \/>\n<meta name=\"twitter:card\" content=\"summary_large_image\" \/>\n<meta name=\"twitter:label1\" content=\"\u01af\u1edbc t\u00ednh th\u1eddi gian \u0111\u1ecdc\" \/>\n\t<meta name=\"twitter:data1\" content=\"2 ph\u00fat\" \/>\n<script type=\"application\/ld+json\" class=\"yoast-schema-graph\">{\"@context\":\"https:\/\/schema.org\",\"@graph\":[{\"@type\":\"WebPage\",\"@id\":\"https:\/\/thamtraisanvanphong.com.vn\/?product=tham-tam-rio-t07\",\"url\":\"https:\/\/thamtraisanvanphong.com.vn\/?product=tham-tam-rio-t07\",\"name\":\"Th\u1ea3m t\u1ea5m Rio T07 - Thamtraisan\",\"isPartOf\":{\"@id\":\"https:\/\/thamtraisanvanphong.com.vn\/#website\"},\"datePublished\":\"2026-04-10T17:36:46+00:00\",\"dateModified\":\"2026-04-11T02:41:06+00:00\",\"breadcrumb\":{\"@id\":\"https:\/\/thamtraisanvanphong.com.vn\/?product=tham-tam-rio-t07#breadcrumb\"},\"inLanguage\":\"vi\",\"potentialAction\":[{\"@type\":\"ReadAction\",\"target\":[\"https:\/\/thamtraisanvanphong.com.vn\/?product=tham-tam-rio-t07\"]}]},{\"@type\":\"BreadcrumbList\",\"@id\":\"https:\/\/thamtraisanvanphong.com.vn\/?product=tham-tam-rio-t07#breadcrumb\",\"itemListElement\":[{\"@type\":\"ListItem\",\"position\":1,\"name\":\"Home\",\"item\":\"https:\/\/thamtraisanvanphong.com.vn\/\"},{\"@type\":\"ListItem\",\"position\":2,\"name\":\"C\u1eeda h\u00e0ng\",\"item\":\"https:\/\/thamtraisanvanphong.com.vn\/?page_id=10\"},{\"@type\":\"ListItem\",\"position\":3,\"name\":\"Th\u1ea3m t\u1ea5m Rio T07\"}]},{\"@type\":\"WebSite\",\"@id\":\"https:\/\/thamtraisanvanphong.com.vn\/#website\",\"url\":\"https:\/\/thamtraisanvanphong.com.vn\/\",\"name\":\"Thamtraisan\",\"description\":\"Thamtraisangiare\",\"potentialAction\":[{\"@type\":\"SearchAction\",\"target\":{\"@type\":\"EntryPoint\",\"urlTemplate\":\"https:\/\/thamtraisanvanphong.com.vn\/?s={search_term_string}\"},\"query-input\":\"required name=search_term_string\"}],\"inLanguage\":\"vi\"}]}<\/script>\n<!-- \/ Yoast SEO Premium plugin. -->","yoast_head_json":{"title":"Th\u1ea3m t\u1ea5m Rio T07 - Thamtraisan","robots":{"index":"index","follow":"follow","max-snippet":"max-snippet:-1","max-image-preview":"max-image-preview:large","max-video-preview":"max-video-preview:-1"},"canonical":"https:\/\/thamtraisanvanphong.com.vn\/?product=tham-tam-rio-t07","og_locale":"vi_VN","og_type":"article","og_title":"Th\u1ea3m t\u1ea5m Rio T07","og_description":"\u00a0Th\u00f4ng s\u1ed1 k\u1ef9 thu\u1eadt c\u01a1 b\u1ea3n    M\u00e3 s\u1ea3n ph\u1ea9m: RIO \u2013 T07    K\u00edch th\u01b0\u1edbc: 50cm x 50cm    Ch\u1ea5t li\u1ec7u s\u1ee3i: Polypropylene (PP)    \u0110\u1ebf th\u1ea3m: Nh\u1ef1a Bitumen \u2013 ti\u00eau chu\u1ea9n qu\u1ed1c t\u1ebf    \u0110\u1ed9 d\u00e0y t\u1ed5ng th\u1ec3: ~6\u20137mm    B\u1ec1 m\u1eb7t: V\u00e2n s\u1ecdc ngang, d\u1ec7t v\u00f2ng (loop pile)    M\u00e0u s\u1eafc th\u1ef1c t\u1ebf: N\u00e2u \u2013 be \u2013 ghi \u00e1nh x\u00e1m","og_url":"https:\/\/thamtraisanvanphong.com.vn\/?product=tham-tam-rio-t07","og_site_name":"Thamtraisan","article_modified_time":"2026-04-11T02:41:06+00:00","og_image":[{"url":"https:\/\/thamtraisanvanphong.com.vn\/wp-content\/uploads\/2026\/04\/Tham-tam-Rio_T07.png","width":658,"height":659,"type":"image\/png"}],"twitter_card":"summary_large_image","twitter_misc":{"\u01af\u1edbc t\u00ednh th\u1eddi gian \u0111\u1ecdc":"2 ph\u00fat"},"schema":{"@context":"https:\/\/schema.org","@graph":[{"@type":"WebPage","@id":"https:\/\/thamtraisanvanphong.com.vn\/?product=tham-tam-rio-t07","url":"https:\/\/thamtraisanvanphong.com.vn\/?product=tham-tam-rio-t07","name":"Th\u1ea3m t\u1ea5m Rio T07 - Thamtraisan","isPartOf":{"@id":"https:\/\/thamtraisanvanphong.com.vn\/#website"},"datePublished":"2026-04-10T17:36:46+00:00","dateModified":"2026-04-11T02:41:06+00:00","breadcrumb":{"@id":"https:\/\/thamtraisanvanphong.com.vn\/?product=tham-tam-rio-t07#breadcrumb"},"inLanguage":"vi","potentialAction":[{"@type":"ReadAction","target":["https:\/\/thamtraisanvanphong.com.vn\/?product=tham-tam-rio-t07"]}]},{"@type":"BreadcrumbList","@id":"https:\/\/thamtraisanvanphong.com.vn\/?product=tham-tam-rio-t07#breadcrumb","itemListElement":[{"@type":"ListItem","position":1,"name":"Home","item":"https:\/\/thamtraisanvanphong.com.vn\/"},{"@type":"ListItem","position":2,"name":"C\u1eeda h\u00e0ng","item":"https:\/\/thamtraisanvanphong.com.vn\/?page_id=10"},{"@type":"ListItem","position":3,"name":"Th\u1ea3m t\u1ea5m Rio T07"}]},{"@type":"WebSite","@id":"https:\/\/thamtraisanvanphong.com.vn\/#website","url":"https:\/\/thamtraisanvanphong.com.vn\/","name":"Thamtraisan","description":"Thamtraisangiare","potentialAction":[{"@type":"SearchAction","target":{"@type":"EntryPoint","urlTemplate":"https:\/\/thamtraisanvanphong.com.vn\/?s={search_term_string}"},"query-input":"required name=search_term_string"}],"inLanguage":"vi"}]}},"_links":{"self":[{"href":"https:\/\/thamtraisanvanphong.com.vn\/index.php?rest_route=\/wp\/v2\/product\/828","targetHints":{"allow":["GET"]}}],"collection":[{"href":"https:\/\/thamtraisanvanphong.com.vn\/index.php?rest_route=\/wp\/v2\/product"}],"about":[{"href":"https:\/\/thamtraisanvanphong.com.vn\/index.php?rest_route=\/wp\/v2\/types\/product"}],"replies":[{"embeddable":true,"href":"https:\/\/thamtraisanvanphong.com.vn\/index.php?rest_route=%2Fwp%2Fv2%2Fcomments&post=828"}],"wp:featuredmedia":[{"embeddable":true,"href":"https:\/\/thamtraisanvanphong.com.vn\/index.php?rest_route=\/wp\/v2\/media\/816"}],"wp:attachment":[{"href":"https:\/\/thamtraisanvanphong.com.vn\/index.php?rest_route=%2Fwp%2Fv2%2Fmedia&parent=828"}],"wp:term":[{"taxonomy":"product_cat","embeddable":true,"href":"https:\/\/thamtraisanvanphong.com.vn\/index.php?rest_route=%2Fwp%2Fv2%2Fproduct_cat&post=828"},{"taxonomy":"product_tag","embeddable":true,"href":"https:\/\/thamtraisanvanphong.com.vn\/index.php?rest_route=%2Fwp%2Fv2%2Fproduct_tag&post=828"}],"curies":[{"name":"wp","href":"https:\/\/api.w.org\/{rel}","templated":true}]}}