{"id":829,"date":"2026-04-11T00:38:30","date_gmt":"2026-04-10T17:38:30","guid":{"rendered":"https:\/\/thamtraisanvanphong.com.vn\/?post_type=product&#038;p=829"},"modified":"2026-04-11T09:41:05","modified_gmt":"2026-04-11T02:41:05","slug":"tham-tam-rio-x05","status":"publish","type":"product","link":"https:\/\/thamtraisanvanphong.com.vn\/?product=tham-tam-rio-x05","title":{"rendered":"Th\u1ea3m t\u1ea5m Rio X05"},"content":{"rendered":"<p data-start=\"359\" data-end=\"513\"><strong data-start=\"362\" data-end=\"513\">Th\u1ea3m Tr\u1ea3i S\u00e0n D\u1ea1ng T\u1ea5m BITUMEN RIO \u2013 X05 | Thi\u1ebft K\u1ebf L\u00e1t Sole S\u1ecdc S\u00e1ng \u2013 T\u1ea1o Chi\u1ec1u S\u00e2u Kh\u00f4ng Gian Cho Trung T\u00e2m H\u1ed9i Ngh\u1ecb &amp; T\u00f2a Nh\u00e0 V\u0103n Ph\u00f2ng Cao C\u1ea5p<\/strong><\/p>\n<p data-start=\"515\" data-end=\"618\"><strong data-start=\"519\" data-end=\"618\">\u1ea4n t\u01b0\u1ee3ng th\u1ecb gi\u00e1c m\u1ea1nh \u2013 K\u1ef9 thu\u1eadt thi c\u00f4ng linh ho\u1ea1t \u2013 T\u1ed1i \u01b0u th\u1ea9m m\u1ef9 cho kh\u00f4ng gian quy m\u00f4 l\u1edbn<\/strong><\/p>\n<p class=\"\" data-start=\"620\" data-end=\"869\"><strong data-start=\"620\" data-end=\"633\">RIO \u2013 X05<\/strong>\u00a0l\u00e0 m\u1eabu\u00a0<strong data-start=\"641\" data-end=\"675\">th\u1ea3m tr\u1ea3i s\u00e0n d\u1ea1ng t\u1ea5m 50x50cm<\/strong>\u00a0thu\u1ed9c d\u00f2ng cao c\u1ea5p s\u1eed d\u1ee5ng\u00a0<strong data-start=\"703\" data-end=\"731\">\u0111\u1ebf nh\u1ef1a bitumen kh\u00e1ng \u1ea9m<\/strong>, \u0111\u01b0\u1ee3c thi\u1ebft k\u1ebf t\u1ed1i \u01b0u cho\u00a0<strong data-start=\"758\" data-end=\"784\">c\u00e1c trung t\u00e2m h\u1ed9i ngh\u1ecb<\/strong>,\u00a0<strong data-start=\"786\" data-end=\"803\">ph\u00f2ng h\u1ecdp l\u1edbn<\/strong>,\u00a0<strong data-start=\"805\" data-end=\"839\">t\u00f2a nh\u00e0 th\u01b0\u01a1ng m\u1ea1i \u2013 t\u00e0i ch\u00ednh<\/strong>\u00a0v\u00e0\u00a0<strong data-start=\"843\" data-end=\"868\">khu v\u0103n ph\u00f2ng cao c\u1ea5p<\/strong>.<\/p>\n<p class=\"\" data-start=\"871\" data-end=\"1104\">S\u1ea3n ph\u1ea9m s\u1edf h\u1eefu\u00a0<strong data-start=\"887\" data-end=\"933\">v\u00e2n s\u1ecdc s\u00e1ng n\u1ed5i b\u1eadt tr\u00ean n\u1ec1n x\u00e1m than \u0111\u1eadm<\/strong>, k\u1ebft h\u1ee3p thi c\u00f4ng\u00a0<strong data-start=\"952\" data-end=\"982\">l\u00e1t sole ho\u1eb7c \u0111an ch\u00e9o 90\u00b0<\/strong>, gi\u00fap t\u1ea1o chi\u1ec1u s\u00e2u th\u1ecb gi\u00e1c, t\u0103ng kh\u1ea3 n\u0103ng \u0111\u1ecbnh h\u01b0\u1edbng kh\u00f4ng gian v\u00e0 h\u1ea1n ch\u1ebf l\u1ed9 b\u1ee5i b\u1ea9n trong \u0111i\u1ec1u ki\u1ec7n s\u1eed d\u1ee5ng li\u00ean t\u1ee5c.<\/p>\n<p data-start=\"1111\" data-end=\"1180\"><strong data-start=\"1119\" data-end=\"1180\">\u01afu \u0111i\u1ec3m v\u01b0\u1ee3t tr\u1ed9i cho c\u00f4ng tr\u00ecnh th\u01b0\u01a1ng m\u1ea1i chuy\u00ean nghi\u1ec7p<\/strong><\/p>\n<ul data-start=\"1182\" data-end=\"1749\">\n<li class=\"\" data-start=\"1182\" data-end=\"1313\">\n<p class=\"\" data-start=\"1184\" data-end=\"1313\"><strong data-start=\"1184\" data-end=\"1260\">Thi\u1ebft k\u1ebf s\u1ecdc s\u00e1ng \u0111\u1ed9c \u0111\u00e1o \u2013 hi\u1ec7u \u1ee9ng \u1ea5n t\u01b0\u1ee3ng khi l\u00e1t sole ho\u1eb7c \u0111an ch\u00e9o<\/strong>, ph\u00f9 h\u1ee3p c\u00e1c kh\u00f4ng gian c\u00f3 l\u01b0u l\u01b0\u1ee3ng di chuy\u1ec3n cao<\/p>\n<\/li>\n<li class=\"\" data-start=\"1314\" data-end=\"1399\">\n<p class=\"\" data-start=\"1316\" data-end=\"1399\"><strong data-start=\"1316\" data-end=\"1397\">T\u00f4ng m\u00e0u x\u00e1m than trung t\u00ednh \u2013 s\u1ea1ch s\u1ebd, d\u1ec5 ph\u1ed1i n\u1ed9i th\u1ea5t, che ph\u1ee7 t\u1ed1t v\u1ebft b\u1ea9n<\/strong><\/p>\n<\/li>\n<li class=\"\" data-start=\"1400\" data-end=\"1483\">\n<p class=\"\" data-start=\"1402\" data-end=\"1483\"><strong data-start=\"1402\" data-end=\"1481\">\u0110\u1ebf nh\u1ef1a bitumen ch\u1ea5t l\u01b0\u1ee3ng cao \u2013 ch\u1ed1ng \u1ea9m, b\u00e1m s\u00e0n \u1ed5n \u0111\u1ecbnh, kh\u00f4ng cong v\u00eanh<\/strong><\/p>\n<\/li>\n<li class=\"\" data-start=\"1484\" data-end=\"1570\">\n<p class=\"\" data-start=\"1486\" data-end=\"1570\"><strong data-start=\"1486\" data-end=\"1568\">C\u1ea5u tr\u00fac d\u1ea1ng t\u1ea5m 50x50cm \u2013 h\u1ed7 tr\u1ee3 l\u1eafp \u0111\u1eb7t linh ho\u1ea1t, thay th\u1ebf t\u1eebng \u00f4 ti\u1ec7n l\u1ee3i<\/strong><\/p>\n<\/li>\n<li class=\"\" data-start=\"1571\" data-end=\"1651\">\n<p class=\"\" data-start=\"1573\" data-end=\"1651\"><strong data-start=\"1573\" data-end=\"1649\">S\u1ee3i PP b\u1ec1n m\u00e0u \u2013 kh\u00f4ng x\u00f9 l\u00f4ng, kh\u00e1ng b\u1ee5i t\u1ed1t, th\u00e2n thi\u1ec7n v\u1edbi m\u00f4i tr\u01b0\u1eddng<\/strong><\/p>\n<\/li>\n<li class=\"\" data-start=\"1652\" data-end=\"1749\">\n<p class=\"\" data-start=\"1654\" data-end=\"1749\"><strong data-start=\"1654\" data-end=\"1749\">Kh\u1ea3 n\u0103ng c\u00e1ch \u00e2m, ch\u1ed1ng tr\u01a1n tr\u01b0\u1ee3t \u2013 n\u00e2ng cao tr\u1ea3i nghi\u1ec7m t\u1ea1i khu v\u1ef1c h\u1ed9i h\u1ecdp v\u00e0 ti\u1ebfp kh\u00e1ch<\/strong><\/p>\n<\/li>\n<\/ul>\n","protected":false},"excerpt":{"rendered":"<h3 class=\"\" data-start=\"1853\" data-end=\"1888\">\u00a0<strong data-start=\"1860\" data-end=\"1888\">Th\u00f4ng s\u1ed1 k\u1ef9 thu\u1eadt c\u01a1 b\u1ea3n<\/strong><\/h3>\n<ul data-start=\"1890\" data-end=\"2175\">\n<li class=\"\" data-start=\"1890\" data-end=\"1920\">\n<p class=\"\" data-start=\"1892\" data-end=\"1920\"><strong data-start=\"1892\" data-end=\"1907\">M\u00e3 s\u1ea3n ph\u1ea9m<\/strong>: RIO \u2013 X05<\/p>\n<\/li>\n<li class=\"\" data-start=\"1921\" data-end=\"1952\">\n<p class=\"\" data-start=\"1923\" data-end=\"1952\"><strong data-start=\"1923\" data-end=\"1937\">K\u00edch th\u01b0\u1edbc<\/strong>: 50cm x 50cm<\/p>\n<\/li>\n<li class=\"\" data-start=\"1953\" data-end=\"1994\">\n<p class=\"\" data-start=\"1955\" data-end=\"1994\"><strong data-start=\"1955\" data-end=\"1972\">Ch\u1ea5t li\u1ec7u s\u1ee3i<\/strong>: Polypropylene (PP)<\/p>\n<\/li>\n<li class=\"\" data-start=\"1995\" data-end=\"2045\">\n<p class=\"\" data-start=\"1997\" data-end=\"2045\"><strong data-start=\"1997\" data-end=\"2008\">\u0110\u1ebf th\u1ea3m<\/strong>: Nh\u1ef1a Bitumen \u2013 ti\u00eau chu\u1ea9n qu\u1ed1c t\u1ebf<\/p>\n<\/li>\n<li class=\"\" data-start=\"2046\" data-end=\"2077\">\n<p class=\"\" data-start=\"2048\" data-end=\"2077\"><strong data-start=\"2048\" data-end=\"2067\">\u0110\u1ed9 d\u00e0y t\u1ed5ng th\u1ec3<\/strong>: ~6\u20137mm<\/p>\n<\/li>\n<li class=\"\" data-start=\"2078\" data-end=\"2129\">\n<p class=\"\" data-start=\"2080\" data-end=\"2129\"><strong data-start=\"2080\" data-end=\"2090\">B\u1ec1 m\u1eb7t<\/strong>: V\u00e2n s\u1ecdc ngang, d\u1ec7t v\u00f2ng (loop pile)<\/p>\n<\/li>\n<li class=\"\" data-start=\"2130\" data-end=\"2175\">\n<p class=\"\" data-start=\"2132\" data-end=\"2175\"><strong data-start=\"2132\" data-end=\"2151\">M\u00e0u s\u1eafc th\u1ef1c t\u1ebf<\/strong>: N\u00e2u \u2013 be \u2013 ghi \u00e1nh x\u00e1m<\/p>\n<\/li>\n<\/ul>\n","protected":false},"featured_media":813,"comment_status":"open","ping_status":"closed","template":"","meta":[],"product_cat":[96,112],"product_tag":[104,108,103,105],"class_list":{"0":"post-829","1":"product","2":"type-product","3":"status-publish","4":"has-post-thumbnail","6":"product_cat-tham-tam","7":"product_cat-tham-tam-rio","8":"product_tag-tham-de-bitumen-cao-cap","9":"product_tag-tham-rio-t07","10":"product_tag-tham-tam-trung-tam-thuong-mai","11":"product_tag-tham-trai-san-van-phong-toa-nha","13":"first","14":"instock","15":"sale","16":"shipping-taxable","17":"purchasable","18":"product-type-simple"},"yoast_head":"<!-- This site is optimized with the Yoast SEO Premium plugin v20.12 (Yoast SEO v20.12) - https:\/\/yoast.com\/wordpress\/plugins\/seo\/ -->\n<title>Th\u1ea3m t\u1ea5m Rio X05 - Thamtraisan<\/title>\n<meta name=\"robots\" content=\"index, follow, max-snippet:-1, max-image-preview:large, max-video-preview:-1\" \/>\n<link rel=\"canonical\" href=\"https:\/\/thamtraisanvanphong.com.vn\/?product=tham-tam-rio-x05\" \/>\n<meta property=\"og:locale\" content=\"vi_VN\" \/>\n<meta property=\"og:type\" content=\"article\" \/>\n<meta property=\"og:title\" content=\"Th\u1ea3m t\u1ea5m Rio X05\" \/>\n<meta property=\"og:description\" content=\"\u00a0Th\u00f4ng s\u1ed1 k\u1ef9 thu\u1eadt c\u01a1 b\u1ea3n    M\u00e3 s\u1ea3n ph\u1ea9m: RIO \u2013 X05    K\u00edch th\u01b0\u1edbc: 50cm x 50cm    Ch\u1ea5t li\u1ec7u s\u1ee3i: Polypropylene (PP)    \u0110\u1ebf th\u1ea3m: Nh\u1ef1a Bitumen \u2013 ti\u00eau chu\u1ea9n qu\u1ed1c t\u1ebf    \u0110\u1ed9 d\u00e0y t\u1ed5ng th\u1ec3: ~6\u20137mm    B\u1ec1 m\u1eb7t: V\u00e2n s\u1ecdc ngang, d\u1ec7t v\u00f2ng (loop pile)    M\u00e0u s\u1eafc th\u1ef1c t\u1ebf: N\u00e2u \u2013 be \u2013 ghi \u00e1nh x\u00e1m\" \/>\n<meta property=\"og:url\" content=\"https:\/\/thamtraisanvanphong.com.vn\/?product=tham-tam-rio-x05\" \/>\n<meta property=\"og:site_name\" content=\"Thamtraisan\" \/>\n<meta property=\"article:modified_time\" content=\"2026-04-11T02:41:05+00:00\" \/>\n<meta property=\"og:image\" content=\"https:\/\/thamtraisanvanphong.com.vn\/wp-content\/uploads\/2026\/04\/Tham-tam-Rio_X05.jpg\" \/>\n\t<meta property=\"og:image:width\" content=\"600\" \/>\n\t<meta property=\"og:image:height\" content=\"600\" \/>\n\t<meta property=\"og:image:type\" content=\"image\/jpeg\" \/>\n<meta name=\"twitter:card\" content=\"summary_large_image\" \/>\n<meta name=\"twitter:label1\" content=\"\u01af\u1edbc t\u00ednh th\u1eddi gian \u0111\u1ecdc\" \/>\n\t<meta name=\"twitter:data1\" content=\"2 ph\u00fat\" \/>\n<script type=\"application\/ld+json\" class=\"yoast-schema-graph\">{\"@context\":\"https:\/\/schema.org\",\"@graph\":[{\"@type\":\"WebPage\",\"@id\":\"https:\/\/thamtraisanvanphong.com.vn\/?product=tham-tam-rio-x05\",\"url\":\"https:\/\/thamtraisanvanphong.com.vn\/?product=tham-tam-rio-x05\",\"name\":\"Th\u1ea3m t\u1ea5m Rio X05 - Thamtraisan\",\"isPartOf\":{\"@id\":\"https:\/\/thamtraisanvanphong.com.vn\/#website\"},\"datePublished\":\"2026-04-10T17:38:30+00:00\",\"dateModified\":\"2026-04-11T02:41:05+00:00\",\"breadcrumb\":{\"@id\":\"https:\/\/thamtraisanvanphong.com.vn\/?product=tham-tam-rio-x05#breadcrumb\"},\"inLanguage\":\"vi\",\"potentialAction\":[{\"@type\":\"ReadAction\",\"target\":[\"https:\/\/thamtraisanvanphong.com.vn\/?product=tham-tam-rio-x05\"]}]},{\"@type\":\"BreadcrumbList\",\"@id\":\"https:\/\/thamtraisanvanphong.com.vn\/?product=tham-tam-rio-x05#breadcrumb\",\"itemListElement\":[{\"@type\":\"ListItem\",\"position\":1,\"name\":\"Home\",\"item\":\"https:\/\/thamtraisanvanphong.com.vn\/\"},{\"@type\":\"ListItem\",\"position\":2,\"name\":\"C\u1eeda h\u00e0ng\",\"item\":\"https:\/\/thamtraisanvanphong.com.vn\/?page_id=10\"},{\"@type\":\"ListItem\",\"position\":3,\"name\":\"Th\u1ea3m t\u1ea5m Rio X05\"}]},{\"@type\":\"WebSite\",\"@id\":\"https:\/\/thamtraisanvanphong.com.vn\/#website\",\"url\":\"https:\/\/thamtraisanvanphong.com.vn\/\",\"name\":\"Thamtraisan\",\"description\":\"Thamtraisangiare\",\"potentialAction\":[{\"@type\":\"SearchAction\",\"target\":{\"@type\":\"EntryPoint\",\"urlTemplate\":\"https:\/\/thamtraisanvanphong.com.vn\/?s={search_term_string}\"},\"query-input\":\"required name=search_term_string\"}],\"inLanguage\":\"vi\"}]}<\/script>\n<!-- \/ Yoast SEO Premium plugin. -->","yoast_head_json":{"title":"Th\u1ea3m t\u1ea5m Rio X05 - Thamtraisan","robots":{"index":"index","follow":"follow","max-snippet":"max-snippet:-1","max-image-preview":"max-image-preview:large","max-video-preview":"max-video-preview:-1"},"canonical":"https:\/\/thamtraisanvanphong.com.vn\/?product=tham-tam-rio-x05","og_locale":"vi_VN","og_type":"article","og_title":"Th\u1ea3m t\u1ea5m Rio X05","og_description":"\u00a0Th\u00f4ng s\u1ed1 k\u1ef9 thu\u1eadt c\u01a1 b\u1ea3n    M\u00e3 s\u1ea3n ph\u1ea9m: RIO \u2013 X05    K\u00edch th\u01b0\u1edbc: 50cm x 50cm    Ch\u1ea5t li\u1ec7u s\u1ee3i: Polypropylene (PP)    \u0110\u1ebf th\u1ea3m: Nh\u1ef1a Bitumen \u2013 ti\u00eau chu\u1ea9n qu\u1ed1c t\u1ebf    \u0110\u1ed9 d\u00e0y t\u1ed5ng th\u1ec3: ~6\u20137mm    B\u1ec1 m\u1eb7t: V\u00e2n s\u1ecdc ngang, d\u1ec7t v\u00f2ng (loop pile)    M\u00e0u s\u1eafc th\u1ef1c t\u1ebf: N\u00e2u \u2013 be \u2013 ghi \u00e1nh x\u00e1m","og_url":"https:\/\/thamtraisanvanphong.com.vn\/?product=tham-tam-rio-x05","og_site_name":"Thamtraisan","article_modified_time":"2026-04-11T02:41:05+00:00","og_image":[{"width":600,"height":600,"url":"https:\/\/thamtraisanvanphong.com.vn\/wp-content\/uploads\/2026\/04\/Tham-tam-Rio_X05.jpg","type":"image\/jpeg"}],"twitter_card":"summary_large_image","twitter_misc":{"\u01af\u1edbc t\u00ednh th\u1eddi gian \u0111\u1ecdc":"2 ph\u00fat"},"schema":{"@context":"https:\/\/schema.org","@graph":[{"@type":"WebPage","@id":"https:\/\/thamtraisanvanphong.com.vn\/?product=tham-tam-rio-x05","url":"https:\/\/thamtraisanvanphong.com.vn\/?product=tham-tam-rio-x05","name":"Th\u1ea3m t\u1ea5m Rio X05 - Thamtraisan","isPartOf":{"@id":"https:\/\/thamtraisanvanphong.com.vn\/#website"},"datePublished":"2026-04-10T17:38:30+00:00","dateModified":"2026-04-11T02:41:05+00:00","breadcrumb":{"@id":"https:\/\/thamtraisanvanphong.com.vn\/?product=tham-tam-rio-x05#breadcrumb"},"inLanguage":"vi","potentialAction":[{"@type":"ReadAction","target":["https:\/\/thamtraisanvanphong.com.vn\/?product=tham-tam-rio-x05"]}]},{"@type":"BreadcrumbList","@id":"https:\/\/thamtraisanvanphong.com.vn\/?product=tham-tam-rio-x05#breadcrumb","itemListElement":[{"@type":"ListItem","position":1,"name":"Home","item":"https:\/\/thamtraisanvanphong.com.vn\/"},{"@type":"ListItem","position":2,"name":"C\u1eeda h\u00e0ng","item":"https:\/\/thamtraisanvanphong.com.vn\/?page_id=10"},{"@type":"ListItem","position":3,"name":"Th\u1ea3m t\u1ea5m Rio X05"}]},{"@type":"WebSite","@id":"https:\/\/thamtraisanvanphong.com.vn\/#website","url":"https:\/\/thamtraisanvanphong.com.vn\/","name":"Thamtraisan","description":"Thamtraisangiare","potentialAction":[{"@type":"SearchAction","target":{"@type":"EntryPoint","urlTemplate":"https:\/\/thamtraisanvanphong.com.vn\/?s={search_term_string}"},"query-input":"required name=search_term_string"}],"inLanguage":"vi"}]}},"_links":{"self":[{"href":"https:\/\/thamtraisanvanphong.com.vn\/index.php?rest_route=\/wp\/v2\/product\/829","targetHints":{"allow":["GET"]}}],"collection":[{"href":"https:\/\/thamtraisanvanphong.com.vn\/index.php?rest_route=\/wp\/v2\/product"}],"about":[{"href":"https:\/\/thamtraisanvanphong.com.vn\/index.php?rest_route=\/wp\/v2\/types\/product"}],"replies":[{"embeddable":true,"href":"https:\/\/thamtraisanvanphong.com.vn\/index.php?rest_route=%2Fwp%2Fv2%2Fcomments&post=829"}],"wp:featuredmedia":[{"embeddable":true,"href":"https:\/\/thamtraisanvanphong.com.vn\/index.php?rest_route=\/wp\/v2\/media\/813"}],"wp:attachment":[{"href":"https:\/\/thamtraisanvanphong.com.vn\/index.php?rest_route=%2Fwp%2Fv2%2Fmedia&parent=829"}],"wp:term":[{"taxonomy":"product_cat","embeddable":true,"href":"https:\/\/thamtraisanvanphong.com.vn\/index.php?rest_route=%2Fwp%2Fv2%2Fproduct_cat&post=829"},{"taxonomy":"product_tag","embeddable":true,"href":"https:\/\/thamtraisanvanphong.com.vn\/index.php?rest_route=%2Fwp%2Fv2%2Fproduct_tag&post=829"}],"curies":[{"name":"wp","href":"https:\/\/api.w.org\/{rel}","templated":true}]}}