{"id":830,"date":"2026-04-11T00:39:54","date_gmt":"2026-04-10T17:39:54","guid":{"rendered":"https:\/\/thamtraisanvanphong.com.vn\/?post_type=product&#038;p=830"},"modified":"2026-04-11T09:41:05","modified_gmt":"2026-04-11T02:41:05","slug":"tham-tam-rio-t01","status":"publish","type":"product","link":"https:\/\/thamtraisanvanphong.com.vn\/?product=tham-tam-rio-t01","title":{"rendered":"Th\u1ea3m t\u1ea5m Rio T01"},"content":{"rendered":"<p data-start=\"199\" data-end=\"310\"><strong data-start=\"202\" data-end=\"310\">Th\u1ea3m Tr\u1ea3i S\u00e0n D\u1ea1ng T\u1ea5m \u0110\u1ebf Nh\u1ef1a BITUMEN RIO \u2013 T01 | V\u00e2n S\u1ecdc D\u1ecdc C\u00e1 T\u00ednh, \u0110\u1ebf Ch\u1ed1ng \u1ea8m Bitumen, D\u1ec5 Thi C\u00f4ng<\/strong><\/p>\n<p data-start=\"312\" data-end=\"406\"><strong data-start=\"316\" data-end=\"406\">Phong c\u00e1ch chuy\u00ean nghi\u1ec7p \u2013 Thi\u1ebft k\u1ebf s\u1eafc s\u1ea3o \u2013 L\u1ef1a ch\u1ecdn l\u00fd t\u01b0\u1edfng cho v\u0103n ph\u00f2ng hi\u1ec7n \u0111\u1ea1i<\/strong><\/p>\n<p class=\"\" data-start=\"408\" data-end=\"821\"><strong data-start=\"408\" data-end=\"421\">RIO \u2013 T01<\/strong>\u00a0l\u00e0 m\u1eabu\u00a0<strong data-start=\"429\" data-end=\"463\">th\u1ea3m tr\u1ea3i s\u00e0n d\u1ea1ng t\u1ea5m 50x50cm<\/strong>\u00a0v\u1edbi thi\u1ebft k\u1ebf\u00a0<strong data-start=\"477\" data-end=\"499\">v\u00e2n s\u1ecdc d\u1ecdc r\u00f5 n\u00e9t<\/strong>, ph\u1ed1i m\u00e0u\u00a0<strong data-start=\"510\" data-end=\"528\">\u0111en \u2013 ghi s\u00e1ng<\/strong>\u00a0mang l\u1ea1i v\u1ebb l\u1ecbch l\u00e3m v\u00e0 chuy\u00ean nghi\u1ec7p. \u0110\u01b0\u1ee3c trang b\u1ecb\u00a0<strong data-start=\"582\" data-end=\"610\">\u0111\u1ebf nh\u1ef1a bitumen ch\u1ed1ng \u1ea9m<\/strong>, s\u1ea3n ph\u1ea9m \u0111\u1ea3m b\u1ea3o \u0111\u1ed9 b\u00e1m n\u1ec1n ch\u1eafc ch\u1eafn, kh\u00f4ng cong v\u00eanh v\u00e0 d\u1ec5 thi c\u00f4ng theo chi\u1ec1u h\u01b0\u1edbng d\u1eabn m\u0169i t\u00ean. RIO \u2013 T01 l\u00e0 l\u1ef1a ch\u1ecdn h\u00e0ng \u0111\u1ea7u cho v\u0103n ph\u00f2ng, kh\u00e1ch s\u1ea1n, trung t\u00e2m h\u1ed9i ngh\u1ecb v\u00e0 kh\u00f4ng gian th\u01b0\u01a1ng m\u1ea1i cao c\u1ea5p.<\/p>\n<p data-start=\"828\" data-end=\"867\"><img decoding=\"async\" class=\"emoji\" role=\"img\" draggable=\"false\" src=\"https:\/\/s.w.org\/images\/core\/emoji\/17.0.2\/svg\/2705.svg\" alt=\"\u2705\" \/>\u00a0<strong data-start=\"834\" data-end=\"867\">\u01afu \u0111i\u1ec3m n\u1ed5i b\u1eadt c\u1ee7a RIO \u2013 T01<\/strong><\/p>\n<ul data-start=\"869\" data-end=\"1320\">\n<li class=\"\" data-start=\"869\" data-end=\"953\">\n<p class=\"\" data-start=\"871\" data-end=\"953\"><strong data-start=\"871\" data-end=\"951\">V\u00e2n s\u1ecdc d\u1ecdc r\u00f5 n\u00e9t \u2013 m\u1ea1nh m\u1ebd, c\u00e1 t\u00ednh, t\u1ea1o hi\u1ec7u \u1ee9ng chi\u1ec1u s\u00e2u cho kh\u00f4ng gian<\/strong><\/p>\n<\/li>\n<li class=\"\" data-start=\"954\" data-end=\"1027\">\n<p class=\"\" data-start=\"956\" data-end=\"1027\"><strong data-start=\"956\" data-end=\"1025\">T\u00f4ng \u0111en \u2013 ghi hi\u1ec7n \u0111\u1ea1i \u2013 d\u1ec5 ph\u1ed1i n\u1ed9i th\u1ea5t, sang tr\u1ecdng v\u00e0 s\u1ea1ch s\u1ebd<\/strong><\/p>\n<\/li>\n<li class=\"\" data-start=\"1028\" data-end=\"1099\">\n<p class=\"\" data-start=\"1030\" data-end=\"1099\"><strong data-start=\"1030\" data-end=\"1097\">\u0110\u1ebf nh\u1ef1a Bitumen \u2013 ch\u1ed1ng \u1ea9m m\u1ed1c, b\u00e1m n\u1ec1n t\u1ed1t, gi\u1eef phom c\u1ef1c chu\u1ea9n<\/strong><\/p>\n<\/li>\n<li class=\"\" data-start=\"1100\" data-end=\"1171\">\n<p class=\"\" data-start=\"1102\" data-end=\"1171\"><strong data-start=\"1102\" data-end=\"1169\">K\u1ebft c\u1ea5u d\u1ea1ng t\u1ea5m 50x50cm \u2013 l\u1eafp \u0111\u1eb7t linh ho\u1ea1t, thay th\u1ebf \u0111\u01a1n gi\u1ea3n<\/strong><\/p>\n<\/li>\n<li class=\"\" data-start=\"1172\" data-end=\"1242\">\n<p class=\"\" data-start=\"1174\" data-end=\"1242\"><strong data-start=\"1174\" data-end=\"1240\">Ch\u1ea5t li\u1ec7u s\u1ee3i t\u1ed5ng h\u1ee3p cao c\u1ea5p \u2013 ch\u1ed1ng x\u00f9, b\u1ec1n m\u00e0u, d\u1ec5 v\u1ec7 sinh<\/strong><\/p>\n<\/li>\n<li class=\"\" data-start=\"1243\" data-end=\"1320\">\n<p class=\"\" data-start=\"1245\" data-end=\"1320\"><strong data-start=\"1245\" data-end=\"1286\">Kh\u1ea3 n\u0103ng c\u00e1ch \u00e2m \u2013 gi\u1eef nhi\u1ec7t hi\u1ec7u qu\u1ea3<\/strong>, t\u1ea1o m\u00f4i tr\u01b0\u1eddng l\u00e0m vi\u1ec7c l\u00fd t\u01b0\u1edfng<\/p>\n<\/li>\n<\/ul>\n<p data-start=\"1327\" data-end=\"1364\">\n","protected":false},"excerpt":{"rendered":"<h3 class=\"\" data-start=\"1853\" data-end=\"1888\">\u00a0<strong data-start=\"1860\" data-end=\"1888\">Th\u00f4ng s\u1ed1 k\u1ef9 thu\u1eadt c\u01a1 b\u1ea3n<\/strong><\/h3>\n<ul data-start=\"1890\" data-end=\"2175\">\n<li class=\"\" data-start=\"1890\" data-end=\"1920\">\n<p class=\"\" data-start=\"1892\" data-end=\"1920\"><strong data-start=\"1892\" data-end=\"1907\">M\u00e3 s\u1ea3n ph\u1ea9m<\/strong>: RIO \u2013 T01<\/p>\n<\/li>\n<li class=\"\" data-start=\"1921\" data-end=\"1952\">\n<p class=\"\" data-start=\"1923\" data-end=\"1952\"><strong data-start=\"1923\" data-end=\"1937\">K\u00edch th\u01b0\u1edbc<\/strong>: 50cm x 50cm<\/p>\n<\/li>\n<li class=\"\" data-start=\"1953\" data-end=\"1994\">\n<p class=\"\" data-start=\"1955\" data-end=\"1994\"><strong data-start=\"1955\" data-end=\"1972\">Ch\u1ea5t li\u1ec7u s\u1ee3i<\/strong>: Polypropylene (PP)<\/p>\n<\/li>\n<li class=\"\" data-start=\"1995\" data-end=\"2045\">\n<p class=\"\" data-start=\"1997\" data-end=\"2045\"><strong data-start=\"1997\" data-end=\"2008\">\u0110\u1ebf th\u1ea3m<\/strong>: Nh\u1ef1a Bitumen \u2013 ti\u00eau chu\u1ea9n qu\u1ed1c t\u1ebf<\/p>\n<\/li>\n<li class=\"\" data-start=\"2046\" data-end=\"2077\">\n<p class=\"\" data-start=\"2048\" data-end=\"2077\"><strong data-start=\"2048\" data-end=\"2067\">\u0110\u1ed9 d\u00e0y t\u1ed5ng th\u1ec3<\/strong>: ~6\u20137mm<\/p>\n<\/li>\n<li class=\"\" data-start=\"2078\" data-end=\"2129\">\n<p class=\"\" data-start=\"2080\" data-end=\"2129\"><strong data-start=\"2080\" data-end=\"2090\">B\u1ec1 m\u1eb7t<\/strong>: V\u00e2n s\u1ecdc ngang, d\u1ec7t v\u00f2ng (loop pile)<\/p>\n<\/li>\n<li class=\"\" data-start=\"2130\" data-end=\"2175\">\n<p class=\"\" data-start=\"2132\" data-end=\"2175\"><strong data-start=\"2132\" data-end=\"2151\">M\u00e0u s\u1eafc th\u1ef1c t\u1ebf<\/strong>: N\u00e2u \u2013 be \u2013 ghi \u00e1nh x\u00e1m<\/p>\n<\/li>\n<\/ul>\n","protected":false},"featured_media":811,"comment_status":"open","ping_status":"closed","template":"","meta":[],"product_cat":[96,112],"product_tag":[104,109,103,105],"class_list":{"0":"post-830","1":"product","2":"type-product","3":"status-publish","4":"has-post-thumbnail","6":"product_cat-tham-tam","7":"product_cat-tham-tam-rio","8":"product_tag-tham-de-bitumen-cao-cap","9":"product_tag-tham-rio-t01","10":"product_tag-tham-tam-trung-tam-thuong-mai","11":"product_tag-tham-trai-san-van-phong-toa-nha","13":"first","14":"instock","15":"sale","16":"shipping-taxable","17":"purchasable","18":"product-type-simple"},"yoast_head":"<!-- This site is optimized with the Yoast SEO Premium plugin v20.12 (Yoast SEO v20.12) - https:\/\/yoast.com\/wordpress\/plugins\/seo\/ -->\n<title>Th\u1ea3m t\u1ea5m Rio T01 - Thamtraisan<\/title>\n<meta name=\"robots\" content=\"index, follow, max-snippet:-1, max-image-preview:large, max-video-preview:-1\" \/>\n<link rel=\"canonical\" href=\"https:\/\/thamtraisanvanphong.com.vn\/?product=tham-tam-rio-t01\" \/>\n<meta property=\"og:locale\" content=\"vi_VN\" \/>\n<meta property=\"og:type\" content=\"article\" \/>\n<meta property=\"og:title\" content=\"Th\u1ea3m t\u1ea5m Rio T01\" \/>\n<meta property=\"og:description\" content=\"\u00a0Th\u00f4ng s\u1ed1 k\u1ef9 thu\u1eadt c\u01a1 b\u1ea3n    M\u00e3 s\u1ea3n ph\u1ea9m: RIO \u2013 T01    K\u00edch th\u01b0\u1edbc: 50cm x 50cm    Ch\u1ea5t li\u1ec7u s\u1ee3i: Polypropylene (PP)    \u0110\u1ebf th\u1ea3m: Nh\u1ef1a Bitumen \u2013 ti\u00eau chu\u1ea9n qu\u1ed1c t\u1ebf    \u0110\u1ed9 d\u00e0y t\u1ed5ng th\u1ec3: ~6\u20137mm    B\u1ec1 m\u1eb7t: V\u00e2n s\u1ecdc ngang, d\u1ec7t v\u00f2ng (loop pile)    M\u00e0u s\u1eafc th\u1ef1c t\u1ebf: N\u00e2u \u2013 be \u2013 ghi \u00e1nh x\u00e1m\" \/>\n<meta property=\"og:url\" content=\"https:\/\/thamtraisanvanphong.com.vn\/?product=tham-tam-rio-t01\" \/>\n<meta property=\"og:site_name\" content=\"Thamtraisan\" \/>\n<meta property=\"article:modified_time\" content=\"2026-04-11T02:41:05+00:00\" \/>\n<meta property=\"og:image\" content=\"https:\/\/thamtraisanvanphong.com.vn\/wp-content\/uploads\/2026\/04\/Tham-tam-Rio_T01.png\" \/>\n\t<meta property=\"og:image:width\" content=\"659\" \/>\n\t<meta property=\"og:image:height\" content=\"653\" \/>\n\t<meta property=\"og:image:type\" content=\"image\/png\" \/>\n<meta name=\"twitter:card\" content=\"summary_large_image\" \/>\n<meta name=\"twitter:label1\" content=\"\u01af\u1edbc t\u00ednh th\u1eddi gian \u0111\u1ecdc\" \/>\n\t<meta name=\"twitter:data1\" content=\"2 ph\u00fat\" \/>\n<script type=\"application\/ld+json\" class=\"yoast-schema-graph\">{\"@context\":\"https:\/\/schema.org\",\"@graph\":[{\"@type\":\"WebPage\",\"@id\":\"https:\/\/thamtraisanvanphong.com.vn\/?product=tham-tam-rio-t01\",\"url\":\"https:\/\/thamtraisanvanphong.com.vn\/?product=tham-tam-rio-t01\",\"name\":\"Th\u1ea3m t\u1ea5m Rio T01 - Thamtraisan\",\"isPartOf\":{\"@id\":\"https:\/\/thamtraisanvanphong.com.vn\/#website\"},\"datePublished\":\"2026-04-10T17:39:54+00:00\",\"dateModified\":\"2026-04-11T02:41:05+00:00\",\"breadcrumb\":{\"@id\":\"https:\/\/thamtraisanvanphong.com.vn\/?product=tham-tam-rio-t01#breadcrumb\"},\"inLanguage\":\"vi\",\"potentialAction\":[{\"@type\":\"ReadAction\",\"target\":[\"https:\/\/thamtraisanvanphong.com.vn\/?product=tham-tam-rio-t01\"]}]},{\"@type\":\"BreadcrumbList\",\"@id\":\"https:\/\/thamtraisanvanphong.com.vn\/?product=tham-tam-rio-t01#breadcrumb\",\"itemListElement\":[{\"@type\":\"ListItem\",\"position\":1,\"name\":\"Home\",\"item\":\"https:\/\/thamtraisanvanphong.com.vn\/\"},{\"@type\":\"ListItem\",\"position\":2,\"name\":\"C\u1eeda h\u00e0ng\",\"item\":\"https:\/\/thamtraisanvanphong.com.vn\/?page_id=10\"},{\"@type\":\"ListItem\",\"position\":3,\"name\":\"Th\u1ea3m t\u1ea5m Rio T01\"}]},{\"@type\":\"WebSite\",\"@id\":\"https:\/\/thamtraisanvanphong.com.vn\/#website\",\"url\":\"https:\/\/thamtraisanvanphong.com.vn\/\",\"name\":\"Thamtraisan\",\"description\":\"Thamtraisangiare\",\"potentialAction\":[{\"@type\":\"SearchAction\",\"target\":{\"@type\":\"EntryPoint\",\"urlTemplate\":\"https:\/\/thamtraisanvanphong.com.vn\/?s={search_term_string}\"},\"query-input\":\"required name=search_term_string\"}],\"inLanguage\":\"vi\"}]}<\/script>\n<!-- \/ Yoast SEO Premium plugin. -->","yoast_head_json":{"title":"Th\u1ea3m t\u1ea5m Rio T01 - Thamtraisan","robots":{"index":"index","follow":"follow","max-snippet":"max-snippet:-1","max-image-preview":"max-image-preview:large","max-video-preview":"max-video-preview:-1"},"canonical":"https:\/\/thamtraisanvanphong.com.vn\/?product=tham-tam-rio-t01","og_locale":"vi_VN","og_type":"article","og_title":"Th\u1ea3m t\u1ea5m Rio T01","og_description":"\u00a0Th\u00f4ng s\u1ed1 k\u1ef9 thu\u1eadt c\u01a1 b\u1ea3n    M\u00e3 s\u1ea3n ph\u1ea9m: RIO \u2013 T01    K\u00edch th\u01b0\u1edbc: 50cm x 50cm    Ch\u1ea5t li\u1ec7u s\u1ee3i: Polypropylene (PP)    \u0110\u1ebf th\u1ea3m: Nh\u1ef1a Bitumen \u2013 ti\u00eau chu\u1ea9n qu\u1ed1c t\u1ebf    \u0110\u1ed9 d\u00e0y t\u1ed5ng th\u1ec3: ~6\u20137mm    B\u1ec1 m\u1eb7t: V\u00e2n s\u1ecdc ngang, d\u1ec7t v\u00f2ng (loop pile)    M\u00e0u s\u1eafc th\u1ef1c t\u1ebf: N\u00e2u \u2013 be \u2013 ghi \u00e1nh x\u00e1m","og_url":"https:\/\/thamtraisanvanphong.com.vn\/?product=tham-tam-rio-t01","og_site_name":"Thamtraisan","article_modified_time":"2026-04-11T02:41:05+00:00","og_image":[{"url":"https:\/\/thamtraisanvanphong.com.vn\/wp-content\/uploads\/2026\/04\/Tham-tam-Rio_T01.png","width":659,"height":653,"type":"image\/png"}],"twitter_card":"summary_large_image","twitter_misc":{"\u01af\u1edbc t\u00ednh th\u1eddi gian \u0111\u1ecdc":"2 ph\u00fat"},"schema":{"@context":"https:\/\/schema.org","@graph":[{"@type":"WebPage","@id":"https:\/\/thamtraisanvanphong.com.vn\/?product=tham-tam-rio-t01","url":"https:\/\/thamtraisanvanphong.com.vn\/?product=tham-tam-rio-t01","name":"Th\u1ea3m t\u1ea5m Rio T01 - Thamtraisan","isPartOf":{"@id":"https:\/\/thamtraisanvanphong.com.vn\/#website"},"datePublished":"2026-04-10T17:39:54+00:00","dateModified":"2026-04-11T02:41:05+00:00","breadcrumb":{"@id":"https:\/\/thamtraisanvanphong.com.vn\/?product=tham-tam-rio-t01#breadcrumb"},"inLanguage":"vi","potentialAction":[{"@type":"ReadAction","target":["https:\/\/thamtraisanvanphong.com.vn\/?product=tham-tam-rio-t01"]}]},{"@type":"BreadcrumbList","@id":"https:\/\/thamtraisanvanphong.com.vn\/?product=tham-tam-rio-t01#breadcrumb","itemListElement":[{"@type":"ListItem","position":1,"name":"Home","item":"https:\/\/thamtraisanvanphong.com.vn\/"},{"@type":"ListItem","position":2,"name":"C\u1eeda h\u00e0ng","item":"https:\/\/thamtraisanvanphong.com.vn\/?page_id=10"},{"@type":"ListItem","position":3,"name":"Th\u1ea3m t\u1ea5m Rio T01"}]},{"@type":"WebSite","@id":"https:\/\/thamtraisanvanphong.com.vn\/#website","url":"https:\/\/thamtraisanvanphong.com.vn\/","name":"Thamtraisan","description":"Thamtraisangiare","potentialAction":[{"@type":"SearchAction","target":{"@type":"EntryPoint","urlTemplate":"https:\/\/thamtraisanvanphong.com.vn\/?s={search_term_string}"},"query-input":"required name=search_term_string"}],"inLanguage":"vi"}]}},"_links":{"self":[{"href":"https:\/\/thamtraisanvanphong.com.vn\/index.php?rest_route=\/wp\/v2\/product\/830","targetHints":{"allow":["GET"]}}],"collection":[{"href":"https:\/\/thamtraisanvanphong.com.vn\/index.php?rest_route=\/wp\/v2\/product"}],"about":[{"href":"https:\/\/thamtraisanvanphong.com.vn\/index.php?rest_route=\/wp\/v2\/types\/product"}],"replies":[{"embeddable":true,"href":"https:\/\/thamtraisanvanphong.com.vn\/index.php?rest_route=%2Fwp%2Fv2%2Fcomments&post=830"}],"wp:featuredmedia":[{"embeddable":true,"href":"https:\/\/thamtraisanvanphong.com.vn\/index.php?rest_route=\/wp\/v2\/media\/811"}],"wp:attachment":[{"href":"https:\/\/thamtraisanvanphong.com.vn\/index.php?rest_route=%2Fwp%2Fv2%2Fmedia&parent=830"}],"wp:term":[{"taxonomy":"product_cat","embeddable":true,"href":"https:\/\/thamtraisanvanphong.com.vn\/index.php?rest_route=%2Fwp%2Fv2%2Fproduct_cat&post=830"},{"taxonomy":"product_tag","embeddable":true,"href":"https:\/\/thamtraisanvanphong.com.vn\/index.php?rest_route=%2Fwp%2Fv2%2Fproduct_tag&post=830"}],"curies":[{"name":"wp","href":"https:\/\/api.w.org\/{rel}","templated":true}]}}