{"id":831,"date":"2026-04-11T00:41:51","date_gmt":"2026-04-10T17:41:51","guid":{"rendered":"https:\/\/thamtraisanvanphong.com.vn\/?post_type=product&#038;p=831"},"modified":"2026-04-11T09:41:05","modified_gmt":"2026-04-11T02:41:05","slug":"tham-tam-rio-t02","status":"publish","type":"product","link":"https:\/\/thamtraisanvanphong.com.vn\/?product=tham-tam-rio-t02","title":{"rendered":"Th\u1ea3m t\u1ea5m Rio T02"},"content":{"rendered":"<p data-start=\"241\" data-end=\"360\"><strong data-start=\"244\" data-end=\"360\">Th\u1ea3m Tr\u1ea3i S\u00e0n D\u1ea1ng T\u1ea5m BITUMEN RIO \u2013 T02 | \u0110\u1eb3ng C\u1ea5p Sang Tr\u1ecdng Cho Kh\u00f4ng Gian Kh\u00e1ch S\u1ea1n v\u00e0 C\u00f4ng Tr\u00ecnh Th\u01b0\u01a1ng M\u1ea1i<\/strong><\/p>\n<p data-start=\"362\" data-end=\"471\"><strong data-start=\"366\" data-end=\"471\">Tinh t\u1ebf trong t\u1eebng chi ti\u1ebft \u2013 B\u1ec1n b\u1ec9 theo th\u1eddi gian \u2013 L\u1ef1a ch\u1ecdn t\u1ed1i \u01b0u cho ti\u00eau chu\u1ea9n thi\u1ebft k\u1ebf cao c\u1ea5p<\/strong><\/p>\n<p class=\"\" data-start=\"473\" data-end=\"953\"><strong data-start=\"473\" data-end=\"486\">RIO \u2013 T02<\/strong>\u00a0l\u00e0 d\u00f2ng\u00a0<strong data-start=\"495\" data-end=\"529\">th\u1ea3m tr\u1ea3i s\u00e0n d\u1ea1ng t\u1ea5m 50x50cm<\/strong>\u00a0s\u1eed d\u1ee5ng\u00a0<strong data-start=\"538\" data-end=\"565\">\u0111\u1ebf nh\u1ef1a bitumen cao c\u1ea5p<\/strong>, thi\u1ebft k\u1ebf \u0111\u1eb7c bi\u1ec7t d\u00e0nh cho c\u00e1c c\u00f4ng tr\u00ecnh y\u00eau c\u1ea7u t\u00ednh \u1ed5n \u0111\u1ecbnh, \u0111\u1ed9 b\u1ec1n l\u00e2u d\u00e0i v\u00e0 y\u1ebfu t\u1ed1 th\u1ea9m m\u1ef9 v\u01b0\u1ee3t tr\u1ed9i. V\u1edbi gam m\u00e0u\u00a0<strong data-start=\"687\" data-end=\"720\">ghi \u0111\u1eadm ph\u1ed1i s\u1ecdc s\u00e1ng tinh t\u1ebf<\/strong>, b\u1ec1 m\u1eb7t d\u1ec7t v\u00e2n s\u1ecdc m\u1ea3nh \u0111\u1ec1u t\u0103m t\u1eafp, s\u1ea3n ph\u1ea9m mang \u0111\u1ebfn v\u1ebb \u0111\u1eb9p chuy\u00ean nghi\u1ec7p, hi\u1ec7n \u0111\u1ea1i \u2013 l\u00fd t\u01b0\u1edfng cho c\u00e1c\u00a0<strong data-start=\"827\" data-end=\"848\">kh\u00e1ch s\u1ea1n 4\u20135 sao<\/strong>,\u00a0<strong data-start=\"850\" data-end=\"868\">khu ngh\u1ec9 d\u01b0\u1ee1ng<\/strong>,\u00a0<strong data-start=\"870\" data-end=\"887\">s\u1ea3nh \u0111\u00f3n ti\u1ebfp<\/strong>,\u00a0<strong data-start=\"889\" data-end=\"909\">h\u00e0nh lang cao \u1ed1c<\/strong>\u00a0ho\u1eb7c\u00a0<strong data-start=\"915\" data-end=\"952\">ph\u00f2ng h\u1ed9i ngh\u1ecb ti\u00eau chu\u1ea9n qu\u1ed1c t\u1ebf<\/strong>.<\/p>\n<p data-start=\"960\" data-end=\"1015\"><img decoding=\"async\" class=\"emoji\" role=\"img\" draggable=\"false\" src=\"https:\/\/s.w.org\/images\/core\/emoji\/17.0.2\/svg\/1f396.svg\" alt=\"\ud83c\udf96\ufe0f\" \/>\u00a0<strong data-start=\"968\" data-end=\"1015\">L\u1ee3i th\u1ebf n\u1ed5i b\u1eadt d\u00e0nh cho c\u00f4ng tr\u00ecnh cao c\u1ea5p<\/strong><\/p>\n<ul data-start=\"1017\" data-end=\"1594\">\n<li class=\"\" data-start=\"1017\" data-end=\"1100\">\n<p class=\"\" data-start=\"1019\" data-end=\"1100\"><strong data-start=\"1019\" data-end=\"1098\">T\u00f4ng m\u00e0u ghi sang tr\u1ecdng \u2013 th\u1ec3 hi\u1ec7n s\u1ef1 \u0111\u1eb3ng c\u1ea5p, s\u1ea1ch s\u1ebd v\u00e0 d\u1ec5 ph\u1ed1i n\u1ed9i th\u1ea5t<\/strong><\/p>\n<\/li>\n<li class=\"\" data-start=\"1101\" data-end=\"1195\">\n<p class=\"\" data-start=\"1103\" data-end=\"1195\"><strong data-start=\"1103\" data-end=\"1193\">H\u1ecda ti\u1ebft v\u00e2n s\u1ecdc m\u1ea3nh \u2013 t\u1ea1o chi\u1ec1u s\u00e2u kh\u00f4ng gian, ph\u00f9 h\u1ee3p phong c\u00e1ch t\u1ed1i gi\u1ea3n hi\u1ec7n \u0111\u1ea1i<\/strong><\/p>\n<\/li>\n<li class=\"\" data-start=\"1196\" data-end=\"1295\">\n<p class=\"\" data-start=\"1198\" data-end=\"1295\"><strong data-start=\"1198\" data-end=\"1293\">\u0110\u1ebf nh\u1ef1a Bitumen \u2013 v\u1eadt li\u1ec7u ch\u1ed1ng \u1ea9m t\u1ed1i \u01b0u, kh\u00f4ng bi\u1ebfn d\u1ea1ng, kh\u00f4ng bong tr\u00f3c theo th\u1eddi gian<\/strong><\/p>\n<\/li>\n<li class=\"\" data-start=\"1296\" data-end=\"1398\">\n<p class=\"\" data-start=\"1298\" data-end=\"1398\"><strong data-start=\"1298\" data-end=\"1396\">C\u1ea5u tr\u00fac t\u1ea5m vu\u00f4ng 50x50cm \u2013 thi c\u00f4ng d\u1ec5 d\u00e0ng, cho ph\u00e9p thay th\u1ebf linh ho\u1ea1t t\u1eebng v\u1ecb tr\u00ed khi c\u1ea7n<\/strong><\/p>\n<\/li>\n<li class=\"\" data-start=\"1399\" data-end=\"1489\">\n<p class=\"\" data-start=\"1401\" data-end=\"1489\"><strong data-start=\"1401\" data-end=\"1487\">Ch\u1ea5t li\u1ec7u s\u1ee3i PP cao c\u1ea5p \u2013 ch\u1ed1ng x\u00f9 l\u00f4ng, ch\u1ed1ng b\u00e1m b\u1ee5i, th\u00e2n thi\u1ec7n v\u1edbi m\u00f4i tr\u01b0\u1eddng<\/strong><\/p>\n<\/li>\n<li class=\"\" data-start=\"1490\" data-end=\"1594\">\n<p class=\"\" data-start=\"1492\" data-end=\"1594\"><strong data-start=\"1492\" data-end=\"1594\">Kh\u1ea3 n\u0103ng c\u00e1ch \u00e2m, c\u00e1ch nhi\u1ec7t v\u01b0\u1ee3t tr\u1ed9i \u2013 mang l\u1ea1i tr\u1ea3i nghi\u1ec7m y\u00ean t\u0129nh, ri\u00eang t\u01b0 cho kh\u00e1ch l\u01b0u tr\u00fa<\/strong><\/p>\n<\/li>\n<\/ul>\n","protected":false},"excerpt":{"rendered":"<h3 class=\"\" data-start=\"1853\" data-end=\"1888\">\u00a0<strong data-start=\"1860\" data-end=\"1888\">Th\u00f4ng s\u1ed1 k\u1ef9 thu\u1eadt c\u01a1 b\u1ea3n<\/strong><\/h3>\n<ul data-start=\"1890\" data-end=\"2175\">\n<li class=\"\" data-start=\"1890\" data-end=\"1920\">\n<p class=\"\" data-start=\"1892\" data-end=\"1920\"><strong data-start=\"1892\" data-end=\"1907\">M\u00e3 s\u1ea3n ph\u1ea9m<\/strong>: RIO \u2013 T02<\/p>\n<\/li>\n<li class=\"\" data-start=\"1921\" data-end=\"1952\">\n<p class=\"\" data-start=\"1923\" data-end=\"1952\"><strong data-start=\"1923\" data-end=\"1937\">K\u00edch th\u01b0\u1edbc<\/strong>: 50cm x 50cm<\/p>\n<\/li>\n<li class=\"\" data-start=\"1953\" data-end=\"1994\">\n<p class=\"\" data-start=\"1955\" data-end=\"1994\"><strong data-start=\"1955\" data-end=\"1972\">Ch\u1ea5t li\u1ec7u s\u1ee3i<\/strong>: Polypropylene (PP)<\/p>\n<\/li>\n<li class=\"\" data-start=\"1995\" data-end=\"2045\">\n<p class=\"\" data-start=\"1997\" data-end=\"2045\"><strong data-start=\"1997\" data-end=\"2008\">\u0110\u1ebf th\u1ea3m<\/strong>: Nh\u1ef1a Bitumen \u2013 ti\u00eau chu\u1ea9n qu\u1ed1c t\u1ebf<\/p>\n<\/li>\n<li class=\"\" data-start=\"2046\" data-end=\"2077\">\n<p class=\"\" data-start=\"2048\" data-end=\"2077\"><strong data-start=\"2048\" data-end=\"2067\">\u0110\u1ed9 d\u00e0y t\u1ed5ng th\u1ec3<\/strong>: ~6\u20137mm<\/p>\n<\/li>\n<li class=\"\" data-start=\"2078\" data-end=\"2129\">\n<p class=\"\" data-start=\"2080\" data-end=\"2129\"><strong data-start=\"2080\" data-end=\"2090\">B\u1ec1 m\u1eb7t<\/strong>: V\u00e2n s\u1ecdc ngang, d\u1ec7t v\u00f2ng (loop pile)<\/p>\n<\/li>\n<li class=\"\" data-start=\"2130\" data-end=\"2175\">\n<p class=\"\" data-start=\"2132\" data-end=\"2175\"><strong data-start=\"2132\" data-end=\"2151\">M\u00e0u s\u1eafc th\u1ef1c t\u1ebf<\/strong>: N\u00e2u \u2013 be \u2013 ghi \u00e1nh x\u00e1m<\/p>\n<\/li>\n<\/ul>\n","protected":false},"featured_media":808,"comment_status":"open","ping_status":"closed","template":"","meta":[],"product_cat":[96,112],"product_tag":[104,110,103,105],"class_list":{"0":"post-831","1":"product","2":"type-product","3":"status-publish","4":"has-post-thumbnail","6":"product_cat-tham-tam","7":"product_cat-tham-tam-rio","8":"product_tag-tham-de-bitumen-cao-cap","9":"product_tag-tham-rio-t02","10":"product_tag-tham-tam-trung-tam-thuong-mai","11":"product_tag-tham-trai-san-van-phong-toa-nha","13":"first","14":"instock","15":"sale","16":"shipping-taxable","17":"purchasable","18":"product-type-simple"},"yoast_head":"<!-- This site is optimized with the Yoast SEO Premium plugin v20.12 (Yoast SEO v20.12) - https:\/\/yoast.com\/wordpress\/plugins\/seo\/ -->\n<title>Th\u1ea3m t\u1ea5m Rio T02 - Thamtraisan<\/title>\n<meta name=\"robots\" content=\"index, follow, max-snippet:-1, max-image-preview:large, max-video-preview:-1\" \/>\n<link rel=\"canonical\" href=\"https:\/\/thamtraisanvanphong.com.vn\/?product=tham-tam-rio-t02\" \/>\n<meta property=\"og:locale\" content=\"vi_VN\" \/>\n<meta property=\"og:type\" content=\"article\" \/>\n<meta property=\"og:title\" content=\"Th\u1ea3m t\u1ea5m Rio T02\" \/>\n<meta property=\"og:description\" content=\"\u00a0Th\u00f4ng s\u1ed1 k\u1ef9 thu\u1eadt c\u01a1 b\u1ea3n    M\u00e3 s\u1ea3n ph\u1ea9m: RIO \u2013 T02    K\u00edch th\u01b0\u1edbc: 50cm x 50cm    Ch\u1ea5t li\u1ec7u s\u1ee3i: Polypropylene (PP)    \u0110\u1ebf th\u1ea3m: Nh\u1ef1a Bitumen \u2013 ti\u00eau chu\u1ea9n qu\u1ed1c t\u1ebf    \u0110\u1ed9 d\u00e0y t\u1ed5ng th\u1ec3: ~6\u20137mm    B\u1ec1 m\u1eb7t: V\u00e2n s\u1ecdc ngang, d\u1ec7t v\u00f2ng (loop pile)    M\u00e0u s\u1eafc th\u1ef1c t\u1ebf: N\u00e2u \u2013 be \u2013 ghi \u00e1nh x\u00e1m\" \/>\n<meta property=\"og:url\" content=\"https:\/\/thamtraisanvanphong.com.vn\/?product=tham-tam-rio-t02\" \/>\n<meta property=\"og:site_name\" content=\"Thamtraisan\" \/>\n<meta property=\"article:modified_time\" content=\"2026-04-11T02:41:05+00:00\" \/>\n<meta property=\"og:image\" content=\"https:\/\/thamtraisanvanphong.com.vn\/wp-content\/uploads\/2026\/04\/Tham-tam-Rio_T02.png\" \/>\n\t<meta property=\"og:image:width\" content=\"661\" \/>\n\t<meta property=\"og:image:height\" content=\"664\" \/>\n\t<meta property=\"og:image:type\" content=\"image\/png\" \/>\n<meta name=\"twitter:card\" content=\"summary_large_image\" \/>\n<meta name=\"twitter:label1\" content=\"\u01af\u1edbc t\u00ednh th\u1eddi gian \u0111\u1ecdc\" \/>\n\t<meta name=\"twitter:data1\" content=\"2 ph\u00fat\" \/>\n<script type=\"application\/ld+json\" class=\"yoast-schema-graph\">{\"@context\":\"https:\/\/schema.org\",\"@graph\":[{\"@type\":\"WebPage\",\"@id\":\"https:\/\/thamtraisanvanphong.com.vn\/?product=tham-tam-rio-t02\",\"url\":\"https:\/\/thamtraisanvanphong.com.vn\/?product=tham-tam-rio-t02\",\"name\":\"Th\u1ea3m t\u1ea5m Rio T02 - Thamtraisan\",\"isPartOf\":{\"@id\":\"https:\/\/thamtraisanvanphong.com.vn\/#website\"},\"datePublished\":\"2026-04-10T17:41:51+00:00\",\"dateModified\":\"2026-04-11T02:41:05+00:00\",\"breadcrumb\":{\"@id\":\"https:\/\/thamtraisanvanphong.com.vn\/?product=tham-tam-rio-t02#breadcrumb\"},\"inLanguage\":\"vi\",\"potentialAction\":[{\"@type\":\"ReadAction\",\"target\":[\"https:\/\/thamtraisanvanphong.com.vn\/?product=tham-tam-rio-t02\"]}]},{\"@type\":\"BreadcrumbList\",\"@id\":\"https:\/\/thamtraisanvanphong.com.vn\/?product=tham-tam-rio-t02#breadcrumb\",\"itemListElement\":[{\"@type\":\"ListItem\",\"position\":1,\"name\":\"Home\",\"item\":\"https:\/\/thamtraisanvanphong.com.vn\/\"},{\"@type\":\"ListItem\",\"position\":2,\"name\":\"C\u1eeda h\u00e0ng\",\"item\":\"https:\/\/thamtraisanvanphong.com.vn\/?page_id=10\"},{\"@type\":\"ListItem\",\"position\":3,\"name\":\"Th\u1ea3m t\u1ea5m Rio T02\"}]},{\"@type\":\"WebSite\",\"@id\":\"https:\/\/thamtraisanvanphong.com.vn\/#website\",\"url\":\"https:\/\/thamtraisanvanphong.com.vn\/\",\"name\":\"Thamtraisan\",\"description\":\"Thamtraisangiare\",\"potentialAction\":[{\"@type\":\"SearchAction\",\"target\":{\"@type\":\"EntryPoint\",\"urlTemplate\":\"https:\/\/thamtraisanvanphong.com.vn\/?s={search_term_string}\"},\"query-input\":\"required name=search_term_string\"}],\"inLanguage\":\"vi\"}]}<\/script>\n<!-- \/ Yoast SEO Premium plugin. -->","yoast_head_json":{"title":"Th\u1ea3m t\u1ea5m Rio T02 - Thamtraisan","robots":{"index":"index","follow":"follow","max-snippet":"max-snippet:-1","max-image-preview":"max-image-preview:large","max-video-preview":"max-video-preview:-1"},"canonical":"https:\/\/thamtraisanvanphong.com.vn\/?product=tham-tam-rio-t02","og_locale":"vi_VN","og_type":"article","og_title":"Th\u1ea3m t\u1ea5m Rio T02","og_description":"\u00a0Th\u00f4ng s\u1ed1 k\u1ef9 thu\u1eadt c\u01a1 b\u1ea3n    M\u00e3 s\u1ea3n ph\u1ea9m: RIO \u2013 T02    K\u00edch th\u01b0\u1edbc: 50cm x 50cm    Ch\u1ea5t li\u1ec7u s\u1ee3i: Polypropylene (PP)    \u0110\u1ebf th\u1ea3m: Nh\u1ef1a Bitumen \u2013 ti\u00eau chu\u1ea9n qu\u1ed1c t\u1ebf    \u0110\u1ed9 d\u00e0y t\u1ed5ng th\u1ec3: ~6\u20137mm    B\u1ec1 m\u1eb7t: V\u00e2n s\u1ecdc ngang, d\u1ec7t v\u00f2ng (loop pile)    M\u00e0u s\u1eafc th\u1ef1c t\u1ebf: N\u00e2u \u2013 be \u2013 ghi \u00e1nh x\u00e1m","og_url":"https:\/\/thamtraisanvanphong.com.vn\/?product=tham-tam-rio-t02","og_site_name":"Thamtraisan","article_modified_time":"2026-04-11T02:41:05+00:00","og_image":[{"url":"https:\/\/thamtraisanvanphong.com.vn\/wp-content\/uploads\/2026\/04\/Tham-tam-Rio_T02.png","width":661,"height":664,"type":"image\/png"}],"twitter_card":"summary_large_image","twitter_misc":{"\u01af\u1edbc t\u00ednh th\u1eddi gian \u0111\u1ecdc":"2 ph\u00fat"},"schema":{"@context":"https:\/\/schema.org","@graph":[{"@type":"WebPage","@id":"https:\/\/thamtraisanvanphong.com.vn\/?product=tham-tam-rio-t02","url":"https:\/\/thamtraisanvanphong.com.vn\/?product=tham-tam-rio-t02","name":"Th\u1ea3m t\u1ea5m Rio T02 - Thamtraisan","isPartOf":{"@id":"https:\/\/thamtraisanvanphong.com.vn\/#website"},"datePublished":"2026-04-10T17:41:51+00:00","dateModified":"2026-04-11T02:41:05+00:00","breadcrumb":{"@id":"https:\/\/thamtraisanvanphong.com.vn\/?product=tham-tam-rio-t02#breadcrumb"},"inLanguage":"vi","potentialAction":[{"@type":"ReadAction","target":["https:\/\/thamtraisanvanphong.com.vn\/?product=tham-tam-rio-t02"]}]},{"@type":"BreadcrumbList","@id":"https:\/\/thamtraisanvanphong.com.vn\/?product=tham-tam-rio-t02#breadcrumb","itemListElement":[{"@type":"ListItem","position":1,"name":"Home","item":"https:\/\/thamtraisanvanphong.com.vn\/"},{"@type":"ListItem","position":2,"name":"C\u1eeda h\u00e0ng","item":"https:\/\/thamtraisanvanphong.com.vn\/?page_id=10"},{"@type":"ListItem","position":3,"name":"Th\u1ea3m t\u1ea5m Rio T02"}]},{"@type":"WebSite","@id":"https:\/\/thamtraisanvanphong.com.vn\/#website","url":"https:\/\/thamtraisanvanphong.com.vn\/","name":"Thamtraisan","description":"Thamtraisangiare","potentialAction":[{"@type":"SearchAction","target":{"@type":"EntryPoint","urlTemplate":"https:\/\/thamtraisanvanphong.com.vn\/?s={search_term_string}"},"query-input":"required name=search_term_string"}],"inLanguage":"vi"}]}},"_links":{"self":[{"href":"https:\/\/thamtraisanvanphong.com.vn\/index.php?rest_route=\/wp\/v2\/product\/831","targetHints":{"allow":["GET"]}}],"collection":[{"href":"https:\/\/thamtraisanvanphong.com.vn\/index.php?rest_route=\/wp\/v2\/product"}],"about":[{"href":"https:\/\/thamtraisanvanphong.com.vn\/index.php?rest_route=\/wp\/v2\/types\/product"}],"replies":[{"embeddable":true,"href":"https:\/\/thamtraisanvanphong.com.vn\/index.php?rest_route=%2Fwp%2Fv2%2Fcomments&post=831"}],"wp:featuredmedia":[{"embeddable":true,"href":"https:\/\/thamtraisanvanphong.com.vn\/index.php?rest_route=\/wp\/v2\/media\/808"}],"wp:attachment":[{"href":"https:\/\/thamtraisanvanphong.com.vn\/index.php?rest_route=%2Fwp%2Fv2%2Fmedia&parent=831"}],"wp:term":[{"taxonomy":"product_cat","embeddable":true,"href":"https:\/\/thamtraisanvanphong.com.vn\/index.php?rest_route=%2Fwp%2Fv2%2Fproduct_cat&post=831"},{"taxonomy":"product_tag","embeddable":true,"href":"https:\/\/thamtraisanvanphong.com.vn\/index.php?rest_route=%2Fwp%2Fv2%2Fproduct_tag&post=831"}],"curies":[{"name":"wp","href":"https:\/\/api.w.org\/{rel}","templated":true}]}}