{"id":832,"date":"2026-04-11T00:44:30","date_gmt":"2026-04-10T17:44:30","guid":{"rendered":"https:\/\/thamtraisanvanphong.com.vn\/?post_type=product&#038;p=832"},"modified":"2026-04-11T09:41:05","modified_gmt":"2026-04-11T02:41:05","slug":"tham-tam-rio-t04","status":"publish","type":"product","link":"https:\/\/thamtraisanvanphong.com.vn\/?product=tham-tam-rio-t04","title":{"rendered":"Th\u1ea3m t\u1ea5m Rio T04"},"content":{"rendered":"<p><strong data-start=\"620\" data-end=\"633\">RIO \u2013 T04<\/strong>\u00a0l\u00e0 m\u1eabu\u00a0<strong data-start=\"641\" data-end=\"672\">th\u1ea3m t\u1ea5m k\u00edch th\u01b0\u1edbc 50x50cm<\/strong>, n\u1ed5i b\u1eadt v\u1edbi m\u00e0u\u00a0<strong data-start=\"690\" data-end=\"739\">xanh navy ph\u1ed1i v\u00e2n s\u1ecdc d\u1ecdc \u0111\u1eadm nh\u1ea1t linh ho\u1ea1t<\/strong>, mang \u0111\u1ebfn m\u1ed9t di\u1ec7n m\u1ea1o hi\u1ec7n \u0111\u1ea1i, tinh t\u1ebf v\u00e0 kh\u00f4ng l\u1ed7i th\u1eddi. S\u1ea3n ph\u1ea9m \u0111\u01b0\u1ee3c thi\u1ebft k\u1ebf \u0111\u1eb7c bi\u1ec7t \u0111\u1ec3 ph\u1ee5c v\u1ee5 c\u00e1c c\u00f4ng tr\u00ecnh\u00a0<strong data-start=\"858\" data-end=\"880\">v\u0103n ph\u00f2ng cao t\u1ea7ng<\/strong>,\u00a0<strong data-start=\"882\" data-end=\"906\">trung t\u00e2m th\u01b0\u01a1ng m\u1ea1i<\/strong>,\u00a0<strong data-start=\"908\" data-end=\"925\">khu t\u00e0i ch\u00ednh<\/strong>,\u00a0<strong data-start=\"927\" data-end=\"960\">khu t\u1ed5 h\u1ee3p d\u1ecbch v\u1ee5 \u2013 ti\u1ec7n \u00edch<\/strong>, v\u1edbi y\u00eau c\u1ea7u cao v\u1ec1 c\u1ea3\u00a0<strong data-start=\"984\" data-end=\"995\">m\u1ef9 quan<\/strong>,\u00a0<strong data-start=\"997\" data-end=\"1021\">t\u00ednh \u1ed5n \u0111\u1ecbnh k\u1ebft c\u1ea5u<\/strong>\u00a0v\u00e0\u00a0<strong data-start=\"1025\" data-end=\"1066\">kh\u1ea3 n\u0103ng thi c\u00f4ng \u2013 b\u1ea3o tr\u00ec linh ho\u1ea1t<\/strong>.<\/p>\n<h3 class=\"\" data-start=\"500\" data-end=\"618\"><strong data-start=\"504\" data-end=\"618\">T\u00ednh th\u1ea9m m\u1ef9 \u0111\u1ed3ng b\u1ed9 \u2013 B\u1ec1n b\u1ec9 tr\u01b0\u1edbc l\u01b0u l\u01b0\u1ee3ng cao \u2013 Gi\u1ea3i ph\u00e1p th\u1ea3m t\u1ea5m cho kh\u00f4ng gian th\u01b0\u01a1ng m\u1ea1i chuy\u00ean nghi\u1ec7p<\/strong><\/h3>\n<p><strong data-start=\"620\" data-end=\"633\">RIO \u2013 T04<\/strong>\u00a0l\u00e0 m\u1eabu\u00a0<strong data-start=\"641\" data-end=\"672\">th\u1ea3m t\u1ea5m k\u00edch th\u01b0\u1edbc 50x50cm<\/strong>, n\u1ed5i b\u1eadt v\u1edbi m\u00e0u\u00a0<strong data-start=\"690\" data-end=\"739\">xanh navy ph\u1ed1i v\u00e2n s\u1ecdc d\u1ecdc \u0111\u1eadm nh\u1ea1t linh ho\u1ea1t<\/strong>, mang \u0111\u1ebfn m\u1ed9t di\u1ec7n m\u1ea1o hi\u1ec7n \u0111\u1ea1i, tinh t\u1ebf v\u00e0 kh\u00f4ng l\u1ed7i th\u1eddi. S\u1ea3n ph\u1ea9m \u0111\u01b0\u1ee3c thi\u1ebft k\u1ebf \u0111\u1eb7c bi\u1ec7t \u0111\u1ec3 ph\u1ee5c v\u1ee5 c\u00e1c c\u00f4ng tr\u00ecnh\u00a0<strong data-start=\"858\" data-end=\"880\">v\u0103n ph\u00f2ng cao t\u1ea7ng<\/strong>,\u00a0<strong data-start=\"882\" data-end=\"906\">trung t\u00e2m th\u01b0\u01a1ng m\u1ea1i<\/strong>,\u00a0<strong data-start=\"908\" data-end=\"925\">khu t\u00e0i ch\u00ednh<\/strong>,\u00a0<strong data-start=\"927\" data-end=\"960\">khu t\u1ed5 h\u1ee3p d\u1ecbch v\u1ee5 \u2013 ti\u1ec7n \u00edch<\/strong>, v\u1edbi y\u00eau c\u1ea7u cao v\u1ec1 c\u1ea3\u00a0<strong data-start=\"984\" data-end=\"995\">m\u1ef9 quan<\/strong>,\u00a0<strong data-start=\"997\" data-end=\"1021\">t\u00ednh \u1ed5n \u0111\u1ecbnh k\u1ebft c\u1ea5u<\/strong>\u00a0v\u00e0\u00a0<strong data-start=\"1025\" data-end=\"1066\">kh\u1ea3 n\u0103ng thi c\u00f4ng \u2013 b\u1ea3o tr\u00ec linh ho\u1ea1t<\/strong>.<\/p>\n<h3 class=\"\" data-start=\"1074\" data-end=\"1147\"><strong data-start=\"1082\" data-end=\"1147\">\u0110i\u1ec3m m\u1ea1nh d\u00e0nh cho c\u00f4ng tr\u00ecnh quy m\u00f4 l\u1edbn &amp; m\u1eadt \u0111\u1ed9 s\u1eed d\u1ee5ng cao<\/strong><\/h3>\n<ul data-start=\"1149\" data-end=\"1751\">\n<li class=\"\" data-start=\"1149\" data-end=\"1254\"><strong data-start=\"1151\" data-end=\"1189\">M\u00e0u xanh navy ph\u1ed1i s\u1ecdc d\u1ecdc tinh t\u1ebf<\/strong>\u00a0\u2013 ph\u00f9 h\u1ee3p phong c\u00e1ch thi\u1ebft k\u1ebf sang tr\u1ecdng, hi\u1ec7n \u0111\u1ea1i v\u00e0 t\u1ed1i gi\u1ea3n<\/li>\n<li class=\"\" data-start=\"1255\" data-end=\"1354\"><strong data-start=\"1257\" data-end=\"1281\">H\u1ecda ti\u1ebft s\u1ecdc \u0111\u1ec1u d\u1ecdc<\/strong>\u00a0\u2013 t\u1ea1o hi\u1ec7u \u1ee9ng chi\u1ec1u cao, ph\u00f9 h\u1ee3p cho h\u00e0nh lang, l\u1ed1i \u0111i, ph\u00f2ng h\u1ecdp l\u1edbn<\/li>\n<li class=\"\" data-start=\"1355\" data-end=\"1466\"><strong data-start=\"1357\" data-end=\"1376\">\u0110\u1ebf nh\u1ef1a bitumen<\/strong>\u00a0\u2013 v\u1eadt li\u1ec7u ch\u1ed1ng \u1ea9m, gi\u00fap th\u1ea3m gi\u1eef phom ho\u00e0n h\u1ea3o v\u00e0 b\u00e1m n\u1ec1n t\u1ed1t tr\u00ean nhi\u1ec1u lo\u1ea1i m\u1eb7t s\u00e0n<\/li>\n<li class=\"\" data-start=\"1467\" data-end=\"1571\"><strong data-start=\"1469\" data-end=\"1498\">Thi\u1ebft k\u1ebf d\u1ea1ng t\u1ea5m 50x50cm<\/strong>\u00a0\u2013 thu\u1eadn ti\u1ec7n cho thi c\u00f4ng nhanh, thay th\u1ebf t\u1eebng khu v\u1ef1c khi c\u1ea7n b\u1ea3o tr\u00ec<\/li>\n<li class=\"\" data-start=\"1572\" data-end=\"1674\"><strong data-start=\"1574\" data-end=\"1602\">Ch\u1ea5t li\u1ec7u s\u1ee3i PP cao c\u1ea5p<\/strong>\u00a0\u2013 ch\u1ed1ng m\u00e0i m\u00f2n, kh\u00f4ng x\u00f9 l\u00f4ng, d\u1ec5 lau ch\u00f9i v\u00e0 gi\u1ea3m ti\u1ebfng \u1ed3n hi\u1ec7u qu\u1ea3<\/li>\n<li class=\"\" data-start=\"1675\" data-end=\"1751\"><strong data-start=\"1677\" data-end=\"1751\">\u0110\u00e1p \u1ee9ng y\u00eau c\u1ea7u k\u1ef9 thu\u1eadt v\u00e0 th\u1ea9m m\u1ef9 cho c\u00f4ng tr\u00ecnh th\u01b0\u01a1ng m\u1ea1i c\u1ea5p \u0111\u1ed9 A<\/strong><\/li>\n<\/ul>\n<h3 class=\"\" data-start=\"2082\" data-end=\"2111\"><img decoding=\"async\" class=\"emoji\" role=\"img\" draggable=\"false\" src=\"https:\/\/s.w.org\/images\/core\/emoji\/17.0.2\/svg\/1f3e2.svg\" alt=\"\ud83c\udfe2\" \/>\u00a0<strong data-start=\"2089\" data-end=\"2111\">\u1ee8ng d\u1ee5ng ti\u00eau bi\u1ec3u<\/strong><\/h3>\n<ul data-start=\"2113\" data-end=\"2358\">\n<li class=\"\" data-start=\"2113\" data-end=\"2184\">\n<p class=\"\" data-start=\"2115\" data-end=\"2184\"><strong data-start=\"2115\" data-end=\"2140\">S\u1ea3nh v\u0103n ph\u00f2ng h\u1ea1ng A<\/strong>, l\u1ed1i \u0111i chung, khu v\u1ef1c l\u00e0m vi\u1ec7c t\u1eadp trung<\/p>\n<\/li>\n<li class=\"\" data-start=\"2185\" data-end=\"2249\">\n<p class=\"\" data-start=\"2187\" data-end=\"2249\"><strong data-start=\"2187\" data-end=\"2211\">Trung t\u00e2m th\u01b0\u01a1ng m\u1ea1i<\/strong>, showroom, khu tr\u1ea3i nghi\u1ec7m s\u1ea3n ph\u1ea9m<\/p>\n<\/li>\n<li class=\"\" data-start=\"2250\" data-end=\"2301\">\n<p class=\"\" data-start=\"2252\" data-end=\"2301\"><strong data-start=\"2252\" data-end=\"2299\">Ph\u00f2ng h\u1ed9i ngh\u1ecb, kh\u00f4ng gian h\u1ed9i th\u1ea3o c\u1ea5p cao<\/strong><\/p>\n<\/li>\n<li class=\"\" data-start=\"2302\" data-end=\"2358\">\n<p class=\"\" data-start=\"2304\" data-end=\"2358\"><strong data-start=\"2304\" data-end=\"2358\">Khu v\u1ef1c \u0111\u00f3n kh\u00e1ch VIP, v\u0103n ph\u00f2ng \u0111i\u1ec1u h\u00e0nh c\u1ea5p cao<\/strong><\/p>\n<\/li>\n<\/ul>\n<p>&nbsp;<\/p>\n","protected":false},"excerpt":{"rendered":"<h3 class=\"\" data-start=\"1853\" data-end=\"1888\">\u00a0<strong data-start=\"1860\" data-end=\"1888\">Th\u00f4ng s\u1ed1 k\u1ef9 thu\u1eadt c\u01a1 b\u1ea3n<\/strong><\/h3>\n<ul data-start=\"1890\" data-end=\"2175\">\n<li class=\"\" data-start=\"1890\" data-end=\"1920\">\n<p class=\"\" data-start=\"1892\" data-end=\"1920\"><strong data-start=\"1892\" data-end=\"1907\">M\u00e3 s\u1ea3n ph\u1ea9m<\/strong>: RIO \u2013 T04<\/p>\n<\/li>\n<li class=\"\" data-start=\"1921\" data-end=\"1952\">\n<p class=\"\" data-start=\"1923\" data-end=\"1952\"><strong data-start=\"1923\" data-end=\"1937\">K\u00edch th\u01b0\u1edbc<\/strong>: 50cm x 50cm<\/p>\n<\/li>\n<li class=\"\" data-start=\"1953\" data-end=\"1994\">\n<p class=\"\" data-start=\"1955\" data-end=\"1994\"><strong data-start=\"1955\" data-end=\"1972\">Ch\u1ea5t li\u1ec7u s\u1ee3i<\/strong>: Polypropylene (PP)<\/p>\n<\/li>\n<li class=\"\" data-start=\"1995\" data-end=\"2045\">\n<p class=\"\" data-start=\"1997\" data-end=\"2045\"><strong data-start=\"1997\" data-end=\"2008\">\u0110\u1ebf th\u1ea3m<\/strong>: Nh\u1ef1a Bitumen \u2013 ti\u00eau chu\u1ea9n qu\u1ed1c t\u1ebf<\/p>\n<\/li>\n<li class=\"\" data-start=\"2046\" data-end=\"2077\">\n<p class=\"\" data-start=\"2048\" data-end=\"2077\"><strong data-start=\"2048\" data-end=\"2067\">\u0110\u1ed9 d\u00e0y t\u1ed5ng th\u1ec3<\/strong>: ~6\u20137mm<\/p>\n<\/li>\n<li class=\"\" data-start=\"2078\" data-end=\"2129\">\n<p class=\"\" data-start=\"2080\" data-end=\"2129\"><strong data-start=\"2080\" data-end=\"2090\">B\u1ec1 m\u1eb7t<\/strong>: V\u00e2n s\u1ecdc ngang, d\u1ec7t v\u00f2ng (loop pile)<\/p>\n<\/li>\n<li class=\"\" data-start=\"2130\" data-end=\"2175\">\n<p class=\"\" data-start=\"2132\" data-end=\"2175\"><strong data-start=\"2132\" data-end=\"2151\">M\u00e0u s\u1eafc th\u1ef1c t\u1ebf<\/strong>: N\u00e2u \u2013 be \u2013 ghi \u00e1nh x\u00e1m<\/p>\n<\/li>\n<\/ul>\n","protected":false},"featured_media":805,"comment_status":"open","ping_status":"closed","template":"","meta":[],"product_cat":[96,112],"product_tag":[104,111,103,105],"class_list":{"0":"post-832","1":"product","2":"type-product","3":"status-publish","4":"has-post-thumbnail","6":"product_cat-tham-tam","7":"product_cat-tham-tam-rio","8":"product_tag-tham-de-bitumen-cao-cap","9":"product_tag-tham-rio-t04","10":"product_tag-tham-tam-trung-tam-thuong-mai","11":"product_tag-tham-trai-san-van-phong-toa-nha","13":"first","14":"instock","15":"sale","16":"shipping-taxable","17":"purchasable","18":"product-type-simple"},"yoast_head":"<!-- This site is optimized with the Yoast SEO Premium plugin v20.12 (Yoast SEO v20.12) - https:\/\/yoast.com\/wordpress\/plugins\/seo\/ -->\n<title>Th\u1ea3m t\u1ea5m Rio T04 - Thamtraisan<\/title>\n<meta name=\"robots\" content=\"index, follow, max-snippet:-1, max-image-preview:large, max-video-preview:-1\" \/>\n<link rel=\"canonical\" href=\"https:\/\/thamtraisanvanphong.com.vn\/?product=tham-tam-rio-t04\" \/>\n<meta property=\"og:locale\" content=\"vi_VN\" \/>\n<meta property=\"og:type\" content=\"article\" \/>\n<meta property=\"og:title\" content=\"Th\u1ea3m t\u1ea5m Rio T04\" \/>\n<meta property=\"og:description\" content=\"\u00a0Th\u00f4ng s\u1ed1 k\u1ef9 thu\u1eadt c\u01a1 b\u1ea3n    M\u00e3 s\u1ea3n ph\u1ea9m: RIO \u2013 T04    K\u00edch th\u01b0\u1edbc: 50cm x 50cm    Ch\u1ea5t li\u1ec7u s\u1ee3i: Polypropylene (PP)    \u0110\u1ebf th\u1ea3m: Nh\u1ef1a Bitumen \u2013 ti\u00eau chu\u1ea9n qu\u1ed1c t\u1ebf    \u0110\u1ed9 d\u00e0y t\u1ed5ng th\u1ec3: ~6\u20137mm    B\u1ec1 m\u1eb7t: V\u00e2n s\u1ecdc ngang, d\u1ec7t v\u00f2ng (loop pile)    M\u00e0u s\u1eafc th\u1ef1c t\u1ebf: N\u00e2u \u2013 be \u2013 ghi \u00e1nh x\u00e1m\" \/>\n<meta property=\"og:url\" content=\"https:\/\/thamtraisanvanphong.com.vn\/?product=tham-tam-rio-t04\" \/>\n<meta property=\"og:site_name\" content=\"Thamtraisan\" \/>\n<meta property=\"article:modified_time\" content=\"2026-04-11T02:41:05+00:00\" \/>\n<meta property=\"og:image\" content=\"https:\/\/thamtraisanvanphong.com.vn\/wp-content\/uploads\/2026\/04\/Tham-tam-Rio_T04.png\" \/>\n\t<meta property=\"og:image:width\" content=\"658\" \/>\n\t<meta property=\"og:image:height\" content=\"659\" \/>\n\t<meta property=\"og:image:type\" content=\"image\/png\" \/>\n<meta name=\"twitter:card\" content=\"summary_large_image\" \/>\n<meta name=\"twitter:label1\" content=\"\u01af\u1edbc t\u00ednh th\u1eddi gian \u0111\u1ecdc\" \/>\n\t<meta name=\"twitter:data1\" content=\"3 ph\u00fat\" \/>\n<script type=\"application\/ld+json\" class=\"yoast-schema-graph\">{\"@context\":\"https:\/\/schema.org\",\"@graph\":[{\"@type\":\"WebPage\",\"@id\":\"https:\/\/thamtraisanvanphong.com.vn\/?product=tham-tam-rio-t04\",\"url\":\"https:\/\/thamtraisanvanphong.com.vn\/?product=tham-tam-rio-t04\",\"name\":\"Th\u1ea3m t\u1ea5m Rio T04 - Thamtraisan\",\"isPartOf\":{\"@id\":\"https:\/\/thamtraisanvanphong.com.vn\/#website\"},\"datePublished\":\"2026-04-10T17:44:30+00:00\",\"dateModified\":\"2026-04-11T02:41:05+00:00\",\"breadcrumb\":{\"@id\":\"https:\/\/thamtraisanvanphong.com.vn\/?product=tham-tam-rio-t04#breadcrumb\"},\"inLanguage\":\"vi\",\"potentialAction\":[{\"@type\":\"ReadAction\",\"target\":[\"https:\/\/thamtraisanvanphong.com.vn\/?product=tham-tam-rio-t04\"]}]},{\"@type\":\"BreadcrumbList\",\"@id\":\"https:\/\/thamtraisanvanphong.com.vn\/?product=tham-tam-rio-t04#breadcrumb\",\"itemListElement\":[{\"@type\":\"ListItem\",\"position\":1,\"name\":\"Home\",\"item\":\"https:\/\/thamtraisanvanphong.com.vn\/\"},{\"@type\":\"ListItem\",\"position\":2,\"name\":\"C\u1eeda h\u00e0ng\",\"item\":\"https:\/\/thamtraisanvanphong.com.vn\/?page_id=10\"},{\"@type\":\"ListItem\",\"position\":3,\"name\":\"Th\u1ea3m t\u1ea5m Rio T04\"}]},{\"@type\":\"WebSite\",\"@id\":\"https:\/\/thamtraisanvanphong.com.vn\/#website\",\"url\":\"https:\/\/thamtraisanvanphong.com.vn\/\",\"name\":\"Thamtraisan\",\"description\":\"Thamtraisangiare\",\"potentialAction\":[{\"@type\":\"SearchAction\",\"target\":{\"@type\":\"EntryPoint\",\"urlTemplate\":\"https:\/\/thamtraisanvanphong.com.vn\/?s={search_term_string}\"},\"query-input\":\"required name=search_term_string\"}],\"inLanguage\":\"vi\"}]}<\/script>\n<!-- \/ Yoast SEO Premium plugin. -->","yoast_head_json":{"title":"Th\u1ea3m t\u1ea5m Rio T04 - Thamtraisan","robots":{"index":"index","follow":"follow","max-snippet":"max-snippet:-1","max-image-preview":"max-image-preview:large","max-video-preview":"max-video-preview:-1"},"canonical":"https:\/\/thamtraisanvanphong.com.vn\/?product=tham-tam-rio-t04","og_locale":"vi_VN","og_type":"article","og_title":"Th\u1ea3m t\u1ea5m Rio T04","og_description":"\u00a0Th\u00f4ng s\u1ed1 k\u1ef9 thu\u1eadt c\u01a1 b\u1ea3n    M\u00e3 s\u1ea3n ph\u1ea9m: RIO \u2013 T04    K\u00edch th\u01b0\u1edbc: 50cm x 50cm    Ch\u1ea5t li\u1ec7u s\u1ee3i: Polypropylene (PP)    \u0110\u1ebf th\u1ea3m: Nh\u1ef1a Bitumen \u2013 ti\u00eau chu\u1ea9n qu\u1ed1c t\u1ebf    \u0110\u1ed9 d\u00e0y t\u1ed5ng th\u1ec3: ~6\u20137mm    B\u1ec1 m\u1eb7t: V\u00e2n s\u1ecdc ngang, d\u1ec7t v\u00f2ng (loop pile)    M\u00e0u s\u1eafc th\u1ef1c t\u1ebf: N\u00e2u \u2013 be \u2013 ghi \u00e1nh x\u00e1m","og_url":"https:\/\/thamtraisanvanphong.com.vn\/?product=tham-tam-rio-t04","og_site_name":"Thamtraisan","article_modified_time":"2026-04-11T02:41:05+00:00","og_image":[{"url":"https:\/\/thamtraisanvanphong.com.vn\/wp-content\/uploads\/2026\/04\/Tham-tam-Rio_T04.png","width":658,"height":659,"type":"image\/png"}],"twitter_card":"summary_large_image","twitter_misc":{"\u01af\u1edbc t\u00ednh th\u1eddi gian \u0111\u1ecdc":"3 ph\u00fat"},"schema":{"@context":"https:\/\/schema.org","@graph":[{"@type":"WebPage","@id":"https:\/\/thamtraisanvanphong.com.vn\/?product=tham-tam-rio-t04","url":"https:\/\/thamtraisanvanphong.com.vn\/?product=tham-tam-rio-t04","name":"Th\u1ea3m t\u1ea5m Rio T04 - Thamtraisan","isPartOf":{"@id":"https:\/\/thamtraisanvanphong.com.vn\/#website"},"datePublished":"2026-04-10T17:44:30+00:00","dateModified":"2026-04-11T02:41:05+00:00","breadcrumb":{"@id":"https:\/\/thamtraisanvanphong.com.vn\/?product=tham-tam-rio-t04#breadcrumb"},"inLanguage":"vi","potentialAction":[{"@type":"ReadAction","target":["https:\/\/thamtraisanvanphong.com.vn\/?product=tham-tam-rio-t04"]}]},{"@type":"BreadcrumbList","@id":"https:\/\/thamtraisanvanphong.com.vn\/?product=tham-tam-rio-t04#breadcrumb","itemListElement":[{"@type":"ListItem","position":1,"name":"Home","item":"https:\/\/thamtraisanvanphong.com.vn\/"},{"@type":"ListItem","position":2,"name":"C\u1eeda h\u00e0ng","item":"https:\/\/thamtraisanvanphong.com.vn\/?page_id=10"},{"@type":"ListItem","position":3,"name":"Th\u1ea3m t\u1ea5m Rio T04"}]},{"@type":"WebSite","@id":"https:\/\/thamtraisanvanphong.com.vn\/#website","url":"https:\/\/thamtraisanvanphong.com.vn\/","name":"Thamtraisan","description":"Thamtraisangiare","potentialAction":[{"@type":"SearchAction","target":{"@type":"EntryPoint","urlTemplate":"https:\/\/thamtraisanvanphong.com.vn\/?s={search_term_string}"},"query-input":"required name=search_term_string"}],"inLanguage":"vi"}]}},"_links":{"self":[{"href":"https:\/\/thamtraisanvanphong.com.vn\/index.php?rest_route=\/wp\/v2\/product\/832","targetHints":{"allow":["GET"]}}],"collection":[{"href":"https:\/\/thamtraisanvanphong.com.vn\/index.php?rest_route=\/wp\/v2\/product"}],"about":[{"href":"https:\/\/thamtraisanvanphong.com.vn\/index.php?rest_route=\/wp\/v2\/types\/product"}],"replies":[{"embeddable":true,"href":"https:\/\/thamtraisanvanphong.com.vn\/index.php?rest_route=%2Fwp%2Fv2%2Fcomments&post=832"}],"wp:featuredmedia":[{"embeddable":true,"href":"https:\/\/thamtraisanvanphong.com.vn\/index.php?rest_route=\/wp\/v2\/media\/805"}],"wp:attachment":[{"href":"https:\/\/thamtraisanvanphong.com.vn\/index.php?rest_route=%2Fwp%2Fv2%2Fmedia&parent=832"}],"wp:term":[{"taxonomy":"product_cat","embeddable":true,"href":"https:\/\/thamtraisanvanphong.com.vn\/index.php?rest_route=%2Fwp%2Fv2%2Fproduct_cat&post=832"},{"taxonomy":"product_tag","embeddable":true,"href":"https:\/\/thamtraisanvanphong.com.vn\/index.php?rest_route=%2Fwp%2Fv2%2Fproduct_tag&post=832"}],"curies":[{"name":"wp","href":"https:\/\/api.w.org\/{rel}","templated":true}]}}