{"id":849,"date":"2026-04-12T01:09:09","date_gmt":"2026-04-11T18:09:09","guid":{"rendered":"https:\/\/thamtraisanvanphong.com.vn\/?post_type=product&#038;p=849"},"modified":"2026-04-12T01:13:13","modified_gmt":"2026-04-11T18:13:13","slug":"thambeta","status":"publish","type":"product","link":"https:\/\/thamtraisanvanphong.com.vn\/?product=thambeta","title":{"rendered":"Th\u1ea3m cu\u1ed9n Beta 02"},"content":{"rendered":"<p data-start=\"225\" data-end=\"318\"><strong data-start=\"228\" data-end=\"318\">Th\u1ea3m Tr\u1ea3i S\u00e0n D\u1ea1ng Cu\u1ed9n BETA 02 | Ghi Xanh N\u0103ng \u0110\u1ed9ng, Thi\u1ebft K\u1ebf Hi\u1ec7n \u0110\u1ea1i, D\u1ec7t Ch\u1eafc Ch\u1eafn<\/strong><\/p>\n<p data-start=\"320\" data-end=\"388\"><strong data-start=\"324\" data-end=\"388\">Th\u1ea9m m\u1ef9 n\u1ed5i b\u1eadt \u2013 B\u1ec1n b\u1ec9 theo th\u1eddi gian \u2013 \u1ee8ng d\u1ee5ng linh ho\u1ea1t<\/strong><\/p>\n<p class=\"\" data-start=\"390\" data-end=\"705\"><strong data-start=\"390\" data-end=\"401\">Beta 02<\/strong>\u00a0l\u00e0 m\u1eabu\u00a0<strong data-start=\"409\" data-end=\"436\">th\u1ea3m tr\u1ea3i s\u00e0n d\u1ea1ng cu\u1ed9n<\/strong>\u00a0n\u1ed5i b\u1eadt v\u1edbi h\u1ecda ti\u1ebft hi\u1ec7n \u0111\u1ea1i: n\u1ec1n\u00a0<strong data-start=\"472\" data-end=\"509\">x\u00e1m ghi ph\u1ed1i ch\u1ea5m xanh d\u01b0\u01a1ng nh\u1ea1t<\/strong>, t\u1ea1o n\u00ean hi\u1ec7u \u1ee9ng th\u1ecb gi\u00e1c sinh \u0111\u1ed9ng nh\u01b0ng kh\u00f4ng g\u00e2y r\u1ed1i m\u1eaft. Thi\u1ebft k\u1ebf ph\u00f9 h\u1ee3p cho kh\u00f4ng gian s\u00e1ng t\u1ea1o nh\u01b0 v\u0103n ph\u00f2ng tr\u1ebb trung, khu v\u1ef1c s\u1ef1 ki\u1ec7n, trung t\u00e2m \u0111\u00e0o t\u1ea1o ho\u1eb7c kh\u00f4ng gian sinh ho\u1ea1t chung.<\/p>\n<p data-start=\"712\" data-end=\"754\">\n<p data-start=\"712\" data-end=\"754\">\u00a0<strong data-start=\"718\" data-end=\"754\">\u01afu \u0111i\u1ec3m n\u1ed5i b\u1eadt c\u1ee7a th\u1ea3m Beta 02<\/strong><\/p>\n<ul data-start=\"756\" data-end=\"1250\">\n<li class=\"\" data-start=\"756\" data-end=\"870\">\n<p class=\"\" data-start=\"758\" data-end=\"870\"><strong data-start=\"758\" data-end=\"805\">M\u00e0u s\u1eafc ghi ph\u1ed1i xanh \u2013 tr\u1ebb trung, hi\u1ec7n \u0111\u1ea1i<\/strong>: T\u1ea1o \u0111i\u1ec3m nh\u1ea5n tinh t\u1ebf cho kh\u00f4ng gian l\u00e0m vi\u1ec7c ho\u1eb7c tr\u01b0ng b\u00e0y.<\/p>\n<\/li>\n<li class=\"\" data-start=\"871\" data-end=\"982\">\n<p class=\"\" data-start=\"873\" data-end=\"982\"><strong data-start=\"873\" data-end=\"924\">S\u1ee3i t\u1ed5ng h\u1ee3p cao c\u1ea5p \u2013 ch\u1ed1ng x\u00f9, kh\u00f4ng phai m\u00e0u<\/strong>: Ch\u1ecbu \u0111\u01b0\u1ee3c t\u1ea7n su\u1ea5t s\u1eed d\u1ee5ng cao, b\u1ec1n b\u1ec9 theo th\u1eddi gian.<\/p>\n<\/li>\n<li class=\"\" data-start=\"983\" data-end=\"1082\">\n<p class=\"\" data-start=\"985\" data-end=\"1082\"><strong data-start=\"985\" data-end=\"1018\">D\u1ec7t v\u00e2n \u0111\u1ec1u \u2013 ch\u1ed1ng tr\u01b0\u1ee3t t\u1ed1t<\/strong>: \u0110\u1ea3m b\u1ea3o an to\u00e0n cho ng\u01b0\u1eddi s\u1eed d\u1ee5ng, k\u1ec3 c\u1ea3 khu v\u1ef1c \u0111\u00f4ng ng\u01b0\u1eddi.<\/p>\n<\/li>\n<li class=\"\" data-start=\"1083\" data-end=\"1197\">\n<p class=\"\" data-start=\"1085\" data-end=\"1197\"><strong data-start=\"1085\" data-end=\"1118\">C\u00e1ch \u00e2m \u2013 c\u00e1ch nhi\u1ec7t hi\u1ec7u qu\u1ea3<\/strong>: Gi\u00fap kh\u00f4ng gian y\u00ean t\u0129nh h\u01a1n, \u0111\u1eb7c bi\u1ec7t trong m\u00f4i tr\u01b0\u1eddng v\u0103n ph\u00f2ng, h\u1ecdc t\u1eadp.<\/p>\n<\/li>\n<li class=\"\" data-start=\"1198\" data-end=\"1250\">\n<p class=\"\" data-start=\"1200\" data-end=\"1250\"><strong data-start=\"1200\" data-end=\"1250\">D\u1ec5 l\u1eafp \u0111\u1eb7t \u2013 thi c\u00f4ng nhanh, ti\u1ebft ki\u1ec7m chi ph\u00ed<\/strong><\/p>\n<\/li>\n<\/ul>\n","protected":false},"excerpt":{"rendered":"<h3 class=\"\" data-start=\"1263\" data-end=\"1300\"><strong data-start=\"1270\" data-end=\"1300\">Th\u00f4ng s\u1ed1 k\u1ef9 thu\u1eadt s\u1ea3n ph\u1ea9m<\/strong><\/h3>\n<ul data-start=\"1302\" data-end=\"1568\">\n<li class=\"\" data-start=\"1302\" data-end=\"1330\">\n<p class=\"\" data-start=\"1304\" data-end=\"1330\"><strong data-start=\"1304\" data-end=\"1319\">M\u00e3 s\u1ea3n ph\u1ea9m<\/strong>: Beta 02<\/p>\n<\/li>\n<li class=\"\" data-start=\"1331\" data-end=\"1392\">\n<p class=\"\" data-start=\"1333\" data-end=\"1392\"><strong data-start=\"1333\" data-end=\"1346\">Ch\u1ea5t li\u1ec7u<\/strong>: S\u1ee3i t\u1ed5ng h\u1ee3p cao c\u1ea5p (PP ho\u1eb7c t\u01b0\u01a1ng \u0111\u01b0\u01a1ng)<\/p>\n<\/li>\n<li class=\"\" data-start=\"1393\" data-end=\"1450\">\n<p class=\"\" data-start=\"1395\" data-end=\"1450\"><strong data-start=\"1395\" data-end=\"1414\">K\u00edch th\u01b0\u1edbc cu\u1ed9n<\/strong>: 2m x 25m\u00a0<em data-start=\"1425\" data-end=\"1448\">(c\u1eaft l\u1ebb theo y\u00eau c\u1ea7u)<\/em><\/p>\n<\/li>\n<li class=\"\" data-start=\"1451\" data-end=\"1471\">\n<p class=\"\" data-start=\"1453\" data-end=\"1471\"><strong data-start=\"1453\" data-end=\"1463\">\u0110\u1ed9 d\u00e0y<\/strong>: ~5mm<\/p>\n<\/li>\n<li class=\"\" data-start=\"1472\" data-end=\"1518\">\n<p class=\"\" data-start=\"1474\" data-end=\"1518\"><strong data-start=\"1474\" data-end=\"1484\">B\u1ec1 m\u1eb7t<\/strong>: D\u1ec7t v\u00e2n \u0111\u1ec1u, k\u1ebft c\u1ea5u ch\u1eafc ch\u1eafn<\/p>\n<\/li>\n<li class=\"\" data-start=\"1519\" data-end=\"1568\">\n<p class=\"\" data-start=\"1521\" data-end=\"1568\"><strong data-start=\"1521\" data-end=\"1540\">M\u00e0u s\u1eafc th\u1ef1c t\u1ebf<\/strong>: X\u00e1m ghi \u0111\u1eadm \u0111i\u1ec3m v\u00e0ng nh\u1ea1t<\/p>\n<\/li>\n<\/ul>\n","protected":false},"featured_media":860,"comment_status":"open","ping_status":"closed","template":"","meta":[],"product_cat":[65,127],"product_tag":[130,94,128,131,132,133,89],"class_list":{"0":"post-849","1":"product","2":"type-product","3":"status-publish","4":"has-post-thumbnail","6":"product_cat-tham-cuon","7":"product_cat-tham-cuon-beta","8":"product_tag-tags-tham-cuon-hoa-van-hien-dai","9":"product_tag-tham-cuon","10":"product_tag-tham-cuon-beta","11":"product_tag-tham-cuon-mau-ghi-xanh","12":"product_tag-tham-trai-san-beta-02","13":"product_tag-tham-trai-san-van-phong-tre-trung","14":"product_tag-tham-van-phong","16":"first","17":"instock","18":"shipping-taxable","19":"product-type-simple"},"yoast_head":"<!-- This site is optimized with the Yoast SEO Premium plugin v20.12 (Yoast SEO v20.12) - https:\/\/yoast.com\/wordpress\/plugins\/seo\/ -->\n<title>Th\u1ea3m cu\u1ed9n Beta 02 n\u1ed5i b\u1eadt trong ph\u00e2n kh\u00fac th\u1ea3m v\u0103n ph\u00f2ng<\/title>\n<meta name=\"description\" content=\"Th\u1ea3m cu\u1ed9n beta \u0111em l\u1ea1i c\u1ea3m gi\u00e1c sang tr\u1ecdng cho v\u0103n ph\u00f2ng, c\u00f4ng s\u1edf, tr\u01b0\u1eddng h\u1ecdc v\u1edbi m\u1ee9c \u0111\u1ea7u t\u01b0 kh\u00f4ng qu\u00e1 cao so v\u1edbi c\u00f9ng ph\u00e2n kh\u00fac v\u00e0 v\u1eadt li\u1ec7u kh\u00e1c\" \/>\n<meta name=\"robots\" content=\"index, follow, max-snippet:-1, max-image-preview:large, max-video-preview:-1\" \/>\n<link rel=\"canonical\" href=\"https:\/\/thamtraisanvanphong.com.vn\/?product=thambeta\" \/>\n<meta property=\"og:locale\" content=\"vi_VN\" \/>\n<meta property=\"og:type\" content=\"article\" \/>\n<meta property=\"og:title\" content=\"Th\u1ea3m cu\u1ed9n Beta 02\" \/>\n<meta property=\"og:description\" content=\"Th\u1ea3m cu\u1ed9n beta \u0111em l\u1ea1i c\u1ea3m gi\u00e1c sang tr\u1ecdng cho v\u0103n ph\u00f2ng, c\u00f4ng s\u1edf, tr\u01b0\u1eddng h\u1ecdc v\u1edbi m\u1ee9c \u0111\u1ea7u t\u01b0 kh\u00f4ng qu\u00e1 cao so v\u1edbi c\u00f9ng ph\u00e2n kh\u00fac v\u00e0 v\u1eadt li\u1ec7u kh\u00e1c\" \/>\n<meta property=\"og:url\" content=\"https:\/\/thamtraisanvanphong.com.vn\/?product=thambeta\" \/>\n<meta property=\"og:site_name\" content=\"Thamtraisan\" \/>\n<meta property=\"article:modified_time\" content=\"2026-04-11T18:13:13+00:00\" \/>\n<meta property=\"og:image\" content=\"https:\/\/thamtraisanvanphong.com.vn\/wp-content\/uploads\/2026\/04\/Tham-cuon-Beta02.jpg\" \/>\n\t<meta property=\"og:image:width\" content=\"1024\" \/>\n\t<meta property=\"og:image:height\" content=\"1024\" \/>\n\t<meta property=\"og:image:type\" content=\"image\/jpeg\" \/>\n<meta name=\"twitter:card\" content=\"summary_large_image\" \/>\n<meta name=\"twitter:label1\" content=\"\u01af\u1edbc t\u00ednh th\u1eddi gian \u0111\u1ecdc\" \/>\n\t<meta name=\"twitter:data1\" content=\"2 ph\u00fat\" \/>\n<script type=\"application\/ld+json\" class=\"yoast-schema-graph\">{\"@context\":\"https:\/\/schema.org\",\"@graph\":[{\"@type\":\"WebPage\",\"@id\":\"https:\/\/thamtraisanvanphong.com.vn\/?product=thambeta\",\"url\":\"https:\/\/thamtraisanvanphong.com.vn\/?product=thambeta\",\"name\":\"Th\u1ea3m cu\u1ed9n Beta 02 n\u1ed5i b\u1eadt trong ph\u00e2n kh\u00fac th\u1ea3m v\u0103n ph\u00f2ng\",\"isPartOf\":{\"@id\":\"https:\/\/thamtraisanvanphong.com.vn\/#website\"},\"datePublished\":\"2026-04-11T18:09:09+00:00\",\"dateModified\":\"2026-04-11T18:13:13+00:00\",\"description\":\"Th\u1ea3m cu\u1ed9n beta \u0111em l\u1ea1i c\u1ea3m gi\u00e1c sang tr\u1ecdng cho v\u0103n ph\u00f2ng, c\u00f4ng s\u1edf, tr\u01b0\u1eddng h\u1ecdc v\u1edbi m\u1ee9c \u0111\u1ea7u t\u01b0 kh\u00f4ng qu\u00e1 cao so v\u1edbi c\u00f9ng ph\u00e2n kh\u00fac v\u00e0 v\u1eadt li\u1ec7u kh\u00e1c\",\"breadcrumb\":{\"@id\":\"https:\/\/thamtraisanvanphong.com.vn\/?product=thambeta#breadcrumb\"},\"inLanguage\":\"vi\",\"potentialAction\":[{\"@type\":\"ReadAction\",\"target\":[\"https:\/\/thamtraisanvanphong.com.vn\/?product=thambeta\"]}]},{\"@type\":\"BreadcrumbList\",\"@id\":\"https:\/\/thamtraisanvanphong.com.vn\/?product=thambeta#breadcrumb\",\"itemListElement\":[{\"@type\":\"ListItem\",\"position\":1,\"name\":\"Home\",\"item\":\"https:\/\/thamtraisanvanphong.com.vn\/\"},{\"@type\":\"ListItem\",\"position\":2,\"name\":\"C\u1eeda h\u00e0ng\",\"item\":\"https:\/\/thamtraisanvanphong.com.vn\/?page_id=10\"},{\"@type\":\"ListItem\",\"position\":3,\"name\":\"Th\u1ea3m cu\u1ed9n Beta 02\"}]},{\"@type\":\"WebSite\",\"@id\":\"https:\/\/thamtraisanvanphong.com.vn\/#website\",\"url\":\"https:\/\/thamtraisanvanphong.com.vn\/\",\"name\":\"Thamtraisan\",\"description\":\"Thamtraisangiare\",\"potentialAction\":[{\"@type\":\"SearchAction\",\"target\":{\"@type\":\"EntryPoint\",\"urlTemplate\":\"https:\/\/thamtraisanvanphong.com.vn\/?s={search_term_string}\"},\"query-input\":\"required name=search_term_string\"}],\"inLanguage\":\"vi\"}]}<\/script>\n<!-- \/ Yoast SEO Premium plugin. -->","yoast_head_json":{"title":"Th\u1ea3m cu\u1ed9n Beta 02 n\u1ed5i b\u1eadt trong ph\u00e2n kh\u00fac th\u1ea3m v\u0103n ph\u00f2ng","description":"Th\u1ea3m cu\u1ed9n beta \u0111em l\u1ea1i c\u1ea3m gi\u00e1c sang tr\u1ecdng cho v\u0103n ph\u00f2ng, c\u00f4ng s\u1edf, tr\u01b0\u1eddng h\u1ecdc v\u1edbi m\u1ee9c \u0111\u1ea7u t\u01b0 kh\u00f4ng qu\u00e1 cao so v\u1edbi c\u00f9ng ph\u00e2n kh\u00fac v\u00e0 v\u1eadt li\u1ec7u kh\u00e1c","robots":{"index":"index","follow":"follow","max-snippet":"max-snippet:-1","max-image-preview":"max-image-preview:large","max-video-preview":"max-video-preview:-1"},"canonical":"https:\/\/thamtraisanvanphong.com.vn\/?product=thambeta","og_locale":"vi_VN","og_type":"article","og_title":"Th\u1ea3m cu\u1ed9n Beta 02","og_description":"Th\u1ea3m cu\u1ed9n beta \u0111em l\u1ea1i c\u1ea3m gi\u00e1c sang tr\u1ecdng cho v\u0103n ph\u00f2ng, c\u00f4ng s\u1edf, tr\u01b0\u1eddng h\u1ecdc v\u1edbi m\u1ee9c \u0111\u1ea7u t\u01b0 kh\u00f4ng qu\u00e1 cao so v\u1edbi c\u00f9ng ph\u00e2n kh\u00fac v\u00e0 v\u1eadt li\u1ec7u kh\u00e1c","og_url":"https:\/\/thamtraisanvanphong.com.vn\/?product=thambeta","og_site_name":"Thamtraisan","article_modified_time":"2026-04-11T18:13:13+00:00","og_image":[{"width":1024,"height":1024,"url":"https:\/\/thamtraisanvanphong.com.vn\/wp-content\/uploads\/2026\/04\/Tham-cuon-Beta02.jpg","type":"image\/jpeg"}],"twitter_card":"summary_large_image","twitter_misc":{"\u01af\u1edbc t\u00ednh th\u1eddi gian \u0111\u1ecdc":"2 ph\u00fat"},"schema":{"@context":"https:\/\/schema.org","@graph":[{"@type":"WebPage","@id":"https:\/\/thamtraisanvanphong.com.vn\/?product=thambeta","url":"https:\/\/thamtraisanvanphong.com.vn\/?product=thambeta","name":"Th\u1ea3m cu\u1ed9n Beta 02 n\u1ed5i b\u1eadt trong ph\u00e2n kh\u00fac th\u1ea3m v\u0103n ph\u00f2ng","isPartOf":{"@id":"https:\/\/thamtraisanvanphong.com.vn\/#website"},"datePublished":"2026-04-11T18:09:09+00:00","dateModified":"2026-04-11T18:13:13+00:00","description":"Th\u1ea3m cu\u1ed9n beta \u0111em l\u1ea1i c\u1ea3m gi\u00e1c sang tr\u1ecdng cho v\u0103n ph\u00f2ng, c\u00f4ng s\u1edf, tr\u01b0\u1eddng h\u1ecdc v\u1edbi m\u1ee9c \u0111\u1ea7u t\u01b0 kh\u00f4ng qu\u00e1 cao so v\u1edbi c\u00f9ng ph\u00e2n kh\u00fac v\u00e0 v\u1eadt li\u1ec7u kh\u00e1c","breadcrumb":{"@id":"https:\/\/thamtraisanvanphong.com.vn\/?product=thambeta#breadcrumb"},"inLanguage":"vi","potentialAction":[{"@type":"ReadAction","target":["https:\/\/thamtraisanvanphong.com.vn\/?product=thambeta"]}]},{"@type":"BreadcrumbList","@id":"https:\/\/thamtraisanvanphong.com.vn\/?product=thambeta#breadcrumb","itemListElement":[{"@type":"ListItem","position":1,"name":"Home","item":"https:\/\/thamtraisanvanphong.com.vn\/"},{"@type":"ListItem","position":2,"name":"C\u1eeda h\u00e0ng","item":"https:\/\/thamtraisanvanphong.com.vn\/?page_id=10"},{"@type":"ListItem","position":3,"name":"Th\u1ea3m cu\u1ed9n Beta 02"}]},{"@type":"WebSite","@id":"https:\/\/thamtraisanvanphong.com.vn\/#website","url":"https:\/\/thamtraisanvanphong.com.vn\/","name":"Thamtraisan","description":"Thamtraisangiare","potentialAction":[{"@type":"SearchAction","target":{"@type":"EntryPoint","urlTemplate":"https:\/\/thamtraisanvanphong.com.vn\/?s={search_term_string}"},"query-input":"required name=search_term_string"}],"inLanguage":"vi"}]}},"_links":{"self":[{"href":"https:\/\/thamtraisanvanphong.com.vn\/index.php?rest_route=\/wp\/v2\/product\/849","targetHints":{"allow":["GET"]}}],"collection":[{"href":"https:\/\/thamtraisanvanphong.com.vn\/index.php?rest_route=\/wp\/v2\/product"}],"about":[{"href":"https:\/\/thamtraisanvanphong.com.vn\/index.php?rest_route=\/wp\/v2\/types\/product"}],"replies":[{"embeddable":true,"href":"https:\/\/thamtraisanvanphong.com.vn\/index.php?rest_route=%2Fwp%2Fv2%2Fcomments&post=849"}],"wp:featuredmedia":[{"embeddable":true,"href":"https:\/\/thamtraisanvanphong.com.vn\/index.php?rest_route=\/wp\/v2\/media\/860"}],"wp:attachment":[{"href":"https:\/\/thamtraisanvanphong.com.vn\/index.php?rest_route=%2Fwp%2Fv2%2Fmedia&parent=849"}],"wp:term":[{"taxonomy":"product_cat","embeddable":true,"href":"https:\/\/thamtraisanvanphong.com.vn\/index.php?rest_route=%2Fwp%2Fv2%2Fproduct_cat&post=849"},{"taxonomy":"product_tag","embeddable":true,"href":"https:\/\/thamtraisanvanphong.com.vn\/index.php?rest_route=%2Fwp%2Fv2%2Fproduct_tag&post=849"}],"curies":[{"name":"wp","href":"https:\/\/api.w.org\/{rel}","templated":true}]}}