{"id":867,"date":"2026-04-12T01:10:33","date_gmt":"2026-04-11T18:10:33","guid":{"rendered":"https:\/\/thamtraisanvanphong.com.vn\/?post_type=product&#038;p=867"},"modified":"2026-04-12T01:15:38","modified_gmt":"2026-04-11T18:15:38","slug":"thambeta-2","status":"publish","type":"product","link":"https:\/\/thamtraisanvanphong.com.vn\/?product=thambeta-2","title":{"rendered":"Th\u1ea3m cu\u1ed9n Beta 03"},"content":{"rendered":"<p data-start=\"241\" data-end=\"342\"><strong data-start=\"244\" data-end=\"342\">Th\u1ea3m Tr\u1ea3i S\u00e0n D\u1ea1ng Cu\u1ed9n BETA 03 | Ghi \u0110\u1eadm Ph\u1ed1i V\u00e0ng C\u00e1 T\u00ednh, B\u1ec1 M\u1eb7t D\u1ec7t S\u1ecdc \u1ea4n T\u01b0\u1ee3ng, Si\u00eau B\u1ec1n<\/strong><\/p>\n<p data-start=\"344\" data-end=\"423\"><strong data-start=\"348\" data-end=\"423\">Th\u1ea3m cu\u1ed9n h\u1ecda ti\u1ebft hi\u1ec7n \u0111\u1ea1i \u2013 T\u0103ng c\u00e1 t\u00ednh cho kh\u00f4ng gian chuy\u00ean nghi\u1ec7p<\/strong><\/p>\n<p class=\"\" data-start=\"425\" data-end=\"835\"><strong data-start=\"425\" data-end=\"436\">Beta 03<\/strong>\u00a0l\u00e0 d\u00f2ng\u00a0<strong data-start=\"445\" data-end=\"472\">th\u1ea3m tr\u1ea3i s\u00e0n d\u1ea1ng cu\u1ed9n<\/strong>\u00a0\u0111\u01b0\u1ee3c thi\u1ebft k\u1ebf v\u1edbi b\u1ec1 m\u1eb7t\u00a0<strong data-start=\"498\" data-end=\"534\">d\u1ec7t s\u1ecdc ch\u00e9o v\u00e2n v\u00e0ng \u2013 x\u00e1m s\u00e1ng<\/strong>\u00a0tr\u00ean n\u1ec1n\u00a0<strong data-start=\"544\" data-end=\"555\">x\u00e1m \u0111\u1eadm<\/strong>, mang \u0111\u1ebfn hi\u1ec7u \u1ee9ng th\u1ecb gi\u00e1c m\u1ea1nh m\u1ebd, t\u1ea1o chi\u1ec1u s\u00e2u v\u00e0 \u0111i\u1ec3m nh\u1ea5n n\u1ed5i b\u1eadt cho kh\u00f4ng gian. V\u1edbi ch\u1ea5t li\u1ec7u s\u1ee3i t\u1ed5ng h\u1ee3p cao c\u1ea5p v\u00e0 k\u1ebft c\u1ea5u d\u1ec7t ch\u1eafc ch\u1eafn, s\u1ea3n ph\u1ea9m mang l\u1ea1i kh\u1ea3 n\u0103ng ch\u1ecbu l\u1ef1c t\u1ed1t, ch\u1ed1ng tr\u01a1n hi\u1ec7u qu\u1ea3 v\u00e0 r\u1ea5t ph\u00f9 h\u1ee3p v\u1edbi kh\u00f4ng gian s\u00e1ng t\u1ea1o, showroom, v\u0103n ph\u00f2ng hi\u1ec7n \u0111\u1ea1i.<\/p>\n<p data-start=\"425\" data-end=\"835\"><img loading=\"lazy\" decoding=\"async\" class=\"alignnone size-medium wp-image-856\" src=\"https:\/\/thamtraisanvanphong.com.vn\/wp-content\/uploads\/2026\/04\/Tham-cuon-Beta03-pc1-429x400.png\" alt=\"\" width=\"429\" height=\"400\" srcset=\"https:\/\/thamtraisanvanphong.com.vn\/wp-content\/uploads\/2026\/04\/Tham-cuon-Beta03-pc1-429x400.png 429w, https:\/\/thamtraisanvanphong.com.vn\/wp-content\/uploads\/2026\/04\/Tham-cuon-Beta03-pc1-200x187.png 200w, https:\/\/thamtraisanvanphong.com.vn\/wp-content\/uploads\/2026\/04\/Tham-cuon-Beta03-pc1-510x476.png 510w, https:\/\/thamtraisanvanphong.com.vn\/wp-content\/uploads\/2026\/04\/Tham-cuon-Beta03-pc1.png 704w\" sizes=\"auto, (max-width: 429px) 100vw, 429px\" \/><\/p>\n<p data-start=\"842\" data-end=\"884\">\u00a0<strong data-start=\"848\" data-end=\"884\">\u01afu \u0111i\u1ec3m n\u1ed5i b\u1eadt c\u1ee7a th\u1ea3m Beta 03<\/strong><\/p>\n<ul data-start=\"886\" data-end=\"1355\">\n<li class=\"\" data-start=\"886\" data-end=\"995\">\n<p class=\"\" data-start=\"888\" data-end=\"995\"><strong data-start=\"888\" data-end=\"949\">H\u1ecda ti\u1ebft ph\u1ed1i v\u00e0ng n\u1ed5i b\u1eadt \u2013 phong c\u00e1ch hi\u1ec7n \u0111\u1ea1i, c\u00e1 t\u00ednh<\/strong>: T\u1ea1o \u0111i\u1ec3m nh\u1ea5n \u0111\u1ed9c \u0111\u00e1o nh\u01b0ng kh\u00f4ng r\u1ed1i m\u1eaft.<\/p>\n<\/li>\n<li class=\"\" data-start=\"996\" data-end=\"1099\">\n<p class=\"\" data-start=\"998\" data-end=\"1099\"><strong data-start=\"998\" data-end=\"1057\">Ch\u1ea5t li\u1ec7u s\u1ee3i t\u1ed5ng h\u1ee3p cao c\u1ea5p \u2013 b\u1ec1n b\u1ec9, kh\u00f4ng phai m\u00e0u<\/strong>: \u0110\u1ea3m b\u1ea3o s\u1eed d\u1ee5ng l\u00e2u d\u00e0i v\u00e0 d\u1ec5 b\u1ea3o tr\u00ec.<\/p>\n<\/li>\n<li class=\"\" data-start=\"1100\" data-end=\"1205\">\n<p class=\"\" data-start=\"1102\" data-end=\"1205\"><strong data-start=\"1102\" data-end=\"1144\">B\u1ec1 m\u1eb7t d\u1ec7t ch\u1eb7t \u2013 ch\u1ed1ng tr\u01a1n tr\u01b0\u1ee3t t\u1ed1t<\/strong>: \u0110\u1ea3m b\u1ea3o an to\u00e0n cho kh\u00f4ng gian c\u00f4ng c\u1ed9ng, n\u01a1i \u0111\u00f4ng ng\u01b0\u1eddi.<\/p>\n<\/li>\n<li class=\"\" data-start=\"1206\" data-end=\"1303\">\n<p class=\"\" data-start=\"1208\" data-end=\"1303\"><strong data-start=\"1208\" data-end=\"1242\">C\u00e1ch \u00e2m v\u00e0 gi\u1eef nhi\u1ec7t v\u01b0\u1ee3t tr\u1ed9i<\/strong>: Gi\u00fap c\u1ea3i thi\u1ec7n m\u00f4i tr\u01b0\u1eddng l\u00e0m vi\u1ec7c, h\u1ecdc t\u1eadp v\u00e0 sinh ho\u1ea1t.<\/p>\n<\/li>\n<li class=\"\" data-start=\"1304\" data-end=\"1355\">\n<p class=\"\" data-start=\"1306\" data-end=\"1355\"><strong data-start=\"1306\" data-end=\"1355\">Cu\u1ed9n kh\u1ed5 l\u1edbn \u2013 d\u1ec5 thi c\u00f4ng, ti\u1ebft ki\u1ec7m chi ph\u00ed<\/strong><\/p>\n<\/li>\n<\/ul>\n","protected":false},"excerpt":{"rendered":"<h3 class=\"\" data-start=\"1263\" data-end=\"1300\"><strong data-start=\"1270\" data-end=\"1300\">Th\u00f4ng s\u1ed1 k\u1ef9 thu\u1eadt s\u1ea3n ph\u1ea9m<\/strong><\/h3>\n<ul data-start=\"1302\" data-end=\"1568\">\n<li class=\"\" data-start=\"1302\" data-end=\"1330\">\n<p class=\"\" data-start=\"1304\" data-end=\"1330\"><strong data-start=\"1304\" data-end=\"1319\">M\u00e3 s\u1ea3n ph\u1ea9m<\/strong>: Beta 03<\/p>\n<\/li>\n<li class=\"\" data-start=\"1331\" data-end=\"1392\">\n<p class=\"\" data-start=\"1333\" data-end=\"1392\"><strong data-start=\"1333\" data-end=\"1346\">Ch\u1ea5t li\u1ec7u<\/strong>: S\u1ee3i t\u1ed5ng h\u1ee3p cao c\u1ea5p (PP ho\u1eb7c t\u01b0\u01a1ng \u0111\u01b0\u01a1ng)<\/p>\n<\/li>\n<li class=\"\" data-start=\"1393\" data-end=\"1450\">\n<p class=\"\" data-start=\"1395\" data-end=\"1450\"><strong data-start=\"1395\" data-end=\"1414\">K\u00edch th\u01b0\u1edbc cu\u1ed9n<\/strong>: 2m x 25m\u00a0<em data-start=\"1425\" data-end=\"1448\">(c\u1eaft l\u1ebb theo y\u00eau c\u1ea7u)<\/em><\/p>\n<\/li>\n<li class=\"\" data-start=\"1451\" data-end=\"1471\">\n<p class=\"\" data-start=\"1453\" data-end=\"1471\"><strong data-start=\"1453\" data-end=\"1463\">\u0110\u1ed9 d\u00e0y<\/strong>: ~5mm<\/p>\n<\/li>\n<li class=\"\" data-start=\"1472\" data-end=\"1518\">\n<p class=\"\" data-start=\"1474\" data-end=\"1518\"><strong data-start=\"1474\" data-end=\"1484\">B\u1ec1 m\u1eb7t<\/strong>: D\u1ec7t v\u00e2n \u0111\u1ec1u, k\u1ebft c\u1ea5u ch\u1eafc ch\u1eafn<\/p>\n<\/li>\n<li class=\"\" data-start=\"1519\" data-end=\"1568\">\n<p class=\"\" data-start=\"1521\" data-end=\"1568\"><strong data-start=\"1521\" data-end=\"1540\">M\u00e0u s\u1eafc th\u1ef1c t\u1ebf<\/strong>: X\u00e1m ghi \u0111\u1eadm \u0111i\u1ec3m v\u00e0ng nh\u1ea1t<\/p>\n<\/li>\n<\/ul>\n","protected":false},"featured_media":857,"comment_status":"open","ping_status":"closed","template":"","meta":[],"product_cat":[65,127],"product_tag":[129,94,128,89],"class_list":{"0":"post-867","1":"product","2":"type-product","3":"status-publish","4":"has-post-thumbnail","6":"product_cat-tham-cuon","7":"product_cat-tham-cuon-beta","8":"product_tag-tham-beta01","9":"product_tag-tham-cuon","10":"product_tag-tham-cuon-beta","11":"product_tag-tham-van-phong","13":"first","14":"instock","15":"shipping-taxable","16":"product-type-simple"},"yoast_head":"<!-- This site is optimized with the Yoast SEO Premium plugin v20.12 (Yoast SEO v20.12) - https:\/\/yoast.com\/wordpress\/plugins\/seo\/ -->\n<title>Th\u1ea3m cu\u1ed9n Beta 03 n\u1ed5i b\u1eadt trong ph\u00e2n kh\u00fac th\u1ea3m v\u0103n ph\u00f2ng<\/title>\n<meta name=\"description\" content=\"Th\u1ea3m cu\u1ed9n beta \u0111em l\u1ea1i c\u1ea3m gi\u00e1c sang tr\u1ecdng cho v\u0103n ph\u00f2ng, c\u00f4ng s\u1edf, tr\u01b0\u1eddng h\u1ecdc v\u1edbi m\u1ee9c \u0111\u1ea7u t\u01b0 kh\u00f4ng qu\u00e1 cao so v\u1edbi c\u00f9ng ph\u00e2n kh\u00fac v\u00e0 v\u1eadt li\u1ec7u kh\u00e1c\" \/>\n<meta name=\"robots\" content=\"index, follow, max-snippet:-1, max-image-preview:large, max-video-preview:-1\" \/>\n<link rel=\"canonical\" href=\"https:\/\/thamtraisanvanphong.com.vn\/?product=thambeta-2\" \/>\n<meta property=\"og:locale\" content=\"vi_VN\" \/>\n<meta property=\"og:type\" content=\"article\" \/>\n<meta property=\"og:title\" content=\"Th\u1ea3m cu\u1ed9n Beta 03\" \/>\n<meta property=\"og:description\" content=\"Th\u1ea3m cu\u1ed9n beta \u0111em l\u1ea1i c\u1ea3m gi\u00e1c sang tr\u1ecdng cho v\u0103n ph\u00f2ng, c\u00f4ng s\u1edf, tr\u01b0\u1eddng h\u1ecdc v\u1edbi m\u1ee9c \u0111\u1ea7u t\u01b0 kh\u00f4ng qu\u00e1 cao so v\u1edbi c\u00f9ng ph\u00e2n kh\u00fac v\u00e0 v\u1eadt li\u1ec7u kh\u00e1c\" \/>\n<meta property=\"og:url\" content=\"https:\/\/thamtraisanvanphong.com.vn\/?product=thambeta-2\" \/>\n<meta property=\"og:site_name\" content=\"Thamtraisan\" \/>\n<meta property=\"article:modified_time\" content=\"2026-04-11T18:15:38+00:00\" \/>\n<meta property=\"og:image\" content=\"https:\/\/thamtraisanvanphong.com.vn\/wp-content\/uploads\/2026\/04\/Tham-cuon-Beta03.png\" \/>\n\t<meta property=\"og:image:width\" content=\"690\" \/>\n\t<meta property=\"og:image:height\" content=\"607\" \/>\n\t<meta property=\"og:image:type\" content=\"image\/png\" \/>\n<meta name=\"twitter:card\" content=\"summary_large_image\" \/>\n<meta name=\"twitter:label1\" content=\"\u01af\u1edbc t\u00ednh th\u1eddi gian \u0111\u1ecdc\" \/>\n\t<meta name=\"twitter:data1\" content=\"2 ph\u00fat\" \/>\n<script type=\"application\/ld+json\" class=\"yoast-schema-graph\">{\"@context\":\"https:\/\/schema.org\",\"@graph\":[{\"@type\":\"WebPage\",\"@id\":\"https:\/\/thamtraisanvanphong.com.vn\/?product=thambeta-2\",\"url\":\"https:\/\/thamtraisanvanphong.com.vn\/?product=thambeta-2\",\"name\":\"Th\u1ea3m cu\u1ed9n Beta 03 n\u1ed5i b\u1eadt trong ph\u00e2n kh\u00fac th\u1ea3m v\u0103n ph\u00f2ng\",\"isPartOf\":{\"@id\":\"https:\/\/thamtraisanvanphong.com.vn\/#website\"},\"datePublished\":\"2026-04-11T18:10:33+00:00\",\"dateModified\":\"2026-04-11T18:15:38+00:00\",\"description\":\"Th\u1ea3m cu\u1ed9n beta \u0111em l\u1ea1i c\u1ea3m gi\u00e1c sang tr\u1ecdng cho v\u0103n ph\u00f2ng, c\u00f4ng s\u1edf, tr\u01b0\u1eddng h\u1ecdc v\u1edbi m\u1ee9c \u0111\u1ea7u t\u01b0 kh\u00f4ng qu\u00e1 cao so v\u1edbi c\u00f9ng ph\u00e2n kh\u00fac v\u00e0 v\u1eadt li\u1ec7u kh\u00e1c\",\"breadcrumb\":{\"@id\":\"https:\/\/thamtraisanvanphong.com.vn\/?product=thambeta-2#breadcrumb\"},\"inLanguage\":\"vi\",\"potentialAction\":[{\"@type\":\"ReadAction\",\"target\":[\"https:\/\/thamtraisanvanphong.com.vn\/?product=thambeta-2\"]}]},{\"@type\":\"BreadcrumbList\",\"@id\":\"https:\/\/thamtraisanvanphong.com.vn\/?product=thambeta-2#breadcrumb\",\"itemListElement\":[{\"@type\":\"ListItem\",\"position\":1,\"name\":\"Home\",\"item\":\"https:\/\/thamtraisanvanphong.com.vn\/\"},{\"@type\":\"ListItem\",\"position\":2,\"name\":\"C\u1eeda h\u00e0ng\",\"item\":\"https:\/\/thamtraisanvanphong.com.vn\/?page_id=10\"},{\"@type\":\"ListItem\",\"position\":3,\"name\":\"Th\u1ea3m cu\u1ed9n Beta 03\"}]},{\"@type\":\"WebSite\",\"@id\":\"https:\/\/thamtraisanvanphong.com.vn\/#website\",\"url\":\"https:\/\/thamtraisanvanphong.com.vn\/\",\"name\":\"Thamtraisan\",\"description\":\"Thamtraisangiare\",\"potentialAction\":[{\"@type\":\"SearchAction\",\"target\":{\"@type\":\"EntryPoint\",\"urlTemplate\":\"https:\/\/thamtraisanvanphong.com.vn\/?s={search_term_string}\"},\"query-input\":\"required name=search_term_string\"}],\"inLanguage\":\"vi\"}]}<\/script>\n<!-- \/ Yoast SEO Premium plugin. -->","yoast_head_json":{"title":"Th\u1ea3m cu\u1ed9n Beta 03 n\u1ed5i b\u1eadt trong ph\u00e2n kh\u00fac th\u1ea3m v\u0103n ph\u00f2ng","description":"Th\u1ea3m cu\u1ed9n beta \u0111em l\u1ea1i c\u1ea3m gi\u00e1c sang tr\u1ecdng cho v\u0103n ph\u00f2ng, c\u00f4ng s\u1edf, tr\u01b0\u1eddng h\u1ecdc v\u1edbi m\u1ee9c \u0111\u1ea7u t\u01b0 kh\u00f4ng qu\u00e1 cao so v\u1edbi c\u00f9ng ph\u00e2n kh\u00fac v\u00e0 v\u1eadt li\u1ec7u kh\u00e1c","robots":{"index":"index","follow":"follow","max-snippet":"max-snippet:-1","max-image-preview":"max-image-preview:large","max-video-preview":"max-video-preview:-1"},"canonical":"https:\/\/thamtraisanvanphong.com.vn\/?product=thambeta-2","og_locale":"vi_VN","og_type":"article","og_title":"Th\u1ea3m cu\u1ed9n Beta 03","og_description":"Th\u1ea3m cu\u1ed9n beta \u0111em l\u1ea1i c\u1ea3m gi\u00e1c sang tr\u1ecdng cho v\u0103n ph\u00f2ng, c\u00f4ng s\u1edf, tr\u01b0\u1eddng h\u1ecdc v\u1edbi m\u1ee9c \u0111\u1ea7u t\u01b0 kh\u00f4ng qu\u00e1 cao so v\u1edbi c\u00f9ng ph\u00e2n kh\u00fac v\u00e0 v\u1eadt li\u1ec7u kh\u00e1c","og_url":"https:\/\/thamtraisanvanphong.com.vn\/?product=thambeta-2","og_site_name":"Thamtraisan","article_modified_time":"2026-04-11T18:15:38+00:00","og_image":[{"width":690,"height":607,"url":"https:\/\/thamtraisanvanphong.com.vn\/wp-content\/uploads\/2026\/04\/Tham-cuon-Beta03.png","type":"image\/png"}],"twitter_card":"summary_large_image","twitter_misc":{"\u01af\u1edbc t\u00ednh th\u1eddi gian \u0111\u1ecdc":"2 ph\u00fat"},"schema":{"@context":"https:\/\/schema.org","@graph":[{"@type":"WebPage","@id":"https:\/\/thamtraisanvanphong.com.vn\/?product=thambeta-2","url":"https:\/\/thamtraisanvanphong.com.vn\/?product=thambeta-2","name":"Th\u1ea3m cu\u1ed9n Beta 03 n\u1ed5i b\u1eadt trong ph\u00e2n kh\u00fac th\u1ea3m v\u0103n ph\u00f2ng","isPartOf":{"@id":"https:\/\/thamtraisanvanphong.com.vn\/#website"},"datePublished":"2026-04-11T18:10:33+00:00","dateModified":"2026-04-11T18:15:38+00:00","description":"Th\u1ea3m cu\u1ed9n beta \u0111em l\u1ea1i c\u1ea3m gi\u00e1c sang tr\u1ecdng cho v\u0103n ph\u00f2ng, c\u00f4ng s\u1edf, tr\u01b0\u1eddng h\u1ecdc v\u1edbi m\u1ee9c \u0111\u1ea7u t\u01b0 kh\u00f4ng qu\u00e1 cao so v\u1edbi c\u00f9ng ph\u00e2n kh\u00fac v\u00e0 v\u1eadt li\u1ec7u kh\u00e1c","breadcrumb":{"@id":"https:\/\/thamtraisanvanphong.com.vn\/?product=thambeta-2#breadcrumb"},"inLanguage":"vi","potentialAction":[{"@type":"ReadAction","target":["https:\/\/thamtraisanvanphong.com.vn\/?product=thambeta-2"]}]},{"@type":"BreadcrumbList","@id":"https:\/\/thamtraisanvanphong.com.vn\/?product=thambeta-2#breadcrumb","itemListElement":[{"@type":"ListItem","position":1,"name":"Home","item":"https:\/\/thamtraisanvanphong.com.vn\/"},{"@type":"ListItem","position":2,"name":"C\u1eeda h\u00e0ng","item":"https:\/\/thamtraisanvanphong.com.vn\/?page_id=10"},{"@type":"ListItem","position":3,"name":"Th\u1ea3m cu\u1ed9n Beta 03"}]},{"@type":"WebSite","@id":"https:\/\/thamtraisanvanphong.com.vn\/#website","url":"https:\/\/thamtraisanvanphong.com.vn\/","name":"Thamtraisan","description":"Thamtraisangiare","potentialAction":[{"@type":"SearchAction","target":{"@type":"EntryPoint","urlTemplate":"https:\/\/thamtraisanvanphong.com.vn\/?s={search_term_string}"},"query-input":"required name=search_term_string"}],"inLanguage":"vi"}]}},"_links":{"self":[{"href":"https:\/\/thamtraisanvanphong.com.vn\/index.php?rest_route=\/wp\/v2\/product\/867","targetHints":{"allow":["GET"]}}],"collection":[{"href":"https:\/\/thamtraisanvanphong.com.vn\/index.php?rest_route=\/wp\/v2\/product"}],"about":[{"href":"https:\/\/thamtraisanvanphong.com.vn\/index.php?rest_route=\/wp\/v2\/types\/product"}],"replies":[{"embeddable":true,"href":"https:\/\/thamtraisanvanphong.com.vn\/index.php?rest_route=%2Fwp%2Fv2%2Fcomments&post=867"}],"wp:featuredmedia":[{"embeddable":true,"href":"https:\/\/thamtraisanvanphong.com.vn\/index.php?rest_route=\/wp\/v2\/media\/857"}],"wp:attachment":[{"href":"https:\/\/thamtraisanvanphong.com.vn\/index.php?rest_route=%2Fwp%2Fv2%2Fmedia&parent=867"}],"wp:term":[{"taxonomy":"product_cat","embeddable":true,"href":"https:\/\/thamtraisanvanphong.com.vn\/index.php?rest_route=%2Fwp%2Fv2%2Fproduct_cat&post=867"},{"taxonomy":"product_tag","embeddable":true,"href":"https:\/\/thamtraisanvanphong.com.vn\/index.php?rest_route=%2Fwp%2Fv2%2Fproduct_tag&post=867"}],"curies":[{"name":"wp","href":"https:\/\/api.w.org\/{rel}","templated":true}]}}