{"id":868,"date":"2026-04-12T01:10:35","date_gmt":"2026-04-11T18:10:35","guid":{"rendered":"https:\/\/thamtraisanvanphong.com.vn\/?post_type=product&#038;p=868"},"modified":"2026-04-12T01:18:46","modified_gmt":"2026-04-11T18:18:46","slug":"thambeta04","status":"publish","type":"product","link":"https:\/\/thamtraisanvanphong.com.vn\/?product=thambeta04","title":{"rendered":"Th\u1ea3m cu\u1ed9n Beta 04"},"content":{"rendered":"<p data-start=\"241\" data-end=\"341\"><strong data-start=\"244\" data-end=\"341\">Th\u1ea3m Tr\u1ea3i S\u00e0n D\u1ea1ng Cu\u1ed9n BETA 04 | \u0110en X\u00e1m Ph\u1ed1i \u0110\u1ecf C\u00e1 T\u00ednh, D\u1ec7t S\u1ecdc Ch\u1eafc Ch\u1eafn, B\u1ec1n B\u1ec9 M\u1ed7i Ng\u00e0y<\/strong><\/p>\n<p data-start=\"343\" data-end=\"418\"><strong data-start=\"347\" data-end=\"418\">Phong c\u00e1ch n\u1ed5i b\u1eadt \u2013 K\u1ebft c\u1ea5u b\u1ec1n \u2013 L\u00fd t\u01b0\u1edfng cho kh\u00f4ng gian hi\u1ec7n \u0111\u1ea1i<\/strong><\/p>\n<p class=\"\" data-start=\"420\" data-end=\"770\"><strong data-start=\"420\" data-end=\"431\">Beta 04<\/strong>\u00a0l\u00e0 m\u1eabu\u00a0<strong data-start=\"439\" data-end=\"466\">th\u1ea3m tr\u1ea3i s\u00e0n d\u1ea1ng cu\u1ed9n<\/strong>\u00a0mang thi\u1ebft k\u1ebf c\u00e1 t\u00ednh, \u0111\u1ed9c \u0111\u00e1o v\u1edbi n\u1ec1n\u00a0<strong data-start=\"506\" data-end=\"538\">\u0111en x\u00e1m ph\u1ed1i ch\u1ea5m \u0111\u1ecf m\u1ea1nh m\u1ebd<\/strong>, t\u1ea1o hi\u1ec7u \u1ee9ng th\u1ecb gi\u00e1c s\u1ed1ng \u0111\u1ed9ng nh\u01b0ng h\u00e0i h\u00f2a. V\u1edbi k\u1ebft c\u1ea5u d\u1ec7t s\u1ecdc ch\u1eb7t, kh\u1ea3 n\u0103ng ch\u1ed1ng tr\u01a1n, c\u00e1ch \u00e2m v\u00e0 gi\u1eef nhi\u1ec7t t\u1ed1t, s\u1ea3n ph\u1ea9m l\u00e0 l\u1ef1a ch\u1ecdn l\u00fd t\u01b0\u1edfng cho showroom, v\u0103n ph\u00f2ng s\u00e1ng t\u1ea1o, khu tr\u01b0ng b\u00e0y s\u1ea3n ph\u1ea9m ho\u1eb7c trung t\u00e2m \u0111\u00e0o t\u1ea1o.<\/p>\n<p data-start=\"420\" data-end=\"770\">\n<p data-start=\"777\" data-end=\"814\">\u00a0<strong data-start=\"783\" data-end=\"814\">\u01afu \u0111i\u1ec3m n\u1ed5i b\u1eadt c\u1ee7a Beta 04<\/strong><\/p>\n<ul data-start=\"816\" data-end=\"1253\">\n<li class=\"\" data-start=\"816\" data-end=\"943\">\n<p class=\"\" data-start=\"818\" data-end=\"943\"><strong data-start=\"818\" data-end=\"868\">T\u00f4ng m\u00e0u ph\u1ed1i \u0111\u1ecf n\u1ed5i b\u1eadt \u2013 c\u00e1 t\u00ednh v\u00e0 \u1ea5n t\u01b0\u1ee3ng<\/strong>: Ph\u00f9 h\u1ee3p kh\u00f4ng gian c\u1ea7n \u0111i\u1ec3m nh\u1ea5n m\u1ea1nh nh\u01b0 showroom, ph\u00f2ng h\u1ecdp hi\u1ec7n \u0111\u1ea1i.<\/p>\n<\/li>\n<li class=\"\" data-start=\"944\" data-end=\"1024\">\n<p class=\"\" data-start=\"946\" data-end=\"1024\"><strong data-start=\"946\" data-end=\"997\">S\u1ee3i t\u1ed5ng h\u1ee3p cao c\u1ea5p \u2013 kh\u00f4ng x\u00f9, kh\u00f4ng phai m\u00e0u<\/strong>: \u0110\u1ed9 b\u1ec1n cao, d\u1ec5 b\u1ea3o tr\u00ec.<\/p>\n<\/li>\n<li class=\"\" data-start=\"1025\" data-end=\"1112\">\n<p class=\"\" data-start=\"1027\" data-end=\"1112\"><strong data-start=\"1027\" data-end=\"1071\">B\u1ec1 m\u1eb7t d\u1ec7t s\u1ecdc \u0111\u1ec1u \u2013 ch\u1ed1ng tr\u01a1n hi\u1ec7u qu\u1ea3<\/strong>: An to\u00e0n trong \u0111i\u1ec1u ki\u1ec7n \u0111i l\u1ea1i nhi\u1ec1u.<\/p>\n<\/li>\n<li class=\"\" data-start=\"1113\" data-end=\"1198\">\n<p class=\"\" data-start=\"1115\" data-end=\"1198\"><strong data-start=\"1115\" data-end=\"1145\">C\u00e1ch \u00e2m \u2013 gi\u1eef nhi\u1ec7t t\u1ed1i \u01b0u<\/strong>: H\u1ed7 tr\u1ee3 kh\u00f4ng gian y\u00ean t\u0129nh, ti\u1ebft ki\u1ec7m n\u0103ng l\u01b0\u1ee3ng.<\/p>\n<\/li>\n<li class=\"\" data-start=\"1199\" data-end=\"1253\">\n<p class=\"\" data-start=\"1201\" data-end=\"1253\"><strong data-start=\"1201\" data-end=\"1253\">Cu\u1ed9n kh\u1ed5 l\u1edbn \u2013 thi c\u00f4ng nhanh, ti\u1ebft ki\u1ec7m chi ph\u00ed<\/strong><\/p>\n<\/li>\n<\/ul>\n","protected":false},"excerpt":{"rendered":"<h3 class=\"\" data-start=\"1263\" data-end=\"1300\"><strong data-start=\"1270\" data-end=\"1300\">Th\u00f4ng s\u1ed1 k\u1ef9 thu\u1eadt s\u1ea3n ph\u1ea9m<\/strong><\/h3>\n<ul data-start=\"1302\" data-end=\"1568\">\n<li class=\"\" data-start=\"1302\" data-end=\"1330\">\n<p class=\"\" data-start=\"1304\" data-end=\"1330\"><strong data-start=\"1304\" data-end=\"1319\">M\u00e3 s\u1ea3n ph\u1ea9m<\/strong>: Beta 04<\/p>\n<\/li>\n<li class=\"\" data-start=\"1331\" data-end=\"1392\">\n<p class=\"\" data-start=\"1333\" data-end=\"1392\"><strong data-start=\"1333\" data-end=\"1346\">Ch\u1ea5t li\u1ec7u<\/strong>: S\u1ee3i t\u1ed5ng h\u1ee3p cao c\u1ea5p (PP ho\u1eb7c t\u01b0\u01a1ng \u0111\u01b0\u01a1ng)<\/p>\n<\/li>\n<li class=\"\" data-start=\"1393\" data-end=\"1450\">\n<p class=\"\" data-start=\"1395\" data-end=\"1450\"><strong data-start=\"1395\" data-end=\"1414\">K\u00edch th\u01b0\u1edbc cu\u1ed9n<\/strong>: 2m x 25m\u00a0<em data-start=\"1425\" data-end=\"1448\">(c\u1eaft l\u1ebb theo y\u00eau c\u1ea7u)<\/em><\/p>\n<\/li>\n<li class=\"\" data-start=\"1451\" data-end=\"1471\">\n<p class=\"\" data-start=\"1453\" data-end=\"1471\"><strong data-start=\"1453\" data-end=\"1463\">\u0110\u1ed9 d\u00e0y<\/strong>: ~5mm<\/p>\n<\/li>\n<li class=\"\" data-start=\"1472\" data-end=\"1518\">\n<p class=\"\" data-start=\"1474\" data-end=\"1518\"><strong data-start=\"1474\" data-end=\"1484\">B\u1ec1 m\u1eb7t<\/strong>: D\u1ec7t v\u00e2n \u0111\u1ec1u, k\u1ebft c\u1ea5u ch\u1eafc ch\u1eafn<\/p>\n<\/li>\n<li class=\"\" data-start=\"1519\" data-end=\"1568\">\n<p class=\"\" data-start=\"1521\" data-end=\"1568\"><strong data-start=\"1521\" data-end=\"1540\">M\u00e0u s\u1eafc th\u1ef1c t\u1ebf<\/strong>: X\u00e1m ghi \u0111\u1eadm \u0111i\u1ec3m v\u00e0ng nh\u1ea1t<\/p>\n<\/li>\n<\/ul>\n","protected":false},"featured_media":854,"comment_status":"open","ping_status":"closed","template":"","meta":[],"product_cat":[65,127],"product_tag":[94,128,134,89],"class_list":{"0":"post-868","1":"product","2":"type-product","3":"status-publish","4":"has-post-thumbnail","6":"product_cat-tham-cuon","7":"product_cat-tham-cuon-beta","8":"product_tag-tham-cuon","9":"product_tag-tham-cuon-beta","10":"product_tag-tham-cuon-beta04","11":"product_tag-tham-van-phong","13":"first","14":"instock","15":"shipping-taxable","16":"product-type-simple"},"yoast_head":"<!-- This site is optimized with the Yoast SEO Premium plugin v20.12 (Yoast SEO v20.12) - https:\/\/yoast.com\/wordpress\/plugins\/seo\/ -->\n<title>Th\u1ea3m cu\u1ed9n Beta 04 n\u1ed5i b\u1eadt trong ph\u00e2n kh\u00fac th\u1ea3m v\u0103n ph\u00f2ng<\/title>\n<meta name=\"description\" content=\"Th\u1ea3m cu\u1ed9n beta \u0111em l\u1ea1i c\u1ea3m gi\u00e1c sang tr\u1ecdng cho v\u0103n ph\u00f2ng, c\u00f4ng s\u1edf, tr\u01b0\u1eddng h\u1ecdc v\u1edbi m\u1ee9c \u0111\u1ea7u t\u01b0 kh\u00f4ng qu\u00e1 cao so v\u1edbi c\u00f9ng ph\u00e2n kh\u00fac v\u00e0 v\u1eadt li\u1ec7u kh\u00e1c\" \/>\n<meta name=\"robots\" content=\"index, follow, max-snippet:-1, max-image-preview:large, max-video-preview:-1\" \/>\n<link rel=\"canonical\" href=\"https:\/\/thamtraisanvanphong.com.vn\/?product=thambeta04\" \/>\n<meta property=\"og:locale\" content=\"vi_VN\" \/>\n<meta property=\"og:type\" content=\"article\" \/>\n<meta property=\"og:title\" content=\"Th\u1ea3m cu\u1ed9n Beta 04\" \/>\n<meta property=\"og:description\" content=\"Th\u1ea3m cu\u1ed9n beta \u0111em l\u1ea1i c\u1ea3m gi\u00e1c sang tr\u1ecdng cho v\u0103n ph\u00f2ng, c\u00f4ng s\u1edf, tr\u01b0\u1eddng h\u1ecdc v\u1edbi m\u1ee9c \u0111\u1ea7u t\u01b0 kh\u00f4ng qu\u00e1 cao so v\u1edbi c\u00f9ng ph\u00e2n kh\u00fac v\u00e0 v\u1eadt li\u1ec7u kh\u00e1c\" \/>\n<meta property=\"og:url\" content=\"https:\/\/thamtraisanvanphong.com.vn\/?product=thambeta04\" \/>\n<meta property=\"og:site_name\" content=\"Thamtraisan\" \/>\n<meta property=\"article:modified_time\" content=\"2026-04-11T18:18:46+00:00\" \/>\n<meta property=\"og:image\" content=\"https:\/\/thamtraisanvanphong.com.vn\/wp-content\/uploads\/2026\/04\/Tham-cuon-Beta04.png\" \/>\n\t<meta property=\"og:image:width\" content=\"542\" \/>\n\t<meta property=\"og:image:height\" content=\"536\" \/>\n\t<meta property=\"og:image:type\" content=\"image\/png\" \/>\n<meta name=\"twitter:card\" content=\"summary_large_image\" \/>\n<meta name=\"twitter:label1\" content=\"\u01af\u1edbc t\u00ednh th\u1eddi gian \u0111\u1ecdc\" \/>\n\t<meta name=\"twitter:data1\" content=\"2 ph\u00fat\" \/>\n<script type=\"application\/ld+json\" class=\"yoast-schema-graph\">{\"@context\":\"https:\/\/schema.org\",\"@graph\":[{\"@type\":\"WebPage\",\"@id\":\"https:\/\/thamtraisanvanphong.com.vn\/?product=thambeta04\",\"url\":\"https:\/\/thamtraisanvanphong.com.vn\/?product=thambeta04\",\"name\":\"Th\u1ea3m cu\u1ed9n Beta 04 n\u1ed5i b\u1eadt trong ph\u00e2n kh\u00fac th\u1ea3m v\u0103n ph\u00f2ng\",\"isPartOf\":{\"@id\":\"https:\/\/thamtraisanvanphong.com.vn\/#website\"},\"datePublished\":\"2026-04-11T18:10:35+00:00\",\"dateModified\":\"2026-04-11T18:18:46+00:00\",\"description\":\"Th\u1ea3m cu\u1ed9n beta \u0111em l\u1ea1i c\u1ea3m gi\u00e1c sang tr\u1ecdng cho v\u0103n ph\u00f2ng, c\u00f4ng s\u1edf, tr\u01b0\u1eddng h\u1ecdc v\u1edbi m\u1ee9c \u0111\u1ea7u t\u01b0 kh\u00f4ng qu\u00e1 cao so v\u1edbi c\u00f9ng ph\u00e2n kh\u00fac v\u00e0 v\u1eadt li\u1ec7u kh\u00e1c\",\"breadcrumb\":{\"@id\":\"https:\/\/thamtraisanvanphong.com.vn\/?product=thambeta04#breadcrumb\"},\"inLanguage\":\"vi\",\"potentialAction\":[{\"@type\":\"ReadAction\",\"target\":[\"https:\/\/thamtraisanvanphong.com.vn\/?product=thambeta04\"]}]},{\"@type\":\"BreadcrumbList\",\"@id\":\"https:\/\/thamtraisanvanphong.com.vn\/?product=thambeta04#breadcrumb\",\"itemListElement\":[{\"@type\":\"ListItem\",\"position\":1,\"name\":\"Home\",\"item\":\"https:\/\/thamtraisanvanphong.com.vn\/\"},{\"@type\":\"ListItem\",\"position\":2,\"name\":\"C\u1eeda h\u00e0ng\",\"item\":\"https:\/\/thamtraisanvanphong.com.vn\/?page_id=10\"},{\"@type\":\"ListItem\",\"position\":3,\"name\":\"Th\u1ea3m cu\u1ed9n Beta 04\"}]},{\"@type\":\"WebSite\",\"@id\":\"https:\/\/thamtraisanvanphong.com.vn\/#website\",\"url\":\"https:\/\/thamtraisanvanphong.com.vn\/\",\"name\":\"Thamtraisan\",\"description\":\"Thamtraisangiare\",\"potentialAction\":[{\"@type\":\"SearchAction\",\"target\":{\"@type\":\"EntryPoint\",\"urlTemplate\":\"https:\/\/thamtraisanvanphong.com.vn\/?s={search_term_string}\"},\"query-input\":\"required name=search_term_string\"}],\"inLanguage\":\"vi\"}]}<\/script>\n<!-- \/ Yoast SEO Premium plugin. -->","yoast_head_json":{"title":"Th\u1ea3m cu\u1ed9n Beta 04 n\u1ed5i b\u1eadt trong ph\u00e2n kh\u00fac th\u1ea3m v\u0103n ph\u00f2ng","description":"Th\u1ea3m cu\u1ed9n beta \u0111em l\u1ea1i c\u1ea3m gi\u00e1c sang tr\u1ecdng cho v\u0103n ph\u00f2ng, c\u00f4ng s\u1edf, tr\u01b0\u1eddng h\u1ecdc v\u1edbi m\u1ee9c \u0111\u1ea7u t\u01b0 kh\u00f4ng qu\u00e1 cao so v\u1edbi c\u00f9ng ph\u00e2n kh\u00fac v\u00e0 v\u1eadt li\u1ec7u kh\u00e1c","robots":{"index":"index","follow":"follow","max-snippet":"max-snippet:-1","max-image-preview":"max-image-preview:large","max-video-preview":"max-video-preview:-1"},"canonical":"https:\/\/thamtraisanvanphong.com.vn\/?product=thambeta04","og_locale":"vi_VN","og_type":"article","og_title":"Th\u1ea3m cu\u1ed9n Beta 04","og_description":"Th\u1ea3m cu\u1ed9n beta \u0111em l\u1ea1i c\u1ea3m gi\u00e1c sang tr\u1ecdng cho v\u0103n ph\u00f2ng, c\u00f4ng s\u1edf, tr\u01b0\u1eddng h\u1ecdc v\u1edbi m\u1ee9c \u0111\u1ea7u t\u01b0 kh\u00f4ng qu\u00e1 cao so v\u1edbi c\u00f9ng ph\u00e2n kh\u00fac v\u00e0 v\u1eadt li\u1ec7u kh\u00e1c","og_url":"https:\/\/thamtraisanvanphong.com.vn\/?product=thambeta04","og_site_name":"Thamtraisan","article_modified_time":"2026-04-11T18:18:46+00:00","og_image":[{"width":542,"height":536,"url":"https:\/\/thamtraisanvanphong.com.vn\/wp-content\/uploads\/2026\/04\/Tham-cuon-Beta04.png","type":"image\/png"}],"twitter_card":"summary_large_image","twitter_misc":{"\u01af\u1edbc t\u00ednh th\u1eddi gian \u0111\u1ecdc":"2 ph\u00fat"},"schema":{"@context":"https:\/\/schema.org","@graph":[{"@type":"WebPage","@id":"https:\/\/thamtraisanvanphong.com.vn\/?product=thambeta04","url":"https:\/\/thamtraisanvanphong.com.vn\/?product=thambeta04","name":"Th\u1ea3m cu\u1ed9n Beta 04 n\u1ed5i b\u1eadt trong ph\u00e2n kh\u00fac th\u1ea3m v\u0103n ph\u00f2ng","isPartOf":{"@id":"https:\/\/thamtraisanvanphong.com.vn\/#website"},"datePublished":"2026-04-11T18:10:35+00:00","dateModified":"2026-04-11T18:18:46+00:00","description":"Th\u1ea3m cu\u1ed9n beta \u0111em l\u1ea1i c\u1ea3m gi\u00e1c sang tr\u1ecdng cho v\u0103n ph\u00f2ng, c\u00f4ng s\u1edf, tr\u01b0\u1eddng h\u1ecdc v\u1edbi m\u1ee9c \u0111\u1ea7u t\u01b0 kh\u00f4ng qu\u00e1 cao so v\u1edbi c\u00f9ng ph\u00e2n kh\u00fac v\u00e0 v\u1eadt li\u1ec7u kh\u00e1c","breadcrumb":{"@id":"https:\/\/thamtraisanvanphong.com.vn\/?product=thambeta04#breadcrumb"},"inLanguage":"vi","potentialAction":[{"@type":"ReadAction","target":["https:\/\/thamtraisanvanphong.com.vn\/?product=thambeta04"]}]},{"@type":"BreadcrumbList","@id":"https:\/\/thamtraisanvanphong.com.vn\/?product=thambeta04#breadcrumb","itemListElement":[{"@type":"ListItem","position":1,"name":"Home","item":"https:\/\/thamtraisanvanphong.com.vn\/"},{"@type":"ListItem","position":2,"name":"C\u1eeda h\u00e0ng","item":"https:\/\/thamtraisanvanphong.com.vn\/?page_id=10"},{"@type":"ListItem","position":3,"name":"Th\u1ea3m cu\u1ed9n Beta 04"}]},{"@type":"WebSite","@id":"https:\/\/thamtraisanvanphong.com.vn\/#website","url":"https:\/\/thamtraisanvanphong.com.vn\/","name":"Thamtraisan","description":"Thamtraisangiare","potentialAction":[{"@type":"SearchAction","target":{"@type":"EntryPoint","urlTemplate":"https:\/\/thamtraisanvanphong.com.vn\/?s={search_term_string}"},"query-input":"required name=search_term_string"}],"inLanguage":"vi"}]}},"_links":{"self":[{"href":"https:\/\/thamtraisanvanphong.com.vn\/index.php?rest_route=\/wp\/v2\/product\/868","targetHints":{"allow":["GET"]}}],"collection":[{"href":"https:\/\/thamtraisanvanphong.com.vn\/index.php?rest_route=\/wp\/v2\/product"}],"about":[{"href":"https:\/\/thamtraisanvanphong.com.vn\/index.php?rest_route=\/wp\/v2\/types\/product"}],"replies":[{"embeddable":true,"href":"https:\/\/thamtraisanvanphong.com.vn\/index.php?rest_route=%2Fwp%2Fv2%2Fcomments&post=868"}],"wp:featuredmedia":[{"embeddable":true,"href":"https:\/\/thamtraisanvanphong.com.vn\/index.php?rest_route=\/wp\/v2\/media\/854"}],"wp:attachment":[{"href":"https:\/\/thamtraisanvanphong.com.vn\/index.php?rest_route=%2Fwp%2Fv2%2Fmedia&parent=868"}],"wp:term":[{"taxonomy":"product_cat","embeddable":true,"href":"https:\/\/thamtraisanvanphong.com.vn\/index.php?rest_route=%2Fwp%2Fv2%2Fproduct_cat&post=868"},{"taxonomy":"product_tag","embeddable":true,"href":"https:\/\/thamtraisanvanphong.com.vn\/index.php?rest_route=%2Fwp%2Fv2%2Fproduct_tag&post=868"}],"curies":[{"name":"wp","href":"https:\/\/api.w.org\/{rel}","templated":true}]}}