{"id":869,"date":"2026-04-12T01:10:39","date_gmt":"2026-04-11T18:10:39","guid":{"rendered":"https:\/\/thamtraisanvanphong.com.vn\/?post_type=product&#038;p=869"},"modified":"2026-04-12T01:22:54","modified_gmt":"2026-04-11T18:22:54","slug":"thambeta05","status":"publish","type":"product","link":"https:\/\/thamtraisanvanphong.com.vn\/?product=thambeta05","title":{"rendered":"Th\u1ea3m cu\u1ed9n Beta 05"},"content":{"rendered":"<p data-start=\"235\" data-end=\"333\"><strong data-start=\"238\" data-end=\"333\">Th\u1ea3m Tr\u1ea3i S\u00e0n D\u1ea1ng Cu\u1ed9n BETA 05 | X\u00e1m Tro L\u1ecbch L\u00e3m, Hoa V\u0103n Ch\u00ecm, D\u1ec7t B\u1ec1n Ch\u1eafc, D\u1ec5 Thi C\u00f4ng<\/strong><\/p>\n<p data-start=\"335\" data-end=\"410\"><strong data-start=\"339\" data-end=\"410\">Phong c\u00e1ch t\u1ed1i gi\u1ea3n \u2013 Tinh t\u1ebf hi\u1ec7n \u0111\u1ea1i \u2013 Hi\u1ec7u qu\u1ea3 s\u1eed d\u1ee5ng v\u01b0\u1ee3t tr\u1ed9i<\/strong><\/p>\n<p class=\"\" data-start=\"412\" data-end=\"779\"><strong data-start=\"412\" data-end=\"423\">Beta 05<\/strong>\u00a0l\u00e0 m\u1eabu\u00a0<strong data-start=\"431\" data-end=\"458\">th\u1ea3m tr\u1ea3i s\u00e0n d\u1ea1ng cu\u1ed9n<\/strong>\u00a0n\u1ed5i b\u1eadt v\u1edbi thi\u1ebft k\u1ebf\u00a0<strong data-start=\"480\" data-end=\"506\">hoa v\u0103n ch\u00ecm h\u00ecnh thoi<\/strong>\u00a0tr\u00ean n\u1ec1n\u00a0<strong data-start=\"516\" data-end=\"538\">x\u00e1m tro sang tr\u1ecdng<\/strong>, ph\u00f9 h\u1ee3p v\u1edbi phong c\u00e1ch n\u1ed9i th\u1ea5t hi\u1ec7n \u0111\u1ea1i, t\u1ed1i gi\u1ea3n v\u00e0 chuy\u00ean nghi\u1ec7p. S\u1ea3n ph\u1ea9m s\u1edf h\u1eefu b\u1ec1 m\u1eb7t d\u1ec7t ch\u1eafc ch\u1eafn, c\u1ea5u tr\u00fac v\u00e2n \u0111\u1ec1u gi\u00fap ch\u1ed1ng tr\u01a1n tr\u01b0\u1ee3t, ch\u1ed1ng x\u00f9 v\u00e0 c\u00e1ch \u00e2m hi\u1ec7u qu\u1ea3 \u2013 l\u00fd t\u01b0\u1edfng cho v\u0103n ph\u00f2ng, ph\u00f2ng h\u1ecdp, h\u1ed9i tr\u01b0\u1eddng ho\u1eb7c kh\u00e1ch s\u1ea1n.<\/p>\n<p data-start=\"786\" data-end=\"828\">\u00a0<strong data-start=\"792\" data-end=\"828\">\u01afu \u0111i\u1ec3m n\u1ed5i b\u1eadt c\u1ee7a th\u1ea3m Beta 05<\/strong><\/p>\n<ul data-start=\"830\" data-end=\"1307\">\n<li class=\"\" data-start=\"830\" data-end=\"948\">\n<p class=\"\" data-start=\"832\" data-end=\"948\"><strong data-start=\"832\" data-end=\"878\">Gam m\u00e0u x\u00e1m tro tinh t\u1ebf \u2013 d\u1ec5 ph\u1ed1i n\u1ed9i th\u1ea5t<\/strong>: T\u1ea1o c\u1ea3m gi\u00e1c r\u1ed9ng r\u00e3i, s\u1ea1ch s\u1ebd, ph\u00f9 h\u1ee3p nhi\u1ec1u phong c\u00e1ch thi\u1ebft k\u1ebf.<\/p>\n<\/li>\n<li class=\"\" data-start=\"949\" data-end=\"1059\">\n<p class=\"\" data-start=\"951\" data-end=\"1059\"><strong data-start=\"951\" data-end=\"1003\">Hoa v\u0103n ch\u00ecm h\u00ecnh thoi hi\u1ec7n \u0111\u1ea1i \u2013 kh\u00f4ng l\u1ed7i th\u1eddi<\/strong>: Gi\u00fap t\u0103ng chi\u1ec1u s\u00e2u cho kh\u00f4ng gian m\u00e0 v\u1eabn tinh gi\u1ea3n.<\/p>\n<\/li>\n<li class=\"\" data-start=\"1060\" data-end=\"1116\">\n<p class=\"\" data-start=\"1062\" data-end=\"1116\"><strong data-start=\"1062\" data-end=\"1114\">S\u1ee3i t\u1ed5ng h\u1ee3p cao c\u1ea5p \u2013 ch\u1ed1ng x\u00f9, b\u1ec1n \u0111\u1eb9p l\u00e2u d\u00e0i<\/strong><\/p>\n<\/li>\n<li class=\"\" data-start=\"1117\" data-end=\"1162\">\n<p class=\"\" data-start=\"1119\" data-end=\"1162\"><strong data-start=\"1119\" data-end=\"1160\">B\u1ec1 m\u1eb7t d\u1ec7t \u0111\u1ec1u \u2013 ch\u1ed1ng tr\u01a1n tr\u01b0\u1ee3t t\u1ed1t<\/strong><\/p>\n<\/li>\n<li class=\"\" data-start=\"1163\" data-end=\"1245\">\n<p class=\"\" data-start=\"1165\" data-end=\"1245\"><strong data-start=\"1165\" data-end=\"1197\">C\u00e1ch \u00e2m \u2013 gi\u1eef nhi\u1ec7t hi\u1ec7u qu\u1ea3<\/strong>: Ph\u00f9 h\u1ee3p cho c\u1ea3 m\u00f4i tr\u01b0\u1eddng c\u00f4ng s\u1edf l\u1eabn nh\u00e0 \u1edf.<\/p>\n<\/li>\n<li class=\"\" data-start=\"1246\" data-end=\"1307\">\n<p class=\"\" data-start=\"1248\" data-end=\"1307\"><strong data-start=\"1248\" data-end=\"1307\">D\u1ea1ng cu\u1ed9n kh\u1ed5 l\u1edbn \u2013 d\u1ec5 d\u00e0ng thi c\u00f4ng, ti\u1ebft ki\u1ec7m chi ph\u00ed<\/strong><\/p>\n<\/li>\n<\/ul>\n<p data-start=\"1587\" data-end=\"1615\">\u00a0<strong data-start=\"1594\" data-end=\"1615\">\u1ee8ng d\u1ee5ng ph\u1ed5 bi\u1ebfn<\/strong><\/p>\n<ul data-start=\"1617\" data-end=\"1819\">\n<li class=\"\" data-start=\"1617\" data-end=\"1680\">\n<p class=\"\" data-start=\"1619\" data-end=\"1680\">Th\u1ea3m tr\u1ea3i s\u00e0n\u00a0<strong data-start=\"1633\" data-end=\"1657\">ph\u00f2ng h\u1ecdp, v\u0103n ph\u00f2ng<\/strong>, trung t\u00e2m \u0111i\u1ec1u h\u00e0nh<\/p>\n<\/li>\n<li class=\"\" data-start=\"1681\" data-end=\"1721\">\n<p class=\"\" data-start=\"1683\" data-end=\"1721\"><strong data-start=\"1683\" data-end=\"1701\">S\u1ea3nh kh\u00e1ch s\u1ea1n<\/strong>, h\u00e0nh lang cao \u1ed1c<\/p>\n<\/li>\n<li class=\"\" data-start=\"1722\" data-end=\"1767\">\n<p class=\"\" data-start=\"1724\" data-end=\"1767\"><strong data-start=\"1724\" data-end=\"1754\">H\u1ed9i tr\u01b0\u1eddng, ph\u00f2ng h\u1ed9i ngh\u1ecb<\/strong>, ph\u00f2ng ch\u1edd<\/p>\n<\/li>\n<li class=\"\" data-start=\"1768\" data-end=\"1819\">\n<p class=\"\" data-start=\"1770\" data-end=\"1819\"><strong data-start=\"1770\" data-end=\"1785\">Ph\u00f2ng kh\u00e1ch<\/strong>, nh\u00e0 \u1edf cao c\u1ea5p, bi\u1ec7t th\u1ef1 hi\u1ec7n \u0111\u1ea1i<\/p>\n<\/li>\n<\/ul>\n","protected":false},"excerpt":{"rendered":"<h3 class=\"\" data-start=\"1263\" data-end=\"1300\"><strong data-start=\"1270\" data-end=\"1300\">Th\u00f4ng s\u1ed1 k\u1ef9 thu\u1eadt s\u1ea3n ph\u1ea9m<\/strong><\/h3>\n<ul data-start=\"1302\" data-end=\"1568\">\n<li class=\"\" data-start=\"1302\" data-end=\"1330\">\n<p class=\"\" data-start=\"1304\" data-end=\"1330\"><strong data-start=\"1304\" data-end=\"1319\">M\u00e3 s\u1ea3n ph\u1ea9m<\/strong>: Beta 005<\/p>\n<\/li>\n<li class=\"\" data-start=\"1331\" data-end=\"1392\">\n<p class=\"\" data-start=\"1333\" data-end=\"1392\"><strong data-start=\"1333\" data-end=\"1346\">Ch\u1ea5t li\u1ec7u<\/strong>: S\u1ee3i t\u1ed5ng h\u1ee3p cao c\u1ea5p (PP ho\u1eb7c t\u01b0\u01a1ng \u0111\u01b0\u01a1ng)<\/p>\n<\/li>\n<li class=\"\" data-start=\"1393\" data-end=\"1450\">\n<p class=\"\" data-start=\"1395\" data-end=\"1450\"><strong data-start=\"1395\" data-end=\"1414\">K\u00edch th\u01b0\u1edbc cu\u1ed9n<\/strong>: 2m x 25m\u00a0<em data-start=\"1425\" data-end=\"1448\">(c\u1eaft l\u1ebb theo y\u00eau c\u1ea7u)<\/em><\/p>\n<\/li>\n<li class=\"\" data-start=\"1451\" data-end=\"1471\">\n<p class=\"\" data-start=\"1453\" data-end=\"1471\"><strong data-start=\"1453\" data-end=\"1463\">\u0110\u1ed9 d\u00e0y<\/strong>: ~5mm<\/p>\n<\/li>\n<li class=\"\" data-start=\"1472\" data-end=\"1518\">\n<p class=\"\" data-start=\"1474\" data-end=\"1518\"><strong data-start=\"1474\" data-end=\"1484\">B\u1ec1 m\u1eb7t<\/strong>: D\u1ec7t v\u00e2n \u0111\u1ec1u, k\u1ebft c\u1ea5u ch\u1eafc ch\u1eafn<\/p>\n<\/li>\n<li class=\"\" data-start=\"1519\" data-end=\"1568\">\n<p class=\"\" data-start=\"1521\" data-end=\"1568\"><strong data-start=\"1521\" data-end=\"1540\">M\u00e0u s\u1eafc th\u1ef1c t\u1ebf<\/strong>: X\u00e1m ghi \u0111\u1eadm \u0111i\u1ec3m v\u00e0ng nh\u1ea1t<\/p>\n<\/li>\n<\/ul>\n","protected":false},"featured_media":870,"comment_status":"open","ping_status":"closed","template":"","meta":[],"product_cat":[65,127],"product_tag":[135,94,128,89],"class_list":{"0":"post-869","1":"product","2":"type-product","3":"status-publish","4":"has-post-thumbnail","6":"product_cat-tham-cuon","7":"product_cat-tham-cuon-beta","8":"product_tag-tham-beta05","9":"product_tag-tham-cuon","10":"product_tag-tham-cuon-beta","11":"product_tag-tham-van-phong","13":"first","14":"instock","15":"shipping-taxable","16":"product-type-simple"},"yoast_head":"<!-- This site is optimized with the Yoast SEO Premium plugin v20.12 (Yoast SEO v20.12) - https:\/\/yoast.com\/wordpress\/plugins\/seo\/ -->\n<title>Th\u1ea3m cu\u1ed9n Beta 05 n\u1ed5i b\u1eadt trong ph\u00e2n kh\u00fac th\u1ea3m v\u0103n ph\u00f2ng<\/title>\n<meta name=\"description\" content=\"Th\u1ea3m cu\u1ed9n beta \u0111em l\u1ea1i c\u1ea3m gi\u00e1c sang tr\u1ecdng cho v\u0103n ph\u00f2ng, c\u00f4ng s\u1edf, tr\u01b0\u1eddng h\u1ecdc v\u1edbi m\u1ee9c \u0111\u1ea7u t\u01b0 kh\u00f4ng qu\u00e1 cao so v\u1edbi c\u00f9ng ph\u00e2n kh\u00fac v\u00e0 v\u1eadt li\u1ec7u kh\u00e1c\" \/>\n<meta name=\"robots\" content=\"index, follow, max-snippet:-1, max-image-preview:large, max-video-preview:-1\" \/>\n<link rel=\"canonical\" href=\"https:\/\/thamtraisanvanphong.com.vn\/?product=thambeta05\" \/>\n<meta property=\"og:locale\" content=\"vi_VN\" \/>\n<meta property=\"og:type\" content=\"article\" \/>\n<meta property=\"og:title\" content=\"Th\u1ea3m cu\u1ed9n Beta 05\" \/>\n<meta property=\"og:description\" content=\"Th\u1ea3m cu\u1ed9n beta \u0111em l\u1ea1i c\u1ea3m gi\u00e1c sang tr\u1ecdng cho v\u0103n ph\u00f2ng, c\u00f4ng s\u1edf, tr\u01b0\u1eddng h\u1ecdc v\u1edbi m\u1ee9c \u0111\u1ea7u t\u01b0 kh\u00f4ng qu\u00e1 cao so v\u1edbi c\u00f9ng ph\u00e2n kh\u00fac v\u00e0 v\u1eadt li\u1ec7u kh\u00e1c\" \/>\n<meta property=\"og:url\" content=\"https:\/\/thamtraisanvanphong.com.vn\/?product=thambeta05\" \/>\n<meta property=\"og:site_name\" content=\"Thamtraisan\" \/>\n<meta property=\"article:modified_time\" content=\"2026-04-11T18:22:54+00:00\" \/>\n<meta property=\"og:image\" content=\"https:\/\/thamtraisanvanphong.com.vn\/wp-content\/uploads\/2026\/04\/Tham-cuon-Beta05-pc-1.jpg\" \/>\n\t<meta property=\"og:image:width\" content=\"2560\" \/>\n\t<meta property=\"og:image:height\" content=\"1706\" \/>\n\t<meta property=\"og:image:type\" content=\"image\/jpeg\" \/>\n<meta name=\"twitter:card\" content=\"summary_large_image\" \/>\n<meta name=\"twitter:label1\" content=\"\u01af\u1edbc t\u00ednh th\u1eddi gian \u0111\u1ecdc\" \/>\n\t<meta name=\"twitter:data1\" content=\"2 ph\u00fat\" \/>\n<script type=\"application\/ld+json\" class=\"yoast-schema-graph\">{\"@context\":\"https:\/\/schema.org\",\"@graph\":[{\"@type\":\"WebPage\",\"@id\":\"https:\/\/thamtraisanvanphong.com.vn\/?product=thambeta05\",\"url\":\"https:\/\/thamtraisanvanphong.com.vn\/?product=thambeta05\",\"name\":\"Th\u1ea3m cu\u1ed9n Beta 05 n\u1ed5i b\u1eadt trong ph\u00e2n kh\u00fac th\u1ea3m v\u0103n ph\u00f2ng\",\"isPartOf\":{\"@id\":\"https:\/\/thamtraisanvanphong.com.vn\/#website\"},\"datePublished\":\"2026-04-11T18:10:39+00:00\",\"dateModified\":\"2026-04-11T18:22:54+00:00\",\"description\":\"Th\u1ea3m cu\u1ed9n beta \u0111em l\u1ea1i c\u1ea3m gi\u00e1c sang tr\u1ecdng cho v\u0103n ph\u00f2ng, c\u00f4ng s\u1edf, tr\u01b0\u1eddng h\u1ecdc v\u1edbi m\u1ee9c \u0111\u1ea7u t\u01b0 kh\u00f4ng qu\u00e1 cao so v\u1edbi c\u00f9ng ph\u00e2n kh\u00fac v\u00e0 v\u1eadt li\u1ec7u kh\u00e1c\",\"breadcrumb\":{\"@id\":\"https:\/\/thamtraisanvanphong.com.vn\/?product=thambeta05#breadcrumb\"},\"inLanguage\":\"vi\",\"potentialAction\":[{\"@type\":\"ReadAction\",\"target\":[\"https:\/\/thamtraisanvanphong.com.vn\/?product=thambeta05\"]}]},{\"@type\":\"BreadcrumbList\",\"@id\":\"https:\/\/thamtraisanvanphong.com.vn\/?product=thambeta05#breadcrumb\",\"itemListElement\":[{\"@type\":\"ListItem\",\"position\":1,\"name\":\"Home\",\"item\":\"https:\/\/thamtraisanvanphong.com.vn\/\"},{\"@type\":\"ListItem\",\"position\":2,\"name\":\"C\u1eeda h\u00e0ng\",\"item\":\"https:\/\/thamtraisanvanphong.com.vn\/?page_id=10\"},{\"@type\":\"ListItem\",\"position\":3,\"name\":\"Th\u1ea3m cu\u1ed9n Beta 05\"}]},{\"@type\":\"WebSite\",\"@id\":\"https:\/\/thamtraisanvanphong.com.vn\/#website\",\"url\":\"https:\/\/thamtraisanvanphong.com.vn\/\",\"name\":\"Thamtraisan\",\"description\":\"Thamtraisangiare\",\"potentialAction\":[{\"@type\":\"SearchAction\",\"target\":{\"@type\":\"EntryPoint\",\"urlTemplate\":\"https:\/\/thamtraisanvanphong.com.vn\/?s={search_term_string}\"},\"query-input\":\"required name=search_term_string\"}],\"inLanguage\":\"vi\"}]}<\/script>\n<!-- \/ Yoast SEO Premium plugin. -->","yoast_head_json":{"title":"Th\u1ea3m cu\u1ed9n Beta 05 n\u1ed5i b\u1eadt trong ph\u00e2n kh\u00fac th\u1ea3m v\u0103n ph\u00f2ng","description":"Th\u1ea3m cu\u1ed9n beta \u0111em l\u1ea1i c\u1ea3m gi\u00e1c sang tr\u1ecdng cho v\u0103n ph\u00f2ng, c\u00f4ng s\u1edf, tr\u01b0\u1eddng h\u1ecdc v\u1edbi m\u1ee9c \u0111\u1ea7u t\u01b0 kh\u00f4ng qu\u00e1 cao so v\u1edbi c\u00f9ng ph\u00e2n kh\u00fac v\u00e0 v\u1eadt li\u1ec7u kh\u00e1c","robots":{"index":"index","follow":"follow","max-snippet":"max-snippet:-1","max-image-preview":"max-image-preview:large","max-video-preview":"max-video-preview:-1"},"canonical":"https:\/\/thamtraisanvanphong.com.vn\/?product=thambeta05","og_locale":"vi_VN","og_type":"article","og_title":"Th\u1ea3m cu\u1ed9n Beta 05","og_description":"Th\u1ea3m cu\u1ed9n beta \u0111em l\u1ea1i c\u1ea3m gi\u00e1c sang tr\u1ecdng cho v\u0103n ph\u00f2ng, c\u00f4ng s\u1edf, tr\u01b0\u1eddng h\u1ecdc v\u1edbi m\u1ee9c \u0111\u1ea7u t\u01b0 kh\u00f4ng qu\u00e1 cao so v\u1edbi c\u00f9ng ph\u00e2n kh\u00fac v\u00e0 v\u1eadt li\u1ec7u kh\u00e1c","og_url":"https:\/\/thamtraisanvanphong.com.vn\/?product=thambeta05","og_site_name":"Thamtraisan","article_modified_time":"2026-04-11T18:22:54+00:00","og_image":[{"width":2560,"height":1706,"url":"https:\/\/thamtraisanvanphong.com.vn\/wp-content\/uploads\/2026\/04\/Tham-cuon-Beta05-pc-1.jpg","type":"image\/jpeg"}],"twitter_card":"summary_large_image","twitter_misc":{"\u01af\u1edbc t\u00ednh th\u1eddi gian \u0111\u1ecdc":"2 ph\u00fat"},"schema":{"@context":"https:\/\/schema.org","@graph":[{"@type":"WebPage","@id":"https:\/\/thamtraisanvanphong.com.vn\/?product=thambeta05","url":"https:\/\/thamtraisanvanphong.com.vn\/?product=thambeta05","name":"Th\u1ea3m cu\u1ed9n Beta 05 n\u1ed5i b\u1eadt trong ph\u00e2n kh\u00fac th\u1ea3m v\u0103n ph\u00f2ng","isPartOf":{"@id":"https:\/\/thamtraisanvanphong.com.vn\/#website"},"datePublished":"2026-04-11T18:10:39+00:00","dateModified":"2026-04-11T18:22:54+00:00","description":"Th\u1ea3m cu\u1ed9n beta \u0111em l\u1ea1i c\u1ea3m gi\u00e1c sang tr\u1ecdng cho v\u0103n ph\u00f2ng, c\u00f4ng s\u1edf, tr\u01b0\u1eddng h\u1ecdc v\u1edbi m\u1ee9c \u0111\u1ea7u t\u01b0 kh\u00f4ng qu\u00e1 cao so v\u1edbi c\u00f9ng ph\u00e2n kh\u00fac v\u00e0 v\u1eadt li\u1ec7u kh\u00e1c","breadcrumb":{"@id":"https:\/\/thamtraisanvanphong.com.vn\/?product=thambeta05#breadcrumb"},"inLanguage":"vi","potentialAction":[{"@type":"ReadAction","target":["https:\/\/thamtraisanvanphong.com.vn\/?product=thambeta05"]}]},{"@type":"BreadcrumbList","@id":"https:\/\/thamtraisanvanphong.com.vn\/?product=thambeta05#breadcrumb","itemListElement":[{"@type":"ListItem","position":1,"name":"Home","item":"https:\/\/thamtraisanvanphong.com.vn\/"},{"@type":"ListItem","position":2,"name":"C\u1eeda h\u00e0ng","item":"https:\/\/thamtraisanvanphong.com.vn\/?page_id=10"},{"@type":"ListItem","position":3,"name":"Th\u1ea3m cu\u1ed9n Beta 05"}]},{"@type":"WebSite","@id":"https:\/\/thamtraisanvanphong.com.vn\/#website","url":"https:\/\/thamtraisanvanphong.com.vn\/","name":"Thamtraisan","description":"Thamtraisangiare","potentialAction":[{"@type":"SearchAction","target":{"@type":"EntryPoint","urlTemplate":"https:\/\/thamtraisanvanphong.com.vn\/?s={search_term_string}"},"query-input":"required name=search_term_string"}],"inLanguage":"vi"}]}},"_links":{"self":[{"href":"https:\/\/thamtraisanvanphong.com.vn\/index.php?rest_route=\/wp\/v2\/product\/869","targetHints":{"allow":["GET"]}}],"collection":[{"href":"https:\/\/thamtraisanvanphong.com.vn\/index.php?rest_route=\/wp\/v2\/product"}],"about":[{"href":"https:\/\/thamtraisanvanphong.com.vn\/index.php?rest_route=\/wp\/v2\/types\/product"}],"replies":[{"embeddable":true,"href":"https:\/\/thamtraisanvanphong.com.vn\/index.php?rest_route=%2Fwp%2Fv2%2Fcomments&post=869"}],"wp:featuredmedia":[{"embeddable":true,"href":"https:\/\/thamtraisanvanphong.com.vn\/index.php?rest_route=\/wp\/v2\/media\/870"}],"wp:attachment":[{"href":"https:\/\/thamtraisanvanphong.com.vn\/index.php?rest_route=%2Fwp%2Fv2%2Fmedia&parent=869"}],"wp:term":[{"taxonomy":"product_cat","embeddable":true,"href":"https:\/\/thamtraisanvanphong.com.vn\/index.php?rest_route=%2Fwp%2Fv2%2Fproduct_cat&post=869"},{"taxonomy":"product_tag","embeddable":true,"href":"https:\/\/thamtraisanvanphong.com.vn\/index.php?rest_route=%2Fwp%2Fv2%2Fproduct_tag&post=869"}],"curies":[{"name":"wp","href":"https:\/\/api.w.org\/{rel}","templated":true}]}}