{"id":893,"date":"2026-04-17T15:10:47","date_gmt":"2026-04-17T08:10:47","guid":{"rendered":"https:\/\/thamtraisanvanphong.com.vn\/?post_type=product&#038;p=893"},"modified":"2026-04-17T15:23:28","modified_gmt":"2026-04-17T08:23:28","slug":"tham-trai-san-khach-san-ht-1000-02","status":"publish","type":"product","link":"https:\/\/thamtraisanvanphong.com.vn\/?product=tham-trai-san-khach-san-ht-1000-02","title":{"rendered":"Th\u1ea3m Tr\u1ea3i S\u00e0n Kh\u00e1ch S\u1ea1n HT-1000-02"},"content":{"rendered":"<p><span style=\"font-size: 100%;\">Trong thi\u1ebft k\u1ebf n\u1ed9i th\u1ea5t kh\u00e1ch s\u1ea1n cao c\u1ea5p, th\u1ea3m tr\u1ea3i s\u00e0n kh\u00f4ng ch\u1ec9 \u0111\u00f3ng vai tr\u00f2 l\u00e0 l\u1edbp l\u00f3t m\u1ec1m m\u00e0 c\u00f2n g\u00f3p ph\u1ea7n t\u1ea1o d\u1ea5u \u1ea5n th\u1ec3 hi\u1ec7n phong c\u00e1ch v\u00e0 gu th\u1ea9m m\u1ef9.\u00a0<strong>Th\u1ea3m tr\u1ea3i s\u00e0n kh\u00e1ch s\u1ea1n HT-1000-02<\/strong>\u00a0\u0111\u01b0\u1ee3c thi\u1ebft k\u1ebf nh\u01b0 m\u1ed9t b\u1ee9c tranh tr\u1eebu t\u01b0\u1ee3ng, v\u1edbi h\u1ecda ti\u1ebft v\u00f2ng xo\u00e1y \u0111\u1ed9c \u0111\u00e1o g\u1ee3i c\u1ea3m h\u1ee9ng t\u1eeb thi\u00ean nhi\u00ean, \u0111em l\u1ea1i s\u1ef1 tinh t\u1ebf v\u00e0 m\u1edbi l\u1ea1.<\/span><\/p>\n<h2><span style=\"font-size: 100%;\">Thi\u1ebft k\u1ebf \u1ea5n t\u01b0\u1ee3ng<\/span><\/h2>\n<p><span style=\"font-size: 100%;\">S\u1ef1 \u0111an xen gi\u1eefa gam xanh n\u01b0\u1edbc bi\u1ec3n, ghi trung t\u00ednh v\u00e0 nh\u1eefng \u0111\u01b0\u1eddng xo\u1eafn tr\u1eafng m\u1ecf g\u1ee3i c\u1ea3m gi\u00e1c chuy\u1ec3n \u0111\u1ed9ng tinh t\u1ebf nh\u01b0 nh\u1eefng l\u01b0\u1ed3ng n\u01b0\u1edbc hay \u0111\u01b0\u1eddng c\u1eaft tr\u00ean \u0111\u1ea5t, m\u1edf ra m\u1ed9t kh\u00f4ng gian v\u1eeba huy\u1ec1n \u1ea3o v\u1eeba hi\u1ec7n \u0111\u1ea1i. Hoa v\u0103n tr\u1eabu t\u01b0\u1ee3ng gi\u00fac HT-1000-02 linh ho\u1ea1t trong nhi\u1ec1u kh\u00f4ng gian: t\u1eeb s\u1ea3nh \u0111\u00f3n, ph\u00f2ng h\u1ecdp cho \u0111\u1ebfn ph\u00f2ng nghi\u1ec7p hay h\u00e0nh lang.<\/span><\/p>\n<figure id=\"attachment_1194\" class=\"wp-caption aligncenter\" aria-describedby=\"caption-attachment-1194\"><\/figure>\n<h2><span style=\"font-size: 100%;\">\u0110i\u1ec3m n\u1ed5i b\u1eadt v\u01b0\u1ee3t tr\u1ed9i<\/span><\/h2>\n<h3><span style=\"font-size: 100%;\">\u00a0\u0110\u1ed3ng nh\u1ea5t m\u1ed9t m\u00e0u<\/span><\/h3>\n<p><span style=\"font-size: 100%;\">Ki\u1ec3u d\u1ec7t Cut Pile k\u1ebft h\u1ee3p m\u1eadt \u0111\u1ed9 s\u1ee3i cao gi\u00fap b\u00e1m m\u1eb7t th\u1ea3m \u0111\u1ed3ng nh\u1ea5t, \u0111\u1eb7c bi\u1ec7t hi\u1ec7u qu\u1ea3 v\u1edbi kh\u00f4ng gian r\u1ed9ng c\u1ea7n s\u1ef1 li\u00ean k\u1ebf th\u1ea9m m\u1ef9.<\/span><\/p>\n<h3><span style=\"font-size: 100%;\">B\u1ec1n v\u1eefng v\u00e0 \u1ed5n \u0111\u1ecbnh<\/span><\/h3>\n<p><span style=\"font-size: 100%;\">Ch\u1ea5t li\u1ec7u Nylon 6 \u0111\u01b0\u1ee3c bi\u1ebft \u0111\u1ebfn v\u1edbi kh\u1ea3 n\u0103ng ch\u1ed1ng m\u00e0i m\u00f2n, kh\u00f4ng b\u1ecb x\u00f9 s\u1ee3i ho\u1eb7c b\u1ed1ng tr\u1ea7y sau th\u1eddi gian d\u00e0i s\u1eed d\u1ee5ng.<\/span><\/p>\n<h3><span style=\"font-size: 100%;\">\u00a0Hi\u1ec7u qu\u1ea3 ch\u1ed1ng \u1ed3n v\u00e0 th\u1ea9m \u00e2m<\/span><\/h3>\n<p><span style=\"font-size: 100%;\">V\u1edbi t\u1ed5ng chi\u1ec1u cao 9mm, th\u1ea3m gi\u00fap h\u1ea5p th\u1ee5 ti\u1ebfng \u1ed3n hi\u1ec7u qu\u1ea3, gi\u00fap c\u00e1ch \u00e2m gi\u1eefa c\u00e1c khu v\u1ef1c trong kh\u00e1ch s\u1ea1n.<\/span><\/p>\n<h3><span style=\"font-size: 100%;\">D\u1ec5 thi c\u00f4ng, b\u1ea3o tr\u00ec<\/span><\/h3>\n<p><span style=\"font-size: 100%;\">Lo\u1ea1i \u0111\u1ebf PP woven gi\u00fap th\u1ea3m b\u00e1m s\u00e0n ch\u1eafc ch\u1eafn, d\u1ec5 thi c\u00f4ng nhanh ch\u00f3ng, h\u1ea1n ch\u1ebf x\u00ea d\u1ecbch v\u00e0 r\u1ee7i s\u1ee3i trong qu\u00e1 tr\u00ecnh s\u1eed d\u1ee5ng.<\/span><\/p>\n<figure id=\"attachment_1195\" class=\"wp-caption aligncenter\" aria-describedby=\"caption-attachment-1195\"><figcaption id=\"caption-attachment-1195\" class=\"wp-caption-text\"><span style=\"font-size: 100%;\">Th\u1ea3m tr\u1ea3i s\u00e0n kh\u00e1ch s\u1ea1n HT-1000-02<\/span><\/figcaption><\/figure>\n<h2><span style=\"font-size: 100%;\">\u00a0\u1ee8ng d\u1ee5ng ph\u00f9 h\u1ee3p<\/span><\/h2>\n<ul data-spread=\"false\">\n<li><span style=\"font-size: 100%;\">Kh\u00f4ng gian s\u1ea3nh ch\u00ednh v\u00e0 ti\u1ebfp kh\u00e1ch cao c\u1ea5p<\/span><\/li>\n<li><span style=\"font-size: 100%;\">Ph\u00f2ng ti\u1ec7c, trung t\u00e2m h\u1ed9i ngh\u1ecb sang tr\u1ecdng<\/span><\/li>\n<li><span style=\"font-size: 100%;\">H\u00e0nh lang, l\u1ed1i \u0111i n\u1ed9i b\u1ed9 t\u1ea1i kh\u00e1ch s\u1ea1n, resort 5 sao<\/span><\/li>\n<\/ul>\n<h2><span style=\"font-size: 100%;\">K\u1ebft lu\u1eadn<\/span><\/h2>\n<p><span style=\"font-size: 100%;\"><strong>Th\u1ea3m tr\u1ea3i s\u00e0n kh\u00e1ch s\u1ea1n HT-1000-02<\/strong>\u00a0kh\u00f4ng ch\u1ec9 \u0111em \u0111\u1ebfn t\u00ednh th\u1ea9m m\u1ef9 m\u00e0 c\u00f2n gi\u00fap kh\u00f4ng gian kh\u00e1ch s\u1ea1n tr\u1edf n\u00ean s\u00e2u s\u1eafc v\u00e0 kh\u00e1c bi\u1ec7t. M\u1ecdi \u0111\u01b0\u1eddng v\u00f2ng, hoa v\u0103n v\u00e0 ch\u1ea5t li\u1ec7u \u0111\u1ec1u \u0111\u01b0\u1ee3c thi\u1ebft k\u1ebf \u0111\u1ec3 ph\u1ee5c v\u1ee5 cho nh\u1eefng kh\u00f4ng gian sang tr\u1ecdng nh\u1ea5t. \u0110\u00e2y l\u00e0 l\u1ef1a ch\u1ecdn kh\u00f4ng th\u1ec3 thi\u1ebfu \u0111\u1ed1i v\u1edbi nh\u1eefng d\u1ef1 \u00e1n kh\u00e1ch s\u1ea1n mong mu\u1ed1n kh\u1eb3ng \u0111\u1ecbnh \u0111\u1eb3ng c\u1ea5p v\u00e0 s\u1ef1 kh\u00e1c bi\u1ec7t trong l\u00f2ng kh\u00e1ch h\u00e0ng.<\/span><\/p>\n<p>&nbsp;<\/p>\n","protected":false},"excerpt":{"rendered":"<h2>Th\u00f4ng s\u1ed1 k\u1ef9 thu\u1eadt chi ti\u1ebft<\/h2>\n<ul data-spread=\"false\">\n<li><strong>Ch\u1ea5t li\u1ec7u s\u1ee3i:<\/strong>\u00a0100% S\u1ee3i Nylon 6 cao c\u1ea5p<\/li>\n<li><strong>Ki\u1ec3u d\u1ec7t:<\/strong>\u00a0Cut Pile \u0111\u1ed9 b\u1ec1n cao, \u0111\u1eb9p m\u1eb7t<\/li>\n<li><strong>M\u1eadt \u0111\u1ed9 s\u1ee3i:<\/strong>\u00a01000 gram\/m2<\/li>\n<li><strong>T\u1ed5ng chi\u1ec1u cao:<\/strong>\u00a09mm (\u00b1\u2212 5%)<\/li>\n<li><strong>Chi\u1ec1u cao s\u1ee3i:<\/strong>\u00a06mm (\u00b1\u2212 5%)<\/li>\n<li><strong>Kh\u1ed5 th\u1ea3m:<\/strong>\u00a03.66m ho\u1eb7c 4m<\/li>\n<li><strong>Lo\u1ea1i \u0111\u1ebf:<\/strong>\u00a0PP Woven \u0111\u1ed9 b\u00e1m t\u1ed1t, ch\u1ed1ng tr\u01a1n<\/li>\n<\/ul>\n","protected":false},"featured_media":896,"comment_status":"open","ping_status":"closed","template":"","meta":[],"product_cat":[150],"product_tag":[161,162,163,164,165,166,159,167,168,169,170],"class_list":{"0":"post-893","1":"product","2":"type-product","3":"status-publish","4":"has-post-thumbnail","6":"product_cat-tham-khach-san","7":"product_tag-tham-cuon-khach-san","8":"product_tag-tham-hoa-tiet-truu-tuong","9":"product_tag-tham-khach-san-cao-cap","10":"product_tag-tham-khach-san-hien-dai","11":"product_tag-tham-phong-hoi-nghi","12":"product_tag-tham-soi-nylon","13":"product_tag-tham-trai-san","14":"product_tag-tham-trai-san-hanh-lang-khach-san","15":"product_tag-tham-trai-san-khach-san","16":"product_tag-tham-trai-san-khach-san-nylon-10","17":"product_tag-tham-trai-san-phong-ngu-khach-san","19":"first","20":"instock","21":"sale","22":"shipping-taxable","23":"purchasable","24":"product-type-simple"},"yoast_head":"<!-- This site is optimized with the Yoast SEO Premium plugin v20.12 (Yoast SEO v20.12) - https:\/\/yoast.com\/wordpress\/plugins\/seo\/ -->\n<title>Th\u1ea3m Tr\u1ea3i S\u00e0n Kh\u00e1ch S\u1ea1n HT-1000-02 sang tr\u1ecdng v\u00e0 tinh t\u1ebf<\/title>\n<meta name=\"description\" content=\"Th\u1ea3m tr\u1ea3i s\u00e0n \u0111\u01b0\u1eddng d\u1eabn l\u00e0 s\u1ea3n ph\u1ea9m cao c\u1ea5p \u0111em l\u1ea1i c\u1ea3m gi\u00e1c sang tr\u1ecdng tinh t\u1ebf \u0111\u00e1p \u1ee9ng \u0111\u01b0\u1ee3c ti\u00eau ch\u00ed kh\u1eaft khe v\u1ec1 th\u1ea9m m\u1ef9, t\u00ednh an to\u00e0n th\u00e2n thi\u1ec7n\" \/>\n<meta name=\"robots\" content=\"index, follow, max-snippet:-1, max-image-preview:large, max-video-preview:-1\" \/>\n<link rel=\"canonical\" href=\"https:\/\/thamtraisanvanphong.com.vn\/?product=tham-trai-san-khach-san-ht-1000-02\" \/>\n<meta property=\"og:locale\" content=\"vi_VN\" \/>\n<meta property=\"og:type\" content=\"article\" \/>\n<meta property=\"og:title\" content=\"Th\u1ea3m Tr\u1ea3i S\u00e0n Kh\u00e1ch S\u1ea1n HT-1000-02\" \/>\n<meta property=\"og:description\" content=\"Th\u1ea3m tr\u1ea3i s\u00e0n \u0111\u01b0\u1eddng d\u1eabn l\u00e0 s\u1ea3n ph\u1ea9m cao c\u1ea5p \u0111em l\u1ea1i c\u1ea3m gi\u00e1c sang tr\u1ecdng tinh t\u1ebf \u0111\u00e1p \u1ee9ng \u0111\u01b0\u1ee3c ti\u00eau ch\u00ed kh\u1eaft khe v\u1ec1 th\u1ea9m m\u1ef9, t\u00ednh an to\u00e0n th\u00e2n thi\u1ec7n\" \/>\n<meta property=\"og:url\" content=\"https:\/\/thamtraisanvanphong.com.vn\/?product=tham-trai-san-khach-san-ht-1000-02\" \/>\n<meta property=\"og:site_name\" content=\"Thamtraisan\" \/>\n<meta property=\"article:modified_time\" content=\"2026-04-17T08:23:28+00:00\" \/>\n<meta property=\"og:image\" content=\"https:\/\/thamtraisanvanphong.com.vn\/wp-content\/uploads\/2026\/04\/Tham-khach-san-HT-1000-02.png\" \/>\n\t<meta property=\"og:image:width\" content=\"376\" \/>\n\t<meta property=\"og:image:height\" content=\"375\" \/>\n\t<meta property=\"og:image:type\" content=\"image\/png\" \/>\n<meta name=\"twitter:card\" content=\"summary_large_image\" \/>\n<meta name=\"twitter:label1\" content=\"\u01af\u1edbc t\u00ednh th\u1eddi gian \u0111\u1ecdc\" \/>\n\t<meta name=\"twitter:data1\" content=\"3 ph\u00fat\" \/>\n<script type=\"application\/ld+json\" class=\"yoast-schema-graph\">{\"@context\":\"https:\/\/schema.org\",\"@graph\":[{\"@type\":\"WebPage\",\"@id\":\"https:\/\/thamtraisanvanphong.com.vn\/?product=tham-trai-san-khach-san-ht-1000-02\",\"url\":\"https:\/\/thamtraisanvanphong.com.vn\/?product=tham-trai-san-khach-san-ht-1000-02\",\"name\":\"Th\u1ea3m Tr\u1ea3i S\u00e0n Kh\u00e1ch S\u1ea1n HT-1000-02 sang tr\u1ecdng v\u00e0 tinh t\u1ebf\",\"isPartOf\":{\"@id\":\"https:\/\/thamtraisanvanphong.com.vn\/#website\"},\"datePublished\":\"2026-04-17T08:10:47+00:00\",\"dateModified\":\"2026-04-17T08:23:28+00:00\",\"description\":\"Th\u1ea3m tr\u1ea3i s\u00e0n \u0111\u01b0\u1eddng d\u1eabn l\u00e0 s\u1ea3n ph\u1ea9m cao c\u1ea5p \u0111em l\u1ea1i c\u1ea3m gi\u00e1c sang tr\u1ecdng tinh t\u1ebf \u0111\u00e1p \u1ee9ng \u0111\u01b0\u1ee3c ti\u00eau ch\u00ed kh\u1eaft khe v\u1ec1 th\u1ea9m m\u1ef9, t\u00ednh an to\u00e0n th\u00e2n thi\u1ec7n\",\"breadcrumb\":{\"@id\":\"https:\/\/thamtraisanvanphong.com.vn\/?product=tham-trai-san-khach-san-ht-1000-02#breadcrumb\"},\"inLanguage\":\"vi\",\"potentialAction\":[{\"@type\":\"ReadAction\",\"target\":[\"https:\/\/thamtraisanvanphong.com.vn\/?product=tham-trai-san-khach-san-ht-1000-02\"]}]},{\"@type\":\"BreadcrumbList\",\"@id\":\"https:\/\/thamtraisanvanphong.com.vn\/?product=tham-trai-san-khach-san-ht-1000-02#breadcrumb\",\"itemListElement\":[{\"@type\":\"ListItem\",\"position\":1,\"name\":\"Home\",\"item\":\"https:\/\/thamtraisanvanphong.com.vn\/\"},{\"@type\":\"ListItem\",\"position\":2,\"name\":\"C\u1eeda h\u00e0ng\",\"item\":\"https:\/\/thamtraisanvanphong.com.vn\/?page_id=10\"},{\"@type\":\"ListItem\",\"position\":3,\"name\":\"Th\u1ea3m Tr\u1ea3i S\u00e0n Kh\u00e1ch S\u1ea1n HT-1000-02\"}]},{\"@type\":\"WebSite\",\"@id\":\"https:\/\/thamtraisanvanphong.com.vn\/#website\",\"url\":\"https:\/\/thamtraisanvanphong.com.vn\/\",\"name\":\"Thamtraisan\",\"description\":\"Thamtraisangiare\",\"potentialAction\":[{\"@type\":\"SearchAction\",\"target\":{\"@type\":\"EntryPoint\",\"urlTemplate\":\"https:\/\/thamtraisanvanphong.com.vn\/?s={search_term_string}\"},\"query-input\":\"required name=search_term_string\"}],\"inLanguage\":\"vi\"}]}<\/script>\n<!-- \/ Yoast SEO Premium plugin. -->","yoast_head_json":{"title":"Th\u1ea3m Tr\u1ea3i S\u00e0n Kh\u00e1ch S\u1ea1n HT-1000-02 sang tr\u1ecdng v\u00e0 tinh t\u1ebf","description":"Th\u1ea3m tr\u1ea3i s\u00e0n \u0111\u01b0\u1eddng d\u1eabn l\u00e0 s\u1ea3n ph\u1ea9m cao c\u1ea5p \u0111em l\u1ea1i c\u1ea3m gi\u00e1c sang tr\u1ecdng tinh t\u1ebf \u0111\u00e1p \u1ee9ng \u0111\u01b0\u1ee3c ti\u00eau ch\u00ed kh\u1eaft khe v\u1ec1 th\u1ea9m m\u1ef9, t\u00ednh an to\u00e0n th\u00e2n thi\u1ec7n","robots":{"index":"index","follow":"follow","max-snippet":"max-snippet:-1","max-image-preview":"max-image-preview:large","max-video-preview":"max-video-preview:-1"},"canonical":"https:\/\/thamtraisanvanphong.com.vn\/?product=tham-trai-san-khach-san-ht-1000-02","og_locale":"vi_VN","og_type":"article","og_title":"Th\u1ea3m Tr\u1ea3i S\u00e0n Kh\u00e1ch S\u1ea1n HT-1000-02","og_description":"Th\u1ea3m tr\u1ea3i s\u00e0n \u0111\u01b0\u1eddng d\u1eabn l\u00e0 s\u1ea3n ph\u1ea9m cao c\u1ea5p \u0111em l\u1ea1i c\u1ea3m gi\u00e1c sang tr\u1ecdng tinh t\u1ebf \u0111\u00e1p \u1ee9ng \u0111\u01b0\u1ee3c ti\u00eau ch\u00ed kh\u1eaft khe v\u1ec1 th\u1ea9m m\u1ef9, t\u00ednh an to\u00e0n th\u00e2n thi\u1ec7n","og_url":"https:\/\/thamtraisanvanphong.com.vn\/?product=tham-trai-san-khach-san-ht-1000-02","og_site_name":"Thamtraisan","article_modified_time":"2026-04-17T08:23:28+00:00","og_image":[{"width":376,"height":375,"url":"https:\/\/thamtraisanvanphong.com.vn\/wp-content\/uploads\/2026\/04\/Tham-khach-san-HT-1000-02.png","type":"image\/png"}],"twitter_card":"summary_large_image","twitter_misc":{"\u01af\u1edbc t\u00ednh th\u1eddi gian \u0111\u1ecdc":"3 ph\u00fat"},"schema":{"@context":"https:\/\/schema.org","@graph":[{"@type":"WebPage","@id":"https:\/\/thamtraisanvanphong.com.vn\/?product=tham-trai-san-khach-san-ht-1000-02","url":"https:\/\/thamtraisanvanphong.com.vn\/?product=tham-trai-san-khach-san-ht-1000-02","name":"Th\u1ea3m Tr\u1ea3i S\u00e0n Kh\u00e1ch S\u1ea1n HT-1000-02 sang tr\u1ecdng v\u00e0 tinh t\u1ebf","isPartOf":{"@id":"https:\/\/thamtraisanvanphong.com.vn\/#website"},"datePublished":"2026-04-17T08:10:47+00:00","dateModified":"2026-04-17T08:23:28+00:00","description":"Th\u1ea3m tr\u1ea3i s\u00e0n \u0111\u01b0\u1eddng d\u1eabn l\u00e0 s\u1ea3n ph\u1ea9m cao c\u1ea5p \u0111em l\u1ea1i c\u1ea3m gi\u00e1c sang tr\u1ecdng tinh t\u1ebf \u0111\u00e1p \u1ee9ng \u0111\u01b0\u1ee3c ti\u00eau ch\u00ed kh\u1eaft khe v\u1ec1 th\u1ea9m m\u1ef9, t\u00ednh an to\u00e0n th\u00e2n thi\u1ec7n","breadcrumb":{"@id":"https:\/\/thamtraisanvanphong.com.vn\/?product=tham-trai-san-khach-san-ht-1000-02#breadcrumb"},"inLanguage":"vi","potentialAction":[{"@type":"ReadAction","target":["https:\/\/thamtraisanvanphong.com.vn\/?product=tham-trai-san-khach-san-ht-1000-02"]}]},{"@type":"BreadcrumbList","@id":"https:\/\/thamtraisanvanphong.com.vn\/?product=tham-trai-san-khach-san-ht-1000-02#breadcrumb","itemListElement":[{"@type":"ListItem","position":1,"name":"Home","item":"https:\/\/thamtraisanvanphong.com.vn\/"},{"@type":"ListItem","position":2,"name":"C\u1eeda h\u00e0ng","item":"https:\/\/thamtraisanvanphong.com.vn\/?page_id=10"},{"@type":"ListItem","position":3,"name":"Th\u1ea3m Tr\u1ea3i S\u00e0n Kh\u00e1ch S\u1ea1n HT-1000-02"}]},{"@type":"WebSite","@id":"https:\/\/thamtraisanvanphong.com.vn\/#website","url":"https:\/\/thamtraisanvanphong.com.vn\/","name":"Thamtraisan","description":"Thamtraisangiare","potentialAction":[{"@type":"SearchAction","target":{"@type":"EntryPoint","urlTemplate":"https:\/\/thamtraisanvanphong.com.vn\/?s={search_term_string}"},"query-input":"required name=search_term_string"}],"inLanguage":"vi"}]}},"_links":{"self":[{"href":"https:\/\/thamtraisanvanphong.com.vn\/index.php?rest_route=\/wp\/v2\/product\/893","targetHints":{"allow":["GET"]}}],"collection":[{"href":"https:\/\/thamtraisanvanphong.com.vn\/index.php?rest_route=\/wp\/v2\/product"}],"about":[{"href":"https:\/\/thamtraisanvanphong.com.vn\/index.php?rest_route=\/wp\/v2\/types\/product"}],"replies":[{"embeddable":true,"href":"https:\/\/thamtraisanvanphong.com.vn\/index.php?rest_route=%2Fwp%2Fv2%2Fcomments&post=893"}],"wp:featuredmedia":[{"embeddable":true,"href":"https:\/\/thamtraisanvanphong.com.vn\/index.php?rest_route=\/wp\/v2\/media\/896"}],"wp:attachment":[{"href":"https:\/\/thamtraisanvanphong.com.vn\/index.php?rest_route=%2Fwp%2Fv2%2Fmedia&parent=893"}],"wp:term":[{"taxonomy":"product_cat","embeddable":true,"href":"https:\/\/thamtraisanvanphong.com.vn\/index.php?rest_route=%2Fwp%2Fv2%2Fproduct_cat&post=893"},{"taxonomy":"product_tag","embeddable":true,"href":"https:\/\/thamtraisanvanphong.com.vn\/index.php?rest_route=%2Fwp%2Fv2%2Fproduct_tag&post=893"}],"curies":[{"name":"wp","href":"https:\/\/api.w.org\/{rel}","templated":true}]}}