{"id":900,"date":"2026-04-17T15:28:40","date_gmt":"2026-04-17T08:28:40","guid":{"rendered":"https:\/\/thamtraisanvanphong.com.vn\/?post_type=product&#038;p=900"},"modified":"2026-04-17T15:37:45","modified_gmt":"2026-04-17T08:37:45","slug":"tham-trai-san-khach-san-ht-1000-01","status":"publish","type":"product","link":"https:\/\/thamtraisanvanphong.com.vn\/?product=tham-trai-san-khach-san-ht-1000-01","title":{"rendered":"Th\u1ea3m tr\u1ea3i s\u00e0n kh\u00e1ch s\u1ea1n HT-1000-01"},"content":{"rendered":"<h3 data-start=\"896\" data-end=\"977\">Th\u1ea3m Tr\u1ea3i S\u00e0n Kh\u00e1ch S\u1ea1n HT-1000-01 \u2013 V\u1ebb \u0110\u1eb9p Sang Tr\u1ecdng Tr\u01b0\u1eddng T\u1ed3n V\u1edbi Th\u1eddi Gian<\/h3>\n<p data-start=\"979\" data-end=\"1332\">Trong thi\u1ebft k\u1ebf n\u1ed9i th\u1ea5t kh\u00e1ch s\u1ea1n, m\u1ed9t y\u1ebfu t\u1ed1 v\u1eeba mang t\u00ednh th\u1ea9m m\u1ef9 v\u1eeba g\u00f3p ph\u1ea7n n\u00e2ng cao tr\u1ea3i nghi\u1ec7m l\u01b0u tr\u00fa ch\u00ednh l\u00e0\u00a0<strong data-start=\"1098\" data-end=\"1115\">th\u1ea3m tr\u1ea3i s\u00e0n<\/strong>. M\u1eabu\u00a0<strong data-start=\"1121\" data-end=\"1157\">th\u1ea3m tr\u1ea3i s\u00e0n kh\u00e1ch s\u1ea1n HT-1000-01<\/strong>\u00a0l\u00e0 s\u1ef1 k\u1ebft h\u1ee3p ho\u00e0n h\u1ea3o gi\u1eefa ngh\u1ec7 thu\u1eadt c\u1ed5 \u0111i\u1ec3n v\u00e0 c\u00f4ng ngh\u1ec7 d\u1ec7t hi\u1ec7n \u0111\u1ea1i, \u0111em \u0111\u1ebfn m\u1ed9t gi\u1ea3i ph\u00e1p l\u00fd t\u01b0\u1edfng cho nh\u1eefng kh\u00f4ng gian y\u00eau c\u1ea7u s\u1ef1\u00a0<strong data-start=\"1295\" data-end=\"1331\">sang tr\u1ecdng, b\u1ec1n b\u1ec9 v\u00e0 phong c\u00e1ch<\/strong>.<\/p>\n<h3 data-start=\"1339\" data-end=\"1385\">H\u1ecda Ti\u1ebft C\u1ed5 \u0110i\u1ec3n \u2013 \u0110\u1eb3ng C\u1ea5p V\u01b0\u1ee3t Th\u1eddi Gian<\/h3>\n<p data-start=\"1387\" data-end=\"1766\">\u1ea4n t\u01b0\u1ee3ng \u0111\u1ea7u ti\u00ean khi nh\u00ecn v\u00e0o\u00a0<strong data-start=\"1418\" data-end=\"1435\">th\u1ea3m HT-1000-01<\/strong>\u00a0ch\u00ednh l\u00e0\u00a0<strong data-start=\"1445\" data-end=\"1481\">h\u1ecda ti\u1ebft hoa v\u0103n \u0111\u1ed1i x\u1ee9ng c\u1ea7u k\u1ef3<\/strong>\u00a0tr\u00ean n\u1ec1n m\u00e0u xanh d\u01b0\u01a1ng ho\u00e0ng gia. Nh\u1eefng \u0111\u01b0\u1eddng cong uy\u1ec3n chuy\u1ec3n, k\u1ebft h\u1ee3p c\u00f9ng hoa v\u0103n h\u00ecnh l\u00e1 m\u1ec1m m\u1ea1i, mang \u0111\u1eadm d\u1ea5u \u1ea5n c\u1ee7a ki\u1ebfn tr\u00fac c\u1ed5 \u0111i\u1ec3n ph\u01b0\u01a1ng T\u00e2y. Gam m\u00e0u ch\u1ee7 \u0111\u1ea1o g\u1ed3m\u00a0<strong data-start=\"1655\" data-end=\"1690\">xanh navy, v\u00e0ng \u0111\u1ed3ng v\u00e0 be s\u00e1ng<\/strong>\u00a0v\u1eeba th\u1ec3 hi\u1ec7n n\u00e9t cao c\u1ea5p, v\u1eeba t\u1ea1o c\u1ea3m gi\u00e1c g\u1ea7n g\u0169i v\u00e0 \u1ea5m \u00e1p cho kh\u00f4ng gian.<\/p>\n<p data-start=\"1768\" data-end=\"1987\">H\u1ecda ti\u1ebft c\u1ee7a m\u1eabu th\u1ea3m n\u00e0y kh\u00f4ng ch\u1ec9 \u0111\u1ec3 trang tr\u00ed, m\u00e0 c\u00f2n l\u00e0 m\u1ed9t ph\u1ea7n c\u1ee7a\u00a0<strong data-start=\"1841\" data-end=\"1868\">tr\u1ea3i nghi\u1ec7m th\u01b0\u01a1ng hi\u1ec7u<\/strong> trong m\u1eaft du kh\u00e1ch. M\u1ed7i b\u01b0\u1edbc ch\u00e2n tr\u00ean th\u1ea3m l\u00e0 m\u1ed9t ph\u1ea7n trong h\u00e0nh tr\u00ecnh kh\u00e1m ph\u00e1 kh\u00f4ng gian sang tr\u1ecdng c\u1ee7a kh\u00e1ch s\u1ea1n.<\/p>\n<h3 data-start=\"2721\" data-end=\"2758\">\u01afu \u0110i\u1ec3m N\u1ed5i B\u1eadt C\u1ee7a Th\u1ea3m HT-1000-01<\/h3>\n<h4 data-start=\"2760\" data-end=\"2794\"><img decoding=\"async\" class=\"emoji\" role=\"img\" draggable=\"false\" src=\"https:\/\/s.w.org\/images\/core\/emoji\/17.0.2\/svg\/2705.svg\" alt=\"\u2705\" \/>\u00a0B\u1ec1n b\u1ec9 \u2013 ch\u1ed1ng m\u00e0i m\u00f2n cao:<\/h4>\n<p data-start=\"2795\" data-end=\"2981\">V\u1edbi m\u1eadt \u0111\u1ed9 s\u1ee3i l\u00ean t\u1edbi 1000 gram\/m\u00b2 c\u00f9ng ch\u1ea5t li\u1ec7u\u00a0<strong data-start=\"2846\" data-end=\"2857\">Nylon 6<\/strong>, s\u1ea3n ph\u1ea9m c\u00f3 kh\u1ea3 n\u0103ng ch\u1ed1ng ch\u00e0 x\u00e1t, th\u00edch h\u1ee3p v\u1edbi c\u00e1c khu v\u1ef1c c\u00f3 m\u1eadt \u0111\u1ed9 l\u01b0u th\u00f4ng cao nh\u01b0\u00a0<strong data-start=\"2949\" data-end=\"2980\">s\u1ea3nh, h\u00e0nh lang, ph\u00f2ng ti\u1ec7c<\/strong>.<\/p>\n<h4 data-start=\"2983\" data-end=\"3027\"><img decoding=\"async\" class=\"emoji\" role=\"img\" draggable=\"false\" src=\"https:\/\/s.w.org\/images\/core\/emoji\/17.0.2\/svg\/2705.svg\" alt=\"\u2705\" \/>\u00a0Ch\u1ed1ng tr\u01a1n tr\u01b0\u1ee3t \u2013 an to\u00e0n tuy\u1ec7t \u0111\u1ed1i:<\/h4>\n<p data-start=\"3028\" data-end=\"3208\">L\u1edbp \u0111\u1ebf\u00a0<strong data-start=\"3035\" data-end=\"3047\">PP Woven<\/strong>\u00a0kh\u00f4ng ch\u1ec9 gi\u00fap th\u1ea3m b\u00e1m ch\u1eafc xu\u1ed1ng b\u1ec1 m\u1eb7t s\u00e0n m\u00e0 c\u00f2n \u0111\u1ea3m b\u1ea3o an to\u00e0n cho ng\u01b0\u1eddi s\u1eed d\u1ee5ng, \u0111\u1eb7c bi\u1ec7t t\u1ea1i c\u00e1c khu v\u1ef1c \u0111\u00f4ng ng\u01b0\u1eddi ho\u1eb7c c\u00f3 kh\u1ea3 n\u0103ng ti\u1ebfp x\u00fac v\u1edbi \u0111\u1ed9 \u1ea9m.<\/p>\n<h4 data-start=\"3210\" data-end=\"3244\"><img decoding=\"async\" class=\"emoji\" role=\"img\" draggable=\"false\" src=\"https:\/\/s.w.org\/images\/core\/emoji\/17.0.2\/svg\/2705.svg\" alt=\"\u2705\" \/>\u00a0D\u1ec5 v\u1ec7 sinh \u2013 ch\u1ed1ng b\u00e1m b\u1ea9n:<\/h4>\n<p data-start=\"3245\" data-end=\"3376\">B\u1ec1 m\u1eb7t s\u1ee3i nylon gi\u00fap ng\u0103n ch\u1eb7n b\u1ee5i b\u1ea9n v\u00e0 v\u1ebft b\u1ea9n th\u1ea5m s\u00e2u, \u0111\u1ed3ng th\u1eddi r\u1ea5t d\u1ec5 v\u1ec7 sinh \u0111\u1ecbnh k\u1ef3, g\u00f3p ph\u1ea7n ti\u1ebft ki\u1ec7m chi ph\u00ed v\u1eadn h\u00e0nh.<\/p>\n<h4 data-start=\"3378\" data-end=\"3417\"><img decoding=\"async\" class=\"emoji\" role=\"img\" draggable=\"false\" src=\"https:\/\/s.w.org\/images\/core\/emoji\/17.0.2\/svg\/2705.svg\" alt=\"\u2705\" \/>\u00a0H\u00fat \u00e2m \u2013 gi\u1ea3m ti\u1ebfng \u1ed3n hi\u1ec7u qu\u1ea3:<\/h4>\n<p data-start=\"3418\" data-end=\"3551\">Ki\u1ec3u d\u1ec7t Cut Pile gi\u00fap h\u1ea5p th\u1ee5 \u00e2m thanh, mang l\u1ea1i kh\u00f4ng gian y\u00ean t\u0129nh, l\u00fd t\u01b0\u1edfng cho\u00a0<strong data-start=\"3502\" data-end=\"3550\">ph\u00f2ng h\u1ecdp, ph\u00f2ng h\u1ed9i th\u1ea3o, ph\u00f2ng ng\u1ee7 cao c\u1ea5p<\/strong>.<\/p>\n<figure id=\"attachment_1189\" class=\"wp-caption aligncenter\" aria-describedby=\"caption-attachment-1189\"><figcaption id=\"caption-attachment-1189\" class=\"wp-caption-text\">Th\u1ea3m Tr\u1ea3i S\u00e0n Kh\u00e1ch S\u1ea1n HT-1000-01<\/figcaption><\/figure>\n<h3 data-start=\"3558\" data-end=\"3611\">\u1ee8ng D\u1ee5ng Linh Ho\u1ea1t Trong C\u00e1c Kh\u00f4ng Gian Kh\u00e1ch S\u1ea1n<\/h3>\n<p data-start=\"3613\" data-end=\"3656\">Th\u1ea3m HT-1000-01 \u0111\u01b0\u1ee3c thi\u1ebft k\u1ebf d\u00e0nh ri\u00eang cho:<\/p>\n<ul data-start=\"3657\" data-end=\"3806\">\n<li data-start=\"3657\" data-end=\"3689\">\n<p data-start=\"3659\" data-end=\"3689\"><strong data-start=\"3659\" data-end=\"3689\">S\u1ea3nh ch\u1edd kh\u00e1ch s\u1ea1n 4\u20135 sao<\/strong><\/p>\n<\/li>\n<li data-start=\"3690\" data-end=\"3718\">\n<p data-start=\"3692\" data-end=\"3718\"><strong data-start=\"3692\" data-end=\"3718\">H\u00e0nh lang t\u1ea7ng cao c\u1ea5p<\/strong><\/p>\n<\/li>\n<li data-start=\"3719\" data-end=\"3767\">\n<p data-start=\"3721\" data-end=\"3767\"><strong data-start=\"3721\" data-end=\"3767\">Ph\u00f2ng h\u1ed9i ngh\u1ecb &amp; trung t\u00e2m t\u1ed5 ch\u1ee9c s\u1ef1 ki\u1ec7n<\/strong><\/p>\n<\/li>\n<li data-start=\"3768\" data-end=\"3806\">\n<p data-start=\"3770\" data-end=\"3806\"><strong data-start=\"3770\" data-end=\"3806\">Ph\u00f2ng kh\u00e1ch, ph\u00f2ng h\u1ecdp \u0111i\u1ec1u h\u00e0nh<\/strong><\/p>\n<\/li>\n<\/ul>\n<p data-start=\"3808\" data-end=\"3923\">V\u1edbi h\u1ecda ti\u1ebft \u0111\u1ed1i x\u1ee9ng, s\u1ea3n ph\u1ea9m ph\u00f9 h\u1ee3p c\u1ea3 khi tr\u1ea3i d\u1ea1ng nguy\u00ean t\u1ea5m ho\u1eb7c \u0111\u01b0\u1ee3c c\u1eaft v\u00e0 ph\u1ed1i h\u1ee3p theo b\u1ed1 c\u1ee5c n\u1ed9i th\u1ea5t.<\/p>\n<figure id=\"attachment_1190\" class=\"wp-caption aligncenter\" aria-describedby=\"caption-attachment-1190\"><\/figure>\n","protected":false},"excerpt":{"rendered":"<h2 data-start=\"4031\" data-end=\"4063\">Th\u00f4ng s\u1ed1 k\u1ef9 thu\u1eadt chi ti\u1ebft<\/h2>\n<div class=\"_tableContainer_16hzy_1\">\n<div class=\"_tableWrapper_16hzy_14 group flex w-fit flex-col-reverse\" tabindex=\"-1\">\n<table class=\"w-fit min-w-(--thread-content-width)\" data-start=\"4065\" data-end=\"4694\">\n<thead data-start=\"4065\" data-end=\"4134\">\n<tr data-start=\"4065\" data-end=\"4134\">\n<th data-start=\"4065\" data-end=\"4089\" data-col-size=\"sm\">Th\u00f4ng s\u1ed1<\/th>\n<th data-start=\"4089\" data-end=\"4134\" data-col-size=\"sm\">Chi ti\u1ebft<\/th>\n<\/tr>\n<\/thead>\n<tbody data-start=\"4205\" data-end=\"4694\">\n<tr data-start=\"4205\" data-end=\"4274\">\n<td data-start=\"4205\" data-end=\"4229\" data-col-size=\"sm\">Ch\u1ea5t li\u1ec7u s\u1ee3i<\/td>\n<td data-start=\"4229\" data-end=\"4274\" data-col-size=\"sm\">100% S\u1ee3i Nylon 6<\/td>\n<\/tr>\n<tr data-start=\"4275\" data-end=\"4344\">\n<td data-start=\"4275\" data-end=\"4299\" data-col-size=\"sm\">Ki\u1ec3u d\u1ec7t<\/td>\n<td data-start=\"4299\" data-end=\"4344\" data-col-size=\"sm\">Cut Pile<\/td>\n<\/tr>\n<tr data-start=\"4345\" data-end=\"4414\">\n<td data-start=\"4345\" data-end=\"4369\" data-col-size=\"sm\">M\u1eadt \u0111\u1ed9 s\u1ee3i<\/td>\n<td data-start=\"4369\" data-end=\"4414\" data-col-size=\"sm\">1000 gram\/m\u00b2<\/td>\n<\/tr>\n<tr data-start=\"4415\" data-end=\"4484\">\n<td data-start=\"4415\" data-end=\"4439\" data-col-size=\"sm\">T\u1ed5ng chi\u1ec1u cao<\/td>\n<td data-start=\"4439\" data-end=\"4484\" data-col-size=\"sm\">9mm (\u00b15%)<\/td>\n<\/tr>\n<tr data-start=\"4485\" data-end=\"4554\">\n<td data-start=\"4485\" data-end=\"4509\" data-col-size=\"sm\">Chi\u1ec1u cao s\u1ee3i<\/td>\n<td data-start=\"4509\" data-end=\"4554\" data-col-size=\"sm\">6mm (\u00b15%)<\/td>\n<\/tr>\n<tr data-start=\"4555\" data-end=\"4624\">\n<td data-start=\"4555\" data-end=\"4579\" data-col-size=\"sm\">Kh\u1ed5 th\u1ea3m<\/td>\n<td data-start=\"4579\" data-end=\"4624\" data-col-size=\"sm\">3.66m ho\u1eb7c 4.00m<\/td>\n<\/tr>\n<tr data-start=\"4625\" data-end=\"4694\">\n<td data-start=\"4625\" data-end=\"4649\" data-col-size=\"sm\">Lo\u1ea1i \u0111\u1ebf<\/td>\n<td data-start=\"4649\" data-end=\"4694\" data-col-size=\"sm\">PP Woven \u2013 Ch\u1ed1ng tr\u01b0\u1ee3t, d\u1ec5 thi c\u00f4ng<\/td>\n<\/tr>\n<\/tbody>\n<\/table>\n<div class=\"sticky end-(--thread-content-margin) h-0 self-end select-none\">\n<div class=\"absolute end-0 flex items-end\"><\/div>\n<\/div>\n<\/div>\n<\/div>\n","protected":false},"featured_media":904,"comment_status":"open","ping_status":"closed","template":"","meta":[],"product_cat":[150],"product_tag":[151,152,153,154,155,156,157,158,159,160],"class_list":{"0":"post-900","1":"product","2":"type-product","3":"status-publish","4":"has-post-thumbnail","6":"product_cat-tham-khach-san","7":"product_tag-noi-that-khach-san","8":"product_tag-tham-cut-pile","9":"product_tag-tham-duong-dan","10":"product_tag-tham-hanh-lang","11":"product_tag-tham-hoa-lam","12":"product_tag-tham-khach-san","13":"product_tag-tham-mau-be","14":"product_tag-tham-nylon-6","15":"product_tag-tham-trai-san","16":"product_tag-vinecom","18":"first","19":"instock","20":"sale","21":"shipping-taxable","22":"purchasable","23":"product-type-simple"},"yoast_head":"<!-- This site is optimized with the Yoast SEO Premium plugin v20.12 (Yoast SEO v20.12) - https:\/\/yoast.com\/wordpress\/plugins\/seo\/ -->\n<title>Th\u1ea3m tr\u1ea3i s\u00e0n kh\u00e1ch s\u1ea1n HT-1000-01 sang tr\u1ecdng v\u00e0 tinh t\u1ebf<\/title>\n<meta name=\"description\" content=\"Th\u1ea3m tr\u1ea3i s\u00e0n \u0111\u01b0\u1eddng d\u1eabn l\u00e0 s\u1ea3n ph\u1ea9m cao c\u1ea5p \u0111em l\u1ea1i c\u1ea3m gi\u00e1c sang tr\u1ecdng tinh t\u1ebf \u0111\u00e1p \u1ee9ng \u0111\u01b0\u1ee3c ti\u00eau ch\u00ed kh\u1eaft khe v\u1ec1 th\u1ea9m m\u1ef9, t\u00ednh an to\u00e0n th\u00e2n thi\u1ec7n\" \/>\n<meta name=\"robots\" content=\"index, follow, max-snippet:-1, max-image-preview:large, max-video-preview:-1\" \/>\n<link rel=\"canonical\" href=\"https:\/\/thamtraisanvanphong.com.vn\/?product=tham-trai-san-khach-san-ht-1000-01\" \/>\n<meta property=\"og:locale\" content=\"vi_VN\" \/>\n<meta property=\"og:type\" content=\"article\" \/>\n<meta property=\"og:title\" content=\"Th\u1ea3m tr\u1ea3i s\u00e0n kh\u00e1ch s\u1ea1n HT-1000-01\" \/>\n<meta property=\"og:description\" content=\"Th\u1ea3m tr\u1ea3i s\u00e0n \u0111\u01b0\u1eddng d\u1eabn l\u00e0 s\u1ea3n ph\u1ea9m cao c\u1ea5p \u0111em l\u1ea1i c\u1ea3m gi\u00e1c sang tr\u1ecdng tinh t\u1ebf \u0111\u00e1p \u1ee9ng \u0111\u01b0\u1ee3c ti\u00eau ch\u00ed kh\u1eaft khe v\u1ec1 th\u1ea9m m\u1ef9, t\u00ednh an to\u00e0n th\u00e2n thi\u1ec7n\" \/>\n<meta property=\"og:url\" content=\"https:\/\/thamtraisanvanphong.com.vn\/?product=tham-trai-san-khach-san-ht-1000-01\" \/>\n<meta property=\"og:site_name\" content=\"Thamtraisan\" \/>\n<meta property=\"article:modified_time\" content=\"2026-04-17T08:37:45+00:00\" \/>\n<meta property=\"og:image\" content=\"https:\/\/thamtraisanvanphong.com.vn\/wp-content\/uploads\/2026\/04\/Tham-khach-san-HT-1000-01-1.png\" \/>\n\t<meta property=\"og:image:width\" content=\"397\" \/>\n\t<meta property=\"og:image:height\" content=\"399\" \/>\n\t<meta property=\"og:image:type\" content=\"image\/png\" \/>\n<meta name=\"twitter:card\" content=\"summary_large_image\" \/>\n<meta name=\"twitter:label1\" content=\"\u01af\u1edbc t\u00ednh th\u1eddi gian \u0111\u1ecdc\" \/>\n\t<meta name=\"twitter:data1\" content=\"4 ph\u00fat\" \/>\n<script type=\"application\/ld+json\" class=\"yoast-schema-graph\">{\"@context\":\"https:\/\/schema.org\",\"@graph\":[{\"@type\":\"WebPage\",\"@id\":\"https:\/\/thamtraisanvanphong.com.vn\/?product=tham-trai-san-khach-san-ht-1000-01\",\"url\":\"https:\/\/thamtraisanvanphong.com.vn\/?product=tham-trai-san-khach-san-ht-1000-01\",\"name\":\"Th\u1ea3m tr\u1ea3i s\u00e0n kh\u00e1ch s\u1ea1n HT-1000-01 sang tr\u1ecdng v\u00e0 tinh t\u1ebf\",\"isPartOf\":{\"@id\":\"https:\/\/thamtraisanvanphong.com.vn\/#website\"},\"datePublished\":\"2026-04-17T08:28:40+00:00\",\"dateModified\":\"2026-04-17T08:37:45+00:00\",\"description\":\"Th\u1ea3m tr\u1ea3i s\u00e0n \u0111\u01b0\u1eddng d\u1eabn l\u00e0 s\u1ea3n ph\u1ea9m cao c\u1ea5p \u0111em l\u1ea1i c\u1ea3m gi\u00e1c sang tr\u1ecdng tinh t\u1ebf \u0111\u00e1p \u1ee9ng \u0111\u01b0\u1ee3c ti\u00eau ch\u00ed kh\u1eaft khe v\u1ec1 th\u1ea9m m\u1ef9, t\u00ednh an to\u00e0n th\u00e2n thi\u1ec7n\",\"breadcrumb\":{\"@id\":\"https:\/\/thamtraisanvanphong.com.vn\/?product=tham-trai-san-khach-san-ht-1000-01#breadcrumb\"},\"inLanguage\":\"vi\",\"potentialAction\":[{\"@type\":\"ReadAction\",\"target\":[\"https:\/\/thamtraisanvanphong.com.vn\/?product=tham-trai-san-khach-san-ht-1000-01\"]}]},{\"@type\":\"BreadcrumbList\",\"@id\":\"https:\/\/thamtraisanvanphong.com.vn\/?product=tham-trai-san-khach-san-ht-1000-01#breadcrumb\",\"itemListElement\":[{\"@type\":\"ListItem\",\"position\":1,\"name\":\"Home\",\"item\":\"https:\/\/thamtraisanvanphong.com.vn\/\"},{\"@type\":\"ListItem\",\"position\":2,\"name\":\"C\u1eeda h\u00e0ng\",\"item\":\"https:\/\/thamtraisanvanphong.com.vn\/?page_id=10\"},{\"@type\":\"ListItem\",\"position\":3,\"name\":\"Th\u1ea3m tr\u1ea3i s\u00e0n kh\u00e1ch s\u1ea1n HT-1000-01\"}]},{\"@type\":\"WebSite\",\"@id\":\"https:\/\/thamtraisanvanphong.com.vn\/#website\",\"url\":\"https:\/\/thamtraisanvanphong.com.vn\/\",\"name\":\"Thamtraisan\",\"description\":\"Thamtraisangiare\",\"potentialAction\":[{\"@type\":\"SearchAction\",\"target\":{\"@type\":\"EntryPoint\",\"urlTemplate\":\"https:\/\/thamtraisanvanphong.com.vn\/?s={search_term_string}\"},\"query-input\":\"required name=search_term_string\"}],\"inLanguage\":\"vi\"}]}<\/script>\n<!-- \/ Yoast SEO Premium plugin. -->","yoast_head_json":{"title":"Th\u1ea3m tr\u1ea3i s\u00e0n kh\u00e1ch s\u1ea1n HT-1000-01 sang tr\u1ecdng v\u00e0 tinh t\u1ebf","description":"Th\u1ea3m tr\u1ea3i s\u00e0n \u0111\u01b0\u1eddng d\u1eabn l\u00e0 s\u1ea3n ph\u1ea9m cao c\u1ea5p \u0111em l\u1ea1i c\u1ea3m gi\u00e1c sang tr\u1ecdng tinh t\u1ebf \u0111\u00e1p \u1ee9ng \u0111\u01b0\u1ee3c ti\u00eau ch\u00ed kh\u1eaft khe v\u1ec1 th\u1ea9m m\u1ef9, t\u00ednh an to\u00e0n th\u00e2n thi\u1ec7n","robots":{"index":"index","follow":"follow","max-snippet":"max-snippet:-1","max-image-preview":"max-image-preview:large","max-video-preview":"max-video-preview:-1"},"canonical":"https:\/\/thamtraisanvanphong.com.vn\/?product=tham-trai-san-khach-san-ht-1000-01","og_locale":"vi_VN","og_type":"article","og_title":"Th\u1ea3m tr\u1ea3i s\u00e0n kh\u00e1ch s\u1ea1n HT-1000-01","og_description":"Th\u1ea3m tr\u1ea3i s\u00e0n \u0111\u01b0\u1eddng d\u1eabn l\u00e0 s\u1ea3n ph\u1ea9m cao c\u1ea5p \u0111em l\u1ea1i c\u1ea3m gi\u00e1c sang tr\u1ecdng tinh t\u1ebf \u0111\u00e1p \u1ee9ng \u0111\u01b0\u1ee3c ti\u00eau ch\u00ed kh\u1eaft khe v\u1ec1 th\u1ea9m m\u1ef9, t\u00ednh an to\u00e0n th\u00e2n thi\u1ec7n","og_url":"https:\/\/thamtraisanvanphong.com.vn\/?product=tham-trai-san-khach-san-ht-1000-01","og_site_name":"Thamtraisan","article_modified_time":"2026-04-17T08:37:45+00:00","og_image":[{"width":397,"height":399,"url":"https:\/\/thamtraisanvanphong.com.vn\/wp-content\/uploads\/2026\/04\/Tham-khach-san-HT-1000-01-1.png","type":"image\/png"}],"twitter_card":"summary_large_image","twitter_misc":{"\u01af\u1edbc t\u00ednh th\u1eddi gian \u0111\u1ecdc":"4 ph\u00fat"},"schema":{"@context":"https:\/\/schema.org","@graph":[{"@type":"WebPage","@id":"https:\/\/thamtraisanvanphong.com.vn\/?product=tham-trai-san-khach-san-ht-1000-01","url":"https:\/\/thamtraisanvanphong.com.vn\/?product=tham-trai-san-khach-san-ht-1000-01","name":"Th\u1ea3m tr\u1ea3i s\u00e0n kh\u00e1ch s\u1ea1n HT-1000-01 sang tr\u1ecdng v\u00e0 tinh t\u1ebf","isPartOf":{"@id":"https:\/\/thamtraisanvanphong.com.vn\/#website"},"datePublished":"2026-04-17T08:28:40+00:00","dateModified":"2026-04-17T08:37:45+00:00","description":"Th\u1ea3m tr\u1ea3i s\u00e0n \u0111\u01b0\u1eddng d\u1eabn l\u00e0 s\u1ea3n ph\u1ea9m cao c\u1ea5p \u0111em l\u1ea1i c\u1ea3m gi\u00e1c sang tr\u1ecdng tinh t\u1ebf \u0111\u00e1p \u1ee9ng \u0111\u01b0\u1ee3c ti\u00eau ch\u00ed kh\u1eaft khe v\u1ec1 th\u1ea9m m\u1ef9, t\u00ednh an to\u00e0n th\u00e2n thi\u1ec7n","breadcrumb":{"@id":"https:\/\/thamtraisanvanphong.com.vn\/?product=tham-trai-san-khach-san-ht-1000-01#breadcrumb"},"inLanguage":"vi","potentialAction":[{"@type":"ReadAction","target":["https:\/\/thamtraisanvanphong.com.vn\/?product=tham-trai-san-khach-san-ht-1000-01"]}]},{"@type":"BreadcrumbList","@id":"https:\/\/thamtraisanvanphong.com.vn\/?product=tham-trai-san-khach-san-ht-1000-01#breadcrumb","itemListElement":[{"@type":"ListItem","position":1,"name":"Home","item":"https:\/\/thamtraisanvanphong.com.vn\/"},{"@type":"ListItem","position":2,"name":"C\u1eeda h\u00e0ng","item":"https:\/\/thamtraisanvanphong.com.vn\/?page_id=10"},{"@type":"ListItem","position":3,"name":"Th\u1ea3m tr\u1ea3i s\u00e0n kh\u00e1ch s\u1ea1n HT-1000-01"}]},{"@type":"WebSite","@id":"https:\/\/thamtraisanvanphong.com.vn\/#website","url":"https:\/\/thamtraisanvanphong.com.vn\/","name":"Thamtraisan","description":"Thamtraisangiare","potentialAction":[{"@type":"SearchAction","target":{"@type":"EntryPoint","urlTemplate":"https:\/\/thamtraisanvanphong.com.vn\/?s={search_term_string}"},"query-input":"required name=search_term_string"}],"inLanguage":"vi"}]}},"_links":{"self":[{"href":"https:\/\/thamtraisanvanphong.com.vn\/index.php?rest_route=\/wp\/v2\/product\/900","targetHints":{"allow":["GET"]}}],"collection":[{"href":"https:\/\/thamtraisanvanphong.com.vn\/index.php?rest_route=\/wp\/v2\/product"}],"about":[{"href":"https:\/\/thamtraisanvanphong.com.vn\/index.php?rest_route=\/wp\/v2\/types\/product"}],"replies":[{"embeddable":true,"href":"https:\/\/thamtraisanvanphong.com.vn\/index.php?rest_route=%2Fwp%2Fv2%2Fcomments&post=900"}],"wp:featuredmedia":[{"embeddable":true,"href":"https:\/\/thamtraisanvanphong.com.vn\/index.php?rest_route=\/wp\/v2\/media\/904"}],"wp:attachment":[{"href":"https:\/\/thamtraisanvanphong.com.vn\/index.php?rest_route=%2Fwp%2Fv2%2Fmedia&parent=900"}],"wp:term":[{"taxonomy":"product_cat","embeddable":true,"href":"https:\/\/thamtraisanvanphong.com.vn\/index.php?rest_route=%2Fwp%2Fv2%2Fproduct_cat&post=900"},{"taxonomy":"product_tag","embeddable":true,"href":"https:\/\/thamtraisanvanphong.com.vn\/index.php?rest_route=%2Fwp%2Fv2%2Fproduct_tag&post=900"}],"curies":[{"name":"wp","href":"https:\/\/api.w.org\/{rel}","templated":true}]}}