{"id":905,"date":"2026-04-17T15:38:46","date_gmt":"2026-04-17T08:38:46","guid":{"rendered":"https:\/\/thamtraisanvanphong.com.vn\/?post_type=product&#038;p=905"},"modified":"2026-04-17T15:42:51","modified_gmt":"2026-04-17T08:42:51","slug":"tham-trai-san-khach-san-ht-1000-03","status":"publish","type":"product","link":"https:\/\/thamtraisanvanphong.com.vn\/?product=tham-trai-san-khach-san-ht-1000-03","title":{"rendered":"Th\u1ea3m tr\u1ea3i s\u00e0n kh\u00e1ch s\u1ea1n HT-1000-03"},"content":{"rendered":"<p data-pm-slice=\"1 1 []\">Th\u1ea3m tr\u1ea3i s\u00e0n l\u00e0 m\u1ed9t y\u1ebfu t\u1ed1 kh\u00f4ng th\u1ec3 thi\u1ebfu trong thi\u1ebft k\u1ebf n\u1ed9i th\u1ea5t kh\u00e1ch s\u1ea1n cao c\u1ea5p, n\u01a1i s\u1ef1 ch\u1ec9n chu v\u00e0 ngh\u1ec7 thu\u1eadt \u0111\u01b0\u1ee3c \u0111\u1eb7t l\u00ean h\u00e0ng \u0111\u1ea7u.\u00a0<strong>Th\u1ea3m tr\u1ea3i s\u00e0n kh\u00e1ch s\u1ea1n HT-1000-03<\/strong>\u00a0l\u00e0 s\u1ef1 k\u1ebft h\u1ee3p gi\u1eefa phong c\u00e1ch ho\u00e0ng gia v\u00e0 k\u1ef9 thu\u1eadt d\u1ec7t hi\u1ec7n \u0111\u1ea1i, mang l\u1ea1i v\u1ebb \u0111\u1eb9p l\u1ed9ng l\u1eaby, b\u1ec1n b\u1ec9 v\u00e0 c\u1ef1c k\u1ef3 tinh x\u1ea3o cho m\u1ecdi kh\u00f4ng gian t\u1eeb \u0111\u1ea1i s\u1ea3nh, h\u00e0nh lang cho t\u1edbi c\u00e1c ph\u00f2ng h\u1ecdp, ph\u00f2ng ti\u1ec7c l\u1edbn.<\/p>\n<h2>\u00a0Thi\u1ebft k\u1ebf \u0111\u1eadm ch\u1ea5t ngh\u1ec7 thu\u1eadt<\/h2>\n<p>L\u1ea5y c\u1ea3m h\u1ee9ng t\u1eeb hoa v\u0103n c\u1ed5 \u0111i\u1ec3n, th\u1ea3m HT-1000-03 n\u1ed5i b\u1eadt v\u1edbi c\u00e1c h\u1ecda ti\u1ebft \u0111\u1ed3ng t\u00e2m, v\u00f2ng xo\u00e1y v\u00e0 chi ti\u1ebft hoa v\u0103n ph\u1ee9c t\u1ea1p \u0111\u01b0\u1ee3c x\u1eed l\u00fd k\u1ef9 l\u01b0\u1ee1ng b\u1eb1ng c\u00f4ng ngh\u1ec7 d\u1ec7t hi\u1ec7n \u0111\u1ea1i. S\u1ef1 k\u1ebft h\u1ee3p gi\u1eefa s\u1eafc xanh ng\u1ecdc, v\u00e0ng \u00e1nh kim v\u00e0 n\u00e2u tr\u1ea7m t\u1ea1o ra chi\u1ec1u s\u00e2u th\u1ecb gi\u00e1c, v\u1eeba ho\u00e0i c\u1ed5 v\u1eeba th\u1eddi th\u01b0\u1ee3ng, gi\u00fap t\u00f4n l\u00ean \u0111\u1eb3ng c\u1ea5p n\u1ed9i th\u1ea5t kh\u00e1ch s\u1ea1n.<\/p>\n<h2>\u00a0\u01afu \u0111i\u1ec3m n\u1ed5i b\u1eadt<\/h2>\n<h3>H\u1ecda ti\u1ebft s\u1ed1ng \u0111\u1ed9ng, \u0111\u1ea7y c\u1ea3m x\u00fac<\/h3>\n<p>S\u1ea3n ph\u1ea9m kh\u00f4ng ch\u1ec9 l\u00e0 th\u1ea3m tr\u1ea3i s\u00e0n m\u00e0 c\u00f2n l\u00e0 m\u1ed9t \u201cb\u1ee9c tranh th\u1ea3m\u201d mang h\u01a1i th\u1edf c\u1ed5 \u0111i\u1ec3n pha hi\u1ec7n \u0111\u1ea1i, th\u1ec3 hi\u1ec7n d\u1ea5u \u1ea5n ngh\u1ec7 thu\u1eadt ri\u00eang bi\u1ec7t cho t\u1eebng kh\u00f4ng gian.<\/p>\n<h3>\u00a0\u0110\u1ed9 b\u1ec1n v\u01b0\u1ee3t tr\u1ed9i<\/h3>\n<p>S\u1ee3i\u00a0<strong>Nylon 6<\/strong>\u00a0n\u1ed5i ti\u1ebfng v\u1ec1 \u0111\u1ed9 \u0111\u00e0n h\u1ed3i, kh\u00e1ng m\u00e0i m\u00f2n v\u00e0 gi\u1eef m\u00e0u s\u1eafc b\u1ec1n \u0111\u1eb9p qua th\u1eddi gian, th\u00edch h\u1ee3p cho nh\u1eefng khu v\u1ef1c c\u00f3 l\u01b0u l\u01b0\u1ee3ng ng\u01b0\u1eddi qua l\u1ea1i cao nh\u01b0 s\u1ea3nh l\u1ec5 t\u00e2n, ph\u00f2ng h\u1ed9i ngh\u1ecb.<\/p>\n<h3>\u00a0T\u1ed1i \u01b0u kh\u1ea3 n\u0103ng c\u00e1ch \u00e2m<\/h3>\n<p>T\u1ed5ng chi\u1ec1u cao 9mm gi\u00fap s\u1ea3n ph\u1ea9m h\u1ea5p th\u1ee5 \u00e2m thanh t\u1ed1t, h\u1ed7 tr\u1ee3 gi\u1ea3m ti\u1ebfng \u1ed3n hi\u1ec7u qu\u1ea3 \u2013 y\u1ebfu t\u1ed1 quan tr\u1ecdng trong kh\u00f4ng gian kh\u00e1ch s\u1ea1n c\u1ea7n s\u1ef1 y\u00ean t\u0129nh v\u00e0 ri\u00eang t\u01b0.<\/p>\n<h3>\u00a0D\u1ec5 thi c\u00f4ng v\u00e0 b\u1ea3o tr\u00ec<\/h3>\n<p>Lo\u1ea1i \u0111\u1ebf\u00a0<strong>PP Woven<\/strong>\u00a0c\u00f3 \u0111\u1ed9 b\u00e1m t\u1ed1t, h\u1ea1n ch\u1ebf t\u00ecnh tr\u1ea1ng x\u00ea d\u1ecbch trong qu\u00e1 tr\u00ecnh s\u1eed d\u1ee5ng. Th\u1ea3m c\u0169ng d\u1ec5 d\u00e0ng thi c\u00f4ng cu\u1ed9n ho\u1eb7c gh\u00e9p t\u1ea5m theo thi\u1ebft k\u1ebf s\u1eb5n c\u00f3 c\u1ee7a c\u00f4ng tr\u00ecnh.<\/p>\n<figure id=\"attachment_1204\" class=\"wp-caption aligncenter\" aria-describedby=\"caption-attachment-1204\"><figcaption id=\"caption-attachment-1204\" class=\"wp-caption-text\">Th\u1ea3m tr\u1ea3i s\u00e0n kh\u00e1ch s\u1ea1n HT-1000-03<\/figcaption><\/figure>\n<h2>\u00a0\u1ee8ng d\u1ee5ng l\u00fd t\u01b0\u1edfng<\/h2>\n<ul data-spread=\"false\">\n<li>S\u1ea3nh ch\u00ednh, s\u1ea3nh \u0111\u00f3n kh\u00e1ch v\u00e0 qu\u1ea7y l\u1ec5 t\u00e2n kh\u00e1ch s\u1ea1n 4-5 sao<\/li>\n<li>Ph\u00f2ng h\u1ecdp, ph\u00f2ng h\u1ed9i ngh\u1ecb ho\u1eb7c kh\u00f4ng gian t\u1ed5 ch\u1ee9c s\u1ef1 ki\u1ec7n l\u1edbn<\/li>\n<li>L\u1ed1i \u0111i, h\u00e0nh lang, c\u1ea7u thang trong kh\u00e1ch s\u1ea1n ho\u1eb7c khu ngh\u1ec9 d\u01b0\u1ee1ng<\/li>\n<li>Ph\u00f2ng ti\u1ec7c c\u01b0\u1edbi, nh\u00e0 h\u00e0ng kh\u00e1ch s\u1ea1n cao c\u1ea5p<\/li>\n<\/ul>\n<h2>K\u1ebft lu\u1eadn<\/h2>\n<p><strong>Th\u1ea3m tr\u1ea3i s\u00e0n kh\u00e1ch s\u1ea1n HT-1000-03<\/strong>\u00a0l\u00e0 m\u1ed9t l\u1ef1a ch\u1ecdn ho\u00e0n h\u1ea3o d\u00e0nh cho nh\u1eefng c\u00f4ng tr\u00ecnh c\u1ea7n th\u1ec3 hi\u1ec7n s\u1ef1 kh\u00e1c bi\u1ec7t v\u00e0 \u0111\u1eb3ng c\u1ea5p. V\u1edbi thi\u1ebft k\u1ebf tinh t\u1ebf, ch\u1ea5t li\u1ec7u cao c\u1ea5p v\u00e0 t\u00ednh n\u0103ng v\u01b0\u1ee3t tr\u1ed9i, s\u1ea3n ph\u1ea9m kh\u00f4ng ch\u1ec9 l\u00e0 \u0111i\u1ec3m nh\u1ea5n th\u1ea9m m\u1ef9 m\u00e0 c\u00f2n n\u00e2ng t\u1ea7m tr\u1ea3i nghi\u1ec7m kh\u00e1ch l\u01b0u tr\u00fa. \u0110\u00e2y ch\u00ednh l\u00e0 gi\u1ea3i ph\u00e1p to\u00e0n di\u1ec7n cho m\u1ecdi ch\u1ee7 \u0111\u1ea7u t\u01b0 \u0111ang t\u00ecm ki\u1ebfm m\u1ed9t lo\u1ea1i th\u1ea3m kh\u00e1ch s\u1ea1n v\u1eeba \u0111\u1eb9p, v\u1eeba b\u1ec1n, v\u1eeba mang b\u1ea3n s\u1eafc ri\u00eang.<\/p>\n<figure id=\"attachment_1190\" class=\"wp-caption aligncenter\" aria-describedby=\"caption-attachment-1190\"><\/figure>\n","protected":false},"excerpt":{"rendered":"<h2 data-start=\"4031\" data-end=\"4063\">Th\u00f4ng s\u1ed1 k\u1ef9 thu\u1eadt chi ti\u1ebft<\/h2>\n<div class=\"_tableContainer_16hzy_1\">\n<div class=\"_tableWrapper_16hzy_14 group flex w-fit flex-col-reverse\" tabindex=\"-1\">\n<table class=\"w-fit min-w-(--thread-content-width)\" data-start=\"4065\" data-end=\"4694\">\n<thead data-start=\"4065\" data-end=\"4134\">\n<tr data-start=\"4065\" data-end=\"4134\">\n<th data-start=\"4065\" data-end=\"4089\" data-col-size=\"sm\">Th\u00f4ng s\u1ed1<\/th>\n<th data-start=\"4089\" data-end=\"4134\" data-col-size=\"sm\">Chi ti\u1ebft<\/th>\n<\/tr>\n<\/thead>\n<tbody data-start=\"4205\" data-end=\"4694\">\n<tr data-start=\"4205\" data-end=\"4274\">\n<td data-start=\"4205\" data-end=\"4229\" data-col-size=\"sm\">Ch\u1ea5t li\u1ec7u s\u1ee3i<\/td>\n<td data-start=\"4229\" data-end=\"4274\" data-col-size=\"sm\">100% S\u1ee3i Nylon 6<\/td>\n<\/tr>\n<tr data-start=\"4275\" data-end=\"4344\">\n<td data-start=\"4275\" data-end=\"4299\" data-col-size=\"sm\">Ki\u1ec3u d\u1ec7t<\/td>\n<td data-start=\"4299\" data-end=\"4344\" data-col-size=\"sm\">Cut Pile<\/td>\n<\/tr>\n<tr data-start=\"4345\" data-end=\"4414\">\n<td data-start=\"4345\" data-end=\"4369\" data-col-size=\"sm\">M\u1eadt \u0111\u1ed9 s\u1ee3i<\/td>\n<td data-start=\"4369\" data-end=\"4414\" data-col-size=\"sm\">1000 gram\/m\u00b2<\/td>\n<\/tr>\n<tr data-start=\"4415\" data-end=\"4484\">\n<td data-start=\"4415\" data-end=\"4439\" data-col-size=\"sm\">T\u1ed5ng chi\u1ec1u cao<\/td>\n<td data-start=\"4439\" data-end=\"4484\" data-col-size=\"sm\">9mm (\u00b15%)<\/td>\n<\/tr>\n<tr data-start=\"4485\" data-end=\"4554\">\n<td data-start=\"4485\" data-end=\"4509\" data-col-size=\"sm\">Chi\u1ec1u cao s\u1ee3i<\/td>\n<td data-start=\"4509\" data-end=\"4554\" data-col-size=\"sm\">6mm (\u00b15%)<\/td>\n<\/tr>\n<tr data-start=\"4555\" data-end=\"4624\">\n<td data-start=\"4555\" data-end=\"4579\" data-col-size=\"sm\">Kh\u1ed5 th\u1ea3m<\/td>\n<td data-start=\"4579\" data-end=\"4624\" data-col-size=\"sm\">3.66m ho\u1eb7c 4.00m<\/td>\n<\/tr>\n<tr data-start=\"4625\" data-end=\"4694\">\n<td data-start=\"4625\" data-end=\"4649\" data-col-size=\"sm\">Lo\u1ea1i \u0111\u1ebf<\/td>\n<td data-start=\"4649\" data-end=\"4694\" data-col-size=\"sm\">PP Woven \u2013 Ch\u1ed1ng tr\u01b0\u1ee3t, d\u1ec5 thi c\u00f4ng<\/td>\n<\/tr>\n<\/tbody>\n<\/table>\n<div class=\"sticky end-(--thread-content-margin) h-0 self-end select-none\">\n<div class=\"absolute end-0 flex items-end\"><\/div>\n<\/div>\n<\/div>\n<\/div>\n","protected":false},"featured_media":908,"comment_status":"open","ping_status":"closed","template":"","meta":[],"product_cat":[150],"product_tag":[151,152,153,154,155,156,157,158,159,160],"class_list":{"0":"post-905","1":"product","2":"type-product","3":"status-publish","4":"has-post-thumbnail","6":"product_cat-tham-khach-san","7":"product_tag-noi-that-khach-san","8":"product_tag-tham-cut-pile","9":"product_tag-tham-duong-dan","10":"product_tag-tham-hanh-lang","11":"product_tag-tham-hoa-lam","12":"product_tag-tham-khach-san","13":"product_tag-tham-mau-be","14":"product_tag-tham-nylon-6","15":"product_tag-tham-trai-san","16":"product_tag-vinecom","18":"first","19":"instock","20":"sale","21":"shipping-taxable","22":"purchasable","23":"product-type-simple"},"yoast_head":"<!-- This site is optimized with the Yoast SEO Premium plugin v20.12 (Yoast SEO v20.12) - https:\/\/yoast.com\/wordpress\/plugins\/seo\/ -->\n<title>Th\u1ea3m tr\u1ea3i s\u00e0n kh\u00e1ch s\u1ea1n HT-1000-03 sang tr\u1ecdng v\u00e0 tinh t\u1ebf<\/title>\n<meta name=\"description\" content=\"Th\u1ea3m tr\u1ea3i s\u00e0n \u0111\u01b0\u1eddng d\u1eabn l\u00e0 s\u1ea3n ph\u1ea9m cao c\u1ea5p \u0111em l\u1ea1i c\u1ea3m gi\u00e1c sang tr\u1ecdng tinh t\u1ebf \u0111\u00e1p \u1ee9ng \u0111\u01b0\u1ee3c ti\u00eau ch\u00ed kh\u1eaft khe v\u1ec1 th\u1ea9m m\u1ef9, t\u00ednh an to\u00e0n th\u00e2n thi\u1ec7n\" \/>\n<meta name=\"robots\" content=\"index, follow, max-snippet:-1, max-image-preview:large, max-video-preview:-1\" \/>\n<link rel=\"canonical\" href=\"https:\/\/thamtraisanvanphong.com.vn\/?product=tham-trai-san-khach-san-ht-1000-03\" \/>\n<meta property=\"og:locale\" content=\"vi_VN\" \/>\n<meta property=\"og:type\" content=\"article\" \/>\n<meta property=\"og:title\" content=\"Th\u1ea3m tr\u1ea3i s\u00e0n kh\u00e1ch s\u1ea1n HT-1000-03\" \/>\n<meta property=\"og:description\" content=\"Th\u1ea3m tr\u1ea3i s\u00e0n \u0111\u01b0\u1eddng d\u1eabn l\u00e0 s\u1ea3n ph\u1ea9m cao c\u1ea5p \u0111em l\u1ea1i c\u1ea3m gi\u00e1c sang tr\u1ecdng tinh t\u1ebf \u0111\u00e1p \u1ee9ng \u0111\u01b0\u1ee3c ti\u00eau ch\u00ed kh\u1eaft khe v\u1ec1 th\u1ea9m m\u1ef9, t\u00ednh an to\u00e0n th\u00e2n thi\u1ec7n\" \/>\n<meta property=\"og:url\" content=\"https:\/\/thamtraisanvanphong.com.vn\/?product=tham-trai-san-khach-san-ht-1000-03\" \/>\n<meta property=\"og:site_name\" content=\"Thamtraisan\" \/>\n<meta property=\"article:modified_time\" content=\"2026-04-17T08:42:51+00:00\" \/>\n<meta property=\"og:image\" content=\"https:\/\/thamtraisanvanphong.com.vn\/wp-content\/uploads\/2026\/04\/Tham-khach-san-HT-1000-03.png\" \/>\n\t<meta property=\"og:image:width\" content=\"426\" \/>\n\t<meta property=\"og:image:height\" content=\"424\" \/>\n\t<meta property=\"og:image:type\" content=\"image\/png\" \/>\n<meta name=\"twitter:card\" content=\"summary_large_image\" \/>\n<meta name=\"twitter:label1\" content=\"\u01af\u1edbc t\u00ednh th\u1eddi gian \u0111\u1ecdc\" \/>\n\t<meta name=\"twitter:data1\" content=\"3 ph\u00fat\" \/>\n<script type=\"application\/ld+json\" class=\"yoast-schema-graph\">{\"@context\":\"https:\/\/schema.org\",\"@graph\":[{\"@type\":\"WebPage\",\"@id\":\"https:\/\/thamtraisanvanphong.com.vn\/?product=tham-trai-san-khach-san-ht-1000-03\",\"url\":\"https:\/\/thamtraisanvanphong.com.vn\/?product=tham-trai-san-khach-san-ht-1000-03\",\"name\":\"Th\u1ea3m tr\u1ea3i s\u00e0n kh\u00e1ch s\u1ea1n HT-1000-03 sang tr\u1ecdng v\u00e0 tinh t\u1ebf\",\"isPartOf\":{\"@id\":\"https:\/\/thamtraisanvanphong.com.vn\/#website\"},\"datePublished\":\"2026-04-17T08:38:46+00:00\",\"dateModified\":\"2026-04-17T08:42:51+00:00\",\"description\":\"Th\u1ea3m tr\u1ea3i s\u00e0n \u0111\u01b0\u1eddng d\u1eabn l\u00e0 s\u1ea3n ph\u1ea9m cao c\u1ea5p \u0111em l\u1ea1i c\u1ea3m gi\u00e1c sang tr\u1ecdng tinh t\u1ebf \u0111\u00e1p \u1ee9ng \u0111\u01b0\u1ee3c ti\u00eau ch\u00ed kh\u1eaft khe v\u1ec1 th\u1ea9m m\u1ef9, t\u00ednh an to\u00e0n th\u00e2n thi\u1ec7n\",\"breadcrumb\":{\"@id\":\"https:\/\/thamtraisanvanphong.com.vn\/?product=tham-trai-san-khach-san-ht-1000-03#breadcrumb\"},\"inLanguage\":\"vi\",\"potentialAction\":[{\"@type\":\"ReadAction\",\"target\":[\"https:\/\/thamtraisanvanphong.com.vn\/?product=tham-trai-san-khach-san-ht-1000-03\"]}]},{\"@type\":\"BreadcrumbList\",\"@id\":\"https:\/\/thamtraisanvanphong.com.vn\/?product=tham-trai-san-khach-san-ht-1000-03#breadcrumb\",\"itemListElement\":[{\"@type\":\"ListItem\",\"position\":1,\"name\":\"Home\",\"item\":\"https:\/\/thamtraisanvanphong.com.vn\/\"},{\"@type\":\"ListItem\",\"position\":2,\"name\":\"C\u1eeda h\u00e0ng\",\"item\":\"https:\/\/thamtraisanvanphong.com.vn\/?page_id=10\"},{\"@type\":\"ListItem\",\"position\":3,\"name\":\"Th\u1ea3m tr\u1ea3i s\u00e0n kh\u00e1ch s\u1ea1n HT-1000-03\"}]},{\"@type\":\"WebSite\",\"@id\":\"https:\/\/thamtraisanvanphong.com.vn\/#website\",\"url\":\"https:\/\/thamtraisanvanphong.com.vn\/\",\"name\":\"Thamtraisan\",\"description\":\"Thamtraisangiare\",\"potentialAction\":[{\"@type\":\"SearchAction\",\"target\":{\"@type\":\"EntryPoint\",\"urlTemplate\":\"https:\/\/thamtraisanvanphong.com.vn\/?s={search_term_string}\"},\"query-input\":\"required name=search_term_string\"}],\"inLanguage\":\"vi\"}]}<\/script>\n<!-- \/ Yoast SEO Premium plugin. -->","yoast_head_json":{"title":"Th\u1ea3m tr\u1ea3i s\u00e0n kh\u00e1ch s\u1ea1n HT-1000-03 sang tr\u1ecdng v\u00e0 tinh t\u1ebf","description":"Th\u1ea3m tr\u1ea3i s\u00e0n \u0111\u01b0\u1eddng d\u1eabn l\u00e0 s\u1ea3n ph\u1ea9m cao c\u1ea5p \u0111em l\u1ea1i c\u1ea3m gi\u00e1c sang tr\u1ecdng tinh t\u1ebf \u0111\u00e1p \u1ee9ng \u0111\u01b0\u1ee3c ti\u00eau ch\u00ed kh\u1eaft khe v\u1ec1 th\u1ea9m m\u1ef9, t\u00ednh an to\u00e0n th\u00e2n thi\u1ec7n","robots":{"index":"index","follow":"follow","max-snippet":"max-snippet:-1","max-image-preview":"max-image-preview:large","max-video-preview":"max-video-preview:-1"},"canonical":"https:\/\/thamtraisanvanphong.com.vn\/?product=tham-trai-san-khach-san-ht-1000-03","og_locale":"vi_VN","og_type":"article","og_title":"Th\u1ea3m tr\u1ea3i s\u00e0n kh\u00e1ch s\u1ea1n HT-1000-03","og_description":"Th\u1ea3m tr\u1ea3i s\u00e0n \u0111\u01b0\u1eddng d\u1eabn l\u00e0 s\u1ea3n ph\u1ea9m cao c\u1ea5p \u0111em l\u1ea1i c\u1ea3m gi\u00e1c sang tr\u1ecdng tinh t\u1ebf \u0111\u00e1p \u1ee9ng \u0111\u01b0\u1ee3c ti\u00eau ch\u00ed kh\u1eaft khe v\u1ec1 th\u1ea9m m\u1ef9, t\u00ednh an to\u00e0n th\u00e2n thi\u1ec7n","og_url":"https:\/\/thamtraisanvanphong.com.vn\/?product=tham-trai-san-khach-san-ht-1000-03","og_site_name":"Thamtraisan","article_modified_time":"2026-04-17T08:42:51+00:00","og_image":[{"width":426,"height":424,"url":"https:\/\/thamtraisanvanphong.com.vn\/wp-content\/uploads\/2026\/04\/Tham-khach-san-HT-1000-03.png","type":"image\/png"}],"twitter_card":"summary_large_image","twitter_misc":{"\u01af\u1edbc t\u00ednh th\u1eddi gian \u0111\u1ecdc":"3 ph\u00fat"},"schema":{"@context":"https:\/\/schema.org","@graph":[{"@type":"WebPage","@id":"https:\/\/thamtraisanvanphong.com.vn\/?product=tham-trai-san-khach-san-ht-1000-03","url":"https:\/\/thamtraisanvanphong.com.vn\/?product=tham-trai-san-khach-san-ht-1000-03","name":"Th\u1ea3m tr\u1ea3i s\u00e0n kh\u00e1ch s\u1ea1n HT-1000-03 sang tr\u1ecdng v\u00e0 tinh t\u1ebf","isPartOf":{"@id":"https:\/\/thamtraisanvanphong.com.vn\/#website"},"datePublished":"2026-04-17T08:38:46+00:00","dateModified":"2026-04-17T08:42:51+00:00","description":"Th\u1ea3m tr\u1ea3i s\u00e0n \u0111\u01b0\u1eddng d\u1eabn l\u00e0 s\u1ea3n ph\u1ea9m cao c\u1ea5p \u0111em l\u1ea1i c\u1ea3m gi\u00e1c sang tr\u1ecdng tinh t\u1ebf \u0111\u00e1p \u1ee9ng \u0111\u01b0\u1ee3c ti\u00eau ch\u00ed kh\u1eaft khe v\u1ec1 th\u1ea9m m\u1ef9, t\u00ednh an to\u00e0n th\u00e2n thi\u1ec7n","breadcrumb":{"@id":"https:\/\/thamtraisanvanphong.com.vn\/?product=tham-trai-san-khach-san-ht-1000-03#breadcrumb"},"inLanguage":"vi","potentialAction":[{"@type":"ReadAction","target":["https:\/\/thamtraisanvanphong.com.vn\/?product=tham-trai-san-khach-san-ht-1000-03"]}]},{"@type":"BreadcrumbList","@id":"https:\/\/thamtraisanvanphong.com.vn\/?product=tham-trai-san-khach-san-ht-1000-03#breadcrumb","itemListElement":[{"@type":"ListItem","position":1,"name":"Home","item":"https:\/\/thamtraisanvanphong.com.vn\/"},{"@type":"ListItem","position":2,"name":"C\u1eeda h\u00e0ng","item":"https:\/\/thamtraisanvanphong.com.vn\/?page_id=10"},{"@type":"ListItem","position":3,"name":"Th\u1ea3m tr\u1ea3i s\u00e0n kh\u00e1ch s\u1ea1n HT-1000-03"}]},{"@type":"WebSite","@id":"https:\/\/thamtraisanvanphong.com.vn\/#website","url":"https:\/\/thamtraisanvanphong.com.vn\/","name":"Thamtraisan","description":"Thamtraisangiare","potentialAction":[{"@type":"SearchAction","target":{"@type":"EntryPoint","urlTemplate":"https:\/\/thamtraisanvanphong.com.vn\/?s={search_term_string}"},"query-input":"required name=search_term_string"}],"inLanguage":"vi"}]}},"_links":{"self":[{"href":"https:\/\/thamtraisanvanphong.com.vn\/index.php?rest_route=\/wp\/v2\/product\/905","targetHints":{"allow":["GET"]}}],"collection":[{"href":"https:\/\/thamtraisanvanphong.com.vn\/index.php?rest_route=\/wp\/v2\/product"}],"about":[{"href":"https:\/\/thamtraisanvanphong.com.vn\/index.php?rest_route=\/wp\/v2\/types\/product"}],"replies":[{"embeddable":true,"href":"https:\/\/thamtraisanvanphong.com.vn\/index.php?rest_route=%2Fwp%2Fv2%2Fcomments&post=905"}],"wp:featuredmedia":[{"embeddable":true,"href":"https:\/\/thamtraisanvanphong.com.vn\/index.php?rest_route=\/wp\/v2\/media\/908"}],"wp:attachment":[{"href":"https:\/\/thamtraisanvanphong.com.vn\/index.php?rest_route=%2Fwp%2Fv2%2Fmedia&parent=905"}],"wp:term":[{"taxonomy":"product_cat","embeddable":true,"href":"https:\/\/thamtraisanvanphong.com.vn\/index.php?rest_route=%2Fwp%2Fv2%2Fproduct_cat&post=905"},{"taxonomy":"product_tag","embeddable":true,"href":"https:\/\/thamtraisanvanphong.com.vn\/index.php?rest_route=%2Fwp%2Fv2%2Fproduct_tag&post=905"}],"curies":[{"name":"wp","href":"https:\/\/api.w.org\/{rel}","templated":true}]}}