{"id":906,"date":"2026-04-17T15:38:48","date_gmt":"2026-04-17T08:38:48","guid":{"rendered":"https:\/\/thamtraisanvanphong.com.vn\/?post_type=product&#038;p=906"},"modified":"2026-04-17T15:50:44","modified_gmt":"2026-04-17T08:50:44","slug":"tham-trai-san-khach-san-ht-1000-04","status":"publish","type":"product","link":"https:\/\/thamtraisanvanphong.com.vn\/?product=tham-trai-san-khach-san-ht-1000-04","title":{"rendered":"Th\u1ea3m Tr\u1ea3i S\u00e0n Kh\u00e1ch S\u1ea1n HT-1000-04"},"content":{"rendered":"<p data-pm-slice=\"1 1 []\">Trong thi\u1ebft k\u1ebf n\u1ed9i th\u1ea5t kh\u00e1ch s\u1ea1n, th\u1ea3m tr\u1ea3i s\u00e0n kh\u00f4ng ch\u1ec9 gi\u00fap t\u0103ng t\u00ednh \u0111\u1ed3ng b\u1ed9, \u0111\u1ed9 b\u1ec1n m\u00e0 c\u00f2n th\u1ec3 hi\u1ec7n phong c\u00e1ch \u0111\u1eb7c tr\u01b0ng c\u1ee7a th\u01b0\u01a1ng hi\u1ec7u.\u00a0<strong>Th\u1ea3m tr\u1ea3i s\u00e0n kh\u00e1ch s\u1ea1n HT-1000-04<\/strong>\u00a0l\u00e0 m\u1ed9t tuy\u00ean ng\u00f4n th\u1ec3 hi\u1ec7n c\u00e1 t\u00ednh r\u00f5 n\u00e9t qua gam m\u00e0u \u0111\u1ecf cam r\u1ef1c r\u1ee1, h\u1ecda ti\u1ebft uy\u1ec3n chuy\u1ec3n l\u00ean nh\u1eefng l\u00e0n s\u00f3ng n\u0103ng l\u01b0\u1ee3ng lan t\u1ecfa. S\u1ea3n ph\u1ea9m ho\u00e0n h\u1ea3o cho c\u00e1c khu v\u1ef1c trung t\u00e2m, s\u1ea3nh l\u1edbn hay nh\u1eefng khu v\u1ef1c c\u1ea7n g\u00e2y \u1ea5n t\u01b0\u1ee3ng thi\u1ec7t m\u1ea1nh.<\/p>\n<h2>Thi\u1ebft k\u1ebf t\u00f4n vinh n\u00e9t ph\u00e1 c\u00e1ch<\/h2>\n<p>Th\u1ea3m HT-1000-04 n\u1ed5i b\u1eadt v\u1edbi h\u1ecda ti\u1ebft d\u1ea1ng xo\u1eafn u\u1ed1n l\u01b0\u1ee3n nh\u01b0 nh\u1eefng l\u00e0n g\u1ee3i tr\u00ean b\u1ec1n m\u1eb7t bi\u1ec3n, \u0111\u01b0\u1ee3c bi\u1ebfn t\u1ea5u tinh t\u1ebf t\u1eeb nh\u1eefng \u0111\u01b0\u1eddng cong \u0111\u1ed3ng t\u00e2m. M\u00e0u n\u1ec1n \u0111\u1ecf s\u00e2u \u0111\u01b0\u1ee3c nh\u1ea5n nh\u00e1 b\u1eb1ng nh\u1eefng t\u00f4ng v\u00e0ng cam t\u1ea1o \u1ea5n t\u01b0\u1ee3ng m\u1ea1nh m\u1ebd, g\u00e2y d\u1ec5 nh\u1edb ngay t\u1eeb c\u00e1i nh\u00ecn \u0111\u1ea7u ti\u00ean.<\/p>\n<h2>\u01afu \u0111i\u1ec3m n\u1ed5i b\u1eadt<\/h2>\n<h3>V\u011b \u0111\u1eb9p ph\u00e1 c\u00e1ch v\u00e0 tr\u00f9 ph\u00fa<\/h3>\n<p>Kh\u00f4ng gian \u0111\u01b0\u1ee3c kho\u00e1c l\u00ean m\u1ed9t l\u1edbp \u0111\u1ecf \u00e1nh cam s\u00e2u s\u1eafc, mang \u0111\u1ebfn c\u1ea3m gi\u00e1c v\u1eeba quy\u1ebfn r\u0169 v\u1eeba \u00e2m \u00e1p. H\u1ecda ti\u1ebft tr\u1eabn ng\u1eabu mang ng\u1ee5 \u00fd phong th\u1ee7y \u0111\u1eb7c bi\u1ec7t th\u00edch h\u1ee3p cho nh\u1eefng d\u1ef1 \u00e1n kh\u00e1ch s\u1ea1n h\u01b0\u1edbng \u0111\u1ebfn t\u00e0i l\u1ed9c, h\u01b0ng th\u1ecbnh.<\/p>\n<h3>Ch\u1ea5t li\u1ec7u b\u1ec1n \u0111\u1eb9p<\/h3>\n<p>S\u1ee3i Nylon 6 kh\u00e1ng khu\u1ea9n, ch\u1ed1ng m\u00e0i m\u00f2n v\u00e0 d\u1ec5 d\u1ecdn d\u1eef m\u00e0u s\u1eafc l\u00e2u d\u00e0i, \u0111\u00e1p \u1ee9ng ti\u00eau chu\u1ea9n kh\u00e1t khe v\u1ec1 ch\u1ea5t l\u01b0\u1ee3ng cho kh\u00e1ch s\u1ea1n cao c\u1ea5p.<\/p>\n<h3>\u00a0H\u1ea5p th\u1ee5 \u00e2m thanh t\u1ed1t<\/h3>\n<p>T\u1ed5ng chi\u1ec1u cao 9mm gi\u00fac th\u1ea3m h\u1ea5p th\u1ee5 ti\u1ebfng \u1ed3n t\u1ed1t, g\u00f3p ph\u1ea7n gi\u1eef g\u00ecn s\u1ef1 y\u00ean t\u0129nh, sang tr\u1ecdng cho c\u00e1c khu v\u1ef1c nh\u01b0 s\u1ea3nh \u0111\u00f3n ti\u1ebfp, h\u00e0nh lang, l\u1ed1i \u0111i chung.<\/p>\n<h3>\u00a0Thi c\u00f4ng linh ho\u1ea1t<\/h3>\n<p>Kh\u1ed5 th\u1ea3m l\u1edbn (3.66m\/4m) gi\u00fac thi c\u00f4ng nhanh ch\u00f3ng, h\u1ea1n ch\u1ebf gh\u00e9p m\u00ed. \u0110\u1ebf PP woven b\u00e1m s\u00e0n t\u1ed1t, gi\u1eef th\u1ea3m c\u1ed1 \u0111\u1ecbnh khi l\u01b0u l\u01b0\u1ee3ng ng\u01b0\u1eddi qua l\u1ea1i nhi\u1ec1u.<\/p>\n<h2>\u00a0\u1ee8ng d\u1ee5ng linh ho\u1ea1t<\/h2>\n<ul data-spread=\"false\">\n<li>S\u1ea3nh \u0111\u00f3n ti\u1ebfp kh\u00e1ch s\u1ea1n\/resort cao c\u1ea5p<\/li>\n<li>Khu trung t\u00e2m h\u1ed9i ngh\u1ecb, tri\u1ec3n l\u00e3m, nh\u00e0 h\u00e0ng s\u1ef1 ki\u1ec7n<\/li>\n<li>H\u00e0nh lang, l\u1ed1i \u0111i, khu v\u1ef1c ti\u1ebfp gi\u00e1p gi\u1eefa c\u00e1c kh\u00f4ng gian<\/li>\n<li>Ph\u00f2ng h\u1ecdp, khu v\u1ef1c lounge cao c\u1ea5p<\/li>\n<\/ul>\n<p><strong>Th\u1ea3m tr\u1ea3i s\u00e0n kh\u00e1ch s\u1ea1n HT-1000-04<\/strong>\u00a0l\u00e0 l\u1ef1a ch\u1ecdn kh\u00f4ng th\u1ec3 thi\u1ebfu cho nh\u1eefng c\u00f4ng tr\u00ecnh mu\u1ed1n g\u1eedi g\u1eafm m\u1ed9t tuy\u00ean ng\u00f4n thi\u1ebft k\u1ebf ri\u00eang. T\u1eeb h\u00ecnh \u1ea3nh th\u1ec9 hi\u1ec7n \u0111\u1ebfn ch\u1ea5t li\u1ec7u v\u00e0 t\u00ednh n\u0103ng, s\u1ea3n ph\u1ea9m x\u1ee9ng \u0111\u00e1ng l\u00e0 s\u1ef1 \u0111\u1ea7u t\u01b0 x\u1ee9ng \u0111\u00e1ng cho m\u1ecd\u1ecdi kh\u00f4ng gian cao c\u1ea5p c\u1ea7n s\u1ef1 kh\u00e1c bi\u1ec7t v\u00e0 ch\u1ed1ng ch\u1ecdi.<\/p>\n<figure id=\"attachment_1190\" class=\"wp-caption aligncenter\" aria-describedby=\"caption-attachment-1190\"><\/figure>\n","protected":false},"excerpt":{"rendered":"<h2 data-start=\"4031\" data-end=\"4063\">Th\u00f4ng s\u1ed1 k\u1ef9 thu\u1eadt chi ti\u1ebft<\/h2>\n<div class=\"_tableContainer_16hzy_1\">\n<div class=\"_tableWrapper_16hzy_14 group flex w-fit flex-col-reverse\" tabindex=\"-1\">\n<table class=\"w-fit min-w-(--thread-content-width)\" data-start=\"4065\" data-end=\"4694\">\n<thead data-start=\"4065\" data-end=\"4134\">\n<tr data-start=\"4065\" data-end=\"4134\">\n<th data-start=\"4065\" data-end=\"4089\" data-col-size=\"sm\">Th\u00f4ng s\u1ed1<\/th>\n<th data-start=\"4089\" data-end=\"4134\" data-col-size=\"sm\">Chi ti\u1ebft<\/th>\n<\/tr>\n<\/thead>\n<tbody data-start=\"4205\" data-end=\"4694\">\n<tr data-start=\"4205\" data-end=\"4274\">\n<td data-start=\"4205\" data-end=\"4229\" data-col-size=\"sm\">Ch\u1ea5t li\u1ec7u s\u1ee3i<\/td>\n<td data-start=\"4229\" data-end=\"4274\" data-col-size=\"sm\">100% S\u1ee3i Nylon 6<\/td>\n<\/tr>\n<tr data-start=\"4275\" data-end=\"4344\">\n<td data-start=\"4275\" data-end=\"4299\" data-col-size=\"sm\">Ki\u1ec3u d\u1ec7t<\/td>\n<td data-start=\"4299\" data-end=\"4344\" data-col-size=\"sm\">Cut Pile<\/td>\n<\/tr>\n<tr data-start=\"4345\" data-end=\"4414\">\n<td data-start=\"4345\" data-end=\"4369\" data-col-size=\"sm\">M\u1eadt \u0111\u1ed9 s\u1ee3i<\/td>\n<td data-start=\"4369\" data-end=\"4414\" data-col-size=\"sm\">1000 gram\/m\u00b2<\/td>\n<\/tr>\n<tr data-start=\"4415\" data-end=\"4484\">\n<td data-start=\"4415\" data-end=\"4439\" data-col-size=\"sm\">T\u1ed5ng chi\u1ec1u cao<\/td>\n<td data-start=\"4439\" data-end=\"4484\" data-col-size=\"sm\">9mm (\u00b15%)<\/td>\n<\/tr>\n<tr data-start=\"4485\" data-end=\"4554\">\n<td data-start=\"4485\" data-end=\"4509\" data-col-size=\"sm\">Chi\u1ec1u cao s\u1ee3i<\/td>\n<td data-start=\"4509\" data-end=\"4554\" data-col-size=\"sm\">6mm (\u00b15%)<\/td>\n<\/tr>\n<tr data-start=\"4555\" data-end=\"4624\">\n<td data-start=\"4555\" data-end=\"4579\" data-col-size=\"sm\">Kh\u1ed5 th\u1ea3m<\/td>\n<td data-start=\"4579\" data-end=\"4624\" data-col-size=\"sm\">3.66m ho\u1eb7c 4.00m<\/td>\n<\/tr>\n<tr data-start=\"4625\" data-end=\"4694\">\n<td data-start=\"4625\" data-end=\"4649\" data-col-size=\"sm\">Lo\u1ea1i \u0111\u1ebf<\/td>\n<td data-start=\"4649\" data-end=\"4694\" data-col-size=\"sm\">PP Woven \u2013 Ch\u1ed1ng tr\u01b0\u1ee3t, d\u1ec5 thi c\u00f4ng<\/td>\n<\/tr>\n<\/tbody>\n<\/table>\n<div class=\"sticky end-(--thread-content-margin) h-0 self-end select-none\">\n<div class=\"absolute end-0 flex items-end\"><\/div>\n<\/div>\n<\/div>\n<\/div>\n","protected":false},"featured_media":910,"comment_status":"open","ping_status":"closed","template":"","meta":[],"product_cat":[150],"product_tag":[151,152,153,154,155,156,157,158,159,160],"class_list":{"0":"post-906","1":"product","2":"type-product","3":"status-publish","4":"has-post-thumbnail","6":"product_cat-tham-khach-san","7":"product_tag-noi-that-khach-san","8":"product_tag-tham-cut-pile","9":"product_tag-tham-duong-dan","10":"product_tag-tham-hanh-lang","11":"product_tag-tham-hoa-lam","12":"product_tag-tham-khach-san","13":"product_tag-tham-mau-be","14":"product_tag-tham-nylon-6","15":"product_tag-tham-trai-san","16":"product_tag-vinecom","18":"first","19":"instock","20":"sale","21":"shipping-taxable","22":"purchasable","23":"product-type-simple"},"yoast_head":"<!-- This site is optimized with the Yoast SEO Premium plugin v20.12 (Yoast SEO v20.12) - https:\/\/yoast.com\/wordpress\/plugins\/seo\/ -->\n<title>Th\u1ea3m Tr\u1ea3i S\u00e0n Kh\u00e1ch S\u1ea1n HT-1000-04 sang tr\u1ecdng v\u00e0 tinh t\u1ebf<\/title>\n<meta name=\"description\" content=\"Th\u1ea3m tr\u1ea3i s\u00e0n \u0111\u01b0\u1eddng d\u1eabn l\u00e0 s\u1ea3n ph\u1ea9m cao c\u1ea5p \u0111em l\u1ea1i c\u1ea3m gi\u00e1c sang tr\u1ecdng tinh t\u1ebf \u0111\u00e1p \u1ee9ng \u0111\u01b0\u1ee3c ti\u00eau ch\u00ed kh\u1eaft khe v\u1ec1 th\u1ea9m m\u1ef9, t\u00ednh an to\u00e0n th\u00e2n thi\u1ec7n\" \/>\n<meta name=\"robots\" content=\"index, follow, max-snippet:-1, max-image-preview:large, max-video-preview:-1\" \/>\n<link rel=\"canonical\" href=\"https:\/\/thamtraisanvanphong.com.vn\/?product=tham-trai-san-khach-san-ht-1000-04\" \/>\n<meta property=\"og:locale\" content=\"vi_VN\" \/>\n<meta property=\"og:type\" content=\"article\" \/>\n<meta property=\"og:title\" content=\"Th\u1ea3m Tr\u1ea3i S\u00e0n Kh\u00e1ch S\u1ea1n HT-1000-04\" \/>\n<meta property=\"og:description\" content=\"Th\u1ea3m tr\u1ea3i s\u00e0n \u0111\u01b0\u1eddng d\u1eabn l\u00e0 s\u1ea3n ph\u1ea9m cao c\u1ea5p \u0111em l\u1ea1i c\u1ea3m gi\u00e1c sang tr\u1ecdng tinh t\u1ebf \u0111\u00e1p \u1ee9ng \u0111\u01b0\u1ee3c ti\u00eau ch\u00ed kh\u1eaft khe v\u1ec1 th\u1ea9m m\u1ef9, t\u00ednh an to\u00e0n th\u00e2n thi\u1ec7n\" \/>\n<meta property=\"og:url\" content=\"https:\/\/thamtraisanvanphong.com.vn\/?product=tham-trai-san-khach-san-ht-1000-04\" \/>\n<meta property=\"og:site_name\" content=\"Thamtraisan\" \/>\n<meta property=\"article:modified_time\" content=\"2026-04-17T08:50:44+00:00\" \/>\n<meta property=\"og:image\" content=\"https:\/\/thamtraisanvanphong.com.vn\/wp-content\/uploads\/2026\/04\/Tham-khach-san-HT-1000-04.png\" \/>\n\t<meta property=\"og:image:width\" content=\"431\" \/>\n\t<meta property=\"og:image:height\" content=\"431\" \/>\n\t<meta property=\"og:image:type\" content=\"image\/png\" \/>\n<meta name=\"twitter:card\" content=\"summary_large_image\" \/>\n<meta name=\"twitter:label1\" content=\"\u01af\u1edbc t\u00ednh th\u1eddi gian \u0111\u1ecdc\" \/>\n\t<meta name=\"twitter:data1\" content=\"3 ph\u00fat\" \/>\n<script type=\"application\/ld+json\" class=\"yoast-schema-graph\">{\"@context\":\"https:\/\/schema.org\",\"@graph\":[{\"@type\":\"WebPage\",\"@id\":\"https:\/\/thamtraisanvanphong.com.vn\/?product=tham-trai-san-khach-san-ht-1000-04\",\"url\":\"https:\/\/thamtraisanvanphong.com.vn\/?product=tham-trai-san-khach-san-ht-1000-04\",\"name\":\"Th\u1ea3m Tr\u1ea3i S\u00e0n Kh\u00e1ch S\u1ea1n HT-1000-04 sang tr\u1ecdng v\u00e0 tinh t\u1ebf\",\"isPartOf\":{\"@id\":\"https:\/\/thamtraisanvanphong.com.vn\/#website\"},\"datePublished\":\"2026-04-17T08:38:48+00:00\",\"dateModified\":\"2026-04-17T08:50:44+00:00\",\"description\":\"Th\u1ea3m tr\u1ea3i s\u00e0n \u0111\u01b0\u1eddng d\u1eabn l\u00e0 s\u1ea3n ph\u1ea9m cao c\u1ea5p \u0111em l\u1ea1i c\u1ea3m gi\u00e1c sang tr\u1ecdng tinh t\u1ebf \u0111\u00e1p \u1ee9ng \u0111\u01b0\u1ee3c ti\u00eau ch\u00ed kh\u1eaft khe v\u1ec1 th\u1ea9m m\u1ef9, t\u00ednh an to\u00e0n th\u00e2n thi\u1ec7n\",\"breadcrumb\":{\"@id\":\"https:\/\/thamtraisanvanphong.com.vn\/?product=tham-trai-san-khach-san-ht-1000-04#breadcrumb\"},\"inLanguage\":\"vi\",\"potentialAction\":[{\"@type\":\"ReadAction\",\"target\":[\"https:\/\/thamtraisanvanphong.com.vn\/?product=tham-trai-san-khach-san-ht-1000-04\"]}]},{\"@type\":\"BreadcrumbList\",\"@id\":\"https:\/\/thamtraisanvanphong.com.vn\/?product=tham-trai-san-khach-san-ht-1000-04#breadcrumb\",\"itemListElement\":[{\"@type\":\"ListItem\",\"position\":1,\"name\":\"Home\",\"item\":\"https:\/\/thamtraisanvanphong.com.vn\/\"},{\"@type\":\"ListItem\",\"position\":2,\"name\":\"C\u1eeda h\u00e0ng\",\"item\":\"https:\/\/thamtraisanvanphong.com.vn\/?page_id=10\"},{\"@type\":\"ListItem\",\"position\":3,\"name\":\"Th\u1ea3m Tr\u1ea3i S\u00e0n Kh\u00e1ch S\u1ea1n HT-1000-04\"}]},{\"@type\":\"WebSite\",\"@id\":\"https:\/\/thamtraisanvanphong.com.vn\/#website\",\"url\":\"https:\/\/thamtraisanvanphong.com.vn\/\",\"name\":\"Thamtraisan\",\"description\":\"Thamtraisangiare\",\"potentialAction\":[{\"@type\":\"SearchAction\",\"target\":{\"@type\":\"EntryPoint\",\"urlTemplate\":\"https:\/\/thamtraisanvanphong.com.vn\/?s={search_term_string}\"},\"query-input\":\"required name=search_term_string\"}],\"inLanguage\":\"vi\"}]}<\/script>\n<!-- \/ Yoast SEO Premium plugin. -->","yoast_head_json":{"title":"Th\u1ea3m Tr\u1ea3i S\u00e0n Kh\u00e1ch S\u1ea1n HT-1000-04 sang tr\u1ecdng v\u00e0 tinh t\u1ebf","description":"Th\u1ea3m tr\u1ea3i s\u00e0n \u0111\u01b0\u1eddng d\u1eabn l\u00e0 s\u1ea3n ph\u1ea9m cao c\u1ea5p \u0111em l\u1ea1i c\u1ea3m gi\u00e1c sang tr\u1ecdng tinh t\u1ebf \u0111\u00e1p \u1ee9ng \u0111\u01b0\u1ee3c ti\u00eau ch\u00ed kh\u1eaft khe v\u1ec1 th\u1ea9m m\u1ef9, t\u00ednh an to\u00e0n th\u00e2n thi\u1ec7n","robots":{"index":"index","follow":"follow","max-snippet":"max-snippet:-1","max-image-preview":"max-image-preview:large","max-video-preview":"max-video-preview:-1"},"canonical":"https:\/\/thamtraisanvanphong.com.vn\/?product=tham-trai-san-khach-san-ht-1000-04","og_locale":"vi_VN","og_type":"article","og_title":"Th\u1ea3m Tr\u1ea3i S\u00e0n Kh\u00e1ch S\u1ea1n HT-1000-04","og_description":"Th\u1ea3m tr\u1ea3i s\u00e0n \u0111\u01b0\u1eddng d\u1eabn l\u00e0 s\u1ea3n ph\u1ea9m cao c\u1ea5p \u0111em l\u1ea1i c\u1ea3m gi\u00e1c sang tr\u1ecdng tinh t\u1ebf \u0111\u00e1p \u1ee9ng \u0111\u01b0\u1ee3c ti\u00eau ch\u00ed kh\u1eaft khe v\u1ec1 th\u1ea9m m\u1ef9, t\u00ednh an to\u00e0n th\u00e2n thi\u1ec7n","og_url":"https:\/\/thamtraisanvanphong.com.vn\/?product=tham-trai-san-khach-san-ht-1000-04","og_site_name":"Thamtraisan","article_modified_time":"2026-04-17T08:50:44+00:00","og_image":[{"width":431,"height":431,"url":"https:\/\/thamtraisanvanphong.com.vn\/wp-content\/uploads\/2026\/04\/Tham-khach-san-HT-1000-04.png","type":"image\/png"}],"twitter_card":"summary_large_image","twitter_misc":{"\u01af\u1edbc t\u00ednh th\u1eddi gian \u0111\u1ecdc":"3 ph\u00fat"},"schema":{"@context":"https:\/\/schema.org","@graph":[{"@type":"WebPage","@id":"https:\/\/thamtraisanvanphong.com.vn\/?product=tham-trai-san-khach-san-ht-1000-04","url":"https:\/\/thamtraisanvanphong.com.vn\/?product=tham-trai-san-khach-san-ht-1000-04","name":"Th\u1ea3m Tr\u1ea3i S\u00e0n Kh\u00e1ch S\u1ea1n HT-1000-04 sang tr\u1ecdng v\u00e0 tinh t\u1ebf","isPartOf":{"@id":"https:\/\/thamtraisanvanphong.com.vn\/#website"},"datePublished":"2026-04-17T08:38:48+00:00","dateModified":"2026-04-17T08:50:44+00:00","description":"Th\u1ea3m tr\u1ea3i s\u00e0n \u0111\u01b0\u1eddng d\u1eabn l\u00e0 s\u1ea3n ph\u1ea9m cao c\u1ea5p \u0111em l\u1ea1i c\u1ea3m gi\u00e1c sang tr\u1ecdng tinh t\u1ebf \u0111\u00e1p \u1ee9ng \u0111\u01b0\u1ee3c ti\u00eau ch\u00ed kh\u1eaft khe v\u1ec1 th\u1ea9m m\u1ef9, t\u00ednh an to\u00e0n th\u00e2n thi\u1ec7n","breadcrumb":{"@id":"https:\/\/thamtraisanvanphong.com.vn\/?product=tham-trai-san-khach-san-ht-1000-04#breadcrumb"},"inLanguage":"vi","potentialAction":[{"@type":"ReadAction","target":["https:\/\/thamtraisanvanphong.com.vn\/?product=tham-trai-san-khach-san-ht-1000-04"]}]},{"@type":"BreadcrumbList","@id":"https:\/\/thamtraisanvanphong.com.vn\/?product=tham-trai-san-khach-san-ht-1000-04#breadcrumb","itemListElement":[{"@type":"ListItem","position":1,"name":"Home","item":"https:\/\/thamtraisanvanphong.com.vn\/"},{"@type":"ListItem","position":2,"name":"C\u1eeda h\u00e0ng","item":"https:\/\/thamtraisanvanphong.com.vn\/?page_id=10"},{"@type":"ListItem","position":3,"name":"Th\u1ea3m Tr\u1ea3i S\u00e0n Kh\u00e1ch S\u1ea1n HT-1000-04"}]},{"@type":"WebSite","@id":"https:\/\/thamtraisanvanphong.com.vn\/#website","url":"https:\/\/thamtraisanvanphong.com.vn\/","name":"Thamtraisan","description":"Thamtraisangiare","potentialAction":[{"@type":"SearchAction","target":{"@type":"EntryPoint","urlTemplate":"https:\/\/thamtraisanvanphong.com.vn\/?s={search_term_string}"},"query-input":"required name=search_term_string"}],"inLanguage":"vi"}]}},"_links":{"self":[{"href":"https:\/\/thamtraisanvanphong.com.vn\/index.php?rest_route=\/wp\/v2\/product\/906","targetHints":{"allow":["GET"]}}],"collection":[{"href":"https:\/\/thamtraisanvanphong.com.vn\/index.php?rest_route=\/wp\/v2\/product"}],"about":[{"href":"https:\/\/thamtraisanvanphong.com.vn\/index.php?rest_route=\/wp\/v2\/types\/product"}],"replies":[{"embeddable":true,"href":"https:\/\/thamtraisanvanphong.com.vn\/index.php?rest_route=%2Fwp%2Fv2%2Fcomments&post=906"}],"wp:featuredmedia":[{"embeddable":true,"href":"https:\/\/thamtraisanvanphong.com.vn\/index.php?rest_route=\/wp\/v2\/media\/910"}],"wp:attachment":[{"href":"https:\/\/thamtraisanvanphong.com.vn\/index.php?rest_route=%2Fwp%2Fv2%2Fmedia&parent=906"}],"wp:term":[{"taxonomy":"product_cat","embeddable":true,"href":"https:\/\/thamtraisanvanphong.com.vn\/index.php?rest_route=%2Fwp%2Fv2%2Fproduct_cat&post=906"},{"taxonomy":"product_tag","embeddable":true,"href":"https:\/\/thamtraisanvanphong.com.vn\/index.php?rest_route=%2Fwp%2Fv2%2Fproduct_tag&post=906"}],"curies":[{"name":"wp","href":"https:\/\/api.w.org\/{rel}","templated":true}]}}