{"id":911,"date":"2026-04-17T15:51:44","date_gmt":"2026-04-17T08:51:44","guid":{"rendered":"https:\/\/thamtraisanvanphong.com.vn\/?post_type=product&#038;p=911"},"modified":"2026-04-17T15:55:36","modified_gmt":"2026-04-17T08:55:36","slug":"tham-trai-san-khach-san-ht-1000-05","status":"publish","type":"product","link":"https:\/\/thamtraisanvanphong.com.vn\/?product=tham-trai-san-khach-san-ht-1000-05","title":{"rendered":"Th\u1ea3m Tr\u1ea3i S\u00e0n Kh\u00e1ch S\u1ea1n HT-1000-05"},"content":{"rendered":"<p data-pm-slice=\"1 1 []\">Trong l\u0129nh v\u1ef1c thi\u1ebft k\u1ebf n\u1ed9i th\u1ea5t kh\u00e1ch s\u1ea1n, th\u1ea3m tr\u1ea3i s\u00e0n \u0111\u00f3ng vai tr\u00f2 kh\u00f4ng ch\u1ec9 l\u00e0 y\u1ebfu t\u1ed1 trang tr\u00ed m\u00e0 c\u00f2n g\u00f3p ph\u1ea7n ho\u00e0n thi\u1ec7n tr\u1ea3i nghi\u1ec7m kh\u00f4ng gian cho kh\u00e1ch h\u00e0ng.\u00a0<strong>Th\u1ea3m tr\u1ea3i s\u00e0n kh\u00e1ch s\u1ea1n HT-1000-05\u00a0<\/strong>l\u00e0 s\u1ea3n ph\u1ea9m k\u1ebft h\u1ee3p gi\u1eefa s\u1ef1 tinh t\u1ebf c\u1ee7a ngh\u1ec7 thu\u1eadt th\u1ecb gi\u00e1c v\u00e0 \u0111\u1ed9 b\u1ec1n v\u01b0\u1ee3t tr\u1ed9i t\u1eeb c\u00f4ng ngh\u1ec7 d\u1ec7t hi\u1ec7n \u0111\u1ea1i. V\u1edbi tone m\u00e0u v\u00e0ng \u2013 xanh \u2013 n\u00e2u \u0111\u1eadm ch\u1ee7 \u0111\u1ea1o, h\u1ecda ti\u1ebft b\u00f4ng ph\u00e1o hoa c\u00e1ch \u0111i\u1ec7u t\u1ea1o hi\u1ec7u \u1ee9ng chuy\u1ec3n \u0111\u1ed9ng v\u00e0 lan t\u1ecfa, m\u1eabu th\u1ea3m n\u00e0y l\u00fd t\u01b0\u1edfng \u0111\u1ec3 s\u1eed d\u1ee5ng t\u1ea1i nh\u1eefng khu v\u1ef1c c\u1ea7n g\u00e2y \u1ea5n t\u01b0\u1ee3ng m\u1ea1nh nh\u01b0 s\u1ea3nh l\u1edbn, h\u1ed9i tr\u01b0\u1eddng, h\u00e0nh lang trung t\u00e2m.<\/p>\n<h2>Thi\u1ebft k\u1ebf t\u00f4n vinh v\u1ebb \u0111\u1eb9p ngh\u1ec7 thu\u1eadt<\/h2>\n<p>M\u1eabu th\u1ea3m HT-1000-05 g\u00e2y \u1ea5n t\u01b0\u1ee3ng m\u1ea1nh m\u1ebd nh\u1edd c\u1ea5u tr\u00fac h\u1ecda ti\u1ebft b\u00f4ng tr\u00f2n lan t\u1ecfa, t\u1ef1a nh\u01b0 ph\u00e1o hoa b\u1eebng s\u00e1ng ho\u1eb7c nh\u1eefng \u0111\u00f3a hoa n\u1edf r\u1ed9 gi\u1eefa \u0111\u00eam ti\u1ec7c. C\u00e1ch s\u1eafp \u0111\u1eb7t xen k\u1ebd gi\u1eefa c\u00e1c m\u1ea3ng m\u00e0u t\u1eeb xanh c\u1ed5 v\u1ecbt, cam \u0111\u1ed3ng v\u00e0 be trung t\u00ednh t\u1ea1o n\u00ean m\u1ed9t nh\u1ecbp \u0111i\u1ec7u th\u1ecb gi\u00e1c v\u1eeba quy c\u1ee7 v\u1eeba sinh \u0111\u1ed9ng. Hi\u1ec7u \u1ee9ng d\u1ec7t nhi\u1ec1u l\u1edbp gi\u00fap b\u1ec1 m\u1eb7t th\u1ea3m c\u00f3 chi\u1ec1u s\u00e2u, t\u1ea1o c\u1ea3m gi\u00e1c chuy\u1ec3n \u0111\u1ed9ng nh\u1eb9 nh\u00e0ng khi di chuy\u1ec3n tr\u00ean b\u1ec1 m\u1eb7t.<\/p>\n<p>B\u00ean c\u1ea1nh y\u1ebfu t\u1ed1 th\u1ea9m m\u1ef9, thi\u1ebft k\u1ebf c\u00f2n mang t\u00ednh bi\u1ec3u t\u01b0\u1ee3ng cao. C\u00e1c h\u1ecda ti\u1ebft tr\u00f2n t\u01b0\u1ee3ng tr\u01b0ng cho s\u1ef1 vi\u00ean m\u00e3n, lan t\u1ecfa v\u00e0 ph\u00e1t tri\u1ec3n th\u1ecbnh v\u01b0\u1ee3ng \u2013 \u0111\u00e2y l\u00e0 m\u1ed9t y\u1ebfu t\u1ed1 r\u1ea5t \u0111\u01b0\u1ee3c \u01b0a chu\u1ed9ng trong thi\u1ebft k\u1ebf kh\u00f4ng gian s\u1ea3nh v\u00e0 h\u1ed9i tr\u01b0\u1eddng kh\u00e1ch s\u1ea1n, n\u01a1i c\u1ea7n th\u1ec3 hi\u1ec7n r\u00f5 phong th\u00e1i chuy\u00ean nghi\u1ec7p v\u00e0 \u0111\u1eb3ng c\u1ea5p.<\/p>\n<h2><img decoding=\"async\" class=\"emoji\" role=\"img\" draggable=\"false\" src=\"https:\/\/s.w.org\/images\/core\/emoji\/17.0.2\/svg\/2728.svg\" alt=\"\u2728\" \/>\u00a0\u01afu \u0111i\u1ec3m n\u1ed5i b\u1eadt<\/h2>\n<ul data-spread=\"false\">\n<li>Thi\u1ebft k\u1ebf hoa v\u0103n hi\u1ec7n \u0111\u1ea1i, mang t\u00ednh ngh\u1ec7 thu\u1eadt cao<\/li>\n<li>M\u00e0u s\u1eafc \u1ea5m \u00e1p \u2013 k\u1ebft h\u1ee3p xanh c\u1ed5 v\u1ecbt, cam ch\u00e1y v\u00e0 be trung t\u00ednh<\/li>\n<li>S\u1ee3i Nylon 6 si\u00eau b\u1ec1n, kh\u00f3 phai m\u00e0u, d\u1ec5 v\u1ec7 sinh<\/li>\n<li>Kh\u1ea3 n\u0103ng gi\u1ea3m \u1ed3n v\u01b0\u1ee3t tr\u1ed9i \u2013 l\u00fd t\u01b0\u1edfng cho s\u1ea3nh, h\u00e0nh lang<\/li>\n<li>\u0110\u1ebf PP woven gi\u00fap ch\u1ed1ng tr\u01a1n tr\u01b0\u1ee3t, \u0111\u1ea3m b\u1ea3o an to\u00e0n khi \u0111i l\u1ea1i<\/li>\n<li>D\u1ec5 d\u00e0ng thi c\u00f4ng v\u1edbi kh\u1ed5 l\u1edbn, h\u1ea1n ch\u1ebf gh\u00e9p m\u00ed<\/li>\n<li>Ph\u00f9 h\u1ee3p v\u1edbi nhi\u1ec1u phong c\u00e1ch thi\u1ebft k\u1ebf n\u1ed9i th\u1ea5t kh\u00e1ch s\u1ea1n t\u1eeb c\u1ed5 \u0111i\u1ec3n \u0111\u1ebfn hi\u1ec7n \u0111\u1ea1i<\/li>\n<\/ul>\n<h2><img decoding=\"async\" class=\"emoji\" role=\"img\" draggable=\"false\" src=\"https:\/\/s.w.org\/images\/core\/emoji\/17.0.2\/svg\/1f3e0.svg\" alt=\"\ud83c\udfe0\" \/>\u00a0\u1ee8ng d\u1ee5ng linh ho\u1ea1t<\/h2>\n<p>Th\u1ea3m HT-1000-05 kh\u00f4ng ch\u1ec9 ph\u00f9 h\u1ee3p cho kh\u00e1ch s\u1ea1n cao c\u1ea5p m\u00e0 c\u00f2n l\u00e0 l\u1ef1a ch\u1ecdn l\u00fd t\u01b0\u1edfng cho nhi\u1ec1u kh\u00f4ng gian:<\/p>\n<ul data-spread=\"false\">\n<li>S\u1ea3nh \u0111\u00f3n ti\u1ebfp kh\u00e1ch s\u1ea1n, resort<\/li>\n<li>H\u00e0nh lang c\u00e1c t\u1ea7ng, khu chuy\u1ec3n ti\u1ebfp<\/li>\n<li>H\u1ed9i tr\u01b0\u1eddng, ph\u00f2ng h\u1ecdp l\u1edbn, trung t\u00e2m h\u1ed9i ngh\u1ecb<\/li>\n<li>Khu v\u1ef1c lounge, ph\u00f2ng ti\u1ec7c, nh\u00e0 h\u00e0ng<\/li>\n<\/ul>\n<p>V\u1edbi kh\u1ea3 n\u0103ng ch\u1ecbu l\u1ef1c t\u1ed1t v\u00e0 ch\u1ed1ng m\u00e0i m\u00f2n hi\u1ec7u qu\u1ea3, th\u1ea3m c\u00f2n c\u00f3 th\u1ec3 \u1ee9ng d\u1ee5ng trong kh\u00f4ng gian c\u00f3 l\u01b0u l\u01b0\u1ee3ng ng\u01b0\u1eddi qua l\u1ea1i cao nh\u01b0 khu v\u1ef1c check-in, l\u1ed1i \u0111i chung, c\u1ea7u thang b\u1ed9, ho\u1eb7c c\u00e1c showroom cao c\u1ea5p c\u1ea7n t\u1ea1o s\u1ef1 kh\u00e1c bi\u1ec7t.<\/p>\n<h2>\u00a0K\u1ebft lu\u1eadn<\/h2>\n<p><strong>Th\u1ea3m tr\u1ea3i s\u00e0n kh\u00e1ch s\u1ea1n HT-1000-05<\/strong>\u00a0l\u00e0 gi\u1ea3i ph\u00e1p l\u00fd t\u01b0\u1edfng cho nh\u1eefng d\u1ef1 \u00e1n c\u1ea7n m\u1ed9t s\u1ea3n ph\u1ea9m v\u1eeba mang t\u00ednh th\u1ea9m m\u1ef9 cao v\u1eeba \u0111\u00e1p \u1ee9ng t\u1ed1t y\u00eau c\u1ea7u v\u1ec1 \u0111\u1ed9 b\u1ec1n, ch\u1ed1ng \u1ed3n v\u00e0 an to\u00e0n. Thi\u1ebft k\u1ebf h\u1ecda ti\u1ebft ph\u00e1 c\u00e1ch c\u00f9ng ch\u1ea5t li\u1ec7u s\u1ee3i cao c\u1ea5p gi\u00fap n\u00e2ng t\u1ea7m m\u1ecdi kh\u00f4ng gian tr\u1edf n\u00ean \u0111\u1eb3ng c\u1ea5p v\u00e0 \u0111\u1ea7y d\u1ea5u \u1ea5n. S\u1ea3n ph\u1ea9m kh\u00f4ng ch\u1ec9 l\u00e0 v\u1eadt li\u1ec7u l\u00e1t s\u00e0n, m\u00e0 c\u00f2n l\u00e0 m\u1ed9t ph\u1ea7n c\u1ee7a ngh\u1ec7 thu\u1eadt ki\u1ebfn t\u1ea1o tr\u1ea3i nghi\u1ec7m l\u01b0u tr\u00fa ho\u00e0n h\u1ea3o.<\/p>\n<figure id=\"attachment_1190\" class=\"wp-caption aligncenter\" aria-describedby=\"caption-attachment-1190\"><\/figure>\n","protected":false},"excerpt":{"rendered":"<h2 data-start=\"4031\" data-end=\"4063\">Th\u00f4ng s\u1ed1 k\u1ef9 thu\u1eadt chi ti\u1ebft<\/h2>\n<div class=\"_tableContainer_16hzy_1\">\n<div class=\"_tableWrapper_16hzy_14 group flex w-fit flex-col-reverse\" tabindex=\"-1\">\n<table class=\"w-fit min-w-(--thread-content-width)\" data-start=\"4065\" data-end=\"4694\">\n<thead data-start=\"4065\" data-end=\"4134\">\n<tr data-start=\"4065\" data-end=\"4134\">\n<th data-start=\"4065\" data-end=\"4089\" data-col-size=\"sm\">Th\u00f4ng s\u1ed1<\/th>\n<th data-start=\"4089\" data-end=\"4134\" data-col-size=\"sm\">Chi ti\u1ebft<\/th>\n<\/tr>\n<\/thead>\n<tbody data-start=\"4205\" data-end=\"4694\">\n<tr data-start=\"4205\" data-end=\"4274\">\n<td data-start=\"4205\" data-end=\"4229\" data-col-size=\"sm\">Ch\u1ea5t li\u1ec7u s\u1ee3i<\/td>\n<td data-start=\"4229\" data-end=\"4274\" data-col-size=\"sm\">100% S\u1ee3i Nylon 6<\/td>\n<\/tr>\n<tr data-start=\"4275\" data-end=\"4344\">\n<td data-start=\"4275\" data-end=\"4299\" data-col-size=\"sm\">Ki\u1ec3u d\u1ec7t<\/td>\n<td data-start=\"4299\" data-end=\"4344\" data-col-size=\"sm\">Cut Pile<\/td>\n<\/tr>\n<tr data-start=\"4345\" data-end=\"4414\">\n<td data-start=\"4345\" data-end=\"4369\" data-col-size=\"sm\">M\u1eadt \u0111\u1ed9 s\u1ee3i<\/td>\n<td data-start=\"4369\" data-end=\"4414\" data-col-size=\"sm\">1000 gram\/m\u00b2<\/td>\n<\/tr>\n<tr data-start=\"4415\" data-end=\"4484\">\n<td data-start=\"4415\" data-end=\"4439\" data-col-size=\"sm\">T\u1ed5ng chi\u1ec1u cao<\/td>\n<td data-start=\"4439\" data-end=\"4484\" data-col-size=\"sm\">9mm (\u00b15%)<\/td>\n<\/tr>\n<tr data-start=\"4485\" data-end=\"4554\">\n<td data-start=\"4485\" data-end=\"4509\" data-col-size=\"sm\">Chi\u1ec1u cao s\u1ee3i<\/td>\n<td data-start=\"4509\" data-end=\"4554\" data-col-size=\"sm\">6mm (\u00b15%)<\/td>\n<\/tr>\n<tr data-start=\"4555\" data-end=\"4624\">\n<td data-start=\"4555\" data-end=\"4579\" data-col-size=\"sm\">Kh\u1ed5 th\u1ea3m<\/td>\n<td data-start=\"4579\" data-end=\"4624\" data-col-size=\"sm\">3.66m ho\u1eb7c 4.00m<\/td>\n<\/tr>\n<tr data-start=\"4625\" data-end=\"4694\">\n<td data-start=\"4625\" data-end=\"4649\" data-col-size=\"sm\">Lo\u1ea1i \u0111\u1ebf<\/td>\n<td data-start=\"4649\" data-end=\"4694\" data-col-size=\"sm\">PP Woven \u2013 Ch\u1ed1ng tr\u01b0\u1ee3t, d\u1ec5 thi c\u00f4ng<\/td>\n<\/tr>\n<\/tbody>\n<\/table>\n<div class=\"sticky end-(--thread-content-margin) h-0 self-end select-none\">\n<div class=\"absolute end-0 flex items-end\"><\/div>\n<\/div>\n<\/div>\n<\/div>\n","protected":false},"featured_media":913,"comment_status":"open","ping_status":"closed","template":"","meta":[],"product_cat":[150],"product_tag":[171,172,173,174,175,176,177,178,179,180],"class_list":{"0":"post-911","1":"product","2":"type-product","3":"status-publish","4":"has-post-thumbnail","6":"product_cat-tham-khach-san","7":"product_tag-tham-hanh-lang-cao-cap","8":"product_tag-tham-hoa-van-sang-trong","9":"product_tag-tham-khach-san-4m","10":"product_tag-tham-khach-san-de-pp-woven","11":"product_tag-tham-khach-san-dep","12":"product_tag-tham-khach-san-nghe-thuat","13":"product_tag-tham-mau-vang-xanh-nau","14":"product_tag-tham-soi-nylon-cao-cap","15":"product_tag-tham-trai-san-hoi-truong","16":"product_tag-tham-trang-tri-khach-san","18":"first","19":"instock","20":"sale","21":"shipping-taxable","22":"purchasable","23":"product-type-simple"},"yoast_head":"<!-- This site is optimized with the Yoast SEO Premium plugin v20.12 (Yoast SEO v20.12) - https:\/\/yoast.com\/wordpress\/plugins\/seo\/ -->\n<title>Th\u1ea3m Tr\u1ea3i S\u00e0n Kh\u00e1ch S\u1ea1n HT-1000-05 sang tr\u1ecdng v\u00e0 tinh t\u1ebf<\/title>\n<meta name=\"description\" content=\"Th\u1ea3m tr\u1ea3i s\u00e0n \u0111\u01b0\u1eddng d\u1eabn l\u00e0 s\u1ea3n ph\u1ea9m cao c\u1ea5p \u0111em l\u1ea1i c\u1ea3m gi\u00e1c sang tr\u1ecdng tinh t\u1ebf \u0111\u00e1p \u1ee9ng \u0111\u01b0\u1ee3c ti\u00eau ch\u00ed kh\u1eaft khe v\u1ec1 th\u1ea9m m\u1ef9, t\u00ednh an to\u00e0n th\u00e2n thi\u1ec7n\" \/>\n<meta name=\"robots\" content=\"index, follow, max-snippet:-1, max-image-preview:large, max-video-preview:-1\" \/>\n<link rel=\"canonical\" href=\"https:\/\/thamtraisanvanphong.com.vn\/?product=tham-trai-san-khach-san-ht-1000-05\" \/>\n<meta property=\"og:locale\" content=\"vi_VN\" \/>\n<meta property=\"og:type\" content=\"article\" \/>\n<meta property=\"og:title\" content=\"Th\u1ea3m Tr\u1ea3i S\u00e0n Kh\u00e1ch S\u1ea1n HT-1000-05\" \/>\n<meta property=\"og:description\" content=\"Th\u1ea3m tr\u1ea3i s\u00e0n \u0111\u01b0\u1eddng d\u1eabn l\u00e0 s\u1ea3n ph\u1ea9m cao c\u1ea5p \u0111em l\u1ea1i c\u1ea3m gi\u00e1c sang tr\u1ecdng tinh t\u1ebf \u0111\u00e1p \u1ee9ng \u0111\u01b0\u1ee3c ti\u00eau ch\u00ed kh\u1eaft khe v\u1ec1 th\u1ea9m m\u1ef9, t\u00ednh an to\u00e0n th\u00e2n thi\u1ec7n\" \/>\n<meta property=\"og:url\" content=\"https:\/\/thamtraisanvanphong.com.vn\/?product=tham-trai-san-khach-san-ht-1000-05\" \/>\n<meta property=\"og:site_name\" content=\"Thamtraisan\" \/>\n<meta property=\"article:modified_time\" content=\"2026-04-17T08:55:36+00:00\" \/>\n<meta property=\"og:image\" content=\"https:\/\/thamtraisanvanphong.com.vn\/wp-content\/uploads\/2026\/04\/Tham-khach-san-HT-1000-05-pc.png\" \/>\n\t<meta property=\"og:image:width\" content=\"999\" \/>\n\t<meta property=\"og:image:height\" content=\"762\" \/>\n\t<meta property=\"og:image:type\" content=\"image\/png\" \/>\n<meta name=\"twitter:card\" content=\"summary_large_image\" \/>\n<meta name=\"twitter:label1\" content=\"\u01af\u1edbc t\u00ednh th\u1eddi gian \u0111\u1ecdc\" \/>\n\t<meta name=\"twitter:data1\" content=\"4 ph\u00fat\" \/>\n<script type=\"application\/ld+json\" class=\"yoast-schema-graph\">{\"@context\":\"https:\/\/schema.org\",\"@graph\":[{\"@type\":\"WebPage\",\"@id\":\"https:\/\/thamtraisanvanphong.com.vn\/?product=tham-trai-san-khach-san-ht-1000-05\",\"url\":\"https:\/\/thamtraisanvanphong.com.vn\/?product=tham-trai-san-khach-san-ht-1000-05\",\"name\":\"Th\u1ea3m Tr\u1ea3i S\u00e0n Kh\u00e1ch S\u1ea1n HT-1000-05 sang tr\u1ecdng v\u00e0 tinh t\u1ebf\",\"isPartOf\":{\"@id\":\"https:\/\/thamtraisanvanphong.com.vn\/#website\"},\"datePublished\":\"2026-04-17T08:51:44+00:00\",\"dateModified\":\"2026-04-17T08:55:36+00:00\",\"description\":\"Th\u1ea3m tr\u1ea3i s\u00e0n \u0111\u01b0\u1eddng d\u1eabn l\u00e0 s\u1ea3n ph\u1ea9m cao c\u1ea5p \u0111em l\u1ea1i c\u1ea3m gi\u00e1c sang tr\u1ecdng tinh t\u1ebf \u0111\u00e1p \u1ee9ng \u0111\u01b0\u1ee3c ti\u00eau ch\u00ed kh\u1eaft khe v\u1ec1 th\u1ea9m m\u1ef9, t\u00ednh an to\u00e0n th\u00e2n thi\u1ec7n\",\"breadcrumb\":{\"@id\":\"https:\/\/thamtraisanvanphong.com.vn\/?product=tham-trai-san-khach-san-ht-1000-05#breadcrumb\"},\"inLanguage\":\"vi\",\"potentialAction\":[{\"@type\":\"ReadAction\",\"target\":[\"https:\/\/thamtraisanvanphong.com.vn\/?product=tham-trai-san-khach-san-ht-1000-05\"]}]},{\"@type\":\"BreadcrumbList\",\"@id\":\"https:\/\/thamtraisanvanphong.com.vn\/?product=tham-trai-san-khach-san-ht-1000-05#breadcrumb\",\"itemListElement\":[{\"@type\":\"ListItem\",\"position\":1,\"name\":\"Home\",\"item\":\"https:\/\/thamtraisanvanphong.com.vn\/\"},{\"@type\":\"ListItem\",\"position\":2,\"name\":\"C\u1eeda h\u00e0ng\",\"item\":\"https:\/\/thamtraisanvanphong.com.vn\/?page_id=10\"},{\"@type\":\"ListItem\",\"position\":3,\"name\":\"Th\u1ea3m Tr\u1ea3i S\u00e0n Kh\u00e1ch S\u1ea1n HT-1000-05\"}]},{\"@type\":\"WebSite\",\"@id\":\"https:\/\/thamtraisanvanphong.com.vn\/#website\",\"url\":\"https:\/\/thamtraisanvanphong.com.vn\/\",\"name\":\"Thamtraisan\",\"description\":\"Thamtraisangiare\",\"potentialAction\":[{\"@type\":\"SearchAction\",\"target\":{\"@type\":\"EntryPoint\",\"urlTemplate\":\"https:\/\/thamtraisanvanphong.com.vn\/?s={search_term_string}\"},\"query-input\":\"required name=search_term_string\"}],\"inLanguage\":\"vi\"}]}<\/script>\n<!-- \/ Yoast SEO Premium plugin. -->","yoast_head_json":{"title":"Th\u1ea3m Tr\u1ea3i S\u00e0n Kh\u00e1ch S\u1ea1n HT-1000-05 sang tr\u1ecdng v\u00e0 tinh t\u1ebf","description":"Th\u1ea3m tr\u1ea3i s\u00e0n \u0111\u01b0\u1eddng d\u1eabn l\u00e0 s\u1ea3n ph\u1ea9m cao c\u1ea5p \u0111em l\u1ea1i c\u1ea3m gi\u00e1c sang tr\u1ecdng tinh t\u1ebf \u0111\u00e1p \u1ee9ng \u0111\u01b0\u1ee3c ti\u00eau ch\u00ed kh\u1eaft khe v\u1ec1 th\u1ea9m m\u1ef9, t\u00ednh an to\u00e0n th\u00e2n thi\u1ec7n","robots":{"index":"index","follow":"follow","max-snippet":"max-snippet:-1","max-image-preview":"max-image-preview:large","max-video-preview":"max-video-preview:-1"},"canonical":"https:\/\/thamtraisanvanphong.com.vn\/?product=tham-trai-san-khach-san-ht-1000-05","og_locale":"vi_VN","og_type":"article","og_title":"Th\u1ea3m Tr\u1ea3i S\u00e0n Kh\u00e1ch S\u1ea1n HT-1000-05","og_description":"Th\u1ea3m tr\u1ea3i s\u00e0n \u0111\u01b0\u1eddng d\u1eabn l\u00e0 s\u1ea3n ph\u1ea9m cao c\u1ea5p \u0111em l\u1ea1i c\u1ea3m gi\u00e1c sang tr\u1ecdng tinh t\u1ebf \u0111\u00e1p \u1ee9ng \u0111\u01b0\u1ee3c ti\u00eau ch\u00ed kh\u1eaft khe v\u1ec1 th\u1ea9m m\u1ef9, t\u00ednh an to\u00e0n th\u00e2n thi\u1ec7n","og_url":"https:\/\/thamtraisanvanphong.com.vn\/?product=tham-trai-san-khach-san-ht-1000-05","og_site_name":"Thamtraisan","article_modified_time":"2026-04-17T08:55:36+00:00","og_image":[{"width":999,"height":762,"url":"https:\/\/thamtraisanvanphong.com.vn\/wp-content\/uploads\/2026\/04\/Tham-khach-san-HT-1000-05-pc.png","type":"image\/png"}],"twitter_card":"summary_large_image","twitter_misc":{"\u01af\u1edbc t\u00ednh th\u1eddi gian \u0111\u1ecdc":"4 ph\u00fat"},"schema":{"@context":"https:\/\/schema.org","@graph":[{"@type":"WebPage","@id":"https:\/\/thamtraisanvanphong.com.vn\/?product=tham-trai-san-khach-san-ht-1000-05","url":"https:\/\/thamtraisanvanphong.com.vn\/?product=tham-trai-san-khach-san-ht-1000-05","name":"Th\u1ea3m Tr\u1ea3i S\u00e0n Kh\u00e1ch S\u1ea1n HT-1000-05 sang tr\u1ecdng v\u00e0 tinh t\u1ebf","isPartOf":{"@id":"https:\/\/thamtraisanvanphong.com.vn\/#website"},"datePublished":"2026-04-17T08:51:44+00:00","dateModified":"2026-04-17T08:55:36+00:00","description":"Th\u1ea3m tr\u1ea3i s\u00e0n \u0111\u01b0\u1eddng d\u1eabn l\u00e0 s\u1ea3n ph\u1ea9m cao c\u1ea5p \u0111em l\u1ea1i c\u1ea3m gi\u00e1c sang tr\u1ecdng tinh t\u1ebf \u0111\u00e1p \u1ee9ng \u0111\u01b0\u1ee3c ti\u00eau ch\u00ed kh\u1eaft khe v\u1ec1 th\u1ea9m m\u1ef9, t\u00ednh an to\u00e0n th\u00e2n thi\u1ec7n","breadcrumb":{"@id":"https:\/\/thamtraisanvanphong.com.vn\/?product=tham-trai-san-khach-san-ht-1000-05#breadcrumb"},"inLanguage":"vi","potentialAction":[{"@type":"ReadAction","target":["https:\/\/thamtraisanvanphong.com.vn\/?product=tham-trai-san-khach-san-ht-1000-05"]}]},{"@type":"BreadcrumbList","@id":"https:\/\/thamtraisanvanphong.com.vn\/?product=tham-trai-san-khach-san-ht-1000-05#breadcrumb","itemListElement":[{"@type":"ListItem","position":1,"name":"Home","item":"https:\/\/thamtraisanvanphong.com.vn\/"},{"@type":"ListItem","position":2,"name":"C\u1eeda h\u00e0ng","item":"https:\/\/thamtraisanvanphong.com.vn\/?page_id=10"},{"@type":"ListItem","position":3,"name":"Th\u1ea3m Tr\u1ea3i S\u00e0n Kh\u00e1ch S\u1ea1n HT-1000-05"}]},{"@type":"WebSite","@id":"https:\/\/thamtraisanvanphong.com.vn\/#website","url":"https:\/\/thamtraisanvanphong.com.vn\/","name":"Thamtraisan","description":"Thamtraisangiare","potentialAction":[{"@type":"SearchAction","target":{"@type":"EntryPoint","urlTemplate":"https:\/\/thamtraisanvanphong.com.vn\/?s={search_term_string}"},"query-input":"required name=search_term_string"}],"inLanguage":"vi"}]}},"_links":{"self":[{"href":"https:\/\/thamtraisanvanphong.com.vn\/index.php?rest_route=\/wp\/v2\/product\/911","targetHints":{"allow":["GET"]}}],"collection":[{"href":"https:\/\/thamtraisanvanphong.com.vn\/index.php?rest_route=\/wp\/v2\/product"}],"about":[{"href":"https:\/\/thamtraisanvanphong.com.vn\/index.php?rest_route=\/wp\/v2\/types\/product"}],"replies":[{"embeddable":true,"href":"https:\/\/thamtraisanvanphong.com.vn\/index.php?rest_route=%2Fwp%2Fv2%2Fcomments&post=911"}],"wp:featuredmedia":[{"embeddable":true,"href":"https:\/\/thamtraisanvanphong.com.vn\/index.php?rest_route=\/wp\/v2\/media\/913"}],"wp:attachment":[{"href":"https:\/\/thamtraisanvanphong.com.vn\/index.php?rest_route=%2Fwp%2Fv2%2Fmedia&parent=911"}],"wp:term":[{"taxonomy":"product_cat","embeddable":true,"href":"https:\/\/thamtraisanvanphong.com.vn\/index.php?rest_route=%2Fwp%2Fv2%2Fproduct_cat&post=911"},{"taxonomy":"product_tag","embeddable":true,"href":"https:\/\/thamtraisanvanphong.com.vn\/index.php?rest_route=%2Fwp%2Fv2%2Fproduct_tag&post=911"}],"curies":[{"name":"wp","href":"https:\/\/api.w.org\/{rel}","templated":true}]}}