{"id":912,"date":"2026-04-17T15:51:46","date_gmt":"2026-04-17T08:51:46","guid":{"rendered":"https:\/\/thamtraisanvanphong.com.vn\/?post_type=product&#038;p=912"},"modified":"2026-04-17T15:59:08","modified_gmt":"2026-04-17T08:59:08","slug":"tham-trai-san-khach-san-ht-1200-01","status":"publish","type":"product","link":"https:\/\/thamtraisanvanphong.com.vn\/?product=tham-trai-san-khach-san-ht-1200-01","title":{"rendered":"Th\u1ea3m Tr\u1ea3i S\u00e0n Kh\u00e1ch S\u1ea1n HT-1200-01"},"content":{"rendered":"<p data-pm-slice=\"1 1 []\"><strong>Th\u1ea3m tr\u1ea3i s\u00e0n kh\u00e1ch s\u1ea1n HT-1200-01<\/strong>\u00a0\u0111\u01b0\u1ee3c thi\u1ebft k\u1ebf \u0111\u1ec3 \u0111\u00e1p \u1ee9ng nhu c\u1ea7u th\u1ea9m m\u1ef9 cao trong nh\u1eefng kh\u00f4ng gian sang tr\u1ecdng nh\u01b0 kh\u00e1ch s\u1ea1n cao c\u1ea5p, resort hay trung t\u00e2m h\u1ed9i ngh\u1ecb. S\u1ef1 \u0111\u1ed3ng \u0111i\u1ec7u gi\u1eefa hoa v\u0103n trang \u0111i\u1ec3m, h\u1ecda ti\u1ebft \u0111\u1ed1i x\u1ee9ng v\u00e0 gam m\u00e0u xanh x\u00e1m v\u00e0ng kim mang l\u1ea1i c\u1ea3m gi\u00e1c trang nh\u00e3, b\u00ecnh l\u1eb7ng m\u00e0 v\u1eabn \u0111\u1ee7 \u1ea5n t\u01b0\u1ee3ng.<\/p>\n<p>V\u1edbi \u0111\u1eb7c t\u00ednh ch\u1ecbu l\u1ef1c, kh\u00e1ng khu\u1ea9n, ch\u1ed1ng tr\u01b0\u1ee3t v\u00e0 \u0111\u1ed9 b\u1ec1n v\u01b0\u1ee3t tr\u1ed9i, HT-1200-01 x\u1ee9ng \u0111\u00e1ng l\u00e0 s\u1ef1 l\u1ef1a ch\u1ecdn l\u00fd t\u01b0\u1edfng cho nh\u1eefng d\u1ef1 \u00e1n y\u00eau c\u1ea7u cao v\u1ec1 ch\u1ea5t l\u01b0\u1ee3ng l\u1eabn h\u00ecnh th\u1ee9c.<\/p>\n<h2><img decoding=\"async\" class=\"emoji\" role=\"img\" draggable=\"false\" src=\"https:\/\/s.w.org\/images\/core\/emoji\/17.0.2\/svg\/1f3a8.svg\" alt=\"\ud83c\udfa8\" \/>\u00a0Thi\u1ebft k\u1ebf \u0111\u1ed9c \u0111\u00e1o &amp; t\u00f4n l\u00ean d\u00e1ng v\u1ebb n\u1ed9i th\u1ea5t<\/h2>\n<p>H\u1ecda ti\u1ebft c\u1ee7a HT-1200-01 \u0111\u01b0\u1ee3c x\u00e2y d\u1ef1ng tr\u00ean \u0111\u1ec1 t\u00e0i trang tr\u00ed hoa v\u0103n \u0111\u1ed1i x\u1ee9ng, xen k\u1ebb hoa v\u0103n d\u00e2n gian \u0111\u1eb7c tr\u01b0ng c\u1ee7a Ngh\u1ec7 thu\u1eadt Ph\u01b0\u01a1ng \u0110\u00f4ng. C\u00e1c \u0111\u01b0\u1eddng n\u00e9t u\u1ed1n l\u01b0\u1ee3n nh\u1eb9 nh\u00e0ng, nh\u1eefng h\u1ecda ti\u1ebft tr\u00f2n \u0111\u1eb7t xen k\u1ebd t\u1ea1o c\u1ea3m gi\u00e1c \u0111\u1ed9ng nh\u1ecbp v\u00e0 \u0111\u1ed9 s\u00e2u cho t\u1ed5ng th\u1ec3. Gam m\u00e0u x\u00e1m trung t\u00ednh \u0111\u01b0\u1ee3c nh\u1ea5n b\u1edfi nh\u1eefng \u0111\u01b0\u1eddng v\u00e0ng kim, xanh d\u01b0\u01a1ng \u0111\u1eadm t\u1ea1o s\u1ef1 \u0111\u1ed1i l\u1eadp tinh t\u1ebf gi\u00fap kh\u00f4ng gian v\u1eeba sang tr\u1ecdng v\u1eeba th\u1ed5i h\u00f4n nghi\u1ec7m m\u00e0u s\u00e1ng t\u1ea1o.<\/p>\n<p>C\u00f4ng ngh\u1ec7 d\u1ec7t Cut Pile gi\u00fac s\u1ee3i th\u1ea3m m\u1ec1m m\u1ecbn b\u1ec1n b\u1ec9 v\u00e0 gi\u1eef \u0111\u01b0\u1ee3c hi\u1ec7u \u1ee9ng th\u1ecb gi\u00e1c trong th\u1eddi gian d\u00e0i. B\u1ec1 m\u1eb7t th\u1ea3m c\u00f3 \u0111\u1ed9 n\u1ed5i nh\u1ecf nh\u1edd, \u0111em l\u1ea1i c\u1ea3m gi\u00e1c b\u01b0\u1edbc ch\u00e2n \u00eam \u00e1i, gi\u1ea3m ti\u1ebfng \u1ed3n v\u00e0 t\u0103ng t\u00ednh \u0111\u1ed3ng nh\u1ea5t trong t\u1ed5ng th\u1ec3 thi\u1ebft k\u1ebf.<\/p>\n<h2>\u00a0\u01afu \u0111i\u1ec3m n\u1ed5i b\u1eadt<\/h2>\n<ul data-spread=\"false\">\n<li>H\u1ecda ti\u1ebft \u0111\u1ed1i x\u1ee9ng t\u1ea1o nh\u1ecbp \u0111i\u1ec7u th\u1ecb gi\u00e1c<\/li>\n<li>T\u00f4ng m\u00e0u xanh x\u00e1m trung t\u00ednh nh\u1ea5n v\u00e0ng kim sang tr\u1ecdng<\/li>\n<li>C\u00f4ng ngh\u1ec7 Cut Pile mang \u0111\u1ebfn \u0111\u1ed9 n\u1ed5i v\u00e0 \u00eam \u00e1i ho\u00e0n h\u1ea3o<\/li>\n<li>S\u1ee3i Nylon 6 cao c\u1ea5p b\u1ec1n b\u1ec9, ch\u1ed1ng m\u00e0i m\u00f2n, kh\u00e1ng khu\u1ea9n<\/li>\n<li>\u0110\u1ebf PP woven ch\u1ed1ng tr\u01b0\u1ee3t, d\u1ec5 l\u1eafp \u0111\u1eb7t<\/li>\n<li>Gi\u00fap gi\u1ea3m \u1ed3n, t\u0103ng s\u1ef1 \u00eam \u00e1i cho kh\u00f4ng gian<\/li>\n<li>Gi\u1eef \u0111\u01b0\u1ee3c h\u00ecnh th\u1ee9c \u0111\u1eb9p l\u00e2u d\u00e0i theo th\u1eddi gian<\/li>\n<\/ul>\n<h2>\u1ee8ng d\u1ee5ng th\u1ef1c t\u1ebf<\/h2>\n<p>M\u1eabu\u00a0<strong>HT-1200-01<\/strong>\u00a0l\u00e0 l\u1ef1a ch\u1ecdn ho\u00e0n h\u1ea3o cho nhi\u1ec1u lo\u1ea1i h\u00ecnh kh\u00f4ng gian:<\/p>\n<ul data-spread=\"false\">\n<li>Kh\u00e1ch s\u1ea1n 4-5 sao<\/li>\n<li>Resort cao c\u1ea5p, khu ngh\u1ec9 d\u01b0\u1ee1ng<\/li>\n<li>Ph\u00f2ng ti\u1ec7c, ph\u00f2ng \u0111\u1ea1i h\u1ed9i, h\u1ed9i ngh\u1ecb<\/li>\n<li>Showroom n\u1ed9i th\u1ea5t<\/li>\n<li>Trung t\u00e2m ngh\u1ec7 thu\u1eadt v\u00e0 s\u1ef1 ki\u1ec7n cao c\u1ea5p<\/li>\n<\/ul>\n<p>S\u1ef1 \u0111a d\u1ea1ng trong thi\u1ebft k\u1ebf v\u00e0 linh ho\u1ea1t trong s\u1eed d\u1ee5ng khi\u1ebfn HT-1200-01 tr\u1edf th\u00e0nh s\u1ea3n ph\u1ea9m \u201cmust-have\u201d trong danh m\u1ee5c l\u1ef1a ch\u1ecdn v\u1eadt li\u1ec7u n\u1ed9i th\u1ea5t cao c\u1ea5p.<\/p>\n<h2>K\u1ebft lu\u1eadn<\/h2>\n<p><strong>Th\u1ea3m tr\u1ea3i s\u00e0n HT-1200-01<\/strong>\u00a0\u0111em l\u1ea1i s\u1ef1 h\u00e0i h\u00f2a gi\u1eefa ngh\u1ec7 thu\u1eadt thi\u1ebft k\u1ebf v\u00e0 c\u00f4ng n\u0103ng s\u1eed d\u1ee5ng. M\u1eabu th\u1ea3m n\u00e0y kh\u00f4ng ch\u1ec9 ph\u00f9 h\u1ee3p v\u1edbi nh\u1eefng kh\u00f4ng gian sang tr\u1ecdng c\u1ea7n g\u00e2y \u1ea5n t\u01b0\u1ee3ng v\u1ec1 m\u1ef1 th\u1ed1ng nh\u1ea5t v\u00e0 \u0111\u1ed3ng b\u1ed9, m\u00e0 c\u00f2n l\u00e0 gi\u1ea3i ph\u00e1p l\u00fd t\u01b0\u1edfng \u0111\u1ec3 n\u00e2ng t\u1ea7m tr\u1ea3i nghi\u1ec7m c\u1ee7a kh\u00e1ch h\u00e0ng.<\/p>\n<figure id=\"attachment_1190\" class=\"wp-caption aligncenter\" aria-describedby=\"caption-attachment-1190\"><\/figure>\n","protected":false},"excerpt":{"rendered":"<h2 data-start=\"4031\" data-end=\"4063\">Th\u00f4ng s\u1ed1 k\u1ef9 thu\u1eadt chi ti\u1ebft<\/h2>\n<div class=\"_tableContainer_16hzy_1\">\n<div class=\"_tableWrapper_16hzy_14 group flex w-fit flex-col-reverse\" tabindex=\"-1\">\n<table class=\"w-fit min-w-(--thread-content-width)\" data-start=\"4065\" data-end=\"4694\">\n<thead data-start=\"4065\" data-end=\"4134\">\n<tr data-start=\"4065\" data-end=\"4134\">\n<th data-start=\"4065\" data-end=\"4089\" data-col-size=\"sm\">Th\u00f4ng s\u1ed1<\/th>\n<th data-start=\"4089\" data-end=\"4134\" data-col-size=\"sm\">Chi ti\u1ebft<\/th>\n<\/tr>\n<\/thead>\n<tbody data-start=\"4205\" data-end=\"4694\">\n<tr data-start=\"4205\" data-end=\"4274\">\n<td data-start=\"4205\" data-end=\"4229\" data-col-size=\"sm\">Ch\u1ea5t li\u1ec7u s\u1ee3i<\/td>\n<td data-start=\"4229\" data-end=\"4274\" data-col-size=\"sm\">100% S\u1ee3i Nylon 6<\/td>\n<\/tr>\n<tr data-start=\"4275\" data-end=\"4344\">\n<td data-start=\"4275\" data-end=\"4299\" data-col-size=\"sm\">Ki\u1ec3u d\u1ec7t<\/td>\n<td data-start=\"4299\" data-end=\"4344\" data-col-size=\"sm\">Cut Pile<\/td>\n<\/tr>\n<tr data-start=\"4345\" data-end=\"4414\">\n<td data-start=\"4345\" data-end=\"4369\" data-col-size=\"sm\">M\u1eadt \u0111\u1ed9 s\u1ee3i<\/td>\n<td data-start=\"4369\" data-end=\"4414\" data-col-size=\"sm\">1000 gram\/m\u00b2<\/td>\n<\/tr>\n<tr data-start=\"4415\" data-end=\"4484\">\n<td data-start=\"4415\" data-end=\"4439\" data-col-size=\"sm\">T\u1ed5ng chi\u1ec1u cao<\/td>\n<td data-start=\"4439\" data-end=\"4484\" data-col-size=\"sm\">9mm (\u00b15%)<\/td>\n<\/tr>\n<tr data-start=\"4485\" data-end=\"4554\">\n<td data-start=\"4485\" data-end=\"4509\" data-col-size=\"sm\">Chi\u1ec1u cao s\u1ee3i<\/td>\n<td data-start=\"4509\" data-end=\"4554\" data-col-size=\"sm\">6mm (\u00b15%)<\/td>\n<\/tr>\n<tr data-start=\"4555\" data-end=\"4624\">\n<td data-start=\"4555\" data-end=\"4579\" data-col-size=\"sm\">Kh\u1ed5 th\u1ea3m<\/td>\n<td data-start=\"4579\" data-end=\"4624\" data-col-size=\"sm\">3.66m ho\u1eb7c 4.00m<\/td>\n<\/tr>\n<tr data-start=\"4625\" data-end=\"4694\">\n<td data-start=\"4625\" data-end=\"4649\" data-col-size=\"sm\">Lo\u1ea1i \u0111\u1ebf<\/td>\n<td data-start=\"4649\" data-end=\"4694\" data-col-size=\"sm\">PP Woven \u2013 Ch\u1ed1ng tr\u01b0\u1ee3t, d\u1ec5 thi c\u00f4ng<\/td>\n<\/tr>\n<\/tbody>\n<\/table>\n<div class=\"sticky end-(--thread-content-margin) h-0 self-end select-none\">\n<div class=\"absolute end-0 flex items-end\"><\/div>\n<\/div>\n<\/div>\n<\/div>\n","protected":false},"featured_media":916,"comment_status":"open","ping_status":"closed","template":"","meta":[],"product_cat":[150],"product_tag":[181,182,156,157,183,158,184,159,185,186,160],"class_list":{"0":"post-912","1":"product","2":"type-product","3":"status-publish","4":"has-post-thumbnail","6":"product_cat-tham-khach-san","7":"product_tag-tham-cut-pile-cao-cap","8":"product_tag-tham-de-pp-woven","9":"product_tag-tham-khach-san","10":"product_tag-tham-mau-be","11":"product_tag-tham-mau-xanh-xam-vang-kim","12":"product_tag-tham-nylon-6","13":"product_tag-tham-soi-nylon-6","14":"product_tag-tham-trai-san","15":"product_tag-tham-trai-san-khach-san-cao-cap","16":"product_tag-tham-trang-tri-hoi-nghi","17":"product_tag-vinecom","19":"first","20":"instock","21":"sale","22":"shipping-taxable","23":"purchasable","24":"product-type-simple"},"yoast_head":"<!-- This site is optimized with the Yoast SEO Premium plugin v20.12 (Yoast SEO v20.12) - https:\/\/yoast.com\/wordpress\/plugins\/seo\/ -->\n<title>Th\u1ea3m Tr\u1ea3i S\u00e0n Kh\u00e1ch S\u1ea1n HT-1200-01 sang tr\u1ecdng v\u00e0 tinh t\u1ebf<\/title>\n<meta name=\"description\" content=\"Th\u1ea3m tr\u1ea3i s\u00e0n \u0111\u01b0\u1eddng d\u1eabn l\u00e0 s\u1ea3n ph\u1ea9m cao c\u1ea5p \u0111em l\u1ea1i c\u1ea3m gi\u00e1c sang tr\u1ecdng tinh t\u1ebf \u0111\u00e1p \u1ee9ng \u0111\u01b0\u1ee3c ti\u00eau ch\u00ed kh\u1eaft khe v\u1ec1 th\u1ea9m m\u1ef9, t\u00ednh an to\u00e0n th\u00e2n thi\u1ec7n\" \/>\n<meta name=\"robots\" content=\"index, follow, max-snippet:-1, max-image-preview:large, max-video-preview:-1\" \/>\n<link rel=\"canonical\" href=\"https:\/\/thamtraisanvanphong.com.vn\/?product=tham-trai-san-khach-san-ht-1200-01\" \/>\n<meta property=\"og:locale\" content=\"vi_VN\" \/>\n<meta property=\"og:type\" content=\"article\" \/>\n<meta property=\"og:title\" content=\"Th\u1ea3m Tr\u1ea3i S\u00e0n Kh\u00e1ch S\u1ea1n HT-1200-01\" \/>\n<meta property=\"og:description\" content=\"Th\u1ea3m tr\u1ea3i s\u00e0n \u0111\u01b0\u1eddng d\u1eabn l\u00e0 s\u1ea3n ph\u1ea9m cao c\u1ea5p \u0111em l\u1ea1i c\u1ea3m gi\u00e1c sang tr\u1ecdng tinh t\u1ebf \u0111\u00e1p \u1ee9ng \u0111\u01b0\u1ee3c ti\u00eau ch\u00ed kh\u1eaft khe v\u1ec1 th\u1ea9m m\u1ef9, t\u00ednh an to\u00e0n th\u00e2n thi\u1ec7n\" \/>\n<meta property=\"og:url\" content=\"https:\/\/thamtraisanvanphong.com.vn\/?product=tham-trai-san-khach-san-ht-1200-01\" \/>\n<meta property=\"og:site_name\" content=\"Thamtraisan\" \/>\n<meta property=\"article:modified_time\" content=\"2026-04-17T08:59:08+00:00\" \/>\n<meta property=\"og:image\" content=\"https:\/\/thamtraisanvanphong.com.vn\/wp-content\/uploads\/2026\/04\/Tham-khach-san-HT-1200-01.png\" \/>\n\t<meta property=\"og:image:width\" content=\"304\" \/>\n\t<meta property=\"og:image:height\" content=\"300\" \/>\n\t<meta property=\"og:image:type\" content=\"image\/png\" \/>\n<meta name=\"twitter:card\" content=\"summary_large_image\" \/>\n<meta name=\"twitter:label1\" content=\"\u01af\u1edbc t\u00ednh th\u1eddi gian \u0111\u1ecdc\" \/>\n\t<meta name=\"twitter:data1\" content=\"3 ph\u00fat\" \/>\n<script type=\"application\/ld+json\" class=\"yoast-schema-graph\">{\"@context\":\"https:\/\/schema.org\",\"@graph\":[{\"@type\":\"WebPage\",\"@id\":\"https:\/\/thamtraisanvanphong.com.vn\/?product=tham-trai-san-khach-san-ht-1200-01\",\"url\":\"https:\/\/thamtraisanvanphong.com.vn\/?product=tham-trai-san-khach-san-ht-1200-01\",\"name\":\"Th\u1ea3m Tr\u1ea3i S\u00e0n Kh\u00e1ch S\u1ea1n HT-1200-01 sang tr\u1ecdng v\u00e0 tinh t\u1ebf\",\"isPartOf\":{\"@id\":\"https:\/\/thamtraisanvanphong.com.vn\/#website\"},\"datePublished\":\"2026-04-17T08:51:46+00:00\",\"dateModified\":\"2026-04-17T08:59:08+00:00\",\"description\":\"Th\u1ea3m tr\u1ea3i s\u00e0n \u0111\u01b0\u1eddng d\u1eabn l\u00e0 s\u1ea3n ph\u1ea9m cao c\u1ea5p \u0111em l\u1ea1i c\u1ea3m gi\u00e1c sang tr\u1ecdng tinh t\u1ebf \u0111\u00e1p \u1ee9ng \u0111\u01b0\u1ee3c ti\u00eau ch\u00ed kh\u1eaft khe v\u1ec1 th\u1ea9m m\u1ef9, t\u00ednh an to\u00e0n th\u00e2n thi\u1ec7n\",\"breadcrumb\":{\"@id\":\"https:\/\/thamtraisanvanphong.com.vn\/?product=tham-trai-san-khach-san-ht-1200-01#breadcrumb\"},\"inLanguage\":\"vi\",\"potentialAction\":[{\"@type\":\"ReadAction\",\"target\":[\"https:\/\/thamtraisanvanphong.com.vn\/?product=tham-trai-san-khach-san-ht-1200-01\"]}]},{\"@type\":\"BreadcrumbList\",\"@id\":\"https:\/\/thamtraisanvanphong.com.vn\/?product=tham-trai-san-khach-san-ht-1200-01#breadcrumb\",\"itemListElement\":[{\"@type\":\"ListItem\",\"position\":1,\"name\":\"Home\",\"item\":\"https:\/\/thamtraisanvanphong.com.vn\/\"},{\"@type\":\"ListItem\",\"position\":2,\"name\":\"C\u1eeda h\u00e0ng\",\"item\":\"https:\/\/thamtraisanvanphong.com.vn\/?page_id=10\"},{\"@type\":\"ListItem\",\"position\":3,\"name\":\"Th\u1ea3m Tr\u1ea3i S\u00e0n Kh\u00e1ch S\u1ea1n HT-1200-01\"}]},{\"@type\":\"WebSite\",\"@id\":\"https:\/\/thamtraisanvanphong.com.vn\/#website\",\"url\":\"https:\/\/thamtraisanvanphong.com.vn\/\",\"name\":\"Thamtraisan\",\"description\":\"Thamtraisangiare\",\"potentialAction\":[{\"@type\":\"SearchAction\",\"target\":{\"@type\":\"EntryPoint\",\"urlTemplate\":\"https:\/\/thamtraisanvanphong.com.vn\/?s={search_term_string}\"},\"query-input\":\"required name=search_term_string\"}],\"inLanguage\":\"vi\"}]}<\/script>\n<!-- \/ Yoast SEO Premium plugin. -->","yoast_head_json":{"title":"Th\u1ea3m Tr\u1ea3i S\u00e0n Kh\u00e1ch S\u1ea1n HT-1200-01 sang tr\u1ecdng v\u00e0 tinh t\u1ebf","description":"Th\u1ea3m tr\u1ea3i s\u00e0n \u0111\u01b0\u1eddng d\u1eabn l\u00e0 s\u1ea3n ph\u1ea9m cao c\u1ea5p \u0111em l\u1ea1i c\u1ea3m gi\u00e1c sang tr\u1ecdng tinh t\u1ebf \u0111\u00e1p \u1ee9ng \u0111\u01b0\u1ee3c ti\u00eau ch\u00ed kh\u1eaft khe v\u1ec1 th\u1ea9m m\u1ef9, t\u00ednh an to\u00e0n th\u00e2n thi\u1ec7n","robots":{"index":"index","follow":"follow","max-snippet":"max-snippet:-1","max-image-preview":"max-image-preview:large","max-video-preview":"max-video-preview:-1"},"canonical":"https:\/\/thamtraisanvanphong.com.vn\/?product=tham-trai-san-khach-san-ht-1200-01","og_locale":"vi_VN","og_type":"article","og_title":"Th\u1ea3m Tr\u1ea3i S\u00e0n Kh\u00e1ch S\u1ea1n HT-1200-01","og_description":"Th\u1ea3m tr\u1ea3i s\u00e0n \u0111\u01b0\u1eddng d\u1eabn l\u00e0 s\u1ea3n ph\u1ea9m cao c\u1ea5p \u0111em l\u1ea1i c\u1ea3m gi\u00e1c sang tr\u1ecdng tinh t\u1ebf \u0111\u00e1p \u1ee9ng \u0111\u01b0\u1ee3c ti\u00eau ch\u00ed kh\u1eaft khe v\u1ec1 th\u1ea9m m\u1ef9, t\u00ednh an to\u00e0n th\u00e2n thi\u1ec7n","og_url":"https:\/\/thamtraisanvanphong.com.vn\/?product=tham-trai-san-khach-san-ht-1200-01","og_site_name":"Thamtraisan","article_modified_time":"2026-04-17T08:59:08+00:00","og_image":[{"width":304,"height":300,"url":"https:\/\/thamtraisanvanphong.com.vn\/wp-content\/uploads\/2026\/04\/Tham-khach-san-HT-1200-01.png","type":"image\/png"}],"twitter_card":"summary_large_image","twitter_misc":{"\u01af\u1edbc t\u00ednh th\u1eddi gian \u0111\u1ecdc":"3 ph\u00fat"},"schema":{"@context":"https:\/\/schema.org","@graph":[{"@type":"WebPage","@id":"https:\/\/thamtraisanvanphong.com.vn\/?product=tham-trai-san-khach-san-ht-1200-01","url":"https:\/\/thamtraisanvanphong.com.vn\/?product=tham-trai-san-khach-san-ht-1200-01","name":"Th\u1ea3m Tr\u1ea3i S\u00e0n Kh\u00e1ch S\u1ea1n HT-1200-01 sang tr\u1ecdng v\u00e0 tinh t\u1ebf","isPartOf":{"@id":"https:\/\/thamtraisanvanphong.com.vn\/#website"},"datePublished":"2026-04-17T08:51:46+00:00","dateModified":"2026-04-17T08:59:08+00:00","description":"Th\u1ea3m tr\u1ea3i s\u00e0n \u0111\u01b0\u1eddng d\u1eabn l\u00e0 s\u1ea3n ph\u1ea9m cao c\u1ea5p \u0111em l\u1ea1i c\u1ea3m gi\u00e1c sang tr\u1ecdng tinh t\u1ebf \u0111\u00e1p \u1ee9ng \u0111\u01b0\u1ee3c ti\u00eau ch\u00ed kh\u1eaft khe v\u1ec1 th\u1ea9m m\u1ef9, t\u00ednh an to\u00e0n th\u00e2n thi\u1ec7n","breadcrumb":{"@id":"https:\/\/thamtraisanvanphong.com.vn\/?product=tham-trai-san-khach-san-ht-1200-01#breadcrumb"},"inLanguage":"vi","potentialAction":[{"@type":"ReadAction","target":["https:\/\/thamtraisanvanphong.com.vn\/?product=tham-trai-san-khach-san-ht-1200-01"]}]},{"@type":"BreadcrumbList","@id":"https:\/\/thamtraisanvanphong.com.vn\/?product=tham-trai-san-khach-san-ht-1200-01#breadcrumb","itemListElement":[{"@type":"ListItem","position":1,"name":"Home","item":"https:\/\/thamtraisanvanphong.com.vn\/"},{"@type":"ListItem","position":2,"name":"C\u1eeda h\u00e0ng","item":"https:\/\/thamtraisanvanphong.com.vn\/?page_id=10"},{"@type":"ListItem","position":3,"name":"Th\u1ea3m Tr\u1ea3i S\u00e0n Kh\u00e1ch S\u1ea1n HT-1200-01"}]},{"@type":"WebSite","@id":"https:\/\/thamtraisanvanphong.com.vn\/#website","url":"https:\/\/thamtraisanvanphong.com.vn\/","name":"Thamtraisan","description":"Thamtraisangiare","potentialAction":[{"@type":"SearchAction","target":{"@type":"EntryPoint","urlTemplate":"https:\/\/thamtraisanvanphong.com.vn\/?s={search_term_string}"},"query-input":"required name=search_term_string"}],"inLanguage":"vi"}]}},"_links":{"self":[{"href":"https:\/\/thamtraisanvanphong.com.vn\/index.php?rest_route=\/wp\/v2\/product\/912","targetHints":{"allow":["GET"]}}],"collection":[{"href":"https:\/\/thamtraisanvanphong.com.vn\/index.php?rest_route=\/wp\/v2\/product"}],"about":[{"href":"https:\/\/thamtraisanvanphong.com.vn\/index.php?rest_route=\/wp\/v2\/types\/product"}],"replies":[{"embeddable":true,"href":"https:\/\/thamtraisanvanphong.com.vn\/index.php?rest_route=%2Fwp%2Fv2%2Fcomments&post=912"}],"wp:featuredmedia":[{"embeddable":true,"href":"https:\/\/thamtraisanvanphong.com.vn\/index.php?rest_route=\/wp\/v2\/media\/916"}],"wp:attachment":[{"href":"https:\/\/thamtraisanvanphong.com.vn\/index.php?rest_route=%2Fwp%2Fv2%2Fmedia&parent=912"}],"wp:term":[{"taxonomy":"product_cat","embeddable":true,"href":"https:\/\/thamtraisanvanphong.com.vn\/index.php?rest_route=%2Fwp%2Fv2%2Fproduct_cat&post=912"},{"taxonomy":"product_tag","embeddable":true,"href":"https:\/\/thamtraisanvanphong.com.vn\/index.php?rest_route=%2Fwp%2Fv2%2Fproduct_tag&post=912"}],"curies":[{"name":"wp","href":"https:\/\/api.w.org\/{rel}","templated":true}]}}