{"id":917,"date":"2026-04-17T15:59:53","date_gmt":"2026-04-17T08:59:53","guid":{"rendered":"https:\/\/thamtraisanvanphong.com.vn\/?post_type=product&#038;p=917"},"modified":"2026-04-18T20:05:35","modified_gmt":"2026-04-18T13:05:35","slug":"tham-trai-san-khach-san-ht-1200-02","status":"publish","type":"product","link":"https:\/\/thamtraisanvanphong.com.vn\/?product=tham-trai-san-khach-san-ht-1200-02","title":{"rendered":"Th\u1ea3m Tr\u1ea3i S\u00e0n Kh\u00e1ch S\u1ea1n HT-1200-02"},"content":{"rendered":"<p data-pm-slice=\"1 1 []\"><strong>Th\u1ea3m tr\u1ea3i s\u00e0n kh\u00e1ch s\u1ea1n HT-1200-02<\/strong>\u00a0l\u00e0 m\u1ed9t trong nh\u1eefng thi\u1ebft k\u1ebf \u0111\u1eb7c bi\u1ec7t trong b\u1ed9 s\u01b0u t\u1eadp th\u1ea3m s\u1ee3i Nylon cao c\u1ea5p, \u0111\u01b0\u1ee3c thi\u1ebft k\u1ebf \u0111\u1ec3 g\u00e2y d\u1ea5u \u1ea5n m\u1ea1nh m\u1ebd ngay khi \u0111\u1eb7t ch\u00e2n v\u00e0o kh\u00f4ng gian. H\u1ecda ti\u1ebft g\u1ed3m c\u00e1c kh\u1ed1i h\u1ed9p, l\u01b0\u1edbi \u0111an ch\u00e9o \u0111\u01b0\u1ee3c c\u1eaft tr\u00ean ba kh\u1ed1i m\u00e0u: xanh h\u1ea3i s\u00e2u, ghi v\u00e0 cam n\u00f3ng, mang \u0111\u1ebfn s\u1ef1 t\u01b0\u01a1ng ph\u1ea3n m\u00e0u s\u1eafc \u0111\u1ea7y ngh\u1ec7 thu\u1eadt.<\/p>\n<p>Kh\u00f4ng ch\u1ec9 \u0111\u01b0\u1ee3c \u0111\u00e1nh gi\u00e1 cao v\u1ec1 t\u00ednh th\u1ea9m m\u1ef9, HT-1200-02 c\u00f2n s\u1edf h\u1eefu nhi\u1ec1u \u0111\u1eb7c t\u00ednh k\u1ef9 thu\u1eadt nh\u01b0 ch\u1ed1ng tr\u01b0\u1ee3t, ch\u1ed1ng b\u1ecdng, d\u1ec5 thi c\u00f4ng, kh\u00e1ng khu\u1ea9n v\u00e0 b\u1ec1n b\u1ec9 theo th\u1eddi gian<\/p>\n<h2 data-pm-slice=\"1 1 []\">Thi\u1ebft k\u1ebf m\u1ea1nh m\u1ebd \u0111\u1ea7y ng\u1eabu h\u1ee9ng<\/h2>\n<p>Thi\u1ebft k\u1ebf c\u1ee7a\u00a0<strong>HT-1200-02<\/strong>\u00a0mang h\u01a1i h\u01b0\u1edbng tr\u01b0\u1eddng ph\u00e1i hi\u1ec7n \u0111\u1ea1i pha tr\u1ed9n phong c\u00e1ch c\u00f4ng nghi\u1ec7p v\u1edbi k\u1ef9 thu\u1eadt l\u1ed3ng gh\u00e9p m\u00e0u s\u1eafc. M\u1ed7i kh\u1ed1i m\u00e0u \u0111\u01b0\u1ee3c \u0111\u1eb7t \u0111\u1ed1i x\u1ee9ng tr\u00ean b\u1ec1n m\u1eb7t 4m, cho ph\u00e9p t\u1ea1o hi\u1ec7u \u1ee9ng kh\u00e1c bi\u1ec7t khi thi c\u00f4ng trong nh\u1eefng kh\u00f4ng gian l\u1edbn.<\/p>\n<p>C\u00e1c \u0111\u01b0\u1eddng l\u01b0\u1edbi \u0111an xen ch\u1eb3ng ch\u1ecbu \u0111\u01b0\u1ee3c x\u1eed l\u00fd b\u1eb1ng hi\u1ec7u \u1ee9ng in k\u1ef9 thu\u1eadt cao, khi\u1ebfn th\u1ea3m gi\u1eef \u0111\u01b0\u1ee3c \u0111\u1ed9 chi ti\u1ebft v\u00e0 \u0111\u1ed9 n\u1ed5i r\u00f5 r\u00e0ng. C\u00f4ng ngh\u1ec7 d\u1ec7t\u00a0<strong>Cut Pile<\/strong>\u00a0gi\u00fap m\u1eb7t th\u1ea3m m\u1ec1m, b\u00ean v\u00e0 mang \u0111\u1ebfn c\u1ea3m gi\u00e1c \u00eam ch\u00e2n, h\u1ea1n ch\u1ebf \u1ed3n v\u00e0 gi\u1eef nhi\u1ec7t t\u1ed1t.<\/p>\n<p>M\u1eabu th\u1ea3m n\u00e0y th\u00edch h\u1ee3p cho c\u00e1c kh\u00f4ng gian c\u1ea7n s\u1ef1 n\u0103ng \u0111\u1ed9ng v\u00e0 kh\u00e1c bi\u1ec7t nh\u01b0 khu v\u1ef1c s\u1ea3nh l\u1edbn, h\u00e0nh lang trung t\u00e2m, l\u1ed1i v\u00e0o kh\u00e1ch s\u1ea1n hay khu tr\u01b0ng b\u00e0y.<\/p>\n<p><strong>\u00a0\u01afu \u0111i\u1ec3m n\u1ed5i b\u1eadt<\/strong><\/p>\n<ul data-spread=\"false\">\n<li>H\u1ecda ti\u1ebft l\u1ed3ng gh\u00e9p 3 t\u00f4ng m\u00e0u \u0111\u1ed1i l\u1eadp nh\u01b0ng h\u00e0i ho\u00e0<\/li>\n<li>\u0110\u01b0\u1eddng l\u01b0\u1edbi \u0111an xen t\u1ea1o nh\u1ecbp \u0111i\u1ec7u th\u1ecb gi\u00e1c<\/li>\n<li>S\u1ee3i Nylon 6 cao c\u1ea5p gi\u00fap b\u1ec1n, kh\u00e1ng khu\u1ea9n, ch\u1ed1ng nh\u00e0u<\/li>\n<li>B\u1ebf m\u1eb7t Cut Pile m\u1ec1m m\u1ecbn, t\u1ea1o c\u1ea3m gi\u00e1c cao c\u1ea5p khi b\u01b0\u1edbc<\/li>\n<li>Ch\u1ed1ng tr\u01b0\u1ee3t, h\u1ea1n ch\u1ebf ti\u1ebfng \u1ed3n hi\u1ec7u qu\u1ea3<\/li>\n<li>Thi c\u00f4ng d\u1ec5 d\u00e0ng v\u00e0 nhanh ch\u00f3ng<\/li>\n<li>Gi\u1eef h\u00ecnh th\u1ee9c th\u1ea9m m\u1ef9 trong th\u1eddi gian d\u00e0i<\/li>\n<\/ul>\n<h2 data-pm-slice=\"1 1 []\">\u1ee8ng d\u1ee5ng th\u1ef1c t\u1ebf<\/h2>\n<p>V\u1edbi s\u1ef1 linh ho\u1ea1t trong thi\u1ebft k\u1ebf,\u00a0<strong>HT-1200-02<\/strong>\u00a0c\u00f3 th\u1ec3 \u00e1p d\u1ee5ng hi\u1ec7u qu\u1ea3 trong nhi\u1ec1u lo\u1ea1i kh\u00f4ng gian:<\/p>\n<ul data-spread=\"false\">\n<li>Kh\u00e1ch s\u1ea1n cao c\u1ea5p, resort 5 sao<\/li>\n<li>Khu v\u1ef1c s\u1ea3nh, l\u1ed1i v\u00e0o, h\u00e0nh lang trung t\u00e2m<\/li>\n<li>Trung t\u00e2m h\u1ed9i nghi, nh\u00e0 h\u00e1t, ph\u00f2ng \u0111\u1ea1i h\u1ed9i<\/li>\n<li>Showroom, gallery ngh\u1ec7 thu\u1eadt<\/li>\n<li>Khu tri\u1ec3n l\u00e3m, khu tr\u01b0ng b\u00e0y n\u1ed9i th\u1ea5t<\/li>\n<\/ul>\n<p>Kh\u00f4ng ch\u1ec9 gi\u00fap n\u00e2ng t\u1ea7m th\u1ea9m m\u1ef9 cho to\u00e0n b\u1ed9 thi\u1ebft k\u1ebf, HT-1200-02 c\u00f2n h\u1ed7 tr\u1ee3 c\u00e2n b\u1eb1ng \u00e2m thanh, gi\u1eef nhi\u1ec7t, gia t\u0103ng \u1ea3m \u00e1p v\u00e0 \u0111\u1ed3ng nh\u1ea5t cho kh\u00f4ng gian n\u1ed9i th\u1ea5t.<\/p>\n<p><strong>\u00a0K\u1ebft lu\u1eadn<\/strong><\/p>\n<p><strong>Th\u1ea3m tr\u1ea3i s\u00e0n kh\u00e1ch s\u1ea1n HT-1200-02<\/strong>\u00a0l\u00e0 s\u1ef1 k\u1ebft h\u1ee3p gi\u1eefa ngh\u1ec7 thu\u1eadt thi\u1ebft k\u1ebf m\u00e0u s\u1eafc \u0111\u1ed1i l\u1eadp \u0111\u1ea7y ng\u1ea7u h\u1ee9ng v\u00e0 t\u00ednh \u1ee9ng d\u1ee5ng th\u1ef1c ti\u1ec5n trong m\u1ed9t s\u1ea3n ph\u1ea9m cao c\u1ea5p. T\u1eebng chi ti\u1ebft \u0111\u01b0\u1ee3c x\u1eed l\u00fd ch\u1ec9n chu, k\u1ebft h\u1ee3p c\u00f9ng ch\u1ea5t li\u1ec7u Nylon 6 cao c\u1ea5p v\u00e0 \u0111\u1ebf PP woven ch\u1ed1ng tr\u01b0\u1ee3t, \u0111\u00e3 gi\u00fap s\u1ea3n ph\u1ea9m n\u00e0y tr\u1edf th\u00e0nh l\u1ef1a ch\u1ecdn h\u00e0ng \u0111\u1ea7u cho nh\u1eefng c\u00f4ng tr\u00ecnh \u0111\u00f2i h\u1ecfi t\u00ednh \u0111\u1ed3ng b\u1ed9.<\/p>\n<figure id=\"attachment_1190\" class=\"wp-caption aligncenter\" aria-describedby=\"caption-attachment-1190\"><\/figure>\n","protected":false},"excerpt":{"rendered":"<h2 data-start=\"4031\" data-end=\"4063\">Th\u00f4ng s\u1ed1 k\u1ef9 thu\u1eadt chi ti\u1ebft<\/h2>\n<div class=\"_tableContainer_16hzy_1\">\n<div class=\"_tableWrapper_16hzy_14 group flex w-fit flex-col-reverse\" tabindex=\"-1\">\n<table class=\"w-fit min-w-(--thread-content-width)\" data-start=\"4065\" data-end=\"4694\">\n<thead data-start=\"4065\" data-end=\"4134\">\n<tr data-start=\"4065\" data-end=\"4134\">\n<th data-start=\"4065\" data-end=\"4089\" data-col-size=\"sm\">Th\u00f4ng s\u1ed1<\/th>\n<th data-start=\"4089\" data-end=\"4134\" data-col-size=\"sm\">Chi ti\u1ebft<\/th>\n<\/tr>\n<\/thead>\n<tbody data-start=\"4205\" data-end=\"4694\">\n<tr data-start=\"4205\" data-end=\"4274\">\n<td data-start=\"4205\" data-end=\"4229\" data-col-size=\"sm\">Ch\u1ea5t li\u1ec7u s\u1ee3i<\/td>\n<td data-start=\"4229\" data-end=\"4274\" data-col-size=\"sm\">100% S\u1ee3i Nylon 6<\/td>\n<\/tr>\n<tr data-start=\"4275\" data-end=\"4344\">\n<td data-start=\"4275\" data-end=\"4299\" data-col-size=\"sm\">Ki\u1ec3u d\u1ec7t<\/td>\n<td data-start=\"4299\" data-end=\"4344\" data-col-size=\"sm\">Cut Pile<\/td>\n<\/tr>\n<tr data-start=\"4345\" data-end=\"4414\">\n<td data-start=\"4345\" data-end=\"4369\" data-col-size=\"sm\">M\u1eadt \u0111\u1ed9 s\u1ee3i<\/td>\n<td data-start=\"4369\" data-end=\"4414\" data-col-size=\"sm\">1000 gram\/m\u00b2<\/td>\n<\/tr>\n<tr data-start=\"4415\" data-end=\"4484\">\n<td data-start=\"4415\" data-end=\"4439\" data-col-size=\"sm\">T\u1ed5ng chi\u1ec1u cao<\/td>\n<td data-start=\"4439\" data-end=\"4484\" data-col-size=\"sm\">9mm (\u00b15%)<\/td>\n<\/tr>\n<tr data-start=\"4485\" data-end=\"4554\">\n<td data-start=\"4485\" data-end=\"4509\" data-col-size=\"sm\">Chi\u1ec1u cao s\u1ee3i<\/td>\n<td data-start=\"4509\" data-end=\"4554\" data-col-size=\"sm\">6mm (\u00b15%)<\/td>\n<\/tr>\n<tr data-start=\"4555\" data-end=\"4624\">\n<td data-start=\"4555\" data-end=\"4579\" data-col-size=\"sm\">Kh\u1ed5 th\u1ea3m<\/td>\n<td data-start=\"4579\" data-end=\"4624\" data-col-size=\"sm\">3.66m ho\u1eb7c 4.00m<\/td>\n<\/tr>\n<tr data-start=\"4625\" data-end=\"4694\">\n<td data-start=\"4625\" data-end=\"4649\" data-col-size=\"sm\">Lo\u1ea1i \u0111\u1ebf<\/td>\n<td data-start=\"4649\" data-end=\"4694\" data-col-size=\"sm\">PP Woven \u2013 Ch\u1ed1ng tr\u01b0\u1ee3t, d\u1ec5 thi c\u00f4ng<\/td>\n<\/tr>\n<\/tbody>\n<\/table>\n<div class=\"sticky end-(--thread-content-margin) h-0 self-end select-none\">\n<div class=\"absolute end-0 flex items-end\"><\/div>\n<\/div>\n<\/div>\n<\/div>\n","protected":false},"featured_media":925,"comment_status":"open","ping_status":"closed","template":"","meta":[],"product_cat":[150],"product_tag":[187,188,152,163,189,190,191],"class_list":{"0":"post-917","1":"product","2":"type-product","3":"status-publish","4":"has-post-thumbnail","6":"product_cat-tham-khach-san","7":"product_tag-tham-3-tong-mau","8":"product_tag-tham-chong-truot-pp-woven","9":"product_tag-tham-cut-pile","10":"product_tag-tham-khach-san-cao-cap","11":"product_tag-tham-loi-vao-khach-san","12":"product_tag-tham-trai-san-soi-nylon","13":"product_tag-tham-trang-tri-sanh","15":"first","16":"instock","17":"sale","18":"shipping-taxable","19":"purchasable","20":"product-type-simple"},"yoast_head":"<!-- This site is optimized with the Yoast SEO Premium plugin v20.12 (Yoast SEO v20.12) - https:\/\/yoast.com\/wordpress\/plugins\/seo\/ -->\n<title>Th\u1ea3m Tr\u1ea3i S\u00e0n Kh\u00e1ch S\u1ea1n HT-1200-02 sang tr\u1ecdng v\u00e0 tinh t\u1ebf<\/title>\n<meta name=\"description\" content=\"Th\u1ea3m tr\u1ea3i s\u00e0n \u0111\u01b0\u1eddng d\u1eabn l\u00e0 s\u1ea3n ph\u1ea9m cao c\u1ea5p \u0111em l\u1ea1i c\u1ea3m gi\u00e1c sang tr\u1ecdng tinh t\u1ebf \u0111\u00e1p \u1ee9ng \u0111\u01b0\u1ee3c ti\u00eau ch\u00ed kh\u1eaft khe v\u1ec1 th\u1ea9m m\u1ef9, t\u00ednh an to\u00e0n th\u00e2n thi\u1ec7n\" \/>\n<meta name=\"robots\" content=\"index, follow, max-snippet:-1, max-image-preview:large, max-video-preview:-1\" \/>\n<link rel=\"canonical\" href=\"https:\/\/thamtraisanvanphong.com.vn\/?product=tham-trai-san-khach-san-ht-1200-02\" \/>\n<meta property=\"og:locale\" content=\"vi_VN\" \/>\n<meta property=\"og:type\" content=\"article\" \/>\n<meta property=\"og:title\" content=\"Th\u1ea3m Tr\u1ea3i S\u00e0n Kh\u00e1ch S\u1ea1n HT-1200-02\" \/>\n<meta property=\"og:description\" content=\"Th\u1ea3m tr\u1ea3i s\u00e0n \u0111\u01b0\u1eddng d\u1eabn l\u00e0 s\u1ea3n ph\u1ea9m cao c\u1ea5p \u0111em l\u1ea1i c\u1ea3m gi\u00e1c sang tr\u1ecdng tinh t\u1ebf \u0111\u00e1p \u1ee9ng \u0111\u01b0\u1ee3c ti\u00eau ch\u00ed kh\u1eaft khe v\u1ec1 th\u1ea9m m\u1ef9, t\u00ednh an to\u00e0n th\u00e2n thi\u1ec7n\" \/>\n<meta property=\"og:url\" content=\"https:\/\/thamtraisanvanphong.com.vn\/?product=tham-trai-san-khach-san-ht-1200-02\" \/>\n<meta property=\"og:site_name\" content=\"Thamtraisan\" \/>\n<meta property=\"article:modified_time\" content=\"2026-04-18T13:05:35+00:00\" \/>\n<meta property=\"og:image\" content=\"https:\/\/thamtraisanvanphong.com.vn\/wp-content\/uploads\/2026\/04\/Tham-khach-san-HT-1200-02.png\" \/>\n\t<meta property=\"og:image:width\" content=\"329\" \/>\n\t<meta property=\"og:image:height\" content=\"330\" \/>\n\t<meta property=\"og:image:type\" content=\"image\/png\" \/>\n<meta name=\"twitter:card\" content=\"summary_large_image\" \/>\n<meta name=\"twitter:label1\" content=\"\u01af\u1edbc t\u00ednh th\u1eddi gian \u0111\u1ecdc\" \/>\n\t<meta name=\"twitter:data1\" content=\"3 ph\u00fat\" \/>\n<script type=\"application\/ld+json\" class=\"yoast-schema-graph\">{\"@context\":\"https:\/\/schema.org\",\"@graph\":[{\"@type\":\"WebPage\",\"@id\":\"https:\/\/thamtraisanvanphong.com.vn\/?product=tham-trai-san-khach-san-ht-1200-02\",\"url\":\"https:\/\/thamtraisanvanphong.com.vn\/?product=tham-trai-san-khach-san-ht-1200-02\",\"name\":\"Th\u1ea3m Tr\u1ea3i S\u00e0n Kh\u00e1ch S\u1ea1n HT-1200-02 sang tr\u1ecdng v\u00e0 tinh t\u1ebf\",\"isPartOf\":{\"@id\":\"https:\/\/thamtraisanvanphong.com.vn\/#website\"},\"datePublished\":\"2026-04-17T08:59:53+00:00\",\"dateModified\":\"2026-04-18T13:05:35+00:00\",\"description\":\"Th\u1ea3m tr\u1ea3i s\u00e0n \u0111\u01b0\u1eddng d\u1eabn l\u00e0 s\u1ea3n ph\u1ea9m cao c\u1ea5p \u0111em l\u1ea1i c\u1ea3m gi\u00e1c sang tr\u1ecdng tinh t\u1ebf \u0111\u00e1p \u1ee9ng \u0111\u01b0\u1ee3c ti\u00eau ch\u00ed kh\u1eaft khe v\u1ec1 th\u1ea9m m\u1ef9, t\u00ednh an to\u00e0n th\u00e2n thi\u1ec7n\",\"breadcrumb\":{\"@id\":\"https:\/\/thamtraisanvanphong.com.vn\/?product=tham-trai-san-khach-san-ht-1200-02#breadcrumb\"},\"inLanguage\":\"vi\",\"potentialAction\":[{\"@type\":\"ReadAction\",\"target\":[\"https:\/\/thamtraisanvanphong.com.vn\/?product=tham-trai-san-khach-san-ht-1200-02\"]}]},{\"@type\":\"BreadcrumbList\",\"@id\":\"https:\/\/thamtraisanvanphong.com.vn\/?product=tham-trai-san-khach-san-ht-1200-02#breadcrumb\",\"itemListElement\":[{\"@type\":\"ListItem\",\"position\":1,\"name\":\"Home\",\"item\":\"https:\/\/thamtraisanvanphong.com.vn\/\"},{\"@type\":\"ListItem\",\"position\":2,\"name\":\"C\u1eeda h\u00e0ng\",\"item\":\"https:\/\/thamtraisanvanphong.com.vn\/?page_id=10\"},{\"@type\":\"ListItem\",\"position\":3,\"name\":\"Th\u1ea3m Tr\u1ea3i S\u00e0n Kh\u00e1ch S\u1ea1n HT-1200-02\"}]},{\"@type\":\"WebSite\",\"@id\":\"https:\/\/thamtraisanvanphong.com.vn\/#website\",\"url\":\"https:\/\/thamtraisanvanphong.com.vn\/\",\"name\":\"Thamtraisan\",\"description\":\"Thamtraisangiare\",\"potentialAction\":[{\"@type\":\"SearchAction\",\"target\":{\"@type\":\"EntryPoint\",\"urlTemplate\":\"https:\/\/thamtraisanvanphong.com.vn\/?s={search_term_string}\"},\"query-input\":\"required name=search_term_string\"}],\"inLanguage\":\"vi\"}]}<\/script>\n<!-- \/ Yoast SEO Premium plugin. -->","yoast_head_json":{"title":"Th\u1ea3m Tr\u1ea3i S\u00e0n Kh\u00e1ch S\u1ea1n HT-1200-02 sang tr\u1ecdng v\u00e0 tinh t\u1ebf","description":"Th\u1ea3m tr\u1ea3i s\u00e0n \u0111\u01b0\u1eddng d\u1eabn l\u00e0 s\u1ea3n ph\u1ea9m cao c\u1ea5p \u0111em l\u1ea1i c\u1ea3m gi\u00e1c sang tr\u1ecdng tinh t\u1ebf \u0111\u00e1p \u1ee9ng \u0111\u01b0\u1ee3c ti\u00eau ch\u00ed kh\u1eaft khe v\u1ec1 th\u1ea9m m\u1ef9, t\u00ednh an to\u00e0n th\u00e2n thi\u1ec7n","robots":{"index":"index","follow":"follow","max-snippet":"max-snippet:-1","max-image-preview":"max-image-preview:large","max-video-preview":"max-video-preview:-1"},"canonical":"https:\/\/thamtraisanvanphong.com.vn\/?product=tham-trai-san-khach-san-ht-1200-02","og_locale":"vi_VN","og_type":"article","og_title":"Th\u1ea3m Tr\u1ea3i S\u00e0n Kh\u00e1ch S\u1ea1n HT-1200-02","og_description":"Th\u1ea3m tr\u1ea3i s\u00e0n \u0111\u01b0\u1eddng d\u1eabn l\u00e0 s\u1ea3n ph\u1ea9m cao c\u1ea5p \u0111em l\u1ea1i c\u1ea3m gi\u00e1c sang tr\u1ecdng tinh t\u1ebf \u0111\u00e1p \u1ee9ng \u0111\u01b0\u1ee3c ti\u00eau ch\u00ed kh\u1eaft khe v\u1ec1 th\u1ea9m m\u1ef9, t\u00ednh an to\u00e0n th\u00e2n thi\u1ec7n","og_url":"https:\/\/thamtraisanvanphong.com.vn\/?product=tham-trai-san-khach-san-ht-1200-02","og_site_name":"Thamtraisan","article_modified_time":"2026-04-18T13:05:35+00:00","og_image":[{"width":329,"height":330,"url":"https:\/\/thamtraisanvanphong.com.vn\/wp-content\/uploads\/2026\/04\/Tham-khach-san-HT-1200-02.png","type":"image\/png"}],"twitter_card":"summary_large_image","twitter_misc":{"\u01af\u1edbc t\u00ednh th\u1eddi gian \u0111\u1ecdc":"3 ph\u00fat"},"schema":{"@context":"https:\/\/schema.org","@graph":[{"@type":"WebPage","@id":"https:\/\/thamtraisanvanphong.com.vn\/?product=tham-trai-san-khach-san-ht-1200-02","url":"https:\/\/thamtraisanvanphong.com.vn\/?product=tham-trai-san-khach-san-ht-1200-02","name":"Th\u1ea3m Tr\u1ea3i S\u00e0n Kh\u00e1ch S\u1ea1n HT-1200-02 sang tr\u1ecdng v\u00e0 tinh t\u1ebf","isPartOf":{"@id":"https:\/\/thamtraisanvanphong.com.vn\/#website"},"datePublished":"2026-04-17T08:59:53+00:00","dateModified":"2026-04-18T13:05:35+00:00","description":"Th\u1ea3m tr\u1ea3i s\u00e0n \u0111\u01b0\u1eddng d\u1eabn l\u00e0 s\u1ea3n ph\u1ea9m cao c\u1ea5p \u0111em l\u1ea1i c\u1ea3m gi\u00e1c sang tr\u1ecdng tinh t\u1ebf \u0111\u00e1p \u1ee9ng \u0111\u01b0\u1ee3c ti\u00eau ch\u00ed kh\u1eaft khe v\u1ec1 th\u1ea9m m\u1ef9, t\u00ednh an to\u00e0n th\u00e2n thi\u1ec7n","breadcrumb":{"@id":"https:\/\/thamtraisanvanphong.com.vn\/?product=tham-trai-san-khach-san-ht-1200-02#breadcrumb"},"inLanguage":"vi","potentialAction":[{"@type":"ReadAction","target":["https:\/\/thamtraisanvanphong.com.vn\/?product=tham-trai-san-khach-san-ht-1200-02"]}]},{"@type":"BreadcrumbList","@id":"https:\/\/thamtraisanvanphong.com.vn\/?product=tham-trai-san-khach-san-ht-1200-02#breadcrumb","itemListElement":[{"@type":"ListItem","position":1,"name":"Home","item":"https:\/\/thamtraisanvanphong.com.vn\/"},{"@type":"ListItem","position":2,"name":"C\u1eeda h\u00e0ng","item":"https:\/\/thamtraisanvanphong.com.vn\/?page_id=10"},{"@type":"ListItem","position":3,"name":"Th\u1ea3m Tr\u1ea3i S\u00e0n Kh\u00e1ch S\u1ea1n HT-1200-02"}]},{"@type":"WebSite","@id":"https:\/\/thamtraisanvanphong.com.vn\/#website","url":"https:\/\/thamtraisanvanphong.com.vn\/","name":"Thamtraisan","description":"Thamtraisangiare","potentialAction":[{"@type":"SearchAction","target":{"@type":"EntryPoint","urlTemplate":"https:\/\/thamtraisanvanphong.com.vn\/?s={search_term_string}"},"query-input":"required name=search_term_string"}],"inLanguage":"vi"}]}},"_links":{"self":[{"href":"https:\/\/thamtraisanvanphong.com.vn\/index.php?rest_route=\/wp\/v2\/product\/917","targetHints":{"allow":["GET"]}}],"collection":[{"href":"https:\/\/thamtraisanvanphong.com.vn\/index.php?rest_route=\/wp\/v2\/product"}],"about":[{"href":"https:\/\/thamtraisanvanphong.com.vn\/index.php?rest_route=\/wp\/v2\/types\/product"}],"replies":[{"embeddable":true,"href":"https:\/\/thamtraisanvanphong.com.vn\/index.php?rest_route=%2Fwp%2Fv2%2Fcomments&post=917"}],"wp:featuredmedia":[{"embeddable":true,"href":"https:\/\/thamtraisanvanphong.com.vn\/index.php?rest_route=\/wp\/v2\/media\/925"}],"wp:attachment":[{"href":"https:\/\/thamtraisanvanphong.com.vn\/index.php?rest_route=%2Fwp%2Fv2%2Fmedia&parent=917"}],"wp:term":[{"taxonomy":"product_cat","embeddable":true,"href":"https:\/\/thamtraisanvanphong.com.vn\/index.php?rest_route=%2Fwp%2Fv2%2Fproduct_cat&post=917"},{"taxonomy":"product_tag","embeddable":true,"href":"https:\/\/thamtraisanvanphong.com.vn\/index.php?rest_route=%2Fwp%2Fv2%2Fproduct_tag&post=917"}],"curies":[{"name":"wp","href":"https:\/\/api.w.org\/{rel}","templated":true}]}}