{"id":919,"date":"2026-04-17T15:59:59","date_gmt":"2026-04-17T08:59:59","guid":{"rendered":"https:\/\/thamtraisanvanphong.com.vn\/?post_type=product&#038;p=919"},"modified":"2026-04-17T16:10:46","modified_gmt":"2026-04-17T09:10:46","slug":"tham-trai-san-khach-san-ht-1200-04","status":"publish","type":"product","link":"https:\/\/thamtraisanvanphong.com.vn\/?product=tham-trai-san-khach-san-ht-1200-04","title":{"rendered":"Th\u1ea3m Tr\u1ea3i S\u00e0n Kh\u00e1ch S\u1ea1n HT-1200-04"},"content":{"rendered":"<p data-pm-slice=\"1 1 []\"><strong>Th\u1ea3m tr\u1ea3i s\u00e0n kh\u00e1ch s\u1ea1n HT-1200-04<\/strong>\u00a0thu\u1ed9c d\u00f2ng s\u1ea3n ph\u1ea9m cao c\u1ea5p c\u1ee7a Th\u0103ng Long Carpets, \u0111\u01b0\u1ee3c thi\u1ebft k\u1ebf \u0111\u1ec3 g\u00e2y \u1ea5n t\u01b0\u1ee3ng b\u1eb1ng h\u1ecda ti\u1ebft pixel v\u00e0 l\u01b0\u1ee1i c\u1eaft c\u00e2n \u0111\u1ed1i tr\u00ean b\u1ec1n m\u1eb7t th\u1ea3m. T\u1ed5ng th\u1ec3 t\u1ed1i gi\u1ea3n nh\u01b0ng v\u1eabn t\u00e1o b\u1ea1o v\u1edbi s\u1ef1 xen k\u1ebd m\u00e0u ghi \u0111\u1eadm \u2013 kem \u2013 v\u00e0ng m\u1ecf, \u0111\u00e1p \u1ee9ng nh\u1eefng thi\u1ebft k\u1ebf y\u00eau c\u1ea7u cao v\u1ec1 t\u00ednh \u0111\u1ed3ng b\u1ed9 v\u00e0 c\u00e1 t\u00ednh.<\/p>\n<p>V\u1edbi kh\u1ea3 n\u0103ng ch\u1ed1ng tr\u01b0\u1ee3t, h\u1ea1n ch\u1ebf \u1ed3n v\u00e0 kh\u00e1ng khu\u1ea9n, s\u1ea3n ph\u1ea9m r\u1ea5t ph\u00f9 h\u1ee3p cho c\u00e1c khu v\u1ef1c s\u1ea3nh trung t\u00e2m, h\u00e0nh lang l\u1edbn hay c\u00e1c khu tr\u01b0ng b\u00e0y mang phong c\u00e1ch hi\u1ec7n \u0111\u1ea1i.<\/p>\n<p><strong>\u00a0Thi\u1ebft k\u1ebf t\u1ed1i gi\u1ea3n nh\u01b0ng \u1ea5n t\u01b0\u1ee3ng<\/strong><\/p>\n<p>S\u1eed d\u1ee5ng ng\u00f4n ng\u1eef pixel \u0111\u01b0\u1ee3c c\u1ea5u tr\u00fac t\u1ec9 m\u1ec9, th\u1ea3m HT-1200-04 g\u1ee3i nh\u1edb \u0111\u1ebfn nh\u1eefng thi\u1ebft k\u1ebf \u0111\u01b0\u1eddng ph\u1ed1 \u0111\u01b0\u1ee3c t\u1ed1i gi\u1ea3n h\u00f3a. Hi\u1ec7u \u1ee9ng c\u00e1c kh\u1ed1i vu\u00f4ng v\u00e0 \u0111\u01b0\u1eddng ngang d\u1ecdc gi\u00fap t\u1ed5 ch\u1ee9c kh\u00f4ng gian theo tr\u1eadt t\u1ef1, ph\u00f9 h\u1ee3p v\u1edbi nh\u1eefng thi\u1ebft k\u1ebf c\u1ea7n t\u00ednh c\u00e2n \u0111\u1ed1i.<\/p>\n<p>M\u00e0u s\u1eafc \u0111\u01b0\u1ee3c \u0111i\u1ec1u ch\u1ec9nh nh\u1eb9 nh\u00e0ng, g\u1ed3m nh\u1eefng gam trung t\u00ednh nh\u01b0 x\u00e1m, kem \u0111\u1ebfm nh\u1ea1t ch\u1ecdn l\u1ec1m v\u1edbi s\u1eafc v\u00e0ng nh\u1eb9, t\u1ea1o c\u1ea3m gi\u00e1c \u1ea5m \u00e1p v\u00e0 tinh t\u1ebf. C\u00f4ng ngh\u1ec7 d\u1ec7t\u00a0<strong>Cut Pile<\/strong>\u00a0gi\u00fap b\u1ec1n m\u1eb7t th\u1ea3m c\u00f3 \u0111\u1ed9 cao c\u1ea5p v\u00e0 d\u1ec5 thi c\u00f4ng.<\/p>\n<h2 data-pm-slice=\"1 3 []\"><img decoding=\"async\" class=\"emoji\" role=\"img\" draggable=\"false\" src=\"https:\/\/s.w.org\/images\/core\/emoji\/17.0.2\/svg\/2728.svg\" alt=\"\u2728\" \/>\u00a0\u01afu \u0111i\u1ec3m n\u1ed5i b\u1eadt<\/h2>\n<ul data-spread=\"false\">\n<li>H\u1ecda ti\u1ebft pixel t\u1ed1i gi\u1ea3n, mang t\u00ednh hi\u1ec7n \u0111\u1ea1i cao<\/li>\n<li>Gam m\u00e0u trung t\u00ednh ph\u00f9 h\u1ee3p v\u1edbi nhi\u1ec1u thi\u1ebft k\u1ebf<\/li>\n<li>Ki\u1ec3u d\u1ec7t Cut Pile m\u1ec1m, b\u1ec1n v\u00e0 \u0111\u1eb9p<\/li>\n<li>S\u1ee3i Nylon 6 ch\u1ed1ng m\u00e0i m\u00f2n, kh\u00e1ng khu\u1ea9n<\/li>\n<li>\u0110\u1ebf PP woven ch\u1ed1ng tr\u01b0\u1ee3t, an to\u00e0n cho ng\u01b0\u1eddi s\u1eed d\u1ee5ng<\/li>\n<li>Thi c\u00f4ng nhanh, gi\u1eef \u0111\u1eb9p l\u00e2u b\u1ec1n<\/li>\n<li>\u1ee8ng d\u1ee5ng th\u1ef1c t\u1ebf<\/li>\n<\/ul>\n<p><strong>HT-1200-04<\/strong>\u00a0l\u00e0 m\u1eabu th\u1ea3m l\u00fd t\u01b0\u1edfng cho:<\/p>\n<ul data-spread=\"false\">\n<li>Khu v\u1ef1c s\u1ea3nh trung t\u00e2m, khu v\u1ef1c check-in kh\u00e1ch s\u1ea1n<\/li>\n<li>H\u00e0nh lang, l\u1ed1i \u0111i n\u1ed9i b\u1ed9 trong resort, khu nghi d\u01b0\u1ee1ng<\/li>\n<li>Showroom, khu tr\u01b0ng b\u00e0y phong c\u00e1ch t\u1ed1i gi\u1ea3n hi\u1ec7n \u0111\u1ea1i<\/li>\n<li>Ph\u00f2ng tri\u1ec3n l\u00e3m ngh\u1ec7 thu\u1eadt, khu v\u1ef1c ti\u1ebfp t\u00e2n cao c\u1ea5p<\/li>\n<\/ul>\n<p>Kh\u00f4ng gian s\u1eed d\u1ee5ng HT-1200-04 s\u1ebd \u0111\u1eebng \u0111\u1eb7c v\u1edbi ng\u00f4n ng\u1eef thi\u1ebft k\u1ebf t\u1ed1i gi\u1ea3n nh\u01b0ng c\u00e1 t\u00ednh, \u0111\u00e1p \u1ee9ng c\u1ea3 v\u1ec1 th\u1ecb gi\u00e1c v\u00e0 c\u1ed5 \u0111\u1ecbnh th\u01b0\u01a1ng hi\u1ec7u.<\/p>\n<p>&nbsp;<\/p>\n<figure id=\"attachment_1190\" class=\"wp-caption aligncenter\" aria-describedby=\"caption-attachment-1190\"><\/figure>\n","protected":false},"excerpt":{"rendered":"<h2 data-start=\"4031\" data-end=\"4063\">Th\u00f4ng s\u1ed1 k\u1ef9 thu\u1eadt chi ti\u1ebft<\/h2>\n<div class=\"_tableContainer_16hzy_1\">\n<div class=\"_tableWrapper_16hzy_14 group flex w-fit flex-col-reverse\" tabindex=\"-1\">\n<table class=\"w-fit min-w-(--thread-content-width)\" data-start=\"4065\" data-end=\"4694\">\n<thead data-start=\"4065\" data-end=\"4134\">\n<tr data-start=\"4065\" data-end=\"4134\">\n<th data-start=\"4065\" data-end=\"4089\" data-col-size=\"sm\">Th\u00f4ng s\u1ed1<\/th>\n<th data-start=\"4089\" data-end=\"4134\" data-col-size=\"sm\">Chi ti\u1ebft<\/th>\n<\/tr>\n<\/thead>\n<tbody data-start=\"4205\" data-end=\"4694\">\n<tr data-start=\"4205\" data-end=\"4274\">\n<td data-start=\"4205\" data-end=\"4229\" data-col-size=\"sm\">Ch\u1ea5t li\u1ec7u s\u1ee3i<\/td>\n<td data-start=\"4229\" data-end=\"4274\" data-col-size=\"sm\">100% S\u1ee3i Nylon 6<\/td>\n<\/tr>\n<tr data-start=\"4275\" data-end=\"4344\">\n<td data-start=\"4275\" data-end=\"4299\" data-col-size=\"sm\">Ki\u1ec3u d\u1ec7t<\/td>\n<td data-start=\"4299\" data-end=\"4344\" data-col-size=\"sm\">Cut Pile<\/td>\n<\/tr>\n<tr data-start=\"4345\" data-end=\"4414\">\n<td data-start=\"4345\" data-end=\"4369\" data-col-size=\"sm\">M\u1eadt \u0111\u1ed9 s\u1ee3i<\/td>\n<td data-start=\"4369\" data-end=\"4414\" data-col-size=\"sm\">1000 gram\/m\u00b2<\/td>\n<\/tr>\n<tr data-start=\"4415\" data-end=\"4484\">\n<td data-start=\"4415\" data-end=\"4439\" data-col-size=\"sm\">T\u1ed5ng chi\u1ec1u cao<\/td>\n<td data-start=\"4439\" data-end=\"4484\" data-col-size=\"sm\">9mm (\u00b15%)<\/td>\n<\/tr>\n<tr data-start=\"4485\" data-end=\"4554\">\n<td data-start=\"4485\" data-end=\"4509\" data-col-size=\"sm\">Chi\u1ec1u cao s\u1ee3i<\/td>\n<td data-start=\"4509\" data-end=\"4554\" data-col-size=\"sm\">6mm (\u00b15%)<\/td>\n<\/tr>\n<tr data-start=\"4555\" data-end=\"4624\">\n<td data-start=\"4555\" data-end=\"4579\" data-col-size=\"sm\">Kh\u1ed5 th\u1ea3m<\/td>\n<td data-start=\"4579\" data-end=\"4624\" data-col-size=\"sm\">3.66m ho\u1eb7c 4.00m<\/td>\n<\/tr>\n<tr data-start=\"4625\" data-end=\"4694\">\n<td data-start=\"4625\" data-end=\"4649\" data-col-size=\"sm\">Lo\u1ea1i \u0111\u1ebf<\/td>\n<td data-start=\"4649\" data-end=\"4694\" data-col-size=\"sm\">PP Woven \u2013 Ch\u1ed1ng tr\u01b0\u1ee3t, d\u1ec5 thi c\u00f4ng<\/td>\n<\/tr>\n<\/tbody>\n<\/table>\n<div class=\"sticky end-(--thread-content-margin) h-0 self-end select-none\">\n<div class=\"absolute end-0 flex items-end\"><\/div>\n<\/div>\n<\/div>\n<\/div>\n","protected":false},"featured_media":923,"comment_status":"open","ping_status":"closed","template":"","meta":[],"product_cat":[150],"product_tag":[181,182,156,157,183,158,184,159,185,186,160],"class_list":{"0":"post-919","1":"product","2":"type-product","3":"status-publish","4":"has-post-thumbnail","6":"product_cat-tham-khach-san","7":"product_tag-tham-cut-pile-cao-cap","8":"product_tag-tham-de-pp-woven","9":"product_tag-tham-khach-san","10":"product_tag-tham-mau-be","11":"product_tag-tham-mau-xanh-xam-vang-kim","12":"product_tag-tham-nylon-6","13":"product_tag-tham-soi-nylon-6","14":"product_tag-tham-trai-san","15":"product_tag-tham-trai-san-khach-san-cao-cap","16":"product_tag-tham-trang-tri-hoi-nghi","17":"product_tag-vinecom","19":"first","20":"instock","21":"sale","22":"shipping-taxable","23":"purchasable","24":"product-type-simple"},"yoast_head":"<!-- This site is optimized with the Yoast SEO Premium plugin v20.12 (Yoast SEO v20.12) - https:\/\/yoast.com\/wordpress\/plugins\/seo\/ -->\n<title>Th\u1ea3m Tr\u1ea3i S\u00e0n Kh\u00e1ch S\u1ea1n HT-1200-04 sang tr\u1ecdng v\u00e0 tinh t\u1ebf<\/title>\n<meta name=\"description\" content=\"Th\u1ea3m tr\u1ea3i s\u00e0n \u0111\u01b0\u1eddng d\u1eabn l\u00e0 s\u1ea3n ph\u1ea9m cao c\u1ea5p \u0111em l\u1ea1i c\u1ea3m gi\u00e1c sang tr\u1ecdng tinh t\u1ebf \u0111\u00e1p \u1ee9ng \u0111\u01b0\u1ee3c ti\u00eau ch\u00ed kh\u1eaft khe v\u1ec1 th\u1ea9m m\u1ef9, t\u00ednh an to\u00e0n th\u00e2n thi\u1ec7n\" \/>\n<meta name=\"robots\" content=\"index, follow, max-snippet:-1, max-image-preview:large, max-video-preview:-1\" \/>\n<link rel=\"canonical\" href=\"https:\/\/thamtraisanvanphong.com.vn\/?product=tham-trai-san-khach-san-ht-1200-04\" \/>\n<meta property=\"og:locale\" content=\"vi_VN\" \/>\n<meta property=\"og:type\" content=\"article\" \/>\n<meta property=\"og:title\" content=\"Th\u1ea3m Tr\u1ea3i S\u00e0n Kh\u00e1ch S\u1ea1n HT-1200-04\" \/>\n<meta property=\"og:description\" content=\"Th\u1ea3m tr\u1ea3i s\u00e0n \u0111\u01b0\u1eddng d\u1eabn l\u00e0 s\u1ea3n ph\u1ea9m cao c\u1ea5p \u0111em l\u1ea1i c\u1ea3m gi\u00e1c sang tr\u1ecdng tinh t\u1ebf \u0111\u00e1p \u1ee9ng \u0111\u01b0\u1ee3c ti\u00eau ch\u00ed kh\u1eaft khe v\u1ec1 th\u1ea9m m\u1ef9, t\u00ednh an to\u00e0n th\u00e2n thi\u1ec7n\" \/>\n<meta property=\"og:url\" content=\"https:\/\/thamtraisanvanphong.com.vn\/?product=tham-trai-san-khach-san-ht-1200-04\" \/>\n<meta property=\"og:site_name\" content=\"Thamtraisan\" \/>\n<meta property=\"article:modified_time\" content=\"2026-04-17T09:10:46+00:00\" \/>\n<meta property=\"og:image\" content=\"https:\/\/thamtraisanvanphong.com.vn\/wp-content\/uploads\/2026\/04\/Tham-khach-san-HT-1200-04.png\" \/>\n\t<meta property=\"og:image:width\" content=\"426\" \/>\n\t<meta property=\"og:image:height\" content=\"424\" \/>\n\t<meta property=\"og:image:type\" content=\"image\/png\" \/>\n<meta name=\"twitter:card\" content=\"summary_large_image\" \/>\n<meta name=\"twitter:label1\" content=\"\u01af\u1edbc t\u00ednh th\u1eddi gian \u0111\u1ecdc\" \/>\n\t<meta name=\"twitter:data1\" content=\"3 ph\u00fat\" \/>\n<script type=\"application\/ld+json\" class=\"yoast-schema-graph\">{\"@context\":\"https:\/\/schema.org\",\"@graph\":[{\"@type\":\"WebPage\",\"@id\":\"https:\/\/thamtraisanvanphong.com.vn\/?product=tham-trai-san-khach-san-ht-1200-04\",\"url\":\"https:\/\/thamtraisanvanphong.com.vn\/?product=tham-trai-san-khach-san-ht-1200-04\",\"name\":\"Th\u1ea3m Tr\u1ea3i S\u00e0n Kh\u00e1ch S\u1ea1n HT-1200-04 sang tr\u1ecdng v\u00e0 tinh t\u1ebf\",\"isPartOf\":{\"@id\":\"https:\/\/thamtraisanvanphong.com.vn\/#website\"},\"datePublished\":\"2026-04-17T08:59:59+00:00\",\"dateModified\":\"2026-04-17T09:10:46+00:00\",\"description\":\"Th\u1ea3m tr\u1ea3i s\u00e0n \u0111\u01b0\u1eddng d\u1eabn l\u00e0 s\u1ea3n ph\u1ea9m cao c\u1ea5p \u0111em l\u1ea1i c\u1ea3m gi\u00e1c sang tr\u1ecdng tinh t\u1ebf \u0111\u00e1p \u1ee9ng \u0111\u01b0\u1ee3c ti\u00eau ch\u00ed kh\u1eaft khe v\u1ec1 th\u1ea9m m\u1ef9, t\u00ednh an to\u00e0n th\u00e2n thi\u1ec7n\",\"breadcrumb\":{\"@id\":\"https:\/\/thamtraisanvanphong.com.vn\/?product=tham-trai-san-khach-san-ht-1200-04#breadcrumb\"},\"inLanguage\":\"vi\",\"potentialAction\":[{\"@type\":\"ReadAction\",\"target\":[\"https:\/\/thamtraisanvanphong.com.vn\/?product=tham-trai-san-khach-san-ht-1200-04\"]}]},{\"@type\":\"BreadcrumbList\",\"@id\":\"https:\/\/thamtraisanvanphong.com.vn\/?product=tham-trai-san-khach-san-ht-1200-04#breadcrumb\",\"itemListElement\":[{\"@type\":\"ListItem\",\"position\":1,\"name\":\"Home\",\"item\":\"https:\/\/thamtraisanvanphong.com.vn\/\"},{\"@type\":\"ListItem\",\"position\":2,\"name\":\"C\u1eeda h\u00e0ng\",\"item\":\"https:\/\/thamtraisanvanphong.com.vn\/?page_id=10\"},{\"@type\":\"ListItem\",\"position\":3,\"name\":\"Th\u1ea3m Tr\u1ea3i S\u00e0n Kh\u00e1ch S\u1ea1n HT-1200-04\"}]},{\"@type\":\"WebSite\",\"@id\":\"https:\/\/thamtraisanvanphong.com.vn\/#website\",\"url\":\"https:\/\/thamtraisanvanphong.com.vn\/\",\"name\":\"Thamtraisan\",\"description\":\"Thamtraisangiare\",\"potentialAction\":[{\"@type\":\"SearchAction\",\"target\":{\"@type\":\"EntryPoint\",\"urlTemplate\":\"https:\/\/thamtraisanvanphong.com.vn\/?s={search_term_string}\"},\"query-input\":\"required name=search_term_string\"}],\"inLanguage\":\"vi\"}]}<\/script>\n<!-- \/ Yoast SEO Premium plugin. -->","yoast_head_json":{"title":"Th\u1ea3m Tr\u1ea3i S\u00e0n Kh\u00e1ch S\u1ea1n HT-1200-04 sang tr\u1ecdng v\u00e0 tinh t\u1ebf","description":"Th\u1ea3m tr\u1ea3i s\u00e0n \u0111\u01b0\u1eddng d\u1eabn l\u00e0 s\u1ea3n ph\u1ea9m cao c\u1ea5p \u0111em l\u1ea1i c\u1ea3m gi\u00e1c sang tr\u1ecdng tinh t\u1ebf \u0111\u00e1p \u1ee9ng \u0111\u01b0\u1ee3c ti\u00eau ch\u00ed kh\u1eaft khe v\u1ec1 th\u1ea9m m\u1ef9, t\u00ednh an to\u00e0n th\u00e2n thi\u1ec7n","robots":{"index":"index","follow":"follow","max-snippet":"max-snippet:-1","max-image-preview":"max-image-preview:large","max-video-preview":"max-video-preview:-1"},"canonical":"https:\/\/thamtraisanvanphong.com.vn\/?product=tham-trai-san-khach-san-ht-1200-04","og_locale":"vi_VN","og_type":"article","og_title":"Th\u1ea3m Tr\u1ea3i S\u00e0n Kh\u00e1ch S\u1ea1n HT-1200-04","og_description":"Th\u1ea3m tr\u1ea3i s\u00e0n \u0111\u01b0\u1eddng d\u1eabn l\u00e0 s\u1ea3n ph\u1ea9m cao c\u1ea5p \u0111em l\u1ea1i c\u1ea3m gi\u00e1c sang tr\u1ecdng tinh t\u1ebf \u0111\u00e1p \u1ee9ng \u0111\u01b0\u1ee3c ti\u00eau ch\u00ed kh\u1eaft khe v\u1ec1 th\u1ea9m m\u1ef9, t\u00ednh an to\u00e0n th\u00e2n thi\u1ec7n","og_url":"https:\/\/thamtraisanvanphong.com.vn\/?product=tham-trai-san-khach-san-ht-1200-04","og_site_name":"Thamtraisan","article_modified_time":"2026-04-17T09:10:46+00:00","og_image":[{"width":426,"height":424,"url":"https:\/\/thamtraisanvanphong.com.vn\/wp-content\/uploads\/2026\/04\/Tham-khach-san-HT-1200-04.png","type":"image\/png"}],"twitter_card":"summary_large_image","twitter_misc":{"\u01af\u1edbc t\u00ednh th\u1eddi gian \u0111\u1ecdc":"3 ph\u00fat"},"schema":{"@context":"https:\/\/schema.org","@graph":[{"@type":"WebPage","@id":"https:\/\/thamtraisanvanphong.com.vn\/?product=tham-trai-san-khach-san-ht-1200-04","url":"https:\/\/thamtraisanvanphong.com.vn\/?product=tham-trai-san-khach-san-ht-1200-04","name":"Th\u1ea3m Tr\u1ea3i S\u00e0n Kh\u00e1ch S\u1ea1n HT-1200-04 sang tr\u1ecdng v\u00e0 tinh t\u1ebf","isPartOf":{"@id":"https:\/\/thamtraisanvanphong.com.vn\/#website"},"datePublished":"2026-04-17T08:59:59+00:00","dateModified":"2026-04-17T09:10:46+00:00","description":"Th\u1ea3m tr\u1ea3i s\u00e0n \u0111\u01b0\u1eddng d\u1eabn l\u00e0 s\u1ea3n ph\u1ea9m cao c\u1ea5p \u0111em l\u1ea1i c\u1ea3m gi\u00e1c sang tr\u1ecdng tinh t\u1ebf \u0111\u00e1p \u1ee9ng \u0111\u01b0\u1ee3c ti\u00eau ch\u00ed kh\u1eaft khe v\u1ec1 th\u1ea9m m\u1ef9, t\u00ednh an to\u00e0n th\u00e2n thi\u1ec7n","breadcrumb":{"@id":"https:\/\/thamtraisanvanphong.com.vn\/?product=tham-trai-san-khach-san-ht-1200-04#breadcrumb"},"inLanguage":"vi","potentialAction":[{"@type":"ReadAction","target":["https:\/\/thamtraisanvanphong.com.vn\/?product=tham-trai-san-khach-san-ht-1200-04"]}]},{"@type":"BreadcrumbList","@id":"https:\/\/thamtraisanvanphong.com.vn\/?product=tham-trai-san-khach-san-ht-1200-04#breadcrumb","itemListElement":[{"@type":"ListItem","position":1,"name":"Home","item":"https:\/\/thamtraisanvanphong.com.vn\/"},{"@type":"ListItem","position":2,"name":"C\u1eeda h\u00e0ng","item":"https:\/\/thamtraisanvanphong.com.vn\/?page_id=10"},{"@type":"ListItem","position":3,"name":"Th\u1ea3m Tr\u1ea3i S\u00e0n Kh\u00e1ch S\u1ea1n HT-1200-04"}]},{"@type":"WebSite","@id":"https:\/\/thamtraisanvanphong.com.vn\/#website","url":"https:\/\/thamtraisanvanphong.com.vn\/","name":"Thamtraisan","description":"Thamtraisangiare","potentialAction":[{"@type":"SearchAction","target":{"@type":"EntryPoint","urlTemplate":"https:\/\/thamtraisanvanphong.com.vn\/?s={search_term_string}"},"query-input":"required name=search_term_string"}],"inLanguage":"vi"}]}},"_links":{"self":[{"href":"https:\/\/thamtraisanvanphong.com.vn\/index.php?rest_route=\/wp\/v2\/product\/919","targetHints":{"allow":["GET"]}}],"collection":[{"href":"https:\/\/thamtraisanvanphong.com.vn\/index.php?rest_route=\/wp\/v2\/product"}],"about":[{"href":"https:\/\/thamtraisanvanphong.com.vn\/index.php?rest_route=\/wp\/v2\/types\/product"}],"replies":[{"embeddable":true,"href":"https:\/\/thamtraisanvanphong.com.vn\/index.php?rest_route=%2Fwp%2Fv2%2Fcomments&post=919"}],"wp:featuredmedia":[{"embeddable":true,"href":"https:\/\/thamtraisanvanphong.com.vn\/index.php?rest_route=\/wp\/v2\/media\/923"}],"wp:attachment":[{"href":"https:\/\/thamtraisanvanphong.com.vn\/index.php?rest_route=%2Fwp%2Fv2%2Fmedia&parent=919"}],"wp:term":[{"taxonomy":"product_cat","embeddable":true,"href":"https:\/\/thamtraisanvanphong.com.vn\/index.php?rest_route=%2Fwp%2Fv2%2Fproduct_cat&post=919"},{"taxonomy":"product_tag","embeddable":true,"href":"https:\/\/thamtraisanvanphong.com.vn\/index.php?rest_route=%2Fwp%2Fv2%2Fproduct_tag&post=919"}],"curies":[{"name":"wp","href":"https:\/\/api.w.org\/{rel}","templated":true}]}}