{"id":926,"date":"2026-04-18T20:05:46","date_gmt":"2026-04-18T13:05:46","guid":{"rendered":"https:\/\/thamtraisanvanphong.com.vn\/?post_type=product&#038;p=926"},"modified":"2026-04-18T20:13:49","modified_gmt":"2026-04-18T13:13:49","slug":"thamkhachsanht-800-01","status":"publish","type":"product","link":"https:\/\/thamtraisanvanphong.com.vn\/?product=thamkhachsanht-800-01","title":{"rendered":"Th\u1ea3m Tr\u1ea3i S\u00e0n Kh\u00e1ch S\u1ea1n HT-800-01"},"content":{"rendered":"<p data-pm-slice=\"1 1 []\">Trong nh\u1eefng kh\u00f4ng gian h\u1ed9i tr\u01b0\u1eddng, trung t\u00e2m ngh\u1ec7 thu\u1eadt hay s\u00e2n kh\u1ea5u s\u1ef1 ki\u1ec7n, th\u1ea3m tr\u1ea3i s\u00e0n \u0111\u00f3ng vai tr\u00f2 v\u00f4 c\u00f9ng quan tr\u1ecdng trong vi\u1ec7c \u0111\u1ecbnh h\u00ecnh kh\u00f4ng gian, c\u1ed1 \u0111\u1ecbnh c\u1ea3m x\u00fac v\u00e0 t\u0103ng t\u00ednh chuy\u00ean nghi\u1ec7p.\u00a0<strong>Th\u1ea3m tr\u1ea3i s\u00e0n kh\u00e1ch s\u1ea1n HT-800-01<\/strong> \u0111\u01b0\u1ee3c thi\u1ebft k\u1ebf v\u1edbi \u0111\u1ed9 h\u1ecda ti\u1ebft m\u00e2y cu\u1ed1n \u0111\u1eb7c tr\u01b0ng, s\u1ef1 \u0111an xen m\u00e0u s\u1eafc v\u00e0ng n\u00e2u tr\u1ea7m \u1ea5m t\u1ea1o n\u00ean s\u1ef1 trang nghi\u00eam v\u00e0 \u1ea5n t\u01b0\u1ee3ng.<\/p>\n<h3 data-pm-slice=\"1 1 []\">\u00a0Thi\u1ebft k\u1ebf n\u1ed5i b\u1eadt cho h\u1ed9i tr\u01b0\u1eddng<\/h3>\n<p>M\u1ea3nh gh\u00e9p c\u1ee7a c\u00e1c h\u1ecda ti\u1ebft m\u00e2y cu\u1ed1n phong c\u00e1ch \u0111\u1ed3ng \u0111i\u1ec7u kh\u00f4ng ch\u1ec9 mang t\u00ednh truy\u1ec1n th\u1ed1ng m\u00e0 c\u00f2n t\u1ea1o n\u00ean \u0111\u1ed9ng n\u0103ng th\u1ecb gi\u00e1c cho kh\u00f4ng gian. Gam m\u00e0u v\u00e0ng n\u00e2u \u0111\u01b0\u1ee3c x\u1eed l\u00fd theo phong c\u00e1ch h\u1ed3ng loang, \u0111an xen c\u00e1c l\u1edbp m\u00e0u nh\u1eb9 t\u1ea1o chi\u1ec1u s\u00e2u v\u00e0 s\u1ef1 \u0111\u1ed3ng b\u1ed9 trong thi\u1ebft k\u1ebf.<\/p>\n<p>Thi\u1ebft k\u1ebf n\u00e0y kh\u00f4ng ch\u1ec9 gi\u00fap t\u0103ng t\u00ednh th\u1ea9m m\u1ef9 cho h\u1ed9i tr\u01b0\u1eddng m\u00e0 c\u00f2n \u0111\u1ed3ng th\u1eddi gi\u00fap gi\u1ea3m nhi\u1ec1u v\u1ec1 h\u00ecnh \u1ea3nh v\u00e0 \u00e2m thanh, mang \u0111\u1ebfn m\u1ed9t kh\u00f4ng gian tr\u00ecnh chi\u1ebfu chuy\u00ean nghi\u1ec7p v\u00e0 cao c\u1ea5p.<\/p>\n<h2 data-pm-slice=\"1 3 []\">\u00a0\u01afu \u0111i\u1ec3m n\u1ed5i b\u1eadt<\/h2>\n<ul data-spread=\"false\">\n<li>H\u1ecda ti\u1ebft m\u00e2y cu\u1ed1n tr\u1eef t\u01b0\u1ee3ng, mang \u00fd ngh\u0129a may m\u1eafn, trang nghi\u00eam<\/li>\n<li>Gam m\u00e0u v\u00e0ng n\u00e2u \u1ea5m \u00e1p, sang tr\u1ecdng, d\u1ec5 ph\u1ed1i \u0111\u1ed3<\/li>\n<li>S\u1ee3i Nylon 6 cao c\u1ea5p b\u1ec1n m\u00e0u, d\u1ec5 v\u1ec7 sinh<\/li>\n<li>\u0110\u1ebf PP woven ch\u1ed1ng tr\u01b0\u1ee3t, ch\u1ed1ng \u1ea9m t\u1ed1t<\/li>\n<li>D\u1ec5 thi c\u00f4ng, \u0111\u1ed3ng b\u1ed9 di\u1ec7n r\u1ed9ng cho kh\u00f4ng gian s\u1ef1 ki\u1ec7n<\/li>\n<\/ul>\n<h2 data-pm-slice=\"1 1 []\">\u1ee8ng d\u1ee5ng \u0111a d\u1ea1ng<\/h2>\n<p><strong>HT-800-01<\/strong>\u00a0l\u00fd t\u01b0\u1edfng cho c\u00e1c khu v\u1ef1c c\u1ea7n s\u1ef1 nghi\u00eam trang, \u0111\u1ed3ng nh\u1ea5t v\u00e0 \u1ea5n t\u01b0\u1ee3ng:<\/p>\n<ul data-spread=\"false\">\n<li>H\u1ed9i tr\u01b0\u1eddng kh\u00e1ch s\u1ea1n<\/li>\n<li>Trung t\u00e2m ngh\u1ec7 thu\u1eadt, s\u00e2n kh\u1ea5u s\u1ef1 ki\u1ec7n<\/li>\n<li>Khu v\u1ef1c nghi l\u1ec5, \u0111\u00e1m ti\u1ec7c<\/li>\n<li>C\u00e1c kh\u00f4ng gian tr\u00ecnh chi\u1ebfu trang nghi\u00eam c\u1ea7n s\u1ef1 trang tr\u1ecdng<\/li>\n<\/ul>\n<h2>K\u1ebft lu\u1eadn<\/h2>\n<p><strong>Th\u1ea3m tr\u1ea3i s\u00e0n kh\u00e1ch s\u1ea1n HT-800-01<\/strong>\u00a0kh\u00f4ng ch\u1ec9 l\u00e0 l\u1ef1a ch\u1ecdn th\u1ea9m m\u1ef9 m\u00e0 c\u00f2n \u0111\u1ea3m b\u1ea3o c\u00f4ng n\u0103ng v\u01b0\u1ee3t tr\u1ed9i cho c\u00e1c kh\u00f4ng gian h\u1ed9i tr\u01b0\u1eddng v\u00e0 s\u1ef1 ki\u1ec7n cao c\u1ea5p. S\u1ef1 \u0111\u1ecbnh h\u00ecnh v\u1ec1 thi\u1ebft k\u1ebf, c\u1ea5u tr\u00fac ch\u1ea5t li\u1ec7u b\u1ec1n b\u1ec9 v\u00e0 gam m\u00e0u n\u1ed5i b\u1eadt gi\u00fap t\u0103ng gi\u00e1 tr\u1ecb th\u1ed1ng nh\u1ea5t cho to\u00e0n b\u1ed9 d\u1ef1 \u00e1n.<\/p>\n<figure id=\"attachment_1190\" class=\"wp-caption aligncenter\" aria-describedby=\"caption-attachment-1190\"><\/figure>\n","protected":false},"excerpt":{"rendered":"<h2 data-pm-slice=\"1 1 []\">Th\u00f4ng s\u1ed1 k\u1ef9 thu\u1eadt chi ti\u1ebft<\/h2>\n<table>\n<tbody>\n<tr>\n<th>Th\u00f4ng s\u1ed1<\/th>\n<th>Chi ti\u1ebft<\/th>\n<\/tr>\n<tr>\n<td>Ch\u1ea5t li\u1ec7u s\u1ee3i<\/td>\n<td>100% S\u1ee3i Nylon 6 cao c\u1ea5p<\/td>\n<\/tr>\n<tr>\n<td>Ki\u1ec3u d\u1ec7t<\/td>\n<td>Cut Pile<\/td>\n<\/tr>\n<tr>\n<td>M\u1eadt \u0111\u1ed9 s\u1ee3i<\/td>\n<td>800 gram\/m\u00b2<\/td>\n<\/tr>\n<tr>\n<td>T\u1ed5ng chi\u1ec1u cao<\/td>\n<td>8mm (+\/- 5%)<\/td>\n<\/tr>\n<tr>\n<td>Chi\u1ec1u cao s\u1ee3i<\/td>\n<td>6mm (+\/- 5%)<\/td>\n<\/tr>\n<tr>\n<td>Kh\u1ed5 th\u1ea3m<\/td>\n<td>3.66m ho\u1eb7c 4m<\/td>\n<\/tr>\n<tr>\n<td>Lo\u1ea1i \u0111\u1ebf<\/td>\n<td>PP Woven ch\u1ed1ng tr\u01b0\u1ee3t, d\u1ec5 thi c\u00f4ng<\/td>\n<\/tr>\n<\/tbody>\n<\/table>\n","protected":false},"featured_media":930,"comment_status":"open","ping_status":"closed","template":"","meta":[],"product_cat":[150],"product_tag":[195,152,196,197,198,199,179,200],"class_list":{"0":"post-926","1":"product","2":"type-product","3":"status-publish","4":"has-post-thumbnail","6":"product_cat-tham-khach-san","7":"product_tag-tham-chong-truot-hoi-truong","8":"product_tag-tham-cut-pile","9":"product_tag-tham-danh-cho-san-khau","10":"product_tag-tham-nylon-pp-woven","11":"product_tag-tham-soc-vang-nau","12":"product_tag-tham-su-kien-cao-cap","13":"product_tag-tham-trai-san-hoi-truong","14":"product_tag-tham-trang-nghiem-hoi-nghi","16":"first","17":"instock","18":"sale","19":"shipping-taxable","20":"purchasable","21":"product-type-simple"},"yoast_head":"<!-- This site is optimized with the Yoast SEO Premium plugin v20.12 (Yoast SEO v20.12) - https:\/\/yoast.com\/wordpress\/plugins\/seo\/ -->\n<title>Th\u1ea3m Tr\u1ea3i S\u00e0n Kh\u00e1ch S\u1ea1n HT-800-01 sang tr\u1ecdng v\u00e0 tinh t\u1ebf<\/title>\n<meta name=\"description\" content=\"Th\u1ea3m tr\u1ea3i s\u00e0n \u0111\u01b0\u1eddng d\u1eabn l\u00e0 s\u1ea3n ph\u1ea9m cao c\u1ea5p \u0111em l\u1ea1i c\u1ea3m gi\u00e1c sang tr\u1ecdng tinh t\u1ebf \u0111\u00e1p \u1ee9ng \u0111\u01b0\u1ee3c ti\u00eau ch\u00ed kh\u1eaft khe v\u1ec1 th\u1ea9m m\u1ef9, t\u00ednh an to\u00e0n th\u00e2n thi\u1ec7n\" \/>\n<meta name=\"robots\" content=\"index, follow, max-snippet:-1, max-image-preview:large, max-video-preview:-1\" \/>\n<link rel=\"canonical\" href=\"https:\/\/thamtraisanvanphong.com.vn\/?product=thamkhachsanht-800-01\" \/>\n<meta property=\"og:locale\" content=\"vi_VN\" \/>\n<meta property=\"og:type\" content=\"article\" \/>\n<meta property=\"og:title\" content=\"Th\u1ea3m Tr\u1ea3i S\u00e0n Kh\u00e1ch S\u1ea1n HT-800-01\" \/>\n<meta property=\"og:description\" content=\"Th\u1ea3m tr\u1ea3i s\u00e0n \u0111\u01b0\u1eddng d\u1eabn l\u00e0 s\u1ea3n ph\u1ea9m cao c\u1ea5p \u0111em l\u1ea1i c\u1ea3m gi\u00e1c sang tr\u1ecdng tinh t\u1ebf \u0111\u00e1p \u1ee9ng \u0111\u01b0\u1ee3c ti\u00eau ch\u00ed kh\u1eaft khe v\u1ec1 th\u1ea9m m\u1ef9, t\u00ednh an to\u00e0n th\u00e2n thi\u1ec7n\" \/>\n<meta property=\"og:url\" content=\"https:\/\/thamtraisanvanphong.com.vn\/?product=thamkhachsanht-800-01\" \/>\n<meta property=\"og:site_name\" content=\"Thamtraisan\" \/>\n<meta property=\"article:modified_time\" content=\"2026-04-18T13:13:49+00:00\" \/>\n<meta property=\"og:image\" content=\"https:\/\/thamtraisanvanphong.com.vn\/wp-content\/uploads\/2026\/04\/Tham-khach-san-HT-800-01.png\" \/>\n\t<meta property=\"og:image:width\" content=\"258\" \/>\n\t<meta property=\"og:image:height\" content=\"258\" \/>\n\t<meta property=\"og:image:type\" content=\"image\/png\" \/>\n<meta name=\"twitter:card\" content=\"summary_large_image\" \/>\n<meta name=\"twitter:label1\" content=\"\u01af\u1edbc t\u00ednh th\u1eddi gian \u0111\u1ecdc\" \/>\n\t<meta name=\"twitter:data1\" content=\"2 ph\u00fat\" \/>\n<script type=\"application\/ld+json\" class=\"yoast-schema-graph\">{\"@context\":\"https:\/\/schema.org\",\"@graph\":[{\"@type\":\"WebPage\",\"@id\":\"https:\/\/thamtraisanvanphong.com.vn\/?product=thamkhachsanht-800-01\",\"url\":\"https:\/\/thamtraisanvanphong.com.vn\/?product=thamkhachsanht-800-01\",\"name\":\"Th\u1ea3m Tr\u1ea3i S\u00e0n Kh\u00e1ch S\u1ea1n HT-800-01 sang tr\u1ecdng v\u00e0 tinh t\u1ebf\",\"isPartOf\":{\"@id\":\"https:\/\/thamtraisanvanphong.com.vn\/#website\"},\"datePublished\":\"2026-04-18T13:05:46+00:00\",\"dateModified\":\"2026-04-18T13:13:49+00:00\",\"description\":\"Th\u1ea3m tr\u1ea3i s\u00e0n \u0111\u01b0\u1eddng d\u1eabn l\u00e0 s\u1ea3n ph\u1ea9m cao c\u1ea5p \u0111em l\u1ea1i c\u1ea3m gi\u00e1c sang tr\u1ecdng tinh t\u1ebf \u0111\u00e1p \u1ee9ng \u0111\u01b0\u1ee3c ti\u00eau ch\u00ed kh\u1eaft khe v\u1ec1 th\u1ea9m m\u1ef9, t\u00ednh an to\u00e0n th\u00e2n thi\u1ec7n\",\"breadcrumb\":{\"@id\":\"https:\/\/thamtraisanvanphong.com.vn\/?product=thamkhachsanht-800-01#breadcrumb\"},\"inLanguage\":\"vi\",\"potentialAction\":[{\"@type\":\"ReadAction\",\"target\":[\"https:\/\/thamtraisanvanphong.com.vn\/?product=thamkhachsanht-800-01\"]}]},{\"@type\":\"BreadcrumbList\",\"@id\":\"https:\/\/thamtraisanvanphong.com.vn\/?product=thamkhachsanht-800-01#breadcrumb\",\"itemListElement\":[{\"@type\":\"ListItem\",\"position\":1,\"name\":\"Home\",\"item\":\"https:\/\/thamtraisanvanphong.com.vn\/\"},{\"@type\":\"ListItem\",\"position\":2,\"name\":\"C\u1eeda h\u00e0ng\",\"item\":\"https:\/\/thamtraisanvanphong.com.vn\/?page_id=10\"},{\"@type\":\"ListItem\",\"position\":3,\"name\":\"Th\u1ea3m Tr\u1ea3i S\u00e0n Kh\u00e1ch S\u1ea1n HT-800-01\"}]},{\"@type\":\"WebSite\",\"@id\":\"https:\/\/thamtraisanvanphong.com.vn\/#website\",\"url\":\"https:\/\/thamtraisanvanphong.com.vn\/\",\"name\":\"Thamtraisan\",\"description\":\"Thamtraisangiare\",\"potentialAction\":[{\"@type\":\"SearchAction\",\"target\":{\"@type\":\"EntryPoint\",\"urlTemplate\":\"https:\/\/thamtraisanvanphong.com.vn\/?s={search_term_string}\"},\"query-input\":\"required name=search_term_string\"}],\"inLanguage\":\"vi\"}]}<\/script>\n<!-- \/ Yoast SEO Premium plugin. -->","yoast_head_json":{"title":"Th\u1ea3m Tr\u1ea3i S\u00e0n Kh\u00e1ch S\u1ea1n HT-800-01 sang tr\u1ecdng v\u00e0 tinh t\u1ebf","description":"Th\u1ea3m tr\u1ea3i s\u00e0n \u0111\u01b0\u1eddng d\u1eabn l\u00e0 s\u1ea3n ph\u1ea9m cao c\u1ea5p \u0111em l\u1ea1i c\u1ea3m gi\u00e1c sang tr\u1ecdng tinh t\u1ebf \u0111\u00e1p \u1ee9ng \u0111\u01b0\u1ee3c ti\u00eau ch\u00ed kh\u1eaft khe v\u1ec1 th\u1ea9m m\u1ef9, t\u00ednh an to\u00e0n th\u00e2n thi\u1ec7n","robots":{"index":"index","follow":"follow","max-snippet":"max-snippet:-1","max-image-preview":"max-image-preview:large","max-video-preview":"max-video-preview:-1"},"canonical":"https:\/\/thamtraisanvanphong.com.vn\/?product=thamkhachsanht-800-01","og_locale":"vi_VN","og_type":"article","og_title":"Th\u1ea3m Tr\u1ea3i S\u00e0n Kh\u00e1ch S\u1ea1n HT-800-01","og_description":"Th\u1ea3m tr\u1ea3i s\u00e0n \u0111\u01b0\u1eddng d\u1eabn l\u00e0 s\u1ea3n ph\u1ea9m cao c\u1ea5p \u0111em l\u1ea1i c\u1ea3m gi\u00e1c sang tr\u1ecdng tinh t\u1ebf \u0111\u00e1p \u1ee9ng \u0111\u01b0\u1ee3c ti\u00eau ch\u00ed kh\u1eaft khe v\u1ec1 th\u1ea9m m\u1ef9, t\u00ednh an to\u00e0n th\u00e2n thi\u1ec7n","og_url":"https:\/\/thamtraisanvanphong.com.vn\/?product=thamkhachsanht-800-01","og_site_name":"Thamtraisan","article_modified_time":"2026-04-18T13:13:49+00:00","og_image":[{"width":258,"height":258,"url":"https:\/\/thamtraisanvanphong.com.vn\/wp-content\/uploads\/2026\/04\/Tham-khach-san-HT-800-01.png","type":"image\/png"}],"twitter_card":"summary_large_image","twitter_misc":{"\u01af\u1edbc t\u00ednh th\u1eddi gian \u0111\u1ecdc":"2 ph\u00fat"},"schema":{"@context":"https:\/\/schema.org","@graph":[{"@type":"WebPage","@id":"https:\/\/thamtraisanvanphong.com.vn\/?product=thamkhachsanht-800-01","url":"https:\/\/thamtraisanvanphong.com.vn\/?product=thamkhachsanht-800-01","name":"Th\u1ea3m Tr\u1ea3i S\u00e0n Kh\u00e1ch S\u1ea1n HT-800-01 sang tr\u1ecdng v\u00e0 tinh t\u1ebf","isPartOf":{"@id":"https:\/\/thamtraisanvanphong.com.vn\/#website"},"datePublished":"2026-04-18T13:05:46+00:00","dateModified":"2026-04-18T13:13:49+00:00","description":"Th\u1ea3m tr\u1ea3i s\u00e0n \u0111\u01b0\u1eddng d\u1eabn l\u00e0 s\u1ea3n ph\u1ea9m cao c\u1ea5p \u0111em l\u1ea1i c\u1ea3m gi\u00e1c sang tr\u1ecdng tinh t\u1ebf \u0111\u00e1p \u1ee9ng \u0111\u01b0\u1ee3c ti\u00eau ch\u00ed kh\u1eaft khe v\u1ec1 th\u1ea9m m\u1ef9, t\u00ednh an to\u00e0n th\u00e2n thi\u1ec7n","breadcrumb":{"@id":"https:\/\/thamtraisanvanphong.com.vn\/?product=thamkhachsanht-800-01#breadcrumb"},"inLanguage":"vi","potentialAction":[{"@type":"ReadAction","target":["https:\/\/thamtraisanvanphong.com.vn\/?product=thamkhachsanht-800-01"]}]},{"@type":"BreadcrumbList","@id":"https:\/\/thamtraisanvanphong.com.vn\/?product=thamkhachsanht-800-01#breadcrumb","itemListElement":[{"@type":"ListItem","position":1,"name":"Home","item":"https:\/\/thamtraisanvanphong.com.vn\/"},{"@type":"ListItem","position":2,"name":"C\u1eeda h\u00e0ng","item":"https:\/\/thamtraisanvanphong.com.vn\/?page_id=10"},{"@type":"ListItem","position":3,"name":"Th\u1ea3m Tr\u1ea3i S\u00e0n Kh\u00e1ch S\u1ea1n HT-800-01"}]},{"@type":"WebSite","@id":"https:\/\/thamtraisanvanphong.com.vn\/#website","url":"https:\/\/thamtraisanvanphong.com.vn\/","name":"Thamtraisan","description":"Thamtraisangiare","potentialAction":[{"@type":"SearchAction","target":{"@type":"EntryPoint","urlTemplate":"https:\/\/thamtraisanvanphong.com.vn\/?s={search_term_string}"},"query-input":"required name=search_term_string"}],"inLanguage":"vi"}]}},"_links":{"self":[{"href":"https:\/\/thamtraisanvanphong.com.vn\/index.php?rest_route=\/wp\/v2\/product\/926","targetHints":{"allow":["GET"]}}],"collection":[{"href":"https:\/\/thamtraisanvanphong.com.vn\/index.php?rest_route=\/wp\/v2\/product"}],"about":[{"href":"https:\/\/thamtraisanvanphong.com.vn\/index.php?rest_route=\/wp\/v2\/types\/product"}],"replies":[{"embeddable":true,"href":"https:\/\/thamtraisanvanphong.com.vn\/index.php?rest_route=%2Fwp%2Fv2%2Fcomments&post=926"}],"wp:featuredmedia":[{"embeddable":true,"href":"https:\/\/thamtraisanvanphong.com.vn\/index.php?rest_route=\/wp\/v2\/media\/930"}],"wp:attachment":[{"href":"https:\/\/thamtraisanvanphong.com.vn\/index.php?rest_route=%2Fwp%2Fv2%2Fmedia&parent=926"}],"wp:term":[{"taxonomy":"product_cat","embeddable":true,"href":"https:\/\/thamtraisanvanphong.com.vn\/index.php?rest_route=%2Fwp%2Fv2%2Fproduct_cat&post=926"},{"taxonomy":"product_tag","embeddable":true,"href":"https:\/\/thamtraisanvanphong.com.vn\/index.php?rest_route=%2Fwp%2Fv2%2Fproduct_tag&post=926"}],"curies":[{"name":"wp","href":"https:\/\/api.w.org\/{rel}","templated":true}]}}