{"id":927,"date":"2026-04-18T20:05:49","date_gmt":"2026-04-18T13:05:49","guid":{"rendered":"https:\/\/thamtraisanvanphong.com.vn\/?post_type=product&#038;p=927"},"modified":"2026-04-18T20:17:44","modified_gmt":"2026-04-18T13:17:44","slug":"thamkhachsanht800-02","status":"publish","type":"product","link":"https:\/\/thamtraisanvanphong.com.vn\/?product=thamkhachsanht800-02","title":{"rendered":"Th\u1ea3m Tr\u1ea3i S\u00e0n Kh\u00e1ch S\u1ea1n HT-800-02"},"content":{"rendered":"<p data-pm-slice=\"1 1 []\"><strong>Th\u1ea3m tr\u1ea3i s\u00e0n kh\u00e1ch s\u1ea1n HT-800-02<\/strong>\u00a0thu\u1ed9c BST th\u1ea3m cao c\u1ea5p \u1ee9ng d\u1ee5ng trong kh\u00e1ch s\u1ea1n, resort, trung t\u00e2m ngh\u1ec7 thu\u1eadt v\u00e0 kh\u00f4ng gian sang tr\u1ecdng. Thi\u1ebft k\u1ebf hoa v\u0103n hoa \u0111\u01b0\u1ee3c bi\u1ebfn t\u1ea5u tr\u00ean t\u00f4ng n\u00e2u v\u00e0ng tr\u1ea7m \u1ea5m kh\u00f4ng ch\u1ec9 t\u1ea1o n\u00ean v\u1ebb \u0111\u1eb9p m\u1ec1m m\u1ea1i m\u00e0 c\u00f2n mang \u0111\u1eb7c tr\u01b0ng v\u0103n h\u00f3a Ph\u01b0\u01a1ng \u0110\u00f4ng.<\/p>\n<p>M\u1ed7i chi ti\u1ebft tr\u00ean th\u1ea3m nh\u1eefng \u0111\u00f3a hoa \u0111ang n\u1edf r\u1ed9 h\u01a1n d\u01b0\u1edbi l\u1edbp n\u1ebf d\u1ec7t, t\u01a1\u0301i \u0111a tr\u1ea3i nghi\u1ec7m c\u1ee7a kh\u00e1ch h\u00e0ng t\u1ea1i nh\u1eefng kh\u00f4ng gian l\u1edbn nh\u01b0 s\u1ea3nh ch\u00ednh, h\u00e0nh lang, khu tri\u1ec3n l\u00e3m.<\/p>\n<h2 data-pm-slice=\"1 1 []\">Thi\u1ebft k\u1ebf tinh t\u1ebf v\u00e0 \u0111\u1eadm ch\u1ea5t ngh\u1ec7 thu\u1eadt<\/h2>\n<p>HT-800-02 s\u1eed d\u1ee5ng hoa v\u0103n hoa \u0111\u01b0\u1ee3c c\u00e1ch \u0111i\u1ec7u \u0111\u1ec3 gi\u1eef s\u1ef1 t\u1ec9nh l\u1eb7ng, trang nh\u00e3 m\u00e0 v\u1eabn thu h\u00fat nh\u1edd \u0111\u01b0\u1eddng n\u00e9t m\u1ecfng, tinh x\u1ea3o. \u0110\u01b0\u1ee3c d\u1ec7t theo ki\u1ec3u\u00a0<strong>Cut Pile<\/strong>, b\u1ec1 m\u1eb7t th\u1ea3m \u0111\u1eb7c bi\u1ec7t \u00eam ch\u00e2n, \u0111\u1ed3ng th\u1eddi gi\u00fap t\u0103ng \u0111\u1ed9 n\u1ed5i v\u00e0 s\u1ef1 sang tr\u1ecdng c\u1ee7a t\u1ed5ng th\u1ec3.<\/p>\n<p>T\u00f4ng n\u00e2u \u0111\u1ea5t \u0111\u01b0\u1ee3c k\u1ebft h\u1ee3p v\u1edbi nh\u1eefng \u0111\u00f3a hoa m\u00e0u v\u00e0ng \u0111\u1ea7y sinh kh\u00ed, kh\u00f4ng ch\u1ec9 h\u1ee3p m\u1ed9t phong c\u00e1ch thi\u1ebft k\u1ebf n\u1ed9i th\u1ea5t truy\u1ec1n th\u1ed1ng m\u00e0 c\u00f2n \u0111\u1ed3ng b\u1ed9 \u1edf nh\u1eefng c\u00f4ng tr\u00ecnh mang h\u01b0\u1edbng \u0111\u1ed1i x\u1ee9ng, nh\u1eb9 nh\u00e0ng.<\/p>\n<h2 data-pm-slice=\"1 3 []\">\u00a0\u01afu \u0111i\u1ec3m n\u1ed5i b\u1eadt<\/h2>\n<ul data-spread=\"false\">\n<li>H\u1ecda ti\u1ebft hoa truy\u1ec1n th\u1ed1ng thanh l\u1ecbch, tinh t\u1ebf<\/li>\n<li>M\u00e0u n\u00e2u v\u00e0ng \u0111\u1ea7y sang tr\u1ecdng v\u00e0 g\u1ea7n g\u0169i<\/li>\n<li>Ch\u1ea5t li\u1ec7u Nylon 6 cao c\u1ea5p b\u1ec1n b\u1ec9, ch\u1ed1ng khu\u1ea9n<\/li>\n<li>Ki\u1ec3u d\u1ec7t Cut Pile t\u0103ng \u0111\u1ed9 \u0111\u1eb9p v\u00e0 \u0111\u1ed9 b\u1ec1n<\/li>\n<li>\u0110\u1ebf PP woven ch\u1ed1ng tr\u01b0\u1ee3t an to\u00e0n, d\u1ec5 l\u1eafp \u0111\u1eb7t<\/li>\n<li>Thi c\u00f4ng nhanh ch\u00f3ng, linh ho\u1ea1t nhi\u1ec1u kh\u00f4ng gian<\/li>\n<\/ul>\n<h2 data-pm-slice=\"1 1 []\">\u1ee8ng d\u1ee5ng th\u1ef1c t\u1ebf<\/h2>\n<p><strong>HT-800-02<\/strong>\u00a0l\u00fd t\u01b0\u1edfng cho nhi\u1ec1u kh\u00f4ng gian c\u00f3 nhu c\u1ea7u th\u1ea9m m\u1ef9 v\u00e0 tr\u1ea3i nghi\u1ec7m cao c\u1ea5p:<\/p>\n<ul data-spread=\"false\">\n<li>S\u1ea3nh kh\u00e1ch s\u1ea1n, khu \u0111\u00f3n ti\u1ebfp<\/li>\n<li>H\u00e0nh lang trung t\u00e2m, khu tr\u01b0ng b\u00e0y<\/li>\n<li>Resort, khu spa ngh\u1ec9 d\u01b0\u1ee1ng cao c\u1ea5p<\/li>\n<li>Ph\u00f2ng h\u1ed9i th\u1ea3o, trung t\u00e2m ngh\u1ec7 thu\u1eadt<\/li>\n<\/ul>\n<p>H\u1ecda ti\u1ebft tinh t\u1ebf v\u00e0 m\u00e0u s\u1eafc \u1ea5m \u00e1p c\u1ee7a HT-800-02 mang l\u1ea1i c\u1ea3m gi\u00e1c d\u1ec5 ch\u1ecbu, th\u01b0 gi\u00e3n m\u00e0 v\u1eabn sang tr\u1ecdng, \u0111\u00e1p \u1ee9ng nhu c\u1ea7u cao nh\u1ea5t c\u1ee7a c\u00e1c d\u1ef1 \u00e1n n\u1ed9i th\u1ea5t cao c\u1ea5p.<\/p>\n<h2 data-pm-slice=\"1 1 []\">\u00a0K\u1ebft lu\u1eadn<\/h2>\n<p><strong>HT-800-02<\/strong>\u00a0kh\u00f4ng ch\u1ec9 \u0111\u01b0\u1ee3c \u0111\u00e1nh gi\u00e1 cao v\u1ec1 ch\u1ea5t l\u01b0\u1ee3ng m\u00e0 c\u00f2n mang d\u1ea5u \u1ea5n ngh\u1ec7 thu\u1eadt truy\u1ec1n th\u1ed1ng. \u0110\u00e2y s\u1ebd l\u00e0 l\u1ef1a ch\u1ecdn \u0111\u00e1ng tin c\u1eady cho nh\u1eefng kh\u00f4ng gian c\u1ea7n g\u00e2y \u1ea5n t\u01b0\u1ee3ng m\u1ea1nh m\u1eeb v\u00e0 t\u00f4n l\u00ean v\u1ebb \u0111\u1eb9p \u0111\u1eb7c tr\u01b0ng.<\/p>\n<figure id=\"attachment_1190\" class=\"wp-caption aligncenter\" aria-describedby=\"caption-attachment-1190\"><\/figure>\n","protected":false},"excerpt":{"rendered":"<h2 data-start=\"4031\" data-end=\"4063\">Th\u00f4ng s\u1ed1 k\u1ef9 thu\u1eadt chi ti\u1ebft<\/h2>\n<div class=\"_tableContainer_16hzy_1\">\n<div class=\"_tableWrapper_16hzy_14 group flex w-fit flex-col-reverse\" tabindex=\"-1\">\n<table class=\"w-fit min-w-(--thread-content-width)\" data-start=\"4065\" data-end=\"4694\">\n<thead data-start=\"4065\" data-end=\"4134\">\n<tr data-start=\"4065\" data-end=\"4134\">\n<th data-start=\"4065\" data-end=\"4089\" data-col-size=\"sm\">Th\u00f4ng s\u1ed1<\/th>\n<th data-start=\"4089\" data-end=\"4134\" data-col-size=\"sm\">Chi ti\u1ebft<\/th>\n<\/tr>\n<\/thead>\n<tbody data-start=\"4205\" data-end=\"4694\">\n<tr data-start=\"4205\" data-end=\"4274\">\n<td data-start=\"4205\" data-end=\"4229\" data-col-size=\"sm\">Ch\u1ea5t li\u1ec7u s\u1ee3i<\/td>\n<td data-start=\"4229\" data-end=\"4274\" data-col-size=\"sm\">100% S\u1ee3i Nylon 6<\/td>\n<\/tr>\n<tr data-start=\"4275\" data-end=\"4344\">\n<td data-start=\"4275\" data-end=\"4299\" data-col-size=\"sm\">Ki\u1ec3u d\u1ec7t<\/td>\n<td data-start=\"4299\" data-end=\"4344\" data-col-size=\"sm\">Cut Pile<\/td>\n<\/tr>\n<tr data-start=\"4345\" data-end=\"4414\">\n<td data-start=\"4345\" data-end=\"4369\" data-col-size=\"sm\">M\u1eadt \u0111\u1ed9 s\u1ee3i<\/td>\n<td data-start=\"4369\" data-end=\"4414\" data-col-size=\"sm\">1000 gram\/m\u00b2<\/td>\n<\/tr>\n<tr data-start=\"4415\" data-end=\"4484\">\n<td data-start=\"4415\" data-end=\"4439\" data-col-size=\"sm\">T\u1ed5ng chi\u1ec1u cao<\/td>\n<td data-start=\"4439\" data-end=\"4484\" data-col-size=\"sm\">9mm (\u00b15%)<\/td>\n<\/tr>\n<tr data-start=\"4485\" data-end=\"4554\">\n<td data-start=\"4485\" data-end=\"4509\" data-col-size=\"sm\">Chi\u1ec1u cao s\u1ee3i<\/td>\n<td data-start=\"4509\" data-end=\"4554\" data-col-size=\"sm\">6mm (\u00b15%)<\/td>\n<\/tr>\n<tr data-start=\"4555\" data-end=\"4624\">\n<td data-start=\"4555\" data-end=\"4579\" data-col-size=\"sm\">Kh\u1ed5 th\u1ea3m<\/td>\n<td data-start=\"4579\" data-end=\"4624\" data-col-size=\"sm\">3.66m ho\u1eb7c 4.00m<\/td>\n<\/tr>\n<tr data-start=\"4625\" data-end=\"4694\">\n<td data-start=\"4625\" data-end=\"4649\" data-col-size=\"sm\">Lo\u1ea1i \u0111\u1ebf<\/td>\n<td data-start=\"4649\" data-end=\"4694\" data-col-size=\"sm\">PP Woven \u2013 Ch\u1ed1ng tr\u01b0\u1ee3t, d\u1ec5 thi c\u00f4ng<\/td>\n<\/tr>\n<\/tbody>\n<\/table>\n<div class=\"sticky end-(--thread-content-margin) h-0 self-end select-none\">\n<div class=\"absolute end-0 flex items-end\"><\/div>\n<\/div>\n<\/div>\n<\/div>\n","protected":false},"featured_media":931,"comment_status":"open","ping_status":"closed","template":"","meta":[],"product_cat":[150],"product_tag":[201,188,202,203,204,184,205],"class_list":{"0":"post-927","1":"product","2":"type-product","3":"status-publish","4":"has-post-thumbnail","6":"product_cat-tham-khach-san","7":"product_tag-tham-cao-cap-resort","8":"product_tag-tham-chong-truot-pp-woven","9":"product_tag-tham-de-thi-cong","10":"product_tag-tham-hoa-tiet-hoa-truyen-thong","11":"product_tag-tham-mau-nau-vang","12":"product_tag-tham-soi-nylon-6","13":"product_tag-tham-trang-tri-sanh-khach-san","15":"first","16":"instock","17":"sale","18":"shipping-taxable","19":"purchasable","20":"product-type-simple"},"yoast_head":"<!-- This site is optimized with the Yoast SEO Premium plugin v20.12 (Yoast SEO v20.12) - https:\/\/yoast.com\/wordpress\/plugins\/seo\/ -->\n<title>Th\u1ea3m Tr\u1ea3i S\u00e0n Kh\u00e1ch S\u1ea1n HT-800-02 sang tr\u1ecdng v\u00e0 tinh t\u1ebf<\/title>\n<meta name=\"description\" content=\"Th\u1ea3m tr\u1ea3i s\u00e0n \u0111\u01b0\u1eddng d\u1eabn l\u00e0 s\u1ea3n ph\u1ea9m cao c\u1ea5p \u0111em l\u1ea1i c\u1ea3m gi\u00e1c sang tr\u1ecdng tinh t\u1ebf \u0111\u00e1p \u1ee9ng \u0111\u01b0\u1ee3c ti\u00eau ch\u00ed kh\u1eaft khe v\u1ec1 th\u1ea9m m\u1ef9, t\u00ednh an to\u00e0n th\u00e2n thi\u1ec7n\" \/>\n<meta name=\"robots\" content=\"index, follow, max-snippet:-1, max-image-preview:large, max-video-preview:-1\" \/>\n<link rel=\"canonical\" href=\"https:\/\/thamtraisanvanphong.com.vn\/?product=thamkhachsanht800-02\" \/>\n<meta property=\"og:locale\" content=\"vi_VN\" \/>\n<meta property=\"og:type\" content=\"article\" \/>\n<meta property=\"og:title\" content=\"Th\u1ea3m Tr\u1ea3i S\u00e0n Kh\u00e1ch S\u1ea1n HT-800-02\" \/>\n<meta property=\"og:description\" content=\"Th\u1ea3m tr\u1ea3i s\u00e0n \u0111\u01b0\u1eddng d\u1eabn l\u00e0 s\u1ea3n ph\u1ea9m cao c\u1ea5p \u0111em l\u1ea1i c\u1ea3m gi\u00e1c sang tr\u1ecdng tinh t\u1ebf \u0111\u00e1p \u1ee9ng \u0111\u01b0\u1ee3c ti\u00eau ch\u00ed kh\u1eaft khe v\u1ec1 th\u1ea9m m\u1ef9, t\u00ednh an to\u00e0n th\u00e2n thi\u1ec7n\" \/>\n<meta property=\"og:url\" content=\"https:\/\/thamtraisanvanphong.com.vn\/?product=thamkhachsanht800-02\" \/>\n<meta property=\"og:site_name\" content=\"Thamtraisan\" \/>\n<meta property=\"article:modified_time\" content=\"2026-04-18T13:17:44+00:00\" \/>\n<meta property=\"og:image\" content=\"https:\/\/thamtraisanvanphong.com.vn\/wp-content\/uploads\/2026\/04\/Tham-khach-san-HT-800-02.png\" \/>\n\t<meta property=\"og:image:width\" content=\"297\" \/>\n\t<meta property=\"og:image:height\" content=\"295\" \/>\n\t<meta property=\"og:image:type\" content=\"image\/png\" \/>\n<meta name=\"twitter:card\" content=\"summary_large_image\" \/>\n<meta name=\"twitter:label1\" content=\"\u01af\u1edbc t\u00ednh th\u1eddi gian \u0111\u1ecdc\" \/>\n\t<meta name=\"twitter:data1\" content=\"3 ph\u00fat\" \/>\n<script type=\"application\/ld+json\" class=\"yoast-schema-graph\">{\"@context\":\"https:\/\/schema.org\",\"@graph\":[{\"@type\":\"WebPage\",\"@id\":\"https:\/\/thamtraisanvanphong.com.vn\/?product=thamkhachsanht800-02\",\"url\":\"https:\/\/thamtraisanvanphong.com.vn\/?product=thamkhachsanht800-02\",\"name\":\"Th\u1ea3m Tr\u1ea3i S\u00e0n Kh\u00e1ch S\u1ea1n HT-800-02 sang tr\u1ecdng v\u00e0 tinh t\u1ebf\",\"isPartOf\":{\"@id\":\"https:\/\/thamtraisanvanphong.com.vn\/#website\"},\"datePublished\":\"2026-04-18T13:05:49+00:00\",\"dateModified\":\"2026-04-18T13:17:44+00:00\",\"description\":\"Th\u1ea3m tr\u1ea3i s\u00e0n \u0111\u01b0\u1eddng d\u1eabn l\u00e0 s\u1ea3n ph\u1ea9m cao c\u1ea5p \u0111em l\u1ea1i c\u1ea3m gi\u00e1c sang tr\u1ecdng tinh t\u1ebf \u0111\u00e1p \u1ee9ng \u0111\u01b0\u1ee3c ti\u00eau ch\u00ed kh\u1eaft khe v\u1ec1 th\u1ea9m m\u1ef9, t\u00ednh an to\u00e0n th\u00e2n thi\u1ec7n\",\"breadcrumb\":{\"@id\":\"https:\/\/thamtraisanvanphong.com.vn\/?product=thamkhachsanht800-02#breadcrumb\"},\"inLanguage\":\"vi\",\"potentialAction\":[{\"@type\":\"ReadAction\",\"target\":[\"https:\/\/thamtraisanvanphong.com.vn\/?product=thamkhachsanht800-02\"]}]},{\"@type\":\"BreadcrumbList\",\"@id\":\"https:\/\/thamtraisanvanphong.com.vn\/?product=thamkhachsanht800-02#breadcrumb\",\"itemListElement\":[{\"@type\":\"ListItem\",\"position\":1,\"name\":\"Home\",\"item\":\"https:\/\/thamtraisanvanphong.com.vn\/\"},{\"@type\":\"ListItem\",\"position\":2,\"name\":\"C\u1eeda h\u00e0ng\",\"item\":\"https:\/\/thamtraisanvanphong.com.vn\/?page_id=10\"},{\"@type\":\"ListItem\",\"position\":3,\"name\":\"Th\u1ea3m Tr\u1ea3i S\u00e0n Kh\u00e1ch S\u1ea1n HT-800-02\"}]},{\"@type\":\"WebSite\",\"@id\":\"https:\/\/thamtraisanvanphong.com.vn\/#website\",\"url\":\"https:\/\/thamtraisanvanphong.com.vn\/\",\"name\":\"Thamtraisan\",\"description\":\"Thamtraisangiare\",\"potentialAction\":[{\"@type\":\"SearchAction\",\"target\":{\"@type\":\"EntryPoint\",\"urlTemplate\":\"https:\/\/thamtraisanvanphong.com.vn\/?s={search_term_string}\"},\"query-input\":\"required name=search_term_string\"}],\"inLanguage\":\"vi\"}]}<\/script>\n<!-- \/ Yoast SEO Premium plugin. -->","yoast_head_json":{"title":"Th\u1ea3m Tr\u1ea3i S\u00e0n Kh\u00e1ch S\u1ea1n HT-800-02 sang tr\u1ecdng v\u00e0 tinh t\u1ebf","description":"Th\u1ea3m tr\u1ea3i s\u00e0n \u0111\u01b0\u1eddng d\u1eabn l\u00e0 s\u1ea3n ph\u1ea9m cao c\u1ea5p \u0111em l\u1ea1i c\u1ea3m gi\u00e1c sang tr\u1ecdng tinh t\u1ebf \u0111\u00e1p \u1ee9ng \u0111\u01b0\u1ee3c ti\u00eau ch\u00ed kh\u1eaft khe v\u1ec1 th\u1ea9m m\u1ef9, t\u00ednh an to\u00e0n th\u00e2n thi\u1ec7n","robots":{"index":"index","follow":"follow","max-snippet":"max-snippet:-1","max-image-preview":"max-image-preview:large","max-video-preview":"max-video-preview:-1"},"canonical":"https:\/\/thamtraisanvanphong.com.vn\/?product=thamkhachsanht800-02","og_locale":"vi_VN","og_type":"article","og_title":"Th\u1ea3m Tr\u1ea3i S\u00e0n Kh\u00e1ch S\u1ea1n HT-800-02","og_description":"Th\u1ea3m tr\u1ea3i s\u00e0n \u0111\u01b0\u1eddng d\u1eabn l\u00e0 s\u1ea3n ph\u1ea9m cao c\u1ea5p \u0111em l\u1ea1i c\u1ea3m gi\u00e1c sang tr\u1ecdng tinh t\u1ebf \u0111\u00e1p \u1ee9ng \u0111\u01b0\u1ee3c ti\u00eau ch\u00ed kh\u1eaft khe v\u1ec1 th\u1ea9m m\u1ef9, t\u00ednh an to\u00e0n th\u00e2n thi\u1ec7n","og_url":"https:\/\/thamtraisanvanphong.com.vn\/?product=thamkhachsanht800-02","og_site_name":"Thamtraisan","article_modified_time":"2026-04-18T13:17:44+00:00","og_image":[{"width":297,"height":295,"url":"https:\/\/thamtraisanvanphong.com.vn\/wp-content\/uploads\/2026\/04\/Tham-khach-san-HT-800-02.png","type":"image\/png"}],"twitter_card":"summary_large_image","twitter_misc":{"\u01af\u1edbc t\u00ednh th\u1eddi gian \u0111\u1ecdc":"3 ph\u00fat"},"schema":{"@context":"https:\/\/schema.org","@graph":[{"@type":"WebPage","@id":"https:\/\/thamtraisanvanphong.com.vn\/?product=thamkhachsanht800-02","url":"https:\/\/thamtraisanvanphong.com.vn\/?product=thamkhachsanht800-02","name":"Th\u1ea3m Tr\u1ea3i S\u00e0n Kh\u00e1ch S\u1ea1n HT-800-02 sang tr\u1ecdng v\u00e0 tinh t\u1ebf","isPartOf":{"@id":"https:\/\/thamtraisanvanphong.com.vn\/#website"},"datePublished":"2026-04-18T13:05:49+00:00","dateModified":"2026-04-18T13:17:44+00:00","description":"Th\u1ea3m tr\u1ea3i s\u00e0n \u0111\u01b0\u1eddng d\u1eabn l\u00e0 s\u1ea3n ph\u1ea9m cao c\u1ea5p \u0111em l\u1ea1i c\u1ea3m gi\u00e1c sang tr\u1ecdng tinh t\u1ebf \u0111\u00e1p \u1ee9ng \u0111\u01b0\u1ee3c ti\u00eau ch\u00ed kh\u1eaft khe v\u1ec1 th\u1ea9m m\u1ef9, t\u00ednh an to\u00e0n th\u00e2n thi\u1ec7n","breadcrumb":{"@id":"https:\/\/thamtraisanvanphong.com.vn\/?product=thamkhachsanht800-02#breadcrumb"},"inLanguage":"vi","potentialAction":[{"@type":"ReadAction","target":["https:\/\/thamtraisanvanphong.com.vn\/?product=thamkhachsanht800-02"]}]},{"@type":"BreadcrumbList","@id":"https:\/\/thamtraisanvanphong.com.vn\/?product=thamkhachsanht800-02#breadcrumb","itemListElement":[{"@type":"ListItem","position":1,"name":"Home","item":"https:\/\/thamtraisanvanphong.com.vn\/"},{"@type":"ListItem","position":2,"name":"C\u1eeda h\u00e0ng","item":"https:\/\/thamtraisanvanphong.com.vn\/?page_id=10"},{"@type":"ListItem","position":3,"name":"Th\u1ea3m Tr\u1ea3i S\u00e0n Kh\u00e1ch S\u1ea1n HT-800-02"}]},{"@type":"WebSite","@id":"https:\/\/thamtraisanvanphong.com.vn\/#website","url":"https:\/\/thamtraisanvanphong.com.vn\/","name":"Thamtraisan","description":"Thamtraisangiare","potentialAction":[{"@type":"SearchAction","target":{"@type":"EntryPoint","urlTemplate":"https:\/\/thamtraisanvanphong.com.vn\/?s={search_term_string}"},"query-input":"required name=search_term_string"}],"inLanguage":"vi"}]}},"_links":{"self":[{"href":"https:\/\/thamtraisanvanphong.com.vn\/index.php?rest_route=\/wp\/v2\/product\/927","targetHints":{"allow":["GET"]}}],"collection":[{"href":"https:\/\/thamtraisanvanphong.com.vn\/index.php?rest_route=\/wp\/v2\/product"}],"about":[{"href":"https:\/\/thamtraisanvanphong.com.vn\/index.php?rest_route=\/wp\/v2\/types\/product"}],"replies":[{"embeddable":true,"href":"https:\/\/thamtraisanvanphong.com.vn\/index.php?rest_route=%2Fwp%2Fv2%2Fcomments&post=927"}],"wp:featuredmedia":[{"embeddable":true,"href":"https:\/\/thamtraisanvanphong.com.vn\/index.php?rest_route=\/wp\/v2\/media\/931"}],"wp:attachment":[{"href":"https:\/\/thamtraisanvanphong.com.vn\/index.php?rest_route=%2Fwp%2Fv2%2Fmedia&parent=927"}],"wp:term":[{"taxonomy":"product_cat","embeddable":true,"href":"https:\/\/thamtraisanvanphong.com.vn\/index.php?rest_route=%2Fwp%2Fv2%2Fproduct_cat&post=927"},{"taxonomy":"product_tag","embeddable":true,"href":"https:\/\/thamtraisanvanphong.com.vn\/index.php?rest_route=%2Fwp%2Fv2%2Fproduct_tag&post=927"}],"curies":[{"name":"wp","href":"https:\/\/api.w.org\/{rel}","templated":true}]}}