{"id":928,"date":"2026-04-18T20:05:52","date_gmt":"2026-04-18T13:05:52","guid":{"rendered":"https:\/\/thamtraisanvanphong.com.vn\/?post_type=product&#038;p=928"},"modified":"2026-04-18T20:21:37","modified_gmt":"2026-04-18T13:21:37","slug":"thamkhachsanht800-03","status":"publish","type":"product","link":"https:\/\/thamtraisanvanphong.com.vn\/?product=thamkhachsanht800-03","title":{"rendered":"Th\u1ea3m Tr\u1ea3i S\u00e0n Kh\u00e1ch S\u1ea1n HT-800-03"},"content":{"rendered":"<h2 data-start=\"210\" data-end=\"286\"><strong data-start=\"213\" data-end=\"286\">Th\u1ea3m Tr\u1ea3i S\u00e0n Kh\u00e1ch S\u1ea1n HT-800-03 \u2013 V\u1ebb Sang Tr\u1ecdng T\u1eeb Ch\u1ea5t Li\u1ec7u Cao C\u1ea5p<\/strong><\/h2>\n<h2 data-pm-slice=\"1 1 []\">Thi\u1ebft k\u1ebf n\u1ed5i b\u1eadt v\u1edbi hoa c\u00fac tr\u1eebu t\u01b0\u1ee3ng<\/h2>\n<p>HT-800-03 khai th\u00e1c \u0111\u1ec1 t\u00e0i hoa c\u00fac \u2013 lo\u00e0i hoa bi\u1ec3u t\u01b0\u1ee3ng cho s\u1ef1 cao qu\u00fd, s\u1eafc \u0111\u1eb9p v\u00e0 \u0111\u1ed9c l\u1eadp. H\u1ecda ti\u1ebft \u0111\u01b0\u1ee3c thi\u1ebft k\u1ebf theo phong c\u00e1ch tr\u1eebu t\u01b0\u1ee3ng, gi\u00faa c\u00e1c b\u00f4ng hoa tr\u1edf n\u00ean m\u00e1nh li\u1ec7t tr\u00ean ph\u1ea7n n\u1ec1n xanh \u0111\u1eadm v\u00e0 gam cam n\u00f3ng. \u0110\u1ed3ng th\u1eddi, l\u1edbp n\u1ec1n s\u00e2u l\u00e1ng v\u1edbi nhi\u1ec1u l\u1edbp h\u1ecda ti\u1ebft t\u00e1ng \u0111\u1ed9 ch\u1ea5t cho kh\u00f4ng gian.<\/p>\n<p>S\u1ef1 xen k\u1ebb gi\u1eefa nhi\u1ec1u t\u1ed1ng xanh, xanh \u0111\u1eecm, xanh ng\u1ecdc v\u00e0 cam \u0111\u1ea5t gi\u00fac t\u1ea1o \u0111i\u1ec3m nh\u1ea5n th\u1ecb gi\u00e1c sinh \u0111\u1ed9ng. M\u1ed7i b\u01b0\u1edbc ch\u00e2n l\u00ean th\u1ea3m nh\u01b0 b\u01b0\u1edbc v\u00e0o m\u1ed9t b\u1ee9c tranh tr\u1edbi \u0111\u1eb7t gi\u1eefa thi\u00ean nhi\u00ean v\u00e0 ngh\u1ec7 thu\u1eadt \u0111\u1ea7y c\u1ea3m h\u1ee9ng.<\/p>\n<h3 data-start=\"692\" data-end=\"735\">\u00a0<strong data-start=\"698\" data-end=\"735\">\u01afu \u0110i\u1ec3m N\u1ed5i B\u1eadt C\u1ee7a Th\u1ea3m HT-800-03<\/strong><\/h3>\n<ul data-start=\"737\" data-end=\"1205\">\n<li data-start=\"737\" data-end=\"909\">\n<p data-start=\"739\" data-end=\"909\"><strong data-start=\"739\" data-end=\"772\">Ch\u1ea5t li\u1ec7u s\u1ee3i Nylon 6 cao c\u1ea5p<\/strong>: V\u1edbi \u0111\u1ed9 b\u1ec1n v\u01b0\u1ee3t tr\u1ed9i, kh\u1ea3 n\u0103ng \u0111\u00e0n h\u1ed3i t\u1ed1t v\u00e0 ch\u1ed1ng m\u00e0i m\u00f2n, lo\u1ea1i s\u1ee3i n\u00e0y gi\u1eef \u0111\u01b0\u1ee3c v\u1ebb \u0111\u1eb9p l\u00e2u d\u00e0i k\u1ec3 c\u1ea3 khi c\u00f3 l\u01b0u l\u01b0\u1ee3ng di chuy\u1ec3n l\u1edbn.<\/p>\n<\/li>\n<li data-start=\"911\" data-end=\"1049\">\n<p data-start=\"913\" data-end=\"1049\"><strong data-start=\"913\" data-end=\"934\">Ki\u1ec3u d\u1ec7t Cut Pile<\/strong>: S\u1ee3i \u0111\u01b0\u1ee3c c\u1eaft \u0111\u1ec1u t\u1ea1o b\u1ec1 m\u1eb7t m\u1ec1m m\u1ea1i, \u00eam ch\u00e2n v\u00e0 sang tr\u1ecdng \u2013 \u0111\u1eb7c bi\u1ec7t ph\u00f9 h\u1ee3p cho m\u00f4i tr\u01b0\u1eddng ngh\u1ec9 d\u01b0\u1ee1ng \u0111\u1eb3ng c\u1ea5p.<\/p>\n<\/li>\n<li data-start=\"1051\" data-end=\"1205\">\n<p data-start=\"1053\" data-end=\"1205\"><strong data-start=\"1053\" data-end=\"1081\">Hoa v\u0103n n\u1ed5i b\u1eadt, s\u1eafc n\u00e9t<\/strong>: Thi\u1ebft k\u1ebf h\u1ecda ti\u1ebft hoa cam tr\u00ean n\u1ec1n xanh lam \u2013 \u0111i\u1ec3m nh\u1ea5n mang \u0111\u1eadm ch\u1ea5t ngh\u1ec7 thu\u1eadt \u00c1 \u0110\u00f4ng, gi\u00fap n\u00e2ng t\u1ea7m th\u1ea9m m\u1ef9 kh\u00f4ng gian.<\/p>\n<\/li>\n<\/ul>\n<div class=\"_tableContainer_16hzy_1\">\n<div class=\"_tableWrapper_16hzy_14 group flex w-fit flex-col-reverse\" tabindex=\"-1\">\n<div class=\"sticky end-(--thread-content-margin) h-0 self-end select-none\">\n<div class=\"absolute end-0 flex items-end\"><\/div>\n<div class=\"absolute end-0 flex items-end\"><\/div>\n<\/div>\n<\/div>\n<\/div>\n<h3 data-start=\"1783\" data-end=\"1810\">\u00a0<strong data-start=\"1790\" data-end=\"1810\">\u1ee8ng D\u1ee5ng Ph\u00f9 H\u1ee3p<\/strong><\/h3>\n<ul data-start=\"1812\" data-end=\"2007\">\n<li data-start=\"1812\" data-end=\"1857\">\n<p data-start=\"1814\" data-end=\"1857\">Kh\u00e1ch s\u1ea1n 4\u20135 sao, resort, khu ngh\u1ec9 d\u01b0\u1ee1ng<\/p>\n<\/li>\n<li data-start=\"1858\" data-end=\"1900\">\n<p data-start=\"1860\" data-end=\"1900\">Trung t\u00e2m h\u1ed9i ngh\u1ecb, nh\u00e0 h\u00e0ng ti\u1ec7c c\u01b0\u1edbi<\/p>\n<\/li>\n<li data-start=\"1901\" data-end=\"1960\">\n<p data-start=\"1903\" data-end=\"1960\">S\u1ea3nh l\u1ec5 t\u00e2n, h\u00e0nh lang t\u1ea7ng cao, ph\u00f2ng h\u1ed9i ngh\u1ecb cao c\u1ea5p<\/p>\n<\/li>\n<li data-start=\"1961\" data-end=\"2007\">\n<p data-start=\"1963\" data-end=\"2007\">Bi\u1ec7t th\u1ef1 phong c\u00e1ch c\u1ed5 \u0111i\u1ec3n ho\u1eb7c t\u00e2n c\u1ed5 \u0111i\u1ec3n<\/p>\n<\/li>\n<\/ul>\n<p>&nbsp;<\/p>\n<p data-start=\"2222\" data-end=\"2264\">\n<figure id=\"attachment_1190\" class=\"wp-caption aligncenter\" aria-describedby=\"caption-attachment-1190\"><\/figure>\n","protected":false},"excerpt":{"rendered":"<h2 data-start=\"4031\" data-end=\"4063\">Th\u00f4ng s\u1ed1 k\u1ef9 thu\u1eadt chi ti\u1ebft<\/h2>\n<div class=\"_tableContainer_16hzy_1\">\n<div class=\"_tableWrapper_16hzy_14 group flex w-fit flex-col-reverse\" tabindex=\"-1\">\n<table class=\"w-fit min-w-(--thread-content-width)\" data-start=\"4065\" data-end=\"4694\">\n<thead data-start=\"4065\" data-end=\"4134\">\n<tr data-start=\"4065\" data-end=\"4134\">\n<th data-start=\"4065\" data-end=\"4089\" data-col-size=\"sm\">Th\u00f4ng s\u1ed1<\/th>\n<th data-start=\"4089\" data-end=\"4134\" data-col-size=\"sm\">Chi ti\u1ebft<\/th>\n<\/tr>\n<\/thead>\n<tbody data-start=\"4205\" data-end=\"4694\">\n<tr data-start=\"4205\" data-end=\"4274\">\n<td data-start=\"4205\" data-end=\"4229\" data-col-size=\"sm\">Ch\u1ea5t li\u1ec7u s\u1ee3i<\/td>\n<td data-start=\"4229\" data-end=\"4274\" data-col-size=\"sm\">100% S\u1ee3i Nylon 6<\/td>\n<\/tr>\n<tr data-start=\"4275\" data-end=\"4344\">\n<td data-start=\"4275\" data-end=\"4299\" data-col-size=\"sm\">Ki\u1ec3u d\u1ec7t<\/td>\n<td data-start=\"4299\" data-end=\"4344\" data-col-size=\"sm\">Cut Pile<\/td>\n<\/tr>\n<tr data-start=\"4345\" data-end=\"4414\">\n<td data-start=\"4345\" data-end=\"4369\" data-col-size=\"sm\">M\u1eadt \u0111\u1ed9 s\u1ee3i<\/td>\n<td data-start=\"4369\" data-end=\"4414\" data-col-size=\"sm\">1000 gram\/m\u00b2<\/td>\n<\/tr>\n<tr data-start=\"4415\" data-end=\"4484\">\n<td data-start=\"4415\" data-end=\"4439\" data-col-size=\"sm\">T\u1ed5ng chi\u1ec1u cao<\/td>\n<td data-start=\"4439\" data-end=\"4484\" data-col-size=\"sm\">9mm (\u00b15%)<\/td>\n<\/tr>\n<tr data-start=\"4485\" data-end=\"4554\">\n<td data-start=\"4485\" data-end=\"4509\" data-col-size=\"sm\">Chi\u1ec1u cao s\u1ee3i<\/td>\n<td data-start=\"4509\" data-end=\"4554\" data-col-size=\"sm\">6mm (\u00b15%)<\/td>\n<\/tr>\n<tr data-start=\"4555\" data-end=\"4624\">\n<td data-start=\"4555\" data-end=\"4579\" data-col-size=\"sm\">Kh\u1ed5 th\u1ea3m<\/td>\n<td data-start=\"4579\" data-end=\"4624\" data-col-size=\"sm\">3.66m ho\u1eb7c 4.00m<\/td>\n<\/tr>\n<tr data-start=\"4625\" data-end=\"4694\">\n<td data-start=\"4625\" data-end=\"4649\" data-col-size=\"sm\">Lo\u1ea1i \u0111\u1ebf<\/td>\n<td data-start=\"4649\" data-end=\"4694\" data-col-size=\"sm\">PP Woven \u2013 Ch\u1ed1ng tr\u01b0\u1ee3t, d\u1ec5 thi c\u00f4ng<\/td>\n<\/tr>\n<\/tbody>\n<\/table>\n<div class=\"sticky end-(--thread-content-margin) h-0 self-end select-none\">\n<div class=\"absolute end-0 flex items-end\"><\/div>\n<\/div>\n<\/div>\n<\/div>\n","protected":false},"featured_media":932,"comment_status":"open","ping_status":"closed","template":"","meta":[],"product_cat":[150],"product_tag":[188,152,163,189,190,191],"class_list":{"0":"post-928","1":"product","2":"type-product","3":"status-publish","4":"has-post-thumbnail","6":"product_cat-tham-khach-san","7":"product_tag-tham-chong-truot-pp-woven","8":"product_tag-tham-cut-pile","9":"product_tag-tham-khach-san-cao-cap","10":"product_tag-tham-loi-vao-khach-san","11":"product_tag-tham-trai-san-soi-nylon","12":"product_tag-tham-trang-tri-sanh","14":"first","15":"instock","16":"sale","17":"shipping-taxable","18":"purchasable","19":"product-type-simple"},"yoast_head":"<!-- This site is optimized with the Yoast SEO Premium plugin v20.12 (Yoast SEO v20.12) - https:\/\/yoast.com\/wordpress\/plugins\/seo\/ -->\n<title>Th\u1ea3m Tr\u1ea3i S\u00e0n Kh\u00e1ch S\u1ea1n HT-800-03 sang tr\u1ecdng v\u00e0 tinh t\u1ebf<\/title>\n<meta name=\"description\" content=\"Th\u1ea3m tr\u1ea3i s\u00e0n \u0111\u01b0\u1eddng d\u1eabn l\u00e0 s\u1ea3n ph\u1ea9m cao c\u1ea5p \u0111em l\u1ea1i c\u1ea3m gi\u00e1c sang tr\u1ecdng tinh t\u1ebf \u0111\u00e1p \u1ee9ng \u0111\u01b0\u1ee3c ti\u00eau ch\u00ed kh\u1eaft khe v\u1ec1 th\u1ea9m m\u1ef9, t\u00ednh an to\u00e0n th\u00e2n thi\u1ec7n\" \/>\n<meta name=\"robots\" content=\"index, follow, max-snippet:-1, max-image-preview:large, max-video-preview:-1\" \/>\n<link rel=\"canonical\" href=\"https:\/\/thamtraisanvanphong.com.vn\/?product=thamkhachsanht800-03\" \/>\n<meta property=\"og:locale\" content=\"vi_VN\" \/>\n<meta property=\"og:type\" content=\"article\" \/>\n<meta property=\"og:title\" content=\"Th\u1ea3m Tr\u1ea3i S\u00e0n Kh\u00e1ch S\u1ea1n HT-800-03\" \/>\n<meta property=\"og:description\" content=\"Th\u1ea3m tr\u1ea3i s\u00e0n \u0111\u01b0\u1eddng d\u1eabn l\u00e0 s\u1ea3n ph\u1ea9m cao c\u1ea5p \u0111em l\u1ea1i c\u1ea3m gi\u00e1c sang tr\u1ecdng tinh t\u1ebf \u0111\u00e1p \u1ee9ng \u0111\u01b0\u1ee3c ti\u00eau ch\u00ed kh\u1eaft khe v\u1ec1 th\u1ea9m m\u1ef9, t\u00ednh an to\u00e0n th\u00e2n thi\u1ec7n\" \/>\n<meta property=\"og:url\" content=\"https:\/\/thamtraisanvanphong.com.vn\/?product=thamkhachsanht800-03\" \/>\n<meta property=\"og:site_name\" content=\"Thamtraisan\" \/>\n<meta property=\"article:modified_time\" content=\"2026-04-18T13:21:37+00:00\" \/>\n<meta property=\"og:image\" content=\"https:\/\/thamtraisanvanphong.com.vn\/wp-content\/uploads\/2026\/04\/Tham-khach-san-HT-800-03pc.png\" \/>\n\t<meta property=\"og:image:width\" content=\"879\" \/>\n\t<meta property=\"og:image:height\" content=\"612\" \/>\n\t<meta property=\"og:image:type\" content=\"image\/png\" \/>\n<meta name=\"twitter:card\" content=\"summary_large_image\" \/>\n<meta name=\"twitter:label1\" content=\"\u01af\u1edbc t\u00ednh th\u1eddi gian \u0111\u1ecdc\" \/>\n\t<meta name=\"twitter:data1\" content=\"2 ph\u00fat\" \/>\n<script type=\"application\/ld+json\" class=\"yoast-schema-graph\">{\"@context\":\"https:\/\/schema.org\",\"@graph\":[{\"@type\":\"WebPage\",\"@id\":\"https:\/\/thamtraisanvanphong.com.vn\/?product=thamkhachsanht800-03\",\"url\":\"https:\/\/thamtraisanvanphong.com.vn\/?product=thamkhachsanht800-03\",\"name\":\"Th\u1ea3m Tr\u1ea3i S\u00e0n Kh\u00e1ch S\u1ea1n HT-800-03 sang tr\u1ecdng v\u00e0 tinh t\u1ebf\",\"isPartOf\":{\"@id\":\"https:\/\/thamtraisanvanphong.com.vn\/#website\"},\"datePublished\":\"2026-04-18T13:05:52+00:00\",\"dateModified\":\"2026-04-18T13:21:37+00:00\",\"description\":\"Th\u1ea3m tr\u1ea3i s\u00e0n \u0111\u01b0\u1eddng d\u1eabn l\u00e0 s\u1ea3n ph\u1ea9m cao c\u1ea5p \u0111em l\u1ea1i c\u1ea3m gi\u00e1c sang tr\u1ecdng tinh t\u1ebf \u0111\u00e1p \u1ee9ng \u0111\u01b0\u1ee3c ti\u00eau ch\u00ed kh\u1eaft khe v\u1ec1 th\u1ea9m m\u1ef9, t\u00ednh an to\u00e0n th\u00e2n thi\u1ec7n\",\"breadcrumb\":{\"@id\":\"https:\/\/thamtraisanvanphong.com.vn\/?product=thamkhachsanht800-03#breadcrumb\"},\"inLanguage\":\"vi\",\"potentialAction\":[{\"@type\":\"ReadAction\",\"target\":[\"https:\/\/thamtraisanvanphong.com.vn\/?product=thamkhachsanht800-03\"]}]},{\"@type\":\"BreadcrumbList\",\"@id\":\"https:\/\/thamtraisanvanphong.com.vn\/?product=thamkhachsanht800-03#breadcrumb\",\"itemListElement\":[{\"@type\":\"ListItem\",\"position\":1,\"name\":\"Home\",\"item\":\"https:\/\/thamtraisanvanphong.com.vn\/\"},{\"@type\":\"ListItem\",\"position\":2,\"name\":\"C\u1eeda h\u00e0ng\",\"item\":\"https:\/\/thamtraisanvanphong.com.vn\/?page_id=10\"},{\"@type\":\"ListItem\",\"position\":3,\"name\":\"Th\u1ea3m Tr\u1ea3i S\u00e0n Kh\u00e1ch S\u1ea1n HT-800-03\"}]},{\"@type\":\"WebSite\",\"@id\":\"https:\/\/thamtraisanvanphong.com.vn\/#website\",\"url\":\"https:\/\/thamtraisanvanphong.com.vn\/\",\"name\":\"Thamtraisan\",\"description\":\"Thamtraisangiare\",\"potentialAction\":[{\"@type\":\"SearchAction\",\"target\":{\"@type\":\"EntryPoint\",\"urlTemplate\":\"https:\/\/thamtraisanvanphong.com.vn\/?s={search_term_string}\"},\"query-input\":\"required name=search_term_string\"}],\"inLanguage\":\"vi\"}]}<\/script>\n<!-- \/ Yoast SEO Premium plugin. -->","yoast_head_json":{"title":"Th\u1ea3m Tr\u1ea3i S\u00e0n Kh\u00e1ch S\u1ea1n HT-800-03 sang tr\u1ecdng v\u00e0 tinh t\u1ebf","description":"Th\u1ea3m tr\u1ea3i s\u00e0n \u0111\u01b0\u1eddng d\u1eabn l\u00e0 s\u1ea3n ph\u1ea9m cao c\u1ea5p \u0111em l\u1ea1i c\u1ea3m gi\u00e1c sang tr\u1ecdng tinh t\u1ebf \u0111\u00e1p \u1ee9ng \u0111\u01b0\u1ee3c ti\u00eau ch\u00ed kh\u1eaft khe v\u1ec1 th\u1ea9m m\u1ef9, t\u00ednh an to\u00e0n th\u00e2n thi\u1ec7n","robots":{"index":"index","follow":"follow","max-snippet":"max-snippet:-1","max-image-preview":"max-image-preview:large","max-video-preview":"max-video-preview:-1"},"canonical":"https:\/\/thamtraisanvanphong.com.vn\/?product=thamkhachsanht800-03","og_locale":"vi_VN","og_type":"article","og_title":"Th\u1ea3m Tr\u1ea3i S\u00e0n Kh\u00e1ch S\u1ea1n HT-800-03","og_description":"Th\u1ea3m tr\u1ea3i s\u00e0n \u0111\u01b0\u1eddng d\u1eabn l\u00e0 s\u1ea3n ph\u1ea9m cao c\u1ea5p \u0111em l\u1ea1i c\u1ea3m gi\u00e1c sang tr\u1ecdng tinh t\u1ebf \u0111\u00e1p \u1ee9ng \u0111\u01b0\u1ee3c ti\u00eau ch\u00ed kh\u1eaft khe v\u1ec1 th\u1ea9m m\u1ef9, t\u00ednh an to\u00e0n th\u00e2n thi\u1ec7n","og_url":"https:\/\/thamtraisanvanphong.com.vn\/?product=thamkhachsanht800-03","og_site_name":"Thamtraisan","article_modified_time":"2026-04-18T13:21:37+00:00","og_image":[{"width":879,"height":612,"url":"https:\/\/thamtraisanvanphong.com.vn\/wp-content\/uploads\/2026\/04\/Tham-khach-san-HT-800-03pc.png","type":"image\/png"}],"twitter_card":"summary_large_image","twitter_misc":{"\u01af\u1edbc t\u00ednh th\u1eddi gian \u0111\u1ecdc":"2 ph\u00fat"},"schema":{"@context":"https:\/\/schema.org","@graph":[{"@type":"WebPage","@id":"https:\/\/thamtraisanvanphong.com.vn\/?product=thamkhachsanht800-03","url":"https:\/\/thamtraisanvanphong.com.vn\/?product=thamkhachsanht800-03","name":"Th\u1ea3m Tr\u1ea3i S\u00e0n Kh\u00e1ch S\u1ea1n HT-800-03 sang tr\u1ecdng v\u00e0 tinh t\u1ebf","isPartOf":{"@id":"https:\/\/thamtraisanvanphong.com.vn\/#website"},"datePublished":"2026-04-18T13:05:52+00:00","dateModified":"2026-04-18T13:21:37+00:00","description":"Th\u1ea3m tr\u1ea3i s\u00e0n \u0111\u01b0\u1eddng d\u1eabn l\u00e0 s\u1ea3n ph\u1ea9m cao c\u1ea5p \u0111em l\u1ea1i c\u1ea3m gi\u00e1c sang tr\u1ecdng tinh t\u1ebf \u0111\u00e1p \u1ee9ng \u0111\u01b0\u1ee3c ti\u00eau ch\u00ed kh\u1eaft khe v\u1ec1 th\u1ea9m m\u1ef9, t\u00ednh an to\u00e0n th\u00e2n thi\u1ec7n","breadcrumb":{"@id":"https:\/\/thamtraisanvanphong.com.vn\/?product=thamkhachsanht800-03#breadcrumb"},"inLanguage":"vi","potentialAction":[{"@type":"ReadAction","target":["https:\/\/thamtraisanvanphong.com.vn\/?product=thamkhachsanht800-03"]}]},{"@type":"BreadcrumbList","@id":"https:\/\/thamtraisanvanphong.com.vn\/?product=thamkhachsanht800-03#breadcrumb","itemListElement":[{"@type":"ListItem","position":1,"name":"Home","item":"https:\/\/thamtraisanvanphong.com.vn\/"},{"@type":"ListItem","position":2,"name":"C\u1eeda h\u00e0ng","item":"https:\/\/thamtraisanvanphong.com.vn\/?page_id=10"},{"@type":"ListItem","position":3,"name":"Th\u1ea3m Tr\u1ea3i S\u00e0n Kh\u00e1ch S\u1ea1n HT-800-03"}]},{"@type":"WebSite","@id":"https:\/\/thamtraisanvanphong.com.vn\/#website","url":"https:\/\/thamtraisanvanphong.com.vn\/","name":"Thamtraisan","description":"Thamtraisangiare","potentialAction":[{"@type":"SearchAction","target":{"@type":"EntryPoint","urlTemplate":"https:\/\/thamtraisanvanphong.com.vn\/?s={search_term_string}"},"query-input":"required name=search_term_string"}],"inLanguage":"vi"}]}},"_links":{"self":[{"href":"https:\/\/thamtraisanvanphong.com.vn\/index.php?rest_route=\/wp\/v2\/product\/928","targetHints":{"allow":["GET"]}}],"collection":[{"href":"https:\/\/thamtraisanvanphong.com.vn\/index.php?rest_route=\/wp\/v2\/product"}],"about":[{"href":"https:\/\/thamtraisanvanphong.com.vn\/index.php?rest_route=\/wp\/v2\/types\/product"}],"replies":[{"embeddable":true,"href":"https:\/\/thamtraisanvanphong.com.vn\/index.php?rest_route=%2Fwp%2Fv2%2Fcomments&post=928"}],"wp:featuredmedia":[{"embeddable":true,"href":"https:\/\/thamtraisanvanphong.com.vn\/index.php?rest_route=\/wp\/v2\/media\/932"}],"wp:attachment":[{"href":"https:\/\/thamtraisanvanphong.com.vn\/index.php?rest_route=%2Fwp%2Fv2%2Fmedia&parent=928"}],"wp:term":[{"taxonomy":"product_cat","embeddable":true,"href":"https:\/\/thamtraisanvanphong.com.vn\/index.php?rest_route=%2Fwp%2Fv2%2Fproduct_cat&post=928"},{"taxonomy":"product_tag","embeddable":true,"href":"https:\/\/thamtraisanvanphong.com.vn\/index.php?rest_route=%2Fwp%2Fv2%2Fproduct_tag&post=928"}],"curies":[{"name":"wp","href":"https:\/\/api.w.org\/{rel}","templated":true}]}}