{"id":935,"date":"2026-04-18T20:23:12","date_gmt":"2026-04-18T13:23:12","guid":{"rendered":"https:\/\/thamtraisanvanphong.com.vn\/?post_type=product&#038;p=935"},"modified":"2026-04-18T20:28:53","modified_gmt":"2026-04-18T13:28:53","slug":"thamkhachsanht800-05","status":"publish","type":"product","link":"https:\/\/thamtraisanvanphong.com.vn\/?product=thamkhachsanht800-05","title":{"rendered":"Th\u1ea3m Tr\u1ea3i S\u00e0n Kh\u00e1ch S\u1ea1n HT-800-05"},"content":{"rendered":"<h2 data-start=\"216\" data-end=\"336\"><strong data-start=\"219\" data-end=\"336\">Th\u1ea3m Tr\u1ea3i S\u00e0n Kh\u00e1ch S\u1ea1n HT-800-05 \u2013 Thi\u1ebft K\u1ebf H\u00ecnh H\u1ecdc Hi\u1ec7n \u0110\u1ea1i, T\u1ed1i \u01afu Hi\u1ec7u N\u0103ng V\u00e0 Th\u1ea9m M\u1ef9 Cho Kh\u00f4ng Gian Cao C\u1ea5p<\/strong><\/h2>\n<p data-start=\"338\" data-end=\"746\">Trong l\u0129nh v\u1ef1c n\u1ed9i th\u1ea5t kh\u00e1ch s\u1ea1n cao c\u1ea5p, th\u1ea3m tr\u1ea3i s\u00e0n kh\u00f4ng \u0111\u01a1n thu\u1ea7n ch\u1ec9 l\u00e0 l\u1edbp v\u1eadt li\u1ec7u l\u00f3t n\u1ec1n m\u00e0 c\u00f2n \u0111\u00f3ng vai tr\u00f2 quan tr\u1ecdng trong vi\u1ec7c th\u1ec3 hi\u1ec7n \u0111\u1eb3ng c\u1ea5p kh\u00f4ng gian v\u00e0 t\u1ea1o tr\u1ea3i nghi\u1ec7m \u00eam \u00e1i, y\u00ean t\u0129nh cho kh\u00e1ch l\u01b0u tr\u00fa.\u00a0<strong data-start=\"564\" data-end=\"600\">Th\u1ea3m tr\u1ea3i s\u00e0n kh\u00e1ch s\u1ea1n HT-800-05<\/strong>\u00a0l\u00e0 l\u1ef1a ch\u1ecdn l\u00fd t\u01b0\u1edfng cho c\u00e1c c\u00f4ng tr\u00ecnh y\u00eau c\u1ea7u s\u1ef1 h\u00e0i h\u00f2a gi\u1eefa\u00a0<strong data-start=\"665\" data-end=\"698\">thi\u1ebft k\u1ebf hi\u1ec7n \u0111\u1ea1i, \u0111\u1ed9 b\u1ec1n cao<\/strong>\u00a0v\u00e0\u00a0<strong data-start=\"702\" data-end=\"745\">t\u00ednh ti\u1ec7n d\u1ee5ng trong thi c\u00f4ng \u2013 s\u1eed d\u1ee5ng<\/strong>.<\/p>\n<p data-start=\"748\" data-end=\"1139\">S\u1ea3n ph\u1ea9m n\u1ed5i b\u1eadt v\u1edbi h\u1ecda ti\u1ebft h\u00ecnh kh\u1ed1i \u0111\u1ed9c \u0111\u00e1o, ph\u1ed1i m\u00e0u x\u00e1m v\u00e0 xanh lam m\u1ea1nh m\u1ebd, th\u1ec3 hi\u1ec7n r\u00f5 phong c\u00e1ch ki\u1ebfn tr\u00fac \u0111\u01b0\u01a1ng \u0111\u1ea1i. Kh\u00f4ng ch\u1ec9 \u0111\u1eb9p v\u1ec1 h\u00ecnh th\u1ee9c,\u00a0<strong>HT-800-05<\/strong>\u00a0c\u00f2n s\u1edf h\u1eefu ch\u1ea5t li\u1ec7u s\u1ee3i cao c\u1ea5p v\u00e0 k\u1ebft c\u1ea5u k\u1ef9 thu\u1eadt chu\u1ea9n qu\u1ed1c t\u1ebf, gi\u00fap t\u1ed1i \u01b0u tu\u1ed5i th\u1ecd v\u00e0 hi\u1ec7u n\u0103ng khi l\u1eafp \u0111\u1eb7t t\u1ea1i nh\u1eefng khu v\u1ef1c c\u00f3 m\u1eadt \u0111\u1ed9 di chuy\u1ec3n cao nh\u01b0\u00a0<strong data-start=\"1076\" data-end=\"1138\">s\u1ea3nh kh\u00e1ch s\u1ea1n, h\u00e0nh lang, h\u1ed9i tr\u01b0\u1eddng hay showroom cao c\u1ea5p<\/strong>.<\/p>\n<h3 data-start=\"1146\" data-end=\"1201\"><strong data-start=\"1153\" data-end=\"1201\">V\u00ec Sao N\u00ean Ch\u1ecdn Th\u1ea3m HT-800-05 Cho Kh\u00e1ch S\u1ea1n?<\/strong><\/h3>\n<h4 data-start=\"1203\" data-end=\"1279\">1.\u00a0<strong data-start=\"1211\" data-end=\"1279\">Ch\u1ea5t li\u1ec7u s\u1ee3i Nylon 6 cao c\u1ea5p \u2013 b\u1ec1n m\u00e0u, ch\u1ed1ng m\u00e0i m\u00f2n v\u01b0\u1ee3t tr\u1ed9i<\/strong><\/h4>\n<p data-start=\"1280\" data-end=\"1582\">Nylon 6 l\u00e0 m\u1ed9t trong nh\u1eefng lo\u1ea1i s\u1ee3i t\u1ed5ng h\u1ee3p c\u00f3 \u0111\u1ed9 \u0111\u00e0n h\u1ed3i v\u00e0 kh\u1ea3 n\u0103ng ch\u1ed1ng ch\u1ecbu va \u0111\u1eadp t\u1ed1t nh\u1ea5t hi\u1ec7n nay. V\u1edbi \u0111\u1ed9 b\u1ec1n m\u00e0u cao, th\u1ea3m c\u00f3 th\u1ec3 duy tr\u00ec di\u1ec7n m\u1ea1o \u0111\u1eb9p m\u1eaft trong th\u1eddi gian d\u00e0i m\u00e0 kh\u00f4ng b\u1ecb phai m\u00e0u, x\u01a1 s\u1ee3i hay r\u00e1ch m\u00e9p \u2013 ph\u00f9 h\u1ee3p v\u1edbi m\u00f4i tr\u01b0\u1eddng kh\u00e1ch s\u1ea1n v\u1ed1n c\u00f3 l\u01b0u l\u01b0\u1ee3ng di chuy\u1ec3n l\u1edbn m\u1ed7i ng\u00e0y.<\/p>\n<h4 data-start=\"1584\" data-end=\"1657\">2.\u00a0<strong data-start=\"1592\" data-end=\"1657\">Thi\u1ebft k\u1ebf h\u00ecnh h\u1ecdc ph\u00e1 c\u00e1ch \u2013 \u0111i\u1ec3m nh\u1ea5n n\u1ed5i b\u1eadt cho kh\u00f4ng gian<\/strong><\/h4>\n<p data-start=\"1658\" data-end=\"1931\">Kh\u00f4ng \u0111i theo l\u1ed1i m\u00f2n hoa v\u0103n truy\u1ec1n th\u1ed1ng, m\u1eabu HT-800-05 g\u00e2y \u1ea5n t\u01b0\u1ee3ng m\u1ea1nh v\u1edbi h\u1ecda ti\u1ebft h\u00ecnh kh\u1ed1i tr\u1eebu t\u01b0\u1ee3ng, ph\u1ed1i h\u1ee3p c\u00e1c t\u00f4ng m\u00e0u l\u1ea1nh t\u1ea1o c\u1ea3m gi\u00e1c s\u1ea1ch s\u1ebd, hi\u1ec7n \u0111\u1ea1i v\u00e0 r\u1ea5t ph\u00f9 h\u1ee3p v\u1edbi c\u00e1c kh\u00f4ng gian \u0111\u01b0\u1ee3c thi\u1ebft k\u1ebf theo phong c\u00e1ch\u00a0<strong data-start=\"1890\" data-end=\"1930\">\u0111\u01b0\u01a1ng \u0111\u1ea1i, t\u1ed1i gi\u1ea3n ho\u1eb7c c\u00f4ng nghi\u1ec7p<\/strong>.<\/p>\n<h4 data-start=\"1933\" data-end=\"1982\">3.\u00a0<strong data-start=\"1941\" data-end=\"1982\">C\u1ea5u tr\u00fac Cut Pile \u2013 \u00eam \u00e1i, sang tr\u1ecdng<\/strong><\/h4>\n<p data-start=\"1983\" data-end=\"2233\">V\u1edbi ki\u1ec3u d\u1ec7t\u00a0<strong data-start=\"1996\" data-end=\"2008\">Cut Pile<\/strong>\u00a0(s\u1ee3i c\u1eaft \u0111\u1ec1u), b\u1ec1 m\u1eb7t th\u1ea3m tr\u1edf n\u00ean m\u1ec1m m\u1ecbn, t\u1ea1o c\u1ea3m gi\u00e1c tho\u1ea3i m\u00e1i khi di chuy\u1ec3n. Ki\u1ec3u s\u1ee3i n\u00e0y c\u0169ng gi\u00fap gi\u1ea3m \u1ed3n r\u1ea5t t\u1ed1t, mang l\u1ea1i m\u00f4i tr\u01b0\u1eddng y\u00ean t\u0129nh \u2013 y\u1ebfu t\u1ed1 quan tr\u1ecdng trong l\u0129nh v\u1ef1c ngh\u1ec9 d\u01b0\u1ee1ng v\u00e0 d\u1ecbch v\u1ee5 l\u01b0u tr\u00fa cao c\u1ea5p.<\/p>\n<h4 data-start=\"2235\" data-end=\"2294\">4.\u00a0<strong data-start=\"2243\" data-end=\"2294\">\u0110\u1ebf th\u1ea3m PP Woven \u2013 b\u00e1m n\u1ec1n t\u1ed1t, t\u0103ng \u0111\u1ed9 \u1ed5n \u0111\u1ecbnh<\/strong><\/h4>\n<p data-start=\"2295\" data-end=\"2483\">S\u1ea3n ph\u1ea9m s\u1eed d\u1ee5ng \u0111\u1ebf d\u1ec7t polypropylene gi\u00fap b\u00e1m n\u1ec1n ch\u1eafc ch\u1eafn, h\u1ea1n ch\u1ebf d\u1ecbch chuy\u1ec3n trong qu\u00e1 tr\u00ecnh s\u1eed d\u1ee5ng, \u0111\u1ed3ng th\u1eddi c\u00f3 kh\u1ea3 n\u0103ng ch\u1ed1ng \u1ea9m, ch\u1ed1ng cong v\u00eanh t\u1ed1t h\u01a1n c\u00e1c lo\u1ea1i \u0111\u1ebf th\u00f4ng th\u01b0\u1eddng.<\/p>\n<div class=\"_tableContainer_16hzy_1\">\n<div class=\"_tableWrapper_16hzy_14 group flex w-fit flex-col-reverse\" tabindex=\"-1\">\n<figure id=\"attachment_1159\" class=\"wp-caption aligncenter\" aria-describedby=\"caption-attachment-1159\"><strong style=\"font-size: 20.16px;\" data-start=\"3092\" data-end=\"3112\">\u1ee8ng D\u1ee5ng Ph\u00f9 H\u1ee3p<\/strong><\/figure>\n<\/div>\n<\/div>\n<p data-start=\"3114\" data-end=\"3238\">V\u1edbi c\u1ea5u t\u1ea1o v\u1eefng ch\u1eafc v\u00e0 thi\u1ebft k\u1ebf hi\u1ec7n \u0111\u1ea1i,\u00a0<strong data-start=\"3158\" data-end=\"3175\">Th\u1ea3m HT-800-05<\/strong>\u00a0\u0111\u01b0\u1ee3c khuy\u00ean d\u00f9ng cho nhi\u1ec1u khu v\u1ef1c kh\u00e1c nhau trong c\u00f4ng tr\u00ecnh:<\/p>\n<ul data-start=\"3240\" data-end=\"3572\">\n<li data-start=\"3240\" data-end=\"3309\">\n<p data-start=\"3242\" data-end=\"3309\"><strong data-start=\"3242\" data-end=\"3267\">S\u1ea3nh l\u1ec5 t\u00e2n kh\u00e1ch s\u1ea1n<\/strong>\u00a0\u2013 n\u01a1i c\u1ea7n t\u1ea1o \u1ea5n t\u01b0\u1ee3ng \u0111\u1ea7u ti\u00ean v\u1edbi kh\u00e1ch<\/p>\n<\/li>\n<li data-start=\"3310\" data-end=\"3381\">\n<p data-start=\"3312\" data-end=\"3381\"><strong data-start=\"3312\" data-end=\"3335\">H\u00e0nh lang, t\u1ea7ng cao<\/strong>\u00a0\u2013 y\u00eau c\u1ea7u th\u1ea3m b\u1ec1n, d\u1ec5 v\u1ec7 sinh v\u00e0 gi\u1ea3m \u1ed3n t\u1ed1t<\/p>\n<\/li>\n<li data-start=\"3382\" data-end=\"3475\">\n<p data-start=\"3384\" data-end=\"3475\"><strong data-start=\"3384\" data-end=\"3426\">Ph\u00f2ng h\u1ecdp VIP, h\u1ed9i ngh\u1ecb, khu tri\u1ec3n l\u00e3m<\/strong>\u00a0\u2013 t\u00f4n vinh kh\u00f4ng gian b\u1eb1ng s\u1ef1 sang tr\u1ecdng tinh t\u1ebf<\/p>\n<\/li>\n<li data-start=\"3476\" data-end=\"3572\">\n<p data-start=\"3478\" data-end=\"3572\"><strong data-start=\"3478\" data-end=\"3524\">Showroom \u00f4 t\u00f4, th\u1eddi trang, m\u1ef9 ph\u1ea9m cao c\u1ea5p<\/strong>\u00a0\u2013 c\u1ea7n \u0111i\u1ec3m nh\u1ea5n th\u1ecb gi\u00e1c v\u00e0 phong c\u00e1ch hi\u1ec7n \u0111\u1ea1i<\/p>\n<\/li>\n<\/ul>\n<p>&nbsp;<\/p>\n<p data-start=\"2222\" data-end=\"2264\">\n","protected":false},"excerpt":{"rendered":"<h2 data-start=\"4031\" data-end=\"4063\">Th\u00f4ng s\u1ed1 k\u1ef9 thu\u1eadt chi ti\u1ebft<\/h2>\n<div class=\"_tableContainer_16hzy_1\">\n<div class=\"_tableWrapper_16hzy_14 group flex w-fit flex-col-reverse\" tabindex=\"-1\">\n<table class=\"w-fit min-w-(--thread-content-width)\" data-start=\"4065\" data-end=\"4694\">\n<thead data-start=\"4065\" data-end=\"4134\">\n<tr data-start=\"4065\" data-end=\"4134\">\n<th data-start=\"4065\" data-end=\"4089\" data-col-size=\"sm\">Th\u00f4ng s\u1ed1<\/th>\n<th data-start=\"4089\" data-end=\"4134\" data-col-size=\"sm\">Chi ti\u1ebft<\/th>\n<\/tr>\n<\/thead>\n<tbody data-start=\"4205\" data-end=\"4694\">\n<tr data-start=\"4205\" data-end=\"4274\">\n<td data-start=\"4205\" data-end=\"4229\" data-col-size=\"sm\">Ch\u1ea5t li\u1ec7u s\u1ee3i<\/td>\n<td data-start=\"4229\" data-end=\"4274\" data-col-size=\"sm\">100% S\u1ee3i Nylon 6<\/td>\n<\/tr>\n<tr data-start=\"4275\" data-end=\"4344\">\n<td data-start=\"4275\" data-end=\"4299\" data-col-size=\"sm\">Ki\u1ec3u d\u1ec7t<\/td>\n<td data-start=\"4299\" data-end=\"4344\" data-col-size=\"sm\">Cut Pile<\/td>\n<\/tr>\n<tr data-start=\"4345\" data-end=\"4414\">\n<td data-start=\"4345\" data-end=\"4369\" data-col-size=\"sm\">M\u1eadt \u0111\u1ed9 s\u1ee3i<\/td>\n<td data-start=\"4369\" data-end=\"4414\" data-col-size=\"sm\">1000 gram\/m\u00b2<\/td>\n<\/tr>\n<tr data-start=\"4415\" data-end=\"4484\">\n<td data-start=\"4415\" data-end=\"4439\" data-col-size=\"sm\">T\u1ed5ng chi\u1ec1u cao<\/td>\n<td data-start=\"4439\" data-end=\"4484\" data-col-size=\"sm\">9mm (\u00b15%)<\/td>\n<\/tr>\n<tr data-start=\"4485\" data-end=\"4554\">\n<td data-start=\"4485\" data-end=\"4509\" data-col-size=\"sm\">Chi\u1ec1u cao s\u1ee3i<\/td>\n<td data-start=\"4509\" data-end=\"4554\" data-col-size=\"sm\">6mm (\u00b15%)<\/td>\n<\/tr>\n<tr data-start=\"4555\" data-end=\"4624\">\n<td data-start=\"4555\" data-end=\"4579\" data-col-size=\"sm\">Kh\u1ed5 th\u1ea3m<\/td>\n<td data-start=\"4579\" data-end=\"4624\" data-col-size=\"sm\">3.66m ho\u1eb7c 4.00m<\/td>\n<\/tr>\n<tr data-start=\"4625\" data-end=\"4694\">\n<td data-start=\"4625\" data-end=\"4649\" data-col-size=\"sm\">Lo\u1ea1i \u0111\u1ebf<\/td>\n<td data-start=\"4649\" data-end=\"4694\" data-col-size=\"sm\">PP Woven \u2013 Ch\u1ed1ng tr\u01b0\u1ee3t, d\u1ec5 thi c\u00f4ng<\/td>\n<\/tr>\n<\/tbody>\n<\/table>\n<div class=\"sticky end-(--thread-content-margin) h-0 self-end select-none\">\n<div class=\"absolute end-0 flex items-end\"><\/div>\n<\/div>\n<\/div>\n<\/div>\n","protected":false},"featured_media":940,"comment_status":"open","ping_status":"closed","template":"","meta":[],"product_cat":[150],"product_tag":[188,152,163,189,190,191],"class_list":{"0":"post-935","1":"product","2":"type-product","3":"status-publish","4":"has-post-thumbnail","6":"product_cat-tham-khach-san","7":"product_tag-tham-chong-truot-pp-woven","8":"product_tag-tham-cut-pile","9":"product_tag-tham-khach-san-cao-cap","10":"product_tag-tham-loi-vao-khach-san","11":"product_tag-tham-trai-san-soi-nylon","12":"product_tag-tham-trang-tri-sanh","14":"first","15":"instock","16":"sale","17":"shipping-taxable","18":"purchasable","19":"product-type-simple"},"yoast_head":"<!-- This site is optimized with the Yoast SEO Premium plugin v20.12 (Yoast SEO v20.12) - https:\/\/yoast.com\/wordpress\/plugins\/seo\/ -->\n<title>Th\u1ea3m Tr\u1ea3i S\u00e0n Kh\u00e1ch S\u1ea1n HT-800-05 sang tr\u1ecdng v\u00e0 tinh t\u1ebf<\/title>\n<meta name=\"description\" content=\"Th\u1ea3m tr\u1ea3i s\u00e0n \u0111\u01b0\u1eddng d\u1eabn l\u00e0 s\u1ea3n ph\u1ea9m cao c\u1ea5p \u0111em l\u1ea1i c\u1ea3m gi\u00e1c sang tr\u1ecdng tinh t\u1ebf \u0111\u00e1p \u1ee9ng \u0111\u01b0\u1ee3c ti\u00eau ch\u00ed kh\u1eaft khe v\u1ec1 th\u1ea9m m\u1ef9, t\u00ednh an to\u00e0n th\u00e2n thi\u1ec7n\" \/>\n<meta name=\"robots\" content=\"index, follow, max-snippet:-1, max-image-preview:large, max-video-preview:-1\" \/>\n<link rel=\"canonical\" href=\"https:\/\/thamtraisanvanphong.com.vn\/?product=thamkhachsanht800-05\" \/>\n<meta property=\"og:locale\" content=\"vi_VN\" \/>\n<meta property=\"og:type\" content=\"article\" \/>\n<meta property=\"og:title\" content=\"Th\u1ea3m Tr\u1ea3i S\u00e0n Kh\u00e1ch S\u1ea1n HT-800-05\" \/>\n<meta property=\"og:description\" content=\"Th\u1ea3m tr\u1ea3i s\u00e0n \u0111\u01b0\u1eddng d\u1eabn l\u00e0 s\u1ea3n ph\u1ea9m cao c\u1ea5p \u0111em l\u1ea1i c\u1ea3m gi\u00e1c sang tr\u1ecdng tinh t\u1ebf \u0111\u00e1p \u1ee9ng \u0111\u01b0\u1ee3c ti\u00eau ch\u00ed kh\u1eaft khe v\u1ec1 th\u1ea9m m\u1ef9, t\u00ednh an to\u00e0n th\u00e2n thi\u1ec7n\" \/>\n<meta property=\"og:url\" content=\"https:\/\/thamtraisanvanphong.com.vn\/?product=thamkhachsanht800-05\" \/>\n<meta property=\"og:site_name\" content=\"Thamtraisan\" \/>\n<meta property=\"article:modified_time\" content=\"2026-04-18T13:28:53+00:00\" \/>\n<meta property=\"og:image\" content=\"https:\/\/thamtraisanvanphong.com.vn\/wp-content\/uploads\/2026\/04\/Tham-khach-san-HT-800-05.png\" \/>\n\t<meta property=\"og:image:width\" content=\"292\" \/>\n\t<meta property=\"og:image:height\" content=\"291\" \/>\n\t<meta property=\"og:image:type\" content=\"image\/png\" \/>\n<meta name=\"twitter:card\" content=\"summary_large_image\" \/>\n<meta name=\"twitter:label1\" content=\"\u01af\u1edbc t\u00ednh th\u1eddi gian \u0111\u1ecdc\" \/>\n\t<meta name=\"twitter:data1\" content=\"4 ph\u00fat\" \/>\n<script type=\"application\/ld+json\" class=\"yoast-schema-graph\">{\"@context\":\"https:\/\/schema.org\",\"@graph\":[{\"@type\":\"WebPage\",\"@id\":\"https:\/\/thamtraisanvanphong.com.vn\/?product=thamkhachsanht800-05\",\"url\":\"https:\/\/thamtraisanvanphong.com.vn\/?product=thamkhachsanht800-05\",\"name\":\"Th\u1ea3m Tr\u1ea3i S\u00e0n Kh\u00e1ch S\u1ea1n HT-800-05 sang tr\u1ecdng v\u00e0 tinh t\u1ebf\",\"isPartOf\":{\"@id\":\"https:\/\/thamtraisanvanphong.com.vn\/#website\"},\"datePublished\":\"2026-04-18T13:23:12+00:00\",\"dateModified\":\"2026-04-18T13:28:53+00:00\",\"description\":\"Th\u1ea3m tr\u1ea3i s\u00e0n \u0111\u01b0\u1eddng d\u1eabn l\u00e0 s\u1ea3n ph\u1ea9m cao c\u1ea5p \u0111em l\u1ea1i c\u1ea3m gi\u00e1c sang tr\u1ecdng tinh t\u1ebf \u0111\u00e1p \u1ee9ng \u0111\u01b0\u1ee3c ti\u00eau ch\u00ed kh\u1eaft khe v\u1ec1 th\u1ea9m m\u1ef9, t\u00ednh an to\u00e0n th\u00e2n thi\u1ec7n\",\"breadcrumb\":{\"@id\":\"https:\/\/thamtraisanvanphong.com.vn\/?product=thamkhachsanht800-05#breadcrumb\"},\"inLanguage\":\"vi\",\"potentialAction\":[{\"@type\":\"ReadAction\",\"target\":[\"https:\/\/thamtraisanvanphong.com.vn\/?product=thamkhachsanht800-05\"]}]},{\"@type\":\"BreadcrumbList\",\"@id\":\"https:\/\/thamtraisanvanphong.com.vn\/?product=thamkhachsanht800-05#breadcrumb\",\"itemListElement\":[{\"@type\":\"ListItem\",\"position\":1,\"name\":\"Home\",\"item\":\"https:\/\/thamtraisanvanphong.com.vn\/\"},{\"@type\":\"ListItem\",\"position\":2,\"name\":\"C\u1eeda h\u00e0ng\",\"item\":\"https:\/\/thamtraisanvanphong.com.vn\/?page_id=10\"},{\"@type\":\"ListItem\",\"position\":3,\"name\":\"Th\u1ea3m Tr\u1ea3i S\u00e0n Kh\u00e1ch S\u1ea1n HT-800-05\"}]},{\"@type\":\"WebSite\",\"@id\":\"https:\/\/thamtraisanvanphong.com.vn\/#website\",\"url\":\"https:\/\/thamtraisanvanphong.com.vn\/\",\"name\":\"Thamtraisan\",\"description\":\"Thamtraisangiare\",\"potentialAction\":[{\"@type\":\"SearchAction\",\"target\":{\"@type\":\"EntryPoint\",\"urlTemplate\":\"https:\/\/thamtraisanvanphong.com.vn\/?s={search_term_string}\"},\"query-input\":\"required name=search_term_string\"}],\"inLanguage\":\"vi\"}]}<\/script>\n<!-- \/ Yoast SEO Premium plugin. -->","yoast_head_json":{"title":"Th\u1ea3m Tr\u1ea3i S\u00e0n Kh\u00e1ch S\u1ea1n HT-800-05 sang tr\u1ecdng v\u00e0 tinh t\u1ebf","description":"Th\u1ea3m tr\u1ea3i s\u00e0n \u0111\u01b0\u1eddng d\u1eabn l\u00e0 s\u1ea3n ph\u1ea9m cao c\u1ea5p \u0111em l\u1ea1i c\u1ea3m gi\u00e1c sang tr\u1ecdng tinh t\u1ebf \u0111\u00e1p \u1ee9ng \u0111\u01b0\u1ee3c ti\u00eau ch\u00ed kh\u1eaft khe v\u1ec1 th\u1ea9m m\u1ef9, t\u00ednh an to\u00e0n th\u00e2n thi\u1ec7n","robots":{"index":"index","follow":"follow","max-snippet":"max-snippet:-1","max-image-preview":"max-image-preview:large","max-video-preview":"max-video-preview:-1"},"canonical":"https:\/\/thamtraisanvanphong.com.vn\/?product=thamkhachsanht800-05","og_locale":"vi_VN","og_type":"article","og_title":"Th\u1ea3m Tr\u1ea3i S\u00e0n Kh\u00e1ch S\u1ea1n HT-800-05","og_description":"Th\u1ea3m tr\u1ea3i s\u00e0n \u0111\u01b0\u1eddng d\u1eabn l\u00e0 s\u1ea3n ph\u1ea9m cao c\u1ea5p \u0111em l\u1ea1i c\u1ea3m gi\u00e1c sang tr\u1ecdng tinh t\u1ebf \u0111\u00e1p \u1ee9ng \u0111\u01b0\u1ee3c ti\u00eau ch\u00ed kh\u1eaft khe v\u1ec1 th\u1ea9m m\u1ef9, t\u00ednh an to\u00e0n th\u00e2n thi\u1ec7n","og_url":"https:\/\/thamtraisanvanphong.com.vn\/?product=thamkhachsanht800-05","og_site_name":"Thamtraisan","article_modified_time":"2026-04-18T13:28:53+00:00","og_image":[{"width":292,"height":291,"url":"https:\/\/thamtraisanvanphong.com.vn\/wp-content\/uploads\/2026\/04\/Tham-khach-san-HT-800-05.png","type":"image\/png"}],"twitter_card":"summary_large_image","twitter_misc":{"\u01af\u1edbc t\u00ednh th\u1eddi gian \u0111\u1ecdc":"4 ph\u00fat"},"schema":{"@context":"https:\/\/schema.org","@graph":[{"@type":"WebPage","@id":"https:\/\/thamtraisanvanphong.com.vn\/?product=thamkhachsanht800-05","url":"https:\/\/thamtraisanvanphong.com.vn\/?product=thamkhachsanht800-05","name":"Th\u1ea3m Tr\u1ea3i S\u00e0n Kh\u00e1ch S\u1ea1n HT-800-05 sang tr\u1ecdng v\u00e0 tinh t\u1ebf","isPartOf":{"@id":"https:\/\/thamtraisanvanphong.com.vn\/#website"},"datePublished":"2026-04-18T13:23:12+00:00","dateModified":"2026-04-18T13:28:53+00:00","description":"Th\u1ea3m tr\u1ea3i s\u00e0n \u0111\u01b0\u1eddng d\u1eabn l\u00e0 s\u1ea3n ph\u1ea9m cao c\u1ea5p \u0111em l\u1ea1i c\u1ea3m gi\u00e1c sang tr\u1ecdng tinh t\u1ebf \u0111\u00e1p \u1ee9ng \u0111\u01b0\u1ee3c ti\u00eau ch\u00ed kh\u1eaft khe v\u1ec1 th\u1ea9m m\u1ef9, t\u00ednh an to\u00e0n th\u00e2n thi\u1ec7n","breadcrumb":{"@id":"https:\/\/thamtraisanvanphong.com.vn\/?product=thamkhachsanht800-05#breadcrumb"},"inLanguage":"vi","potentialAction":[{"@type":"ReadAction","target":["https:\/\/thamtraisanvanphong.com.vn\/?product=thamkhachsanht800-05"]}]},{"@type":"BreadcrumbList","@id":"https:\/\/thamtraisanvanphong.com.vn\/?product=thamkhachsanht800-05#breadcrumb","itemListElement":[{"@type":"ListItem","position":1,"name":"Home","item":"https:\/\/thamtraisanvanphong.com.vn\/"},{"@type":"ListItem","position":2,"name":"C\u1eeda h\u00e0ng","item":"https:\/\/thamtraisanvanphong.com.vn\/?page_id=10"},{"@type":"ListItem","position":3,"name":"Th\u1ea3m Tr\u1ea3i S\u00e0n Kh\u00e1ch S\u1ea1n HT-800-05"}]},{"@type":"WebSite","@id":"https:\/\/thamtraisanvanphong.com.vn\/#website","url":"https:\/\/thamtraisanvanphong.com.vn\/","name":"Thamtraisan","description":"Thamtraisangiare","potentialAction":[{"@type":"SearchAction","target":{"@type":"EntryPoint","urlTemplate":"https:\/\/thamtraisanvanphong.com.vn\/?s={search_term_string}"},"query-input":"required name=search_term_string"}],"inLanguage":"vi"}]}},"_links":{"self":[{"href":"https:\/\/thamtraisanvanphong.com.vn\/index.php?rest_route=\/wp\/v2\/product\/935","targetHints":{"allow":["GET"]}}],"collection":[{"href":"https:\/\/thamtraisanvanphong.com.vn\/index.php?rest_route=\/wp\/v2\/product"}],"about":[{"href":"https:\/\/thamtraisanvanphong.com.vn\/index.php?rest_route=\/wp\/v2\/types\/product"}],"replies":[{"embeddable":true,"href":"https:\/\/thamtraisanvanphong.com.vn\/index.php?rest_route=%2Fwp%2Fv2%2Fcomments&post=935"}],"wp:featuredmedia":[{"embeddable":true,"href":"https:\/\/thamtraisanvanphong.com.vn\/index.php?rest_route=\/wp\/v2\/media\/940"}],"wp:attachment":[{"href":"https:\/\/thamtraisanvanphong.com.vn\/index.php?rest_route=%2Fwp%2Fv2%2Fmedia&parent=935"}],"wp:term":[{"taxonomy":"product_cat","embeddable":true,"href":"https:\/\/thamtraisanvanphong.com.vn\/index.php?rest_route=%2Fwp%2Fv2%2Fproduct_cat&post=935"},{"taxonomy":"product_tag","embeddable":true,"href":"https:\/\/thamtraisanvanphong.com.vn\/index.php?rest_route=%2Fwp%2Fv2%2Fproduct_tag&post=935"}],"curies":[{"name":"wp","href":"https:\/\/api.w.org\/{rel}","templated":true}]}}