{"id":936,"date":"2026-04-18T20:23:15","date_gmt":"2026-04-18T13:23:15","guid":{"rendered":"https:\/\/thamtraisanvanphong.com.vn\/?post_type=product&#038;p=936"},"modified":"2026-04-18T20:31:38","modified_gmt":"2026-04-18T13:31:38","slug":"thamtraisankhachsanht800-06","status":"publish","type":"product","link":"https:\/\/thamtraisanvanphong.com.vn\/?product=thamtraisankhachsanht800-06","title":{"rendered":"Th\u1ea3m Tr\u1ea3i S\u00e0n Kh\u00e1ch S\u1ea1n HT-800-06"},"content":{"rendered":"<h3 data-start=\"947\" data-end=\"1031\"><strong data-start=\"951\" data-end=\"1031\">Th\u1ea3m Tr\u1ea3i S\u00e0n Kh\u00e1ch S\u1ea1n HT-800-06 \u2013 K\u1ebft H\u1ee3p T\u00ednh Th\u1ea9m M\u1ef9 V\u00e0 Hi\u1ec7u N\u0103ng S\u1eed D\u1ee5ng<\/strong><\/h3>\n<p data-start=\"1135\" data-end=\"1590\">Trong ng\u00e0nh kh\u00e1ch s\u1ea1n hi\u1ec7n \u0111\u1ea1i, t\u1eebng chi ti\u1ebft trong kh\u00f4ng gian\u00a0n\u1ed9i th\u1ea5t\u00a0\u0111\u1ec1u g\u00f3p ph\u1ea7n n\u00e2ng t\u1ea7m tr\u1ea3i nghi\u1ec7m c\u1ee7a kh\u00e1ch h\u00e0ng. T\u1eeb \u00e1nh s\u00e1ng, m\u00e0u s\u1eafc, \u00e2m thanh cho \u0111\u1ebfn v\u1eadt li\u1ec7u s\u1eed d\u1ee5ng d\u01b0\u1edbi ch\u00e2n \u2013 t\u1ea5t c\u1ea3 \u0111\u1ec1u c\u1ea7n \u0111\u01b0\u1ee3c l\u1ef1a ch\u1ecdn k\u1ef9 l\u01b0\u1ee1ng.\u00a0<strong data-start=\"1364\" data-end=\"1400\">Th\u1ea3m tr\u1ea3i s\u00e0n kh\u00e1ch s\u1ea1n HT-800-06<\/strong>\u00a0l\u00e0 s\u1ef1 k\u1ebft h\u1ee3p ho\u00e0n h\u1ea3o gi\u1eefa t\u00ednh th\u1ea9m m\u1ef9, s\u1ef1 b\u1ec1n b\u1ec9 v\u00e0 hi\u1ec7u n\u0103ng ch\u1ed1ng \u1ed3n \u2013 l\u00fd t\u01b0\u1edfng cho c\u00e1c kh\u00f4ng gian l\u01b0u tr\u00fa cao c\u1ea5p nh\u01b0 resort, kh\u00e1ch s\u1ea1n 4-5 sao, ph\u00f2ng h\u1ed9i ngh\u1ecb v\u00e0 s\u1ea3nh ch\u1edd sang tr\u1ecdng.<\/p>\n<p data-start=\"1135\" data-end=\"1590\">\u00a0<strong data-start=\"1604\" data-end=\"1674\">Thi\u1ebft K\u1ebf M\u1ea1nh M\u1ebd \u2013 S\u1eafc X\u00e1m Trung T\u00ednh K\u1ebft H\u1ee3p H\u1ecda Ti\u1ebft Cam C\u00e1 T\u00ednh<\/strong><\/p>\n<p data-start=\"1676\" data-end=\"1968\">Th\u1ea3m Tr\u1ea3i S\u00e0n Kh\u00e1ch S\u1ea1n HT-800-06 n\u1ed5i b\u1eadt v\u1edbi t\u00f4ng n\u1ec1n x\u00e1m ghi trung t\u00ednh \u2013 m\u00e0u s\u1eafc \u0111\u01b0\u1ee3c \u01b0a chu\u1ed9ng trong kh\u00f4ng gian n\u1ed9i th\u1ea5t hi\u1ec7n \u0111\u1ea1i nh\u1edd c\u1ea3m gi\u00e1c s\u1ea1ch s\u1ebd, d\u1ec5 ph\u1ed1i m\u00e0u. \u0110i\u1ec3m nh\u1ea5n l\u00e0 c\u00e1c \u0111\u01b0\u1eddng k\u1ebb s\u1ecdc cam s\u00e1ng n\u1ed5i b\u1eadt \u2013 t\u1ea1o ra hi\u1ec7u \u1ee9ng th\u1ecb gi\u00e1c m\u1ea1nh m\u1ebd v\u00e0 mang h\u01a1i th\u1edf \u0111\u01b0\u01a1ng \u0111\u1ea1i. Thi\u1ebft k\u1ebf n\u00e0y \u0111\u1eb7c bi\u1ec7t ph\u00f9 h\u1ee3p v\u1edbi:<\/p>\n<ul data-start=\"1970\" data-end=\"2110\">\n<li data-start=\"1970\" data-end=\"1995\">\n<p data-start=\"1972\" data-end=\"1995\"><strong data-start=\"1972\" data-end=\"1995\">H\u00e0nh lang kh\u00e1ch s\u1ea1n<\/strong><\/p>\n<\/li>\n<li data-start=\"1996\" data-end=\"2031\">\n<p data-start=\"1998\" data-end=\"2031\"><strong data-start=\"1998\" data-end=\"2031\">Ph\u00f2ng ch\u1edd s\u00e2n bay ho\u1eb7c lounge<\/strong><\/p>\n<\/li>\n<li data-start=\"2032\" data-end=\"2066\">\n<p data-start=\"2034\" data-end=\"2066\"><strong data-start=\"2034\" data-end=\"2066\">Kh\u00f4ng gian h\u1ed9i ngh\u1ecb hi\u1ec7n \u0111\u1ea1i<\/strong><\/p>\n<\/li>\n<li data-start=\"2067\" data-end=\"2110\">\n<p data-start=\"2069\" data-end=\"2110\"><strong data-start=\"2069\" data-end=\"2110\">Ph\u00f2ng ti\u1ebfp kh\u00e1ch doanh nghi\u1ec7p cao c\u1ea5p<\/strong><\/p>\n<\/li>\n<\/ul>\n<figure id=\"attachment_1164\" class=\"wp-caption aligncenter\" aria-describedby=\"caption-attachment-1164\"><figcaption id=\"caption-attachment-1164\" class=\"wp-caption-text\">Th\u1ea3m Tr\u1ea3i S\u00e0n Kh\u00e1ch S\u1ea1n HT-800-06<\/figcaption><\/figure>\n<h3 data-start=\"2117\" data-end=\"2185\">\u00a0<strong data-start=\"2124\" data-end=\"2185\">Ch\u1ea5t Li\u1ec7u S\u1ee3i Nylon 6 \u2013 B\u1ec1n B\u1ec9 V\u00e0 Ch\u1ed1ng M\u00e0i M\u00f2n V\u01b0\u1ee3t Tr\u1ed9i<\/strong><\/h3>\n<p data-start=\"2187\" data-end=\"2290\">Kh\u00e1c v\u1edbi c\u00e1c lo\u1ea1i s\u1ee3i th\u1ea3m th\u00f4ng th\u01b0\u1eddng, s\u1ee3i\u00a0<strong data-start=\"2232\" data-end=\"2243\">Nylon 6<\/strong>\u00a0trong s\u1ea3n ph\u1ea9m n\u00e0y c\u00f3 nh\u1eefng \u01b0u \u0111i\u1ec3m v\u01b0\u1ee3t tr\u1ed9i:<\/p>\n<ul data-start=\"2292\" data-end=\"2583\">\n<li data-start=\"2292\" data-end=\"2381\">\n<p data-start=\"2294\" data-end=\"2381\">Kh\u1ea3 n\u0103ng\u00a0<strong data-start=\"2303\" data-end=\"2336\">ch\u1ed1ng m\u00e0i m\u00f2n v\u00e0 ch\u1ecbu l\u1ef1c t\u1ed1t<\/strong>, ph\u00f9 h\u1ee3p v\u1edbi khu v\u1ef1c c\u00f3 m\u1eadt \u0111\u1ed9 di chuy\u1ec3n cao<\/p>\n<\/li>\n<li data-start=\"2382\" data-end=\"2451\">\n<p data-start=\"2384\" data-end=\"2451\"><strong data-start=\"2384\" data-end=\"2417\">Kh\u1ea3 n\u0103ng ph\u1ee5c h\u1ed3i \u0111\u00e0n h\u1ed3i cao<\/strong>, kh\u00f4ng b\u1ecb l\u00fan, x\u1eb9p theo th\u1eddi gian<\/p>\n<\/li>\n<li data-start=\"2452\" data-end=\"2512\">\n<p data-start=\"2454\" data-end=\"2512\"><strong data-start=\"2454\" data-end=\"2488\">Kh\u00f4ng h\u1ea5p th\u1ee5 b\u1ee5i, d\u1ec5 l\u00e0m s\u1ea1ch<\/strong>\u00a0v\u1edbi m\u00e1y h\u00fat c\u00f4ng nghi\u1ec7p<\/p>\n<\/li>\n<li data-start=\"2513\" data-end=\"2583\">\n<p data-start=\"2515\" data-end=\"2583\"><strong data-start=\"2515\" data-end=\"2526\">B\u1ec1n m\u00e0u<\/strong>, \u00edt b\u1ea1c m\u00e0u d\u01b0\u1edbi \u00e1nh s\u00e1ng ho\u1eb7c khi v\u1ec7 sinh b\u1eb1ng h\u00f3a ch\u1ea5t<\/p>\n<\/li>\n<\/ul>\n<figure id=\"attachment_1165\" class=\"wp-caption aligncenter\" aria-describedby=\"caption-attachment-1165\"><figcaption id=\"caption-attachment-1165\" class=\"wp-caption-text\"><\/figcaption><\/figure>\n<h3 data-start=\"2590\" data-end=\"2677\"><strong data-start=\"2597\" data-end=\"2677\">C\u1ea5u Tr\u00fac Cut Pile V\u00e0 \u0110\u1ebf PP Woven \u2013 M\u1ec1m M\u1ea1i, Ch\u1ed1ng Tr\u01a1n Tr\u01b0\u1ee3t, C\u00e1ch \u00c2m T\u1ed1i \u01afu<\/strong><\/h3>\n<ul data-start=\"2679\" data-end=\"3004\">\n<li data-start=\"2679\" data-end=\"2838\">\n<p data-start=\"2681\" data-end=\"2838\"><strong data-start=\"2681\" data-end=\"2706\">C\u1ea5u tr\u00fac s\u1ee3i Cut Pile<\/strong>: S\u1ee3i \u0111\u01b0\u1ee3c c\u1eaft ngang t\u1ea1o b\u1ec1 m\u1eb7t m\u1ec1m m\u1ea1i, gi\u00fap gi\u1ea3m ti\u1ebfng \u1ed3n b\u01b0\u1edbc ch\u00e2n hi\u1ec7u qu\u1ea3, n\u00e2ng cao tr\u1ea3i nghi\u1ec7m ri\u00eang t\u01b0 trong ph\u00f2ng kh\u00e1ch s\u1ea1n.<\/p>\n<\/li>\n<li data-start=\"2839\" data-end=\"3004\">\n<p data-start=\"2841\" data-end=\"3004\"><strong data-start=\"2841\" data-end=\"2876\">\u0110\u1ebf PP Woven (Polypropylene D\u1ec7t)<\/strong>: C\u1ea5u tr\u00fac \u0111\u1ebf v\u1eefng ch\u1eafc, gi\u00fap th\u1ea3m b\u00e1m ch\u1eb7t s\u00e0n, kh\u00f4ng b\u1ecb x\u00f4 l\u1ec7ch, ch\u1ed1ng tr\u01a1n tr\u01b0\u1ee3t \u2013 r\u1ea5t quan tr\u1ecdng trong m\u00f4i tr\u01b0\u1eddng c\u00f4ng c\u1ed9ng.<\/p>\n<\/li>\n<\/ul>\n<h3 data-start=\"3675\" data-end=\"3745\"><strong data-start=\"3682\" data-end=\"3745\">\u1ee8ng D\u1ee5ng L\u00fd T\u01b0\u1edfng Cho C\u00e1c Kh\u00f4ng Gian Kh\u00e1ch S\u1ea1n &amp; Th\u01b0\u01a1ng M\u1ea1i<\/strong><\/h3>\n<p data-start=\"3747\" data-end=\"3834\">S\u1ef1 tinh t\u1ebf v\u00e0 ch\u1ea5t l\u01b0\u1ee3ng c\u1ee7a th\u1ea3m HT-800- khi\u1ebfn s\u1ea3n ph\u1ea9m n\u00e0y r\u1ea5t \u0111\u01b0\u1ee3c \u01b0a chu\u1ed9ng trong:<\/p>\n<ul data-start=\"3836\" data-end=\"3984\">\n<li data-start=\"3836\" data-end=\"3869\">\n<p data-start=\"3838\" data-end=\"3869\"><strong data-start=\"3838\" data-end=\"3869\">Ph\u00f2ng ng\u1ee7 kh\u00e1ch s\u1ea1n cao c\u1ea5p<\/strong><\/p>\n<\/li>\n<li data-start=\"3870\" data-end=\"3898\">\n<p data-start=\"3872\" data-end=\"3898\"><strong data-start=\"3872\" data-end=\"3898\">H\u00e0nh lang l\u1ed1i \u0111i chung<\/strong><\/p>\n<\/li>\n<li data-start=\"3899\" data-end=\"3920\">\n<p data-start=\"3901\" data-end=\"3920\"><strong data-start=\"3901\" data-end=\"3920\">S\u1ea3nh ti\u1ebfp kh\u00e1ch<\/strong><\/p>\n<\/li>\n<li data-start=\"3921\" data-end=\"3941\">\n<p data-start=\"3923\" data-end=\"3941\"><strong data-start=\"3923\" data-end=\"3941\">Ph\u00f2ng h\u1ed9i ngh\u1ecb<\/strong><\/p>\n<\/li>\n<li data-start=\"3942\" data-end=\"3984\">\n<p data-start=\"3944\" data-end=\"3984\"><strong data-start=\"3944\" data-end=\"3984\">Khu v\u1ef1c spa, lounge, th\u01b0 vi\u1ec7n n\u1ed9i b\u1ed9<\/strong><\/p>\n<\/li>\n<\/ul>\n","protected":false},"excerpt":{"rendered":"<h2 data-start=\"4031\" data-end=\"4063\">Th\u00f4ng s\u1ed1 k\u1ef9 thu\u1eadt chi ti\u1ebft<\/h2>\n<div class=\"_tableContainer_16hzy_1\">\n<div class=\"_tableWrapper_16hzy_14 group flex w-fit flex-col-reverse\" tabindex=\"-1\">\n<table class=\"w-fit min-w-(--thread-content-width)\" data-start=\"4065\" data-end=\"4694\">\n<thead data-start=\"4065\" data-end=\"4134\">\n<tr data-start=\"4065\" data-end=\"4134\">\n<th data-start=\"4065\" data-end=\"4089\" data-col-size=\"sm\">Th\u00f4ng s\u1ed1<\/th>\n<th data-start=\"4089\" data-end=\"4134\" data-col-size=\"sm\">Chi ti\u1ebft<\/th>\n<\/tr>\n<\/thead>\n<tbody data-start=\"4205\" data-end=\"4694\">\n<tr data-start=\"4205\" data-end=\"4274\">\n<td data-start=\"4205\" data-end=\"4229\" data-col-size=\"sm\">Ch\u1ea5t li\u1ec7u s\u1ee3i<\/td>\n<td data-start=\"4229\" data-end=\"4274\" data-col-size=\"sm\">100% S\u1ee3i Nylon 6<\/td>\n<\/tr>\n<tr data-start=\"4275\" data-end=\"4344\">\n<td data-start=\"4275\" data-end=\"4299\" data-col-size=\"sm\">Ki\u1ec3u d\u1ec7t<\/td>\n<td data-start=\"4299\" data-end=\"4344\" data-col-size=\"sm\">Cut Pile<\/td>\n<\/tr>\n<tr data-start=\"4345\" data-end=\"4414\">\n<td data-start=\"4345\" data-end=\"4369\" data-col-size=\"sm\">M\u1eadt \u0111\u1ed9 s\u1ee3i<\/td>\n<td data-start=\"4369\" data-end=\"4414\" data-col-size=\"sm\">1000 gram\/m\u00b2<\/td>\n<\/tr>\n<tr data-start=\"4415\" data-end=\"4484\">\n<td data-start=\"4415\" data-end=\"4439\" data-col-size=\"sm\">T\u1ed5ng chi\u1ec1u cao<\/td>\n<td data-start=\"4439\" data-end=\"4484\" data-col-size=\"sm\">9mm (\u00b15%)<\/td>\n<\/tr>\n<tr data-start=\"4485\" data-end=\"4554\">\n<td data-start=\"4485\" data-end=\"4509\" data-col-size=\"sm\">Chi\u1ec1u cao s\u1ee3i<\/td>\n<td data-start=\"4509\" data-end=\"4554\" data-col-size=\"sm\">6mm (\u00b15%)<\/td>\n<\/tr>\n<tr data-start=\"4555\" data-end=\"4624\">\n<td data-start=\"4555\" data-end=\"4579\" data-col-size=\"sm\">Kh\u1ed5 th\u1ea3m<\/td>\n<td data-start=\"4579\" data-end=\"4624\" data-col-size=\"sm\">3.66m ho\u1eb7c 4.00m<\/td>\n<\/tr>\n<tr data-start=\"4625\" data-end=\"4694\">\n<td data-start=\"4625\" data-end=\"4649\" data-col-size=\"sm\">Lo\u1ea1i \u0111\u1ebf<\/td>\n<td data-start=\"4649\" data-end=\"4694\" data-col-size=\"sm\">PP Woven \u2013 Ch\u1ed1ng tr\u01b0\u1ee3t, d\u1ec5 thi c\u00f4ng<\/td>\n<\/tr>\n<\/tbody>\n<\/table>\n<div class=\"sticky end-(--thread-content-margin) h-0 self-end select-none\">\n<div class=\"absolute end-0 flex items-end\"><\/div>\n<\/div>\n<\/div>\n<\/div>\n","protected":false},"featured_media":942,"comment_status":"open","ping_status":"closed","template":"","meta":[],"product_cat":[150],"product_tag":[188,152,163,189,190,191],"class_list":{"0":"post-936","1":"product","2":"type-product","3":"status-publish","4":"has-post-thumbnail","6":"product_cat-tham-khach-san","7":"product_tag-tham-chong-truot-pp-woven","8":"product_tag-tham-cut-pile","9":"product_tag-tham-khach-san-cao-cap","10":"product_tag-tham-loi-vao-khach-san","11":"product_tag-tham-trai-san-soi-nylon","12":"product_tag-tham-trang-tri-sanh","14":"first","15":"instock","16":"sale","17":"shipping-taxable","18":"purchasable","19":"product-type-simple"},"yoast_head":"<!-- This site is optimized with the Yoast SEO Premium plugin v20.12 (Yoast SEO v20.12) - https:\/\/yoast.com\/wordpress\/plugins\/seo\/ -->\n<title>Th\u1ea3m Tr\u1ea3i S\u00e0n Kh\u00e1ch S\u1ea1n HT-800-06 sang tr\u1ecdng v\u00e0 tinh t\u1ebf<\/title>\n<meta name=\"description\" content=\"Th\u1ea3m tr\u1ea3i s\u00e0n \u0111\u01b0\u1eddng d\u1eabn l\u00e0 s\u1ea3n ph\u1ea9m cao c\u1ea5p \u0111em l\u1ea1i c\u1ea3m gi\u00e1c sang tr\u1ecdng tinh t\u1ebf \u0111\u00e1p \u1ee9ng \u0111\u01b0\u1ee3c ti\u00eau ch\u00ed kh\u1eaft khe v\u1ec1 th\u1ea9m m\u1ef9, t\u00ednh an to\u00e0n th\u00e2n thi\u1ec7n\" \/>\n<meta name=\"robots\" content=\"index, follow, max-snippet:-1, max-image-preview:large, max-video-preview:-1\" \/>\n<link rel=\"canonical\" href=\"https:\/\/thamtraisanvanphong.com.vn\/?product=thamtraisankhachsanht800-06\" \/>\n<meta property=\"og:locale\" content=\"vi_VN\" \/>\n<meta property=\"og:type\" content=\"article\" \/>\n<meta property=\"og:title\" content=\"Th\u1ea3m Tr\u1ea3i S\u00e0n Kh\u00e1ch S\u1ea1n HT-800-06\" \/>\n<meta property=\"og:description\" content=\"Th\u1ea3m tr\u1ea3i s\u00e0n \u0111\u01b0\u1eddng d\u1eabn l\u00e0 s\u1ea3n ph\u1ea9m cao c\u1ea5p \u0111em l\u1ea1i c\u1ea3m gi\u00e1c sang tr\u1ecdng tinh t\u1ebf \u0111\u00e1p \u1ee9ng \u0111\u01b0\u1ee3c ti\u00eau ch\u00ed kh\u1eaft khe v\u1ec1 th\u1ea9m m\u1ef9, t\u00ednh an to\u00e0n th\u00e2n thi\u1ec7n\" \/>\n<meta property=\"og:url\" content=\"https:\/\/thamtraisanvanphong.com.vn\/?product=thamtraisankhachsanht800-06\" \/>\n<meta property=\"og:site_name\" content=\"Thamtraisan\" \/>\n<meta property=\"article:modified_time\" content=\"2026-04-18T13:31:38+00:00\" \/>\n<meta property=\"og:image\" content=\"https:\/\/thamtraisanvanphong.com.vn\/wp-content\/uploads\/2026\/04\/Tham-khach-san-HT-800-06.png\" \/>\n\t<meta property=\"og:image:width\" content=\"255\" \/>\n\t<meta property=\"og:image:height\" content=\"261\" \/>\n\t<meta property=\"og:image:type\" content=\"image\/png\" \/>\n<meta name=\"twitter:card\" content=\"summary_large_image\" \/>\n<meta name=\"twitter:label1\" content=\"\u01af\u1edbc t\u00ednh th\u1eddi gian \u0111\u1ecdc\" \/>\n\t<meta name=\"twitter:data1\" content=\"3 ph\u00fat\" \/>\n<script type=\"application\/ld+json\" class=\"yoast-schema-graph\">{\"@context\":\"https:\/\/schema.org\",\"@graph\":[{\"@type\":\"WebPage\",\"@id\":\"https:\/\/thamtraisanvanphong.com.vn\/?product=thamtraisankhachsanht800-06\",\"url\":\"https:\/\/thamtraisanvanphong.com.vn\/?product=thamtraisankhachsanht800-06\",\"name\":\"Th\u1ea3m Tr\u1ea3i S\u00e0n Kh\u00e1ch S\u1ea1n HT-800-06 sang tr\u1ecdng v\u00e0 tinh t\u1ebf\",\"isPartOf\":{\"@id\":\"https:\/\/thamtraisanvanphong.com.vn\/#website\"},\"datePublished\":\"2026-04-18T13:23:15+00:00\",\"dateModified\":\"2026-04-18T13:31:38+00:00\",\"description\":\"Th\u1ea3m tr\u1ea3i s\u00e0n \u0111\u01b0\u1eddng d\u1eabn l\u00e0 s\u1ea3n ph\u1ea9m cao c\u1ea5p \u0111em l\u1ea1i c\u1ea3m gi\u00e1c sang tr\u1ecdng tinh t\u1ebf \u0111\u00e1p \u1ee9ng \u0111\u01b0\u1ee3c ti\u00eau ch\u00ed kh\u1eaft khe v\u1ec1 th\u1ea9m m\u1ef9, t\u00ednh an to\u00e0n th\u00e2n thi\u1ec7n\",\"breadcrumb\":{\"@id\":\"https:\/\/thamtraisanvanphong.com.vn\/?product=thamtraisankhachsanht800-06#breadcrumb\"},\"inLanguage\":\"vi\",\"potentialAction\":[{\"@type\":\"ReadAction\",\"target\":[\"https:\/\/thamtraisanvanphong.com.vn\/?product=thamtraisankhachsanht800-06\"]}]},{\"@type\":\"BreadcrumbList\",\"@id\":\"https:\/\/thamtraisanvanphong.com.vn\/?product=thamtraisankhachsanht800-06#breadcrumb\",\"itemListElement\":[{\"@type\":\"ListItem\",\"position\":1,\"name\":\"Home\",\"item\":\"https:\/\/thamtraisanvanphong.com.vn\/\"},{\"@type\":\"ListItem\",\"position\":2,\"name\":\"C\u1eeda h\u00e0ng\",\"item\":\"https:\/\/thamtraisanvanphong.com.vn\/?page_id=10\"},{\"@type\":\"ListItem\",\"position\":3,\"name\":\"Th\u1ea3m Tr\u1ea3i S\u00e0n Kh\u00e1ch S\u1ea1n HT-800-06\"}]},{\"@type\":\"WebSite\",\"@id\":\"https:\/\/thamtraisanvanphong.com.vn\/#website\",\"url\":\"https:\/\/thamtraisanvanphong.com.vn\/\",\"name\":\"Thamtraisan\",\"description\":\"Thamtraisangiare\",\"potentialAction\":[{\"@type\":\"SearchAction\",\"target\":{\"@type\":\"EntryPoint\",\"urlTemplate\":\"https:\/\/thamtraisanvanphong.com.vn\/?s={search_term_string}\"},\"query-input\":\"required name=search_term_string\"}],\"inLanguage\":\"vi\"}]}<\/script>\n<!-- \/ Yoast SEO Premium plugin. -->","yoast_head_json":{"title":"Th\u1ea3m Tr\u1ea3i S\u00e0n Kh\u00e1ch S\u1ea1n HT-800-06 sang tr\u1ecdng v\u00e0 tinh t\u1ebf","description":"Th\u1ea3m tr\u1ea3i s\u00e0n \u0111\u01b0\u1eddng d\u1eabn l\u00e0 s\u1ea3n ph\u1ea9m cao c\u1ea5p \u0111em l\u1ea1i c\u1ea3m gi\u00e1c sang tr\u1ecdng tinh t\u1ebf \u0111\u00e1p \u1ee9ng \u0111\u01b0\u1ee3c ti\u00eau ch\u00ed kh\u1eaft khe v\u1ec1 th\u1ea9m m\u1ef9, t\u00ednh an to\u00e0n th\u00e2n thi\u1ec7n","robots":{"index":"index","follow":"follow","max-snippet":"max-snippet:-1","max-image-preview":"max-image-preview:large","max-video-preview":"max-video-preview:-1"},"canonical":"https:\/\/thamtraisanvanphong.com.vn\/?product=thamtraisankhachsanht800-06","og_locale":"vi_VN","og_type":"article","og_title":"Th\u1ea3m Tr\u1ea3i S\u00e0n Kh\u00e1ch S\u1ea1n HT-800-06","og_description":"Th\u1ea3m tr\u1ea3i s\u00e0n \u0111\u01b0\u1eddng d\u1eabn l\u00e0 s\u1ea3n ph\u1ea9m cao c\u1ea5p \u0111em l\u1ea1i c\u1ea3m gi\u00e1c sang tr\u1ecdng tinh t\u1ebf \u0111\u00e1p \u1ee9ng \u0111\u01b0\u1ee3c ti\u00eau ch\u00ed kh\u1eaft khe v\u1ec1 th\u1ea9m m\u1ef9, t\u00ednh an to\u00e0n th\u00e2n thi\u1ec7n","og_url":"https:\/\/thamtraisanvanphong.com.vn\/?product=thamtraisankhachsanht800-06","og_site_name":"Thamtraisan","article_modified_time":"2026-04-18T13:31:38+00:00","og_image":[{"width":255,"height":261,"url":"https:\/\/thamtraisanvanphong.com.vn\/wp-content\/uploads\/2026\/04\/Tham-khach-san-HT-800-06.png","type":"image\/png"}],"twitter_card":"summary_large_image","twitter_misc":{"\u01af\u1edbc t\u00ednh th\u1eddi gian \u0111\u1ecdc":"3 ph\u00fat"},"schema":{"@context":"https:\/\/schema.org","@graph":[{"@type":"WebPage","@id":"https:\/\/thamtraisanvanphong.com.vn\/?product=thamtraisankhachsanht800-06","url":"https:\/\/thamtraisanvanphong.com.vn\/?product=thamtraisankhachsanht800-06","name":"Th\u1ea3m Tr\u1ea3i S\u00e0n Kh\u00e1ch S\u1ea1n HT-800-06 sang tr\u1ecdng v\u00e0 tinh t\u1ebf","isPartOf":{"@id":"https:\/\/thamtraisanvanphong.com.vn\/#website"},"datePublished":"2026-04-18T13:23:15+00:00","dateModified":"2026-04-18T13:31:38+00:00","description":"Th\u1ea3m tr\u1ea3i s\u00e0n \u0111\u01b0\u1eddng d\u1eabn l\u00e0 s\u1ea3n ph\u1ea9m cao c\u1ea5p \u0111em l\u1ea1i c\u1ea3m gi\u00e1c sang tr\u1ecdng tinh t\u1ebf \u0111\u00e1p \u1ee9ng \u0111\u01b0\u1ee3c ti\u00eau ch\u00ed kh\u1eaft khe v\u1ec1 th\u1ea9m m\u1ef9, t\u00ednh an to\u00e0n th\u00e2n thi\u1ec7n","breadcrumb":{"@id":"https:\/\/thamtraisanvanphong.com.vn\/?product=thamtraisankhachsanht800-06#breadcrumb"},"inLanguage":"vi","potentialAction":[{"@type":"ReadAction","target":["https:\/\/thamtraisanvanphong.com.vn\/?product=thamtraisankhachsanht800-06"]}]},{"@type":"BreadcrumbList","@id":"https:\/\/thamtraisanvanphong.com.vn\/?product=thamtraisankhachsanht800-06#breadcrumb","itemListElement":[{"@type":"ListItem","position":1,"name":"Home","item":"https:\/\/thamtraisanvanphong.com.vn\/"},{"@type":"ListItem","position":2,"name":"C\u1eeda h\u00e0ng","item":"https:\/\/thamtraisanvanphong.com.vn\/?page_id=10"},{"@type":"ListItem","position":3,"name":"Th\u1ea3m Tr\u1ea3i S\u00e0n Kh\u00e1ch S\u1ea1n HT-800-06"}]},{"@type":"WebSite","@id":"https:\/\/thamtraisanvanphong.com.vn\/#website","url":"https:\/\/thamtraisanvanphong.com.vn\/","name":"Thamtraisan","description":"Thamtraisangiare","potentialAction":[{"@type":"SearchAction","target":{"@type":"EntryPoint","urlTemplate":"https:\/\/thamtraisanvanphong.com.vn\/?s={search_term_string}"},"query-input":"required name=search_term_string"}],"inLanguage":"vi"}]}},"_links":{"self":[{"href":"https:\/\/thamtraisanvanphong.com.vn\/index.php?rest_route=\/wp\/v2\/product\/936","targetHints":{"allow":["GET"]}}],"collection":[{"href":"https:\/\/thamtraisanvanphong.com.vn\/index.php?rest_route=\/wp\/v2\/product"}],"about":[{"href":"https:\/\/thamtraisanvanphong.com.vn\/index.php?rest_route=\/wp\/v2\/types\/product"}],"replies":[{"embeddable":true,"href":"https:\/\/thamtraisanvanphong.com.vn\/index.php?rest_route=%2Fwp%2Fv2%2Fcomments&post=936"}],"wp:featuredmedia":[{"embeddable":true,"href":"https:\/\/thamtraisanvanphong.com.vn\/index.php?rest_route=\/wp\/v2\/media\/942"}],"wp:attachment":[{"href":"https:\/\/thamtraisanvanphong.com.vn\/index.php?rest_route=%2Fwp%2Fv2%2Fmedia&parent=936"}],"wp:term":[{"taxonomy":"product_cat","embeddable":true,"href":"https:\/\/thamtraisanvanphong.com.vn\/index.php?rest_route=%2Fwp%2Fv2%2Fproduct_cat&post=936"},{"taxonomy":"product_tag","embeddable":true,"href":"https:\/\/thamtraisanvanphong.com.vn\/index.php?rest_route=%2Fwp%2Fv2%2Fproduct_tag&post=936"}],"curies":[{"name":"wp","href":"https:\/\/api.w.org\/{rel}","templated":true}]}}