{"id":943,"date":"2026-04-18T20:31:54","date_gmt":"2026-04-18T13:31:54","guid":{"rendered":"https:\/\/thamtraisanvanphong.com.vn\/?post_type=product&#038;p=943"},"modified":"2026-04-18T20:35:09","modified_gmt":"2026-04-18T13:35:09","slug":"thamtraisankhachsanht800-07","status":"publish","type":"product","link":"https:\/\/thamtraisanvanphong.com.vn\/?product=thamtraisankhachsanht800-07","title":{"rendered":"Th\u1ea3m Tr\u1ea3i S\u00e0n Kh\u00e1ch S\u1ea1n HT-800-07"},"content":{"rendered":"<h3 data-start=\"970\" data-end=\"1082\"><strong data-start=\"974\" data-end=\"1082\">Th\u1ea3m Tr\u1ea3i S\u00e0n Kh\u00e1ch S\u1ea1n HT-800-07 \u2013 V\u1ebb \u0110\u1eb9p H\u00ecnh H\u1ecdc Tr\u1eebu T\u01b0\u1ee3ng Trong Thi\u1ebft K\u1ebf Kh\u00f4ng Gian L\u01b0u Tr\u00fa Hi\u1ec7n \u0110\u1ea1i<\/strong><\/h3>\n<p data-start=\"1186\" data-end=\"1521\">Kh\u00f4ng gian kh\u00e1ch s\u1ea1n hi\u1ec7n \u0111\u1ea1i kh\u00f4ng ch\u1ec9 c\u1ea7n s\u1ea1ch s\u1ebd, tinh t\u1ebf m\u00e0 c\u00f2n c\u1ea7n th\u1ec3 hi\u1ec7n r\u00f5 n\u00e9t c\u00e1 t\u00ednh th\u01b0\u01a1ng hi\u1ec7u.\u00a0<strong data-start=\"1295\" data-end=\"1331\">Th\u1ea3m tr\u1ea3i s\u00e0n kh\u00e1ch s\u1ea1n HT-800-07\u00a0<\/strong>ch\u00ednh l\u00e0 l\u1ef1a ch\u1ecdn l\u00fd t\u01b0\u1edfng v\u1edbi\u00a0<strong data-start=\"1363\" data-end=\"1403\">thi\u1ebft k\u1ebf h\u1ecda ti\u1ebft tr\u1eebu t\u01b0\u1ee3ng \u0111\u1ed9c \u0111\u00e1o<\/strong>, gam m\u00e0u xanh \u2013 ghi k\u1ebft h\u1ee3p \u0111i\u1ec3m nh\u1ea5n v\u00e0ng mang l\u1ea1i s\u1ef1 m\u1edbi m\u1ebb, ph\u00e1 c\u00e1ch m\u00e0 v\u1eabn \u0111\u1ea3m b\u1ea3o t\u00ednh h\u00e0i h\u00f2a trong kh\u00f4ng gian.<\/p>\n<h3 data-start=\"1528\" data-end=\"1589\"><strong data-start=\"1535\" data-end=\"1589\">H\u1ecda Ti\u1ebft Ngh\u1ec7 Thu\u1eadt \u2013 C\u1ea3m H\u1ee9ng T\u1eeb Ki\u1ebfn Tr\u00fac \u0110\u00f4 Th\u1ecb<\/strong><\/h3>\n<p data-start=\"1591\" data-end=\"1900\">Th\u1ea3m HT-800-07 mang phong c\u00e1ch tr\u1eebu t\u01b0\u1ee3ng, c\u00e1c m\u1ea3ng m\u00e0u \u0111\u01b0\u1ee3c ph\u00e2n l\u1edbp b\u1ea5t \u0111\u1ed1i x\u1ee9ng, g\u1ee3i li\u00ean t\u01b0\u1edfng \u0111\u1ebfn \u0111\u01b0\u1eddng n\u00e9t \u0111\u00f4 th\u1ecb hi\u1ec7n \u0111\u1ea1i. M\u00e0u xanh bi\u1ec3n k\u1ebft h\u1ee3p c\u00e1c gam x\u00e1m nh\u1ea1t, \u0111\u1eadm v\u00e0 tr\u1eafng t\u1ea1o chi\u1ec1u s\u00e2u cho kh\u00f4ng gian. C\u00e1c \u0111\u01b0\u1eddng n\u00e9t cam v\u00e0ng nh\u01b0 nh\u1eefng \u0111i\u1ec3m c\u1eaft t\u00e1o b\u1ea1o l\u00e0m t\u0103ng \u0111\u1ed9 c\u00e1 t\u00ednh v\u00e0 phong c\u00e1ch cho t\u1ed5ng th\u1ec3.<\/p>\n<p data-start=\"1902\" data-end=\"1930\">\u0110\u00e2y l\u00e0 m\u1eabu th\u1ea3m ph\u00f9 h\u1ee3p cho:<\/p>\n<ul data-start=\"1931\" data-end=\"2041\">\n<li data-start=\"1931\" data-end=\"1952\">\n<p data-start=\"1933\" data-end=\"1952\">H\u00e0nh lang kh\u00e1ch s\u1ea1n<\/p>\n<\/li>\n<li data-start=\"1953\" data-end=\"1980\">\n<p data-start=\"1955\" data-end=\"1980\">Ph\u00f2ng h\u1ed9i ngh\u1ecb \u2013 h\u1ed9i th\u1ea3o<\/p>\n<\/li>\n<li data-start=\"1981\" data-end=\"2010\">\n<p data-start=\"1983\" data-end=\"2010\">Lounge, bar trong kh\u00e1ch s\u1ea1n<\/p>\n<\/li>\n<li data-start=\"2011\" data-end=\"2041\">\n<p data-start=\"2013\" data-end=\"2041\">Ph\u00f2ng ngh\u1ec9 kh\u00e1ch s\u1ea1n 4\u20135 sao<\/p>\n<\/li>\n<li data-start=\"2011\" data-end=\"2041\">\n<p data-start=\"2013\" data-end=\"2041\"><span style=\"font-size: 20.16px; color: #333333;\">\u00a0<\/span><strong style=\"font-size: 20.16px; color: #333333;\" data-start=\"2055\" data-end=\"2112\">Ch\u1ea5t Li\u1ec7u Nylon 6 Cao C\u1ea5p \u2013 Ch\u1ed1ng M\u00e0i M\u00f2n, D\u1ec5 V\u1ec7 Sinh<\/strong><\/p>\n<\/li>\n<\/ul>\n<p data-start=\"2114\" data-end=\"2223\">S\u1ee3i nylon 6 n\u1ed5i ti\u1ebfng v\u1edbi \u0111\u1ed9 b\u1ec1n, ch\u1ed1ng b\u00e1m b\u1ea9n v\u00e0 kh\u1ea3 n\u0103ng gi\u1eef m\u00e0u l\u00e2u d\u00e0i. Nh\u1eefng \u01b0u \u0111i\u1ec3m c\u1ee7a th\u1ea3m HT-800-07:<\/p>\n<ul data-start=\"2225\" data-end=\"2424\">\n<li data-start=\"2225\" data-end=\"2289\">\n<p data-start=\"2227\" data-end=\"2289\"><strong data-start=\"2227\" data-end=\"2251\">Kh\u1ea3 n\u0103ng \u0111\u00e0n h\u1ed3i cao<\/strong>, kh\u00f4ng b\u1ecb x\u1eb9p l\u00fan trong th\u1eddi gian d\u00e0i<\/p>\n<\/li>\n<li data-start=\"2290\" data-end=\"2368\">\n<p data-start=\"2292\" data-end=\"2368\"><strong data-start=\"2292\" data-end=\"2321\">D\u1ec5 b\u1ea3o tr\u00ec, h\u00fat b\u1ee5i nhanh<\/strong>, ph\u00f9 h\u1ee3p v\u1edbi kh\u00e1ch s\u1ea1n c\u00f3 t\u1ea7n su\u1ea5t d\u1ecdn d\u1eb9p cao<\/p>\n<\/li>\n<li data-start=\"2369\" data-end=\"2424\">\n<p data-start=\"2371\" data-end=\"2424\"><strong data-start=\"2371\" data-end=\"2391\">Kh\u00f4ng b\u1ecb b\u1ea1c m\u00e0u<\/strong>\u00a0khi s\u1eed d\u1ee5ng m\u00e1y gi\u1eb7t c\u00f4ng nghi\u1ec7p<\/p>\n<\/li>\n<\/ul>\n<h3 data-start=\"2431\" data-end=\"2480\">\u00a0<strong data-start=\"2438\" data-end=\"2480\">\u0110\u1ebf PP Woven \u2013 Ch\u1ed1ng Tr\u01b0\u1ee3t, C\u1ed1 \u0110\u1ecbnh T\u1ed1t<\/strong><\/h3>\n<p data-start=\"2482\" data-end=\"2644\">L\u1edbp \u0111\u1ebf PP woven gi\u00fap th\u1ea3m b\u00e1m ch\u1eafc xu\u1ed1ng n\u1ec1n s\u00e0n, ch\u1ed1ng tr\u01b0\u1ee3t hi\u1ec7u qu\u1ea3, an to\u00e0n cho kh\u00e1ch h\u00e0ng, nh\u1ea5t l\u00e0 ng\u01b0\u1eddi l\u1edbn tu\u1ed5i ho\u1eb7c khu v\u1ef1c c\u00f3 nhi\u1ec1u h\u00e0nh kh\u00e1ch di chuy\u1ec3n.<\/p>\n<h3 data-start=\"2651\" data-end=\"2712\">\u00a0<strong data-start=\"2658\" data-end=\"2712\">C\u1ea5u Tr\u00fac S\u1ee3i Cut Pile \u2013 \u00cam \u00c1i, C\u00e1ch \u00c2m, Sang Tr\u1ecdng<\/strong><\/h3>\n<p data-start=\"2714\" data-end=\"2953\">C\u1ea5u tr\u00fac cut pile t\u1ea1o b\u1ec1 m\u1eb7t m\u1ec1m m\u1ea1i, kh\u00f4ng th\u00f4 r\u00e1p, d\u1ec5 ch\u1ecbu khi \u0111i ch\u00e2n tr\u1ea7n v\u00e0 \u0111\u1eb7c bi\u1ec7t\u00a0<strong data-start=\"2804\" data-end=\"2831\">gi\u1ea3m ti\u1ebfng \u1ed3n b\u01b0\u1edbc ch\u00e2n<\/strong>\u00a0\u2013 m\u1ed9t trong nh\u1eefng ti\u00eau ch\u00ed quan tr\u1ecdng trong kh\u00f4ng gian ngh\u1ec9 d\u01b0\u1ee1ng, ph\u00f2ng h\u1ed9i ngh\u1ecb ho\u1eb7c khu v\u1ef1c c\u00f4ng c\u1ed9ng c\u1ea7n s\u1ef1 y\u00ean t\u0129nh.<\/p>\n<h3 data-start=\"2960\" data-end=\"3011\">\u00a0<strong data-start=\"2967\" data-end=\"3011\">Th\u00f4ng S\u1ed1 K\u1ef9 Thu\u1eadt S\u1ea3n Ph\u1ea9m Th\u1ea3m HT-800-07<\/strong><\/h3>\n<h3 data-start=\"3674\" data-end=\"3720\"><strong data-start=\"3681\" data-end=\"3720\">\u1ee8ng D\u1ee5ng Ph\u1ed5 Bi\u1ebfn C\u1ee7a Th\u1ea3m HT-800-07<\/strong><\/h3>\n<ul data-start=\"3722\" data-end=\"3936\">\n<li data-start=\"3722\" data-end=\"3779\">\n<p data-start=\"3724\" data-end=\"3779\">Ph\u00f9 h\u1ee3p cho\u00a0<strong data-start=\"3736\" data-end=\"3779\">c\u00e1c kh\u00e1ch s\u1ea1n ti\u00eau chu\u1ea9n t\u1eeb 3 \u0111\u1ebfn 5 sao<\/strong><\/p>\n<\/li>\n<li data-start=\"3780\" data-end=\"3834\">\n<p data-start=\"3782\" data-end=\"3834\">Kh\u00f4ng gian n\u1ed9i th\u1ea5t chung c\u01b0 cao c\u1ea5p, khu ngh\u1ec9 d\u01b0\u1ee1ng<\/p>\n<\/li>\n<li data-start=\"3835\" data-end=\"3892\">\n<p data-start=\"3837\" data-end=\"3892\">Trung t\u00e2m h\u1ed9i ngh\u1ecb, trung t\u00e2m th\u01b0\u01a1ng m\u1ea1i, ph\u00f2ng h\u1ecdp l\u1edbn<\/p>\n<\/li>\n<li data-start=\"3893\" data-end=\"3936\">\n<p data-start=\"3895\" data-end=\"3936\">Kh\u00f4ng gian spa, salon, th\u01b0 vi\u1ec7n kh\u00e1ch s\u1ea1n<\/p>\n<\/li>\n<\/ul>\n<figure id=\"attachment_1170\" class=\"wp-caption aligncenter\" aria-describedby=\"caption-attachment-1170\"><figcaption id=\"caption-attachment-1170\" class=\"wp-caption-text\">Th\u1ea3m tr\u1ea3i s\u00e0n kh\u00e1ch s\u1ea1n HT-800-07<\/figcaption><\/figure>\n<h3 data-start=\"3943\" data-end=\"3999\"><\/h3>\n","protected":false},"excerpt":{"rendered":"<h2 data-start=\"4031\" data-end=\"4063\">Th\u00f4ng s\u1ed1 k\u1ef9 thu\u1eadt chi ti\u1ebft<\/h2>\n<div class=\"_tableContainer_16hzy_1\">\n<div class=\"_tableWrapper_16hzy_14 group flex w-fit flex-col-reverse\" tabindex=\"-1\">\n<table class=\"w-fit min-w-(--thread-content-width)\" data-start=\"4065\" data-end=\"4694\">\n<thead data-start=\"4065\" data-end=\"4134\">\n<tr data-start=\"4065\" data-end=\"4134\">\n<th data-start=\"4065\" data-end=\"4089\" data-col-size=\"sm\">Th\u00f4ng s\u1ed1<\/th>\n<th data-start=\"4089\" data-end=\"4134\" data-col-size=\"sm\">Chi ti\u1ebft<\/th>\n<\/tr>\n<\/thead>\n<tbody data-start=\"4205\" data-end=\"4694\">\n<tr data-start=\"4205\" data-end=\"4274\">\n<td data-start=\"4205\" data-end=\"4229\" data-col-size=\"sm\">Ch\u1ea5t li\u1ec7u s\u1ee3i<\/td>\n<td data-start=\"4229\" data-end=\"4274\" data-col-size=\"sm\">100% S\u1ee3i Nylon 6<\/td>\n<\/tr>\n<tr data-start=\"4275\" data-end=\"4344\">\n<td data-start=\"4275\" data-end=\"4299\" data-col-size=\"sm\">Ki\u1ec3u d\u1ec7t<\/td>\n<td data-start=\"4299\" data-end=\"4344\" data-col-size=\"sm\">Cut Pile<\/td>\n<\/tr>\n<tr data-start=\"4345\" data-end=\"4414\">\n<td data-start=\"4345\" data-end=\"4369\" data-col-size=\"sm\">M\u1eadt \u0111\u1ed9 s\u1ee3i<\/td>\n<td data-start=\"4369\" data-end=\"4414\" data-col-size=\"sm\">1000 gram\/m\u00b2<\/td>\n<\/tr>\n<tr data-start=\"4415\" data-end=\"4484\">\n<td data-start=\"4415\" data-end=\"4439\" data-col-size=\"sm\">T\u1ed5ng chi\u1ec1u cao<\/td>\n<td data-start=\"4439\" data-end=\"4484\" data-col-size=\"sm\">9mm (\u00b15%)<\/td>\n<\/tr>\n<tr data-start=\"4485\" data-end=\"4554\">\n<td data-start=\"4485\" data-end=\"4509\" data-col-size=\"sm\">Chi\u1ec1u cao s\u1ee3i<\/td>\n<td data-start=\"4509\" data-end=\"4554\" data-col-size=\"sm\">6mm (\u00b15%)<\/td>\n<\/tr>\n<tr data-start=\"4555\" data-end=\"4624\">\n<td data-start=\"4555\" data-end=\"4579\" data-col-size=\"sm\">Kh\u1ed5 th\u1ea3m<\/td>\n<td data-start=\"4579\" data-end=\"4624\" data-col-size=\"sm\">3.66m ho\u1eb7c 4.00m<\/td>\n<\/tr>\n<tr data-start=\"4625\" data-end=\"4694\">\n<td data-start=\"4625\" data-end=\"4649\" data-col-size=\"sm\">Lo\u1ea1i \u0111\u1ebf<\/td>\n<td data-start=\"4649\" data-end=\"4694\" data-col-size=\"sm\">PP Woven \u2013 Ch\u1ed1ng tr\u01b0\u1ee3t, d\u1ec5 thi c\u00f4ng<\/td>\n<\/tr>\n<\/tbody>\n<\/table>\n<div class=\"sticky end-(--thread-content-margin) h-0 self-end select-none\">\n<div class=\"absolute end-0 flex items-end\"><\/div>\n<\/div>\n<\/div>\n<\/div>\n","protected":false},"featured_media":946,"comment_status":"open","ping_status":"closed","template":"","meta":[],"product_cat":[150],"product_tag":[188,152,163,189,190,191],"class_list":{"0":"post-943","1":"product","2":"type-product","3":"status-publish","4":"has-post-thumbnail","6":"product_cat-tham-khach-san","7":"product_tag-tham-chong-truot-pp-woven","8":"product_tag-tham-cut-pile","9":"product_tag-tham-khach-san-cao-cap","10":"product_tag-tham-loi-vao-khach-san","11":"product_tag-tham-trai-san-soi-nylon","12":"product_tag-tham-trang-tri-sanh","14":"first","15":"instock","16":"sale","17":"shipping-taxable","18":"purchasable","19":"product-type-simple"},"yoast_head":"<!-- This site is optimized with the Yoast SEO Premium plugin v20.12 (Yoast SEO v20.12) - https:\/\/yoast.com\/wordpress\/plugins\/seo\/ -->\n<title>Th\u1ea3m Tr\u1ea3i S\u00e0n Kh\u00e1ch S\u1ea1n HT-800-07 sang tr\u1ecdng v\u00e0 tinh t\u1ebf<\/title>\n<meta name=\"description\" content=\"Th\u1ea3m tr\u1ea3i s\u00e0n \u0111\u01b0\u1eddng d\u1eabn l\u00e0 s\u1ea3n ph\u1ea9m cao c\u1ea5p \u0111em l\u1ea1i c\u1ea3m gi\u00e1c sang tr\u1ecdng tinh t\u1ebf \u0111\u00e1p \u1ee9ng \u0111\u01b0\u1ee3c ti\u00eau ch\u00ed kh\u1eaft khe v\u1ec1 th\u1ea9m m\u1ef9, t\u00ednh an to\u00e0n th\u00e2n thi\u1ec7n\" \/>\n<meta name=\"robots\" content=\"index, follow, max-snippet:-1, max-image-preview:large, max-video-preview:-1\" \/>\n<link rel=\"canonical\" href=\"https:\/\/thamtraisanvanphong.com.vn\/?product=thamtraisankhachsanht800-07\" \/>\n<meta property=\"og:locale\" content=\"vi_VN\" \/>\n<meta property=\"og:type\" content=\"article\" \/>\n<meta property=\"og:title\" content=\"Th\u1ea3m Tr\u1ea3i S\u00e0n Kh\u00e1ch S\u1ea1n HT-800-07\" \/>\n<meta property=\"og:description\" content=\"Th\u1ea3m tr\u1ea3i s\u00e0n \u0111\u01b0\u1eddng d\u1eabn l\u00e0 s\u1ea3n ph\u1ea9m cao c\u1ea5p \u0111em l\u1ea1i c\u1ea3m gi\u00e1c sang tr\u1ecdng tinh t\u1ebf \u0111\u00e1p \u1ee9ng \u0111\u01b0\u1ee3c ti\u00eau ch\u00ed kh\u1eaft khe v\u1ec1 th\u1ea9m m\u1ef9, t\u00ednh an to\u00e0n th\u00e2n thi\u1ec7n\" \/>\n<meta property=\"og:url\" content=\"https:\/\/thamtraisanvanphong.com.vn\/?product=thamtraisankhachsanht800-07\" \/>\n<meta property=\"og:site_name\" content=\"Thamtraisan\" \/>\n<meta property=\"article:modified_time\" content=\"2026-04-18T13:35:09+00:00\" \/>\n<meta property=\"og:image\" content=\"https:\/\/thamtraisanvanphong.com.vn\/wp-content\/uploads\/2026\/04\/Tham-khach-san-HT-800-07.png\" \/>\n\t<meta property=\"og:image:width\" content=\"320\" \/>\n\t<meta property=\"og:image:height\" content=\"323\" \/>\n\t<meta property=\"og:image:type\" content=\"image\/png\" \/>\n<meta name=\"twitter:card\" content=\"summary_large_image\" \/>\n<meta name=\"twitter:label1\" content=\"\u01af\u1edbc t\u00ednh th\u1eddi gian \u0111\u1ecdc\" \/>\n\t<meta name=\"twitter:data1\" content=\"3 ph\u00fat\" \/>\n<script type=\"application\/ld+json\" class=\"yoast-schema-graph\">{\"@context\":\"https:\/\/schema.org\",\"@graph\":[{\"@type\":\"WebPage\",\"@id\":\"https:\/\/thamtraisanvanphong.com.vn\/?product=thamtraisankhachsanht800-07\",\"url\":\"https:\/\/thamtraisanvanphong.com.vn\/?product=thamtraisankhachsanht800-07\",\"name\":\"Th\u1ea3m Tr\u1ea3i S\u00e0n Kh\u00e1ch S\u1ea1n HT-800-07 sang tr\u1ecdng v\u00e0 tinh t\u1ebf\",\"isPartOf\":{\"@id\":\"https:\/\/thamtraisanvanphong.com.vn\/#website\"},\"datePublished\":\"2026-04-18T13:31:54+00:00\",\"dateModified\":\"2026-04-18T13:35:09+00:00\",\"description\":\"Th\u1ea3m tr\u1ea3i s\u00e0n \u0111\u01b0\u1eddng d\u1eabn l\u00e0 s\u1ea3n ph\u1ea9m cao c\u1ea5p \u0111em l\u1ea1i c\u1ea3m gi\u00e1c sang tr\u1ecdng tinh t\u1ebf \u0111\u00e1p \u1ee9ng \u0111\u01b0\u1ee3c ti\u00eau ch\u00ed kh\u1eaft khe v\u1ec1 th\u1ea9m m\u1ef9, t\u00ednh an to\u00e0n th\u00e2n thi\u1ec7n\",\"breadcrumb\":{\"@id\":\"https:\/\/thamtraisanvanphong.com.vn\/?product=thamtraisankhachsanht800-07#breadcrumb\"},\"inLanguage\":\"vi\",\"potentialAction\":[{\"@type\":\"ReadAction\",\"target\":[\"https:\/\/thamtraisanvanphong.com.vn\/?product=thamtraisankhachsanht800-07\"]}]},{\"@type\":\"BreadcrumbList\",\"@id\":\"https:\/\/thamtraisanvanphong.com.vn\/?product=thamtraisankhachsanht800-07#breadcrumb\",\"itemListElement\":[{\"@type\":\"ListItem\",\"position\":1,\"name\":\"Home\",\"item\":\"https:\/\/thamtraisanvanphong.com.vn\/\"},{\"@type\":\"ListItem\",\"position\":2,\"name\":\"C\u1eeda h\u00e0ng\",\"item\":\"https:\/\/thamtraisanvanphong.com.vn\/?page_id=10\"},{\"@type\":\"ListItem\",\"position\":3,\"name\":\"Th\u1ea3m Tr\u1ea3i S\u00e0n Kh\u00e1ch S\u1ea1n HT-800-07\"}]},{\"@type\":\"WebSite\",\"@id\":\"https:\/\/thamtraisanvanphong.com.vn\/#website\",\"url\":\"https:\/\/thamtraisanvanphong.com.vn\/\",\"name\":\"Thamtraisan\",\"description\":\"Thamtraisangiare\",\"potentialAction\":[{\"@type\":\"SearchAction\",\"target\":{\"@type\":\"EntryPoint\",\"urlTemplate\":\"https:\/\/thamtraisanvanphong.com.vn\/?s={search_term_string}\"},\"query-input\":\"required name=search_term_string\"}],\"inLanguage\":\"vi\"}]}<\/script>\n<!-- \/ Yoast SEO Premium plugin. -->","yoast_head_json":{"title":"Th\u1ea3m Tr\u1ea3i S\u00e0n Kh\u00e1ch S\u1ea1n HT-800-07 sang tr\u1ecdng v\u00e0 tinh t\u1ebf","description":"Th\u1ea3m tr\u1ea3i s\u00e0n \u0111\u01b0\u1eddng d\u1eabn l\u00e0 s\u1ea3n ph\u1ea9m cao c\u1ea5p \u0111em l\u1ea1i c\u1ea3m gi\u00e1c sang tr\u1ecdng tinh t\u1ebf \u0111\u00e1p \u1ee9ng \u0111\u01b0\u1ee3c ti\u00eau ch\u00ed kh\u1eaft khe v\u1ec1 th\u1ea9m m\u1ef9, t\u00ednh an to\u00e0n th\u00e2n thi\u1ec7n","robots":{"index":"index","follow":"follow","max-snippet":"max-snippet:-1","max-image-preview":"max-image-preview:large","max-video-preview":"max-video-preview:-1"},"canonical":"https:\/\/thamtraisanvanphong.com.vn\/?product=thamtraisankhachsanht800-07","og_locale":"vi_VN","og_type":"article","og_title":"Th\u1ea3m Tr\u1ea3i S\u00e0n Kh\u00e1ch S\u1ea1n HT-800-07","og_description":"Th\u1ea3m tr\u1ea3i s\u00e0n \u0111\u01b0\u1eddng d\u1eabn l\u00e0 s\u1ea3n ph\u1ea9m cao c\u1ea5p \u0111em l\u1ea1i c\u1ea3m gi\u00e1c sang tr\u1ecdng tinh t\u1ebf \u0111\u00e1p \u1ee9ng \u0111\u01b0\u1ee3c ti\u00eau ch\u00ed kh\u1eaft khe v\u1ec1 th\u1ea9m m\u1ef9, t\u00ednh an to\u00e0n th\u00e2n thi\u1ec7n","og_url":"https:\/\/thamtraisanvanphong.com.vn\/?product=thamtraisankhachsanht800-07","og_site_name":"Thamtraisan","article_modified_time":"2026-04-18T13:35:09+00:00","og_image":[{"width":320,"height":323,"url":"https:\/\/thamtraisanvanphong.com.vn\/wp-content\/uploads\/2026\/04\/Tham-khach-san-HT-800-07.png","type":"image\/png"}],"twitter_card":"summary_large_image","twitter_misc":{"\u01af\u1edbc t\u00ednh th\u1eddi gian \u0111\u1ecdc":"3 ph\u00fat"},"schema":{"@context":"https:\/\/schema.org","@graph":[{"@type":"WebPage","@id":"https:\/\/thamtraisanvanphong.com.vn\/?product=thamtraisankhachsanht800-07","url":"https:\/\/thamtraisanvanphong.com.vn\/?product=thamtraisankhachsanht800-07","name":"Th\u1ea3m Tr\u1ea3i S\u00e0n Kh\u00e1ch S\u1ea1n HT-800-07 sang tr\u1ecdng v\u00e0 tinh t\u1ebf","isPartOf":{"@id":"https:\/\/thamtraisanvanphong.com.vn\/#website"},"datePublished":"2026-04-18T13:31:54+00:00","dateModified":"2026-04-18T13:35:09+00:00","description":"Th\u1ea3m tr\u1ea3i s\u00e0n \u0111\u01b0\u1eddng d\u1eabn l\u00e0 s\u1ea3n ph\u1ea9m cao c\u1ea5p \u0111em l\u1ea1i c\u1ea3m gi\u00e1c sang tr\u1ecdng tinh t\u1ebf \u0111\u00e1p \u1ee9ng \u0111\u01b0\u1ee3c ti\u00eau ch\u00ed kh\u1eaft khe v\u1ec1 th\u1ea9m m\u1ef9, t\u00ednh an to\u00e0n th\u00e2n thi\u1ec7n","breadcrumb":{"@id":"https:\/\/thamtraisanvanphong.com.vn\/?product=thamtraisankhachsanht800-07#breadcrumb"},"inLanguage":"vi","potentialAction":[{"@type":"ReadAction","target":["https:\/\/thamtraisanvanphong.com.vn\/?product=thamtraisankhachsanht800-07"]}]},{"@type":"BreadcrumbList","@id":"https:\/\/thamtraisanvanphong.com.vn\/?product=thamtraisankhachsanht800-07#breadcrumb","itemListElement":[{"@type":"ListItem","position":1,"name":"Home","item":"https:\/\/thamtraisanvanphong.com.vn\/"},{"@type":"ListItem","position":2,"name":"C\u1eeda h\u00e0ng","item":"https:\/\/thamtraisanvanphong.com.vn\/?page_id=10"},{"@type":"ListItem","position":3,"name":"Th\u1ea3m Tr\u1ea3i S\u00e0n Kh\u00e1ch S\u1ea1n HT-800-07"}]},{"@type":"WebSite","@id":"https:\/\/thamtraisanvanphong.com.vn\/#website","url":"https:\/\/thamtraisanvanphong.com.vn\/","name":"Thamtraisan","description":"Thamtraisangiare","potentialAction":[{"@type":"SearchAction","target":{"@type":"EntryPoint","urlTemplate":"https:\/\/thamtraisanvanphong.com.vn\/?s={search_term_string}"},"query-input":"required name=search_term_string"}],"inLanguage":"vi"}]}},"_links":{"self":[{"href":"https:\/\/thamtraisanvanphong.com.vn\/index.php?rest_route=\/wp\/v2\/product\/943","targetHints":{"allow":["GET"]}}],"collection":[{"href":"https:\/\/thamtraisanvanphong.com.vn\/index.php?rest_route=\/wp\/v2\/product"}],"about":[{"href":"https:\/\/thamtraisanvanphong.com.vn\/index.php?rest_route=\/wp\/v2\/types\/product"}],"replies":[{"embeddable":true,"href":"https:\/\/thamtraisanvanphong.com.vn\/index.php?rest_route=%2Fwp%2Fv2%2Fcomments&post=943"}],"wp:featuredmedia":[{"embeddable":true,"href":"https:\/\/thamtraisanvanphong.com.vn\/index.php?rest_route=\/wp\/v2\/media\/946"}],"wp:attachment":[{"href":"https:\/\/thamtraisanvanphong.com.vn\/index.php?rest_route=%2Fwp%2Fv2%2Fmedia&parent=943"}],"wp:term":[{"taxonomy":"product_cat","embeddable":true,"href":"https:\/\/thamtraisanvanphong.com.vn\/index.php?rest_route=%2Fwp%2Fv2%2Fproduct_cat&post=943"},{"taxonomy":"product_tag","embeddable":true,"href":"https:\/\/thamtraisanvanphong.com.vn\/index.php?rest_route=%2Fwp%2Fv2%2Fproduct_tag&post=943"}],"curies":[{"name":"wp","href":"https:\/\/api.w.org\/{rel}","templated":true}]}}