{"id":944,"date":"2026-04-18T20:31:57","date_gmt":"2026-04-18T13:31:57","guid":{"rendered":"https:\/\/thamtraisanvanphong.com.vn\/?post_type=product&#038;p=944"},"modified":"2026-04-18T20:38:11","modified_gmt":"2026-04-18T13:38:11","slug":"tham-trai-san-khach-san-ht-800-08","status":"publish","type":"product","link":"https:\/\/thamtraisanvanphong.com.vn\/?product=tham-trai-san-khach-san-ht-800-08","title":{"rendered":"Th\u1ea3m Tr\u1ea3i S\u00e0n Kh\u00e1ch S\u1ea1n HT-800-08"},"content":{"rendered":"<h3 data-start=\"907\" data-end=\"999\"><strong data-start=\"911\" data-end=\"999\">Th\u1ea3m Tr\u1ea3i S\u00e0n Kh\u00e1ch S\u1ea1n HT-800-08 \u2013 H\u01a1i Th\u1edf T\u1ef1 Nhi\u00ean Trong Thi\u1ebft K\u1ebf N\u1ed9i Th\u1ea5t \u0110\u1eb3ng C\u1ea5p<\/strong><\/h3>\n<p data-start=\"1103\" data-end=\"1544\">Trong b\u1ed1i c\u1ea3nh ng\u00e0nh l\u01b0u tr\u00fa \u0111ang ng\u00e0y c\u00e0ng ch\u00fa tr\u1ecdng \u0111\u1ebfn tr\u1ea3i nghi\u1ec7m kh\u00e1ch h\u00e0ng, kh\u00f4ng gian n\u1ed9i th\u1ea5t kh\u00e1ch s\u1ea1n \u0111\u00f2i h\u1ecfi s\u1ef1 \u0111\u1ea7u t\u01b0 ch\u1ec9n chu t\u1eeb \u00e1nh s\u00e1ng, m\u00f9i h\u01b0\u01a1ng \u0111\u1ebfn t\u1eebng chi ti\u1ebft nh\u01b0 ch\u1ea5t li\u1ec7u s\u00e0n.\u00a0<strong data-start=\"1302\" data-end=\"1338\">Th\u1ea3m tr\u1ea3i s\u00e0n kh\u00e1ch s\u1ea1n HT-800-08<\/strong>\u00a0ra \u0111\u1eddi nh\u01b0 m\u1ed9t \u0111i\u1ec3m nh\u1ea5n ngh\u1ec7 thu\u1eadt, k\u1ebft h\u1ee3p h\u00e0i h\u00f2a gi\u1eefa\u00a0<strong data-start=\"1397\" data-end=\"1421\">c\u1ea3m h\u1ee9ng thi\u00ean nhi\u00ean<\/strong>\u00a0v\u00e0 c\u00f4ng n\u0103ng v\u01b0\u1ee3t tr\u1ed9i, x\u1ee9ng \u0111\u00e1ng l\u00e0 l\u1ef1a ch\u1ecdn ho\u00e0n h\u1ea3o cho c\u00e1c kh\u00e1ch s\u1ea1n cao c\u1ea5p, resort hay khu ngh\u1ec9 d\u01b0\u1ee1ng chu\u1ea9n 4\u20135 sao.<\/p>\n<p data-start=\"1103\" data-end=\"1544\">\u00a0<strong data-start=\"1558\" data-end=\"1627\">Hoa V\u0103n Tr\u00f2n C\u00e1ch \u0110i\u1ec7u \u2013 Bi\u1ec3u T\u01b0\u1ee3ng C\u1ee7a S\u1ef1 M\u1edf R\u1ed9ng V\u00e0 Th\u1ecbnh V\u01b0\u1ee3ng<\/strong><\/p>\n<p data-start=\"1629\" data-end=\"1948\">H\u1ecda ti\u1ebft ch\u00ednh c\u1ee7a th\u1ea3m HT-800-08 l\u00e0 nh\u1eefng h\u00ecnh tr\u00f2n c\u00e1ch \u0111i\u1ec7u g\u1ee3i li\u00ean t\u01b0\u1edfng \u0111\u1ebfn hoa b\u1ed3 c\u00f4ng anh hay ph\u00e1o hoa \u0111ang bung n\u1edf, t\u01b0\u1ee3ng tr\u01b0ng cho s\u1ef1 lan t\u1ecfa, \u0111\u00f3n nh\u1eadn v\u00e0 th\u1ecbnh v\u01b0\u1ee3ng.\u00a0<strong data-start=\"1806\" data-end=\"1834\">Gam m\u00e0u n\u00e2u tr\u1ea7m l\u00e0m n\u1ec1n<\/strong>, k\u1ebft h\u1ee3p c\u00f9ng c\u00e1c \u0111i\u1ec3m nh\u1ea5n\u00a0<strong data-start=\"1863\" data-end=\"1888\">cam v\u00e0ng, xanh c\u1ed5 v\u1ecbt<\/strong>\u00a0t\u1ea1o n\u00ean chi\u1ec1u s\u00e2u th\u1ecb gi\u00e1c v\u00e0 c\u1ea3m gi\u00e1c \u1ea5m \u00e1p \u2013 sang tr\u1ecdng.<\/p>\n<p data-start=\"1950\" data-end=\"1994\">Thi\u1ebft k\u1ebf n\u00e0y c\u1ef1c k\u1ef3 ph\u00f9 h\u1ee3p v\u1edbi c\u00e1c khu v\u1ef1c:<\/p>\n<ul data-start=\"1995\" data-end=\"2083\">\n<li data-start=\"1995\" data-end=\"2015\">\n<p data-start=\"1997\" data-end=\"2015\">Ph\u00f2ng ngh\u1ec9 cao c\u1ea5p<\/p>\n<\/li>\n<li data-start=\"2016\" data-end=\"2046\">\n<p data-start=\"2018\" data-end=\"2046\">H\u00e0nh lang c\u00e1c t\u1ea7ng kh\u00e1ch s\u1ea1n<\/p>\n<\/li>\n<li data-start=\"2047\" data-end=\"2067\">\n<p data-start=\"2049\" data-end=\"2067\">Khu v\u1ef1c ch\u1edd lounge<\/p>\n<\/li>\n<li data-start=\"2068\" data-end=\"2083\">\n<p data-start=\"2070\" data-end=\"2083\">Ph\u00f2ng h\u1ecdp VIP<\/p>\n<\/li>\n<\/ul>\n<h3 data-start=\"2090\" data-end=\"2151\"><strong data-start=\"2097\" data-end=\"2151\">Ch\u1ea5t Li\u1ec7u Nylon 6 \u2013 \u0110\u1ec9nh Cao C\u1ee7a \u0110\u1ed9 B\u1ec1n V\u00e0 M\u1ec1m M\u1ea1i<\/strong><\/h3>\n<p data-start=\"2153\" data-end=\"2245\">S\u1ee3i\u00a0<strong data-start=\"2157\" data-end=\"2168\">Nylon 6<\/strong>\u00a0l\u00e0 lo\u1ea1i s\u1ee3i cao c\u1ea5p nh\u1ea5t hi\u1ec7n nay trong s\u1ea3n xu\u1ea5t th\u1ea3m, \u0111\u01b0\u1ee3c \u0111\u00e1nh gi\u00e1 cao v\u1ec1:<\/p>\n<ul data-start=\"2246\" data-end=\"2480\">\n<li data-start=\"2246\" data-end=\"2338\">\n<p data-start=\"2248\" data-end=\"2338\"><strong data-start=\"2248\" data-end=\"2282\">Kh\u1ea3 n\u0103ng ch\u1ed1ng m\u00e0i m\u00f2n c\u1ef1c t\u1ed1t<\/strong>\u00a0\u2013 l\u00fd t\u01b0\u1edfng cho khu v\u1ef1c c\u00f3 l\u01b0u l\u01b0\u1ee3ng ng\u01b0\u1eddi qua l\u1ea1i nhi\u1ec1u<\/p>\n<\/li>\n<li data-start=\"2339\" data-end=\"2398\">\n<p data-start=\"2341\" data-end=\"2398\"><strong data-start=\"2341\" data-end=\"2359\">\u0110\u1ed9 \u0111\u00e0n h\u1ed3i cao<\/strong>, kh\u00f4ng b\u1ecb l\u00f5m, x\u1eb9p khi s\u1eed d\u1ee5ng l\u00e2u d\u00e0i<\/p>\n<\/li>\n<li data-start=\"2399\" data-end=\"2480\">\n<p data-start=\"2401\" data-end=\"2480\"><strong data-start=\"2401\" data-end=\"2431\">Ch\u1ed1ng b\u00e1m b\u1ee5i, d\u1ec5 l\u00e0m s\u1ea1ch<\/strong>\u00a0\u2013 h\u1ed7 tr\u1ee3 t\u1ed1t cho \u0111\u1ed9i ng\u0169 v\u1ec7 sinh trong kh\u00e1ch s\u1ea1n<\/p>\n<\/li>\n<\/ul>\n<h3 data-start=\"2487\" data-end=\"2549\">\u00a0<strong data-start=\"2494\" data-end=\"2549\">\u0110\u1ebf PP Woven \u2013 B\u00e1m D\u00ednh Ch\u1eafc Ch\u1eafn, T\u0103ng T\u00ednh An To\u00e0n<\/strong><\/h3>\n<p data-start=\"2551\" data-end=\"2794\">C\u1ea5u tr\u00fac \u0111\u1ebf\u00a0<strong data-start=\"2563\" data-end=\"2575\">PP Woven<\/strong>\u00a0ch\u1ed1ng tr\u01b0\u1ee3t v\u00e0 c\u1ed1 \u0111\u1ecbnh th\u1ea3m hi\u1ec7u qu\u1ea3 tr\u00ean s\u00e0n b\u00ea t\u00f4ng, s\u00e0n g\u1ed7, s\u00e0n g\u1ea1ch. \u0110\u00e2y l\u00e0 y\u1ebfu t\u1ed1 r\u1ea5t quan tr\u1ecdng trong m\u00f4i tr\u01b0\u1eddng kh\u00e1ch s\u1ea1n, n\u01a1i c\u1ea7n \u0111\u1ea3m b\u1ea3o an to\u00e0n tuy\u1ec7t \u0111\u1ed1i cho kh\u00e1ch h\u00e0ng, \u0111\u1eb7c bi\u1ec7t l\u00e0 tr\u1ebb nh\u1ecf v\u00e0 ng\u01b0\u1eddi cao tu\u1ed5i.<\/p>\n<h3 data-start=\"2801\" data-end=\"2852\">\u00a0<strong data-start=\"2808\" data-end=\"2852\">Ki\u1ec3u D\u1ec7t Cut Pile \u2013 \u00cam \u00c1i T\u1eebng B\u01b0\u1edbc Ch\u00e2n<\/strong><\/h3>\n<p data-start=\"2854\" data-end=\"3094\">V\u1edbi c\u1ea5u tr\u00fac\u00a0<strong data-start=\"2867\" data-end=\"2879\">Cut Pile<\/strong>, c\u00e1c s\u1ee3i th\u1ea3m \u0111\u01b0\u1ee3c c\u1eaft ngang gi\u00fap b\u1ec1 m\u1eb7t m\u1ec1m m\u1ea1i v\u00e0 tho\u1ea3i m\u00e1i khi ti\u1ebfp x\u00fac tr\u1ef1c ti\u1ebfp. \u0110\u1ed3ng th\u1eddi, c\u1ea5u tr\u00fac n\u00e0y c\u00f2n gi\u00fap\u00a0<strong data-start=\"2999\" data-end=\"3025\">gi\u1ea3m ti\u1ebfng \u1ed3n hi\u1ec7u qu\u1ea3<\/strong>, mang l\u1ea1i s\u1ef1 y\u00ean t\u0129nh c\u1ea7n thi\u1ebft trong kh\u00f4ng gian ngh\u1ec9 d\u01b0\u1ee1ng cao c\u1ea5p.<\/p>\n<h3 data-start=\"3801\" data-end=\"3864\">\u00a0<strong data-start=\"3808\" data-end=\"3864\">\u1ee8ng D\u1ee5ng L\u00fd T\u01b0\u1edfng Cho M\u1ecdi Kh\u00f4ng Gian L\u01b0u Tr\u00fa Cao C\u1ea5p<\/strong><\/h3>\n<ul data-start=\"3866\" data-end=\"3984\">\n<li data-start=\"3866\" data-end=\"3894\">\n<p data-start=\"3868\" data-end=\"3894\">H\u1ec7 th\u1ed1ng kh\u00e1ch s\u1ea1n 3\u20135 sao<\/p>\n<\/li>\n<li data-start=\"3895\" data-end=\"3918\">\n<p data-start=\"3897\" data-end=\"3918\">Khu resort ngh\u1ec9 d\u01b0\u1ee1ng<\/p>\n<\/li>\n<li data-start=\"3919\" data-end=\"3958\">\n<p data-start=\"3921\" data-end=\"3958\">Trung t\u00e2m h\u1ed9i ngh\u1ecb \u2013 h\u1ed9i th\u1ea3o cao c\u1ea5p<\/p>\n<\/li>\n<li data-start=\"3959\" data-end=\"3984\">\n<p data-start=\"3961\" data-end=\"3984\">C\u0103n h\u1ed9 cho thu\u00ea d\u1ecbch v\u1ee5<\/p>\n<\/li>\n<\/ul>\n","protected":false},"excerpt":{"rendered":"<h2 data-start=\"4031\" data-end=\"4063\">Th\u00f4ng s\u1ed1 k\u1ef9 thu\u1eadt chi ti\u1ebft<\/h2>\n<div class=\"_tableContainer_16hzy_1\">\n<div class=\"_tableWrapper_16hzy_14 group flex w-fit flex-col-reverse\" tabindex=\"-1\">\n<table class=\"w-fit min-w-(--thread-content-width)\" data-start=\"4065\" data-end=\"4694\">\n<thead data-start=\"4065\" data-end=\"4134\">\n<tr data-start=\"4065\" data-end=\"4134\">\n<th data-start=\"4065\" data-end=\"4089\" data-col-size=\"sm\">Th\u00f4ng s\u1ed1<\/th>\n<th data-start=\"4089\" data-end=\"4134\" data-col-size=\"sm\">Chi ti\u1ebft<\/th>\n<\/tr>\n<\/thead>\n<tbody data-start=\"4205\" data-end=\"4694\">\n<tr data-start=\"4205\" data-end=\"4274\">\n<td data-start=\"4205\" data-end=\"4229\" data-col-size=\"sm\">Ch\u1ea5t li\u1ec7u s\u1ee3i<\/td>\n<td data-start=\"4229\" data-end=\"4274\" data-col-size=\"sm\">100% S\u1ee3i Nylon 6<\/td>\n<\/tr>\n<tr data-start=\"4275\" data-end=\"4344\">\n<td data-start=\"4275\" data-end=\"4299\" data-col-size=\"sm\">Ki\u1ec3u d\u1ec7t<\/td>\n<td data-start=\"4299\" data-end=\"4344\" data-col-size=\"sm\">Cut Pile<\/td>\n<\/tr>\n<tr data-start=\"4345\" data-end=\"4414\">\n<td data-start=\"4345\" data-end=\"4369\" data-col-size=\"sm\">M\u1eadt \u0111\u1ed9 s\u1ee3i<\/td>\n<td data-start=\"4369\" data-end=\"4414\" data-col-size=\"sm\">1000 gram\/m\u00b2<\/td>\n<\/tr>\n<tr data-start=\"4415\" data-end=\"4484\">\n<td data-start=\"4415\" data-end=\"4439\" data-col-size=\"sm\">T\u1ed5ng chi\u1ec1u cao<\/td>\n<td data-start=\"4439\" data-end=\"4484\" data-col-size=\"sm\">9mm (\u00b15%)<\/td>\n<\/tr>\n<tr data-start=\"4485\" data-end=\"4554\">\n<td data-start=\"4485\" data-end=\"4509\" data-col-size=\"sm\">Chi\u1ec1u cao s\u1ee3i<\/td>\n<td data-start=\"4509\" data-end=\"4554\" data-col-size=\"sm\">6mm (\u00b15%)<\/td>\n<\/tr>\n<tr data-start=\"4555\" data-end=\"4624\">\n<td data-start=\"4555\" data-end=\"4579\" data-col-size=\"sm\">Kh\u1ed5 th\u1ea3m<\/td>\n<td data-start=\"4579\" data-end=\"4624\" data-col-size=\"sm\">3.66m ho\u1eb7c 4.00m<\/td>\n<\/tr>\n<tr data-start=\"4625\" data-end=\"4694\">\n<td data-start=\"4625\" data-end=\"4649\" data-col-size=\"sm\">Lo\u1ea1i \u0111\u1ebf<\/td>\n<td data-start=\"4649\" data-end=\"4694\" data-col-size=\"sm\">PP Woven \u2013 Ch\u1ed1ng tr\u01b0\u1ee3t, d\u1ec5 thi c\u00f4ng<\/td>\n<\/tr>\n<\/tbody>\n<\/table>\n<div class=\"sticky end-(--thread-content-margin) h-0 self-end select-none\">\n<div class=\"absolute end-0 flex items-end\"><\/div>\n<\/div>\n<\/div>\n<\/div>\n","protected":false},"featured_media":947,"comment_status":"open","ping_status":"closed","template":"","meta":[],"product_cat":[150],"product_tag":[188,152,163,189,190,191],"class_list":{"0":"post-944","1":"product","2":"type-product","3":"status-publish","4":"has-post-thumbnail","6":"product_cat-tham-khach-san","7":"product_tag-tham-chong-truot-pp-woven","8":"product_tag-tham-cut-pile","9":"product_tag-tham-khach-san-cao-cap","10":"product_tag-tham-loi-vao-khach-san","11":"product_tag-tham-trai-san-soi-nylon","12":"product_tag-tham-trang-tri-sanh","14":"first","15":"instock","16":"sale","17":"shipping-taxable","18":"purchasable","19":"product-type-simple"},"yoast_head":"<!-- This site is optimized with the Yoast SEO Premium plugin v20.12 (Yoast SEO v20.12) - https:\/\/yoast.com\/wordpress\/plugins\/seo\/ -->\n<title>Th\u1ea3m Tr\u1ea3i S\u00e0n Kh\u00e1ch S\u1ea1n HT-800-08 sang tr\u1ecdng v\u00e0 tinh t\u1ebf<\/title>\n<meta name=\"description\" content=\"Th\u1ea3m tr\u1ea3i s\u00e0n \u0111\u01b0\u1eddng d\u1eabn l\u00e0 s\u1ea3n ph\u1ea9m cao c\u1ea5p \u0111em l\u1ea1i c\u1ea3m gi\u00e1c sang tr\u1ecdng tinh t\u1ebf \u0111\u00e1p \u1ee9ng \u0111\u01b0\u1ee3c ti\u00eau ch\u00ed kh\u1eaft khe v\u1ec1 th\u1ea9m m\u1ef9, t\u00ednh an to\u00e0n th\u00e2n thi\u1ec7n\" \/>\n<meta name=\"robots\" content=\"index, follow, max-snippet:-1, max-image-preview:large, max-video-preview:-1\" \/>\n<link rel=\"canonical\" href=\"https:\/\/thamtraisanvanphong.com.vn\/?product=tham-trai-san-khach-san-ht-800-08\" \/>\n<meta property=\"og:locale\" content=\"vi_VN\" \/>\n<meta property=\"og:type\" content=\"article\" \/>\n<meta property=\"og:title\" content=\"Th\u1ea3m Tr\u1ea3i S\u00e0n Kh\u00e1ch S\u1ea1n HT-800-08\" \/>\n<meta property=\"og:description\" content=\"Th\u1ea3m tr\u1ea3i s\u00e0n \u0111\u01b0\u1eddng d\u1eabn l\u00e0 s\u1ea3n ph\u1ea9m cao c\u1ea5p \u0111em l\u1ea1i c\u1ea3m gi\u00e1c sang tr\u1ecdng tinh t\u1ebf \u0111\u00e1p \u1ee9ng \u0111\u01b0\u1ee3c ti\u00eau ch\u00ed kh\u1eaft khe v\u1ec1 th\u1ea9m m\u1ef9, t\u00ednh an to\u00e0n th\u00e2n thi\u1ec7n\" \/>\n<meta property=\"og:url\" content=\"https:\/\/thamtraisanvanphong.com.vn\/?product=tham-trai-san-khach-san-ht-800-08\" \/>\n<meta property=\"og:site_name\" content=\"Thamtraisan\" \/>\n<meta property=\"article:modified_time\" content=\"2026-04-18T13:38:11+00:00\" \/>\n<meta property=\"og:image\" content=\"https:\/\/thamtraisanvanphong.com.vn\/wp-content\/uploads\/2026\/04\/Tham-khach-san-HT-800-08.png\" \/>\n\t<meta property=\"og:image:width\" content=\"318\" \/>\n\t<meta property=\"og:image:height\" content=\"316\" \/>\n\t<meta property=\"og:image:type\" content=\"image\/png\" \/>\n<meta name=\"twitter:card\" content=\"summary_large_image\" \/>\n<meta name=\"twitter:label1\" content=\"\u01af\u1edbc t\u00ednh th\u1eddi gian \u0111\u1ecdc\" \/>\n\t<meta name=\"twitter:data1\" content=\"3 ph\u00fat\" \/>\n<script type=\"application\/ld+json\" class=\"yoast-schema-graph\">{\"@context\":\"https:\/\/schema.org\",\"@graph\":[{\"@type\":\"WebPage\",\"@id\":\"https:\/\/thamtraisanvanphong.com.vn\/?product=tham-trai-san-khach-san-ht-800-08\",\"url\":\"https:\/\/thamtraisanvanphong.com.vn\/?product=tham-trai-san-khach-san-ht-800-08\",\"name\":\"Th\u1ea3m Tr\u1ea3i S\u00e0n Kh\u00e1ch S\u1ea1n HT-800-08 sang tr\u1ecdng v\u00e0 tinh t\u1ebf\",\"isPartOf\":{\"@id\":\"https:\/\/thamtraisanvanphong.com.vn\/#website\"},\"datePublished\":\"2026-04-18T13:31:57+00:00\",\"dateModified\":\"2026-04-18T13:38:11+00:00\",\"description\":\"Th\u1ea3m tr\u1ea3i s\u00e0n \u0111\u01b0\u1eddng d\u1eabn l\u00e0 s\u1ea3n ph\u1ea9m cao c\u1ea5p \u0111em l\u1ea1i c\u1ea3m gi\u00e1c sang tr\u1ecdng tinh t\u1ebf \u0111\u00e1p \u1ee9ng \u0111\u01b0\u1ee3c ti\u00eau ch\u00ed kh\u1eaft khe v\u1ec1 th\u1ea9m m\u1ef9, t\u00ednh an to\u00e0n th\u00e2n thi\u1ec7n\",\"breadcrumb\":{\"@id\":\"https:\/\/thamtraisanvanphong.com.vn\/?product=tham-trai-san-khach-san-ht-800-08#breadcrumb\"},\"inLanguage\":\"vi\",\"potentialAction\":[{\"@type\":\"ReadAction\",\"target\":[\"https:\/\/thamtraisanvanphong.com.vn\/?product=tham-trai-san-khach-san-ht-800-08\"]}]},{\"@type\":\"BreadcrumbList\",\"@id\":\"https:\/\/thamtraisanvanphong.com.vn\/?product=tham-trai-san-khach-san-ht-800-08#breadcrumb\",\"itemListElement\":[{\"@type\":\"ListItem\",\"position\":1,\"name\":\"Home\",\"item\":\"https:\/\/thamtraisanvanphong.com.vn\/\"},{\"@type\":\"ListItem\",\"position\":2,\"name\":\"C\u1eeda h\u00e0ng\",\"item\":\"https:\/\/thamtraisanvanphong.com.vn\/?page_id=10\"},{\"@type\":\"ListItem\",\"position\":3,\"name\":\"Th\u1ea3m Tr\u1ea3i S\u00e0n Kh\u00e1ch S\u1ea1n HT-800-08\"}]},{\"@type\":\"WebSite\",\"@id\":\"https:\/\/thamtraisanvanphong.com.vn\/#website\",\"url\":\"https:\/\/thamtraisanvanphong.com.vn\/\",\"name\":\"Thamtraisan\",\"description\":\"Thamtraisangiare\",\"potentialAction\":[{\"@type\":\"SearchAction\",\"target\":{\"@type\":\"EntryPoint\",\"urlTemplate\":\"https:\/\/thamtraisanvanphong.com.vn\/?s={search_term_string}\"},\"query-input\":\"required name=search_term_string\"}],\"inLanguage\":\"vi\"}]}<\/script>\n<!-- \/ Yoast SEO Premium plugin. -->","yoast_head_json":{"title":"Th\u1ea3m Tr\u1ea3i S\u00e0n Kh\u00e1ch S\u1ea1n HT-800-08 sang tr\u1ecdng v\u00e0 tinh t\u1ebf","description":"Th\u1ea3m tr\u1ea3i s\u00e0n \u0111\u01b0\u1eddng d\u1eabn l\u00e0 s\u1ea3n ph\u1ea9m cao c\u1ea5p \u0111em l\u1ea1i c\u1ea3m gi\u00e1c sang tr\u1ecdng tinh t\u1ebf \u0111\u00e1p \u1ee9ng \u0111\u01b0\u1ee3c ti\u00eau ch\u00ed kh\u1eaft khe v\u1ec1 th\u1ea9m m\u1ef9, t\u00ednh an to\u00e0n th\u00e2n thi\u1ec7n","robots":{"index":"index","follow":"follow","max-snippet":"max-snippet:-1","max-image-preview":"max-image-preview:large","max-video-preview":"max-video-preview:-1"},"canonical":"https:\/\/thamtraisanvanphong.com.vn\/?product=tham-trai-san-khach-san-ht-800-08","og_locale":"vi_VN","og_type":"article","og_title":"Th\u1ea3m Tr\u1ea3i S\u00e0n Kh\u00e1ch S\u1ea1n HT-800-08","og_description":"Th\u1ea3m tr\u1ea3i s\u00e0n \u0111\u01b0\u1eddng d\u1eabn l\u00e0 s\u1ea3n ph\u1ea9m cao c\u1ea5p \u0111em l\u1ea1i c\u1ea3m gi\u00e1c sang tr\u1ecdng tinh t\u1ebf \u0111\u00e1p \u1ee9ng \u0111\u01b0\u1ee3c ti\u00eau ch\u00ed kh\u1eaft khe v\u1ec1 th\u1ea9m m\u1ef9, t\u00ednh an to\u00e0n th\u00e2n thi\u1ec7n","og_url":"https:\/\/thamtraisanvanphong.com.vn\/?product=tham-trai-san-khach-san-ht-800-08","og_site_name":"Thamtraisan","article_modified_time":"2026-04-18T13:38:11+00:00","og_image":[{"width":318,"height":316,"url":"https:\/\/thamtraisanvanphong.com.vn\/wp-content\/uploads\/2026\/04\/Tham-khach-san-HT-800-08.png","type":"image\/png"}],"twitter_card":"summary_large_image","twitter_misc":{"\u01af\u1edbc t\u00ednh th\u1eddi gian \u0111\u1ecdc":"3 ph\u00fat"},"schema":{"@context":"https:\/\/schema.org","@graph":[{"@type":"WebPage","@id":"https:\/\/thamtraisanvanphong.com.vn\/?product=tham-trai-san-khach-san-ht-800-08","url":"https:\/\/thamtraisanvanphong.com.vn\/?product=tham-trai-san-khach-san-ht-800-08","name":"Th\u1ea3m Tr\u1ea3i S\u00e0n Kh\u00e1ch S\u1ea1n HT-800-08 sang tr\u1ecdng v\u00e0 tinh t\u1ebf","isPartOf":{"@id":"https:\/\/thamtraisanvanphong.com.vn\/#website"},"datePublished":"2026-04-18T13:31:57+00:00","dateModified":"2026-04-18T13:38:11+00:00","description":"Th\u1ea3m tr\u1ea3i s\u00e0n \u0111\u01b0\u1eddng d\u1eabn l\u00e0 s\u1ea3n ph\u1ea9m cao c\u1ea5p \u0111em l\u1ea1i c\u1ea3m gi\u00e1c sang tr\u1ecdng tinh t\u1ebf \u0111\u00e1p \u1ee9ng \u0111\u01b0\u1ee3c ti\u00eau ch\u00ed kh\u1eaft khe v\u1ec1 th\u1ea9m m\u1ef9, t\u00ednh an to\u00e0n th\u00e2n thi\u1ec7n","breadcrumb":{"@id":"https:\/\/thamtraisanvanphong.com.vn\/?product=tham-trai-san-khach-san-ht-800-08#breadcrumb"},"inLanguage":"vi","potentialAction":[{"@type":"ReadAction","target":["https:\/\/thamtraisanvanphong.com.vn\/?product=tham-trai-san-khach-san-ht-800-08"]}]},{"@type":"BreadcrumbList","@id":"https:\/\/thamtraisanvanphong.com.vn\/?product=tham-trai-san-khach-san-ht-800-08#breadcrumb","itemListElement":[{"@type":"ListItem","position":1,"name":"Home","item":"https:\/\/thamtraisanvanphong.com.vn\/"},{"@type":"ListItem","position":2,"name":"C\u1eeda h\u00e0ng","item":"https:\/\/thamtraisanvanphong.com.vn\/?page_id=10"},{"@type":"ListItem","position":3,"name":"Th\u1ea3m Tr\u1ea3i S\u00e0n Kh\u00e1ch S\u1ea1n HT-800-08"}]},{"@type":"WebSite","@id":"https:\/\/thamtraisanvanphong.com.vn\/#website","url":"https:\/\/thamtraisanvanphong.com.vn\/","name":"Thamtraisan","description":"Thamtraisangiare","potentialAction":[{"@type":"SearchAction","target":{"@type":"EntryPoint","urlTemplate":"https:\/\/thamtraisanvanphong.com.vn\/?s={search_term_string}"},"query-input":"required name=search_term_string"}],"inLanguage":"vi"}]}},"_links":{"self":[{"href":"https:\/\/thamtraisanvanphong.com.vn\/index.php?rest_route=\/wp\/v2\/product\/944","targetHints":{"allow":["GET"]}}],"collection":[{"href":"https:\/\/thamtraisanvanphong.com.vn\/index.php?rest_route=\/wp\/v2\/product"}],"about":[{"href":"https:\/\/thamtraisanvanphong.com.vn\/index.php?rest_route=\/wp\/v2\/types\/product"}],"replies":[{"embeddable":true,"href":"https:\/\/thamtraisanvanphong.com.vn\/index.php?rest_route=%2Fwp%2Fv2%2Fcomments&post=944"}],"wp:featuredmedia":[{"embeddable":true,"href":"https:\/\/thamtraisanvanphong.com.vn\/index.php?rest_route=\/wp\/v2\/media\/947"}],"wp:attachment":[{"href":"https:\/\/thamtraisanvanphong.com.vn\/index.php?rest_route=%2Fwp%2Fv2%2Fmedia&parent=944"}],"wp:term":[{"taxonomy":"product_cat","embeddable":true,"href":"https:\/\/thamtraisanvanphong.com.vn\/index.php?rest_route=%2Fwp%2Fv2%2Fproduct_cat&post=944"},{"taxonomy":"product_tag","embeddable":true,"href":"https:\/\/thamtraisanvanphong.com.vn\/index.php?rest_route=%2Fwp%2Fv2%2Fproduct_tag&post=944"}],"curies":[{"name":"wp","href":"https:\/\/api.w.org\/{rel}","templated":true}]}}