{"id":958,"date":"2026-04-19T20:52:45","date_gmt":"2026-04-19T13:52:45","guid":{"rendered":"https:\/\/thamtraisanvanphong.com.vn\/?post_type=product&#038;p=958"},"modified":"2026-04-19T20:56:19","modified_gmt":"2026-04-19T13:56:19","slug":"tham-su-kien-mau-do-do","status":"publish","type":"product","link":"https:\/\/thamtraisanvanphong.com.vn\/?product=tham-su-kien-mau-do-do","title":{"rendered":"Th\u1ea3m s\u1ef1 ki\u1ec7n m\u00e0u \u0111\u1ecf \u0111\u00f4"},"content":{"rendered":"<h2><\/h2>\n<h3><strong>1. Gi\u1edbi thi\u1ec7u v\u1ec1 th\u1ea3m s\u1ef1 ki\u1ec7n:<\/strong><\/h3>\n<p>Th\u1ea3m tr\u1ea3i s\u1ef1 ki\u1ec7n th\u00f4ng th\u01b0\u1eddng \u0111\u01b0\u1ee3c s\u1eed d\u1ee5ng l\u00e0 d\u00f2ng th\u1ea3m n\u1ec9 m\u1ed9t m\u00e0u. Th\u1ea3m n\u1ec9 gi\u00e1 r\u1ebb \u0111\u01b0\u1ee3c s\u1eed d\u1ee5ng l\u00e0m th\u1ea3m tr\u1ea3i s\u1ef1 ki\u1ec7n v\u1edbi ch\u1ee7 \u0111\u1ea1o l\u00e0 m\u00e0u \u0111\u1ecf v\u00ec m\u00e0u n\u00e0y th\u01b0\u1eddng n\u1ed5i b\u1eadt v\u00e0 b\u1eaft m\u1eaft t\u1ea1o kh\u00f4ng kh\u00ed \u1ea5m c\u00fang vui t\u01b0\u01a1i v\u00e0 b\u1eaft m\u1eaft. Ngo\u00e0i ra m\u00e0u xanh l\u00e1, xanh d\u01b0\u01a1ng v\u00e0 m\u00e0u ghi l\u00e0 nh\u1eefng m\u00e0u \u0111\u01b0\u1ee3c kh\u00e1ch h\u00e0ng l\u1ef1a ch\u1ecdn nhi\u1ec1u.<\/p>\n<p>B\u1ea1n \u0111ang c\u00f3 m\u1ed9t s\u1ef1 ki\u1ec7n quan tr\u1ecdng v\u00e0 mu\u1ed1n chu\u1ea9n b\u1ecb th\u1eadt chu \u0111\u00e1o v\u00e0 ho\u00e0n h\u1ea3o m\u00e0 ch\u01b0a bi\u1ebft c\u1ea7n nh\u1eefng g\u00ec. Vi\u1ec7c s\u1eed d\u1ee5ng th\u1ea3m tr\u1ea3i s\u1ef1 ki\u1ec7n l\u00e0 m\u1ed9t c\u00e1ch hi\u1ec7u qu\u1ea3 v\u00e0 r\u1ea5t nhanh ch\u00f3ng \u0111\u1ec3 l\u00e0m kh\u00f4ng gian th\u00eam n\u1ed5i b\u1eadt v\u00e0 b\u1eaft m\u1eaft chi\u1ebfm m\u1ed9t trong nh\u1eefng v\u1eadt d\u1ee5ng quan tr\u1ecdng nh\u1ea5t t\u1ea1o \u1ea5n t\u01b0\u1edbng cho s\u1ef1 ki\u1ec7n \u0111\u00f3.<\/p>\n<p>&nbsp;<\/p>\n<h2><strong>2. \u1ee8ng d\u1ee5ng c\u1ee7a th\u1ea3m s\u1ef1 ki\u1ec7n<\/strong><\/h2>\n<p>Th\u1ea3m tr\u1ea3i s\u1ef1 ki\u1ec7n t\u00ednh n\u0103ng ch\u00ednh tr\u1ea3i c\u00e1c s\u1ef1 ki\u1ec7n nh\u01b0 c\u00e1c bu\u1ed5i l\u1ec5, kh\u00e1nh th\u00e0nh, ho\u00e0n c\u00f4ng, khai tr\u01b0\u01a1ng c\u1eeda h\u00e0ng, c\u0103n h\u1ed9, chung c\u01b0, k\u1ec9 ni\u1ec7m n\u0103m th\u00e0nh l\u1eadp, ch\u00e0o \u0111\u00f3n c\u00e1c \u0111o\u00e0n kh\u00e1ch qu\u00fd\u2026. Th\u1ea3m n\u1ec9 \u0111\u1ecf s\u1ebd l\u00e0m cho kh\u00f4ng gian th\u00eam ph\u1ea7n long tr\u1ecdng v\u00e0 r\u1ef1c r\u1ee1. M\u00e0u \u0111\u1ecf c\u0169ng l\u00e0 m\u00e0u may m\u1eafn t\u1ea1o t\u00e2m l\u00fd t\u1ed1t cho m\u1ecdi c\u00f4ng vi\u1ec7c th\u00e0nh c\u00f4ng<br \/>\nTh\u1ea3m tr\u1ea3i s\u1ef1 ki\u1ec7n \u0111\u01b0\u1ee3c s\u1eed d\u1ee5ng l\u00e0m th\u1ea3m \u0111\u01b0\u1eddng d\u1eabn. V\u1edbi kh\u1ed5 r\u1ed9ng 2m v\u1eeba \u0111\u1ee7 c\u1ed9ng th\u00eam m\u00e0u \u0111\u1ecf r\u1ef1c r\u1ee1 th\u1ea3m \u0111\u01b0\u1ee3c s\u1eed d\u1ee5ng l\u00e0m \u0111\u01b0\u1eddng d\u1eabn l\u1ed1i \u0111i t\u1ea1o m\u1ed9t \u0111\u01b0\u1eddng d\u1eabn \u1ea5n t\u01b0\u1ee3ng v\u00e0 t\u00f4n l\u00ean \u0111i\u1ec3m nh\u1ea5n nh\u1eefng ng\u01b0\u1eddi \u0111i trong s\u1ef1 ki\u1ec7n \u0111\u00f3.<\/p>\n<p>Ngo\u00e0i ra th\u1ea3m tr\u1ea3i s\u1ef1 ki\u1ec7n c\u00f2n \u0111\u01b0\u1ee3c s\u1eed d\u1ee5ng tr\u1ea3i nh\u00e0, l\u00e0m th\u1ea3m v\u0103n ph\u00f2ng c\u0169ng r\u1ea5t \u1ed5n ph\u00f9 h\u1ee3p v\u1edbi nh\u1eefng n\u01a1i v\u0103n ph\u00f2ng m\u1eadt \u0111\u1ed9 ng\u01b0\u1eddi kh\u00f4ng qu\u00e1 cao th\u00ec \u0111\u1ed9 b\u1ec1n c\u1ee7a nh\u1eefng d\u00f2ng th\u1ea3m n\u00e0y ho\u00e0n to\u00e0n \u0111\u00e1p \u1ee9ng \u0111\u01b0\u1ee3c.<\/p>\n<h3><strong>3. \u0110\u1ecba ch\u1ec9 mua th\u1ea3m s\u1ef1 ki\u1ec7n gi\u00e1 r\u1ebb:<\/strong><\/h3>\n<p>Th\u1ea3m tr\u1ea3i s\u1ef1 ki\u1ec7n \u0111\u01b0\u1ee3c b\u00e1n r\u1ea5t nhi\u1ec1u tr\u00ean th\u1ecb tr\u01b0\u1eddng nh\u01b0ng kh\u00f4ng ph\u1ea3i ch\u1ea5t l\u01b0\u1ee3ng c\u1ee7a d\u00f2ng n\u00e0o c\u0169ng gi\u1ed1ng nhau th\u01b0\u1eddng v\u00ec gi\u00e1 r\u1ebb n\u00ean kh\u00e1ch h\u00e0ng kh\u00f4ng qu\u00e1 quan t\u00e2m v\u1ec1 ch\u1ea5t l\u01b0\u1ee3ng. Nh\u01b0ng n\u1ebfu bi\u1ebft l\u1ef1a ch\u1ecdn nh\u00e0 cung c\u1ea5p v\u00e0 h\u00e0ng uy t\u00edn th\u00ec b\u1ea1n ho\u00e0n to\u00e0n v\u1eabn c\u00f3 th\u1ec3 l\u1ef1a ch\u1ecdn \u0111\u01b0\u1ee3c nh\u1eefng s\u1ea3n ph\u1ea9m th\u1ea3m tr\u1ea3i s\u1ef1 ki\u1ec7n t\u1ed1t m\u00e0 gi\u00e1 th\u00e0nh v\u1eabn r\u1ea5t r\u1ebb nh\u1eb1m c\u00f3 th\u1ec3 s\u1eed d\u1ee5ng \u0111\u01b0\u1ee3c nhi\u1ec1u l\u1ea7n ho\u1eb7c t\u1eadn d\u1ee5ng s\u1eed d\u1ee5ng v\u00e0o vi\u1ec7c kh\u00e1c sau khi s\u1eed d\u1ee5ng xong s\u1ef1 ki\u1ec7n v\u1eeba r\u1ed3i.<\/p>\n<p>Th\u1ea3m v\u0103n ph\u00f2ng H\u00e0 N\u1ed9i l\u00e0 \u0111\u01a1n v\u1ecb cung c\u1ea5p th\u1ea3m tr\u1ea3i s\u00e0n, th\u1ea3m v\u0103n ph\u00f2ng, th\u1ea3m nh\u1ef1a, th\u1ea3m tr\u1ea3i s\u1ef1 ki\u1ec7n\u2026 h\u00e0ng \u0111\u1ea7u t\u1ea1i H\u00e0 N\u1ed9i. \u0110\u1ebfn v\u1edbi ch\u00fang t\u00f4i b\u1ea1n s\u1ebd nh\u1eadn \u0111\u01b0\u1ee3c nh\u1eefng s\u1ea3n ph\u1ea9m ch\u1ea5t l\u01b0\u1ee3ng nh\u1ea5t v\u1edbi gi\u00e1 r\u1ebb nh\u1ea5t th\u1ecb tr\u01b0\u1eddng. B\u1ea1n c\u0169ng c\u00f3 th\u1ec3 l\u1ef1a ch\u1ecdn r\u1ea5t nhi\u1ec1u d\u00f2ng th\u1ea3m, hay s\u1ea3n ph\u1ea9m n\u1ed9i th\u1ea5t kh\u00e1c t\u1ea1i c\u1eeda h\u00e0ng. V\u1edbi m\u1ee5c ti\u00eau l\u1ea5y s\u1ef1 h\u00e0i l\u00f2ng c\u1ee7a kh\u00e1ch l\u00e0m m\u1ee5c ti\u00eau ph\u1ea5n \u0111\u1ea5u, Th\u1ea3m v\u0103n ph\u00f2ng H\u00e0 N\u1ed9i cam k\u1ebft v\u1ec1 ch\u1ea5t l\u01b0\u1ee3ng c\u0169ng nh\u01b0 ch\u1ebf \u0111\u1ed9 b\u00e1n h\u00e0ng cho kh\u00e1ch lu\u00f4n c\u00f3 l\u1ee3i nhi\u1ec1u nh\u1ea5t cho kh\u00e1ch h\u00e0ng.<\/p>\n<p>M\u1ecdi th\u00f4ng tin chi ti\u1ebft v\u1ec1 s\u1ea3n ph\u1ea9m qu\u00fd kh\u00e1ch h\u00e3y li\u00ean h\u1ec7 tr\u1ef1c ti\u1ebfp cho Th\u1ea3m v\u0103n ph\u00f2ng H\u00e0 N\u1ed9i theo \u0111\u1ecba ch\u1ec9 d\u01b0\u1edbi \u0111\u00e2y:<\/p>\n<p>thamtraisanvanphong.com.vn<\/p>\n<p>HL 0934483459<\/p>\n","protected":false},"excerpt":{"rendered":"<p>Ch\u1ea5t li\u1ec7u: Th\u1ea3m n\u1ec9<br \/>\n\u2013 Xu\u1ea5t x\u1ee9: \u0110\u00e0i Loan<br \/>\n\u2013 Kh\u1ed5 r\u1ed9ng: 2m<br \/>\n\u2013 Chi\u1ec1u d\u00e0i m\u1ed7i cu\u1ed9n: 75m d\u00e0i (1 cu\u1ed9n = 150m2)<br \/>\n\u2013 \u0110\u1ed9 d\u00e0y: 2mm<br \/>\n\u2013 Qu\u00fd kh\u00e1ch mu\u1ed1n mua s\u1ed1 l\u01b0\u1ee3ng l\u1edbn, l\u00e0m \u0111\u1ea1i l\u00fd vui l\u00f2ng li\u00ean h\u1ec7 \u0111\u1ec3 c\u00f3 gi\u00e1 t\u1ed1t nh\u1ea5t<br \/>\n\u2013 \u1ee8ng d\u1ee5ng: th\u1ea3m tr\u1ea3i s\u1ef1 ki\u1ec7n, gian h\u00e0ng, shop qu\u1ea7n \u00e1o, c\u1eeda h\u00e0ng nh\u1ecf, v\u0103n ph\u00f2ng, khai tr\u01b0\u01a1ng, h\u1ed9i ngh\u1ecb\u2026<\/p>\n<p>Gi\u00e1 b\u00e1n:<br \/>\n\u2013 D\u01b0\u1edbi 150m2: 30.000\u0111\/m2<br \/>\n\u2013 Tr\u00ean 150m2: 19.000\u0111\/m2<\/p>\n","protected":false},"featured_media":954,"comment_status":"open","ping_status":"closed","template":"","meta":[],"product_cat":[206],"product_tag":[208,207,209,212,210],"class_list":{"0":"post-958","1":"product","2":"type-product","3":"status-publish","4":"has-post-thumbnail","6":"product_cat-tham-ni-su-kien","7":"product_tag-tham-ni","8":"product_tag-tham-ni-su-kien","9":"product_tag-tham-su-kien","10":"product_tag-tham-su-kien-mau-do-do","11":"product_tag-tham-van","13":"first","14":"instock","15":"sale","16":"shipping-taxable","17":"purchasable","18":"product-type-simple"},"yoast_head":"<!-- This site is optimized with the Yoast SEO Premium plugin v20.12 (Yoast SEO v20.12) - https:\/\/yoast.com\/wordpress\/plugins\/seo\/ -->\n<title>Th\u1ea3m s\u1ef1 ki\u1ec7n m\u00e0u \u0111\u1ecf \u0111\u00f4 gi\u00e1 r\u1ebb h\u00e0ng \u0111\u1ea7u mi\u1ec1n B\u1eafc<\/title>\n<meta name=\"description\" content=\"Th\u1ea3m s\u1ef1 ki\u1ec7n m\u00e0u ghi x\u00e1m ch\u1ea5t li\u1ec7u n\u1ec9 \u0111em l\u1ea1i s\u1ef1 s\u1ea1ch s\u1ebd khi s\u1eed d\u1ee5ng, v\u1edbi ti\u00eau ch\u00ed r\u1ebb v\u00e0 s\u1ea1ch \u0111em l\u1ea1i c\u1ea3m gi\u00e1c c\u1ef1c k\u00ec t\u1ed1t khi d\u00f9ng\" \/>\n<meta name=\"robots\" content=\"index, follow, max-snippet:-1, max-image-preview:large, max-video-preview:-1\" \/>\n<link rel=\"canonical\" href=\"https:\/\/thamtraisanvanphong.com.vn\/?product=tham-su-kien-mau-do-do\" \/>\n<meta property=\"og:locale\" content=\"vi_VN\" \/>\n<meta property=\"og:type\" content=\"article\" \/>\n<meta property=\"og:title\" content=\"Th\u1ea3m s\u1ef1 ki\u1ec7n m\u00e0u \u0111\u1ecf \u0111\u00f4\" \/>\n<meta property=\"og:description\" content=\"Th\u1ea3m s\u1ef1 ki\u1ec7n m\u00e0u ghi x\u00e1m ch\u1ea5t li\u1ec7u n\u1ec9 \u0111em l\u1ea1i s\u1ef1 s\u1ea1ch s\u1ebd khi s\u1eed d\u1ee5ng, v\u1edbi ti\u00eau ch\u00ed r\u1ebb v\u00e0 s\u1ea1ch \u0111em l\u1ea1i c\u1ea3m gi\u00e1c c\u1ef1c k\u00ec t\u1ed1t khi d\u00f9ng\" \/>\n<meta property=\"og:url\" content=\"https:\/\/thamtraisanvanphong.com.vn\/?product=tham-su-kien-mau-do-do\" \/>\n<meta property=\"og:site_name\" content=\"Thamtraisan\" \/>\n<meta property=\"article:modified_time\" content=\"2026-04-19T13:56:19+00:00\" \/>\n<meta property=\"og:image\" content=\"https:\/\/thamtraisanvanphong.com.vn\/wp-content\/uploads\/2026\/04\/Tham-su-kien-mau-do-trau.jpg\" \/>\n\t<meta property=\"og:image:width\" content=\"600\" \/>\n\t<meta property=\"og:image:height\" content=\"600\" \/>\n\t<meta property=\"og:image:type\" content=\"image\/jpeg\" \/>\n<meta name=\"twitter:card\" content=\"summary_large_image\" \/>\n<meta name=\"twitter:label1\" content=\"\u01af\u1edbc t\u00ednh th\u1eddi gian \u0111\u1ecdc\" \/>\n\t<meta name=\"twitter:data1\" content=\"4 ph\u00fat\" \/>\n<script type=\"application\/ld+json\" class=\"yoast-schema-graph\">{\"@context\":\"https:\/\/schema.org\",\"@graph\":[{\"@type\":\"WebPage\",\"@id\":\"https:\/\/thamtraisanvanphong.com.vn\/?product=tham-su-kien-mau-do-do\",\"url\":\"https:\/\/thamtraisanvanphong.com.vn\/?product=tham-su-kien-mau-do-do\",\"name\":\"Th\u1ea3m s\u1ef1 ki\u1ec7n m\u00e0u \u0111\u1ecf \u0111\u00f4 gi\u00e1 r\u1ebb h\u00e0ng \u0111\u1ea7u mi\u1ec1n B\u1eafc\",\"isPartOf\":{\"@id\":\"https:\/\/thamtraisanvanphong.com.vn\/#website\"},\"datePublished\":\"2026-04-19T13:52:45+00:00\",\"dateModified\":\"2026-04-19T13:56:19+00:00\",\"description\":\"Th\u1ea3m s\u1ef1 ki\u1ec7n m\u00e0u ghi x\u00e1m ch\u1ea5t li\u1ec7u n\u1ec9 \u0111em l\u1ea1i s\u1ef1 s\u1ea1ch s\u1ebd khi s\u1eed d\u1ee5ng, v\u1edbi ti\u00eau ch\u00ed r\u1ebb v\u00e0 s\u1ea1ch \u0111em l\u1ea1i c\u1ea3m gi\u00e1c c\u1ef1c k\u00ec t\u1ed1t khi d\u00f9ng\",\"breadcrumb\":{\"@id\":\"https:\/\/thamtraisanvanphong.com.vn\/?product=tham-su-kien-mau-do-do#breadcrumb\"},\"inLanguage\":\"vi\",\"potentialAction\":[{\"@type\":\"ReadAction\",\"target\":[\"https:\/\/thamtraisanvanphong.com.vn\/?product=tham-su-kien-mau-do-do\"]}]},{\"@type\":\"BreadcrumbList\",\"@id\":\"https:\/\/thamtraisanvanphong.com.vn\/?product=tham-su-kien-mau-do-do#breadcrumb\",\"itemListElement\":[{\"@type\":\"ListItem\",\"position\":1,\"name\":\"Home\",\"item\":\"https:\/\/thamtraisanvanphong.com.vn\/\"},{\"@type\":\"ListItem\",\"position\":2,\"name\":\"C\u1eeda h\u00e0ng\",\"item\":\"https:\/\/thamtraisanvanphong.com.vn\/?page_id=10\"},{\"@type\":\"ListItem\",\"position\":3,\"name\":\"Th\u1ea3m s\u1ef1 ki\u1ec7n m\u00e0u \u0111\u1ecf \u0111\u00f4\"}]},{\"@type\":\"WebSite\",\"@id\":\"https:\/\/thamtraisanvanphong.com.vn\/#website\",\"url\":\"https:\/\/thamtraisanvanphong.com.vn\/\",\"name\":\"Thamtraisan\",\"description\":\"Thamtraisangiare\",\"potentialAction\":[{\"@type\":\"SearchAction\",\"target\":{\"@type\":\"EntryPoint\",\"urlTemplate\":\"https:\/\/thamtraisanvanphong.com.vn\/?s={search_term_string}\"},\"query-input\":\"required name=search_term_string\"}],\"inLanguage\":\"vi\"}]}<\/script>\n<!-- \/ Yoast SEO Premium plugin. -->","yoast_head_json":{"title":"Th\u1ea3m s\u1ef1 ki\u1ec7n m\u00e0u \u0111\u1ecf \u0111\u00f4 gi\u00e1 r\u1ebb h\u00e0ng \u0111\u1ea7u mi\u1ec1n B\u1eafc","description":"Th\u1ea3m s\u1ef1 ki\u1ec7n m\u00e0u ghi x\u00e1m ch\u1ea5t li\u1ec7u n\u1ec9 \u0111em l\u1ea1i s\u1ef1 s\u1ea1ch s\u1ebd khi s\u1eed d\u1ee5ng, v\u1edbi ti\u00eau ch\u00ed r\u1ebb v\u00e0 s\u1ea1ch \u0111em l\u1ea1i c\u1ea3m gi\u00e1c c\u1ef1c k\u00ec t\u1ed1t khi d\u00f9ng","robots":{"index":"index","follow":"follow","max-snippet":"max-snippet:-1","max-image-preview":"max-image-preview:large","max-video-preview":"max-video-preview:-1"},"canonical":"https:\/\/thamtraisanvanphong.com.vn\/?product=tham-su-kien-mau-do-do","og_locale":"vi_VN","og_type":"article","og_title":"Th\u1ea3m s\u1ef1 ki\u1ec7n m\u00e0u \u0111\u1ecf \u0111\u00f4","og_description":"Th\u1ea3m s\u1ef1 ki\u1ec7n m\u00e0u ghi x\u00e1m ch\u1ea5t li\u1ec7u n\u1ec9 \u0111em l\u1ea1i s\u1ef1 s\u1ea1ch s\u1ebd khi s\u1eed d\u1ee5ng, v\u1edbi ti\u00eau ch\u00ed r\u1ebb v\u00e0 s\u1ea1ch \u0111em l\u1ea1i c\u1ea3m gi\u00e1c c\u1ef1c k\u00ec t\u1ed1t khi d\u00f9ng","og_url":"https:\/\/thamtraisanvanphong.com.vn\/?product=tham-su-kien-mau-do-do","og_site_name":"Thamtraisan","article_modified_time":"2026-04-19T13:56:19+00:00","og_image":[{"width":600,"height":600,"url":"https:\/\/thamtraisanvanphong.com.vn\/wp-content\/uploads\/2026\/04\/Tham-su-kien-mau-do-trau.jpg","type":"image\/jpeg"}],"twitter_card":"summary_large_image","twitter_misc":{"\u01af\u1edbc t\u00ednh th\u1eddi gian \u0111\u1ecdc":"4 ph\u00fat"},"schema":{"@context":"https:\/\/schema.org","@graph":[{"@type":"WebPage","@id":"https:\/\/thamtraisanvanphong.com.vn\/?product=tham-su-kien-mau-do-do","url":"https:\/\/thamtraisanvanphong.com.vn\/?product=tham-su-kien-mau-do-do","name":"Th\u1ea3m s\u1ef1 ki\u1ec7n m\u00e0u \u0111\u1ecf \u0111\u00f4 gi\u00e1 r\u1ebb h\u00e0ng \u0111\u1ea7u mi\u1ec1n B\u1eafc","isPartOf":{"@id":"https:\/\/thamtraisanvanphong.com.vn\/#website"},"datePublished":"2026-04-19T13:52:45+00:00","dateModified":"2026-04-19T13:56:19+00:00","description":"Th\u1ea3m s\u1ef1 ki\u1ec7n m\u00e0u ghi x\u00e1m ch\u1ea5t li\u1ec7u n\u1ec9 \u0111em l\u1ea1i s\u1ef1 s\u1ea1ch s\u1ebd khi s\u1eed d\u1ee5ng, v\u1edbi ti\u00eau ch\u00ed r\u1ebb v\u00e0 s\u1ea1ch \u0111em l\u1ea1i c\u1ea3m gi\u00e1c c\u1ef1c k\u00ec t\u1ed1t khi d\u00f9ng","breadcrumb":{"@id":"https:\/\/thamtraisanvanphong.com.vn\/?product=tham-su-kien-mau-do-do#breadcrumb"},"inLanguage":"vi","potentialAction":[{"@type":"ReadAction","target":["https:\/\/thamtraisanvanphong.com.vn\/?product=tham-su-kien-mau-do-do"]}]},{"@type":"BreadcrumbList","@id":"https:\/\/thamtraisanvanphong.com.vn\/?product=tham-su-kien-mau-do-do#breadcrumb","itemListElement":[{"@type":"ListItem","position":1,"name":"Home","item":"https:\/\/thamtraisanvanphong.com.vn\/"},{"@type":"ListItem","position":2,"name":"C\u1eeda h\u00e0ng","item":"https:\/\/thamtraisanvanphong.com.vn\/?page_id=10"},{"@type":"ListItem","position":3,"name":"Th\u1ea3m s\u1ef1 ki\u1ec7n m\u00e0u \u0111\u1ecf \u0111\u00f4"}]},{"@type":"WebSite","@id":"https:\/\/thamtraisanvanphong.com.vn\/#website","url":"https:\/\/thamtraisanvanphong.com.vn\/","name":"Thamtraisan","description":"Thamtraisangiare","potentialAction":[{"@type":"SearchAction","target":{"@type":"EntryPoint","urlTemplate":"https:\/\/thamtraisanvanphong.com.vn\/?s={search_term_string}"},"query-input":"required name=search_term_string"}],"inLanguage":"vi"}]}},"_links":{"self":[{"href":"https:\/\/thamtraisanvanphong.com.vn\/index.php?rest_route=\/wp\/v2\/product\/958","targetHints":{"allow":["GET"]}}],"collection":[{"href":"https:\/\/thamtraisanvanphong.com.vn\/index.php?rest_route=\/wp\/v2\/product"}],"about":[{"href":"https:\/\/thamtraisanvanphong.com.vn\/index.php?rest_route=\/wp\/v2\/types\/product"}],"replies":[{"embeddable":true,"href":"https:\/\/thamtraisanvanphong.com.vn\/index.php?rest_route=%2Fwp%2Fv2%2Fcomments&post=958"}],"wp:featuredmedia":[{"embeddable":true,"href":"https:\/\/thamtraisanvanphong.com.vn\/index.php?rest_route=\/wp\/v2\/media\/954"}],"wp:attachment":[{"href":"https:\/\/thamtraisanvanphong.com.vn\/index.php?rest_route=%2Fwp%2Fv2%2Fmedia&parent=958"}],"wp:term":[{"taxonomy":"product_cat","embeddable":true,"href":"https:\/\/thamtraisanvanphong.com.vn\/index.php?rest_route=%2Fwp%2Fv2%2Fproduct_cat&post=958"},{"taxonomy":"product_tag","embeddable":true,"href":"https:\/\/thamtraisanvanphong.com.vn\/index.php?rest_route=%2Fwp%2Fv2%2Fproduct_tag&post=958"}],"curies":[{"name":"wp","href":"https:\/\/api.w.org\/{rel}","templated":true}]}}