{"id":973,"date":"2026-04-20T10:30:41","date_gmt":"2026-04-20T03:30:41","guid":{"rendered":"https:\/\/thamtraisanvanphong.com.vn\/?post_type=product&#038;p=973"},"modified":"2026-04-20T10:53:40","modified_gmt":"2026-04-20T03:53:40","slug":"tham-tam-colour-02","status":"publish","type":"product","link":"https:\/\/thamtraisanvanphong.com.vn\/?product=tham-tam-colour-02","title":{"rendered":"Th\u1ea3m tr\u1ea3i s\u00e0n t\u1ea5m Colour 02"},"content":{"rendered":"<h2 class=\"\" data-start=\"213\" data-end=\"328\"><\/h2>\n<p class=\"\" data-start=\"330\" data-end=\"655\"><strong data-start=\"330\" data-end=\"342\">Th\u1ea3m t\u1ea5m colour 02<\/strong>\u00a0l\u00e0 m\u1eabu\u00a0<strong data-start=\"350\" data-end=\"370\">th\u1ea3m t\u1ea5m 50x50cm<\/strong>\u00a0n\u1ed5i b\u1eadt v\u1edbi thi\u1ebft k\u1ebf\u00a0<strong data-start=\"392\" data-end=\"453\">s\u1ecdc ghi x\u00e1m trung t\u00ednh k\u1ebft h\u1ee3p \u0111i\u1ec3m nh\u1ea5n xanh l\u00e1 hi\u1ec7n \u0111\u1ea1i<\/strong>. \u0110\u00e2y l\u00e0 s\u1ef1 l\u1ef1a ch\u1ecdn l\u00fd t\u01b0\u1edfng cho c\u00e1c v\u0103n ph\u00f2ng s\u00e1ng t\u1ea1o, trung t\u00e2m d\u1ecbch v\u1ee5 kh\u00e1ch h\u00e0ng, ph\u00f2ng h\u1ecdp linh ho\u1ea1t ho\u1eb7c khu v\u1ef1c coworking n\u0103ng \u0111\u1ed9ng \u2013 n\u01a1i c\u1ea7n t\u1ea1o \u1ea5n t\u01b0\u1ee3ng th\u1ecb gi\u00e1c v\u00e0 duy tr\u00ec c\u1ea3m h\u1ee9ng t\u00edch c\u1ef1c.<\/p>\n<p class=\"\" data-start=\"657\" data-end=\"806\">Th\u1ea3m \u0111\u01b0\u1ee3c s\u1ea3n xu\u1ea5t t\u1eeb\u00a0<strong data-start=\"679\" data-end=\"706\">s\u1ee3i PP ch\u1ed1ng x\u00f9 b\u1ec1n m\u00e0u<\/strong>, \u0111\u1ebf\u00a0<strong data-start=\"711\" data-end=\"735\">nh\u1ef1a Bitumen cao c\u1ea5p<\/strong>, \u0111\u1ea3m b\u1ea3o \u0111\u1ed9 b\u00e1m n\u1ec1n ch\u1eafc ch\u1eafn, ch\u1ed1ng \u1ea9m, ph\u00f9 h\u1ee3p v\u1edbi kh\u00ed h\u1eadu Vi\u1ec7t Nam.<\/p>\n<h3 class=\"\" data-start=\"813\" data-end=\"851\"><strong data-start=\"819\" data-end=\"851\">\u01afu \u0111i\u1ec3m n\u1ed5i b\u1eadt c\u1ee7a COLOUR 02<\/strong><\/h3>\n<ul data-start=\"853\" data-end=\"1364\">\n<li class=\"\" data-start=\"853\" data-end=\"971\">\n<p class=\"\" data-start=\"855\" data-end=\"971\"><strong data-start=\"855\" data-end=\"902\">M\u00e0u s\u1eafc tr\u1ebb trung: ghi x\u00e1m ph\u1ed1i s\u1ecdc xanh l\u00e1<\/strong>\u00a0\u2013 t\u1ea1o hi\u1ec7u \u1ee9ng th\u1ecb gi\u00e1c t\u01b0\u01a1i m\u1edbi, ph\u00f9 h\u1ee3p v\u1edbi m\u00f4i tr\u01b0\u1eddng n\u0103ng \u0111\u1ed9ng<\/p>\n<\/li>\n<li class=\"\" data-start=\"972\" data-end=\"1047\">\n<p class=\"\" data-start=\"974\" data-end=\"1047\"><strong data-start=\"974\" data-end=\"1007\">C\u1ea5u tr\u00fac s\u1ee3i v\u00f2ng (loop pile)<\/strong>\u00a0\u2013 ch\u1ed1ng x\u00f9, ch\u1ed1ng b\u00e1m b\u1ee5i, d\u1ec5 v\u1ec7 sinh<\/p>\n<\/li>\n<li class=\"\" data-start=\"1048\" data-end=\"1124\">\n<p class=\"\" data-start=\"1050\" data-end=\"1124\"><strong data-start=\"1050\" data-end=\"1072\">\u0110\u1ebf Bitumen cao c\u1ea5p<\/strong>\u00a0\u2013 kh\u00e1ng \u1ea9m t\u1ed1t, ch\u1ed1ng tr\u01a1n tr\u01b0\u1ee3t, b\u00e1m s\u00e0n \u1ed5n \u0111\u1ecbnh<\/p>\n<\/li>\n<li class=\"\" data-start=\"1125\" data-end=\"1199\">\n<p class=\"\" data-start=\"1127\" data-end=\"1199\"><strong data-start=\"1127\" data-end=\"1147\">D\u1ea1ng t\u1ea5m 50x50cm<\/strong>\u00a0\u2013 thi c\u00f4ng linh ho\u1ea1t, d\u1ec5 thay th\u1ebf khi c\u1ea7n b\u1ea3o tr\u00ec<\/p>\n<\/li>\n<li class=\"\" data-start=\"1200\" data-end=\"1288\">\n<p class=\"\" data-start=\"1202\" data-end=\"1288\"><strong data-start=\"1202\" data-end=\"1233\">\u0110\u1ed9 d\u00e0y h\u1ee3p l\u00fd (5.5 \u2013 6.5mm)<\/strong>\u00a0\u2013 t\u0103ng c\u01b0\u1eddng kh\u1ea3 n\u0103ng c\u00e1ch \u00e2m, \u00eam ch\u00e2n khi di chuy\u1ec3n<\/p>\n<\/li>\n<li class=\"\" data-start=\"1289\" data-end=\"1364\">\n<p class=\"\" data-start=\"1291\" data-end=\"1364\"><strong data-start=\"1291\" data-end=\"1364\">Ph\u00f9 h\u1ee3p cho l\u1ed1i \u0111i, ph\u00f2ng ch\u1ee9c n\u0103ng, s\u1ea3nh ch\u1edd ho\u1eb7c khu l\u00e0m vi\u1ec7c chung<\/strong><\/p>\n<\/li>\n<\/ul>\n<h3 class=\"\" data-start=\"1664\" data-end=\"1692\">\u00a0<strong data-start=\"1671\" data-end=\"1692\">\u1ee8ng d\u1ee5ng l\u00fd t\u01b0\u1edfng<\/strong><\/h3>\n<ul data-start=\"1694\" data-end=\"1940\">\n<li class=\"\" data-start=\"1694\" data-end=\"1749\">\n<p class=\"\" data-start=\"1696\" data-end=\"1749\">V\u0103n ph\u00f2ng startup, agency s\u00e1ng t\u1ea1o, studio thi\u1ebft k\u1ebf<\/p>\n<\/li>\n<li class=\"\" data-start=\"1750\" data-end=\"1792\">\n<p class=\"\" data-start=\"1752\" data-end=\"1792\">Khu l\u00e0m vi\u1ec7c nh\u00f3m, ph\u00f2ng brainstorming<\/p>\n<\/li>\n<li class=\"\" data-start=\"1793\" data-end=\"1841\">\n<p class=\"\" data-start=\"1795\" data-end=\"1841\">Khu v\u1ef1c h\u00e0nh lang chung, s\u1ea3nh ch\u1edd ti\u1ebfp kh\u00e1ch<\/p>\n<\/li>\n<li class=\"\" data-start=\"1842\" data-end=\"1893\">\n<p class=\"\" data-start=\"1844\" data-end=\"1893\">Trung t\u00e2m \u0111\u00e0o t\u1ea1o, l\u1edbp h\u1ecdc k\u1ef9 n\u0103ng, th\u01b0 vi\u1ec7n m\u1edf<\/p>\n<\/li>\n<li class=\"\" data-start=\"1894\" data-end=\"1940\">\n<p class=\"\" data-start=\"1896\" data-end=\"1940\">Coworking space, khu tr\u1ea3i nghi\u1ec7m th\u01b0\u01a1ng hi\u1ec7u<\/p>\n<\/li>\n<\/ul>\n","protected":false},"excerpt":{"rendered":"<h2 class=\"\" data-start=\"857\" data-end=\"884\"><strong data-start=\"860\" data-end=\"884\">Th\u00f4ng S\u1ed1 K\u1ef9 Thu\u1eadt<\/strong><\/h2>\n<div class=\"_tableContainer_16hzy_1\">\n<div class=\"_tableWrapper_16hzy_14 group flex w-fit flex-col-reverse\" tabindex=\"-1\">\n<table class=\"w-fit min-w-(--thread-content-width)\" data-start=\"886\" data-end=\"1276\">\n<thead data-start=\"886\" data-end=\"909\">\n<tr data-start=\"886\" data-end=\"909\">\n<th data-start=\"886\" data-end=\"897\" data-col-size=\"sm\">Th\u00f4ng S\u1ed1<\/th>\n<th data-start=\"897\" data-end=\"909\" data-col-size=\"md\">Chi Ti\u1ebft<\/th>\n<\/tr>\n<\/thead>\n<tbody data-start=\"934\" data-end=\"1276\">\n<tr data-start=\"934\" data-end=\"972\">\n<td data-start=\"934\" data-end=\"952\" data-col-size=\"sm\"><strong data-start=\"936\" data-end=\"951\">M\u00e3 s\u1ea3n ph\u1ea9m<\/strong><\/td>\n<td data-col-size=\"md\" data-start=\"952\" data-end=\"972\">Bitumen Color 05<\/td>\n<\/tr>\n<tr data-start=\"973\" data-end=\"1004\">\n<td data-start=\"973\" data-end=\"990\" data-col-size=\"sm\"><strong data-start=\"975\" data-end=\"989\">K\u00edch th\u01b0\u1edbc<\/strong><\/td>\n<td data-col-size=\"md\" data-start=\"990\" data-end=\"1004\">50 x 50 cm<\/td>\n<\/tr>\n<tr data-start=\"1005\" data-end=\"1047\">\n<td data-start=\"1005\" data-end=\"1020\" data-col-size=\"sm\"><strong data-start=\"1007\" data-end=\"1019\">Lo\u1ea1i s\u1ee3i<\/strong><\/td>\n<td data-col-size=\"md\" data-start=\"1020\" data-end=\"1047\">Polypropylene kh\u00e1ng b\u1ea9n<\/td>\n<\/tr>\n<tr data-start=\"1048\" data-end=\"1078\">\n<td data-start=\"1048\" data-end=\"1065\" data-col-size=\"sm\"><strong data-start=\"1050\" data-end=\"1064\">M\u1eadt \u0111\u1ed9 s\u1ee3i<\/strong><\/td>\n<td data-col-size=\"md\" data-start=\"1065\" data-end=\"1078\">650 gr\/m\u00b2<\/td>\n<\/tr>\n<tr data-start=\"1079\" data-end=\"1131\">\n<td data-start=\"1079\" data-end=\"1093\" data-col-size=\"sm\"><strong data-start=\"1081\" data-end=\"1092\">\u0110\u1ebf th\u1ea3m<\/strong><\/td>\n<td data-col-size=\"md\" data-start=\"1093\" data-end=\"1131\">Nh\u1ef1a Bitumen ch\u1ed1ng tr\u01b0\u1ee3t, ch\u1ed1ng \u1ea9m<\/td>\n<\/tr>\n<tr data-start=\"1132\" data-end=\"1164\">\n<td data-start=\"1132\" data-end=\"1150\" data-col-size=\"sm\"><strong data-start=\"1134\" data-end=\"1149\">\u0110\u1ed9 d\u00e0y t\u1ed5ng<\/strong><\/td>\n<td data-col-size=\"md\" data-start=\"1150\" data-end=\"1164\">6 \u00b1 0.5 mm<\/td>\n<\/tr>\n<tr data-start=\"1165\" data-end=\"1228\">\n<td data-start=\"1165\" data-end=\"1179\" data-col-size=\"sm\"><strong data-start=\"1167\" data-end=\"1178\">M\u00e0u s\u1eafc<\/strong><\/td>\n<td data-col-size=\"md\" data-start=\"1179\" data-end=\"1228\">Ghi s\u00e1ng v\u00e0 ghi \u0111\u1eadm, v\u00e2n s\u1ecdc ngang d\u1ecdc xen k\u1ebd<\/td>\n<\/tr>\n<tr data-start=\"1229\" data-end=\"1276\">\n<td data-start=\"1229\" data-end=\"1243\" data-col-size=\"sm\"><strong data-start=\"1231\" data-end=\"1242\">Xu\u1ea5t x\u1ee9<\/strong><\/td>\n<td data-col-size=\"md\" data-start=\"1243\" data-end=\"1276\">S\u1ea3n xu\u1ea5t theo c\u00f4ng ngh\u1ec7 ch\u00e2u \u00c2u<\/td>\n<\/tr>\n<\/tbody>\n<\/table>\n<\/div>\n<\/div>\n","protected":false},"featured_media":967,"comment_status":"open","ping_status":"closed","template":"","meta":[],"product_cat":[217],"product_tag":[218,219,220,221,222,118,223,224,225,226],"class_list":{"0":"post-973","1":"product","2":"type-product","3":"status-publish","4":"has-post-thumbnail","6":"product_cat-tham-tam-colour","7":"product_tag-tham-50x50","8":"product_tag-tham-cach-am-van-phong","9":"product_tag-tham-de-nhua-bitumen","10":"product_tag-tham-lot-san-ghi-xam","11":"product_tag-tham-tam-chong-truot","12":"product_tag-tham-trai-san-dang-tam","13":"product_tag-tham-trai-san-don-sac","14":"product_tag-tham-trai-san-phong-hop","15":"product_tag-tham-trai-showroom-hien-dai","16":"product_tag-tham-van-phong-caro","18":"first","19":"instock","20":"sale","21":"shipping-taxable","22":"purchasable","23":"product-type-simple"},"yoast_head":"<!-- This site is optimized with the Yoast SEO Premium plugin v20.12 (Yoast SEO v20.12) - https:\/\/yoast.com\/wordpress\/plugins\/seo\/ -->\n<title>Th\u1ea3m tr\u1ea3i s\u00e0n t\u1ea5m Colour 02 phong c\u00e1ch \u0111\u01a1n gi\u1ea3n \u0111\u1ebfn tinh t\u1ebf<\/title>\n<meta name=\"description\" content=\"Th\u1ea3m t\u1ea5m clour 02 l\u00e0 th\u1ea3m tr\u1ea3i s\u00e0n v\u0103n ph\u00f2ng \u0111\u01b0\u1ee3c \u01b0u chu\u1ed9ng b\u1edbi thi\u1ebft k\u1ebf \u0111\u01a1n gi\u1ea3n tinh t\u1ebf, d\u1ec5 thi c\u00f4ng \u0111em l\u1ea1i tr\u1ea3i nghi\u1ec7m t\u1ed1t cho ng\u01b0\u1eddi d\u00f9ng.\" \/>\n<meta name=\"robots\" content=\"index, follow, max-snippet:-1, max-image-preview:large, max-video-preview:-1\" \/>\n<link rel=\"canonical\" href=\"https:\/\/thamtraisanvanphong.com.vn\/?product=tham-tam-colour-02\" \/>\n<meta property=\"og:locale\" content=\"vi_VN\" \/>\n<meta property=\"og:type\" content=\"article\" \/>\n<meta property=\"og:title\" content=\"Th\u1ea3m tr\u1ea3i s\u00e0n t\u1ea5m Colour 02\" \/>\n<meta property=\"og:description\" content=\"Th\u1ea3m t\u1ea5m clour 02 l\u00e0 th\u1ea3m tr\u1ea3i s\u00e0n v\u0103n ph\u00f2ng \u0111\u01b0\u1ee3c \u01b0u chu\u1ed9ng b\u1edbi thi\u1ebft k\u1ebf \u0111\u01a1n gi\u1ea3n tinh t\u1ebf, d\u1ec5 thi c\u00f4ng \u0111em l\u1ea1i tr\u1ea3i nghi\u1ec7m t\u1ed1t cho ng\u01b0\u1eddi d\u00f9ng.\" \/>\n<meta property=\"og:url\" content=\"https:\/\/thamtraisanvanphong.com.vn\/?product=tham-tam-colour-02\" \/>\n<meta property=\"og:site_name\" content=\"Thamtraisan\" \/>\n<meta property=\"article:modified_time\" content=\"2026-04-20T03:53:40+00:00\" \/>\n<meta property=\"og:image\" content=\"https:\/\/thamtraisanvanphong.com.vn\/wp-content\/uploads\/2026\/04\/Tham-tam-COLOUR-02.png\" \/>\n\t<meta property=\"og:image:width\" content=\"567\" \/>\n\t<meta property=\"og:image:height\" content=\"573\" \/>\n\t<meta property=\"og:image:type\" content=\"image\/png\" \/>\n<meta name=\"twitter:card\" content=\"summary_large_image\" \/>\n<meta name=\"twitter:label1\" content=\"\u01af\u1edbc t\u00ednh th\u1eddi gian \u0111\u1ecdc\" \/>\n\t<meta name=\"twitter:data1\" content=\"2 ph\u00fat\" \/>\n<script type=\"application\/ld+json\" class=\"yoast-schema-graph\">{\"@context\":\"https:\/\/schema.org\",\"@graph\":[{\"@type\":\"WebPage\",\"@id\":\"https:\/\/thamtraisanvanphong.com.vn\/?product=tham-tam-colour-02\",\"url\":\"https:\/\/thamtraisanvanphong.com.vn\/?product=tham-tam-colour-02\",\"name\":\"Th\u1ea3m tr\u1ea3i s\u00e0n t\u1ea5m Colour 02 phong c\u00e1ch \u0111\u01a1n gi\u1ea3n \u0111\u1ebfn tinh t\u1ebf\",\"isPartOf\":{\"@id\":\"https:\/\/thamtraisanvanphong.com.vn\/#website\"},\"datePublished\":\"2026-04-20T03:30:41+00:00\",\"dateModified\":\"2026-04-20T03:53:40+00:00\",\"description\":\"Th\u1ea3m t\u1ea5m clour 02 l\u00e0 th\u1ea3m tr\u1ea3i s\u00e0n v\u0103n ph\u00f2ng \u0111\u01b0\u1ee3c \u01b0u chu\u1ed9ng b\u1edbi thi\u1ebft k\u1ebf \u0111\u01a1n gi\u1ea3n tinh t\u1ebf, d\u1ec5 thi c\u00f4ng \u0111em l\u1ea1i tr\u1ea3i nghi\u1ec7m t\u1ed1t cho ng\u01b0\u1eddi d\u00f9ng.\",\"breadcrumb\":{\"@id\":\"https:\/\/thamtraisanvanphong.com.vn\/?product=tham-tam-colour-02#breadcrumb\"},\"inLanguage\":\"vi\",\"potentialAction\":[{\"@type\":\"ReadAction\",\"target\":[\"https:\/\/thamtraisanvanphong.com.vn\/?product=tham-tam-colour-02\"]}]},{\"@type\":\"BreadcrumbList\",\"@id\":\"https:\/\/thamtraisanvanphong.com.vn\/?product=tham-tam-colour-02#breadcrumb\",\"itemListElement\":[{\"@type\":\"ListItem\",\"position\":1,\"name\":\"Home\",\"item\":\"https:\/\/thamtraisanvanphong.com.vn\/\"},{\"@type\":\"ListItem\",\"position\":2,\"name\":\"C\u1eeda h\u00e0ng\",\"item\":\"https:\/\/thamtraisanvanphong.com.vn\/?page_id=10\"},{\"@type\":\"ListItem\",\"position\":3,\"name\":\"Th\u1ea3m tr\u1ea3i s\u00e0n t\u1ea5m Colour 02\"}]},{\"@type\":\"WebSite\",\"@id\":\"https:\/\/thamtraisanvanphong.com.vn\/#website\",\"url\":\"https:\/\/thamtraisanvanphong.com.vn\/\",\"name\":\"Thamtraisan\",\"description\":\"Thamtraisangiare\",\"potentialAction\":[{\"@type\":\"SearchAction\",\"target\":{\"@type\":\"EntryPoint\",\"urlTemplate\":\"https:\/\/thamtraisanvanphong.com.vn\/?s={search_term_string}\"},\"query-input\":\"required name=search_term_string\"}],\"inLanguage\":\"vi\"}]}<\/script>\n<!-- \/ Yoast SEO Premium plugin. -->","yoast_head_json":{"title":"Th\u1ea3m tr\u1ea3i s\u00e0n t\u1ea5m Colour 02 phong c\u00e1ch \u0111\u01a1n gi\u1ea3n \u0111\u1ebfn tinh t\u1ebf","description":"Th\u1ea3m t\u1ea5m clour 02 l\u00e0 th\u1ea3m tr\u1ea3i s\u00e0n v\u0103n ph\u00f2ng \u0111\u01b0\u1ee3c \u01b0u chu\u1ed9ng b\u1edbi thi\u1ebft k\u1ebf \u0111\u01a1n gi\u1ea3n tinh t\u1ebf, d\u1ec5 thi c\u00f4ng \u0111em l\u1ea1i tr\u1ea3i nghi\u1ec7m t\u1ed1t cho ng\u01b0\u1eddi d\u00f9ng.","robots":{"index":"index","follow":"follow","max-snippet":"max-snippet:-1","max-image-preview":"max-image-preview:large","max-video-preview":"max-video-preview:-1"},"canonical":"https:\/\/thamtraisanvanphong.com.vn\/?product=tham-tam-colour-02","og_locale":"vi_VN","og_type":"article","og_title":"Th\u1ea3m tr\u1ea3i s\u00e0n t\u1ea5m Colour 02","og_description":"Th\u1ea3m t\u1ea5m clour 02 l\u00e0 th\u1ea3m tr\u1ea3i s\u00e0n v\u0103n ph\u00f2ng \u0111\u01b0\u1ee3c \u01b0u chu\u1ed9ng b\u1edbi thi\u1ebft k\u1ebf \u0111\u01a1n gi\u1ea3n tinh t\u1ebf, d\u1ec5 thi c\u00f4ng \u0111em l\u1ea1i tr\u1ea3i nghi\u1ec7m t\u1ed1t cho ng\u01b0\u1eddi d\u00f9ng.","og_url":"https:\/\/thamtraisanvanphong.com.vn\/?product=tham-tam-colour-02","og_site_name":"Thamtraisan","article_modified_time":"2026-04-20T03:53:40+00:00","og_image":[{"width":567,"height":573,"url":"https:\/\/thamtraisanvanphong.com.vn\/wp-content\/uploads\/2026\/04\/Tham-tam-COLOUR-02.png","type":"image\/png"}],"twitter_card":"summary_large_image","twitter_misc":{"\u01af\u1edbc t\u00ednh th\u1eddi gian \u0111\u1ecdc":"2 ph\u00fat"},"schema":{"@context":"https:\/\/schema.org","@graph":[{"@type":"WebPage","@id":"https:\/\/thamtraisanvanphong.com.vn\/?product=tham-tam-colour-02","url":"https:\/\/thamtraisanvanphong.com.vn\/?product=tham-tam-colour-02","name":"Th\u1ea3m tr\u1ea3i s\u00e0n t\u1ea5m Colour 02 phong c\u00e1ch \u0111\u01a1n gi\u1ea3n \u0111\u1ebfn tinh t\u1ebf","isPartOf":{"@id":"https:\/\/thamtraisanvanphong.com.vn\/#website"},"datePublished":"2026-04-20T03:30:41+00:00","dateModified":"2026-04-20T03:53:40+00:00","description":"Th\u1ea3m t\u1ea5m clour 02 l\u00e0 th\u1ea3m tr\u1ea3i s\u00e0n v\u0103n ph\u00f2ng \u0111\u01b0\u1ee3c \u01b0u chu\u1ed9ng b\u1edbi thi\u1ebft k\u1ebf \u0111\u01a1n gi\u1ea3n tinh t\u1ebf, d\u1ec5 thi c\u00f4ng \u0111em l\u1ea1i tr\u1ea3i nghi\u1ec7m t\u1ed1t cho ng\u01b0\u1eddi d\u00f9ng.","breadcrumb":{"@id":"https:\/\/thamtraisanvanphong.com.vn\/?product=tham-tam-colour-02#breadcrumb"},"inLanguage":"vi","potentialAction":[{"@type":"ReadAction","target":["https:\/\/thamtraisanvanphong.com.vn\/?product=tham-tam-colour-02"]}]},{"@type":"BreadcrumbList","@id":"https:\/\/thamtraisanvanphong.com.vn\/?product=tham-tam-colour-02#breadcrumb","itemListElement":[{"@type":"ListItem","position":1,"name":"Home","item":"https:\/\/thamtraisanvanphong.com.vn\/"},{"@type":"ListItem","position":2,"name":"C\u1eeda h\u00e0ng","item":"https:\/\/thamtraisanvanphong.com.vn\/?page_id=10"},{"@type":"ListItem","position":3,"name":"Th\u1ea3m tr\u1ea3i s\u00e0n t\u1ea5m Colour 02"}]},{"@type":"WebSite","@id":"https:\/\/thamtraisanvanphong.com.vn\/#website","url":"https:\/\/thamtraisanvanphong.com.vn\/","name":"Thamtraisan","description":"Thamtraisangiare","potentialAction":[{"@type":"SearchAction","target":{"@type":"EntryPoint","urlTemplate":"https:\/\/thamtraisanvanphong.com.vn\/?s={search_term_string}"},"query-input":"required name=search_term_string"}],"inLanguage":"vi"}]}},"_links":{"self":[{"href":"https:\/\/thamtraisanvanphong.com.vn\/index.php?rest_route=\/wp\/v2\/product\/973","targetHints":{"allow":["GET"]}}],"collection":[{"href":"https:\/\/thamtraisanvanphong.com.vn\/index.php?rest_route=\/wp\/v2\/product"}],"about":[{"href":"https:\/\/thamtraisanvanphong.com.vn\/index.php?rest_route=\/wp\/v2\/types\/product"}],"replies":[{"embeddable":true,"href":"https:\/\/thamtraisanvanphong.com.vn\/index.php?rest_route=%2Fwp%2Fv2%2Fcomments&post=973"}],"wp:featuredmedia":[{"embeddable":true,"href":"https:\/\/thamtraisanvanphong.com.vn\/index.php?rest_route=\/wp\/v2\/media\/967"}],"wp:attachment":[{"href":"https:\/\/thamtraisanvanphong.com.vn\/index.php?rest_route=%2Fwp%2Fv2%2Fmedia&parent=973"}],"wp:term":[{"taxonomy":"product_cat","embeddable":true,"href":"https:\/\/thamtraisanvanphong.com.vn\/index.php?rest_route=%2Fwp%2Fv2%2Fproduct_cat&post=973"},{"taxonomy":"product_tag","embeddable":true,"href":"https:\/\/thamtraisanvanphong.com.vn\/index.php?rest_route=%2Fwp%2Fv2%2Fproduct_tag&post=973"}],"curies":[{"name":"wp","href":"https:\/\/api.w.org\/{rel}","templated":true}]}}