{"id":979,"date":"2026-04-20T17:45:41","date_gmt":"2026-04-20T10:45:41","guid":{"rendered":"https:\/\/thamtraisanvanphong.com.vn\/?post_type=product&#038;p=979"},"modified":"2026-04-20T17:45:43","modified_gmt":"2026-04-20T10:45:43","slug":"thamdecaosufanci01","status":"publish","type":"product","link":"https:\/\/thamtraisanvanphong.com.vn\/?product=thamdecaosufanci01","title":{"rendered":"Th\u1ea3m t\u1ea5m cao su Fanci 01"},"content":{"rendered":"<h2 class=\"\" data-start=\"217\" data-end=\"320\"><strong data-start=\"220\" data-end=\"320\">Th\u1ea3m Tr\u1ea3i S\u00e0n D\u1ea1ng T\u1ea5m \u0110\u1ebf cao su FANCI 01 | X\u00e1m S\u1ecdc Tr\u1eafng T\u1ed1i Gi\u1ea3n \u2013 \u0110\u1ebf Ch\u1ed1ng \u1ea8m \u2013 Th\u1ea9m M\u1ef9 Cao C\u1ea5p<\/strong><\/h2>\n<h3 class=\"\" data-start=\"322\" data-end=\"421\"><strong data-start=\"326\" data-end=\"421\">Phong c\u00e1ch hi\u1ec7n \u0111\u1ea1i \u2013 \u1ee8ng d\u1ee5ng linh ho\u1ea1t \u2013 Gi\u1ea3i ph\u00e1p t\u1ed1i \u01b0u cho kh\u00f4ng gian n\u1ed9i th\u1ea5t cao c\u1ea5p<\/strong><\/h3>\n<p class=\"\" data-start=\"423\" data-end=\"838\"><strong data-start=\"423\" data-end=\"435\">FANCI 01<\/strong>\u00a0l\u00e0 m\u1eabu\u00a0<strong data-start=\"443\" data-end=\"469\">th\u1ea3m tr\u1ea3i s\u00e0n d\u1ea1ng t\u1ea5m<\/strong>\u00a0thu\u1ed9c d\u00f2ng cao c\u1ea5p, s\u1edf h\u1eefu\u00a0<strong data-start=\"497\" data-end=\"533\">t\u00f4ng x\u00e1m s\u00e1ng ph\u1ed1i s\u1ecdc tr\u1eafng b\u1ea1c<\/strong>\u00a0ch\u1ea1y d\u1ecdc \u0111\u1ec1u, mang \u0111\u1ebfn c\u1ea3m gi\u00e1c r\u1ed9ng r\u00e3i, thanh l\u1ecbch v\u00e0 sang tr\u1ecdng cho kh\u00f4ng gian. V\u1edbi k\u1ebft c\u1ea5u\u00a0<strong data-start=\"629\" data-end=\"657\">\u0111\u1ebf nh\u1ef1a bitumen si\u00eau b\u1ec1n<\/strong>, th\u1ea3m ch\u1ed1ng \u1ea9m hi\u1ec7u qu\u1ea3, gi\u1eef phom ch\u1eafc ch\u1eafn v\u00e0 ph\u00f9 h\u1ee3p s\u1eed d\u1ee5ng cho c\u00e1c kh\u00f4ng gian n\u1ed9i th\u1ea5t \u0111\u00f2i h\u1ecfi t\u00ednh th\u1ea9m m\u1ef9 cao nh\u01b0 v\u0103n ph\u00f2ng hi\u1ec7n \u0111\u1ea1i, ph\u00f2ng h\u1ecdp, s\u1ea3nh kh\u00e1ch s\u1ea1n ho\u1eb7c showroom.<\/p>\n<p class=\"\" data-start=\"423\" data-end=\"838\">\u00a0<strong data-start=\"851\" data-end=\"883\">\u01afu \u0111i\u1ec3m n\u1ed5i b\u1eadt c\u1ee7a FANCI 01<\/strong><\/p>\n<h3 data-start=\"845\" data-end=\"883\"><\/h3>\n<ul data-start=\"885\" data-end=\"1353\">\n<li class=\"\" data-start=\"885\" data-end=\"964\">\n<p class=\"\" data-start=\"887\" data-end=\"964\"><strong data-start=\"887\" data-end=\"962\">T\u00f4ng x\u00e1m s\u00e1ng ph\u1ed1i s\u1ecdc tr\u1eafng \u2013 t\u1ed1i gi\u1ea3n, sang tr\u1ecdng, m\u1edf r\u1ed9ng kh\u00f4ng gian<\/strong><\/p>\n<\/li>\n<li class=\"\" data-start=\"965\" data-end=\"1050\">\n<p class=\"\" data-start=\"967\" data-end=\"1050\"><strong data-start=\"967\" data-end=\"1048\">D\u1ec7t v\u00e2n s\u1ecdc \u0111\u1ec1u \u2013 t\u1ea1o c\u1ea3m gi\u00e1c g\u1ecdn g\u00e0ng, tinh t\u1ebf, ph\u00f9 h\u1ee3p phong c\u00e1ch hi\u1ec7n \u0111\u1ea1i<\/strong><\/p>\n<\/li>\n<li class=\"\" data-start=\"1051\" data-end=\"1128\">\n<p class=\"\" data-start=\"1053\" data-end=\"1128\"><strong data-start=\"1053\" data-end=\"1126\">\u0110\u1ebf nh\u1ef1a Bitumen \u2013 ch\u1ed1ng \u1ea9m m\u1ed1c, gi\u1eef form, b\u00e1m s\u00e0n t\u1ed1t, thi c\u00f4ng nhanh<\/strong><\/p>\n<\/li>\n<li class=\"\" data-start=\"1129\" data-end=\"1196\">\n<p class=\"\" data-start=\"1131\" data-end=\"1196\"><strong data-start=\"1131\" data-end=\"1194\">S\u1ee3i t\u1ed5ng h\u1ee3p cao c\u1ea5p \u2013 ch\u1ed1ng x\u00f9, kh\u00f4ng phai m\u00e0u, d\u1ec5 v\u1ec7 sinh<\/strong><\/p>\n<\/li>\n<li class=\"\" data-start=\"1197\" data-end=\"1271\">\n<p class=\"\" data-start=\"1199\" data-end=\"1271\"><strong data-start=\"1199\" data-end=\"1269\">Thi\u1ebft k\u1ebf d\u1ea1ng t\u1ea5m 50x50cm \u2013 d\u1ec5 thay th\u1ebf, d\u1ec5 t\u1ea1o hoa v\u0103n theo chi\u1ec1u<\/strong><\/p>\n<\/li>\n<li class=\"\" data-start=\"1272\" data-end=\"1353\">\n<p class=\"\" data-start=\"1274\" data-end=\"1353\"><strong data-start=\"1274\" data-end=\"1353\">Ch\u1ed1ng tr\u01a1n \u2013 c\u00e1ch \u00e2m t\u1ed1t \u2013 s\u1eed d\u1ee5ng b\u1ec1n trong m\u00f4i tr\u01b0\u1eddng nhi\u1ec1u ng\u01b0\u1eddi qua l\u1ea1i<\/strong><\/p>\n<\/li>\n<li class=\"\" data-start=\"1272\" data-end=\"1353\">\n<p class=\"\" data-start=\"1274\" data-end=\"1353\"><span style=\"font-size: 20.16px; color: #333333;\">\u00a0<\/span><strong style=\"font-size: 20.16px; color: #333333;\" data-start=\"1367\" data-end=\"1397\">Th\u00f4ng s\u1ed1 k\u1ef9 thu\u1eadt s\u1ea3n ph\u1ea9m<\/strong><\/p>\n<\/li>\n<\/ul>\n<ul data-start=\"1399\" data-end=\"1677\">\n<li class=\"\" data-start=\"1399\" data-end=\"1428\">\n<p class=\"\" data-start=\"1401\" data-end=\"1428\"><strong data-start=\"1401\" data-end=\"1416\">M\u00e3 s\u1ea3n ph\u1ea9m<\/strong>: FANCI 01<\/p>\n<\/li>\n<li class=\"\" data-start=\"1429\" data-end=\"1468\">\n<p class=\"\" data-start=\"1431\" data-end=\"1468\"><strong data-start=\"1431\" data-end=\"1444\">Lo\u1ea1i th\u1ea3m<\/strong>: D\u1ea1ng t\u1ea5m 50cm x 50cm<\/p>\n<\/li>\n<li class=\"\" data-start=\"1469\" data-end=\"1507\">\n<p class=\"\" data-start=\"1471\" data-end=\"1507\"><strong data-start=\"1471\" data-end=\"1482\">\u0110\u1ebf th\u1ea3m<\/strong>: Nh\u1ef1a Bitumen ch\u1ed1ng \u1ea9m<\/p>\n<\/li>\n<li class=\"\" data-start=\"1508\" data-end=\"1549\">\n<p class=\"\" data-start=\"1510\" data-end=\"1549\"><strong data-start=\"1510\" data-end=\"1527\">Ch\u1ea5t li\u1ec7u s\u1ee3i<\/strong>: Polypropylene (PP)<\/p>\n<\/li>\n<li class=\"\" data-start=\"1550\" data-end=\"1572\">\n<p class=\"\" data-start=\"1552\" data-end=\"1572\"><strong data-start=\"1552\" data-end=\"1562\">\u0110\u1ed9 d\u00e0y<\/strong>: ~6\u20137mm<\/p>\n<\/li>\n<li class=\"\" data-start=\"1573\" data-end=\"1626\">\n<p class=\"\" data-start=\"1575\" data-end=\"1626\"><strong data-start=\"1575\" data-end=\"1585\">B\u1ec1 m\u1eb7t<\/strong>: D\u1ec7t v\u00f2ng \u0111\u1ec1u (loop pile), s\u1ecdc d\u1ecdc nh\u1eb9<\/p>\n<\/li>\n<li class=\"\" data-start=\"1627\" data-end=\"1677\">\n<p class=\"\" data-start=\"1629\" data-end=\"1677\"><strong data-start=\"1629\" data-end=\"1648\">M\u00e0u s\u1eafc th\u1ef1c t\u1ebf<\/strong>: X\u00e1m b\u1ea1c ph\u1ed1i tr\u1eafng hi\u1ec7n \u0111\u1ea1i<\/p>\n<\/li>\n<\/ul>\n<h3 data-start=\"1684\" data-end=\"1712\"><\/h3>\n<h3 class=\"\" data-start=\"1684\" data-end=\"1712\">\u00a0<strong data-start=\"1691\" data-end=\"1712\">\u1ee8ng d\u1ee5ng ph\u1ed5 bi\u1ebfn<\/strong><\/h3>\n<ul data-start=\"1714\" data-end=\"1930\">\n<li class=\"\" data-start=\"1714\" data-end=\"1771\">\n<p class=\"\" data-start=\"1716\" data-end=\"1771\"><strong data-start=\"1716\" data-end=\"1769\">V\u0103n ph\u00f2ng cao c\u1ea5p, ph\u00f2ng h\u1ecdp, kh\u00f4ng gian gi\u00e1m \u0111\u1ed1c<\/strong><\/p>\n<\/li>\n<li class=\"\" data-start=\"1772\" data-end=\"1834\">\n<p class=\"\" data-start=\"1774\" data-end=\"1834\"><strong data-start=\"1774\" data-end=\"1814\">S\u1ea3nh kh\u00e1ch s\u1ea1n, trung t\u00e2m th\u01b0\u01a1ng m\u1ea1i<\/strong>, c\u1eeda h\u00e0ng cao c\u1ea5p<\/p>\n<\/li>\n<li class=\"\" data-start=\"1835\" data-end=\"1889\">\n<p class=\"\" data-start=\"1837\" data-end=\"1889\"><strong data-start=\"1837\" data-end=\"1856\">C\u0103n h\u1ed9 hi\u1ec7n \u0111\u1ea1i<\/strong>, nh\u00e0 ph\u1ed1, ph\u00f2ng kh\u00e1ch t\u1ed1i gi\u1ea3n<\/p>\n<\/li>\n<li class=\"\" data-start=\"1890\" data-end=\"1930\">\n<p class=\"\" data-start=\"1892\" data-end=\"1930\"><strong data-start=\"1892\" data-end=\"1930\">Showroom n\u1ed9i th\u1ea5t, studio thi\u1ebft k\u1ebf<\/strong><\/p>\n<\/li>\n<\/ul>\n","protected":false},"excerpt":{"rendered":"<h3 class=\"\" data-start=\"1360\" data-end=\"1397\"><strong data-start=\"1367\" data-end=\"1397\">Th\u00f4ng s\u1ed1 k\u1ef9 thu\u1eadt s\u1ea3n ph\u1ea9m<\/strong><\/h3>\n<ul data-start=\"1399\" data-end=\"1677\">\n<li class=\"\" data-start=\"1399\" data-end=\"1428\">\n<p class=\"\" data-start=\"1401\" data-end=\"1428\"><strong data-start=\"1401\" data-end=\"1416\">M\u00e3 s\u1ea3n ph\u1ea9m<\/strong>: FANCI 01<\/p>\n<\/li>\n<li class=\"\" data-start=\"1429\" data-end=\"1468\">\n<p class=\"\" data-start=\"1431\" data-end=\"1468\"><strong data-start=\"1431\" data-end=\"1444\">Lo\u1ea1i th\u1ea3m<\/strong>: D\u1ea1ng t\u1ea5m 50cm x 50cm<\/p>\n<\/li>\n<li class=\"\" data-start=\"1469\" data-end=\"1507\">\n<p class=\"\" data-start=\"1471\" data-end=\"1507\"><strong data-start=\"1471\" data-end=\"1482\">\u0110\u1ebf th\u1ea3m<\/strong>: Nh\u1ef1a Bitumen ch\u1ed1ng \u1ea9m<\/p>\n<\/li>\n<li class=\"\" data-start=\"1508\" data-end=\"1549\">\n<p class=\"\" data-start=\"1510\" data-end=\"1549\"><strong data-start=\"1510\" data-end=\"1527\">Ch\u1ea5t li\u1ec7u s\u1ee3i<\/strong>: Polypropylene (PP)<\/p>\n<\/li>\n<li class=\"\" data-start=\"1550\" data-end=\"1572\">\n<p class=\"\" data-start=\"1552\" data-end=\"1572\"><strong data-start=\"1552\" data-end=\"1562\">\u0110\u1ed9 d\u00e0y<\/strong>: ~6\u20137mm<\/p>\n<\/li>\n<li class=\"\" data-start=\"1573\" data-end=\"1626\">\n<p class=\"\" data-start=\"1575\" data-end=\"1626\"><strong data-start=\"1575\" data-end=\"1585\">B\u1ec1 m\u1eb7t<\/strong>: D\u1ec7t v\u00f2ng \u0111\u1ec1u (loop pile), s\u1ecdc d\u1ecdc nh\u1eb9<\/p>\n<\/li>\n<li class=\"\" data-start=\"1627\" data-end=\"1677\">\n<p class=\"\" data-start=\"1629\" data-end=\"1677\"><strong data-start=\"1629\" data-end=\"1648\">M\u00e0u s\u1eafc th\u1ef1c t\u1ebf<\/strong>: X\u00e1m b\u1ea1c ph\u1ed1i tr\u1eafng hi\u1ec7n \u0111\u1ea1i<\/p>\n<\/li>\n<\/ul>\n","protected":false},"featured_media":985,"comment_status":"open","ping_status":"closed","template":"","meta":[],"product_cat":[227],"product_tag":[228,229,230,231],"class_list":{"0":"post-979","1":"product","2":"type-product","3":"status-publish","4":"has-post-thumbnail","6":"product_cat-tham-tam-de-cao-su-fanci","7":"product_tag-tham-de-nhua-bitumen-cao-cap","8":"product_tag-tham-tam-xam-soc-trang","9":"product_tag-tham-trai-san-fanci-01","10":"product_tag-tham-trai-san-van-phong-hien-dai","12":"first","13":"instock","14":"sale","15":"shipping-taxable","16":"purchasable","17":"product-type-simple"},"yoast_head":"<!-- This site is optimized with the Yoast SEO Premium plugin v20.12 (Yoast SEO v20.12) - https:\/\/yoast.com\/wordpress\/plugins\/seo\/ -->\n<title>Th\u1ea3m t\u1ea5m cao su Fanci 01 cao c\u1ea5p \u0111em \u0111\u1ebfn kh\u00f4ng gian sang tr\u1ecdng<\/title>\n<meta name=\"description\" content=\"Th\u1ea3m t\u1ea5m \u0111\u1ebf cao su Fanci l\u00e0 s\u1ea3n ph\u1ea9m c\u00f3 \u0111\u01b0\u1eddng n\u00e9t tinh t\u1ebf cao, ph\u00fa h\u1ee3p v\u1edbi kh\u00f4ng gian v\u0103n ph\u00f2ng \u0111\u01a1n gi\u1ea3n m\u00e0 sang tr\u1ecdng, \u0111em l\u1ea1i cho kh\u00e1ch h\u00e0ng tr\u1ea3i nghi\u1ec7m m\u1edbi\" \/>\n<meta name=\"robots\" content=\"index, follow, max-snippet:-1, max-image-preview:large, max-video-preview:-1\" \/>\n<link rel=\"canonical\" href=\"https:\/\/thamtraisanvanphong.com.vn\/?product=thamdecaosufanci01\" \/>\n<meta property=\"og:locale\" content=\"vi_VN\" \/>\n<meta property=\"og:type\" content=\"article\" \/>\n<meta property=\"og:title\" content=\"Th\u1ea3m t\u1ea5m cao su Fanci 01\" \/>\n<meta property=\"og:description\" content=\"Th\u1ea3m t\u1ea5m \u0111\u1ebf cao su Fanci l\u00e0 s\u1ea3n ph\u1ea9m c\u00f3 \u0111\u01b0\u1eddng n\u00e9t tinh t\u1ebf cao, ph\u00fa h\u1ee3p v\u1edbi kh\u00f4ng gian v\u0103n ph\u00f2ng \u0111\u01a1n gi\u1ea3n m\u00e0 sang tr\u1ecdng, \u0111em l\u1ea1i cho kh\u00e1ch h\u00e0ng tr\u1ea3i nghi\u1ec7m m\u1edbi\" \/>\n<meta property=\"og:url\" content=\"https:\/\/thamtraisanvanphong.com.vn\/?product=thamdecaosufanci01\" \/>\n<meta property=\"og:site_name\" content=\"Thamtraisan\" \/>\n<meta property=\"article:modified_time\" content=\"2026-04-20T10:45:43+00:00\" \/>\n<meta property=\"og:image\" content=\"https:\/\/thamtraisanvanphong.com.vn\/wp-content\/uploads\/2026\/04\/Tham-tam-caosu-fanci01.png\" \/>\n\t<meta property=\"og:image:width\" content=\"767\" \/>\n\t<meta property=\"og:image:height\" content=\"777\" \/>\n\t<meta property=\"og:image:type\" content=\"image\/png\" \/>\n<meta name=\"twitter:card\" content=\"summary_large_image\" \/>\n<meta name=\"twitter:label1\" content=\"\u01af\u1edbc t\u00ednh th\u1eddi gian \u0111\u1ecdc\" \/>\n\t<meta name=\"twitter:data1\" content=\"2 ph\u00fat\" \/>\n<script type=\"application\/ld+json\" class=\"yoast-schema-graph\">{\"@context\":\"https:\/\/schema.org\",\"@graph\":[{\"@type\":\"WebPage\",\"@id\":\"https:\/\/thamtraisanvanphong.com.vn\/?product=thamdecaosufanci01\",\"url\":\"https:\/\/thamtraisanvanphong.com.vn\/?product=thamdecaosufanci01\",\"name\":\"Th\u1ea3m t\u1ea5m cao su Fanci 01 cao c\u1ea5p \u0111em \u0111\u1ebfn kh\u00f4ng gian sang tr\u1ecdng\",\"isPartOf\":{\"@id\":\"https:\/\/thamtraisanvanphong.com.vn\/#website\"},\"datePublished\":\"2026-04-20T10:45:41+00:00\",\"dateModified\":\"2026-04-20T10:45:43+00:00\",\"description\":\"Th\u1ea3m t\u1ea5m \u0111\u1ebf cao su Fanci l\u00e0 s\u1ea3n ph\u1ea9m c\u00f3 \u0111\u01b0\u1eddng n\u00e9t tinh t\u1ebf cao, ph\u00fa h\u1ee3p v\u1edbi kh\u00f4ng gian v\u0103n ph\u00f2ng \u0111\u01a1n gi\u1ea3n m\u00e0 sang tr\u1ecdng, \u0111em l\u1ea1i cho kh\u00e1ch h\u00e0ng tr\u1ea3i nghi\u1ec7m m\u1edbi\",\"breadcrumb\":{\"@id\":\"https:\/\/thamtraisanvanphong.com.vn\/?product=thamdecaosufanci01#breadcrumb\"},\"inLanguage\":\"vi\",\"potentialAction\":[{\"@type\":\"ReadAction\",\"target\":[\"https:\/\/thamtraisanvanphong.com.vn\/?product=thamdecaosufanci01\"]}]},{\"@type\":\"BreadcrumbList\",\"@id\":\"https:\/\/thamtraisanvanphong.com.vn\/?product=thamdecaosufanci01#breadcrumb\",\"itemListElement\":[{\"@type\":\"ListItem\",\"position\":1,\"name\":\"Home\",\"item\":\"https:\/\/thamtraisanvanphong.com.vn\/\"},{\"@type\":\"ListItem\",\"position\":2,\"name\":\"C\u1eeda h\u00e0ng\",\"item\":\"https:\/\/thamtraisanvanphong.com.vn\/?page_id=10\"},{\"@type\":\"ListItem\",\"position\":3,\"name\":\"Th\u1ea3m t\u1ea5m cao su Fanci 01\"}]},{\"@type\":\"WebSite\",\"@id\":\"https:\/\/thamtraisanvanphong.com.vn\/#website\",\"url\":\"https:\/\/thamtraisanvanphong.com.vn\/\",\"name\":\"Thamtraisan\",\"description\":\"Thamtraisangiare\",\"potentialAction\":[{\"@type\":\"SearchAction\",\"target\":{\"@type\":\"EntryPoint\",\"urlTemplate\":\"https:\/\/thamtraisanvanphong.com.vn\/?s={search_term_string}\"},\"query-input\":\"required name=search_term_string\"}],\"inLanguage\":\"vi\"}]}<\/script>\n<!-- \/ Yoast SEO Premium plugin. -->","yoast_head_json":{"title":"Th\u1ea3m t\u1ea5m cao su Fanci 01 cao c\u1ea5p \u0111em \u0111\u1ebfn kh\u00f4ng gian sang tr\u1ecdng","description":"Th\u1ea3m t\u1ea5m \u0111\u1ebf cao su Fanci l\u00e0 s\u1ea3n ph\u1ea9m c\u00f3 \u0111\u01b0\u1eddng n\u00e9t tinh t\u1ebf cao, ph\u00fa h\u1ee3p v\u1edbi kh\u00f4ng gian v\u0103n ph\u00f2ng \u0111\u01a1n gi\u1ea3n m\u00e0 sang tr\u1ecdng, \u0111em l\u1ea1i cho kh\u00e1ch h\u00e0ng tr\u1ea3i nghi\u1ec7m m\u1edbi","robots":{"index":"index","follow":"follow","max-snippet":"max-snippet:-1","max-image-preview":"max-image-preview:large","max-video-preview":"max-video-preview:-1"},"canonical":"https:\/\/thamtraisanvanphong.com.vn\/?product=thamdecaosufanci01","og_locale":"vi_VN","og_type":"article","og_title":"Th\u1ea3m t\u1ea5m cao su Fanci 01","og_description":"Th\u1ea3m t\u1ea5m \u0111\u1ebf cao su Fanci l\u00e0 s\u1ea3n ph\u1ea9m c\u00f3 \u0111\u01b0\u1eddng n\u00e9t tinh t\u1ebf cao, ph\u00fa h\u1ee3p v\u1edbi kh\u00f4ng gian v\u0103n ph\u00f2ng \u0111\u01a1n gi\u1ea3n m\u00e0 sang tr\u1ecdng, \u0111em l\u1ea1i cho kh\u00e1ch h\u00e0ng tr\u1ea3i nghi\u1ec7m m\u1edbi","og_url":"https:\/\/thamtraisanvanphong.com.vn\/?product=thamdecaosufanci01","og_site_name":"Thamtraisan","article_modified_time":"2026-04-20T10:45:43+00:00","og_image":[{"width":767,"height":777,"url":"https:\/\/thamtraisanvanphong.com.vn\/wp-content\/uploads\/2026\/04\/Tham-tam-caosu-fanci01.png","type":"image\/png"}],"twitter_card":"summary_large_image","twitter_misc":{"\u01af\u1edbc t\u00ednh th\u1eddi gian \u0111\u1ecdc":"2 ph\u00fat"},"schema":{"@context":"https:\/\/schema.org","@graph":[{"@type":"WebPage","@id":"https:\/\/thamtraisanvanphong.com.vn\/?product=thamdecaosufanci01","url":"https:\/\/thamtraisanvanphong.com.vn\/?product=thamdecaosufanci01","name":"Th\u1ea3m t\u1ea5m cao su Fanci 01 cao c\u1ea5p \u0111em \u0111\u1ebfn kh\u00f4ng gian sang tr\u1ecdng","isPartOf":{"@id":"https:\/\/thamtraisanvanphong.com.vn\/#website"},"datePublished":"2026-04-20T10:45:41+00:00","dateModified":"2026-04-20T10:45:43+00:00","description":"Th\u1ea3m t\u1ea5m \u0111\u1ebf cao su Fanci l\u00e0 s\u1ea3n ph\u1ea9m c\u00f3 \u0111\u01b0\u1eddng n\u00e9t tinh t\u1ebf cao, ph\u00fa h\u1ee3p v\u1edbi kh\u00f4ng gian v\u0103n ph\u00f2ng \u0111\u01a1n gi\u1ea3n m\u00e0 sang tr\u1ecdng, \u0111em l\u1ea1i cho kh\u00e1ch h\u00e0ng tr\u1ea3i nghi\u1ec7m m\u1edbi","breadcrumb":{"@id":"https:\/\/thamtraisanvanphong.com.vn\/?product=thamdecaosufanci01#breadcrumb"},"inLanguage":"vi","potentialAction":[{"@type":"ReadAction","target":["https:\/\/thamtraisanvanphong.com.vn\/?product=thamdecaosufanci01"]}]},{"@type":"BreadcrumbList","@id":"https:\/\/thamtraisanvanphong.com.vn\/?product=thamdecaosufanci01#breadcrumb","itemListElement":[{"@type":"ListItem","position":1,"name":"Home","item":"https:\/\/thamtraisanvanphong.com.vn\/"},{"@type":"ListItem","position":2,"name":"C\u1eeda h\u00e0ng","item":"https:\/\/thamtraisanvanphong.com.vn\/?page_id=10"},{"@type":"ListItem","position":3,"name":"Th\u1ea3m t\u1ea5m cao su Fanci 01"}]},{"@type":"WebSite","@id":"https:\/\/thamtraisanvanphong.com.vn\/#website","url":"https:\/\/thamtraisanvanphong.com.vn\/","name":"Thamtraisan","description":"Thamtraisangiare","potentialAction":[{"@type":"SearchAction","target":{"@type":"EntryPoint","urlTemplate":"https:\/\/thamtraisanvanphong.com.vn\/?s={search_term_string}"},"query-input":"required name=search_term_string"}],"inLanguage":"vi"}]}},"_links":{"self":[{"href":"https:\/\/thamtraisanvanphong.com.vn\/index.php?rest_route=\/wp\/v2\/product\/979","targetHints":{"allow":["GET"]}}],"collection":[{"href":"https:\/\/thamtraisanvanphong.com.vn\/index.php?rest_route=\/wp\/v2\/product"}],"about":[{"href":"https:\/\/thamtraisanvanphong.com.vn\/index.php?rest_route=\/wp\/v2\/types\/product"}],"replies":[{"embeddable":true,"href":"https:\/\/thamtraisanvanphong.com.vn\/index.php?rest_route=%2Fwp%2Fv2%2Fcomments&post=979"}],"wp:featuredmedia":[{"embeddable":true,"href":"https:\/\/thamtraisanvanphong.com.vn\/index.php?rest_route=\/wp\/v2\/media\/985"}],"wp:attachment":[{"href":"https:\/\/thamtraisanvanphong.com.vn\/index.php?rest_route=%2Fwp%2Fv2%2Fmedia&parent=979"}],"wp:term":[{"taxonomy":"product_cat","embeddable":true,"href":"https:\/\/thamtraisanvanphong.com.vn\/index.php?rest_route=%2Fwp%2Fv2%2Fproduct_cat&post=979"},{"taxonomy":"product_tag","embeddable":true,"href":"https:\/\/thamtraisanvanphong.com.vn\/index.php?rest_route=%2Fwp%2Fv2%2Fproduct_tag&post=979"}],"curies":[{"name":"wp","href":"https:\/\/api.w.org\/{rel}","templated":true}]}}