{"id":986,"date":"2026-04-20T17:46:34","date_gmt":"2026-04-20T10:46:34","guid":{"rendered":"https:\/\/thamtraisanvanphong.com.vn\/?post_type=product&#038;p=986"},"modified":"2026-04-20T17:48:39","modified_gmt":"2026-04-20T10:48:39","slug":"thamdecaosufanci04","status":"publish","type":"product","link":"https:\/\/thamtraisanvanphong.com.vn\/?product=thamdecaosufanci04","title":{"rendered":"Th\u1ea3m t\u1ea5m cao su Fanci 04"},"content":{"rendered":"<h3 class=\"\" data-start=\"339\" data-end=\"436\"><strong data-start=\"343\" data-end=\"436\">Thi\u1ebft k\u1ebf hi\u1ec7n \u0111\u1ea1i \u2013 Ch\u1ed1ng \u1ea9m hi\u1ec7u qu\u1ea3 \u2013 L\u1ef1a ch\u1ecdn l\u00fd t\u01b0\u1edfng cho v\u0103n ph\u00f2ng v\u00e0 c\u0103n h\u1ed9 cao c\u1ea5p<\/strong><\/h3>\n<p class=\"\" data-start=\"438\" data-end=\"861\"><strong data-start=\"438\" data-end=\"450\">FANCI 04<\/strong>\u00a0l\u00e0 m\u1eabu\u00a0<strong data-start=\"458\" data-end=\"486\">th\u1ea3m t\u1ea5m \u0111\u1ebf nh\u1ef1a bitumen<\/strong>\u00a0cao c\u1ea5p v\u1edbi thi\u1ebft k\u1ebf\u00a0<strong data-start=\"508\" data-end=\"545\">v\u00e2n s\u1ecdc d\u1ecdc x\u00e1m tro ph\u1ed1i ghi nh\u1ea1t<\/strong>, t\u1ea1o c\u1ea3m gi\u00e1c hi\u1ec7n \u0111\u1ea1i, h\u00e0i h\u00f2a v\u00e0 chuy\u00ean nghi\u1ec7p. Nh\u1edd thi\u1ebft k\u1ebf d\u1ea1ng t\u1ea5m 50x50cm, FANCI 04 gi\u00fap d\u1ec5 d\u00e0ng l\u1eafp \u0111\u1eb7t, thay th\u1ebf t\u1eebng khu v\u1ef1c v\u00e0 linh ho\u1ea1t ph\u1ed1i hoa v\u0103n theo \u00fd t\u01b0\u1edfng. \u0110\u1ebf nh\u1ef1a bitumen si\u00eau b\u1ec1n, ch\u1ed1ng \u1ea9m v\u00e0 gi\u1eef phom t\u1ed1t \u2013 \u0111\u00e2y l\u00e0 gi\u1ea3i ph\u00e1p th\u1ea9m m\u1ef9 \u2013 kinh t\u1ebf cho c\u00f4ng tr\u00ecnh v\u0103n ph\u00f2ng, kh\u00e1ch s\u1ea1n, c\u0103n h\u1ed9 hi\u1ec7n \u0111\u1ea1i.<\/p>\n<h3 data-start=\"868\" data-end=\"906\"><\/h3>\n<h3 class=\"\" data-start=\"868\" data-end=\"906\"><strong data-start=\"874\" data-end=\"906\">\u01afu \u0111i\u1ec3m n\u1ed5i b\u1eadt c\u1ee7a FANCI 04<\/strong><\/h3>\n<ul data-start=\"908\" data-end=\"1373\">\n<li class=\"\" data-start=\"908\" data-end=\"982\">\n<p class=\"\" data-start=\"910\" data-end=\"982\"><strong data-start=\"910\" data-end=\"980\">T\u00f4ng x\u00e1m ghi trung t\u00ednh \u2013 d\u1ec5 ph\u1ed1i n\u1ed9i th\u1ea5t, ph\u00f9 h\u1ee3p m\u1ecdi phong c\u00e1ch<\/strong><\/p>\n<\/li>\n<li class=\"\" data-start=\"983\" data-end=\"1063\">\n<p class=\"\" data-start=\"985\" data-end=\"1063\"><strong data-start=\"985\" data-end=\"1061\">H\u1ecda ti\u1ebft s\u1ecdc d\u1ecdc ph\u1ed1i v\u00e2n loang \u2013 t\u1ea1o chi\u1ec1u s\u00e2u nh\u1eb9 nh\u00e0ng, kh\u00f4ng r\u1ed1i m\u1eaft<\/strong><\/p>\n<\/li>\n<li class=\"\" data-start=\"1064\" data-end=\"1151\">\n<p class=\"\" data-start=\"1066\" data-end=\"1151\"><strong data-start=\"1066\" data-end=\"1149\">D\u1ea1ng t\u1ea5m 50x50cm \u2013 d\u1ec5 thi c\u00f4ng, thay th\u1ebf, linh ho\u1ea1t t\u1ea1o h\u00ecnh theo chi\u1ec1u m\u0169i t\u00ean<\/strong><\/p>\n<\/li>\n<li class=\"\" data-start=\"1152\" data-end=\"1234\">\n<p class=\"\" data-start=\"1154\" data-end=\"1234\"><strong data-start=\"1154\" data-end=\"1232\">\u0110\u1ebf nh\u1ef1a Bitumen cao c\u1ea5p \u2013 ch\u1ed1ng \u1ea9m m\u1ed1c, b\u00e1m s\u00e0n ch\u1eafc ch\u1eafn, kh\u00f4ng cong v\u00eanh<\/strong><\/p>\n<\/li>\n<li class=\"\" data-start=\"1235\" data-end=\"1306\">\n<p class=\"\" data-start=\"1237\" data-end=\"1306\"><strong data-start=\"1237\" data-end=\"1304\">S\u1ee3i PP b\u1ec1n \u0111\u1eb9p \u2013 ch\u1ed1ng x\u00f9 l\u00f4ng, d\u1ec5 v\u1ec7 sinh, ch\u1ed1ng tr\u01a1n hi\u1ec7u qu\u1ea3<\/strong><\/p>\n<\/li>\n<li class=\"\" data-start=\"1307\" data-end=\"1373\">\n<p class=\"\" data-start=\"1309\" data-end=\"1373\"><strong data-start=\"1309\" data-end=\"1373\">C\u00e1ch \u00e2m \u2013 gi\u1eef nhi\u1ec7t t\u1ed1t \u2013 t\u1ea1o kh\u00f4ng gian y\u00ean t\u0129nh v\u00e0 s\u1ea1ch s\u1ebd<\/strong><\/p>\n<\/li>\n<\/ul>\n<h3 class=\"\" data-start=\"1695\" data-end=\"1723\">\u00a0<strong data-start=\"1702\" data-end=\"1723\">\u1ee8ng d\u1ee5ng ph\u1ed5 bi\u1ebfn<\/strong><\/h3>\n<ul data-start=\"1725\" data-end=\"1935\">\n<li class=\"\" data-start=\"1725\" data-end=\"1778\">\n<p class=\"\" data-start=\"1727\" data-end=\"1778\"><strong data-start=\"1727\" data-end=\"1749\">V\u0103n ph\u00f2ng l\u00e0m vi\u1ec7c<\/strong>, ph\u00f2ng h\u1ecdp, khu v\u1ef1c l\u1ec5 t\u00e2n<\/p>\n<\/li>\n<li class=\"\" data-start=\"1779\" data-end=\"1832\">\n<p class=\"\" data-start=\"1781\" data-end=\"1832\"><strong data-start=\"1781\" data-end=\"1799\">C\u0103n h\u1ed9 cao c\u1ea5p<\/strong>, ph\u00f2ng kh\u00e1ch hi\u1ec7n \u0111\u1ea1i, nh\u00e0 ph\u1ed1<\/p>\n<\/li>\n<li class=\"\" data-start=\"1833\" data-end=\"1877\">\n<p class=\"\" data-start=\"1835\" data-end=\"1877\"><strong data-start=\"1835\" data-end=\"1875\">Kh\u00e1ch s\u1ea1n, showroom, studio n\u1ed9i th\u1ea5t<\/strong><\/p>\n<\/li>\n<li class=\"\" data-start=\"1878\" data-end=\"1935\">\n<p class=\"\" data-start=\"1880\" data-end=\"1935\"><strong data-start=\"1880\" data-end=\"1910\">Trung t\u00e2m \u0111\u00e0o t\u1ea1o, l\u1edbp h\u1ecdc<\/strong>, khu v\u1ef1c sinh ho\u1ea1t chung<\/p>\n<\/li>\n<\/ul>\n","protected":false},"excerpt":{"rendered":"<h3 class=\"\" data-start=\"1360\" data-end=\"1397\"><strong data-start=\"1367\" data-end=\"1397\">Th\u00f4ng s\u1ed1 k\u1ef9 thu\u1eadt s\u1ea3n ph\u1ea9m<\/strong><\/h3>\n<ul data-start=\"1399\" data-end=\"1677\">\n<li class=\"\" data-start=\"1399\" data-end=\"1428\">\n<p class=\"\" data-start=\"1401\" data-end=\"1428\"><strong data-start=\"1401\" data-end=\"1416\">M\u00e3 s\u1ea3n ph\u1ea9m<\/strong>: FANCI 04<\/p>\n<\/li>\n<li class=\"\" data-start=\"1429\" data-end=\"1468\">\n<p class=\"\" data-start=\"1431\" data-end=\"1468\"><strong data-start=\"1431\" data-end=\"1444\">Lo\u1ea1i th\u1ea3m<\/strong>: D\u1ea1ng t\u1ea5m 50cm x 50cm<\/p>\n<\/li>\n<li class=\"\" data-start=\"1469\" data-end=\"1507\">\n<p class=\"\" data-start=\"1471\" data-end=\"1507\"><strong data-start=\"1471\" data-end=\"1482\">\u0110\u1ebf th\u1ea3m<\/strong>: Nh\u1ef1a Bitumen ch\u1ed1ng \u1ea9m<\/p>\n<\/li>\n<li class=\"\" data-start=\"1508\" data-end=\"1549\">\n<p class=\"\" data-start=\"1510\" data-end=\"1549\"><strong data-start=\"1510\" data-end=\"1527\">Ch\u1ea5t li\u1ec7u s\u1ee3i<\/strong>: Polypropylene (PP)<\/p>\n<\/li>\n<li class=\"\" data-start=\"1550\" data-end=\"1572\">\n<p class=\"\" data-start=\"1552\" data-end=\"1572\"><strong data-start=\"1552\" data-end=\"1562\">\u0110\u1ed9 d\u00e0y<\/strong>: ~6\u20137mm<\/p>\n<\/li>\n<li class=\"\" data-start=\"1573\" data-end=\"1626\">\n<p class=\"\" data-start=\"1575\" data-end=\"1626\"><strong data-start=\"1575\" data-end=\"1585\">B\u1ec1 m\u1eb7t<\/strong>: D\u1ec7t v\u00f2ng \u0111\u1ec1u (loop pile), s\u1ecdc d\u1ecdc nh\u1eb9<\/p>\n<\/li>\n<li class=\"\" data-start=\"1627\" data-end=\"1677\">\n<p class=\"\" data-start=\"1629\" data-end=\"1677\"><strong data-start=\"1629\" data-end=\"1648\">M\u00e0u s\u1eafc th\u1ef1c t\u1ebf<\/strong>: X\u00e1m b\u1ea1c ph\u1ed1i tr\u1eafng hi\u1ec7n \u0111\u1ea1i<\/p>\n<\/li>\n<\/ul>\n","protected":false},"featured_media":983,"comment_status":"open","ping_status":"closed","template":"","meta":[],"product_cat":[227],"product_tag":[228,232,229,231],"class_list":{"0":"post-986","1":"product","2":"type-product","3":"status-publish","4":"has-post-thumbnail","6":"product_cat-tham-tam-de-cao-su-fanci","7":"product_tag-tham-de-nhua-bitumen-cao-cap","8":"product_tag-tham-tam-cai-su-fanci04","9":"product_tag-tham-tam-xam-soc-trang","10":"product_tag-tham-trai-san-van-phong-hien-dai","12":"first","13":"instock","14":"sale","15":"shipping-taxable","16":"purchasable","17":"product-type-simple"},"yoast_head":"<!-- This site is optimized with the Yoast SEO Premium plugin v20.12 (Yoast SEO v20.12) - https:\/\/yoast.com\/wordpress\/plugins\/seo\/ -->\n<title>Th\u1ea3m t\u1ea5m cao su Fanci 04 cao c\u1ea5p \u0111em \u0111\u1ebfn kh\u00f4ng gian sang tr\u1ecdng<\/title>\n<meta name=\"description\" content=\"Th\u1ea3m t\u1ea5m \u0111\u1ebf cao su Fanci l\u00e0 s\u1ea3n ph\u1ea9m c\u00f3 \u0111\u01b0\u1eddng n\u00e9t tinh t\u1ebf cao, ph\u00fa h\u1ee3p v\u1edbi kh\u00f4ng gian v\u0103n ph\u00f2ng \u0111\u01a1n gi\u1ea3n m\u00e0 sang tr\u1ecdng, \u0111em l\u1ea1i cho kh\u00e1ch h\u00e0ng tr\u1ea3i nghi\u1ec7m m\u1edbi\" \/>\n<meta name=\"robots\" content=\"index, follow, max-snippet:-1, max-image-preview:large, max-video-preview:-1\" \/>\n<link rel=\"canonical\" href=\"https:\/\/thamtraisanvanphong.com.vn\/?product=thamdecaosufanci04\" \/>\n<meta property=\"og:locale\" content=\"vi_VN\" \/>\n<meta property=\"og:type\" content=\"article\" \/>\n<meta property=\"og:title\" content=\"Th\u1ea3m t\u1ea5m cao su Fanci 04\" \/>\n<meta property=\"og:description\" content=\"Th\u1ea3m t\u1ea5m \u0111\u1ebf cao su Fanci l\u00e0 s\u1ea3n ph\u1ea9m c\u00f3 \u0111\u01b0\u1eddng n\u00e9t tinh t\u1ebf cao, ph\u00fa h\u1ee3p v\u1edbi kh\u00f4ng gian v\u0103n ph\u00f2ng \u0111\u01a1n gi\u1ea3n m\u00e0 sang tr\u1ecdng, \u0111em l\u1ea1i cho kh\u00e1ch h\u00e0ng tr\u1ea3i nghi\u1ec7m m\u1edbi\" \/>\n<meta property=\"og:url\" content=\"https:\/\/thamtraisanvanphong.com.vn\/?product=thamdecaosufanci04\" \/>\n<meta property=\"og:site_name\" content=\"Thamtraisan\" \/>\n<meta property=\"article:modified_time\" content=\"2026-04-20T10:48:39+00:00\" \/>\n<meta property=\"og:image\" content=\"https:\/\/thamtraisanvanphong.com.vn\/wp-content\/uploads\/2026\/04\/Tham-tam-caosu-fanci04.png\" \/>\n\t<meta property=\"og:image:width\" content=\"772\" \/>\n\t<meta property=\"og:image:height\" content=\"778\" \/>\n\t<meta property=\"og:image:type\" content=\"image\/png\" \/>\n<meta name=\"twitter:card\" content=\"summary_large_image\" \/>\n<meta name=\"twitter:label1\" content=\"\u01af\u1edbc t\u00ednh th\u1eddi gian \u0111\u1ecdc\" \/>\n\t<meta name=\"twitter:data1\" content=\"2 ph\u00fat\" \/>\n<script type=\"application\/ld+json\" class=\"yoast-schema-graph\">{\"@context\":\"https:\/\/schema.org\",\"@graph\":[{\"@type\":\"WebPage\",\"@id\":\"https:\/\/thamtraisanvanphong.com.vn\/?product=thamdecaosufanci04\",\"url\":\"https:\/\/thamtraisanvanphong.com.vn\/?product=thamdecaosufanci04\",\"name\":\"Th\u1ea3m t\u1ea5m cao su Fanci 04 cao c\u1ea5p \u0111em \u0111\u1ebfn kh\u00f4ng gian sang tr\u1ecdng\",\"isPartOf\":{\"@id\":\"https:\/\/thamtraisanvanphong.com.vn\/#website\"},\"datePublished\":\"2026-04-20T10:46:34+00:00\",\"dateModified\":\"2026-04-20T10:48:39+00:00\",\"description\":\"Th\u1ea3m t\u1ea5m \u0111\u1ebf cao su Fanci l\u00e0 s\u1ea3n ph\u1ea9m c\u00f3 \u0111\u01b0\u1eddng n\u00e9t tinh t\u1ebf cao, ph\u00fa h\u1ee3p v\u1edbi kh\u00f4ng gian v\u0103n ph\u00f2ng \u0111\u01a1n gi\u1ea3n m\u00e0 sang tr\u1ecdng, \u0111em l\u1ea1i cho kh\u00e1ch h\u00e0ng tr\u1ea3i nghi\u1ec7m m\u1edbi\",\"breadcrumb\":{\"@id\":\"https:\/\/thamtraisanvanphong.com.vn\/?product=thamdecaosufanci04#breadcrumb\"},\"inLanguage\":\"vi\",\"potentialAction\":[{\"@type\":\"ReadAction\",\"target\":[\"https:\/\/thamtraisanvanphong.com.vn\/?product=thamdecaosufanci04\"]}]},{\"@type\":\"BreadcrumbList\",\"@id\":\"https:\/\/thamtraisanvanphong.com.vn\/?product=thamdecaosufanci04#breadcrumb\",\"itemListElement\":[{\"@type\":\"ListItem\",\"position\":1,\"name\":\"Home\",\"item\":\"https:\/\/thamtraisanvanphong.com.vn\/\"},{\"@type\":\"ListItem\",\"position\":2,\"name\":\"C\u1eeda h\u00e0ng\",\"item\":\"https:\/\/thamtraisanvanphong.com.vn\/?page_id=10\"},{\"@type\":\"ListItem\",\"position\":3,\"name\":\"Th\u1ea3m t\u1ea5m cao su Fanci 04\"}]},{\"@type\":\"WebSite\",\"@id\":\"https:\/\/thamtraisanvanphong.com.vn\/#website\",\"url\":\"https:\/\/thamtraisanvanphong.com.vn\/\",\"name\":\"Thamtraisan\",\"description\":\"Thamtraisangiare\",\"potentialAction\":[{\"@type\":\"SearchAction\",\"target\":{\"@type\":\"EntryPoint\",\"urlTemplate\":\"https:\/\/thamtraisanvanphong.com.vn\/?s={search_term_string}\"},\"query-input\":\"required name=search_term_string\"}],\"inLanguage\":\"vi\"}]}<\/script>\n<!-- \/ Yoast SEO Premium plugin. -->","yoast_head_json":{"title":"Th\u1ea3m t\u1ea5m cao su Fanci 04 cao c\u1ea5p \u0111em \u0111\u1ebfn kh\u00f4ng gian sang tr\u1ecdng","description":"Th\u1ea3m t\u1ea5m \u0111\u1ebf cao su Fanci l\u00e0 s\u1ea3n ph\u1ea9m c\u00f3 \u0111\u01b0\u1eddng n\u00e9t tinh t\u1ebf cao, ph\u00fa h\u1ee3p v\u1edbi kh\u00f4ng gian v\u0103n ph\u00f2ng \u0111\u01a1n gi\u1ea3n m\u00e0 sang tr\u1ecdng, \u0111em l\u1ea1i cho kh\u00e1ch h\u00e0ng tr\u1ea3i nghi\u1ec7m m\u1edbi","robots":{"index":"index","follow":"follow","max-snippet":"max-snippet:-1","max-image-preview":"max-image-preview:large","max-video-preview":"max-video-preview:-1"},"canonical":"https:\/\/thamtraisanvanphong.com.vn\/?product=thamdecaosufanci04","og_locale":"vi_VN","og_type":"article","og_title":"Th\u1ea3m t\u1ea5m cao su Fanci 04","og_description":"Th\u1ea3m t\u1ea5m \u0111\u1ebf cao su Fanci l\u00e0 s\u1ea3n ph\u1ea9m c\u00f3 \u0111\u01b0\u1eddng n\u00e9t tinh t\u1ebf cao, ph\u00fa h\u1ee3p v\u1edbi kh\u00f4ng gian v\u0103n ph\u00f2ng \u0111\u01a1n gi\u1ea3n m\u00e0 sang tr\u1ecdng, \u0111em l\u1ea1i cho kh\u00e1ch h\u00e0ng tr\u1ea3i nghi\u1ec7m m\u1edbi","og_url":"https:\/\/thamtraisanvanphong.com.vn\/?product=thamdecaosufanci04","og_site_name":"Thamtraisan","article_modified_time":"2026-04-20T10:48:39+00:00","og_image":[{"width":772,"height":778,"url":"https:\/\/thamtraisanvanphong.com.vn\/wp-content\/uploads\/2026\/04\/Tham-tam-caosu-fanci04.png","type":"image\/png"}],"twitter_card":"summary_large_image","twitter_misc":{"\u01af\u1edbc t\u00ednh th\u1eddi gian \u0111\u1ecdc":"2 ph\u00fat"},"schema":{"@context":"https:\/\/schema.org","@graph":[{"@type":"WebPage","@id":"https:\/\/thamtraisanvanphong.com.vn\/?product=thamdecaosufanci04","url":"https:\/\/thamtraisanvanphong.com.vn\/?product=thamdecaosufanci04","name":"Th\u1ea3m t\u1ea5m cao su Fanci 04 cao c\u1ea5p \u0111em \u0111\u1ebfn kh\u00f4ng gian sang tr\u1ecdng","isPartOf":{"@id":"https:\/\/thamtraisanvanphong.com.vn\/#website"},"datePublished":"2026-04-20T10:46:34+00:00","dateModified":"2026-04-20T10:48:39+00:00","description":"Th\u1ea3m t\u1ea5m \u0111\u1ebf cao su Fanci l\u00e0 s\u1ea3n ph\u1ea9m c\u00f3 \u0111\u01b0\u1eddng n\u00e9t tinh t\u1ebf cao, ph\u00fa h\u1ee3p v\u1edbi kh\u00f4ng gian v\u0103n ph\u00f2ng \u0111\u01a1n gi\u1ea3n m\u00e0 sang tr\u1ecdng, \u0111em l\u1ea1i cho kh\u00e1ch h\u00e0ng tr\u1ea3i nghi\u1ec7m m\u1edbi","breadcrumb":{"@id":"https:\/\/thamtraisanvanphong.com.vn\/?product=thamdecaosufanci04#breadcrumb"},"inLanguage":"vi","potentialAction":[{"@type":"ReadAction","target":["https:\/\/thamtraisanvanphong.com.vn\/?product=thamdecaosufanci04"]}]},{"@type":"BreadcrumbList","@id":"https:\/\/thamtraisanvanphong.com.vn\/?product=thamdecaosufanci04#breadcrumb","itemListElement":[{"@type":"ListItem","position":1,"name":"Home","item":"https:\/\/thamtraisanvanphong.com.vn\/"},{"@type":"ListItem","position":2,"name":"C\u1eeda h\u00e0ng","item":"https:\/\/thamtraisanvanphong.com.vn\/?page_id=10"},{"@type":"ListItem","position":3,"name":"Th\u1ea3m t\u1ea5m cao su Fanci 04"}]},{"@type":"WebSite","@id":"https:\/\/thamtraisanvanphong.com.vn\/#website","url":"https:\/\/thamtraisanvanphong.com.vn\/","name":"Thamtraisan","description":"Thamtraisangiare","potentialAction":[{"@type":"SearchAction","target":{"@type":"EntryPoint","urlTemplate":"https:\/\/thamtraisanvanphong.com.vn\/?s={search_term_string}"},"query-input":"required name=search_term_string"}],"inLanguage":"vi"}]}},"_links":{"self":[{"href":"https:\/\/thamtraisanvanphong.com.vn\/index.php?rest_route=\/wp\/v2\/product\/986","targetHints":{"allow":["GET"]}}],"collection":[{"href":"https:\/\/thamtraisanvanphong.com.vn\/index.php?rest_route=\/wp\/v2\/product"}],"about":[{"href":"https:\/\/thamtraisanvanphong.com.vn\/index.php?rest_route=\/wp\/v2\/types\/product"}],"replies":[{"embeddable":true,"href":"https:\/\/thamtraisanvanphong.com.vn\/index.php?rest_route=%2Fwp%2Fv2%2Fcomments&post=986"}],"wp:featuredmedia":[{"embeddable":true,"href":"https:\/\/thamtraisanvanphong.com.vn\/index.php?rest_route=\/wp\/v2\/media\/983"}],"wp:attachment":[{"href":"https:\/\/thamtraisanvanphong.com.vn\/index.php?rest_route=%2Fwp%2Fv2%2Fmedia&parent=986"}],"wp:term":[{"taxonomy":"product_cat","embeddable":true,"href":"https:\/\/thamtraisanvanphong.com.vn\/index.php?rest_route=%2Fwp%2Fv2%2Fproduct_cat&post=986"},{"taxonomy":"product_tag","embeddable":true,"href":"https:\/\/thamtraisanvanphong.com.vn\/index.php?rest_route=%2Fwp%2Fv2%2Fproduct_tag&post=986"}],"curies":[{"name":"wp","href":"https:\/\/api.w.org\/{rel}","templated":true}]}}