{"id":987,"date":"2026-04-20T17:46:37","date_gmt":"2026-04-20T10:46:37","guid":{"rendered":"https:\/\/thamtraisanvanphong.com.vn\/?post_type=product&#038;p=987"},"modified":"2026-04-20T17:51:16","modified_gmt":"2026-04-20T10:51:16","slug":"thamdecaisufanci05","status":"publish","type":"product","link":"https:\/\/thamtraisanvanphong.com.vn\/?product=thamdecaisufanci05","title":{"rendered":"Th\u1ea3m t\u1ea5m cao su Fanci 05"},"content":{"rendered":"<h3 class=\"\" data-start=\"331\" data-end=\"418\"><strong data-start=\"335\" data-end=\"418\">T\u1ea1o \u0111i\u1ec3m nh\u1ea5n \u1ea5n t\u01b0\u1ee3ng cho kh\u00f4ng gian n\u1ed9i th\u1ea5t v\u1edbi phong c\u00e1ch hi\u1ec7n \u0111\u1ea1i, m\u1ea1nh m\u1ebd<\/strong><\/h3>\n<p class=\"\" data-start=\"420\" data-end=\"796\"><strong data-start=\"420\" data-end=\"432\">FANCI 05<\/strong>\u00a0l\u00e0 m\u1eabu\u00a0<strong data-start=\"440\" data-end=\"490\">th\u1ea3m tr\u1ea3i s\u00e0n d\u1ea1ng t\u1ea5m \u0111\u1ebf nh\u1ef1a bitumen cao c\u1ea5p<\/strong>, n\u1ed5i b\u1eadt v\u1edbi t\u00f4ng\u00a0<strong data-start=\"509\" data-end=\"545\">xanh d\u01b0\u01a1ng ph\u1ed1i s\u1ecdc ghi \u0111\u1eadm ch\u00ecm<\/strong>, gi\u00fap kh\u00f4ng gian tr\u1edf n\u00ean n\u1ed5i b\u1eadt, s\u00e1ng t\u1ea1o v\u00e0 c\u00e1 t\u00ednh. Thi\u1ebft k\u1ebf d\u1ea1ng t\u1ea5m vu\u00f4ng 50x50cm d\u1ec5 l\u1eafp \u0111\u1eb7t v\u00e0 thay th\u1ebf, k\u1ebft h\u1ee3p \u0111\u1ebf nh\u1ef1a bitumen ch\u1ed1ng \u1ea9m tuy\u1ec7t \u0111\u1ed1i \u2013 l\u00e0 l\u1ef1a ch\u1ecdn l\u00fd t\u01b0\u1edfng cho v\u0103n ph\u00f2ng s\u00e1ng t\u1ea1o, showroom, studio thi\u1ebft k\u1ebf ho\u1eb7c khu v\u1ef1c tr\u01b0ng b\u00e0y.<\/p>\n<h3 data-start=\"803\" data-end=\"841\"><\/h3>\n<h3 class=\"\" data-start=\"803\" data-end=\"841\"><strong data-start=\"809\" data-end=\"841\">\u01afu \u0111i\u1ec3m n\u1ed5i b\u1eadt c\u1ee7a FANCI 05<\/strong><\/h3>\n<ul data-start=\"843\" data-end=\"1312\">\n<li class=\"\" data-start=\"843\" data-end=\"939\">\n<p class=\"\" data-start=\"845\" data-end=\"939\"><strong data-start=\"845\" data-end=\"937\">T\u00f4ng xanh d\u01b0\u01a1ng ph\u1ed1i v\u00e2n s\u1ecdc \u2013 n\u1ed5i b\u1eadt, tr\u1ebb trung, t\u1ea1o hi\u1ec7u \u1ee9ng chi\u1ec1u s\u00e2u cho kh\u00f4ng gian<\/strong><\/p>\n<\/li>\n<li class=\"\" data-start=\"940\" data-end=\"1007\">\n<p class=\"\" data-start=\"942\" data-end=\"1007\"><strong data-start=\"942\" data-end=\"1005\">S\u1ecdc d\u1ecdc \u0111\u1ec1u v\u00e0 tinh t\u1ebf \u2013 gi\u00fap kh\u00f4ng gian g\u1ecdn g\u00e0ng, hi\u1ec7n \u0111\u1ea1i<\/strong><\/p>\n<\/li>\n<li class=\"\" data-start=\"1008\" data-end=\"1082\">\n<p class=\"\" data-start=\"1010\" data-end=\"1082\"><strong data-start=\"1010\" data-end=\"1080\">\u0110\u1ebf bitumen ch\u1ed1ng \u1ea9m \u2013 kh\u00f4ng cong v\u00eanh, b\u00e1m n\u1ec1n t\u1ed1t, thi c\u00f4ng nhanh<\/strong><\/p>\n<\/li>\n<li class=\"\" data-start=\"1083\" data-end=\"1154\">\n<p class=\"\" data-start=\"1085\" data-end=\"1154\"><strong data-start=\"1085\" data-end=\"1152\">Ch\u1ea5t li\u1ec7u s\u1ee3i PP cao c\u1ea5p \u2013 ch\u1ed1ng x\u00f9, kh\u00f4ng phai m\u00e0u, d\u1ec5 v\u1ec7 sinh<\/strong><\/p>\n<\/li>\n<li class=\"\" data-start=\"1155\" data-end=\"1226\">\n<p class=\"\" data-start=\"1157\" data-end=\"1226\"><strong data-start=\"1157\" data-end=\"1224\">D\u1ea1ng t\u1ea5m 50x50cm \u2013 linh ho\u1ea1t t\u1ea1o hoa v\u0103n, d\u1ec5 thay th\u1ebf t\u1eebng ph\u1ea7n<\/strong><\/p>\n<\/li>\n<li class=\"\" data-start=\"1227\" data-end=\"1312\">\n<p class=\"\" data-start=\"1229\" data-end=\"1312\"><strong data-start=\"1229\" data-end=\"1312\">Kh\u1ea3 n\u0103ng c\u00e1ch \u00e2m \u2013 gi\u1eef nhi\u1ec7t t\u1ed1t \u2013 t\u1ed1i \u01b0u cho khu v\u1ef1c l\u00e0m vi\u1ec7c, sinh ho\u1ea1t chung<\/strong><\/p>\n<\/li>\n<\/ul>\n<h3 data-start=\"1319\" data-end=\"1356\"><\/h3>\n<h3 data-start=\"1639\" data-end=\"1667\"><\/h3>\n<h3 class=\"\" data-start=\"1639\" data-end=\"1667\">\u00a0<strong data-start=\"1646\" data-end=\"1667\">\u1ee8ng d\u1ee5ng ph\u1ed5 bi\u1ebfn<\/strong><\/h3>\n<ul data-start=\"1669\" data-end=\"1881\">\n<li class=\"\" data-start=\"1669\" data-end=\"1720\">\n<p class=\"\" data-start=\"1671\" data-end=\"1720\"><strong data-start=\"1671\" data-end=\"1718\">V\u0103n ph\u00f2ng s\u00e1ng t\u1ea1o, agency, coworking space<\/strong><\/p>\n<\/li>\n<li class=\"\" data-start=\"1721\" data-end=\"1776\">\n<p class=\"\" data-start=\"1723\" data-end=\"1776\"><strong data-start=\"1723\" data-end=\"1763\">Showroom, khu v\u1ef1c tr\u01b0ng b\u00e0y s\u1ea3n ph\u1ea9m<\/strong>, tri\u1ec3n l\u00e3m<\/p>\n<\/li>\n<li class=\"\" data-start=\"1777\" data-end=\"1828\">\n<p class=\"\" data-start=\"1779\" data-end=\"1828\"><strong data-start=\"1779\" data-end=\"1802\">Ph\u00f2ng kh\u00e1ch c\u00e1 t\u00ednh<\/strong>, ph\u00f2ng l\u00e0m vi\u1ec7c t\u1ea1i nh\u00e0<\/p>\n<\/li>\n<li class=\"\" data-start=\"1829\" data-end=\"1881\">\n<p class=\"\" data-start=\"1831\" data-end=\"1881\"><strong data-start=\"1831\" data-end=\"1862\">Th\u01b0 vi\u1ec7n, studio ngh\u1ec7 thu\u1eadt<\/strong>, trung t\u00e2m \u0111\u00e0o t\u1ea1o<\/p>\n<\/li>\n<\/ul>\n","protected":false},"excerpt":{"rendered":"<h3 class=\"\" data-start=\"1360\" data-end=\"1397\"><strong data-start=\"1367\" data-end=\"1397\">Th\u00f4ng s\u1ed1 k\u1ef9 thu\u1eadt s\u1ea3n ph\u1ea9m<\/strong><\/h3>\n<ul data-start=\"1399\" data-end=\"1677\">\n<li class=\"\" data-start=\"1399\" data-end=\"1428\">\n<p class=\"\" data-start=\"1401\" data-end=\"1428\"><strong data-start=\"1401\" data-end=\"1416\">M\u00e3 s\u1ea3n ph\u1ea9m<\/strong>: FANCI 05<\/p>\n<\/li>\n<li class=\"\" data-start=\"1429\" data-end=\"1468\">\n<p class=\"\" data-start=\"1431\" data-end=\"1468\"><strong data-start=\"1431\" data-end=\"1444\">Lo\u1ea1i th\u1ea3m<\/strong>: D\u1ea1ng t\u1ea5m 50cm x 50cm<\/p>\n<\/li>\n<li class=\"\" data-start=\"1469\" data-end=\"1507\">\n<p class=\"\" data-start=\"1471\" data-end=\"1507\"><strong data-start=\"1471\" data-end=\"1482\">\u0110\u1ebf th\u1ea3m<\/strong>: Nh\u1ef1a Bitumen ch\u1ed1ng \u1ea9m<\/p>\n<\/li>\n<li class=\"\" data-start=\"1508\" data-end=\"1549\">\n<p class=\"\" data-start=\"1510\" data-end=\"1549\"><strong data-start=\"1510\" data-end=\"1527\">Ch\u1ea5t li\u1ec7u s\u1ee3i<\/strong>: Polypropylene (PP)<\/p>\n<\/li>\n<li class=\"\" data-start=\"1550\" data-end=\"1572\">\n<p class=\"\" data-start=\"1552\" data-end=\"1572\"><strong data-start=\"1552\" data-end=\"1562\">\u0110\u1ed9 d\u00e0y<\/strong>: ~6\u20137mm<\/p>\n<\/li>\n<li class=\"\" data-start=\"1573\" data-end=\"1626\">\n<p class=\"\" data-start=\"1575\" data-end=\"1626\"><strong data-start=\"1575\" data-end=\"1585\">B\u1ec1 m\u1eb7t<\/strong>: D\u1ec7t v\u00f2ng \u0111\u1ec1u (loop pile), s\u1ecdc d\u1ecdc nh\u1eb9<\/p>\n<\/li>\n<li class=\"\" data-start=\"1627\" data-end=\"1677\">\n<p class=\"\" data-start=\"1629\" data-end=\"1677\"><strong data-start=\"1629\" data-end=\"1648\">M\u00e0u s\u1eafc th\u1ef1c t\u1ebf<\/strong>: X\u00e1m b\u1ea1c ph\u1ed1i tr\u1eafng hi\u1ec7n \u0111\u1ea1i<\/p>\n<\/li>\n<\/ul>\n","protected":false},"featured_media":981,"comment_status":"open","ping_status":"closed","template":"","meta":[],"product_cat":[227],"product_tag":[233,228,229,231],"class_list":{"0":"post-987","1":"product","2":"type-product","3":"status-publish","4":"has-post-thumbnail","6":"product_cat-tham-tam-de-cao-su-fanci","7":"product_tag-tham-de-cao-su-fanci05","8":"product_tag-tham-de-nhua-bitumen-cao-cap","9":"product_tag-tham-tam-xam-soc-trang","10":"product_tag-tham-trai-san-van-phong-hien-dai","12":"first","13":"instock","14":"sale","15":"shipping-taxable","16":"purchasable","17":"product-type-simple"},"yoast_head":"<!-- This site is optimized with the Yoast SEO Premium plugin v20.12 (Yoast SEO v20.12) - https:\/\/yoast.com\/wordpress\/plugins\/seo\/ -->\n<title>Th\u1ea3m t\u1ea5m cao su Fanci 05 cao c\u1ea5p \u0111em \u0111\u1ebfn kh\u00f4ng gian sang tr\u1ecdng<\/title>\n<meta name=\"description\" content=\"Th\u1ea3m t\u1ea5m \u0111\u1ebf cao su Fanci l\u00e0 s\u1ea3n ph\u1ea9m c\u00f3 \u0111\u01b0\u1eddng n\u00e9t tinh t\u1ebf cao, ph\u00fa h\u1ee3p v\u1edbi kh\u00f4ng gian v\u0103n ph\u00f2ng \u0111\u01a1n gi\u1ea3n m\u00e0 sang tr\u1ecdng, \u0111em l\u1ea1i cho kh\u00e1ch h\u00e0ng tr\u1ea3i nghi\u1ec7m m\u1edbi\" \/>\n<meta name=\"robots\" content=\"index, follow, max-snippet:-1, max-image-preview:large, max-video-preview:-1\" \/>\n<link rel=\"canonical\" href=\"https:\/\/thamtraisanvanphong.com.vn\/?product=thamdecaisufanci05\" \/>\n<meta property=\"og:locale\" content=\"vi_VN\" \/>\n<meta property=\"og:type\" content=\"article\" \/>\n<meta property=\"og:title\" content=\"Th\u1ea3m t\u1ea5m cao su Fanci 05\" \/>\n<meta property=\"og:description\" content=\"Th\u1ea3m t\u1ea5m \u0111\u1ebf cao su Fanci l\u00e0 s\u1ea3n ph\u1ea9m c\u00f3 \u0111\u01b0\u1eddng n\u00e9t tinh t\u1ebf cao, ph\u00fa h\u1ee3p v\u1edbi kh\u00f4ng gian v\u0103n ph\u00f2ng \u0111\u01a1n gi\u1ea3n m\u00e0 sang tr\u1ecdng, \u0111em l\u1ea1i cho kh\u00e1ch h\u00e0ng tr\u1ea3i nghi\u1ec7m m\u1edbi\" \/>\n<meta property=\"og:url\" content=\"https:\/\/thamtraisanvanphong.com.vn\/?product=thamdecaisufanci05\" \/>\n<meta property=\"og:site_name\" content=\"Thamtraisan\" \/>\n<meta property=\"article:modified_time\" content=\"2026-04-20T10:51:16+00:00\" \/>\n<meta property=\"og:image\" content=\"https:\/\/thamtraisanvanphong.com.vn\/wp-content\/uploads\/2026\/04\/Tham-tam-caosu-fanci05.png\" \/>\n\t<meta property=\"og:image:width\" content=\"765\" \/>\n\t<meta property=\"og:image:height\" content=\"771\" \/>\n\t<meta property=\"og:image:type\" content=\"image\/png\" \/>\n<meta name=\"twitter:card\" content=\"summary_large_image\" \/>\n<meta name=\"twitter:label1\" content=\"\u01af\u1edbc t\u00ednh th\u1eddi gian \u0111\u1ecdc\" \/>\n\t<meta name=\"twitter:data1\" content=\"2 ph\u00fat\" \/>\n<script type=\"application\/ld+json\" class=\"yoast-schema-graph\">{\"@context\":\"https:\/\/schema.org\",\"@graph\":[{\"@type\":\"WebPage\",\"@id\":\"https:\/\/thamtraisanvanphong.com.vn\/?product=thamdecaisufanci05\",\"url\":\"https:\/\/thamtraisanvanphong.com.vn\/?product=thamdecaisufanci05\",\"name\":\"Th\u1ea3m t\u1ea5m cao su Fanci 05 cao c\u1ea5p \u0111em \u0111\u1ebfn kh\u00f4ng gian sang tr\u1ecdng\",\"isPartOf\":{\"@id\":\"https:\/\/thamtraisanvanphong.com.vn\/#website\"},\"datePublished\":\"2026-04-20T10:46:37+00:00\",\"dateModified\":\"2026-04-20T10:51:16+00:00\",\"description\":\"Th\u1ea3m t\u1ea5m \u0111\u1ebf cao su Fanci l\u00e0 s\u1ea3n ph\u1ea9m c\u00f3 \u0111\u01b0\u1eddng n\u00e9t tinh t\u1ebf cao, ph\u00fa h\u1ee3p v\u1edbi kh\u00f4ng gian v\u0103n ph\u00f2ng \u0111\u01a1n gi\u1ea3n m\u00e0 sang tr\u1ecdng, \u0111em l\u1ea1i cho kh\u00e1ch h\u00e0ng tr\u1ea3i nghi\u1ec7m m\u1edbi\",\"breadcrumb\":{\"@id\":\"https:\/\/thamtraisanvanphong.com.vn\/?product=thamdecaisufanci05#breadcrumb\"},\"inLanguage\":\"vi\",\"potentialAction\":[{\"@type\":\"ReadAction\",\"target\":[\"https:\/\/thamtraisanvanphong.com.vn\/?product=thamdecaisufanci05\"]}]},{\"@type\":\"BreadcrumbList\",\"@id\":\"https:\/\/thamtraisanvanphong.com.vn\/?product=thamdecaisufanci05#breadcrumb\",\"itemListElement\":[{\"@type\":\"ListItem\",\"position\":1,\"name\":\"Home\",\"item\":\"https:\/\/thamtraisanvanphong.com.vn\/\"},{\"@type\":\"ListItem\",\"position\":2,\"name\":\"C\u1eeda h\u00e0ng\",\"item\":\"https:\/\/thamtraisanvanphong.com.vn\/?page_id=10\"},{\"@type\":\"ListItem\",\"position\":3,\"name\":\"Th\u1ea3m t\u1ea5m cao su Fanci 05\"}]},{\"@type\":\"WebSite\",\"@id\":\"https:\/\/thamtraisanvanphong.com.vn\/#website\",\"url\":\"https:\/\/thamtraisanvanphong.com.vn\/\",\"name\":\"Thamtraisan\",\"description\":\"Thamtraisangiare\",\"potentialAction\":[{\"@type\":\"SearchAction\",\"target\":{\"@type\":\"EntryPoint\",\"urlTemplate\":\"https:\/\/thamtraisanvanphong.com.vn\/?s={search_term_string}\"},\"query-input\":\"required name=search_term_string\"}],\"inLanguage\":\"vi\"}]}<\/script>\n<!-- \/ Yoast SEO Premium plugin. -->","yoast_head_json":{"title":"Th\u1ea3m t\u1ea5m cao su Fanci 05 cao c\u1ea5p \u0111em \u0111\u1ebfn kh\u00f4ng gian sang tr\u1ecdng","description":"Th\u1ea3m t\u1ea5m \u0111\u1ebf cao su Fanci l\u00e0 s\u1ea3n ph\u1ea9m c\u00f3 \u0111\u01b0\u1eddng n\u00e9t tinh t\u1ebf cao, ph\u00fa h\u1ee3p v\u1edbi kh\u00f4ng gian v\u0103n ph\u00f2ng \u0111\u01a1n gi\u1ea3n m\u00e0 sang tr\u1ecdng, \u0111em l\u1ea1i cho kh\u00e1ch h\u00e0ng tr\u1ea3i nghi\u1ec7m m\u1edbi","robots":{"index":"index","follow":"follow","max-snippet":"max-snippet:-1","max-image-preview":"max-image-preview:large","max-video-preview":"max-video-preview:-1"},"canonical":"https:\/\/thamtraisanvanphong.com.vn\/?product=thamdecaisufanci05","og_locale":"vi_VN","og_type":"article","og_title":"Th\u1ea3m t\u1ea5m cao su Fanci 05","og_description":"Th\u1ea3m t\u1ea5m \u0111\u1ebf cao su Fanci l\u00e0 s\u1ea3n ph\u1ea9m c\u00f3 \u0111\u01b0\u1eddng n\u00e9t tinh t\u1ebf cao, ph\u00fa h\u1ee3p v\u1edbi kh\u00f4ng gian v\u0103n ph\u00f2ng \u0111\u01a1n gi\u1ea3n m\u00e0 sang tr\u1ecdng, \u0111em l\u1ea1i cho kh\u00e1ch h\u00e0ng tr\u1ea3i nghi\u1ec7m m\u1edbi","og_url":"https:\/\/thamtraisanvanphong.com.vn\/?product=thamdecaisufanci05","og_site_name":"Thamtraisan","article_modified_time":"2026-04-20T10:51:16+00:00","og_image":[{"width":765,"height":771,"url":"https:\/\/thamtraisanvanphong.com.vn\/wp-content\/uploads\/2026\/04\/Tham-tam-caosu-fanci05.png","type":"image\/png"}],"twitter_card":"summary_large_image","twitter_misc":{"\u01af\u1edbc t\u00ednh th\u1eddi gian \u0111\u1ecdc":"2 ph\u00fat"},"schema":{"@context":"https:\/\/schema.org","@graph":[{"@type":"WebPage","@id":"https:\/\/thamtraisanvanphong.com.vn\/?product=thamdecaisufanci05","url":"https:\/\/thamtraisanvanphong.com.vn\/?product=thamdecaisufanci05","name":"Th\u1ea3m t\u1ea5m cao su Fanci 05 cao c\u1ea5p \u0111em \u0111\u1ebfn kh\u00f4ng gian sang tr\u1ecdng","isPartOf":{"@id":"https:\/\/thamtraisanvanphong.com.vn\/#website"},"datePublished":"2026-04-20T10:46:37+00:00","dateModified":"2026-04-20T10:51:16+00:00","description":"Th\u1ea3m t\u1ea5m \u0111\u1ebf cao su Fanci l\u00e0 s\u1ea3n ph\u1ea9m c\u00f3 \u0111\u01b0\u1eddng n\u00e9t tinh t\u1ebf cao, ph\u00fa h\u1ee3p v\u1edbi kh\u00f4ng gian v\u0103n ph\u00f2ng \u0111\u01a1n gi\u1ea3n m\u00e0 sang tr\u1ecdng, \u0111em l\u1ea1i cho kh\u00e1ch h\u00e0ng tr\u1ea3i nghi\u1ec7m m\u1edbi","breadcrumb":{"@id":"https:\/\/thamtraisanvanphong.com.vn\/?product=thamdecaisufanci05#breadcrumb"},"inLanguage":"vi","potentialAction":[{"@type":"ReadAction","target":["https:\/\/thamtraisanvanphong.com.vn\/?product=thamdecaisufanci05"]}]},{"@type":"BreadcrumbList","@id":"https:\/\/thamtraisanvanphong.com.vn\/?product=thamdecaisufanci05#breadcrumb","itemListElement":[{"@type":"ListItem","position":1,"name":"Home","item":"https:\/\/thamtraisanvanphong.com.vn\/"},{"@type":"ListItem","position":2,"name":"C\u1eeda h\u00e0ng","item":"https:\/\/thamtraisanvanphong.com.vn\/?page_id=10"},{"@type":"ListItem","position":3,"name":"Th\u1ea3m t\u1ea5m cao su Fanci 05"}]},{"@type":"WebSite","@id":"https:\/\/thamtraisanvanphong.com.vn\/#website","url":"https:\/\/thamtraisanvanphong.com.vn\/","name":"Thamtraisan","description":"Thamtraisangiare","potentialAction":[{"@type":"SearchAction","target":{"@type":"EntryPoint","urlTemplate":"https:\/\/thamtraisanvanphong.com.vn\/?s={search_term_string}"},"query-input":"required name=search_term_string"}],"inLanguage":"vi"}]}},"_links":{"self":[{"href":"https:\/\/thamtraisanvanphong.com.vn\/index.php?rest_route=\/wp\/v2\/product\/987","targetHints":{"allow":["GET"]}}],"collection":[{"href":"https:\/\/thamtraisanvanphong.com.vn\/index.php?rest_route=\/wp\/v2\/product"}],"about":[{"href":"https:\/\/thamtraisanvanphong.com.vn\/index.php?rest_route=\/wp\/v2\/types\/product"}],"replies":[{"embeddable":true,"href":"https:\/\/thamtraisanvanphong.com.vn\/index.php?rest_route=%2Fwp%2Fv2%2Fcomments&post=987"}],"wp:featuredmedia":[{"embeddable":true,"href":"https:\/\/thamtraisanvanphong.com.vn\/index.php?rest_route=\/wp\/v2\/media\/981"}],"wp:attachment":[{"href":"https:\/\/thamtraisanvanphong.com.vn\/index.php?rest_route=%2Fwp%2Fv2%2Fmedia&parent=987"}],"wp:term":[{"taxonomy":"product_cat","embeddable":true,"href":"https:\/\/thamtraisanvanphong.com.vn\/index.php?rest_route=%2Fwp%2Fv2%2Fproduct_cat&post=987"},{"taxonomy":"product_tag","embeddable":true,"href":"https:\/\/thamtraisanvanphong.com.vn\/index.php?rest_route=%2Fwp%2Fv2%2Fproduct_tag&post=987"}],"curies":[{"name":"wp","href":"https:\/\/api.w.org\/{rel}","templated":true}]}}