{"id":998,"date":"2026-04-23T10:47:54","date_gmt":"2026-04-23T03:47:54","guid":{"rendered":"https:\/\/thamtraisanvanphong.com.vn\/?post_type=product&#038;p=998"},"modified":"2026-04-23T10:55:35","modified_gmt":"2026-04-23T03:55:35","slug":"tham-tam-de-nhua-sunny-02","status":"publish","type":"product","link":"https:\/\/thamtraisanvanphong.com.vn\/?product=tham-tam-de-nhua-sunny-02","title":{"rendered":"Th\u1ea3m t\u1ea5m \u0111\u1ebf nh\u1ef1a Sunny 02"},"content":{"rendered":"<h2 class=\"\" data-start=\"231\" data-end=\"340\"><strong data-start=\"234\" data-end=\"340\">Th\u1ea3m Tr\u1ea3i S\u00e0n D\u1ea1ng T\u1ea5m \u0110\u1ebf Nh\u1ef1a Economy Sunny 02 | Ghi S\u1ecdc D\u1ecdc T\u1ed1i Gi\u1ea3n \u2013 Ch\u1ed1ng \u1ea8m \u2013 Thi C\u00f4ng Linh Ho\u1ea1t<\/strong><\/h2>\n<h3 class=\"\" data-start=\"342\" data-end=\"431\"><strong data-start=\"346\" data-end=\"431\">Phong c\u00e1ch hi\u1ec7n \u0111\u1ea1i \u2013 Gi\u00e1 h\u1ee3p l\u00fd \u2013 L\u00fd t\u01b0\u1edfng cho v\u0103n ph\u00f2ng v\u00e0 c\u00f4ng tr\u00ecnh c\u00f4ng c\u1ed9ng<\/strong><\/h3>\n<p class=\"\" data-start=\"433\" data-end=\"851\"><strong data-start=\"433\" data-end=\"453\">Economy Sunny 02<\/strong>\u00a0l\u00e0 m\u1eabu\u00a0<strong data-start=\"461\" data-end=\"489\">th\u1ea3m t\u1ea5m \u0111\u1ebf nh\u1ef1a bitumen<\/strong>\u00a0v\u1edbi thi\u1ebft k\u1ebf \u0111\u01a1n gi\u1ea3n nh\u01b0ng tinh t\u1ebf: t\u00f4ng m\u00e0u\u00a0<strong data-start=\"536\" data-end=\"564\">x\u00e1m ghi ph\u1ed1i s\u1ecdc d\u1ecdc \u0111\u1ec1u<\/strong>, gi\u00fap t\u1ea1o chi\u1ec1u s\u00e2u v\u00e0 hi\u1ec7u \u1ee9ng k\u00e9o d\u00e0i kh\u00f4ng gian. S\u1ea3n ph\u1ea9m r\u1ea5t ph\u00f9 h\u1ee3p cho v\u0103n ph\u00f2ng, h\u00e0nh lang, trung t\u00e2m \u0111\u00e0o t\u1ea1o ho\u1eb7c c\u0103n h\u1ed9 hi\u1ec7n \u0111\u1ea1i. V\u1edbi k\u00edch th\u01b0\u1edbc t\u1ea5m vu\u00f4ng 50x50cm v\u00e0 \u0111\u1ebf nh\u1ef1a bitumen ch\u1ed1ng \u1ea9m, d\u1ec5 l\u1eafp \u0111\u1eb7t \u2013 thay th\u1ebf, \u0111\u00e2y l\u00e0 l\u1ef1a ch\u1ecdn l\u00fd t\u01b0\u1edfng cho c\u00f4ng tr\u00ecnh c\u00f3 m\u1eadt \u0111\u1ed9 s\u1eed d\u1ee5ng cao.<\/p>\n<h3 data-start=\"858\" data-end=\"896\"><\/h3>\n<h3 class=\"\" data-start=\"858\" data-end=\"896\"><strong data-start=\"864\" data-end=\"896\">\u01afu \u0111i\u1ec3m n\u1ed5i b\u1eadt c\u1ee7a Sunny 02<\/strong><\/h3>\n<ul data-start=\"898\" data-end=\"1307\">\n<li class=\"\" data-start=\"898\" data-end=\"974\">\n<p class=\"\" data-start=\"900\" data-end=\"974\"><strong data-start=\"900\" data-end=\"972\">M\u00e0u x\u00e1m ghi hi\u1ec7n \u0111\u1ea1i \u2013 s\u1ea1ch s\u1ebd, trung t\u00ednh, ph\u00f9 h\u1ee3p nhi\u1ec1u kh\u00f4ng gian<\/strong><\/p>\n<\/li>\n<li class=\"\" data-start=\"975\" data-end=\"1035\">\n<p class=\"\" data-start=\"977\" data-end=\"1035\"><strong data-start=\"977\" data-end=\"1033\">S\u1ecdc d\u1ecdc \u0111\u1ec1u \u2013 gi\u00fap m\u1edf r\u1ed9ng kh\u00f4ng gian theo chi\u1ec1u s\u00e2u<\/strong><\/p>\n<\/li>\n<li class=\"\" data-start=\"1036\" data-end=\"1109\">\n<p class=\"\" data-start=\"1038\" data-end=\"1109\"><strong data-start=\"1038\" data-end=\"1107\">\u0110\u1ebf nh\u1ef1a Bitumen \u2013 ch\u1ed1ng \u1ea9m t\u1ed1t, kh\u00f4ng cong v\u00eanh, gi\u1eef phom b\u00e1m n\u1ec1n<\/strong><\/p>\n<\/li>\n<li class=\"\" data-start=\"1110\" data-end=\"1178\">\n<p class=\"\" data-start=\"1112\" data-end=\"1178\"><strong data-start=\"1112\" data-end=\"1176\">D\u1ea1ng t\u1ea5m 50x50cm \u2013 d\u1ec5 thay th\u1ebf t\u1eebng ph\u1ea7n, thi c\u00f4ng linh ho\u1ea1t<\/strong><\/p>\n<\/li>\n<li class=\"\" data-start=\"1179\" data-end=\"1236\">\n<p class=\"\" data-start=\"1181\" data-end=\"1236\"><strong data-start=\"1181\" data-end=\"1234\">S\u1ee3i PP b\u1ec1n \u2013 ch\u1ed1ng x\u00f9, d\u1ec5 v\u1ec7 sinh, kh\u00f4ng phai m\u00e0u<\/strong><\/p>\n<\/li>\n<li class=\"\" data-start=\"1237\" data-end=\"1307\">\n<p class=\"\" data-start=\"1239\" data-end=\"1307\"><strong data-start=\"1239\" data-end=\"1307\">Ch\u1ed1ng tr\u01a1n tr\u01b0\u1ee3t \u2013 an to\u00e0n cho v\u0103n ph\u00f2ng v\u00e0 c\u00f4ng tr\u00ecnh c\u00f4ng c\u1ed9ng<\/strong><\/p>\n<\/li>\n<\/ul>\n<h3 data-start=\"1314\" data-end=\"1351\"><\/h3>\n<h3 class=\"\" data-start=\"1634\" data-end=\"1661\"><strong data-start=\"1641\" data-end=\"1661\">\u1ee8ng d\u1ee5ng th\u1ef1c t\u1ebf<\/strong><\/h3>\n<ul data-start=\"1663\" data-end=\"1831\">\n<li class=\"\" data-start=\"1663\" data-end=\"1711\">\n<p class=\"\" data-start=\"1665\" data-end=\"1711\"><strong data-start=\"1665\" data-end=\"1687\">V\u0103n ph\u00f2ng l\u00e0m vi\u1ec7c<\/strong>, ph\u00f2ng h\u1ecdp, h\u00e0nh lang<\/p>\n<\/li>\n<li class=\"\" data-start=\"1712\" data-end=\"1757\">\n<p class=\"\" data-start=\"1714\" data-end=\"1757\"><strong data-start=\"1714\" data-end=\"1745\">Showroom, trung t\u00e2m \u0111\u00e0o t\u1ea1o<\/strong>, th\u01b0 vi\u1ec7n<\/p>\n<\/li>\n<li class=\"\" data-start=\"1758\" data-end=\"1796\">\n<p class=\"\" data-start=\"1760\" data-end=\"1796\"><strong data-start=\"1760\" data-end=\"1794\">Kh\u00e1ch s\u1ea1n, h\u00e0nh lang c\u00f4ng c\u1ed9ng<\/strong><\/p>\n<\/li>\n<li class=\"\" data-start=\"1797\" data-end=\"1831\">\n<p class=\"\" data-start=\"1799\" data-end=\"1831\"><strong data-start=\"1799\" data-end=\"1831\">Ph\u00f2ng kh\u00e1ch, c\u0103n h\u1ed9 hi\u1ec7n \u0111\u1ea1i<\/strong><\/p>\n<\/li>\n<\/ul>\n","protected":false},"excerpt":{"rendered":"<h3 class=\"\" data-start=\"1251\" data-end=\"1288\">\u00a0<strong data-start=\"1258\" data-end=\"1288\">Th\u00f4ng s\u1ed1 k\u1ef9 thu\u1eadt s\u1ea3n ph\u1ea9m<\/strong><\/h3>\n<ul data-start=\"1290\" data-end=\"1558\">\n<li class=\"\" data-start=\"1290\" data-end=\"1327\">\n<p class=\"\" data-start=\"1292\" data-end=\"1327\"><strong data-start=\"1292\" data-end=\"1307\">M\u00e3 s\u1ea3n ph\u1ea9m<\/strong>: Economy Sunny 02<\/p>\n<\/li>\n<li class=\"\" data-start=\"1328\" data-end=\"1363\">\n<p class=\"\" data-start=\"1330\" data-end=\"1363\"><strong data-start=\"1330\" data-end=\"1348\">K\u00edch th\u01b0\u1edbc t\u1ea5m<\/strong>: 50cm x 50cm<\/p>\n<\/li>\n<li class=\"\" data-start=\"1364\" data-end=\"1397\">\n<p class=\"\" data-start=\"1366\" data-end=\"1397\"><strong data-start=\"1366\" data-end=\"1377\">\u0110\u1ebf th\u1ea3m<\/strong>: Bitumen ch\u1ed1ng \u1ea9m<\/p>\n<\/li>\n<li class=\"\" data-start=\"1398\" data-end=\"1439\">\n<p class=\"\" data-start=\"1400\" data-end=\"1439\"><strong data-start=\"1400\" data-end=\"1417\">Ch\u1ea5t li\u1ec7u s\u1ee3i<\/strong>: Polypropylene (PP)<\/p>\n<\/li>\n<li class=\"\" data-start=\"1440\" data-end=\"1471\">\n<p class=\"\" data-start=\"1442\" data-end=\"1471\"><strong data-start=\"1442\" data-end=\"1461\">\u0110\u1ed9 d\u00e0y t\u1ed5ng th\u1ec3<\/strong>: ~6\u20137mm<\/p>\n<\/li>\n<li class=\"\" data-start=\"1472\" data-end=\"1514\">\n<p class=\"\" data-start=\"1474\" data-end=\"1514\"><strong data-start=\"1474\" data-end=\"1486\">Ki\u1ec3u d\u1ec7t<\/strong>: V\u00e2n v\u00f2ng \u0111\u1ec1u (loop pile)<\/p>\n<\/li>\n<li class=\"\" data-start=\"1515\" data-end=\"1558\">\n<p class=\"\" data-start=\"1517\" data-end=\"1558\"><strong data-start=\"1517\" data-end=\"1536\">M\u00e0u s\u1eafc th\u1ef1c t\u1ebf<\/strong>: Be v\u00e0ng ph\u1ed1i ghi \u0111\u1eadm<\/p>\n<\/li>\n<\/ul>\n","protected":false},"featured_media":992,"comment_status":"open","ping_status":"closed","template":"","meta":[],"product_cat":[234],"product_tag":[235,236,240,237],"class_list":{"0":"post-998","1":"product","2":"type-product","3":"status-publish","4":"has-post-thumbnail","6":"product_cat-tham-tam-sunny","7":"product_tag-tham-tam-de-nhua-bitumen","8":"product_tag-tham-tam-o-vuong-van-phong","9":"product_tag-tham-tam-sunny02","10":"product_tag-tham-trai-san-dang-tam-gia-tot","12":"first","13":"instock","14":"sale","15":"shipping-taxable","16":"purchasable","17":"product-type-simple"},"yoast_head":"<!-- This site is optimized with the Yoast SEO Premium plugin v20.12 (Yoast SEO v20.12) - https:\/\/yoast.com\/wordpress\/plugins\/seo\/ -->\n<title>Th\u1ea3m t\u1ea5m \u0111\u1ebf nh\u1ef1a Sunny 02 gi\u00e1 r\u1ebb h\u00e0ng \u0111\u1ea7u mi\u1ec1n B\u1eafc<\/title>\n<meta name=\"description\" content=\"Th\u1ea3m t\u1ea5m \u0111\u1ebf nh\u1ef1a Sunny l\u00e0 s\u1ea3n ph\u1ea9m th\u1ea3m tr\u1ea3i cho v\u0103n ph\u00f2ng, c\u00f4ng s\u1edf ph\u00f9 h\u1ee3p v\u1edbi ti\u00eau ch\u00ed r\u1ebb, d\u1ec5 d\u00e0ng s\u1eed d\u1ee5ng hay thay th\u1ebf, \u0111em la\u1ecb hi\u1ec3u qu\u1ea3 cao\" \/>\n<meta name=\"robots\" content=\"index, follow, max-snippet:-1, max-image-preview:large, max-video-preview:-1\" \/>\n<link rel=\"canonical\" href=\"https:\/\/thamtraisanvanphong.com.vn\/?product=tham-tam-de-nhua-sunny-02\" \/>\n<meta property=\"og:locale\" content=\"vi_VN\" \/>\n<meta property=\"og:type\" content=\"article\" \/>\n<meta property=\"og:title\" content=\"Th\u1ea3m t\u1ea5m \u0111\u1ebf nh\u1ef1a Sunny 02\" \/>\n<meta property=\"og:description\" content=\"Th\u1ea3m t\u1ea5m \u0111\u1ebf nh\u1ef1a Sunny l\u00e0 s\u1ea3n ph\u1ea9m th\u1ea3m tr\u1ea3i cho v\u0103n ph\u00f2ng, c\u00f4ng s\u1edf ph\u00f9 h\u1ee3p v\u1edbi ti\u00eau ch\u00ed r\u1ebb, d\u1ec5 d\u00e0ng s\u1eed d\u1ee5ng hay thay th\u1ebf, \u0111em la\u1ecb hi\u1ec3u qu\u1ea3 cao\" \/>\n<meta property=\"og:url\" content=\"https:\/\/thamtraisanvanphong.com.vn\/?product=tham-tam-de-nhua-sunny-02\" \/>\n<meta property=\"og:site_name\" content=\"Thamtraisan\" \/>\n<meta property=\"article:modified_time\" content=\"2026-04-23T03:55:35+00:00\" \/>\n<meta property=\"og:image\" content=\"https:\/\/thamtraisanvanphong.com.vn\/wp-content\/uploads\/2026\/04\/tham-tam-sunny02.png\" \/>\n\t<meta property=\"og:image:width\" content=\"767\" \/>\n\t<meta property=\"og:image:height\" content=\"756\" \/>\n\t<meta property=\"og:image:type\" content=\"image\/png\" \/>\n<meta name=\"twitter:card\" content=\"summary_large_image\" \/>\n<meta name=\"twitter:label1\" content=\"\u01af\u1edbc t\u00ednh th\u1eddi gian \u0111\u1ecdc\" \/>\n\t<meta name=\"twitter:data1\" content=\"2 ph\u00fat\" \/>\n<script type=\"application\/ld+json\" class=\"yoast-schema-graph\">{\"@context\":\"https:\/\/schema.org\",\"@graph\":[{\"@type\":\"WebPage\",\"@id\":\"https:\/\/thamtraisanvanphong.com.vn\/?product=tham-tam-de-nhua-sunny-02\",\"url\":\"https:\/\/thamtraisanvanphong.com.vn\/?product=tham-tam-de-nhua-sunny-02\",\"name\":\"Th\u1ea3m t\u1ea5m \u0111\u1ebf nh\u1ef1a Sunny 02 gi\u00e1 r\u1ebb h\u00e0ng \u0111\u1ea7u mi\u1ec1n B\u1eafc\",\"isPartOf\":{\"@id\":\"https:\/\/thamtraisanvanphong.com.vn\/#website\"},\"datePublished\":\"2026-04-23T03:47:54+00:00\",\"dateModified\":\"2026-04-23T03:55:35+00:00\",\"description\":\"Th\u1ea3m t\u1ea5m \u0111\u1ebf nh\u1ef1a Sunny l\u00e0 s\u1ea3n ph\u1ea9m th\u1ea3m tr\u1ea3i cho v\u0103n ph\u00f2ng, c\u00f4ng s\u1edf ph\u00f9 h\u1ee3p v\u1edbi ti\u00eau ch\u00ed r\u1ebb, d\u1ec5 d\u00e0ng s\u1eed d\u1ee5ng hay thay th\u1ebf, \u0111em la\u1ecb hi\u1ec3u qu\u1ea3 cao\",\"breadcrumb\":{\"@id\":\"https:\/\/thamtraisanvanphong.com.vn\/?product=tham-tam-de-nhua-sunny-02#breadcrumb\"},\"inLanguage\":\"vi\",\"potentialAction\":[{\"@type\":\"ReadAction\",\"target\":[\"https:\/\/thamtraisanvanphong.com.vn\/?product=tham-tam-de-nhua-sunny-02\"]}]},{\"@type\":\"BreadcrumbList\",\"@id\":\"https:\/\/thamtraisanvanphong.com.vn\/?product=tham-tam-de-nhua-sunny-02#breadcrumb\",\"itemListElement\":[{\"@type\":\"ListItem\",\"position\":1,\"name\":\"Home\",\"item\":\"https:\/\/thamtraisanvanphong.com.vn\/\"},{\"@type\":\"ListItem\",\"position\":2,\"name\":\"C\u1eeda h\u00e0ng\",\"item\":\"https:\/\/thamtraisanvanphong.com.vn\/?page_id=10\"},{\"@type\":\"ListItem\",\"position\":3,\"name\":\"Th\u1ea3m t\u1ea5m \u0111\u1ebf nh\u1ef1a Sunny 02\"}]},{\"@type\":\"WebSite\",\"@id\":\"https:\/\/thamtraisanvanphong.com.vn\/#website\",\"url\":\"https:\/\/thamtraisanvanphong.com.vn\/\",\"name\":\"Thamtraisan\",\"description\":\"Thamtraisangiare\",\"potentialAction\":[{\"@type\":\"SearchAction\",\"target\":{\"@type\":\"EntryPoint\",\"urlTemplate\":\"https:\/\/thamtraisanvanphong.com.vn\/?s={search_term_string}\"},\"query-input\":\"required name=search_term_string\"}],\"inLanguage\":\"vi\"}]}<\/script>\n<!-- \/ Yoast SEO Premium plugin. -->","yoast_head_json":{"title":"Th\u1ea3m t\u1ea5m \u0111\u1ebf nh\u1ef1a Sunny 02 gi\u00e1 r\u1ebb h\u00e0ng \u0111\u1ea7u mi\u1ec1n B\u1eafc","description":"Th\u1ea3m t\u1ea5m \u0111\u1ebf nh\u1ef1a Sunny l\u00e0 s\u1ea3n ph\u1ea9m th\u1ea3m tr\u1ea3i cho v\u0103n ph\u00f2ng, c\u00f4ng s\u1edf ph\u00f9 h\u1ee3p v\u1edbi ti\u00eau ch\u00ed r\u1ebb, d\u1ec5 d\u00e0ng s\u1eed d\u1ee5ng hay thay th\u1ebf, \u0111em la\u1ecb hi\u1ec3u qu\u1ea3 cao","robots":{"index":"index","follow":"follow","max-snippet":"max-snippet:-1","max-image-preview":"max-image-preview:large","max-video-preview":"max-video-preview:-1"},"canonical":"https:\/\/thamtraisanvanphong.com.vn\/?product=tham-tam-de-nhua-sunny-02","og_locale":"vi_VN","og_type":"article","og_title":"Th\u1ea3m t\u1ea5m \u0111\u1ebf nh\u1ef1a Sunny 02","og_description":"Th\u1ea3m t\u1ea5m \u0111\u1ebf nh\u1ef1a Sunny l\u00e0 s\u1ea3n ph\u1ea9m th\u1ea3m tr\u1ea3i cho v\u0103n ph\u00f2ng, c\u00f4ng s\u1edf ph\u00f9 h\u1ee3p v\u1edbi ti\u00eau ch\u00ed r\u1ebb, d\u1ec5 d\u00e0ng s\u1eed d\u1ee5ng hay thay th\u1ebf, \u0111em la\u1ecb hi\u1ec3u qu\u1ea3 cao","og_url":"https:\/\/thamtraisanvanphong.com.vn\/?product=tham-tam-de-nhua-sunny-02","og_site_name":"Thamtraisan","article_modified_time":"2026-04-23T03:55:35+00:00","og_image":[{"width":767,"height":756,"url":"https:\/\/thamtraisanvanphong.com.vn\/wp-content\/uploads\/2026\/04\/tham-tam-sunny02.png","type":"image\/png"}],"twitter_card":"summary_large_image","twitter_misc":{"\u01af\u1edbc t\u00ednh th\u1eddi gian \u0111\u1ecdc":"2 ph\u00fat"},"schema":{"@context":"https:\/\/schema.org","@graph":[{"@type":"WebPage","@id":"https:\/\/thamtraisanvanphong.com.vn\/?product=tham-tam-de-nhua-sunny-02","url":"https:\/\/thamtraisanvanphong.com.vn\/?product=tham-tam-de-nhua-sunny-02","name":"Th\u1ea3m t\u1ea5m \u0111\u1ebf nh\u1ef1a Sunny 02 gi\u00e1 r\u1ebb h\u00e0ng \u0111\u1ea7u mi\u1ec1n B\u1eafc","isPartOf":{"@id":"https:\/\/thamtraisanvanphong.com.vn\/#website"},"datePublished":"2026-04-23T03:47:54+00:00","dateModified":"2026-04-23T03:55:35+00:00","description":"Th\u1ea3m t\u1ea5m \u0111\u1ebf nh\u1ef1a Sunny l\u00e0 s\u1ea3n ph\u1ea9m th\u1ea3m tr\u1ea3i cho v\u0103n ph\u00f2ng, c\u00f4ng s\u1edf ph\u00f9 h\u1ee3p v\u1edbi ti\u00eau ch\u00ed r\u1ebb, d\u1ec5 d\u00e0ng s\u1eed d\u1ee5ng hay thay th\u1ebf, \u0111em la\u1ecb hi\u1ec3u qu\u1ea3 cao","breadcrumb":{"@id":"https:\/\/thamtraisanvanphong.com.vn\/?product=tham-tam-de-nhua-sunny-02#breadcrumb"},"inLanguage":"vi","potentialAction":[{"@type":"ReadAction","target":["https:\/\/thamtraisanvanphong.com.vn\/?product=tham-tam-de-nhua-sunny-02"]}]},{"@type":"BreadcrumbList","@id":"https:\/\/thamtraisanvanphong.com.vn\/?product=tham-tam-de-nhua-sunny-02#breadcrumb","itemListElement":[{"@type":"ListItem","position":1,"name":"Home","item":"https:\/\/thamtraisanvanphong.com.vn\/"},{"@type":"ListItem","position":2,"name":"C\u1eeda h\u00e0ng","item":"https:\/\/thamtraisanvanphong.com.vn\/?page_id=10"},{"@type":"ListItem","position":3,"name":"Th\u1ea3m t\u1ea5m \u0111\u1ebf nh\u1ef1a Sunny 02"}]},{"@type":"WebSite","@id":"https:\/\/thamtraisanvanphong.com.vn\/#website","url":"https:\/\/thamtraisanvanphong.com.vn\/","name":"Thamtraisan","description":"Thamtraisangiare","potentialAction":[{"@type":"SearchAction","target":{"@type":"EntryPoint","urlTemplate":"https:\/\/thamtraisanvanphong.com.vn\/?s={search_term_string}"},"query-input":"required name=search_term_string"}],"inLanguage":"vi"}]}},"_links":{"self":[{"href":"https:\/\/thamtraisanvanphong.com.vn\/index.php?rest_route=\/wp\/v2\/product\/998","targetHints":{"allow":["GET"]}}],"collection":[{"href":"https:\/\/thamtraisanvanphong.com.vn\/index.php?rest_route=\/wp\/v2\/product"}],"about":[{"href":"https:\/\/thamtraisanvanphong.com.vn\/index.php?rest_route=\/wp\/v2\/types\/product"}],"replies":[{"embeddable":true,"href":"https:\/\/thamtraisanvanphong.com.vn\/index.php?rest_route=%2Fwp%2Fv2%2Fcomments&post=998"}],"wp:featuredmedia":[{"embeddable":true,"href":"https:\/\/thamtraisanvanphong.com.vn\/index.php?rest_route=\/wp\/v2\/media\/992"}],"wp:attachment":[{"href":"https:\/\/thamtraisanvanphong.com.vn\/index.php?rest_route=%2Fwp%2Fv2%2Fmedia&parent=998"}],"wp:term":[{"taxonomy":"product_cat","embeddable":true,"href":"https:\/\/thamtraisanvanphong.com.vn\/index.php?rest_route=%2Fwp%2Fv2%2Fproduct_cat&post=998"},{"taxonomy":"product_tag","embeddable":true,"href":"https:\/\/thamtraisanvanphong.com.vn\/index.php?rest_route=%2Fwp%2Fv2%2Fproduct_tag&post=998"}],"curies":[{"name":"wp","href":"https:\/\/api.w.org\/{rel}","templated":true}]}}